{"id":1001410250,"date":"2026-01-23T12:25:05","date_gmt":"2026-01-23T11:25:05","guid":{"rendered":"https:\/\/www.rupes.com\/?post_type=product&#038;p=1001410250"},"modified":"2026-01-23T12:25:06","modified_gmt":"2026-01-23T11:25:06","slug":"smartfix-double-sided-coarse-foam-pad","status":"publish","type":"product","link":"https:\/\/www.rupes.com\/it\/product\/smartfix-double-sided-coarse-foam-pad\/","title":{"rendered":"SMARTFIX Double-Sided Coarse Foam Pad"},"content":{"rendered":"","protected":false},"featured_media":0,"template":"","meta":{"_acf_changed":true},"categoryproduct":[888965156,888965161],"class_list":["post-1001410250","product","type-product","status-publish","hentry","category_product-consumables","category_product-consumables-polishing-pads"],"acf":{"product_codice":"9.DSF180HH","scheda_nuova":true,"contact_form":true,"attiva_flag_new_product":true,"attiva_voice_speech":false,"product_home":"0","attiva_special_message":"disattivo","product_titolo_it":"Tampone SMARTFIX Double-Sided Coarse in spugna","product_titolo_de":"SMARTFIX Double-Sided Coarse Foam Pad","product_titolo_fr":"SMARTFIX Double-Sided Coarse Foam Pad","product_titolo_es":"SMARTFIX Double-Sided Coarse Foam Pad","product_descrizione_en":"<p>The SMARTFIX Coarse Foam Pad is the most aggressive pad in our Double Side foams range. Made from a new high-performance blue foam, it has been specifically engineered to deliver the best results when used with a double side system. This pad ensures powerful defect removal and fast elimination of severe imperfections and sanding marks on painted surfaces. Thanks to its waffle face design, the pad provides excellent rotational stability while minimizing heat build-up generated by rotary motion.<\/p>\n<p>The unique structure also enhances polishing comfort, as the waffle pattern reduces the total surface contact, keeping the pad working at cooler temperatures and lowering the risk of overheating the paint. The SMARTFIX Coarse Foam Pad is designed to work seamlessly with the BigFoot LH19E and any other rotary polisher. For maximum cutting performance, we recommend pairing it with our Rotary Coarse Compound or XC2 or with new Rupes marine compounds XC100 and XC300.<\/p>\n","product_descrizione_it":"<p>Il tampone SMARTFIX Double-sided Coarse in spugna \u00e8 il pi\u00f9 aggressivo della gamma di spugne Double-Sided. Realizzato con una nuova spugna blu ad alte prestazioni, \u00e8 progettato per offrire i migliori risultati con il sistema a doppia faccia. Garantisce una rimozione potente dei difetti e un\u2019eliminazione rapida delle imperfezioni gravi e dei segni di carteggiatura sulle superfici verniciate. Grazie al design a onde, offre un\u2019eccellente stabilit\u00e0 di rotazione riducendo al minimo l\u2019accumulo di calore generato dal movimento rotativo.<\/p>\n<p>La struttura migliora anche il comfort di lucidatura: il motivo a onde riduce la superficie di contatto, mantenendo il tampone pi\u00f9 fresco e limitando il rischio di surriscaldare la vernice. Il tampone SMARTFIX Double-sided Coarse in spugna lavora in perfetta sinergia con la BigFoot LH19E e con qualsiasi lucidatrice rotativa. Per prestazioni di taglio ottimali, si consiglia l\u2019abbinamento con la pasta abrasiva per rotativa Coarse XC2 o con le paste marine RUPES MARINE XC-100 e XC-300.<\/p>\n","product_descrizione_de":"<p>The SMARTFIX Coarse Foam Pad is the most aggressive pad in our Double Side foams range. Made from a new high-performance blue foam, it has been specifically engineered to deliver the best results when used with a double side system. This pad ensures powerful defect removal and fast elimination of severe imperfections and sanding marks on painted surfaces. Thanks to its waffle face design, the pad provides excellent rotational stability while minimizing heat build-up generated by rotary motion. The unique structure also enhances polishing comfort, as the waffle pattern reduces the total surface contact, keeping the pad working at cooler temperatures and lowering the risk of overheating the paint. The SMARTFIX Coarse Foam Pad is designed to work seamlessly with the BigFoot LH19E and any other rotary polisher. For maximum cutting performance, we recommend pairing it with our Rotary Coarse Compound or XC2 or with new Rupes marine compounds XC100 and XC300.<\/p>\n","product_descrizione_fr":"<p>Le SMARTFIX Coarse Foam Pad est le tampon le plus agressif de la gamme double face. Fabriqu\u00e9 avec une nouvelle mousse bleue haute performance, il est con\u00e7u pour offrir les meilleurs r\u00e9sultats sur les syst\u00e8mes double face. Il assure une \u00e9limination rapide et puissante des d\u00e9fauts, des imperfections profondes et des traces de pon\u00e7age sur les surfaces peintes. Gr\u00e2ce \u00e0 sa surface ondul\u00e9e, il offre une excellente stabilit\u00e9 rotative tout en r\u00e9duisant la chaleur g\u00e9n\u00e9r\u00e9e par le mouvement rotatif. Cette structure am\u00e9liore \u00e9galement le confort d\u2019utilisation, car le motif en vagues diminue le contact avec la surface, maintenant la temp\u00e9rature plus basse et limitant le risque de surchauffe de la peinture. Le SMARTFIX Coarse Foam Pad fonctionne parfaitement avec la BigFoot LH19E et la plupart des polisseuses rotatives. Pour un rendement de coupe optimal, il est recommand\u00e9 de l\u2019utiliser avec les p\u00e2tes abrasives Rotary Coarse Compound, XC2 ou les compos\u00e9s marins RUPES MARINE XC-100 et RUPES MARINE XC-300.<\/p>\n","product_descrizione_es":"<p>La SMARTFIX Coarse Foam Pad es la esponja m\u00e1s agresiva de la gama de doble cara. Fabricada con una nueva espuma azul de alto rendimiento, est\u00e1 dise\u00f1ada para ofrecer los mejores resultados en sistemas de doble cara. Garantiza una eliminaci\u00f3n potente y r\u00e1pida de defectos, imperfecciones graves y marcas de lijado en superficies pintadas. Su dise\u00f1o con superficie en ondas ofrece gran estabilidad rotacional y reduce la acumulaci\u00f3n de calor generada por el movimiento rotativo. Adem\u00e1s, mejora el confort de uso, ya que el patr\u00f3n en ondas disminuye el contacto con la superficie, manteniendo la temperatura baja y evitando el sobrecalentamiento de la pintura. La SMARTFIX Coarse Foam Pad es compatible con la BigFoot LH19E y la mayor\u00eda de las pulidoras rotativas. Para un rendimiento de corte \u00f3ptimo, se recomienda usarla con nuestras pastas abrasivas XC2 o con los compuestos marinos RUPES MARINE XC-100 y RUPES MARINE XC-300.<\/p>\n","product_scheda_en":"","product_scheda_it":"","product_scheda_de":"","product_scheda_fr":"","product_scheda_es":"","thumb":false,"gallery":[{"ID":1001410281,"id":1001410281,"title":"SMARTFIX_COARSE_02","filename":"SMARTFIX_COARSE_02.jpg","filesize":208088,"url":"https:\/\/www.rupes.com\/wp-content\/uploads\/2026\/01\/SMARTFIX_COARSE_02.jpg","link":"https:\/\/www.rupes.com\/it\/product\/smartfix-double-sided-coarse-foam-pad\/smartfix_coarse_02-2\/","alt":"","author":"1","description":"","caption":"","name":"smartfix_coarse_02-2","status":"inherit","uploaded_to":1001410250,"date":"2026-01-23 11:24:51","modified":"2026-01-23 11:24:51","menu_order":0,"mime_type":"image\/jpeg","type":"image","subtype":"jpeg","icon":"https:\/\/www.rupes.com\/wp-includes\/images\/media\/default.png","width":1254,"height":804,"sizes":{"thumbnail":"https:\/\/www.rupes.com\/wp-content\/uploads\/2026\/01\/SMARTFIX_COARSE_02-150x150.jpg","thumbnail-width":150,"thumbnail-height":150,"medium":"https:\/\/www.rupes.com\/wp-content\/uploads\/2026\/01\/SMARTFIX_COARSE_02-300x192.jpg","medium-width":300,"medium-height":192,"medium_large":"https:\/\/www.rupes.com\/wp-content\/uploads\/2026\/01\/SMARTFIX_COARSE_02-768x492.jpg","medium_large-width":768,"medium_large-height":492,"large":"https:\/\/www.rupes.com\/wp-content\/uploads\/2026\/01\/SMARTFIX_COARSE_02-1024x657.jpg","large-width":1024,"large-height":657,"1536x1536":"https:\/\/www.rupes.com\/wp-content\/uploads\/2026\/01\/SMARTFIX_COARSE_02.jpg","1536x1536-width":1254,"1536x1536-height":804,"2048x2048":"https:\/\/www.rupes.com\/wp-content\/uploads\/2026\/01\/SMARTFIX_COARSE_02.jpg","2048x2048-width":1254,"2048x2048-height":804,"thumb_news":"https:\/\/www.rupes.com\/wp-content\/uploads\/2026\/01\/SMARTFIX_COARSE_02-350x200.jpg","thumb_news-width":350,"thumb_news-height":200,"boxhome_small":"https:\/\/www.rupes.com\/wp-content\/uploads\/2026\/01\/SMARTFIX_COARSE_02-200x100.jpg","boxhome_small-width":200,"boxhome_small-height":100,"boxhome_medium":"https:\/\/www.rupes.com\/wp-content\/uploads\/2026\/01\/SMARTFIX_COARSE_02-300x150.jpg","boxhome_medium-width":300,"boxhome_medium-height":150,"boxhome_large":"https:\/\/www.rupes.com\/wp-content\/uploads\/2026\/01\/SMARTFIX_COARSE_02-450x200.jpg","boxhome_large-width":450,"boxhome_large-height":200,"boxproducts_large":"https:\/\/www.rupes.com\/wp-content\/uploads\/2026\/01\/SMARTFIX_COARSE_02-1254x700.jpg","boxproducts_large-width":1254,"boxproducts_large-height":700,"boxproducts_midlarge":"https:\/\/www.rupes.com\/wp-content\/uploads\/2026\/01\/SMARTFIX_COARSE_02-1254x560.jpg","boxproducts_midlarge-width":1254,"boxproducts_midlarge-height":560,"boxproducts_medium":"https:\/\/www.rupes.com\/wp-content\/uploads\/2026\/01\/SMARTFIX_COARSE_02-1024x450.jpg","boxproducts_medium-width":1024,"boxproducts_medium-height":450,"boxproducts_small":"https:\/\/www.rupes.com\/wp-content\/uploads\/2026\/01\/SMARTFIX_COARSE_02-700x305.jpg","boxproducts_small-width":700,"boxproducts_small-height":305,"boxproducts_mobile":"https:\/\/www.rupes.com\/wp-content\/uploads\/2026\/01\/SMARTFIX_COARSE_02-400x175.jpg","boxproducts_mobile-width":400,"boxproducts_mobile-height":175,"product_thumb":"https:\/\/www.rupes.com\/wp-content\/uploads\/2026\/01\/SMARTFIX_COARSE_02-300x192.jpg","product_thumb-width":300,"product_thumb-height":192,"product_home":"https:\/\/www.rupes.com\/wp-content\/uploads\/2026\/01\/SMARTFIX_COARSE_02-1200x700.jpg","product_home-width":1200,"product_home-height":700,"gallery_first":"https:\/\/www.rupes.com\/wp-content\/uploads\/2026\/01\/SMARTFIX_COARSE_02-780x500.jpg","gallery_first-width":780,"gallery_first-height":500,"gallery_thumb":"https:\/\/www.rupes.com\/wp-content\/uploads\/2026\/01\/SMARTFIX_COARSE_02-105x67.jpg","gallery_thumb-width":105,"gallery_thumb-height":67,"category_image":"https:\/\/www.rupes.com\/wp-content\/uploads\/2026\/01\/SMARTFIX_COARSE_02-200x128.jpg","category_image-width":200,"category_image-height":128,"category_thumb":"https:\/\/www.rupes.com\/wp-content\/uploads\/2026\/01\/SMARTFIX_COARSE_02-100x64.jpg","category_thumb-width":100,"category_thumb-height":64}},{"ID":1001410276,"id":1001410276,"title":"SMARTFIX_COARSE","filename":"SMARTFIX_COARSE.jpg","filesize":149509,"url":"https:\/\/www.rupes.com\/wp-content\/uploads\/2026\/01\/SMARTFIX_COARSE.jpg","link":"https:\/\/www.rupes.com\/it\/product\/smartfix-double-sided-coarse-foam-pad\/smartfix_coarse-2\/","alt":"","author":"1","description":"","caption":"","name":"smartfix_coarse-2","status":"inherit","uploaded_to":1001410250,"date":"2026-01-23 11:24:47","modified":"2026-01-23 11:24:47","menu_order":0,"mime_type":"image\/jpeg","type":"image","subtype":"jpeg","icon":"https:\/\/www.rupes.com\/wp-includes\/images\/media\/default.png","width":1254,"height":804,"sizes":{"thumbnail":"https:\/\/www.rupes.com\/wp-content\/uploads\/2026\/01\/SMARTFIX_COARSE-150x150.jpg","thumbnail-width":150,"thumbnail-height":150,"medium":"https:\/\/www.rupes.com\/wp-content\/uploads\/2026\/01\/SMARTFIX_COARSE-300x192.jpg","medium-width":300,"medium-height":192,"medium_large":"https:\/\/www.rupes.com\/wp-content\/uploads\/2026\/01\/SMARTFIX_COARSE-768x492.jpg","medium_large-width":768,"medium_large-height":492,"large":"https:\/\/www.rupes.com\/wp-content\/uploads\/2026\/01\/SMARTFIX_COARSE-1024x657.jpg","large-width":1024,"large-height":657,"1536x1536":"https:\/\/www.rupes.com\/wp-content\/uploads\/2026\/01\/SMARTFIX_COARSE.jpg","1536x1536-width":1254,"1536x1536-height":804,"2048x2048":"https:\/\/www.rupes.com\/wp-content\/uploads\/2026\/01\/SMARTFIX_COARSE.jpg","2048x2048-width":1254,"2048x2048-height":804,"thumb_news":"https:\/\/www.rupes.com\/wp-content\/uploads\/2026\/01\/SMARTFIX_COARSE-350x200.jpg","thumb_news-width":350,"thumb_news-height":200,"boxhome_small":"https:\/\/www.rupes.com\/wp-content\/uploads\/2026\/01\/SMARTFIX_COARSE-200x100.jpg","boxhome_small-width":200,"boxhome_small-height":100,"boxhome_medium":"https:\/\/www.rupes.com\/wp-content\/uploads\/2026\/01\/SMARTFIX_COARSE-300x150.jpg","boxhome_medium-width":300,"boxhome_medium-height":150,"boxhome_large":"https:\/\/www.rupes.com\/wp-content\/uploads\/2026\/01\/SMARTFIX_COARSE-450x200.jpg","boxhome_large-width":450,"boxhome_large-height":200,"boxproducts_large":"https:\/\/www.rupes.com\/wp-content\/uploads\/2026\/01\/SMARTFIX_COARSE-1254x700.jpg","boxproducts_large-width":1254,"boxproducts_large-height":700,"boxproducts_midlarge":"https:\/\/www.rupes.com\/wp-content\/uploads\/2026\/01\/SMARTFIX_COARSE-1254x560.jpg","boxproducts_midlarge-width":1254,"boxproducts_midlarge-height":560,"boxproducts_medium":"https:\/\/www.rupes.com\/wp-content\/uploads\/2026\/01\/SMARTFIX_COARSE-1024x450.jpg","boxproducts_medium-width":1024,"boxproducts_medium-height":450,"boxproducts_small":"https:\/\/www.rupes.com\/wp-content\/uploads\/2026\/01\/SMARTFIX_COARSE-700x305.jpg","boxproducts_small-width":700,"boxproducts_small-height":305,"boxproducts_mobile":"https:\/\/www.rupes.com\/wp-content\/uploads\/2026\/01\/SMARTFIX_COARSE-400x175.jpg","boxproducts_mobile-width":400,"boxproducts_mobile-height":175,"product_thumb":"https:\/\/www.rupes.com\/wp-content\/uploads\/2026\/01\/SMARTFIX_COARSE-300x192.jpg","product_thumb-width":300,"product_thumb-height":192,"product_home":"https:\/\/www.rupes.com\/wp-content\/uploads\/2026\/01\/SMARTFIX_COARSE-1200x700.jpg","product_home-width":1200,"product_home-height":700,"gallery_first":"https:\/\/www.rupes.com\/wp-content\/uploads\/2026\/01\/SMARTFIX_COARSE-780x500.jpg","gallery_first-width":780,"gallery_first-height":500,"gallery_thumb":"https:\/\/www.rupes.com\/wp-content\/uploads\/2026\/01\/SMARTFIX_COARSE-105x67.jpg","gallery_thumb-width":105,"gallery_thumb-height":67,"category_image":"https:\/\/www.rupes.com\/wp-content\/uploads\/2026\/01\/SMARTFIX_COARSE-200x128.jpg","category_image-width":200,"category_image-height":128,"category_thumb":"https:\/\/www.rupes.com\/wp-content\/uploads\/2026\/01\/SMARTFIX_COARSE-100x64.jpg","category_thumb-width":100,"category_thumb-height":64}},{"ID":1001410271,"id":1001410271,"title":"Applicativa_COARSE","filename":"Applicativa_COARSE.jpg","filesize":454649,"url":"https:\/\/www.rupes.com\/wp-content\/uploads\/2026\/01\/Applicativa_COARSE.jpg","link":"https:\/\/www.rupes.com\/it\/product\/smartfix-double-sided-coarse-foam-pad\/applicativa_coarse-2\/","alt":"","author":"1","description":"","caption":"","name":"applicativa_coarse-2","status":"inherit","uploaded_to":1001410250,"date":"2026-01-23 11:24:42","modified":"2026-01-23 11:24:42","menu_order":0,"mime_type":"image\/jpeg","type":"image","subtype":"jpeg","icon":"https:\/\/www.rupes.com\/wp-includes\/images\/media\/default.png","width":1974,"height":1316,"sizes":{"thumbnail":"https:\/\/www.rupes.com\/wp-content\/uploads\/2026\/01\/Applicativa_COARSE-150x150.jpg","thumbnail-width":150,"thumbnail-height":150,"medium":"https:\/\/www.rupes.com\/wp-content\/uploads\/2026\/01\/Applicativa_COARSE-300x200.jpg","medium-width":300,"medium-height":200,"medium_large":"https:\/\/www.rupes.com\/wp-content\/uploads\/2026\/01\/Applicativa_COARSE-768x512.jpg","medium_large-width":768,"medium_large-height":512,"large":"https:\/\/www.rupes.com\/wp-content\/uploads\/2026\/01\/Applicativa_COARSE-1024x683.jpg","large-width":1024,"large-height":683,"1536x1536":"https:\/\/www.rupes.com\/wp-content\/uploads\/2026\/01\/Applicativa_COARSE-1536x1024.jpg","1536x1536-width":1536,"1536x1536-height":1024,"2048x2048":"https:\/\/www.rupes.com\/wp-content\/uploads\/2026\/01\/Applicativa_COARSE.jpg","2048x2048-width":1974,"2048x2048-height":1316,"thumb_news":"https:\/\/www.rupes.com\/wp-content\/uploads\/2026\/01\/Applicativa_COARSE-350x200.jpg","thumb_news-width":350,"thumb_news-height":200,"boxhome_small":"https:\/\/www.rupes.com\/wp-content\/uploads\/2026\/01\/Applicativa_COARSE-200x100.jpg","boxhome_small-width":200,"boxhome_small-height":100,"boxhome_medium":"https:\/\/www.rupes.com\/wp-content\/uploads\/2026\/01\/Applicativa_COARSE-300x150.jpg","boxhome_medium-width":300,"boxhome_medium-height":150,"boxhome_large":"https:\/\/www.rupes.com\/wp-content\/uploads\/2026\/01\/Applicativa_COARSE-450x200.jpg","boxhome_large-width":450,"boxhome_large-height":200,"boxproducts_large":"https:\/\/www.rupes.com\/wp-content\/uploads\/2026\/01\/Applicativa_COARSE-1600x700.jpg","boxproducts_large-width":1600,"boxproducts_large-height":700,"boxproducts_midlarge":"https:\/\/www.rupes.com\/wp-content\/uploads\/2026\/01\/Applicativa_COARSE-1280x560.jpg","boxproducts_midlarge-width":1280,"boxproducts_midlarge-height":560,"boxproducts_medium":"https:\/\/www.rupes.com\/wp-content\/uploads\/2026\/01\/Applicativa_COARSE-1024x450.jpg","boxproducts_medium-width":1024,"boxproducts_medium-height":450,"boxproducts_small":"https:\/\/www.rupes.com\/wp-content\/uploads\/2026\/01\/Applicativa_COARSE-700x305.jpg","boxproducts_small-width":700,"boxproducts_small-height":305,"boxproducts_mobile":"https:\/\/www.rupes.com\/wp-content\/uploads\/2026\/01\/Applicativa_COARSE-400x175.jpg","boxproducts_mobile-width":400,"boxproducts_mobile-height":175,"product_thumb":"https:\/\/www.rupes.com\/wp-content\/uploads\/2026\/01\/Applicativa_COARSE-300x200.jpg","product_thumb-width":300,"product_thumb-height":200,"product_home":"https:\/\/www.rupes.com\/wp-content\/uploads\/2026\/01\/Applicativa_COARSE-1200x700.jpg","product_home-width":1200,"product_home-height":700,"gallery_first":"https:\/\/www.rupes.com\/wp-content\/uploads\/2026\/01\/Applicativa_COARSE-750x500.jpg","gallery_first-width":750,"gallery_first-height":500,"gallery_thumb":"https:\/\/www.rupes.com\/wp-content\/uploads\/2026\/01\/Applicativa_COARSE-105x70.jpg","gallery_thumb-width":105,"gallery_thumb-height":70,"category_image":"https:\/\/www.rupes.com\/wp-content\/uploads\/2026\/01\/Applicativa_COARSE-200x133.jpg","category_image-width":200,"category_image-height":133,"category_thumb":"https:\/\/www.rupes.com\/wp-content\/uploads\/2026\/01\/Applicativa_COARSE-100x67.jpg","category_thumb-width":100,"category_thumb-height":67}}],"videos":false,"files":false,"product_b2b_code":"","product_b2b_pdf":"","code_usermanuals":"","code_usermanuals_usa":"","escludi_scheda_sicurezza":false,"blocco_dimensione":false,"varianti":false,"kit_vendita":false,"blocchi_prodotti_correlati":false,"seleziona_tag_notizie":false,"google_review_link":"","seleziona_le_recensioni":"","attiva_collegamento":false},"_links":{"self":[{"href":"https:\/\/www.rupes.com\/it\/wp-json\/wp\/v2\/products\/1001410250","targetHints":{"allow":["GET"]}}],"collection":[{"href":"https:\/\/www.rupes.com\/it\/wp-json\/wp\/v2\/products"}],"about":[{"href":"https:\/\/www.rupes.com\/it\/wp-json\/wp\/v2\/types\/product"}],"wp:attachment":[{"href":"https:\/\/www.rupes.com\/it\/wp-json\/wp\/v2\/media?parent=1001410250"}],"wp:term":[{"taxonomy":"category_product","embeddable":true,"href":"https:\/\/www.rupes.com\/it\/wp-json\/wp\/v2\/categoryproduct?post=1001410250"}],"curies":[{"name":"wp","href":"https:\/\/api.w.org\/{rel}","templated":true}]}}