{"id":1001407827,"date":"2024-08-28T11:42:39","date_gmt":"2024-08-28T09:42:39","guid":{"rendered":"https:\/\/www.rupes.com\/?post_type=product&#038;p=1001407827"},"modified":"2024-08-28T11:46:51","modified_gmt":"2024-08-28T09:46:51","slug":"george-rounded-sticker","status":"publish","type":"product","link":"https:\/\/www.rupes.com\/it\/product\/george-rounded-sticker\/","title":{"rendered":"George Rounded Sticker"},"content":{"rendered":"","protected":false},"featured_media":0,"template":"","meta":{"_acf_changed":true},"categoryproduct":[888965423,888965424],"class_list":["post-1001407827","product","type-product","status-publish","hentry","category_product-merchandising-visual","category_product-merchandising-various"],"acf":{"product_codice":"9.Z1183","scheda_nuova":true,"contact_form":true,"attiva_flag_new_product":true,"attiva_voice_speech":true,"product_home":"0","attiva_special_message":"disattivo","product_titolo_it":"Adesivo Rotondo George","product_titolo_de":"George Rounded Sticker","product_titolo_fr":"Autocollant George Rounded","product_titolo_es":"Pegatina redonda George","product_descrizione_en":"<p>George Rounded Sticker is crafted from transparent glossy monomeric adhesive film and showcases vibrant colors with a white reinforcement layer for added brilliance.<\/p>\n<p>Precision contour cut with a plotter, this sticker is packaged in bundles of 10.<\/p>\n<p>Dimensions: \u00d8 11 cm<\/p>\n","product_descrizione_it":"<p>L\u2019Adesivo Rotondo di George \u00e8 realizzato in pellicola adesiva trasparente e lucida e ha uno strato di rinforzo bianco per una maggiore brillantezza.<\/p>\n<p>Contornati con precisione tramite plotter, questo adesivo \u00e8 fornito in confezioni da 10.<\/p>\n<p>Dimensioni: \u00d8 11 cm<\/p>\n","product_descrizione_de":"<p>George Rounded Sticker ist aus transparentem, gl\u00e4nzendem monomerem Klebefilm gefertigt und zeigt leuchtende Farben mit einer wei\u00dfen Verst\u00e4rkungsschicht f\u00fcr zus\u00e4tzliche Brillanz.<\/p>\n<p>Dieser Sticker wurde mit einem Plotter pr\u00e4zise konturgeschnitten und ist in B\u00fcndeln zu je 10 St\u00fcck verpackt.<\/p>\n<p>Abmessungen: \u00d8 11 cm<\/p>\n","product_descrizione_fr":"<p>L&#8217;autocollant George Rounded est fabriqu\u00e9 \u00e0 partir d&#8217;un film adh\u00e9sif monom\u00e8re brillant transparent et pr\u00e9sente des couleurs vives avec une couche de renfort blanche pour plus de brillance.<\/p>\n<p>D\u00e9coup\u00e9 avec pr\u00e9cision au contour avec un traceur, cet autocollant est conditionn\u00e9 en paquets de 10.<\/p>\n<p>Dimensions : \u00d8 11 cm<\/p>\n","product_descrizione_es":"<p>La pegatina redonda George est\u00e1 fabricada con una pel\u00edcula adhesiva monom\u00e9rica transparente brillante y presenta colores vibrantes con una capa de refuerzo blanca para mayor brillo.<\/p>\n<p>Esta pegatina, cortada con precisi\u00f3n con un plotter, se presenta en paquetes de 10.<\/p>\n<p>Dimensiones: \u00d8 11 cm<\/p>\n","product_scheda_en":"","product_scheda_it":"","product_scheda_de":"","product_scheda_fr":"","product_scheda_es":"","thumb":false,"gallery":[{"ID":1001407831,"id":1001407831,"title":"george-rounded-sticker","filename":"george-rounded-sticker.jpg","filesize":139736,"url":"https:\/\/www.rupes.com\/wp-content\/uploads\/2024\/08\/george-rounded-sticker.jpg","link":"https:\/\/www.rupes.com\/it\/product\/george-rounded-sticker\/george-rounded-sticker-2\/","alt":"","author":"1","description":"","caption":"","name":"george-rounded-sticker-2","status":"inherit","uploaded_to":1001407827,"date":"2024-08-28 09:42:11","modified":"2024-08-28 09:42:33","menu_order":0,"mime_type":"image\/jpeg","type":"image","subtype":"jpeg","icon":"https:\/\/www.rupes.com\/wp-includes\/images\/media\/default.png","width":1600,"height":1200,"sizes":{"thumbnail":"https:\/\/www.rupes.com\/wp-content\/uploads\/2024\/08\/george-rounded-sticker-150x150.jpg","thumbnail-width":150,"thumbnail-height":150,"medium":"https:\/\/www.rupes.com\/wp-content\/uploads\/2024\/08\/george-rounded-sticker-300x225.jpg","medium-width":300,"medium-height":225,"medium_large":"https:\/\/www.rupes.com\/wp-content\/uploads\/2024\/08\/george-rounded-sticker-768x576.jpg","medium_large-width":768,"medium_large-height":576,"large":"https:\/\/www.rupes.com\/wp-content\/uploads\/2024\/08\/george-rounded-sticker-1024x768.jpg","large-width":1024,"large-height":768,"1536x1536":"https:\/\/www.rupes.com\/wp-content\/uploads\/2024\/08\/george-rounded-sticker-1536x1152.jpg","1536x1536-width":1536,"1536x1536-height":1152,"2048x2048":"https:\/\/www.rupes.com\/wp-content\/uploads\/2024\/08\/george-rounded-sticker.jpg","2048x2048-width":1600,"2048x2048-height":1200,"thumb_news":"https:\/\/www.rupes.com\/wp-content\/uploads\/2024\/08\/george-rounded-sticker-350x200.jpg","thumb_news-width":350,"thumb_news-height":200,"boxhome_small":"https:\/\/www.rupes.com\/wp-content\/uploads\/2024\/08\/george-rounded-sticker-200x100.jpg","boxhome_small-width":200,"boxhome_small-height":100,"boxhome_medium":"https:\/\/www.rupes.com\/wp-content\/uploads\/2024\/08\/george-rounded-sticker-300x150.jpg","boxhome_medium-width":300,"boxhome_medium-height":150,"boxhome_large":"https:\/\/www.rupes.com\/wp-content\/uploads\/2024\/08\/george-rounded-sticker-450x200.jpg","boxhome_large-width":450,"boxhome_large-height":200,"boxproducts_large":"https:\/\/www.rupes.com\/wp-content\/uploads\/2024\/08\/george-rounded-sticker-1600x700.jpg","boxproducts_large-width":1600,"boxproducts_large-height":700,"boxproducts_midlarge":"https:\/\/www.rupes.com\/wp-content\/uploads\/2024\/08\/george-rounded-sticker-1280x560.jpg","boxproducts_midlarge-width":1280,"boxproducts_midlarge-height":560,"boxproducts_medium":"https:\/\/www.rupes.com\/wp-content\/uploads\/2024\/08\/george-rounded-sticker-1024x450.jpg","boxproducts_medium-width":1024,"boxproducts_medium-height":450,"boxproducts_small":"https:\/\/www.rupes.com\/wp-content\/uploads\/2024\/08\/george-rounded-sticker-700x305.jpg","boxproducts_small-width":700,"boxproducts_small-height":305,"boxproducts_mobile":"https:\/\/www.rupes.com\/wp-content\/uploads\/2024\/08\/george-rounded-sticker-400x175.jpg","boxproducts_mobile-width":400,"boxproducts_mobile-height":175,"product_thumb":"https:\/\/www.rupes.com\/wp-content\/uploads\/2024\/08\/george-rounded-sticker-267x200.jpg","product_thumb-width":267,"product_thumb-height":200,"product_home":"https:\/\/www.rupes.com\/wp-content\/uploads\/2024\/08\/george-rounded-sticker-1200x700.jpg","product_home-width":1200,"product_home-height":700,"gallery_first":"https:\/\/www.rupes.com\/wp-content\/uploads\/2024\/08\/george-rounded-sticker-667x500.jpg","gallery_first-width":667,"gallery_first-height":500,"gallery_thumb":"https:\/\/www.rupes.com\/wp-content\/uploads\/2024\/08\/george-rounded-sticker-105x80.jpg","gallery_thumb-width":105,"gallery_thumb-height":80,"category_image":"https:\/\/www.rupes.com\/wp-content\/uploads\/2024\/08\/george-rounded-sticker-200x150.jpg","category_image-width":200,"category_image-height":150,"category_thumb":"https:\/\/www.rupes.com\/wp-content\/uploads\/2024\/08\/george-rounded-sticker-100x75.jpg","category_thumb-width":100,"category_thumb-height":75}},{"ID":1001407836,"id":1001407836,"title":"george-stickers","filename":"george-stickers.jpg","filesize":314080,"url":"https:\/\/www.rupes.com\/wp-content\/uploads\/2024\/08\/george-stickers.jpg","link":"https:\/\/www.rupes.com\/it\/product\/george-rounded-sticker\/george-stickers-2\/","alt":"","author":"1","description":"","caption":"","name":"george-stickers-2","status":"inherit","uploaded_to":1001407827,"date":"2024-08-28 09:42:15","modified":"2024-08-28 09:45:25","menu_order":0,"mime_type":"image\/jpeg","type":"image","subtype":"jpeg","icon":"https:\/\/www.rupes.com\/wp-includes\/images\/media\/default.png","width":900,"height":1200,"sizes":{"thumbnail":"https:\/\/www.rupes.com\/wp-content\/uploads\/2024\/08\/george-stickers-150x150.jpg","thumbnail-width":150,"thumbnail-height":150,"medium":"https:\/\/www.rupes.com\/wp-content\/uploads\/2024\/08\/george-stickers-225x300.jpg","medium-width":225,"medium-height":300,"medium_large":"https:\/\/www.rupes.com\/wp-content\/uploads\/2024\/08\/george-stickers-768x1024.jpg","medium_large-width":768,"medium_large-height":1024,"large":"https:\/\/www.rupes.com\/wp-content\/uploads\/2024\/08\/george-stickers-768x1024.jpg","large-width":768,"large-height":1024,"1536x1536":"https:\/\/www.rupes.com\/wp-content\/uploads\/2024\/08\/george-stickers.jpg","1536x1536-width":900,"1536x1536-height":1200,"2048x2048":"https:\/\/www.rupes.com\/wp-content\/uploads\/2024\/08\/george-stickers.jpg","2048x2048-width":900,"2048x2048-height":1200,"thumb_news":"https:\/\/www.rupes.com\/wp-content\/uploads\/2024\/08\/george-stickers-350x200.jpg","thumb_news-width":350,"thumb_news-height":200,"boxhome_small":"https:\/\/www.rupes.com\/wp-content\/uploads\/2024\/08\/george-stickers-200x100.jpg","boxhome_small-width":200,"boxhome_small-height":100,"boxhome_medium":"https:\/\/www.rupes.com\/wp-content\/uploads\/2024\/08\/george-stickers-300x150.jpg","boxhome_medium-width":300,"boxhome_medium-height":150,"boxhome_large":"https:\/\/www.rupes.com\/wp-content\/uploads\/2024\/08\/george-stickers-450x200.jpg","boxhome_large-width":450,"boxhome_large-height":200,"boxproducts_large":"https:\/\/www.rupes.com\/wp-content\/uploads\/2024\/08\/george-stickers-900x700.jpg","boxproducts_large-width":900,"boxproducts_large-height":700,"boxproducts_midlarge":"https:\/\/www.rupes.com\/wp-content\/uploads\/2024\/08\/george-stickers-900x560.jpg","boxproducts_midlarge-width":900,"boxproducts_midlarge-height":560,"boxproducts_medium":"https:\/\/www.rupes.com\/wp-content\/uploads\/2024\/08\/george-stickers-900x450.jpg","boxproducts_medium-width":900,"boxproducts_medium-height":450,"boxproducts_small":"https:\/\/www.rupes.com\/wp-content\/uploads\/2024\/08\/george-stickers-700x305.jpg","boxproducts_small-width":700,"boxproducts_small-height":305,"boxproducts_mobile":"https:\/\/www.rupes.com\/wp-content\/uploads\/2024\/08\/george-stickers-400x175.jpg","boxproducts_mobile-width":400,"boxproducts_mobile-height":175,"product_thumb":"https:\/\/www.rupes.com\/wp-content\/uploads\/2024\/08\/george-stickers-150x200.jpg","product_thumb-width":150,"product_thumb-height":200,"product_home":"https:\/\/www.rupes.com\/wp-content\/uploads\/2024\/08\/george-stickers-900x700.jpg","product_home-width":900,"product_home-height":700,"gallery_first":"https:\/\/www.rupes.com\/wp-content\/uploads\/2024\/08\/george-stickers-375x500.jpg","gallery_first-width":375,"gallery_first-height":500,"gallery_thumb":"https:\/\/www.rupes.com\/wp-content\/uploads\/2024\/08\/george-stickers-60x80.jpg","gallery_thumb-width":60,"gallery_thumb-height":80,"category_image":"https:\/\/www.rupes.com\/wp-content\/uploads\/2024\/08\/george-stickers-150x200.jpg","category_image-width":150,"category_image-height":200,"category_thumb":"https:\/\/www.rupes.com\/wp-content\/uploads\/2024\/08\/george-stickers-75x100.jpg","category_thumb-width":75,"category_thumb-height":100}}],"videos":false,"files":false,"product_b2b_code":"","product_b2b_pdf":"","code_usermanuals":"","code_usermanuals_usa":"","blocco_dimensione":false,"varianti":false,"kit_vendita":false,"blocchi_prodotti_correlati":false,"seleziona_tag_notizie":false,"google_review_link":"","seleziona_le_recensioni":"","attiva_collegamento":false},"_links":{"self":[{"href":"https:\/\/www.rupes.com\/it\/wp-json\/wp\/v2\/products\/1001407827","targetHints":{"allow":["GET"]}}],"collection":[{"href":"https:\/\/www.rupes.com\/it\/wp-json\/wp\/v2\/products"}],"about":[{"href":"https:\/\/www.rupes.com\/it\/wp-json\/wp\/v2\/types\/product"}],"wp:attachment":[{"href":"https:\/\/www.rupes.com\/it\/wp-json\/wp\/v2\/media?parent=1001407827"}],"wp:term":[{"taxonomy":"category_product","embeddable":true,"href":"https:\/\/www.rupes.com\/it\/wp-json\/wp\/v2\/categoryproduct?post=1001407827"}],"curies":[{"name":"wp","href":"https:\/\/api.w.org\/{rel}","templated":true}]}}