{"id":1001403909,"date":"2023-07-12T15:41:00","date_gmt":"2023-07-12T13:41:00","guid":{"rendered":"https:\/\/www.rupes.com\/?post_type=product&#038;p=1001403909"},"modified":"2024-04-04T14:12:29","modified_gmt":"2024-04-04T12:12:29","slug":"beach-towel","status":"publish","type":"product","link":"https:\/\/www.rupes.com\/it\/product\/beach-towel\/","title":{"rendered":"Beach towel"},"content":{"rendered":"","protected":false},"featured_media":0,"template":"","meta":{"_acf_changed":false},"categoryproduct":[888965420,888965424],"class_list":["post-1001403909","product","type-product","status-publish","hentry","category_product-merchandising","category_product-merchandising-various"],"acf":{"product_codice":"9.Z106","scheda_nuova":true,"contact_form":true,"attiva_flag_new_product":false,"attiva_voice_speech":false,"product_home":"0","attiva_special_message":"disattivo","product_titolo_it":"Telo mare","product_titolo_de":"Badetuch","product_titolo_fr":"Serviette de plage","product_titolo_es":"Toalla de playa","product_descrizione_en":"<p>RUPES introduces the new high-quality Microfiber Beach Towel! Experience beachside relax like never before with its premium microfiber fabric, quick-drying technology, and impressive size of 220cm x 120cm for ultimate comfort. Featuring the RUPES logo and our most popular polishing pads and compounds printed on the iconic black background, this towel is functional and elegant, but also light, soft and quick to dry. Its vibrant design and exceptional durability, coupled with the big dimensions, make it an ideal product whether to lay down on the beach, relax by the pool or enjoy a picnic in the park.<\/p>\n<p><strong>PRODUCT FEATURES<\/strong><\/p>\n<p>\u2022 Dimensions: 220cm x 120cm<\/p>\n<p>\u2022 Material: high-quality microfiber<\/p>\n<p><strong>FEATURES<\/strong><\/p>\n<ul>\n<li>Dimensions: 220cm x 120cm<\/li>\n<li>Material: high-quality microfiber<\/li>\n<\/ul>\n","product_descrizione_it":"<p>RUPES presenta il nuovo Telo Mare in microfibra di alta qualit\u00e0! Goditi il massimo del relax come mai prima d\u2019ora grazie al tessuto in microfibra premium, che garantisce un\u2019asciugatura rapida, e le grandi dimensioni da 220 cm x 120 cm per il massimo comfort.<br \/>\nCaratterizzato dal logo RUPES e dalle nostre paste abrasive e tamponi di lucidatura stampati sull\u2019iconico sfondo nero, questo telo \u00e8 funzionale ed elegante, ma anche leggero, morbido e rapido da asciugare.<br \/>\nIl design vivace e l\u2019eccezionale qualit\u00e0, insieme alle ampie dimensioni, lo rendono un prodotto ideale sia per stendersi sulla sabbia, che per rilassarsi in piscina o godersi un picnic nel parco.<\/p>\n<p><strong>CARATTERISTICHE<\/strong><\/p>\n<ul>\n<li>Dimensioni: 220 cm x 120 cm<\/li>\n<li>Materiale: microfibra di alta qualit\u00e0<\/li>\n<\/ul>\n","product_descrizione_de":"<p>RUPES stellt das neue hochwertige Mikrofaser-Strandtuch vor! Erleben Sie Strandentspannung wie nie zuvor mit dem hochwertigen Mikrofasergewebe, der Schnelltrocknungstechnologie und der beeindruckenden Gr\u00f6\u00dfe von 220 cm x 120 cm f\u00fcr ultimativen Komfort.<br \/>\nMit dem RUPES-Logo und unseren beliebtesten Polierpads und Polierpasten auf dem ikonischen schwarzen<br \/>\nHintergrund ist dieses Handtuch funktional und elegant, aber auch leicht, weich und schnell trocknend.<br \/>\nSein lebendiges Design und seine au\u00dfergew\u00f6hnliche Haltbarkeit, gepaart mit den gro\u00dfen Abmessungen,<br \/>\nmachen es zu einem idealen Produkt, egal ob Sie am Strand liegen, am Pool entspannen oder ein Picknick<br \/>\nim Park genie\u00dfen m\u00f6chten.<\/p>\n<p>PRODUKT EIGENSCHAFTEN<br \/>\n\u2022 Abmessungen: 220cm x 120cm<br \/>\n\u2022 Material: hochwertige Mikrofaser<\/p>\n","product_descrizione_fr":"<p>RUPES pr\u00e9sente la nouvelle serviette de plage en microfibre de haute qualit\u00e9 ! D\u00e9tendez-vous au bord de la plage comme jamais auparavant gr\u00e2ce \u00e0 son tissu en microfibre de qualit\u00e9 sup\u00e9rieure, sa technologie de s\u00e9chage rapide et sa taille impressionnante de 220 cm x 120 cm pour un confort ultime. Dot\u00e9e du logo RUPES et de nos tampons et compos\u00e9s de polissage les plus populaires imprim\u00e9s sur le fond noir embl\u00e9matique, cette serviette est fonctionnelle et \u00e9l\u00e9gante, mais aussi l\u00e9g\u00e8re, douce et s\u00e8che rapidement. Son design vibrant et sa durabilit\u00e9 exceptionnelle, associ\u00e9s \u00e0 ses grandes dimensions, en font un produit id\u00e9al que ce soit pour s&#8217;allonger sur la plage, se d\u00e9tendre au bord de la piscine ou profiter d&#8217;un pique-nique dans le parc.<\/p>\n<p>&nbsp;<\/p>\n<p>CARACT\u00c9RISTIQUES DU PRODUIT<\/p>\n<ul>\n<li>Dimensions\u00a0: 220 cm x 120 cm<\/li>\n<li>Mat\u00e9riau\u00a0: microfibre de haute qualit\u00e9<\/li>\n<\/ul>\n","product_descrizione_es":"<ul>\n<li>\n\u00a1RUPES presenta la nueva toalla de playa de microfibra de alta calidad! Experimente la relajaci\u00f3n junto a la playa como nunca antes con su tejido de microfibra premium, su tecnolog\u00eda de secado r\u00e1pido y su impresionante tama\u00f1o de 220 cm x 120 cm para una m\u00e1xima comodidad. Con el logotipo de RUPES y nuestros compuestos y almohadillas de pulido m\u00e1s populares impresos sobre el ic\u00f3nico fondo negro, esta toalla es funcional y elegante, pero tambi\u00e9n ligera, suave y de secado r\u00e1pido. Su dise\u00f1o vibrante y durabilidad excepcional, sumado a sus grandes dimensiones, lo convierten en un producto ideal ya sea para tumbarse en la playa, relajarse junto a la piscina o disfrutar de un picnic en el parque.<\/p>\n<p>CARACTER\u00cdSTICAS DEL PRODUCTO<br \/>\n\u2022 Dimensiones: 220 cm x 120 cm<br \/>\n\u2022 Material: microfibra de alta calidad<\/li>\n<\/ul>\n","product_scheda_en":"","product_scheda_it":"","product_scheda_de":"","product_scheda_fr":"","product_scheda_es":"","thumb":false,"gallery":[{"ID":1001403913,"id":1001403913,"title":"Beach-towel_9Z106","filename":"Beach-towel_9Z106.jpg","filesize":298483,"url":"https:\/\/www.rupes.com\/wp-content\/uploads\/2023\/07\/Beach-towel_9Z106.jpg","link":"https:\/\/www.rupes.com\/it\/product\/beach-towel\/beach-towel_9z106-2\/","alt":"","author":"1","description":"","caption":"","name":"beach-towel_9z106-2","status":"inherit","uploaded_to":1001403909,"date":"2023-07-12 09:25:49","modified":"2023-07-12 09:25:59","menu_order":0,"mime_type":"image\/jpeg","type":"image","subtype":"jpeg","icon":"https:\/\/www.rupes.com\/wp-includes\/images\/media\/default.png","width":1086,"height":1900,"sizes":{"thumbnail":"https:\/\/www.rupes.com\/wp-content\/uploads\/2023\/07\/Beach-towel_9Z106-150x150.jpg","thumbnail-width":150,"thumbnail-height":150,"medium":"https:\/\/www.rupes.com\/wp-content\/uploads\/2023\/07\/Beach-towel_9Z106-171x300.jpg","medium-width":171,"medium-height":300,"medium_large":"https:\/\/www.rupes.com\/wp-content\/uploads\/2023\/07\/Beach-towel_9Z106-768x1344.jpg","medium_large-width":768,"medium_large-height":1344,"large":"https:\/\/www.rupes.com\/wp-content\/uploads\/2023\/07\/Beach-towel_9Z106-585x1024.jpg","large-width":585,"large-height":1024,"1536x1536":"https:\/\/www.rupes.com\/wp-content\/uploads\/2023\/07\/Beach-towel_9Z106-878x1536.jpg","1536x1536-width":878,"1536x1536-height":1536,"2048x2048":"https:\/\/www.rupes.com\/wp-content\/uploads\/2023\/07\/Beach-towel_9Z106.jpg","2048x2048-width":1086,"2048x2048-height":1900,"thumb_news":"https:\/\/www.rupes.com\/wp-content\/uploads\/2023\/07\/Beach-towel_9Z106-350x200.jpg","thumb_news-width":350,"thumb_news-height":200,"boxhome_small":"https:\/\/www.rupes.com\/wp-content\/uploads\/2023\/07\/Beach-towel_9Z106-200x100.jpg","boxhome_small-width":200,"boxhome_small-height":100,"boxhome_medium":"https:\/\/www.rupes.com\/wp-content\/uploads\/2023\/07\/Beach-towel_9Z106-300x150.jpg","boxhome_medium-width":300,"boxhome_medium-height":150,"boxhome_large":"https:\/\/www.rupes.com\/wp-content\/uploads\/2023\/07\/Beach-towel_9Z106-450x200.jpg","boxhome_large-width":450,"boxhome_large-height":200,"boxproducts_large":"https:\/\/www.rupes.com\/wp-content\/uploads\/2023\/07\/Beach-towel_9Z106-1086x700.jpg","boxproducts_large-width":1086,"boxproducts_large-height":700,"boxproducts_midlarge":"https:\/\/www.rupes.com\/wp-content\/uploads\/2023\/07\/Beach-towel_9Z106-1086x560.jpg","boxproducts_midlarge-width":1086,"boxproducts_midlarge-height":560,"boxproducts_medium":"https:\/\/www.rupes.com\/wp-content\/uploads\/2023\/07\/Beach-towel_9Z106-1024x450.jpg","boxproducts_medium-width":1024,"boxproducts_medium-height":450,"boxproducts_small":"https:\/\/www.rupes.com\/wp-content\/uploads\/2023\/07\/Beach-towel_9Z106-700x305.jpg","boxproducts_small-width":700,"boxproducts_small-height":305,"boxproducts_mobile":"https:\/\/www.rupes.com\/wp-content\/uploads\/2023\/07\/Beach-towel_9Z106-400x175.jpg","boxproducts_mobile-width":400,"boxproducts_mobile-height":175,"product_thumb":"https:\/\/www.rupes.com\/wp-content\/uploads\/2023\/07\/Beach-towel_9Z106-114x200.jpg","product_thumb-width":114,"product_thumb-height":200,"product_home":"https:\/\/www.rupes.com\/wp-content\/uploads\/2023\/07\/Beach-towel_9Z106-1086x700.jpg","product_home-width":1086,"product_home-height":700,"gallery_first":"https:\/\/www.rupes.com\/wp-content\/uploads\/2023\/07\/Beach-towel_9Z106-286x500.jpg","gallery_first-width":286,"gallery_first-height":500,"gallery_thumb":"https:\/\/www.rupes.com\/wp-content\/uploads\/2023\/07\/Beach-towel_9Z106-46x80.jpg","gallery_thumb-width":46,"gallery_thumb-height":80,"category_image":"https:\/\/www.rupes.com\/wp-content\/uploads\/2023\/07\/Beach-towel_9Z106-114x200.jpg","category_image-width":114,"category_image-height":200,"category_thumb":"https:\/\/www.rupes.com\/wp-content\/uploads\/2023\/07\/Beach-towel_9Z106-57x100.jpg","category_thumb-width":57,"category_thumb-height":100}},{"ID":1001403918,"id":1001403918,"title":"Beach-towel_9Z106_2","filename":"Beach-towel_9Z106_2.jpg","filesize":271927,"url":"https:\/\/www.rupes.com\/wp-content\/uploads\/2023\/07\/Beach-towel_9Z106_2.jpg","link":"https:\/\/www.rupes.com\/it\/product\/beach-towel\/beach-towel_9z106_2-2\/","alt":"","author":"1","description":"","caption":"","name":"beach-towel_9z106_2-2","status":"inherit","uploaded_to":1001403909,"date":"2023-07-12 13:38:46","modified":"2023-07-12 13:38:46","menu_order":0,"mime_type":"image\/jpeg","type":"image","subtype":"jpeg","icon":"https:\/\/www.rupes.com\/wp-includes\/images\/media\/default.png","width":1900,"height":1267,"sizes":{"thumbnail":"https:\/\/www.rupes.com\/wp-content\/uploads\/2023\/07\/Beach-towel_9Z106_2-150x150.jpg","thumbnail-width":150,"thumbnail-height":150,"medium":"https:\/\/www.rupes.com\/wp-content\/uploads\/2023\/07\/Beach-towel_9Z106_2-300x200.jpg","medium-width":300,"medium-height":200,"medium_large":"https:\/\/www.rupes.com\/wp-content\/uploads\/2023\/07\/Beach-towel_9Z106_2-768x512.jpg","medium_large-width":768,"medium_large-height":512,"large":"https:\/\/www.rupes.com\/wp-content\/uploads\/2023\/07\/Beach-towel_9Z106_2-1024x683.jpg","large-width":1024,"large-height":683,"1536x1536":"https:\/\/www.rupes.com\/wp-content\/uploads\/2023\/07\/Beach-towel_9Z106_2-1536x1024.jpg","1536x1536-width":1536,"1536x1536-height":1024,"2048x2048":"https:\/\/www.rupes.com\/wp-content\/uploads\/2023\/07\/Beach-towel_9Z106_2.jpg","2048x2048-width":1900,"2048x2048-height":1267,"thumb_news":"https:\/\/www.rupes.com\/wp-content\/uploads\/2023\/07\/Beach-towel_9Z106_2-350x200.jpg","thumb_news-width":350,"thumb_news-height":200,"boxhome_small":"https:\/\/www.rupes.com\/wp-content\/uploads\/2023\/07\/Beach-towel_9Z106_2-200x100.jpg","boxhome_small-width":200,"boxhome_small-height":100,"boxhome_medium":"https:\/\/www.rupes.com\/wp-content\/uploads\/2023\/07\/Beach-towel_9Z106_2-300x150.jpg","boxhome_medium-width":300,"boxhome_medium-height":150,"boxhome_large":"https:\/\/www.rupes.com\/wp-content\/uploads\/2023\/07\/Beach-towel_9Z106_2-450x200.jpg","boxhome_large-width":450,"boxhome_large-height":200,"boxproducts_large":"https:\/\/www.rupes.com\/wp-content\/uploads\/2023\/07\/Beach-towel_9Z106_2-1600x700.jpg","boxproducts_large-width":1600,"boxproducts_large-height":700,"boxproducts_midlarge":"https:\/\/www.rupes.com\/wp-content\/uploads\/2023\/07\/Beach-towel_9Z106_2-1280x560.jpg","boxproducts_midlarge-width":1280,"boxproducts_midlarge-height":560,"boxproducts_medium":"https:\/\/www.rupes.com\/wp-content\/uploads\/2023\/07\/Beach-towel_9Z106_2-1024x450.jpg","boxproducts_medium-width":1024,"boxproducts_medium-height":450,"boxproducts_small":"https:\/\/www.rupes.com\/wp-content\/uploads\/2023\/07\/Beach-towel_9Z106_2-700x305.jpg","boxproducts_small-width":700,"boxproducts_small-height":305,"boxproducts_mobile":"https:\/\/www.rupes.com\/wp-content\/uploads\/2023\/07\/Beach-towel_9Z106_2-400x175.jpg","boxproducts_mobile-width":400,"boxproducts_mobile-height":175,"product_thumb":"https:\/\/www.rupes.com\/wp-content\/uploads\/2023\/07\/Beach-towel_9Z106_2-300x200.jpg","product_thumb-width":300,"product_thumb-height":200,"product_home":"https:\/\/www.rupes.com\/wp-content\/uploads\/2023\/07\/Beach-towel_9Z106_2-1200x700.jpg","product_home-width":1200,"product_home-height":700,"gallery_first":"https:\/\/www.rupes.com\/wp-content\/uploads\/2023\/07\/Beach-towel_9Z106_2-750x500.jpg","gallery_first-width":750,"gallery_first-height":500,"gallery_thumb":"https:\/\/www.rupes.com\/wp-content\/uploads\/2023\/07\/Beach-towel_9Z106_2-105x70.jpg","gallery_thumb-width":105,"gallery_thumb-height":70,"category_image":"https:\/\/www.rupes.com\/wp-content\/uploads\/2023\/07\/Beach-towel_9Z106_2-200x133.jpg","category_image-width":200,"category_image-height":133,"category_thumb":"https:\/\/www.rupes.com\/wp-content\/uploads\/2023\/07\/Beach-towel_9Z106_2-100x67.jpg","category_thumb-width":100,"category_thumb-height":67}}],"videos":false,"files":false,"product_b2b_code":"","product_b2b_pdf":"","code_usermanuals":"","code_usermanuals_usa":"","blocco_dimensione":false,"varianti":false,"kit_vendita":false,"blocchi_prodotti_correlati":[{"iconablocco":"fas fa-retweet","seleziona_i_prodotti":[1001399322,1001388939,1001389013,1001389029,1001384390],"label":"accessories","titolo_correlato_en":"","titolo_correlato_it":"","titolo_correlato_de":"","titolo_correlato_fr":"","titolo_correlato_es":""}],"seleziona_tag_notizie":false,"google_review_link":"","seleziona_le_recensioni":"","attiva_collegamento":false},"_links":{"self":[{"href":"https:\/\/www.rupes.com\/it\/wp-json\/wp\/v2\/products\/1001403909","targetHints":{"allow":["GET"]}}],"collection":[{"href":"https:\/\/www.rupes.com\/it\/wp-json\/wp\/v2\/products"}],"about":[{"href":"https:\/\/www.rupes.com\/it\/wp-json\/wp\/v2\/types\/product"}],"wp:attachment":[{"href":"https:\/\/www.rupes.com\/it\/wp-json\/wp\/v2\/media?parent=1001403909"}],"wp:term":[{"taxonomy":"category_product","embeddable":true,"href":"https:\/\/www.rupes.com\/it\/wp-json\/wp\/v2\/categoryproduct?post=1001403909"}],"curies":[{"name":"wp","href":"https:\/\/api.w.org\/{rel}","templated":true}]}}