{"id":1001403891,"date":"2019-11-11T11:28:56","date_gmt":"2019-11-11T10:28:56","guid":{"rendered":"https:\/\/www.rupes.com\/?post_type=product&#038;p=1001403891"},"modified":"2026-01-23T10:44:51","modified_gmt":"2026-01-23T09:44:51","slug":"coarse-balck-line-polishing-compound-for-rotary-polishers","status":"publish","type":"product","link":"https:\/\/www.rupes.com\/it\/product\/coarse-balck-line-polishing-compound-for-rotary-polishers\/","title":{"rendered":"Coarse Black line polishing compound for rotary polishers"},"content":{"rendered":"","protected":false},"featured_media":0,"template":"","meta":{"_acf_changed":false},"categoryproduct":[888965156,888965164],"class_list":["post-1001403891","product","type-product","status-publish","hentry","category_product-consumables","category_product-consumables-polishing-compounds"],"acf":{"product_codice":"9.BRCOARSEBL","scheda_nuova":true,"contact_form":true,"attiva_flag_new_product":false,"product_home":"0","attiva_special_message":"disattivo","product_titolo_it":"Pasta abrasiva coarse per lucidatrici rotative","product_titolo_de":"Coarse Polierpasten  f\u00fcr  gear driven poliermaschine","product_titolo_fr":"P\u00e2te abrasive coarse pour le polissage gear driven","product_titolo_es":"Pasta abrasiva coarse para el pulido gear driven","product_descrizione_en":"<p>The ROTARY COARSE BLACK LINE Compound was developed in RUPES laboratories to find a solution that would be a dark color, so that when working with dark paints the residue or the dust created while polishing would be less visible and appear faster to remove.<\/p>\n<p>The BigFoot Rotary Black Line compound, using the latest generation abrasives, is specially formulated to work with rotary polishers and to enable the correction of severe defects and sanding marks. This product represents the optimal solution for technicians who want great performance and a smooth user experience with low dusting and easy wipe off on dark surfaces.<\/p>\n","product_descrizione_it":"<p>Il Compound ROTARY COARSE BLACK LINE \u00e8 stato sviluppato nei laboratori RUPES per trovare una soluzione che fosse di colore scuro, in modo che quando si lavora con vernici scure il residuo o la polvere creata durante la lucidatura fosse meno visibile e risultasse pi\u00f9 veloce da rimuovere.<\/p>\n<p>La mescola BigFoot Rotary Black Line, che utilizza abrasivi di ultima generazione, \u00e8 appositamente formulata per lavorare con lucidatrici rotative e per consentire la correzione di gravi difetti e segni di carteggiatura. Questo prodotto rappresenta la soluzione ottimale per i tecnici che desiderano grandi prestazioni e un&#8217;esperienza utente fluida con poca polvere e facile pulizia su superfici scure.<\/p>\n","product_descrizione_de":"<p>Das ROTARY COARSE BLACK LINE Compound wurde in den RUPES-Labors entwickelt, um eine L\u00f6sung zu finden, die eine dunkle Farbe aufweist, sodass beim Arbeiten mit dunklen Farben die beim Polieren entstehenden R\u00fcckst\u00e4nde oder Staub weniger sichtbar sind und sich schneller entfernen lassen.<\/p>\n<p>Die BigFoot Rotary Black Line-Mischung verwendet Schleifmittel der neuesten Generation und wurde speziell f\u00fcr die Arbeit mit Rotationspolierern entwickelt, um die Korrektur schwerwiegender Defekte und Schleifspuren zu erm\u00f6glichen. Dieses Produkt stellt die optimale L\u00f6sung f\u00fcr Techniker dar, die eine hervorragende Leistung und ein reibungsloses Benutzererlebnis mit geringer Staubentwicklung und einfachem Abwischen auf dunklen Oberfl\u00e4chen w\u00fcnschen.<\/p>\n","product_descrizione_fr":"<p>Le compos\u00e9 ROTARY COARSE BLACK LINE a \u00e9t\u00e9 d\u00e9velopp\u00e9 dans les laboratoires RUPES pour trouver une solution qui serait de couleur fonc\u00e9e, de sorte que lorsque vous travaillez avec des peintures fonc\u00e9es, les r\u00e9sidus ou la poussi\u00e8re cr\u00e9\u00e9s lors du polissage soient moins visibles et semblent plus rapides \u00e0 \u00e9liminer.<\/p>\n<p>Le compos\u00e9 BigFoot Rotary Black Line, utilisant des abrasifs de derni\u00e8re g\u00e9n\u00e9ration, est sp\u00e9cialement formul\u00e9 pour fonctionner avec les polisseuses rotatives et pour permettre la correction des d\u00e9fauts s\u00e9v\u00e8res et des marques de pon\u00e7age. Ce produit repr\u00e9sente la solution optimale pour les techniciens qui recherchent d&#8217;excellentes performances et une exp\u00e9rience utilisateur fluide avec peu de poussi\u00e8re et un nettoyage facile sur les surfaces sombres.<\/p>\n","product_descrizione_es":"<p>El compuesto ROTARY COARSE BLACK LINE fue desarrollado en los laboratorios RUPES para encontrar una soluci\u00f3n que fuera de color oscuro, de modo que al trabajar con pinturas oscuras, el residuo o el polvo creado durante el pulido fuera menos visible y pareciera m\u00e1s r\u00e1pido eliminarlo.<\/p>\n<p>El compuesto BigFoot Rotary Black Line, que utiliza abrasivos de \u00faltima generaci\u00f3n, est\u00e1 especialmente formulado para trabajar con pulidoras rotativas y permitir la correcci\u00f3n de defectos severos y marcas de lijado. Este producto representa la soluci\u00f3n \u00f3ptima para los t\u00e9cnicos que desean un gran rendimiento y una experiencia de usuario fluida con poco polvo y limpieza f\u00e1cil en superficies oscuras.<\/p>\n","product_scheda_en":"","product_scheda_it":"","product_scheda_de":"","product_scheda_fr":"","product_scheda_es":"","thumb":false,"gallery":[{"ID":1001403898,"id":1001403898,"title":"ROTARY-COARSE BLACK LINE","filename":"ROTARY-COARSE-BLACK-LINE.jpg","filesize":239359,"url":"https:\/\/www.rupes.com\/wp-content\/uploads\/2019\/11\/ROTARY-COARSE-BLACK-LINE.jpg","link":"https:\/\/www.rupes.com\/it\/product\/coarse-balck-line-polishing-compound-for-rotary-polishers\/rotary-coarse-black-line-2\/","alt":"","author":"1","description":"","caption":"","name":"rotary-coarse-black-line-2","status":"inherit","uploaded_to":1001403891,"date":"2023-07-11 09:40:08","modified":"2023-07-11 09:40:19","menu_order":0,"mime_type":"image\/jpeg","type":"image","subtype":"jpeg","icon":"https:\/\/www.rupes.com\/wp-includes\/images\/media\/default.png","width":1417,"height":1777,"sizes":{"thumbnail":"https:\/\/www.rupes.com\/wp-content\/uploads\/2019\/11\/ROTARY-COARSE-BLACK-LINE-150x150.jpg","thumbnail-width":150,"thumbnail-height":150,"medium":"https:\/\/www.rupes.com\/wp-content\/uploads\/2019\/11\/ROTARY-COARSE-BLACK-LINE-239x300.jpg","medium-width":239,"medium-height":300,"medium_large":"https:\/\/www.rupes.com\/wp-content\/uploads\/2019\/11\/ROTARY-COARSE-BLACK-LINE-768x963.jpg","medium_large-width":768,"medium_large-height":963,"large":"https:\/\/www.rupes.com\/wp-content\/uploads\/2019\/11\/ROTARY-COARSE-BLACK-LINE-817x1024.jpg","large-width":817,"large-height":1024,"1536x1536":"https:\/\/www.rupes.com\/wp-content\/uploads\/2019\/11\/ROTARY-COARSE-BLACK-LINE-1225x1536.jpg","1536x1536-width":1225,"1536x1536-height":1536,"2048x2048":"https:\/\/www.rupes.com\/wp-content\/uploads\/2019\/11\/ROTARY-COARSE-BLACK-LINE.jpg","2048x2048-width":1417,"2048x2048-height":1777,"thumb_news":"https:\/\/www.rupes.com\/wp-content\/uploads\/2019\/11\/ROTARY-COARSE-BLACK-LINE-350x200.jpg","thumb_news-width":350,"thumb_news-height":200,"boxhome_small":"https:\/\/www.rupes.com\/wp-content\/uploads\/2019\/11\/ROTARY-COARSE-BLACK-LINE-200x100.jpg","boxhome_small-width":200,"boxhome_small-height":100,"boxhome_medium":"https:\/\/www.rupes.com\/wp-content\/uploads\/2019\/11\/ROTARY-COARSE-BLACK-LINE-300x150.jpg","boxhome_medium-width":300,"boxhome_medium-height":150,"boxhome_large":"https:\/\/www.rupes.com\/wp-content\/uploads\/2019\/11\/ROTARY-COARSE-BLACK-LINE-450x200.jpg","boxhome_large-width":450,"boxhome_large-height":200,"boxproducts_large":"https:\/\/www.rupes.com\/wp-content\/uploads\/2019\/11\/ROTARY-COARSE-BLACK-LINE-1417x700.jpg","boxproducts_large-width":1417,"boxproducts_large-height":700,"boxproducts_midlarge":"https:\/\/www.rupes.com\/wp-content\/uploads\/2019\/11\/ROTARY-COARSE-BLACK-LINE-1280x560.jpg","boxproducts_midlarge-width":1280,"boxproducts_midlarge-height":560,"boxproducts_medium":"https:\/\/www.rupes.com\/wp-content\/uploads\/2019\/11\/ROTARY-COARSE-BLACK-LINE-1024x450.jpg","boxproducts_medium-width":1024,"boxproducts_medium-height":450,"boxproducts_small":"https:\/\/www.rupes.com\/wp-content\/uploads\/2019\/11\/ROTARY-COARSE-BLACK-LINE-700x305.jpg","boxproducts_small-width":700,"boxproducts_small-height":305,"boxproducts_mobile":"https:\/\/www.rupes.com\/wp-content\/uploads\/2019\/11\/ROTARY-COARSE-BLACK-LINE-400x175.jpg","boxproducts_mobile-width":400,"boxproducts_mobile-height":175,"product_thumb":"https:\/\/www.rupes.com\/wp-content\/uploads\/2019\/11\/ROTARY-COARSE-BLACK-LINE-159x200.jpg","product_thumb-width":159,"product_thumb-height":200,"product_home":"https:\/\/www.rupes.com\/wp-content\/uploads\/2019\/11\/ROTARY-COARSE-BLACK-LINE-1200x700.jpg","product_home-width":1200,"product_home-height":700,"gallery_first":"https:\/\/www.rupes.com\/wp-content\/uploads\/2019\/11\/ROTARY-COARSE-BLACK-LINE-399x500.jpg","gallery_first-width":399,"gallery_first-height":500,"gallery_thumb":"https:\/\/www.rupes.com\/wp-content\/uploads\/2019\/11\/ROTARY-COARSE-BLACK-LINE-64x80.jpg","gallery_thumb-width":64,"gallery_thumb-height":80,"category_image":"https:\/\/www.rupes.com\/wp-content\/uploads\/2019\/11\/ROTARY-COARSE-BLACK-LINE-159x200.jpg","category_image-width":159,"category_image-height":200,"category_thumb":"https:\/\/www.rupes.com\/wp-content\/uploads\/2019\/11\/ROTARY-COARSE-BLACK-LINE-80x100.jpg","category_thumb-width":80,"category_thumb-height":100}},{"ID":1001409749,"id":1001409749,"title":"RUPES_9.BRCOARSEBL5L_Tank WEB","filename":"RUPES_9.BRCOARSEBL5L_Tank-WEB.jpg","filesize":103078,"url":"https:\/\/www.rupes.com\/wp-content\/uploads\/2019\/11\/RUPES_9.BRCOARSEBL5L_Tank-WEB.jpg","link":"https:\/\/www.rupes.com\/it\/product\/coarse-balck-line-polishing-compound-for-rotary-polishers\/rupes_9-brcoarsebl5l_tank-web-2\/","alt":"","author":"1","description":"","caption":"","name":"rupes_9-brcoarsebl5l_tank-web-2","status":"inherit","uploaded_to":1001403891,"date":"2025-09-16 06:57:34","modified":"2025-09-16 06:57:34","menu_order":0,"mime_type":"image\/jpeg","type":"image","subtype":"jpeg","icon":"https:\/\/www.rupes.com\/wp-includes\/images\/media\/default.png","width":750,"height":500,"sizes":{"thumbnail":"https:\/\/www.rupes.com\/wp-content\/uploads\/2019\/11\/RUPES_9.BRCOARSEBL5L_Tank-WEB-150x150.jpg","thumbnail-width":150,"thumbnail-height":150,"medium":"https:\/\/www.rupes.com\/wp-content\/uploads\/2019\/11\/RUPES_9.BRCOARSEBL5L_Tank-WEB-300x200.jpg","medium-width":300,"medium-height":200,"medium_large":"https:\/\/www.rupes.com\/wp-content\/uploads\/2019\/11\/RUPES_9.BRCOARSEBL5L_Tank-WEB.jpg","medium_large-width":750,"medium_large-height":500,"large":"https:\/\/www.rupes.com\/wp-content\/uploads\/2019\/11\/RUPES_9.BRCOARSEBL5L_Tank-WEB.jpg","large-width":750,"large-height":500,"1536x1536":"https:\/\/www.rupes.com\/wp-content\/uploads\/2019\/11\/RUPES_9.BRCOARSEBL5L_Tank-WEB.jpg","1536x1536-width":750,"1536x1536-height":500,"2048x2048":"https:\/\/www.rupes.com\/wp-content\/uploads\/2019\/11\/RUPES_9.BRCOARSEBL5L_Tank-WEB.jpg","2048x2048-width":750,"2048x2048-height":500,"thumb_news":"https:\/\/www.rupes.com\/wp-content\/uploads\/2019\/11\/RUPES_9.BRCOARSEBL5L_Tank-WEB-350x200.jpg","thumb_news-width":350,"thumb_news-height":200,"boxhome_small":"https:\/\/www.rupes.com\/wp-content\/uploads\/2019\/11\/RUPES_9.BRCOARSEBL5L_Tank-WEB-200x100.jpg","boxhome_small-width":200,"boxhome_small-height":100,"boxhome_medium":"https:\/\/www.rupes.com\/wp-content\/uploads\/2019\/11\/RUPES_9.BRCOARSEBL5L_Tank-WEB-300x150.jpg","boxhome_medium-width":300,"boxhome_medium-height":150,"boxhome_large":"https:\/\/www.rupes.com\/wp-content\/uploads\/2019\/11\/RUPES_9.BRCOARSEBL5L_Tank-WEB-450x200.jpg","boxhome_large-width":450,"boxhome_large-height":200,"boxproducts_large":"https:\/\/www.rupes.com\/wp-content\/uploads\/2019\/11\/RUPES_9.BRCOARSEBL5L_Tank-WEB.jpg","boxproducts_large-width":750,"boxproducts_large-height":500,"boxproducts_midlarge":"https:\/\/www.rupes.com\/wp-content\/uploads\/2019\/11\/RUPES_9.BRCOARSEBL5L_Tank-WEB.jpg","boxproducts_midlarge-width":750,"boxproducts_midlarge-height":500,"boxproducts_medium":"https:\/\/www.rupes.com\/wp-content\/uploads\/2019\/11\/RUPES_9.BRCOARSEBL5L_Tank-WEB-750x450.jpg","boxproducts_medium-width":750,"boxproducts_medium-height":450,"boxproducts_small":"https:\/\/www.rupes.com\/wp-content\/uploads\/2019\/11\/RUPES_9.BRCOARSEBL5L_Tank-WEB-700x305.jpg","boxproducts_small-width":700,"boxproducts_small-height":305,"boxproducts_mobile":"https:\/\/www.rupes.com\/wp-content\/uploads\/2019\/11\/RUPES_9.BRCOARSEBL5L_Tank-WEB-400x175.jpg","boxproducts_mobile-width":400,"boxproducts_mobile-height":175,"product_thumb":"https:\/\/www.rupes.com\/wp-content\/uploads\/2019\/11\/RUPES_9.BRCOARSEBL5L_Tank-WEB-300x200.jpg","product_thumb-width":300,"product_thumb-height":200,"product_home":"https:\/\/www.rupes.com\/wp-content\/uploads\/2019\/11\/RUPES_9.BRCOARSEBL5L_Tank-WEB.jpg","product_home-width":750,"product_home-height":500,"gallery_first":"https:\/\/www.rupes.com\/wp-content\/uploads\/2019\/11\/RUPES_9.BRCOARSEBL5L_Tank-WEB.jpg","gallery_first-width":750,"gallery_first-height":500,"gallery_thumb":"https:\/\/www.rupes.com\/wp-content\/uploads\/2019\/11\/RUPES_9.BRCOARSEBL5L_Tank-WEB-105x70.jpg","gallery_thumb-width":105,"gallery_thumb-height":70,"category_image":"https:\/\/www.rupes.com\/wp-content\/uploads\/2019\/11\/RUPES_9.BRCOARSEBL5L_Tank-WEB-200x133.jpg","category_image-width":200,"category_image-height":133,"category_thumb":"https:\/\/www.rupes.com\/wp-content\/uploads\/2019\/11\/RUPES_9.BRCOARSEBL5L_Tank-WEB-100x67.jpg","category_thumb-width":100,"category_thumb-height":67}}],"videos":false,"files":[{"label":"msds","etichetta_en":"","etichetta_it":"","etichetta_de":"","etichetta_fr":"","etichetta_es":"","multilingua":"no","file":false,"url_file":"https:\/\/www.rupes.com\/safety-data-sheet\/","file_or_url":"file","file_it":false,"url_it":"","file_or_url_it":"file","file_de":false,"url_de":"","file_or_url_de":"file","file_fr":false,"url_fr":"","file_or_url_fr":"file","file_es":false,"url_es":"","file_or_url_es":"file"},{"label":"custom","etichetta_en":"Technical sheet","etichetta_it":"Scheda tecnica","etichetta_de":"Datenblatt","etichetta_fr":"Fiche technique","etichetta_es":"Ficha t\u00e9cnica","multilingua":"multi","file":false,"url_file":"https:\/\/rupes.com\/technical-sheet\/technical-sheet-EN\/ROTARY-COARSE-BLACK-LINE.pdf","file_or_url":"url","file_it":false,"url_it":"https:\/\/rupes.com\/technical-sheet\/technical-sheet-IT\/ROTARY-COARSE-BLACK-LINE.pdf","file_or_url_it":"url","file_de":false,"url_de":"","file_or_url_de":"file","file_fr":false,"url_fr":"","file_or_url_fr":"file","file_es":false,"url_es":"","file_or_url_es":"file"}],"blocco_dimensione":[{"codice":"9.BRCOARSE","dimensione":"1000 ml","immagine":{"ID":1001403898,"id":1001403898,"title":"ROTARY-COARSE BLACK LINE","filename":"ROTARY-COARSE-BLACK-LINE.jpg","filesize":239359,"url":"https:\/\/www.rupes.com\/wp-content\/uploads\/2019\/11\/ROTARY-COARSE-BLACK-LINE.jpg","link":"https:\/\/www.rupes.com\/it\/product\/coarse-balck-line-polishing-compound-for-rotary-polishers\/rotary-coarse-black-line-2\/","alt":"","author":"1","description":"","caption":"","name":"rotary-coarse-black-line-2","status":"inherit","uploaded_to":1001403891,"date":"2023-07-11 09:40:08","modified":"2023-07-11 09:40:19","menu_order":0,"mime_type":"image\/jpeg","type":"image","subtype":"jpeg","icon":"https:\/\/www.rupes.com\/wp-includes\/images\/media\/default.png","width":1417,"height":1777,"sizes":{"thumbnail":"https:\/\/www.rupes.com\/wp-content\/uploads\/2019\/11\/ROTARY-COARSE-BLACK-LINE-150x150.jpg","thumbnail-width":150,"thumbnail-height":150,"medium":"https:\/\/www.rupes.com\/wp-content\/uploads\/2019\/11\/ROTARY-COARSE-BLACK-LINE-239x300.jpg","medium-width":239,"medium-height":300,"medium_large":"https:\/\/www.rupes.com\/wp-content\/uploads\/2019\/11\/ROTARY-COARSE-BLACK-LINE-768x963.jpg","medium_large-width":768,"medium_large-height":963,"large":"https:\/\/www.rupes.com\/wp-content\/uploads\/2019\/11\/ROTARY-COARSE-BLACK-LINE-817x1024.jpg","large-width":817,"large-height":1024,"1536x1536":"https:\/\/www.rupes.com\/wp-content\/uploads\/2019\/11\/ROTARY-COARSE-BLACK-LINE-1225x1536.jpg","1536x1536-width":1225,"1536x1536-height":1536,"2048x2048":"https:\/\/www.rupes.com\/wp-content\/uploads\/2019\/11\/ROTARY-COARSE-BLACK-LINE.jpg","2048x2048-width":1417,"2048x2048-height":1777,"thumb_news":"https:\/\/www.rupes.com\/wp-content\/uploads\/2019\/11\/ROTARY-COARSE-BLACK-LINE-350x200.jpg","thumb_news-width":350,"thumb_news-height":200,"boxhome_small":"https:\/\/www.rupes.com\/wp-content\/uploads\/2019\/11\/ROTARY-COARSE-BLACK-LINE-200x100.jpg","boxhome_small-width":200,"boxhome_small-height":100,"boxhome_medium":"https:\/\/www.rupes.com\/wp-content\/uploads\/2019\/11\/ROTARY-COARSE-BLACK-LINE-300x150.jpg","boxhome_medium-width":300,"boxhome_medium-height":150,"boxhome_large":"https:\/\/www.rupes.com\/wp-content\/uploads\/2019\/11\/ROTARY-COARSE-BLACK-LINE-450x200.jpg","boxhome_large-width":450,"boxhome_large-height":200,"boxproducts_large":"https:\/\/www.rupes.com\/wp-content\/uploads\/2019\/11\/ROTARY-COARSE-BLACK-LINE-1417x700.jpg","boxproducts_large-width":1417,"boxproducts_large-height":700,"boxproducts_midlarge":"https:\/\/www.rupes.com\/wp-content\/uploads\/2019\/11\/ROTARY-COARSE-BLACK-LINE-1280x560.jpg","boxproducts_midlarge-width":1280,"boxproducts_midlarge-height":560,"boxproducts_medium":"https:\/\/www.rupes.com\/wp-content\/uploads\/2019\/11\/ROTARY-COARSE-BLACK-LINE-1024x450.jpg","boxproducts_medium-width":1024,"boxproducts_medium-height":450,"boxproducts_small":"https:\/\/www.rupes.com\/wp-content\/uploads\/2019\/11\/ROTARY-COARSE-BLACK-LINE-700x305.jpg","boxproducts_small-width":700,"boxproducts_small-height":305,"boxproducts_mobile":"https:\/\/www.rupes.com\/wp-content\/uploads\/2019\/11\/ROTARY-COARSE-BLACK-LINE-400x175.jpg","boxproducts_mobile-width":400,"boxproducts_mobile-height":175,"product_thumb":"https:\/\/www.rupes.com\/wp-content\/uploads\/2019\/11\/ROTARY-COARSE-BLACK-LINE-159x200.jpg","product_thumb-width":159,"product_thumb-height":200,"product_home":"https:\/\/www.rupes.com\/wp-content\/uploads\/2019\/11\/ROTARY-COARSE-BLACK-LINE-1200x700.jpg","product_home-width":1200,"product_home-height":700,"gallery_first":"https:\/\/www.rupes.com\/wp-content\/uploads\/2019\/11\/ROTARY-COARSE-BLACK-LINE-399x500.jpg","gallery_first-width":399,"gallery_first-height":500,"gallery_thumb":"https:\/\/www.rupes.com\/wp-content\/uploads\/2019\/11\/ROTARY-COARSE-BLACK-LINE-64x80.jpg","gallery_thumb-width":64,"gallery_thumb-height":80,"category_image":"https:\/\/www.rupes.com\/wp-content\/uploads\/2019\/11\/ROTARY-COARSE-BLACK-LINE-159x200.jpg","category_image-width":159,"category_image-height":200,"category_thumb":"https:\/\/www.rupes.com\/wp-content\/uploads\/2019\/11\/ROTARY-COARSE-BLACK-LINE-80x100.jpg","category_thumb-width":80,"category_thumb-height":100}},"descrizione_en":"use with all rotary polishers","descrizione_it":"Utilizzabile con tutte le lucidatrici rotative","descrizione_de":"","descrizione_fr":"","descrizione_es":""},{"codice":"9.BRCOARSE5L","dimensione":"5 l","immagine":{"ID":1001409749,"id":1001409749,"title":"RUPES_9.BRCOARSEBL5L_Tank WEB","filename":"RUPES_9.BRCOARSEBL5L_Tank-WEB.jpg","filesize":103078,"url":"https:\/\/www.rupes.com\/wp-content\/uploads\/2019\/11\/RUPES_9.BRCOARSEBL5L_Tank-WEB.jpg","link":"https:\/\/www.rupes.com\/it\/product\/coarse-balck-line-polishing-compound-for-rotary-polishers\/rupes_9-brcoarsebl5l_tank-web-2\/","alt":"","author":"1","description":"","caption":"","name":"rupes_9-brcoarsebl5l_tank-web-2","status":"inherit","uploaded_to":1001403891,"date":"2025-09-16 06:57:34","modified":"2025-09-16 06:57:34","menu_order":0,"mime_type":"image\/jpeg","type":"image","subtype":"jpeg","icon":"https:\/\/www.rupes.com\/wp-includes\/images\/media\/default.png","width":750,"height":500,"sizes":{"thumbnail":"https:\/\/www.rupes.com\/wp-content\/uploads\/2019\/11\/RUPES_9.BRCOARSEBL5L_Tank-WEB-150x150.jpg","thumbnail-width":150,"thumbnail-height":150,"medium":"https:\/\/www.rupes.com\/wp-content\/uploads\/2019\/11\/RUPES_9.BRCOARSEBL5L_Tank-WEB-300x200.jpg","medium-width":300,"medium-height":200,"medium_large":"https:\/\/www.rupes.com\/wp-content\/uploads\/2019\/11\/RUPES_9.BRCOARSEBL5L_Tank-WEB.jpg","medium_large-width":750,"medium_large-height":500,"large":"https:\/\/www.rupes.com\/wp-content\/uploads\/2019\/11\/RUPES_9.BRCOARSEBL5L_Tank-WEB.jpg","large-width":750,"large-height":500,"1536x1536":"https:\/\/www.rupes.com\/wp-content\/uploads\/2019\/11\/RUPES_9.BRCOARSEBL5L_Tank-WEB.jpg","1536x1536-width":750,"1536x1536-height":500,"2048x2048":"https:\/\/www.rupes.com\/wp-content\/uploads\/2019\/11\/RUPES_9.BRCOARSEBL5L_Tank-WEB.jpg","2048x2048-width":750,"2048x2048-height":500,"thumb_news":"https:\/\/www.rupes.com\/wp-content\/uploads\/2019\/11\/RUPES_9.BRCOARSEBL5L_Tank-WEB-350x200.jpg","thumb_news-width":350,"thumb_news-height":200,"boxhome_small":"https:\/\/www.rupes.com\/wp-content\/uploads\/2019\/11\/RUPES_9.BRCOARSEBL5L_Tank-WEB-200x100.jpg","boxhome_small-width":200,"boxhome_small-height":100,"boxhome_medium":"https:\/\/www.rupes.com\/wp-content\/uploads\/2019\/11\/RUPES_9.BRCOARSEBL5L_Tank-WEB-300x150.jpg","boxhome_medium-width":300,"boxhome_medium-height":150,"boxhome_large":"https:\/\/www.rupes.com\/wp-content\/uploads\/2019\/11\/RUPES_9.BRCOARSEBL5L_Tank-WEB-450x200.jpg","boxhome_large-width":450,"boxhome_large-height":200,"boxproducts_large":"https:\/\/www.rupes.com\/wp-content\/uploads\/2019\/11\/RUPES_9.BRCOARSEBL5L_Tank-WEB.jpg","boxproducts_large-width":750,"boxproducts_large-height":500,"boxproducts_midlarge":"https:\/\/www.rupes.com\/wp-content\/uploads\/2019\/11\/RUPES_9.BRCOARSEBL5L_Tank-WEB.jpg","boxproducts_midlarge-width":750,"boxproducts_midlarge-height":500,"boxproducts_medium":"https:\/\/www.rupes.com\/wp-content\/uploads\/2019\/11\/RUPES_9.BRCOARSEBL5L_Tank-WEB-750x450.jpg","boxproducts_medium-width":750,"boxproducts_medium-height":450,"boxproducts_small":"https:\/\/www.rupes.com\/wp-content\/uploads\/2019\/11\/RUPES_9.BRCOARSEBL5L_Tank-WEB-700x305.jpg","boxproducts_small-width":700,"boxproducts_small-height":305,"boxproducts_mobile":"https:\/\/www.rupes.com\/wp-content\/uploads\/2019\/11\/RUPES_9.BRCOARSEBL5L_Tank-WEB-400x175.jpg","boxproducts_mobile-width":400,"boxproducts_mobile-height":175,"product_thumb":"https:\/\/www.rupes.com\/wp-content\/uploads\/2019\/11\/RUPES_9.BRCOARSEBL5L_Tank-WEB-300x200.jpg","product_thumb-width":300,"product_thumb-height":200,"product_home":"https:\/\/www.rupes.com\/wp-content\/uploads\/2019\/11\/RUPES_9.BRCOARSEBL5L_Tank-WEB.jpg","product_home-width":750,"product_home-height":500,"gallery_first":"https:\/\/www.rupes.com\/wp-content\/uploads\/2019\/11\/RUPES_9.BRCOARSEBL5L_Tank-WEB.jpg","gallery_first-width":750,"gallery_first-height":500,"gallery_thumb":"https:\/\/www.rupes.com\/wp-content\/uploads\/2019\/11\/RUPES_9.BRCOARSEBL5L_Tank-WEB-105x70.jpg","gallery_thumb-width":105,"gallery_thumb-height":70,"category_image":"https:\/\/www.rupes.com\/wp-content\/uploads\/2019\/11\/RUPES_9.BRCOARSEBL5L_Tank-WEB-200x133.jpg","category_image-width":200,"category_image-height":133,"category_thumb":"https:\/\/www.rupes.com\/wp-content\/uploads\/2019\/11\/RUPES_9.BRCOARSEBL5L_Tank-WEB-100x67.jpg","category_thumb-width":100,"category_thumb-height":67}},"descrizione_en":"use with all rotary polishers","descrizione_it":"Utilizzabile con tutte le lucidatrici rotative","descrizione_de":"","descrizione_fr":"","descrizione_es":""}],"varianti":false,"kit_vendita":false,"blocchi_prodotti_correlati":[{"iconablocco":"fas fa-exchange-alt","seleziona_i_prodotti":[1001388663,1001388662],"label":"alternatives","titolo_correlato_en":"","titolo_correlato_it":"","titolo_correlato_de":"","titolo_correlato_fr":"","titolo_correlato_es":""},{"iconablocco":"fas fa-info-circle","seleziona_i_prodotti":[1001386872,1001387602,1001387346],"label":"alternatives","titolo_correlato_en":"","titolo_correlato_it":"","titolo_correlato_de":"","titolo_correlato_fr":"","titolo_correlato_es":""}],"seleziona_tag_notizie":[888962557],"seleziona_le_recensioni":[1001385704,1001357280],"product_b2b_code":"","attiva_voice_speech":false,"product_b2b_pdf":"","code_usermanuals":"","code_usermanuals_usa":"","google_review_link":"","attiva_collegamento":false,"escludi_scheda_sicurezza":false},"_links":{"self":[{"href":"https:\/\/www.rupes.com\/it\/wp-json\/wp\/v2\/products\/1001403891","targetHints":{"allow":["GET"]}}],"collection":[{"href":"https:\/\/www.rupes.com\/it\/wp-json\/wp\/v2\/products"}],"about":[{"href":"https:\/\/www.rupes.com\/it\/wp-json\/wp\/v2\/types\/product"}],"wp:attachment":[{"href":"https:\/\/www.rupes.com\/it\/wp-json\/wp\/v2\/media?parent=1001403891"}],"wp:term":[{"taxonomy":"category_product","embeddable":true,"href":"https:\/\/www.rupes.com\/it\/wp-json\/wp\/v2\/categoryproduct?post=1001403891"}],"curies":[{"name":"wp","href":"https:\/\/api.w.org\/{rel}","templated":true}]}}