{"id":1001403738,"date":"2023-07-10T12:05:57","date_gmt":"2023-07-10T10:05:57","guid":{"rendered":"https:\/\/www.rupes.com\/?post_type=product&#038;p=1001403738"},"modified":"2026-01-23T12:33:53","modified_gmt":"2026-01-23T11:33:53","slug":"foam-interface-pad-o-150mm-no-holes","status":"publish","type":"product","link":"https:\/\/www.rupes.com\/it\/product\/foam-interface-pad-o-150mm-no-holes\/","title":{"rendered":"Foam Interface Pad &#8211; \u00d8 150mm &#8211; No Holes"},"content":{"rendered":"","protected":false},"featured_media":1001403744,"template":"","meta":{"_acf_changed":false},"categoryproduct":[888965156,888966960],"class_list":["post-1001403738","product","type-product","status-publish","has-post-thumbnail","hentry","category_product-consumables","category_product-consumables-foam-interface-pads"],"acf":{"product_codice":"981.325 - 981.324","scheda_nuova":true,"contact_form":true,"attiva_flag_new_product":false,"attiva_voice_speech":false,"product_home":"0","attiva_special_message":"disattivo","product_titolo_it":"Interfaccia Morbida in Spugna - \u00d8 150mm - Senza Fori","product_titolo_de":"Schaumstoff-Interfacepads  - \u00d8 150mm - ohne Loch","product_titolo_fr":"Coussinets d'interface en mousse  - \u00d8 150mm - No Holes","product_titolo_es":"Almohadillas de interfaz de espuma  - \u00d8 150mm - No Holes","product_descrizione_en":"<p>Available in 7mm or 12mm thickness, the new \u00d8 150mm RUPES Foam Interface Pads without holes are designed and manufactured in-house by RUPES and specially engineered to allow all users improve their sanding results letting the disk adapt to difference shapes of the panel and create a better, more consistent finish.<\/p>\n","product_descrizione_it":"<p>Disponibili con spessore di 7mm o 12mm, le nuove Interfacce Morbide in Spugna da \u00d8 150mm senza fori sono prodotte internamente da RUPES e sono progettate per consentire di migliorare i risultati della levigatura, lasciando che il disco abrasivo si adatti alle diverse forme della superficie di lavoro e creando una finitura migliore e pi\u00f9 uniforme.<\/p>\n","product_descrizione_de":"","product_descrizione_fr":"","product_descrizione_es":"","product_scheda_en":"","product_scheda_it":"","product_scheda_de":"","product_scheda_fr":"","product_scheda_es":"","thumb":false,"gallery":[{"ID":1001403747,"id":1001403747,"title":"981.325","filename":"981.325.jpg","filesize":377752,"url":"https:\/\/www.rupes.com\/wp-content\/uploads\/2023\/07\/981.325.jpg","link":"https:\/\/www.rupes.com\/it\/product\/foam-interface-pad-o-150mm-no-holes\/981-325-2\/","alt":"","author":"2","description":"","caption":"","name":"981-325-2","status":"inherit","uploaded_to":1001403738,"date":"2023-07-06 12:08:17","modified":"2023-07-06 12:08:17","menu_order":0,"mime_type":"image\/jpeg","type":"image","subtype":"jpeg","icon":"https:\/\/www.rupes.com\/wp-includes\/images\/media\/default.png","width":2560,"height":1707,"sizes":{"thumbnail":"https:\/\/www.rupes.com\/wp-content\/uploads\/2023\/07\/981.325-150x150.jpg","thumbnail-width":150,"thumbnail-height":150,"medium":"https:\/\/www.rupes.com\/wp-content\/uploads\/2023\/07\/981.325-300x200.jpg","medium-width":300,"medium-height":200,"medium_large":"https:\/\/www.rupes.com\/wp-content\/uploads\/2023\/07\/981.325-768x512.jpg","medium_large-width":768,"medium_large-height":512,"large":"https:\/\/www.rupes.com\/wp-content\/uploads\/2023\/07\/981.325-1024x683.jpg","large-width":1024,"large-height":683,"1536x1536":"https:\/\/www.rupes.com\/wp-content\/uploads\/2023\/07\/981.325-1536x1024.jpg","1536x1536-width":1536,"1536x1536-height":1024,"2048x2048":"https:\/\/www.rupes.com\/wp-content\/uploads\/2023\/07\/981.325-2048x1366.jpg","2048x2048-width":2048,"2048x2048-height":1366,"thumb_news":"https:\/\/www.rupes.com\/wp-content\/uploads\/2023\/07\/981.325-350x200.jpg","thumb_news-width":350,"thumb_news-height":200,"boxhome_small":"https:\/\/www.rupes.com\/wp-content\/uploads\/2023\/07\/981.325-200x100.jpg","boxhome_small-width":200,"boxhome_small-height":100,"boxhome_medium":"https:\/\/www.rupes.com\/wp-content\/uploads\/2023\/07\/981.325-300x150.jpg","boxhome_medium-width":300,"boxhome_medium-height":150,"boxhome_large":"https:\/\/www.rupes.com\/wp-content\/uploads\/2023\/07\/981.325-450x200.jpg","boxhome_large-width":450,"boxhome_large-height":200,"boxproducts_large":"https:\/\/www.rupes.com\/wp-content\/uploads\/2023\/07\/981.325-1600x700.jpg","boxproducts_large-width":1600,"boxproducts_large-height":700,"boxproducts_midlarge":"https:\/\/www.rupes.com\/wp-content\/uploads\/2023\/07\/981.325-1280x560.jpg","boxproducts_midlarge-width":1280,"boxproducts_midlarge-height":560,"boxproducts_medium":"https:\/\/www.rupes.com\/wp-content\/uploads\/2023\/07\/981.325-1024x450.jpg","boxproducts_medium-width":1024,"boxproducts_medium-height":450,"boxproducts_small":"https:\/\/www.rupes.com\/wp-content\/uploads\/2023\/07\/981.325-700x305.jpg","boxproducts_small-width":700,"boxproducts_small-height":305,"boxproducts_mobile":"https:\/\/www.rupes.com\/wp-content\/uploads\/2023\/07\/981.325-400x175.jpg","boxproducts_mobile-width":400,"boxproducts_mobile-height":175,"product_thumb":"https:\/\/www.rupes.com\/wp-content\/uploads\/2023\/07\/981.325-300x200.jpg","product_thumb-width":300,"product_thumb-height":200,"product_home":"https:\/\/www.rupes.com\/wp-content\/uploads\/2023\/07\/981.325-1200x700.jpg","product_home-width":1200,"product_home-height":700,"gallery_first":"https:\/\/www.rupes.com\/wp-content\/uploads\/2023\/07\/981.325-750x500.jpg","gallery_first-width":750,"gallery_first-height":500,"gallery_thumb":"https:\/\/www.rupes.com\/wp-content\/uploads\/2023\/07\/981.325-105x70.jpg","gallery_thumb-width":105,"gallery_thumb-height":70,"category_image":"https:\/\/www.rupes.com\/wp-content\/uploads\/2023\/07\/981.325-200x133.jpg","category_image-width":200,"category_image-height":133,"category_thumb":"https:\/\/www.rupes.com\/wp-content\/uploads\/2023\/07\/981.325-100x67.jpg","category_thumb-width":100,"category_thumb-height":67}},{"ID":1001403742,"id":1001403742,"title":"981.324","filename":"981.324.jpg","filesize":397746,"url":"https:\/\/www.rupes.com\/wp-content\/uploads\/2023\/07\/981.324.jpg","link":"https:\/\/www.rupes.com\/it\/product\/foam-interface-pad-o-150mm-no-holes\/981-324-2\/","alt":"","author":"2","description":"","caption":"","name":"981-324-2","status":"inherit","uploaded_to":1001403738,"date":"2023-07-06 12:08:07","modified":"2023-07-06 12:08:07","menu_order":0,"mime_type":"image\/jpeg","type":"image","subtype":"jpeg","icon":"https:\/\/www.rupes.com\/wp-includes\/images\/media\/default.png","width":2560,"height":1707,"sizes":{"thumbnail":"https:\/\/www.rupes.com\/wp-content\/uploads\/2023\/07\/981.324-150x150.jpg","thumbnail-width":150,"thumbnail-height":150,"medium":"https:\/\/www.rupes.com\/wp-content\/uploads\/2023\/07\/981.324-300x200.jpg","medium-width":300,"medium-height":200,"medium_large":"https:\/\/www.rupes.com\/wp-content\/uploads\/2023\/07\/981.324-768x512.jpg","medium_large-width":768,"medium_large-height":512,"large":"https:\/\/www.rupes.com\/wp-content\/uploads\/2023\/07\/981.324-1024x683.jpg","large-width":1024,"large-height":683,"1536x1536":"https:\/\/www.rupes.com\/wp-content\/uploads\/2023\/07\/981.324-1536x1024.jpg","1536x1536-width":1536,"1536x1536-height":1024,"2048x2048":"https:\/\/www.rupes.com\/wp-content\/uploads\/2023\/07\/981.324-2048x1366.jpg","2048x2048-width":2048,"2048x2048-height":1366,"thumb_news":"https:\/\/www.rupes.com\/wp-content\/uploads\/2023\/07\/981.324-350x200.jpg","thumb_news-width":350,"thumb_news-height":200,"boxhome_small":"https:\/\/www.rupes.com\/wp-content\/uploads\/2023\/07\/981.324-200x100.jpg","boxhome_small-width":200,"boxhome_small-height":100,"boxhome_medium":"https:\/\/www.rupes.com\/wp-content\/uploads\/2023\/07\/981.324-300x150.jpg","boxhome_medium-width":300,"boxhome_medium-height":150,"boxhome_large":"https:\/\/www.rupes.com\/wp-content\/uploads\/2023\/07\/981.324-450x200.jpg","boxhome_large-width":450,"boxhome_large-height":200,"boxproducts_large":"https:\/\/www.rupes.com\/wp-content\/uploads\/2023\/07\/981.324-1600x700.jpg","boxproducts_large-width":1600,"boxproducts_large-height":700,"boxproducts_midlarge":"https:\/\/www.rupes.com\/wp-content\/uploads\/2023\/07\/981.324-1280x560.jpg","boxproducts_midlarge-width":1280,"boxproducts_midlarge-height":560,"boxproducts_medium":"https:\/\/www.rupes.com\/wp-content\/uploads\/2023\/07\/981.324-1024x450.jpg","boxproducts_medium-width":1024,"boxproducts_medium-height":450,"boxproducts_small":"https:\/\/www.rupes.com\/wp-content\/uploads\/2023\/07\/981.324-700x305.jpg","boxproducts_small-width":700,"boxproducts_small-height":305,"boxproducts_mobile":"https:\/\/www.rupes.com\/wp-content\/uploads\/2023\/07\/981.324-400x175.jpg","boxproducts_mobile-width":400,"boxproducts_mobile-height":175,"product_thumb":"https:\/\/www.rupes.com\/wp-content\/uploads\/2023\/07\/981.324-300x200.jpg","product_thumb-width":300,"product_thumb-height":200,"product_home":"https:\/\/www.rupes.com\/wp-content\/uploads\/2023\/07\/981.324-1200x700.jpg","product_home-width":1200,"product_home-height":700,"gallery_first":"https:\/\/www.rupes.com\/wp-content\/uploads\/2023\/07\/981.324-750x500.jpg","gallery_first-width":750,"gallery_first-height":500,"gallery_thumb":"https:\/\/www.rupes.com\/wp-content\/uploads\/2023\/07\/981.324-105x70.jpg","gallery_thumb-width":105,"gallery_thumb-height":70,"category_image":"https:\/\/www.rupes.com\/wp-content\/uploads\/2023\/07\/981.324-200x133.jpg","category_image-width":200,"category_image-height":133,"category_thumb":"https:\/\/www.rupes.com\/wp-content\/uploads\/2023\/07\/981.324-100x67.jpg","category_thumb-width":100,"category_thumb-height":67}}],"videos":false,"files":[{"label":"flyers","etichetta_en":"","etichetta_it":"","etichetta_de":"","etichetta_fr":"","etichetta_es":"","multilingua":"multi","file":{"ID":1001403868,"id":1001403868,"title":"Foam Interface Pads_EN_no price","filename":"Foam-Interface-Pads_EN_no-price.pdf","filesize":591693,"url":"https:\/\/www.rupes.com\/wp-content\/uploads\/2023\/07\/Foam-Interface-Pads_EN_no-price.pdf","link":"https:\/\/www.rupes.com\/it\/foam-interface-pads_en_no-price-2\/","alt":"","author":"1","description":"","caption":"","name":"foam-interface-pads_en_no-price-2","status":"inherit","uploaded_to":0,"date":"2023-07-11 08:36:58","modified":"2023-07-11 08:36:58","menu_order":0,"mime_type":"application\/pdf","type":"application","subtype":"pdf","icon":"https:\/\/www.rupes.com\/wp-includes\/images\/media\/document.png"},"url_file":"","file_or_url":"file","file_it":false,"url_it":"","file_or_url_it":"file","file_de":{"ID":1001403863,"id":1001403863,"title":"Foam Interface Pads_DE_no price","filename":"Foam-Interface-Pads_DE_no-price.pdf","filesize":592590,"url":"https:\/\/www.rupes.com\/wp-content\/uploads\/2023\/07\/Foam-Interface-Pads_DE_no-price.pdf","link":"https:\/\/www.rupes.com\/it\/foam-interface-pads_de_no-price-2\/","alt":"","author":"1","description":"","caption":"","name":"foam-interface-pads_de_no-price-2","status":"inherit","uploaded_to":0,"date":"2023-07-11 08:36:54","modified":"2023-07-11 08:36:54","menu_order":0,"mime_type":"application\/pdf","type":"application","subtype":"pdf","icon":"https:\/\/www.rupes.com\/wp-includes\/images\/media\/document.png"},"url_de":"","file_or_url_de":"file","file_fr":false,"url_fr":"","file_or_url_fr":"file","file_es":false,"url_es":"","file_or_url_es":"file"}],"product_b2b_code":"","product_b2b_pdf":"","code_usermanuals":"","code_usermanuals_usa":"","blocco_dimensione":[{"codice":"981.325","dimensione":"7mm","immagine":{"ID":1001403747,"id":1001403747,"title":"981.325","filename":"981.325.jpg","filesize":377752,"url":"https:\/\/www.rupes.com\/wp-content\/uploads\/2023\/07\/981.325.jpg","link":"https:\/\/www.rupes.com\/it\/product\/foam-interface-pad-o-150mm-no-holes\/981-325-2\/","alt":"","author":"2","description":"","caption":"","name":"981-325-2","status":"inherit","uploaded_to":1001403738,"date":"2023-07-06 12:08:17","modified":"2023-07-06 12:08:17","menu_order":0,"mime_type":"image\/jpeg","type":"image","subtype":"jpeg","icon":"https:\/\/www.rupes.com\/wp-includes\/images\/media\/default.png","width":2560,"height":1707,"sizes":{"thumbnail":"https:\/\/www.rupes.com\/wp-content\/uploads\/2023\/07\/981.325-150x150.jpg","thumbnail-width":150,"thumbnail-height":150,"medium":"https:\/\/www.rupes.com\/wp-content\/uploads\/2023\/07\/981.325-300x200.jpg","medium-width":300,"medium-height":200,"medium_large":"https:\/\/www.rupes.com\/wp-content\/uploads\/2023\/07\/981.325-768x512.jpg","medium_large-width":768,"medium_large-height":512,"large":"https:\/\/www.rupes.com\/wp-content\/uploads\/2023\/07\/981.325-1024x683.jpg","large-width":1024,"large-height":683,"1536x1536":"https:\/\/www.rupes.com\/wp-content\/uploads\/2023\/07\/981.325-1536x1024.jpg","1536x1536-width":1536,"1536x1536-height":1024,"2048x2048":"https:\/\/www.rupes.com\/wp-content\/uploads\/2023\/07\/981.325-2048x1366.jpg","2048x2048-width":2048,"2048x2048-height":1366,"thumb_news":"https:\/\/www.rupes.com\/wp-content\/uploads\/2023\/07\/981.325-350x200.jpg","thumb_news-width":350,"thumb_news-height":200,"boxhome_small":"https:\/\/www.rupes.com\/wp-content\/uploads\/2023\/07\/981.325-200x100.jpg","boxhome_small-width":200,"boxhome_small-height":100,"boxhome_medium":"https:\/\/www.rupes.com\/wp-content\/uploads\/2023\/07\/981.325-300x150.jpg","boxhome_medium-width":300,"boxhome_medium-height":150,"boxhome_large":"https:\/\/www.rupes.com\/wp-content\/uploads\/2023\/07\/981.325-450x200.jpg","boxhome_large-width":450,"boxhome_large-height":200,"boxproducts_large":"https:\/\/www.rupes.com\/wp-content\/uploads\/2023\/07\/981.325-1600x700.jpg","boxproducts_large-width":1600,"boxproducts_large-height":700,"boxproducts_midlarge":"https:\/\/www.rupes.com\/wp-content\/uploads\/2023\/07\/981.325-1280x560.jpg","boxproducts_midlarge-width":1280,"boxproducts_midlarge-height":560,"boxproducts_medium":"https:\/\/www.rupes.com\/wp-content\/uploads\/2023\/07\/981.325-1024x450.jpg","boxproducts_medium-width":1024,"boxproducts_medium-height":450,"boxproducts_small":"https:\/\/www.rupes.com\/wp-content\/uploads\/2023\/07\/981.325-700x305.jpg","boxproducts_small-width":700,"boxproducts_small-height":305,"boxproducts_mobile":"https:\/\/www.rupes.com\/wp-content\/uploads\/2023\/07\/981.325-400x175.jpg","boxproducts_mobile-width":400,"boxproducts_mobile-height":175,"product_thumb":"https:\/\/www.rupes.com\/wp-content\/uploads\/2023\/07\/981.325-300x200.jpg","product_thumb-width":300,"product_thumb-height":200,"product_home":"https:\/\/www.rupes.com\/wp-content\/uploads\/2023\/07\/981.325-1200x700.jpg","product_home-width":1200,"product_home-height":700,"gallery_first":"https:\/\/www.rupes.com\/wp-content\/uploads\/2023\/07\/981.325-750x500.jpg","gallery_first-width":750,"gallery_first-height":500,"gallery_thumb":"https:\/\/www.rupes.com\/wp-content\/uploads\/2023\/07\/981.325-105x70.jpg","gallery_thumb-width":105,"gallery_thumb-height":70,"category_image":"https:\/\/www.rupes.com\/wp-content\/uploads\/2023\/07\/981.325-200x133.jpg","category_image-width":200,"category_image-height":133,"category_thumb":"https:\/\/www.rupes.com\/wp-content\/uploads\/2023\/07\/981.325-100x67.jpg","category_thumb-width":100,"category_thumb-height":67}},"descrizione_en":"7mm thickness","descrizione_it":"Spessore 7mm","descrizione_de":"","descrizione_fr":"","descrizione_es":""},{"codice":"981.324","dimensione":"12mm","immagine":{"ID":1001403742,"id":1001403742,"title":"981.324","filename":"981.324.jpg","filesize":397746,"url":"https:\/\/www.rupes.com\/wp-content\/uploads\/2023\/07\/981.324.jpg","link":"https:\/\/www.rupes.com\/it\/product\/foam-interface-pad-o-150mm-no-holes\/981-324-2\/","alt":"","author":"2","description":"","caption":"","name":"981-324-2","status":"inherit","uploaded_to":1001403738,"date":"2023-07-06 12:08:07","modified":"2023-07-06 12:08:07","menu_order":0,"mime_type":"image\/jpeg","type":"image","subtype":"jpeg","icon":"https:\/\/www.rupes.com\/wp-includes\/images\/media\/default.png","width":2560,"height":1707,"sizes":{"thumbnail":"https:\/\/www.rupes.com\/wp-content\/uploads\/2023\/07\/981.324-150x150.jpg","thumbnail-width":150,"thumbnail-height":150,"medium":"https:\/\/www.rupes.com\/wp-content\/uploads\/2023\/07\/981.324-300x200.jpg","medium-width":300,"medium-height":200,"medium_large":"https:\/\/www.rupes.com\/wp-content\/uploads\/2023\/07\/981.324-768x512.jpg","medium_large-width":768,"medium_large-height":512,"large":"https:\/\/www.rupes.com\/wp-content\/uploads\/2023\/07\/981.324-1024x683.jpg","large-width":1024,"large-height":683,"1536x1536":"https:\/\/www.rupes.com\/wp-content\/uploads\/2023\/07\/981.324-1536x1024.jpg","1536x1536-width":1536,"1536x1536-height":1024,"2048x2048":"https:\/\/www.rupes.com\/wp-content\/uploads\/2023\/07\/981.324-2048x1366.jpg","2048x2048-width":2048,"2048x2048-height":1366,"thumb_news":"https:\/\/www.rupes.com\/wp-content\/uploads\/2023\/07\/981.324-350x200.jpg","thumb_news-width":350,"thumb_news-height":200,"boxhome_small":"https:\/\/www.rupes.com\/wp-content\/uploads\/2023\/07\/981.324-200x100.jpg","boxhome_small-width":200,"boxhome_small-height":100,"boxhome_medium":"https:\/\/www.rupes.com\/wp-content\/uploads\/2023\/07\/981.324-300x150.jpg","boxhome_medium-width":300,"boxhome_medium-height":150,"boxhome_large":"https:\/\/www.rupes.com\/wp-content\/uploads\/2023\/07\/981.324-450x200.jpg","boxhome_large-width":450,"boxhome_large-height":200,"boxproducts_large":"https:\/\/www.rupes.com\/wp-content\/uploads\/2023\/07\/981.324-1600x700.jpg","boxproducts_large-width":1600,"boxproducts_large-height":700,"boxproducts_midlarge":"https:\/\/www.rupes.com\/wp-content\/uploads\/2023\/07\/981.324-1280x560.jpg","boxproducts_midlarge-width":1280,"boxproducts_midlarge-height":560,"boxproducts_medium":"https:\/\/www.rupes.com\/wp-content\/uploads\/2023\/07\/981.324-1024x450.jpg","boxproducts_medium-width":1024,"boxproducts_medium-height":450,"boxproducts_small":"https:\/\/www.rupes.com\/wp-content\/uploads\/2023\/07\/981.324-700x305.jpg","boxproducts_small-width":700,"boxproducts_small-height":305,"boxproducts_mobile":"https:\/\/www.rupes.com\/wp-content\/uploads\/2023\/07\/981.324-400x175.jpg","boxproducts_mobile-width":400,"boxproducts_mobile-height":175,"product_thumb":"https:\/\/www.rupes.com\/wp-content\/uploads\/2023\/07\/981.324-300x200.jpg","product_thumb-width":300,"product_thumb-height":200,"product_home":"https:\/\/www.rupes.com\/wp-content\/uploads\/2023\/07\/981.324-1200x700.jpg","product_home-width":1200,"product_home-height":700,"gallery_first":"https:\/\/www.rupes.com\/wp-content\/uploads\/2023\/07\/981.324-750x500.jpg","gallery_first-width":750,"gallery_first-height":500,"gallery_thumb":"https:\/\/www.rupes.com\/wp-content\/uploads\/2023\/07\/981.324-105x70.jpg","gallery_thumb-width":105,"gallery_thumb-height":70,"category_image":"https:\/\/www.rupes.com\/wp-content\/uploads\/2023\/07\/981.324-200x133.jpg","category_image-width":200,"category_image-height":133,"category_thumb":"https:\/\/www.rupes.com\/wp-content\/uploads\/2023\/07\/981.324-100x67.jpg","category_thumb-width":100,"category_thumb-height":67}},"descrizione_en":"12mm thickness","descrizione_it":"Spessore 12mm","descrizione_de":"","descrizione_fr":"","descrizione_es":""}],"varianti":false,"kit_vendita":false,"blocchi_prodotti_correlati":[{"iconablocco":"fas fa-retweet","seleziona_i_prodotti":[1001403749,1001403716,1001403727,1001403705],"label":"alternatives","titolo_correlato_en":"","titolo_correlato_it":"","titolo_correlato_de":"","titolo_correlato_fr":"","titolo_correlato_es":""}],"seleziona_tag_notizie":false,"google_review_link":"","seleziona_le_recensioni":"","attiva_collegamento":false,"escludi_scheda_sicurezza":false},"_links":{"self":[{"href":"https:\/\/www.rupes.com\/it\/wp-json\/wp\/v2\/products\/1001403738","targetHints":{"allow":["GET"]}}],"collection":[{"href":"https:\/\/www.rupes.com\/it\/wp-json\/wp\/v2\/products"}],"about":[{"href":"https:\/\/www.rupes.com\/it\/wp-json\/wp\/v2\/types\/product"}],"wp:featuredmedia":[{"embeddable":true,"href":"https:\/\/www.rupes.com\/it\/wp-json\/wp\/v2\/media\/1001403744"}],"wp:attachment":[{"href":"https:\/\/www.rupes.com\/it\/wp-json\/wp\/v2\/media?parent=1001403738"}],"wp:term":[{"taxonomy":"category_product","embeddable":true,"href":"https:\/\/www.rupes.com\/it\/wp-json\/wp\/v2\/categoryproduct?post=1001403738"}],"curies":[{"name":"wp","href":"https:\/\/api.w.org\/{rel}","templated":true}]}}