{"id":1001384938,"date":"2019-03-08T02:20:13","date_gmt":"2019-03-08T02:20:13","guid":{"rendered":""},"modified":"2024-01-25T12:54:52","modified_gmt":"2024-01-25T11:54:52","slug":"pneumatic-orbital-sander-70x400mm-velcro-pad-and-5mm-orbit-slp41a","status":"publish","type":"product","link":"https:\/\/www.rupes.com\/it\/product\/pneumatic-orbital-sander-70x400mm-velcro-pad-and-5mm-orbit-slp41a\/","title":{"rendered":"Pneumatic orbital sander 70X400mm velcro pad and 5mm orbit &#8211; SLP41A"},"content":{"rendered":"<p>Pneumatic orbital sander 70X400mm, sander designed for smoothing and levelling surfaces<br \/>\nHigh degree of abrasive performance thanks to an optimal combination of speed, base pad size and orbit diameter<br \/>\nContinuous speed regulation valve<br \/>\nEquipped with multihole rubber plate for optimal suction (70&#215;400 cm)<br \/>\nDesigned for connection to extraction systems<br \/>\nPressure regulator eliminating the &#8220;blow back&#8221; effect of the pad on the surface<\/p>\n<p><img fetchpriority=\"high\" decoding=\"async\" class=\"aligncenter size-medium wp-image-1001395161\" src=\"https:\/\/www.rupes.com\/wp-content\/uploads\/2019\/03\/SLP41A_Pneumatic-orbital-sander-70X400mm-velcro-pad-and-5mm-orbit-300x200.jpg\" alt=\"SLP41A - Pneumatic orbital sander 70X400mm velcro pad and 5mm orbit\" width=\"300\" height=\"200\" srcset=\"https:\/\/www.rupes.com\/wp-content\/uploads\/2019\/03\/SLP41A_Pneumatic-orbital-sander-70X400mm-velcro-pad-and-5mm-orbit-300x200.jpg 300w, https:\/\/www.rupes.com\/wp-content\/uploads\/2019\/03\/SLP41A_Pneumatic-orbital-sander-70X400mm-velcro-pad-and-5mm-orbit-1024x683.jpg 1024w, https:\/\/www.rupes.com\/wp-content\/uploads\/2019\/03\/SLP41A_Pneumatic-orbital-sander-70X400mm-velcro-pad-and-5mm-orbit-768x512.jpg 768w, https:\/\/www.rupes.com\/wp-content\/uploads\/2019\/03\/SLP41A_Pneumatic-orbital-sander-70X400mm-velcro-pad-and-5mm-orbit-750x500.jpg 750w, https:\/\/www.rupes.com\/wp-content\/uploads\/2019\/03\/SLP41A_Pneumatic-orbital-sander-70X400mm-velcro-pad-and-5mm-orbit-105x70.jpg 105w, https:\/\/www.rupes.com\/wp-content\/uploads\/2019\/03\/SLP41A_Pneumatic-orbital-sander-70X400mm-velcro-pad-and-5mm-orbit-200x133.jpg 200w, https:\/\/www.rupes.com\/wp-content\/uploads\/2019\/03\/SLP41A_Pneumatic-orbital-sander-70X400mm-velcro-pad-and-5mm-orbit-100x67.jpg 100w, https:\/\/www.rupes.com\/wp-content\/uploads\/2019\/03\/SLP41A_Pneumatic-orbital-sander-70X400mm-velcro-pad-and-5mm-orbit.jpg 1200w\" sizes=\"(max-width: 300px) 100vw, 300px\" \/><\/p>\n<p><b>Pneumatic orbital sander 70X400mm applications<\/b><\/p>\n<ul>\n<li>Levelling and smoothing flat surfaces, sections, beading and large-radius curved surfaces<\/li>\n<li>Sanding large surfaces<\/li>\n<li>Ideal for grinding fillers and improving flatness<\/li>\n<\/ul>\n","protected":false},"featured_media":0,"template":"","meta":{"_acf_changed":false},"categoryproduct":[888965181,888965184],"class_list":["post-1001384938","product","type-product","status-publish","hentry","category_product-pneumatic-tools","category_product-pneumatic-tools-sanders"],"acf":{"product_codice":"SLP41A","scheda_nuova":true,"contact_form":true,"attiva_flag_new_product":false,"product_home":"0","attiva_special_message":"disattivo","product_titolo_it":"LEVIGATRICE ORBITALE PNEUMATICA SLP41A 70 X 400 VELCRO  ORB. 5mm ","product_titolo_de":"PNEUMATISCHER SCHWINGSCHLEIFER SLP41A 70 X 400 KLETT HUB 5mm ","product_titolo_fr":"PONCEUSE ORBITALE PNEUMATIQUE SLP41A 70 X 400 VELCRO ORB 5mm","product_titolo_es":"LIJADORA ORBITAL NEUMATICA SLP41A 70 X 400 VELCRO ORB 5mm","product_descrizione_en":"<p>Pneumatic orbital sander 70X400mm, sander designed for smoothing and levelling surfaces<br \/>\nHigh degree of abrasive performance thanks to an optimal combination of speed, base pad size and orbit diameter<br \/>\nContinuous speed regulation valve<br \/>\nEquipped with multihole rubber plate for optimal suction (70&#215;400 cm)<br \/>\nDesigned for connection to extraction systems<br \/>\nPressure regulator eliminating the &#8220;blow back&#8221; effect of the pad on the surface<\/p>\n<p><b>Pneumatic orbital sander 70X400mm applications<\/b><\/p>\n<ul>\n<li>Levelling and smoothing flat surfaces, sections, beading and large-radius curved surfaces<\/li>\n<li>Sanding large surfaces<\/li>\n<li>Ideal for grinding fillers and improving flatness<\/li>\n<\/ul>\n","product_descrizione_it":"<p>Levigatrice orbitale pneumatica 70X400mm, levigatrice progettata per levigare e livellare superfici<br \/>\nElevate prestazioni abrasive grazie a una combinazione ottimale di velocit\u00e0, dimensione del cuscinetto di base e diametro dell&#8217;orbita<br \/>\nValvola di regolazione continua della velocit\u00e0<br \/>\nDotato di piastra in gomma multiforo per un&#8217;aspirazione ottimale (70&#215;400 cm)<br \/>\nProgettato per il collegamento a sistemi di aspirazione<br \/>\nRegolatore di pressione che elimina l&#8217;effetto &#8220;blow back&#8221; del tampone sulla superficie<\/p>\n<p><b> Applicazioni levigatrice orbitale pneumatica 70X400mm <\/b><\/p>\n<ul>\n<li>Livellamento e levigatura di superfici piane, sezioni, bordature e superfici curve di grande raggio<\/li>\n<li>Levigatura di grandi superfici<\/li>\n<li>Ideale per levigare riempitivi e migliorare la planarit\u00e0<\/li>\n<\/ul>\n","product_descrizione_de":"<p>Pneumatischer Exzenterschleifer 70X400mm, Schleifer zum Gl\u00e4tten und Nivellieren von Oberfl\u00e4chen<br \/>\nHohe Schleifleistung dank einer optimalen Kombination aus Geschwindigkeit, Basispolstergr\u00f6\u00dfe und Orbitdurchmesser<br \/>\nRegelventil f\u00fcr kontinuierliche Drehzahl<br \/>\nAusgestattet mit Mehrlochgummiplatte f\u00fcr optimale Saugleistung (70&#215;400 cm)<br \/>\nEntwickelt f\u00fcr den Anschluss an Absaugsysteme<br \/>\nDruckregler eliminiert den &#8220;Blow Back&#8221; -Effekt des Pads auf der Oberfl\u00e4che<\/p>\n<p><b> Pneumatischer Exzenterschleifer 70X400mm Anwendungen &lt;\/ b&gt;<\/b><\/p>\n<ul>\n<li>Nivellieren und Gl\u00e4tten von ebenen Fl\u00e4chen, Abschnitten, Perlen und gekr\u00fcmmten Fl\u00e4chen mit gro\u00dfem Radius &lt;\/ li&gt;<\/li>\n<li>Schleifen gro\u00dfer Fl\u00e4chen &lt;\/ li&gt; &lt;\/ ul&gt;<\/li>\n<li>Ideal zum Mahlen von F\u00fcllstoffen und zur Verbesserung der Ebenheit &lt;\/ li&gt;<br \/>\n&lt;\/ ul&gt;<\/li>\n<\/ul>\n","product_descrizione_fr":"<p>Ponceuse orbitale pneumatique 70X400mm, ponceuse con\u00e7ue pour le lissage et le nivellement des surfaces<br \/>\nHaute performance abrasive gr\u00e2ce \u00e0 une combinaison optimale de vitesse, de taille de coussin de base et de diam\u00e8tre d&#8217;orbite<br \/>\nVanne de r\u00e9gulation de vitesse continue<br \/>\nEquip\u00e9 d&#8217;une plaque en caoutchouc multi-trous pour une aspiration optimale (70&#215;400 cm)<br \/>\nCon\u00e7u pour la connexion aux syst\u00e8mes d&#8217;extraction<br \/>\nR\u00e9gulateur de pression \u00e9liminant l&#8217;effet de \u00abrefoulement\u00bb du tampon sur la surface<\/p>\n<p><b> Applications de la ponceuse orbitale pneumatique 70X400mm <\/b><\/p>\n<ul>\n<li>Nivellement et lissage des surfaces planes, des sections, des rebords et des surfaces courbes \u00e0 grand rayon<\/li>\n<li>Pon\u00e7age de grandes surfaces<\/li>\n<li>Id\u00e9al pour meuler les charges et am\u00e9liorer la plan\u00e9it\u00e9<\/li>\n<\/ul>\n","product_descrizione_es":"<p>Lijadora orbital neum\u00e1tica 70X400mm, lijadora dise\u00f1ada para alisar y nivelar superficies<br \/>\nAlto grado de rendimiento abrasivo gracias a una combinaci\u00f3n \u00f3ptima de velocidad, tama\u00f1o de la almohadilla base y di\u00e1metro de la \u00f3rbita<br \/>\nV\u00e1lvula de regulaci\u00f3n de velocidad continua<br \/>\nEquipado con placa de goma de m\u00faltiples orificios para una succi\u00f3n \u00f3ptima (70&#215;400 cm)<br \/>\nDise\u00f1ado para conexi\u00f3n a sistemas de extracci\u00f3n<br \/>\nRegulador de presi\u00f3n que elimina el efecto &#8220;retroceso&#8221; de la almohadilla en la superficie<\/p>\n<p><b> Aplicaciones de lijadora orbital neum\u00e1tica de 70X400 mm <\/b><\/p>\n<ul>\n<li>Nivelar y alisar superficies planas, secciones, rebordear y superficies curvas de radio grande<\/li>\n<li>Lijado de superficies grandes<\/li>\n<li>Ideal para moler rellenos y mejorar la planitud<\/li>\n<\/ul>\n","product_scheda_en":"<table border=\"1\" cellspacing=\"1\" cellpadding=\"1\">\n<tbody>\n<tr>\n<td>Size rectangular pad (mm)<\/td>\n<td>400&#215;70<\/td>\n<\/tr>\n<tr>\n<td>Velcro plate<\/td>\n<td>\u2022<\/td>\n<\/tr>\n<tr>\n<td>Speed control<\/td>\n<td>\u2022<\/td>\n<\/tr>\n<tr>\n<td>Max consumption air (l\/min)<\/td>\n<td>400<\/td>\n<\/tr>\n<tr>\n<td>Weight (kg)<\/td>\n<td>2,400<\/td>\n<\/tr>\n<tr>\n<td>R.P.M.<\/td>\n<td>4000 &#8211; 10000<\/td>\n<\/tr>\n<tr>\n<td>Working pressure (bar)<\/td>\n<td>6<\/td>\n<\/tr>\n<tr>\n<td>\u00d8 orbit (mm)<\/td>\n<td>4,8<\/td>\n<\/tr>\n<\/tbody>\n<\/table>\n","product_scheda_it":"<table style=\"line-height: 1.6;\" border=\"1\" cellspacing=\"1\" cellpadding=\"1\">\n<tbody>\n<tr>\n<td>Dimensioni platorello rettangolare (mm)<\/td>\n<td>400&#215;70<\/td>\n<\/tr>\n<tr>\n<td>Piastra velcro<\/td>\n<td>\u2022<\/td>\n<\/tr>\n<tr>\n<td>Regolazione di velocit\u00e0<\/td>\n<td>\u2022<\/td>\n<\/tr>\n<tr>\n<td>Consumo d&#8217;aria max (l\/min)<\/td>\n<td>400<\/td>\n<\/tr>\n<tr>\n<td>Peso (kg)<\/td>\n<td>2,400<\/td>\n<\/tr>\n<tr>\n<td>R.P.M.<\/td>\n<td>4000 &#8211; 10000<\/td>\n<\/tr>\n<tr>\n<td>Pressione d&#8217;esercizio (bar)<\/td>\n<td>6<\/td>\n<\/tr>\n<tr>\n<td>\u00d8 orbita (mm)<\/td>\n<td>4,8<\/td>\n<\/tr>\n<\/tbody>\n<\/table>\n","product_scheda_de":"<table border=\"1\" cellspacing=\"1\" cellpadding=\"1\">\n<tbody>\n<tr>\n<td>Gr\u00f6\u00dfe Schleifplatte (mm)<\/td>\n<td>400&#215;70<\/td>\n<\/tr>\n<tr>\n<td>Klettplatte<\/td>\n<td>\u2022<\/td>\n<\/tr>\n<tr>\n<td>Regulierung der Geschwindigkeit<\/td>\n<td>\u2022<\/td>\n<\/tr>\n<tr>\n<td>Luftverbrauch (l\/min)<\/td>\n<td>400<\/td>\n<\/tr>\n<tr>\n<td>Gewicht (kg)<\/td>\n<td>2,400<\/td>\n<\/tr>\n<tr>\n<td>R.P.M.<\/td>\n<td>4000 &#8211; 10000<\/td>\n<\/tr>\n<tr>\n<td>Betriebsdruck (bar)<\/td>\n<td>6<\/td>\n<\/tr>\n<tr>\n<td>\u00d8 Schleifhub (mm)<\/td>\n<td>4,8<\/td>\n<\/tr>\n<\/tbody>\n<\/table>\n","product_scheda_fr":"<table border=\"1\" cellspacing=\"1\" cellpadding=\"1\">\n<tbody>\n<tr>\n<td>Dimensions plateau rectangulaire (mm)<\/td>\n<td>400&#215;70<\/td>\n<\/tr>\n<tr>\n<td>Plateau velcro<\/td>\n<td>\u2022<\/td>\n<\/tr>\n<tr>\n<td>R\u00e9glage de la vitesse<\/td>\n<td>\u2022<\/td>\n<\/tr>\n<tr>\n<td>Consommation max d\u2019air (l\/min)<\/td>\n<td>400<\/td>\n<\/tr>\n<tr>\n<td>Poids (kg)<\/td>\n<td>2,400<\/td>\n<\/tr>\n<tr>\n<td>R.P.M.<\/td>\n<td>4000 &#8211; 10000<\/td>\n<\/tr>\n<tr>\n<td>Pression de service (bar)<\/td>\n<td>6<\/td>\n<\/tr>\n<tr>\n<td>\u00d8 orbite (mm)<\/td>\n<td>4,8<\/td>\n<\/tr>\n<\/tbody>\n<\/table>\n","product_scheda_es":"<table border=\"1\" cellspacing=\"1\" cellpadding=\"1\">\n<tbody>\n<tr>\n<td>Tama\u00f1o de la almohadilla rectangular (mm)<\/td>\n<td>400 x 70<\/td>\n<\/tr>\n<tr>\n<td>Placa de velcro<\/td>\n<td>\u2022<\/td>\n<\/tr>\n<tr>\n<td>Control de velocidad<\/td>\n<td>\u2022<\/td>\n<\/tr>\n<tr>\n<td>Consumo m\u00e1ximo de aire (l\/min)<\/td>\n<td>400<\/td>\n<\/tr>\n<tr>\n<td>Peso (kg)<\/td>\n<td>2400<\/td>\n<\/tr>\n<tr>\n<td>R.P.M.<\/td>\n<td>4000 &#8211; 10000<\/td>\n<\/tr>\n<tr>\n<td>Presi\u00f3n de trabajo (barra)<\/td>\n<td>6<\/td>\n<\/tr>\n<tr>\n<td>\u00d8 \u00f3rbita (mm)<\/td>\n<td>4,8<\/td>\n<\/tr>\n<\/tbody>\n<\/table>\n","thumb":false,"gallery":[{"ID":1001395164,"id":1001395164,"title":"SLP41A_Pneumatic-orbital-sander-70X400mm-velcro-pad-and-5mm-orbit","filename":"SLP41A_Pneumatic-orbital-sander-70X400mm-velcro-pad-and-5mm-orbit.jpg","filesize":68934,"url":"https:\/\/www.rupes.com\/wp-content\/uploads\/2019\/03\/SLP41A_Pneumatic-orbital-sander-70X400mm-velcro-pad-and-5mm-orbit.jpg","link":"https:\/\/www.rupes.com\/it\/product\/pneumatic-orbital-sander-70x400mm-velcro-pad-and-5mm-orbit-slp41a\/slp41a_pneumatic-orbital-sander-70x400mm-velcro-pad-and-5mm-orbit-2\/","alt":"SLP41A - Pneumatic orbital sander 70X400mm velcro pad and 5mm orbit","author":"1","description":"SLP41A - Pneumatic orbital sander 70X400mm velcro pad and 5mm orbit","caption":"","name":"slp41a_pneumatic-orbital-sander-70x400mm-velcro-pad-and-5mm-orbit-2","status":"inherit","uploaded_to":1001384938,"date":"2020-11-13 10:51:46","modified":"2020-11-13 10:52:26","menu_order":0,"mime_type":"image\/jpeg","type":"image","subtype":"jpeg","icon":"https:\/\/www.rupes.com\/wp-includes\/images\/media\/default.png","width":1200,"height":800,"sizes":{"thumbnail":"https:\/\/www.rupes.com\/wp-content\/uploads\/2019\/03\/SLP41A_Pneumatic-orbital-sander-70X400mm-velcro-pad-and-5mm-orbit-150x150.jpg","thumbnail-width":150,"thumbnail-height":150,"medium":"https:\/\/www.rupes.com\/wp-content\/uploads\/2019\/03\/SLP41A_Pneumatic-orbital-sander-70X400mm-velcro-pad-and-5mm-orbit-300x200.jpg","medium-width":300,"medium-height":200,"medium_large":"https:\/\/www.rupes.com\/wp-content\/uploads\/2019\/03\/SLP41A_Pneumatic-orbital-sander-70X400mm-velcro-pad-and-5mm-orbit-768x512.jpg","medium_large-width":768,"medium_large-height":512,"large":"https:\/\/www.rupes.com\/wp-content\/uploads\/2019\/03\/SLP41A_Pneumatic-orbital-sander-70X400mm-velcro-pad-and-5mm-orbit-1024x683.jpg","large-width":1024,"large-height":683,"1536x1536":"https:\/\/www.rupes.com\/wp-content\/uploads\/2019\/03\/SLP41A_Pneumatic-orbital-sander-70X400mm-velcro-pad-and-5mm-orbit.jpg","1536x1536-width":1200,"1536x1536-height":800,"2048x2048":"https:\/\/www.rupes.com\/wp-content\/uploads\/2019\/03\/SLP41A_Pneumatic-orbital-sander-70X400mm-velcro-pad-and-5mm-orbit.jpg","2048x2048-width":1200,"2048x2048-height":800,"thumb_news":"https:\/\/www.rupes.com\/wp-content\/uploads\/2019\/03\/SLP41A_Pneumatic-orbital-sander-70X400mm-velcro-pad-and-5mm-orbit-350x200.jpg","thumb_news-width":350,"thumb_news-height":200,"boxhome_small":"https:\/\/www.rupes.com\/wp-content\/uploads\/2019\/03\/SLP41A_Pneumatic-orbital-sander-70X400mm-velcro-pad-and-5mm-orbit-200x100.jpg","boxhome_small-width":200,"boxhome_small-height":100,"boxhome_medium":"https:\/\/www.rupes.com\/wp-content\/uploads\/2019\/03\/SLP41A_Pneumatic-orbital-sander-70X400mm-velcro-pad-and-5mm-orbit-300x150.jpg","boxhome_medium-width":300,"boxhome_medium-height":150,"boxhome_large":"https:\/\/www.rupes.com\/wp-content\/uploads\/2019\/03\/SLP41A_Pneumatic-orbital-sander-70X400mm-velcro-pad-and-5mm-orbit-450x200.jpg","boxhome_large-width":450,"boxhome_large-height":200,"boxproducts_large":"https:\/\/www.rupes.com\/wp-content\/uploads\/2019\/03\/SLP41A_Pneumatic-orbital-sander-70X400mm-velcro-pad-and-5mm-orbit-1200x700.jpg","boxproducts_large-width":1200,"boxproducts_large-height":700,"boxproducts_midlarge":"https:\/\/www.rupes.com\/wp-content\/uploads\/2019\/03\/SLP41A_Pneumatic-orbital-sander-70X400mm-velcro-pad-and-5mm-orbit-1200x560.jpg","boxproducts_midlarge-width":1200,"boxproducts_midlarge-height":560,"boxproducts_medium":"https:\/\/www.rupes.com\/wp-content\/uploads\/2019\/03\/SLP41A_Pneumatic-orbital-sander-70X400mm-velcro-pad-and-5mm-orbit-1024x450.jpg","boxproducts_medium-width":1024,"boxproducts_medium-height":450,"boxproducts_small":"https:\/\/www.rupes.com\/wp-content\/uploads\/2019\/03\/SLP41A_Pneumatic-orbital-sander-70X400mm-velcro-pad-and-5mm-orbit-700x305.jpg","boxproducts_small-width":700,"boxproducts_small-height":305,"boxproducts_mobile":"https:\/\/www.rupes.com\/wp-content\/uploads\/2019\/03\/SLP41A_Pneumatic-orbital-sander-70X400mm-velcro-pad-and-5mm-orbit-400x175.jpg","boxproducts_mobile-width":400,"boxproducts_mobile-height":175,"product_thumb":"https:\/\/www.rupes.com\/wp-content\/uploads\/2019\/03\/SLP41A_Pneumatic-orbital-sander-70X400mm-velcro-pad-and-5mm-orbit-300x200.jpg","product_thumb-width":300,"product_thumb-height":200,"product_home":"https:\/\/www.rupes.com\/wp-content\/uploads\/2019\/03\/SLP41A_Pneumatic-orbital-sander-70X400mm-velcro-pad-and-5mm-orbit-1200x700.jpg","product_home-width":1200,"product_home-height":700,"gallery_first":"https:\/\/www.rupes.com\/wp-content\/uploads\/2019\/03\/SLP41A_Pneumatic-orbital-sander-70X400mm-velcro-pad-and-5mm-orbit-750x500.jpg","gallery_first-width":750,"gallery_first-height":500,"gallery_thumb":"https:\/\/www.rupes.com\/wp-content\/uploads\/2019\/03\/SLP41A_Pneumatic-orbital-sander-70X400mm-velcro-pad-and-5mm-orbit-105x70.jpg","gallery_thumb-width":105,"gallery_thumb-height":70,"category_image":"https:\/\/www.rupes.com\/wp-content\/uploads\/2019\/03\/SLP41A_Pneumatic-orbital-sander-70X400mm-velcro-pad-and-5mm-orbit-200x133.jpg","category_image-width":200,"category_image-height":133,"category_thumb":"https:\/\/www.rupes.com\/wp-content\/uploads\/2019\/03\/SLP41A_Pneumatic-orbital-sander-70X400mm-velcro-pad-and-5mm-orbit-100x67.jpg","category_thumb-width":100,"category_thumb-height":67}}],"videos":false,"files":false,"product_b2b_code":"SLP41A","blocco_dimensione":false,"varianti":false,"kit_vendita":false,"blocchi_prodotti_correlati":false,"seleziona_tag_notizie":false,"seleziona_le_recensioni":"","product_b2b_pdf":"https:\/\/b2b.rupes.com\/cdn\/b2b.rupes.com\/areaftp\/esplosipdf\/SLP41ARIC000.pdf","google_review_link":"","attiva_collegamento":false,"attiva_voice_speech":false,"code_usermanuals":"9.2452","code_usermanuals_usa":""},"_links":{"self":[{"href":"https:\/\/www.rupes.com\/it\/wp-json\/wp\/v2\/products\/1001384938","targetHints":{"allow":["GET"]}}],"collection":[{"href":"https:\/\/www.rupes.com\/it\/wp-json\/wp\/v2\/products"}],"about":[{"href":"https:\/\/www.rupes.com\/it\/wp-json\/wp\/v2\/types\/product"}],"wp:attachment":[{"href":"https:\/\/www.rupes.com\/it\/wp-json\/wp\/v2\/media?parent=1001384938"}],"wp:term":[{"taxonomy":"category_product","embeddable":true,"href":"https:\/\/www.rupes.com\/it\/wp-json\/wp\/v2\/categoryproduct?post=1001384938"}],"curies":[{"name":"wp","href":"https:\/\/api.w.org\/{rel}","templated":true}]}}