{"id":1001384886,"date":"2019-03-08T02:19:46","date_gmt":"2019-03-08T02:19:46","guid":{"rendered":""},"modified":"2024-06-04T12:22:00","modified_gmt":"2024-06-04T10:22:00","slug":"pneumatic-random-orbital-palm-sander-with-75mm-velcro-pad-orbit-3mm-ra75","status":"publish","type":"product","link":"https:\/\/www.rupes.com\/it\/product\/pneumatic-random-orbital-palm-sander-with-75mm-velcro-pad-orbit-3mm-ra75\/","title":{"rendered":"Pneumatic random orbital palm sander with \u00d8 75mm velcro pad &#8211; orbit 3mm"},"content":{"rendered":"<p>Pneumatic random orbital palm sander, special shape and size of the pad enables a great saving of time and consumables<br \/>\nTool\u00a0body designed to provide optimum visibility of parts being worked on<br \/>\nSupplied\u00a0with soft pad to improve the performance of micro-fine abrasives<br \/>\nContinuous\u00a0speed regulation valve<\/p>\n<p><img fetchpriority=\"high\" decoding=\"async\" class=\"aligncenter size-medium wp-image-1001394195\" src=\"https:\/\/www.rupes.com\/wp-content\/uploads\/2019\/03\/RA75_pneumatic-random-orbital-palm-sander_5mm_velcro_orbit-3mm-300x200.jpg\" alt=\"\" width=\"300\" height=\"200\" srcset=\"https:\/\/www.rupes.com\/wp-content\/uploads\/2019\/03\/RA75_pneumatic-random-orbital-palm-sander_5mm_velcro_orbit-3mm-300x200.jpg 300w, https:\/\/www.rupes.com\/wp-content\/uploads\/2019\/03\/RA75_pneumatic-random-orbital-palm-sander_5mm_velcro_orbit-3mm-1024x683.jpg 1024w, https:\/\/www.rupes.com\/wp-content\/uploads\/2019\/03\/RA75_pneumatic-random-orbital-palm-sander_5mm_velcro_orbit-3mm-768x512.jpg 768w, https:\/\/www.rupes.com\/wp-content\/uploads\/2019\/03\/RA75_pneumatic-random-orbital-palm-sander_5mm_velcro_orbit-3mm-750x500.jpg 750w, https:\/\/www.rupes.com\/wp-content\/uploads\/2019\/03\/RA75_pneumatic-random-orbital-palm-sander_5mm_velcro_orbit-3mm-105x70.jpg 105w, https:\/\/www.rupes.com\/wp-content\/uploads\/2019\/03\/RA75_pneumatic-random-orbital-palm-sander_5mm_velcro_orbit-3mm-200x133.jpg 200w, https:\/\/www.rupes.com\/wp-content\/uploads\/2019\/03\/RA75_pneumatic-random-orbital-palm-sander_5mm_velcro_orbit-3mm-100x67.jpg 100w, https:\/\/www.rupes.com\/wp-content\/uploads\/2019\/03\/RA75_pneumatic-random-orbital-palm-sander_5mm_velcro_orbit-3mm.jpg 1200w\" sizes=\"(max-width: 300px) 100vw, 300px\" \/><\/p>\n<p><strong>Applications<\/strong><\/p>\n<ul>\n<li>Extremely light and very accurate, designed for quick work on small flat and curved surfaces<\/li>\n<li>Ideal for spot-repair work<\/li>\n<\/ul>\n","protected":false},"featured_media":0,"template":"","meta":{"_acf_changed":false},"categoryproduct":[888965181,888965184],"class_list":["post-1001384886","product","type-product","status-publish","hentry","category_product-pneumatic-tools","category_product-pneumatic-tools-sanders"],"acf":{"product_codice":"RA75","scheda_nuova":true,"contact_form":true,"attiva_flag_new_product":false,"product_home":"0","attiva_special_message":"disattivo","product_titolo_it":"Levigatrice rotorbitale palmare pneumatica con platorello in velcro da \u00d8 75mm - orbita 3mm ","product_titolo_de":"PNEUMATISCHER EINHAND-EXZENTERSCHLEIFER RA75 \u00d8 75mm KLETT HUB 3mm","product_titolo_fr":"PONCEUSE ORBITALE A MAIN RA75 \u00d8 75mm VELCRO ORB 3mm","product_titolo_es":"LIJADORA ORBITAL ALEATORIA DE PALMA NEUMATICA RA75 \u00d8 75mm VELCRO ORB 3mm","product_descrizione_en":"<p>With extremely durable construction and an ergonomic, compact design that minimizes obstruction of the working surface the RA75 is the perfect tool for ultra-fine polishing and edgework operations in collision repair, refinishing, and industrial environments. Available in both central vacuum for use with RUPES vacuum systems or without the vacuum port for non-vacuum operations.<\/p>\n<p><strong>Applications<\/strong><\/p>\n<ul>\n<li>Extremely light and very accurate, designed for quick work on small flat and curved surfaces<\/li>\n<li>Ideal for spot-repair work<\/li>\n<\/ul>\n","product_descrizione_it":"<p>Con una struttura estremamente resistente e un design ergonomico e compatto che riduce al minimo l&#8217;ostruzione della superficie di lavoro, l&#8217;RA75 \u00e8 lo strumento perfetto per operazioni di lucidatura e lavorazione dei bordi ultra-fini in riparazioni di collisioni, rifiniture e ambienti industriali. Disponibile sia con aspirazione centralizzata per l&#8217;utilizzo con i sistemi di aspirazione RUPES, sia senza aspirazione per operazioni che non la richiedono.<\/p>\n<p><strong>Applicazioni<\/strong><\/p>\n<ul>\n<li>Leggerissime e molto precise, progettate per le lavorazioni veloci di piccole superfici sia piane che curve<\/li>\n<li>Ideali per lavorazioni spot repair<\/li>\n<\/ul>\n","product_descrizione_de":"<p>Aufgrund der besonderen Form und Abmessung des Schleiftellers sind gro\u00dfe Zeit- und Verbrauchsmaterial-Einsparungen m\u00f6glich<br \/>\nDas Maschinengeh\u00e4use gestattet eine optimale Sicht auf die bearbeiteten Partien<br \/>\nLieferung mit Soft-Schleifteller zur Verbesserung der Ergiebigkeit der<br \/>\nMikro-Schleifmittel<br \/>\nVentil zur Drehzahlregelung<\/p>\n<p><strong>Anwendungen<\/strong><\/p>\n<ul>\n<li>Sehr leicht und pr\u00e4zise, ausgelegt f\u00fcr schnelles Bearbeiten von kleinen ebenen bzw. gew\u00f6lbten Fl\u00e4chen<\/li>\n<li>Ideal f\u00fcr Spot-Repair-Arbeiten<\/li>\n<\/ul>\n","product_descrizione_fr":"<p>La forme particuli\u00e8re et la dimension du plateau permettent de gagner du temps et d\u2019\u00e9conomiser des consommables<br \/>\nCorps machine con\u00e7u pour garantir une excellente visibilit\u00e9 des parties en cours d\u2019usinage<br \/>\nFournies avec un plateau soft pour am\u00e9liorer le rendement des abrasifs\u00a0microfins<br \/>\nSoupape pour le r\u00e9glage continu de la vitesse<\/p>\n<p><strong>Applications<\/strong><\/p>\n<ul>\n<li>Extr\u00eamement l\u00e9g\u00e8res et tr\u00e8s pr\u00e9cises, con\u00e7ues pour les usinages rapides de petites surfaces tant planes qu\u2019arrondies<\/li>\n<li>Id\u00e9ales pour les usinages spot repair<\/li>\n<\/ul>\n","product_descrizione_es":"<p>La forma y el tama\u00f1o especial del plato permite un gran ahorro de tiempo y consumibles<br \/>\nEl cuerpo de la herramienta fue dise\u00f1ado para proporcionar una visibilidad \u00f3ptima y as\u00ed poder visualizar la zona de trabajo con mayor eficacia.<br \/>\nSe suministra con un plato de \u00faltima generaci\u00f3n para mejorar el rendimiento de los microabrasivos<br \/>\nV\u00e1lvula de regulaci\u00f3n de velocidad<br \/>\nDise\u00f1ado para la conexi\u00f3n a un sistema de extracci\u00f3n RUPES<br \/>\n<strong>Aplicaciones<\/strong><\/p>\n<ul>\n<li>Extremadamente ligero y muy preciso, dise\u00f1ado para un trabajo r\u00e1pido en peque\u00f1as superficies planas y curvas<\/li>\n<li>Ideal para el trabajo de reparaci\u00f3n de manchas<\/li>\n<\/ul>\n","product_scheda_en":"<table border=\"1\" cellspacing=\"1\" cellpadding=\"1\">\n<tbody>\n<tr>\n<td>Backing pad thread<\/td>\n<td>5\/16&#8243;<\/td>\n<\/tr>\n<tr>\n<td>Speed control<\/td>\n<td>\u2022<\/td>\n<\/tr>\n<tr>\n<td>Max consumption air (l\/min)<\/td>\n<td>380<\/td>\n<\/tr>\n<tr>\n<td>Weight (kg)<\/td>\n<td>0,680<\/td>\n<\/tr>\n<tr>\n<td>R.P.M.<\/td>\n<td>off &#8211; 11000<\/td>\n<\/tr>\n<tr>\n<td>Working pressure (bar)<\/td>\n<td>6<\/td>\n<\/tr>\n<tr>\n<td>\u00d8 orbit (mm)<\/td>\n<td>3<\/td>\n<\/tr>\n<tr>\n<td>\u00d8 backing pad (mm)<\/td>\n<td>75<\/td>\n<\/tr>\n<\/tbody>\n<\/table>\n","product_scheda_it":"<table border=\"1\" cellspacing=\"1\" cellpadding=\"1\">\n<tbody>\n<tr>\n<td>Attacco<\/td>\n<td>5\/16&#8243;<\/td>\n<\/tr>\n<tr>\n<td>Regolazione di velocit\u00e0<\/td>\n<td>\u2022<\/td>\n<\/tr>\n<tr>\n<td>Consumo d&#8217;aria max (l\/min)<\/td>\n<td>380<\/td>\n<\/tr>\n<tr>\n<td>Peso (kg)<\/td>\n<td>0,680<\/td>\n<\/tr>\n<tr>\n<td>R.P.M.<\/td>\n<td>off &#8211; 11000<\/td>\n<\/tr>\n<tr>\n<td>Pressione d&#8217;esercizio (bar)<\/td>\n<td>6<\/td>\n<\/tr>\n<tr>\n<td>\u00d8 orbita (mm)<\/td>\n<td>3<\/td>\n<\/tr>\n<tr>\n<td>\u00d8 platorello (mm)<\/td>\n<td>75<\/td>\n<\/tr>\n<\/tbody>\n<\/table>\n","product_scheda_de":"<table border=\"1\" cellspacing=\"1\" cellpadding=\"1\">\n<tbody>\n<tr>\n<td>Anschluss<\/td>\n<td>5\/16&#8243;<\/td>\n<\/tr>\n<tr>\n<td>Regulierung der Geschwindigkeit<\/td>\n<td>\u2022<\/td>\n<\/tr>\n<tr>\n<td>Luftverbrauch (l\/min)<\/td>\n<td>380<\/td>\n<\/tr>\n<tr>\n<td>Gewicht (kg)<\/td>\n<td>0,680<\/td>\n<\/tr>\n<tr>\n<td>R.P.M.<\/td>\n<td>off &#8211; 11000<\/td>\n<\/tr>\n<tr>\n<td>Betriebsdruck (bar)<\/td>\n<td>6<\/td>\n<\/tr>\n<tr>\n<td>\u00d8 Schleifhub (mm)<\/td>\n<td>3<\/td>\n<\/tr>\n<tr>\n<td>\u00d8 Klett Schleifteller (mm)<\/td>\n<td>75<\/td>\n<\/tr>\n<\/tbody>\n<\/table>\n","product_scheda_fr":"<table border=\"1\" cellspacing=\"1\" cellpadding=\"1\">\n<tbody>\n<tr>\n<td>Raccord<\/td>\n<td>5\/16&#8243;<\/td>\n<\/tr>\n<tr>\n<td>R\u00e9glage de la vitesse<\/td>\n<td>\u2022<\/td>\n<\/tr>\n<tr>\n<td>Consommation max d\u2019air (l\/min)<\/td>\n<td>380<\/td>\n<\/tr>\n<tr>\n<td>Poids (kg)<\/td>\n<td>0,680<\/td>\n<\/tr>\n<tr>\n<td>R.P.M.<\/td>\n<td>off &#8211; 11000<\/td>\n<\/tr>\n<tr>\n<td>Pression de service (bar)<\/td>\n<td>6<\/td>\n<\/tr>\n<tr>\n<td>\u00d8 orbite (mm)<\/td>\n<td>3<\/td>\n<\/tr>\n<tr>\n<td>\u00d8 plateau (mm)<\/td>\n<td>75<\/td>\n<\/tr>\n<\/tbody>\n<\/table>\n","product_scheda_es":"<table border=\"1\" cellspacing=\"1\" cellpadding=\"1\">\n<tbody>\n<tr>\n<td>Hilo de la almohadilla de respaldo<\/td>\n<td>5\/16&#8243;<\/td>\n<\/tr>\n<tr>\n<td>Control de velocidad<\/td>\n<td>\u2022<\/td>\n<\/tr>\n<tr>\n<td>Consumo m\u00e1ximo de aire (l\/min)<\/td>\n<td>380<\/td>\n<\/tr>\n<tr>\n<td>Peso (kg)<\/td>\n<td>0,680<\/td>\n<\/tr>\n<tr>\n<td>R.P.M.<\/td>\n<td>apagado &#8211; 11000<\/td>\n<\/tr>\n<tr>\n<td>Presi\u00f3n de trabajo (bar)<\/td>\n<td>6<\/td>\n<\/tr>\n<tr>\n<td>\u00d8 \u00f3rbita (mm)<\/td>\n<td>3<\/td>\n<\/tr>\n<tr>\n<td>\u00d8 almohadilla de respaldo (mm)<\/td>\n<td>75<\/td>\n<\/tr>\n<\/tbody>\n<\/table>\n","thumb":false,"gallery":[{"ID":1001394198,"id":1001394198,"title":"RA75_pneumatic-random-orbital-palm-sander_5mm_velcro_orbit-3mm","filename":"RA75_pneumatic-random-orbital-palm-sander_5mm_velcro_orbit-3mm.jpg","filesize":89342,"url":"https:\/\/www.rupes.com\/wp-content\/uploads\/2019\/03\/RA75_pneumatic-random-orbital-palm-sander_5mm_velcro_orbit-3mm.jpg","link":"https:\/\/www.rupes.com\/it\/product\/pneumatic-random-orbital-palm-sander-with-75mm-velcro-pad-orbit-3mm-ra75\/ra75_pneumatic-random-orbital-palm-sander_5mm_velcro_orbit-3mm-2\/","alt":"","author":"1","description":"","caption":"","name":"ra75_pneumatic-random-orbital-palm-sander_5mm_velcro_orbit-3mm-2","status":"inherit","uploaded_to":1001384886,"date":"2020-10-30 14:16:37","modified":"2020-10-30 14:17:09","menu_order":0,"mime_type":"image\/jpeg","type":"image","subtype":"jpeg","icon":"https:\/\/www.rupes.com\/wp-includes\/images\/media\/default.png","width":1200,"height":800,"sizes":{"thumbnail":"https:\/\/www.rupes.com\/wp-content\/uploads\/2019\/03\/RA75_pneumatic-random-orbital-palm-sander_5mm_velcro_orbit-3mm-150x150.jpg","thumbnail-width":150,"thumbnail-height":150,"medium":"https:\/\/www.rupes.com\/wp-content\/uploads\/2019\/03\/RA75_pneumatic-random-orbital-palm-sander_5mm_velcro_orbit-3mm-300x200.jpg","medium-width":300,"medium-height":200,"medium_large":"https:\/\/www.rupes.com\/wp-content\/uploads\/2019\/03\/RA75_pneumatic-random-orbital-palm-sander_5mm_velcro_orbit-3mm-768x512.jpg","medium_large-width":768,"medium_large-height":512,"large":"https:\/\/www.rupes.com\/wp-content\/uploads\/2019\/03\/RA75_pneumatic-random-orbital-palm-sander_5mm_velcro_orbit-3mm-1024x683.jpg","large-width":1024,"large-height":683,"1536x1536":"https:\/\/www.rupes.com\/wp-content\/uploads\/2019\/03\/RA75_pneumatic-random-orbital-palm-sander_5mm_velcro_orbit-3mm.jpg","1536x1536-width":1200,"1536x1536-height":800,"2048x2048":"https:\/\/www.rupes.com\/wp-content\/uploads\/2019\/03\/RA75_pneumatic-random-orbital-palm-sander_5mm_velcro_orbit-3mm.jpg","2048x2048-width":1200,"2048x2048-height":800,"thumb_news":"https:\/\/www.rupes.com\/wp-content\/uploads\/2019\/03\/RA75_pneumatic-random-orbital-palm-sander_5mm_velcro_orbit-3mm-350x200.jpg","thumb_news-width":350,"thumb_news-height":200,"boxhome_small":"https:\/\/www.rupes.com\/wp-content\/uploads\/2019\/03\/RA75_pneumatic-random-orbital-palm-sander_5mm_velcro_orbit-3mm-200x100.jpg","boxhome_small-width":200,"boxhome_small-height":100,"boxhome_medium":"https:\/\/www.rupes.com\/wp-content\/uploads\/2019\/03\/RA75_pneumatic-random-orbital-palm-sander_5mm_velcro_orbit-3mm-300x150.jpg","boxhome_medium-width":300,"boxhome_medium-height":150,"boxhome_large":"https:\/\/www.rupes.com\/wp-content\/uploads\/2019\/03\/RA75_pneumatic-random-orbital-palm-sander_5mm_velcro_orbit-3mm-450x200.jpg","boxhome_large-width":450,"boxhome_large-height":200,"boxproducts_large":"https:\/\/www.rupes.com\/wp-content\/uploads\/2019\/03\/RA75_pneumatic-random-orbital-palm-sander_5mm_velcro_orbit-3mm-1200x700.jpg","boxproducts_large-width":1200,"boxproducts_large-height":700,"boxproducts_midlarge":"https:\/\/www.rupes.com\/wp-content\/uploads\/2019\/03\/RA75_pneumatic-random-orbital-palm-sander_5mm_velcro_orbit-3mm-1200x560.jpg","boxproducts_midlarge-width":1200,"boxproducts_midlarge-height":560,"boxproducts_medium":"https:\/\/www.rupes.com\/wp-content\/uploads\/2019\/03\/RA75_pneumatic-random-orbital-palm-sander_5mm_velcro_orbit-3mm-1024x450.jpg","boxproducts_medium-width":1024,"boxproducts_medium-height":450,"boxproducts_small":"https:\/\/www.rupes.com\/wp-content\/uploads\/2019\/03\/RA75_pneumatic-random-orbital-palm-sander_5mm_velcro_orbit-3mm-700x305.jpg","boxproducts_small-width":700,"boxproducts_small-height":305,"boxproducts_mobile":"https:\/\/www.rupes.com\/wp-content\/uploads\/2019\/03\/RA75_pneumatic-random-orbital-palm-sander_5mm_velcro_orbit-3mm-400x175.jpg","boxproducts_mobile-width":400,"boxproducts_mobile-height":175,"product_thumb":"https:\/\/www.rupes.com\/wp-content\/uploads\/2019\/03\/RA75_pneumatic-random-orbital-palm-sander_5mm_velcro_orbit-3mm-300x200.jpg","product_thumb-width":300,"product_thumb-height":200,"product_home":"https:\/\/www.rupes.com\/wp-content\/uploads\/2019\/03\/RA75_pneumatic-random-orbital-palm-sander_5mm_velcro_orbit-3mm-1200x700.jpg","product_home-width":1200,"product_home-height":700,"gallery_first":"https:\/\/www.rupes.com\/wp-content\/uploads\/2019\/03\/RA75_pneumatic-random-orbital-palm-sander_5mm_velcro_orbit-3mm-750x500.jpg","gallery_first-width":750,"gallery_first-height":500,"gallery_thumb":"https:\/\/www.rupes.com\/wp-content\/uploads\/2019\/03\/RA75_pneumatic-random-orbital-palm-sander_5mm_velcro_orbit-3mm-105x70.jpg","gallery_thumb-width":105,"gallery_thumb-height":70,"category_image":"https:\/\/www.rupes.com\/wp-content\/uploads\/2019\/03\/RA75_pneumatic-random-orbital-palm-sander_5mm_velcro_orbit-3mm-200x133.jpg","category_image-width":200,"category_image-height":133,"category_thumb":"https:\/\/www.rupes.com\/wp-content\/uploads\/2019\/03\/RA75_pneumatic-random-orbital-palm-sander_5mm_velcro_orbit-3mm-100x67.jpg","category_thumb-width":100,"category_thumb-height":67}}],"videos":false,"files":false,"product_b2b_code":"RA75","blocco_dimensione":false,"varianti":false,"kit_vendita":false,"blocchi_prodotti_correlati":false,"seleziona_tag_notizie":false,"seleziona_le_recensioni":"","product_b2b_pdf":"https:\/\/b2b.rupes.com\/cdn\/b2b.rupes.com\/areaftp\/esplosipdf\/RA75RIC000.pdf","attiva_collegamento":false,"google_review_link":"","attiva_voice_speech":false,"code_usermanuals":"9.2560_RA75x","code_usermanuals_usa":""},"_links":{"self":[{"href":"https:\/\/www.rupes.com\/it\/wp-json\/wp\/v2\/products\/1001384886","targetHints":{"allow":["GET"]}}],"collection":[{"href":"https:\/\/www.rupes.com\/it\/wp-json\/wp\/v2\/products"}],"about":[{"href":"https:\/\/www.rupes.com\/it\/wp-json\/wp\/v2\/types\/product"}],"wp:attachment":[{"href":"https:\/\/www.rupes.com\/it\/wp-json\/wp\/v2\/media?parent=1001384886"}],"wp:term":[{"taxonomy":"category_product","embeddable":true,"href":"https:\/\/www.rupes.com\/it\/wp-json\/wp\/v2\/categoryproduct?post=1001384886"}],"curies":[{"name":"wp","href":"https:\/\/api.w.org\/{rel}","templated":true}]}}