{"id":1001384878,"date":"2019-03-08T02:19:38","date_gmt":"2019-03-08T02:19:38","guid":{"rendered":""},"modified":"2021-01-07T12:48:53","modified_gmt":"2021-01-07T11:48:53","slug":"matic-system-3-meter-kr2ahb3000ep3m-mkr3000","status":"publish","type":"product","link":"https:\/\/www.rupes.com\/it\/product\/matic-system-3-meter-kr2ahb3000ep3m-mkr3000\/","title":{"rendered":"MATIC SYSTEM 3 METER (KR2A+HB3000+EP3M)"},"content":{"rendered":"<p><strong>Matic vacuum system<\/strong>, for extracting micro-dust generated during a sanding process or different industrial processes, composed by: <strong>Mobile Turbine<\/strong> KR2A + <strong>Swing Arm <\/strong>HB3000 + EP3M <strong>service terminal<\/strong>.<br \/>\nDesign to support <strong>2 users simultaneously<\/strong>;<br \/>\n<strong>Excellent vacuum performance<\/strong>;<br \/>\n<strong>High reliability<\/strong> (up to 20.000 hours without maintenance);<br \/>\n<strong>High filtering efficiency<\/strong> (99.5% with micro-dust with 0.3 [\u03bcm] dimension);<br \/>\n<strong>Cyclonic<\/strong> pre-filtration system and filter cartridge protection;<br \/>\nElectronic control panel for managing the Mobile Dust Extraction System;<br \/>\n<strong>Automatic electric sockets<\/strong> for tools;<br \/>\n<strong>Automatic compressed air connections<\/strong> for tools;<br \/>\nRegulated compressed air connection;<br \/>\n<strong>Manual and Automatic remote start-up<\/strong> of Mobile Dust Extraction System;<br \/>\n<strong>Efficient automatic filter cleaning <\/strong>system with <strong>Rotor Jet System<\/strong>;<br \/>\n<strong>High safety<\/strong> level thanks to integrated protection devices;<br \/>\nHigh dust container capacity: <strong>23 [L]<\/strong><br \/>\nSwing arm\u2019s length: <strong>3 meters<\/strong>.<\/p>\n","protected":false},"featured_media":0,"template":"","meta":{"_acf_changed":false},"categoryproduct":[888965165,888965167],"class_list":["post-1001384878","product","type-product","status-publish","hentry","category_product-dust-extraction-systems","category_product-dust-extraction-systems-matic-system"],"acf":{"product_codice":"MKR3000","scheda_nuova":true,"contact_form":true,"attiva_flag_new_product":false,"product_home":"0","attiva_special_message":"disattivo","product_titolo_it":"SISTEMA MATIC 3 MT (KR2A+HB3000+EP3M) DE","product_titolo_de":"MATIC SYSTEM 3 METER (KR2A+HB3000+EP3M)","product_titolo_fr":"KIT SYSTEME MATIC 3 MT (KR2A+HB3000+EP3M) ","product_titolo_es":"KIT SISTEMA MATIC 3 MT (KR2A+HB3000+EP3M) ","product_descrizione_en":"<p><strong>Matic vacuum system<\/strong>, for extracting micro-dust generated during a sanding process or different industrial processes, composed by: <strong>Mobile Turbine<\/strong> KR2A + <strong>Swing Arm <\/strong>HB3000 + EP3M <strong>service terminal<\/strong>.<br \/>\nDesign to support <strong>2 users simultaneously<\/strong>;<br \/>\n<strong>Excellent vacuum performance<\/strong>;<br \/>\n<strong>High reliability<\/strong> (up to 20.000 hours without maintenance);<br \/>\n<strong>High filtering efficiency<\/strong> (99.5% with micro-dust with 0.3 [\u03bcm] dimension);<br \/>\n<strong>Cyclonic<\/strong> pre-filtration system and filter cartridge protection;<br \/>\nElectronic control panel for managing the Mobile Dust Extraction System;<br \/>\n<strong>Automatic electric sockets<\/strong> for tools;<br \/>\n<strong>Automatic compressed air connections<\/strong> for tools;<br \/>\nRegulated compressed air connection;<br \/>\n<strong>Manual and Automatic remote start-up<\/strong> of Mobile Dust Extraction System;<br \/>\n<strong>Efficient automatic filter cleaning <\/strong>system with <strong>Rotor Jet System<\/strong>;<br \/>\n<strong>High safety<\/strong> level thanks to integrated protection devices;<br \/>\nHigh dust container capacity: <strong>23 [L]<\/strong><br \/>\nSwing arm\u2019s length: <strong>3 meters<\/strong>.<\/p>\n","product_descrizione_it":"<p><strong>Sistema Matic per aspirazione<\/strong> di micro-polveri generate durante un processo di levigatura o da diverse lavorazione industriali composto da: <strong>Turbina Mobile<\/strong> KR2A + <strong>Braccio Snodabile<\/strong> HB3000 + <strong>Terminale di servizio<\/strong> EP3M.<br \/>\nProgettato per supportare <strong>2 utenti<\/strong>;<br \/>\n<strong>Eccellenti prestazioni di aspirazione<\/strong>;<br \/>\n<strong>Elevata affidabilit\u00e0<\/strong> (fino a 20.000 ore senza manutenzione);<br \/>\n<strong>Elevata efficienza filtrante<\/strong> (99,5% con polveri fino a 0,3 [\u03bcm] di diametro);<br \/>\n<strong>Sistema ciclonico<\/strong> di pre-filtrazione e protezione cartuccia filtrante;<br \/>\nQuadro elettronico di controllo e di gestione;<br \/>\n<strong>Prese elettriche automatiche<\/strong> per utensili elettrici;<br \/>\n<strong>Prese pneumatiche automatizzate<\/strong> per utensili pneumatici;<br \/>\nPresa pneumatica di servizio regolarizzata;<br \/>\n<strong>Avviamento a distanza Manuale e Automatico<\/strong> della turbina mobile KR2A;<br \/>\n<strong>Pulizia automatica del filtro<\/strong> con il sistema alta efficienza <strong>Rotor Jet System<\/strong>;<br \/>\n<strong>Elevata sicurezza<\/strong> grazie a dispositivi di protezione elettronici integrati;<br \/>\nContenitore polveri ad alta capacit\u00e0: <strong>23 [L]<\/strong><br \/>\nLunghezza braccio <strong>3 metri<\/strong>.<\/p>\n","product_descrizione_de":"<p><strong> Matic-Vakuumsystem <\/strong> zum Absaugen von Mikrostaub, der w\u00e4hrend eines Schleifprozesses oder verschiedener industrieller Prozesse erzeugt wird, bestehend aus: <strong> Mobiler Turbine <\/strong> KR2A + <strong> Schwenkarm <\/strong> HB3000 + EP3M <strong> Serviceterminal <\/strong>.<br \/>\nDesign zur gleichzeitigen Unterst\u00fctzung von <strong> 2 Benutzern <\/strong>;<br \/>\n<strong> Hervorragende Vakuumleistung <\/strong>;<br \/>\n<strong> Hohe Zuverl\u00e4ssigkeit <\/strong> (bis zu 20.000 Stunden ohne Wartung);<br \/>\n<strong> Hohe Filterleistung <\/strong> (99,5% mit Mikrostaub mit einer Abmessung von 0,3 &#038; mgr; m);<br \/>\n<strong> Cyclonic <\/strong> Vorfiltersystem und Filterpatronenschutz;<br \/>\nElektronisches Bedienfeld zur Verwaltung des mobilen Staubabsaugsystems;<br \/>\n<strong> Automatische Steckdosen <\/strong> f\u00fcr Werkzeuge;<br \/>\n<strong> Automatische Druckluftanschl\u00fcsse <\/strong> f\u00fcr Werkzeuge;<br \/>\nGeregelter Druckluftanschluss;<br \/>\n<strong> Manueller und automatischer Fernstart <\/strong> des mobilen Staubabsaugsystems;<br \/>\n<strong> Effizientes automatisches Filterreinigungssystem <\/strong> mit <strong> Rotor Jet System <\/strong>;<br \/>\n<strong> Hohe Sicherheit <\/strong> dank integrierter Schutzvorrichtungen;<br \/>\nHohe Staubbeh\u00e4lterkapazit\u00e4t: <strong> 23 [L] <\/strong><br \/>\nSchwenkarml\u00e4nge: <strong> 3 Meter <\/strong>.<\/p>\n","product_descrizione_fr":"<p><strong> Syst\u00e8me d&#8217;aspiration Matic <\/strong>, pour l&#8217;extraction des micro-poussi\u00e8res g\u00e9n\u00e9r\u00e9es lors d&#8217;un processus de pon\u00e7age ou de diff\u00e9rents processus industriels, compos\u00e9 de: <strong> Turbine mobile <\/strong> KR2A + <strong> Bras oscillant <\/strong> HB3000 + EP3M <strong> terminal de service <\/strong>.<br \/>\nConception pour prendre en charge <strong> 2 utilisateurs simultan\u00e9ment <\/strong>;<br \/>\n<strong> Excellentes performances de vide <\/strong>;<br \/>\n<strong> Haute fiabilit\u00e9 <\/strong> (jusqu&#8217;\u00e0 20 000 heures sans maintenance);<br \/>\n<strong> Haute efficacit\u00e9 de filtrage <\/strong> (99,5% avec micro-poussi\u00e8re de 0,3 [\u03bcm] dimension);<br \/>\nSyst\u00e8me de pr\u00e9filtration <strong> cyclonique <\/strong> et protection de la cartouche filtrante;<br \/>\nPanneau de commande \u00e9lectronique pour la gestion du syst\u00e8me mobile d&#8217;extraction de poussi\u00e8re;<br \/>\n<strong> Prises \u00e9lectriques automatiques <\/strong> pour les outils;<br \/>\n<strong> Connexions automatiques d&#8217;air comprim\u00e9 <\/strong> pour les outils;<br \/>\nRaccord d&#8217;air comprim\u00e9 r\u00e9gul\u00e9;<br \/>\n<strong> D\u00e9marrage manuel et automatique \u00e0 distance <\/strong> du syst\u00e8me mobile d&#8217;extraction de poussi\u00e8re;<br \/>\nSyst\u00e8me de <strong> nettoyage automatique efficace du filtre <\/strong> avec <strong> Rotor Jet System <\/strong>;<br \/>\n<strong> S\u00e9curit\u00e9 \u00e9lev\u00e9e <\/strong> gr\u00e2ce \u00e0 des dispositifs de protection int\u00e9gr\u00e9s;<br \/>\nCapacit\u00e9 du bac \u00e0 poussi\u00e8re \u00e9lev\u00e9e: <strong> 23 [L] <\/strong><br \/>\nLongueur du bras oscillant: <strong> 3 m\u00e8tres <\/strong>.<\/p>\n","product_descrizione_es":"<p><strong> Sistema de vac\u00edo Matic <\/strong>, para la extracci\u00f3n de micropolvos generados durante un proceso de lijado o diferentes procesos industriales, compuesto por: <strong> Turbina m\u00f3vil <\/strong> KR2A + <strong> Brazo oscilante <\/strong> HB3000 + <strong> terminal de servicio <\/strong> EP3M.<br \/>\nDise\u00f1o para admitir <strong> 2 usuarios simult\u00e1neamente <\/strong>;<br \/>\n<strong> Excelente rendimiento de vac\u00edo <\/strong>;<br \/>\n<strong> Alta fiabilidad <\/strong> (hasta 20.000 horas sin mantenimiento);<br \/>\n<strong> Alta eficacia de filtrado <\/strong> (99,5% con micropolvo con una dimensi\u00f3n de 0,3 [\u03bcm]);<br \/>\nSistema de prefiltraci\u00f3n <strong> cicl\u00f3nica <\/strong> y protecci\u00f3n del cartucho filtrante;<br \/>\nPanel de control electr\u00f3nico para la gesti\u00f3n del sistema de extracci\u00f3n de polvo m\u00f3vil;<br \/>\n<strong> Enchufes el\u00e9ctricos autom\u00e1ticos <\/strong> para herramientas;<br \/>\n<strong> Conexiones autom\u00e1ticas de aire comprimido <\/strong> para herramientas;<br \/>\nConexi\u00f3n de aire comprimido regulada;<br \/>\n<strong> Arranque remoto manual y autom\u00e1tico <\/strong> del sistema de extracci\u00f3n de polvo m\u00f3vil;<br \/>\nSistema de <strong> limpieza autom\u00e1tica eficiente del filtro <\/strong> con <strong> Rotor Jet System <\/strong>;<br \/>\n<strong> Alto nivel de seguridad <\/strong> gracias a los dispositivos de protecci\u00f3n integrados;<br \/>\nGran capacidad del dep\u00f3sito de polvo: <strong> 23 [L] <\/strong><br \/>\nLongitud del brazo oscilante: <strong> 3 metros <\/strong>.<\/p>\n","product_scheda_en":"","product_scheda_it":"","product_scheda_de":"","product_scheda_fr":"","product_scheda_es":"","thumb":false,"gallery":[{"ID":1001396021,"id":1001396021,"title":"MKR_3000F","filename":"MKR_3000F.jpg","filesize":71639,"url":"https:\/\/www.rupes.com\/wp-content\/uploads\/2019\/03\/MKR_3000F.jpg","link":"https:\/\/www.rupes.com\/it\/product\/matic-system-3-meter-kr2ahb3000ep3m-mkr3000\/mkr_3000f-2\/","alt":"","author":"1","description":"","caption":"","name":"mkr_3000f-2","status":"inherit","uploaded_to":1001384878,"date":"2021-01-07 11:48:43","modified":"2021-01-07 11:48:43","menu_order":0,"mime_type":"image\/jpeg","type":"image","subtype":"jpeg","icon":"https:\/\/www.rupes.com\/wp-includes\/images\/media\/default.png","width":360,"height":560,"sizes":{"thumbnail":"https:\/\/www.rupes.com\/wp-content\/uploads\/2019\/03\/MKR_3000F-150x150.jpg","thumbnail-width":150,"thumbnail-height":150,"medium":"https:\/\/www.rupes.com\/wp-content\/uploads\/2019\/03\/MKR_3000F-193x300.jpg","medium-width":193,"medium-height":300,"medium_large":"https:\/\/www.rupes.com\/wp-content\/uploads\/2019\/03\/MKR_3000F.jpg","medium_large-width":360,"medium_large-height":560,"large":"https:\/\/www.rupes.com\/wp-content\/uploads\/2019\/03\/MKR_3000F.jpg","large-width":360,"large-height":560,"1536x1536":"https:\/\/www.rupes.com\/wp-content\/uploads\/2019\/03\/MKR_3000F.jpg","1536x1536-width":360,"1536x1536-height":560,"2048x2048":"https:\/\/www.rupes.com\/wp-content\/uploads\/2019\/03\/MKR_3000F.jpg","2048x2048-width":360,"2048x2048-height":560,"thumb_news":"https:\/\/www.rupes.com\/wp-content\/uploads\/2019\/03\/MKR_3000F-350x200.jpg","thumb_news-width":350,"thumb_news-height":200,"boxhome_small":"https:\/\/www.rupes.com\/wp-content\/uploads\/2019\/03\/MKR_3000F-200x100.jpg","boxhome_small-width":200,"boxhome_small-height":100,"boxhome_medium":"https:\/\/www.rupes.com\/wp-content\/uploads\/2019\/03\/MKR_3000F-300x150.jpg","boxhome_medium-width":300,"boxhome_medium-height":150,"boxhome_large":"https:\/\/www.rupes.com\/wp-content\/uploads\/2019\/03\/MKR_3000F-360x200.jpg","boxhome_large-width":360,"boxhome_large-height":200,"boxproducts_large":"https:\/\/www.rupes.com\/wp-content\/uploads\/2019\/03\/MKR_3000F.jpg","boxproducts_large-width":360,"boxproducts_large-height":560,"boxproducts_midlarge":"https:\/\/www.rupes.com\/wp-content\/uploads\/2019\/03\/MKR_3000F.jpg","boxproducts_midlarge-width":360,"boxproducts_midlarge-height":560,"boxproducts_medium":"https:\/\/www.rupes.com\/wp-content\/uploads\/2019\/03\/MKR_3000F-360x450.jpg","boxproducts_medium-width":360,"boxproducts_medium-height":450,"boxproducts_small":"https:\/\/www.rupes.com\/wp-content\/uploads\/2019\/03\/MKR_3000F-360x305.jpg","boxproducts_small-width":360,"boxproducts_small-height":305,"boxproducts_mobile":"https:\/\/www.rupes.com\/wp-content\/uploads\/2019\/03\/MKR_3000F-360x175.jpg","boxproducts_mobile-width":360,"boxproducts_mobile-height":175,"product_thumb":"https:\/\/www.rupes.com\/wp-content\/uploads\/2019\/03\/MKR_3000F-129x200.jpg","product_thumb-width":129,"product_thumb-height":200,"product_home":"https:\/\/www.rupes.com\/wp-content\/uploads\/2019\/03\/MKR_3000F.jpg","product_home-width":360,"product_home-height":560,"gallery_first":"https:\/\/www.rupes.com\/wp-content\/uploads\/2019\/03\/MKR_3000F-321x500.jpg","gallery_first-width":321,"gallery_first-height":500,"gallery_thumb":"https:\/\/www.rupes.com\/wp-content\/uploads\/2019\/03\/MKR_3000F-51x80.jpg","gallery_thumb-width":51,"gallery_thumb-height":80,"category_image":"https:\/\/www.rupes.com\/wp-content\/uploads\/2019\/03\/MKR_3000F-129x200.jpg","category_image-width":129,"category_image-height":200,"category_thumb":"https:\/\/www.rupes.com\/wp-content\/uploads\/2019\/03\/MKR_3000F-64x100.jpg","category_thumb-width":64,"category_thumb-height":100}}],"videos":false,"files":false,"product_b2b_code":"","product_b2b_pdf":"","blocco_dimensione":false,"varianti":false,"kit_vendita":false,"blocchi_prodotti_correlati":false,"seleziona_tag_notizie":false,"seleziona_le_recensioni":"","attiva_collegamento":false},"_links":{"self":[{"href":"https:\/\/www.rupes.com\/it\/wp-json\/wp\/v2\/products\/1001384878","targetHints":{"allow":["GET"]}}],"collection":[{"href":"https:\/\/www.rupes.com\/it\/wp-json\/wp\/v2\/products"}],"about":[{"href":"https:\/\/www.rupes.com\/it\/wp-json\/wp\/v2\/types\/product"}],"wp:attachment":[{"href":"https:\/\/www.rupes.com\/it\/wp-json\/wp\/v2\/media?parent=1001384878"}],"wp:term":[{"taxonomy":"category_product","embeddable":true,"href":"https:\/\/www.rupes.com\/it\/wp-json\/wp\/v2\/categoryproduct?post=1001384878"}],"curies":[{"name":"wp","href":"https:\/\/api.w.org\/{rel}","templated":true}]}}