{"id":1001384877,"date":"2019-03-08T02:19:38","date_gmt":"2019-03-08T02:19:38","guid":{"rendered":""},"modified":"2024-02-19T13:40:38","modified_gmt":"2024-02-19T12:40:38","slug":"matic-system-6-meter-ks300ehb6000ep3m-mk6300","status":"publish","type":"product","link":"https:\/\/www.rupes.com\/it\/product\/matic-system-6-meter-ks300ehb6000ep3m-mk6300\/","title":{"rendered":"MATIC SYSTEM 6 METER (KS300EP+HB6000+EP3M)"},"content":{"rendered":"<p><strong>Matic vacuum system, for extracting<\/strong> micro-dust generated during a sanding process or different industrial processes, composed by: <strong>Mobile Vacuum Cleaner<\/strong> KS300EN + <strong>Swing Arm<\/strong> HB6000 + EP3M <strong>service terminal<\/strong>.<br \/>\nDesign to support <strong>2 users simultaneously<\/strong>;<br \/>\n<strong>Great suction performance<\/strong> thanks to 2 motors, 1000 [W] each, integrated in the Mobile Vacuum Cleaner KS300;<br \/>\n<strong>Speed control regulation<\/strong> for optimize vacuum performance;<br \/>\nLED preventive light for motor brushes replacement;<br \/>\n<strong>Automatic electric sockets<\/strong> for tools;<br \/>\n<strong>Automatic compressed air connections<\/strong> for tools;<br \/>\nRegulated compressed air connection;<br \/>\n<strong>Manual and Automatic remote start-up<\/strong> of the vacuum cleaner;<br \/>\n<strong>High filtration efficiency system<\/strong> with double filtration steps;<br \/>\n<strong>Resistant filter bag <\/strong>with certified media class M (EN 60335-2-69) with high capacity: 7 [kg];<br \/>\nEasy and fast access to the dust bag through a practical front door (<em><strong>RUPES<\/strong><\/em> patent);<br \/>\nSwing arm\u2019s <strong>length: 6 meters<\/strong>.<\/p>\n","protected":false},"featured_media":0,"template":"","meta":{"_acf_changed":false},"categoryproduct":[888965165,888965167],"class_list":["post-1001384877","product","type-product","status-publish","hentry","category_product-dust-extraction-systems","category_product-dust-extraction-systems-matic-system"],"acf":{"product_codice":"MK6300","scheda_nuova":true,"contact_form":true,"attiva_flag_new_product":false,"product_home":"0","attiva_special_message":"disattivo","product_titolo_it":"SISTEMA MATIC  6metri  (KS300E+HB6000+EP3M)","product_titolo_de":"MATIC SYSTEM 6 METER (KS300E+HB6000+EP3M)","product_titolo_fr":"KIT SYSTEME MATIC 6 METER (KS300E+HB6000+EP3M)","product_titolo_es":"KIT SISTEMA MATIC 6 METER (KS300E+HB6000+EP3M)","product_descrizione_en":"<p><strong>Matic vacuum system, for extracting<\/strong> micro-dust generated during a sanding process or different industrial processes, composed by: <strong>Mobile Vacuum Cleaner<\/strong> KS300EN + <strong>Swing Arm<\/strong> HB6000 + EP3M <strong>service terminal<\/strong>.<br \/>\nDesign to support <strong>2 users simultaneously<\/strong>;<br \/>\n<strong>Great suction performance<\/strong> thanks to 2 motors, 1000 [W] each, integrated in the Mobile Vacuum Cleaner KS300;<br \/>\n<strong>Speed control regulation<\/strong> for optimize vacuum performance;<br \/>\nLED preventive light for motor brushes replacement;<br \/>\n<strong>Automatic electric sockets<\/strong> for tools;<br \/>\n<strong>Automatic compressed air connections<\/strong> for tools;<br \/>\nRegulated compressed air connection;<br \/>\n<strong>Manual and Automatic remote start-up<\/strong> of the vacuum cleaner;<br \/>\n<strong>High filtration efficiency system<\/strong> with double filtration steps;<br \/>\n<strong>Resistant filter bag <\/strong>with certified media class M (EN 60335-2-69) with high capacity: 7 [kg];<br \/>\nEasy and fast access to the dust bag through a practical front door (<em><strong>RUPES<\/strong><\/em> patent);<br \/>\nSwing arm\u2019s <strong>length: 6 meters<\/strong>.00<\/p>\n","product_descrizione_it":"<p><strong>Sistema Matic per aspirazione <\/strong>di micro-polveri generate durante un processo di levigatura o da diverse lavorazione<br \/>\nindustriali composto da: <strong>Aspiratore Mobile<\/strong> KS300EN + <strong>Braccio Snodabile<\/strong> HB6000 + <strong>Terminale di servizio<\/strong> EP3M.<br \/>\nProgettato per supportare <strong>2 utenti<\/strong>;<br \/>\n<strong>Ottime prestazioni di aspirazione<\/strong> grazie a 2 motori, 1000 [W] ciascuno, integrati nell\u2019aspiratore mobile KS300;<br \/>\nConnessione per aspirazione 1x50mm\/2x34mm &#8211; 2 Utenti<br \/>\n<strong>Prese elettriche automatiche<\/strong> per utensili elettrici;<br \/>\n<strong>Prese pneumatiche automatizzate<\/strong> per utensili pneumatici;<br \/>\nPresa pneumatica di servizio regolarizzata;<br \/>\n<strong>Avviamento a distanza Manuale e Automatico<\/strong> del aspiratore mobile;<br \/>\nSegnalazione preventiva led per sostituzione spazzole motore;<br \/>\n<strong>Sacco filtrante ad alta resistenza<\/strong> con tessuto certificato classe M (EN 60335-2-69) ad alta capacit\u00e0: 7 [kg];<br \/>\n<strong>Lunghezza braccio 6 metri<\/strong>.<\/p>\n","product_descrizione_de":"<p><strong> Matic-Vakuumsystem zum Absaugen von <\/strong> Mikrostaub, der w\u00e4hrend eines Schleifprozesses oder verschiedener industrieller Prozesse erzeugt wird, zusammengesetzt aus: <strong> Mobilem Staubsauger <\/strong> KS300EN + <strong> Schwenkarm <\/strong> HB6000 + EP3M <strong> Serviceterminal <\/strong>.<br \/>\nDesign zur gleichzeitigen Unterst\u00fctzung von <strong> 2 Benutzern <\/strong>;<br \/>\n<strong> Hervorragende Saugleistung <\/strong> dank 2 Motoren mit jeweils 1000 [W], die in den mobilen Staubsauger KS300 integriert sind;<br \/>\n<strong> Geschwindigkeitsregelung <\/strong> zur Optimierung der Vakuumleistung;<br \/>\nLED-Warnleuchte zum Austausch von Motorb\u00fcrsten;<br \/>\n<strong> Automatische Steckdosen <\/strong> f\u00fcr Werkzeuge;<br \/>\n<strong> Automatische Druckluftanschl\u00fcsse <\/strong> f\u00fcr Werkzeuge;<br \/>\nGeregelter Druckluftanschluss;<br \/>\n<strong> Manuelle und automatische Fernstart <\/strong> des Staubsaugers;<br \/>\n<strong> System mit hoher Filtrationseffizienz <\/strong> mit doppelten Filtrationsschritten;<br \/>\n<strong> Best\u00e4ndiger Filterbeutel <\/strong> mit zertifizierter Medienklasse M (EN 60335-2-69) mit hoher Kapazit\u00e4t: 7 [kg];<br \/>\nEinfacher und schneller Zugang zum Staubbeutel durch eine praktische Vordert\u00fcr (<em> <strong> RUPES <\/strong> <\/em> Patent);<br \/>\n<strong> L\u00e4nge des Schwenkarms: 6 Meter <\/strong>.<\/p>\n","product_descrizione_fr":"<p><strong> Syst\u00e8me d&#8217;aspiration Matic, pour extraire <\/strong> les micro-poussi\u00e8res g\u00e9n\u00e9r\u00e9es lors d&#8217;un processus de pon\u00e7age ou de diff\u00e9rents proc\u00e9d\u00e9s industriels, compos\u00e9 de: <strong> Aspirateur mobile <\/strong> KS300EN + <strong> Bras pivotant <\/strong> HB6000 + EP3M <strong> terminal de service <\/strong>.<br \/>\nConception pour prendre en charge <strong> 2 utilisateurs simultan\u00e9ment <\/strong>;<br \/>\n<strong> Excellentes performances d&#8217;aspiration <\/strong> gr\u00e2ce \u00e0 2 moteurs de 1 000 [W] chacun, int\u00e9gr\u00e9s dans l&#8217;aspirateur mobile KS300;<br \/>\n<strong> R\u00e9gulation de contr\u00f4le de vitesse <\/strong> pour optimiser les performances du vide;<br \/>\n\u00c9clairage pr\u00e9ventif \u00e0 LED pour le remplacement des balais de moteur;<br \/>\n<strong> Prises \u00e9lectriques automatiques <\/strong> pour les outils;<br \/>\n<strong> Connexions d&#8217;air comprim\u00e9 automatiques <\/strong> pour les outils;<br \/>\nRaccord d&#8217;air comprim\u00e9 r\u00e9gul\u00e9;<br \/>\n<strong> D\u00e9marrage manuel et automatique \u00e0 distance <\/strong> de l&#8217;aspirateur;<br \/>\n<strong> Syst\u00e8me \u00e0 haute efficacit\u00e9 de filtration <\/strong> avec doubles \u00e9tapes de filtration;<br \/>\n<strong> Sac filtrant r\u00e9sistant <\/strong> avec un m\u00e9dia certifi\u00e9 classe M (EN 60335-2-69) avec une grande capacit\u00e9: 7 [kg];<br \/>\nAcc\u00e8s facile et rapide au sac \u00e0 poussi\u00e8re par une porte d&#8217;entr\u00e9e pratique (brevet <em> <strong> RUPES <\/strong> <\/em>);<br \/>\n<strong> Longueur du bras oscillant: 6 m\u00e8tres <\/strong>.<\/p>\n","product_descrizione_es":"<p><strong> Sistema de vac\u00edo Matic, para la extracci\u00f3n <\/strong> del micropolvo generado durante un proceso de lijado o diferentes procesos industriales, compuesto por: <strong> Aspirador m\u00f3vil <\/strong> KS300EN + <strong> Brazo oscilante <\/strong> <strong> Terminal de servicio <\/strong> HB6000 + EP3M.<br \/>\nDise\u00f1o para admitir <strong> 2 usuarios simult\u00e1neamente <\/strong>;<br \/>\n<strong> Gran rendimiento de aspiraci\u00f3n <\/strong> gracias a 2 motores de 1000 [W] cada uno, integrados en el Aspirador m\u00f3vil KS300;<br \/>\n<strong> Regulaci\u00f3n del control de velocidad <\/strong> para optimizar el rendimiento del vac\u00edo;<br \/>\nLuz LED preventiva para reemplazo de escobillas de motor;<br \/>\n<strong> Enchufes el\u00e9ctricos autom\u00e1ticos <\/strong> para herramientas;<br \/>\n<strong> Conexiones autom\u00e1ticas de aire comprimido <\/strong> para herramientas;<br \/>\nConexi\u00f3n de aire comprimido regulada;<br \/>\n<strong> Arranque remoto manual y autom\u00e1tico <\/strong> del aspirador;<br \/>\n<strong> Sistema de alta eficiencia de filtraci\u00f3n <\/strong> con pasos de doble filtraci\u00f3n;<br \/>\n<strong> Bolsa filtrante resistente <\/strong> con medio certificado clase M (EN 60335-2-69) de gran capacidad: 7 [kg];<br \/>\nAcceso f\u00e1cil y r\u00e1pido a la bolsa para el polvo a trav\u00e9s de una pr\u00e1ctica puerta frontal (patente <em> <strong> RUPES <\/strong> <\/em>);<br \/>\n<strong> Longitud del brazo oscilante: 6 metros <\/strong>.<\/p>\n","product_scheda_en":"","product_scheda_it":"","product_scheda_de":"","product_scheda_fr":"","product_scheda_es":"","thumb":false,"gallery":[{"ID":1001402604,"id":1001402604,"title":"MK6300","filename":"MK6300.jpg","filesize":116648,"url":"https:\/\/www.rupes.com\/wp-content\/uploads\/2019\/03\/MK6300.jpg","link":"https:\/\/www.rupes.com\/it\/product\/matic-system-3-meter-ks300ehb3000ep3m-mk3300\/mk6300-2\/","alt":"","author":"1","description":"","caption":"","name":"mk6300-2","status":"inherit","uploaded_to":1001384876,"date":"2022-12-09 10:18:01","modified":"2022-12-09 10:19:35","menu_order":0,"mime_type":"image\/jpeg","type":"image","subtype":"jpeg","icon":"https:\/\/www.rupes.com\/wp-includes\/images\/media\/default.png","width":1444,"height":1600,"sizes":{"thumbnail":"https:\/\/www.rupes.com\/wp-content\/uploads\/2019\/03\/MK6300-150x150.jpg","thumbnail-width":150,"thumbnail-height":150,"medium":"https:\/\/www.rupes.com\/wp-content\/uploads\/2019\/03\/MK6300-271x300.jpg","medium-width":271,"medium-height":300,"medium_large":"https:\/\/www.rupes.com\/wp-content\/uploads\/2019\/03\/MK6300-768x851.jpg","medium_large-width":768,"medium_large-height":851,"large":"https:\/\/www.rupes.com\/wp-content\/uploads\/2019\/03\/MK6300-924x1024.jpg","large-width":924,"large-height":1024,"1536x1536":"https:\/\/www.rupes.com\/wp-content\/uploads\/2019\/03\/MK6300-1386x1536.jpg","1536x1536-width":1386,"1536x1536-height":1536,"2048x2048":"https:\/\/www.rupes.com\/wp-content\/uploads\/2019\/03\/MK6300.jpg","2048x2048-width":1444,"2048x2048-height":1600,"thumb_news":"https:\/\/www.rupes.com\/wp-content\/uploads\/2019\/03\/MK6300-350x200.jpg","thumb_news-width":350,"thumb_news-height":200,"boxhome_small":"https:\/\/www.rupes.com\/wp-content\/uploads\/2019\/03\/MK6300-200x100.jpg","boxhome_small-width":200,"boxhome_small-height":100,"boxhome_medium":"https:\/\/www.rupes.com\/wp-content\/uploads\/2019\/03\/MK6300-300x150.jpg","boxhome_medium-width":300,"boxhome_medium-height":150,"boxhome_large":"https:\/\/www.rupes.com\/wp-content\/uploads\/2019\/03\/MK6300-450x200.jpg","boxhome_large-width":450,"boxhome_large-height":200,"boxproducts_large":"https:\/\/www.rupes.com\/wp-content\/uploads\/2019\/03\/MK6300-1444x700.jpg","boxproducts_large-width":1444,"boxproducts_large-height":700,"boxproducts_midlarge":"https:\/\/www.rupes.com\/wp-content\/uploads\/2019\/03\/MK6300-1280x560.jpg","boxproducts_midlarge-width":1280,"boxproducts_midlarge-height":560,"boxproducts_medium":"https:\/\/www.rupes.com\/wp-content\/uploads\/2019\/03\/MK6300-1024x450.jpg","boxproducts_medium-width":1024,"boxproducts_medium-height":450,"boxproducts_small":"https:\/\/www.rupes.com\/wp-content\/uploads\/2019\/03\/MK6300-700x305.jpg","boxproducts_small-width":700,"boxproducts_small-height":305,"boxproducts_mobile":"https:\/\/www.rupes.com\/wp-content\/uploads\/2019\/03\/MK6300-400x175.jpg","boxproducts_mobile-width":400,"boxproducts_mobile-height":175,"product_thumb":"https:\/\/www.rupes.com\/wp-content\/uploads\/2019\/03\/MK6300-181x200.jpg","product_thumb-width":181,"product_thumb-height":200,"product_home":"https:\/\/www.rupes.com\/wp-content\/uploads\/2019\/03\/MK6300-1200x700.jpg","product_home-width":1200,"product_home-height":700,"gallery_first":"https:\/\/www.rupes.com\/wp-content\/uploads\/2019\/03\/MK6300-451x500.jpg","gallery_first-width":451,"gallery_first-height":500,"gallery_thumb":"https:\/\/www.rupes.com\/wp-content\/uploads\/2019\/03\/MK6300-72x80.jpg","gallery_thumb-width":72,"gallery_thumb-height":80,"category_image":"https:\/\/www.rupes.com\/wp-content\/uploads\/2019\/03\/MK6300-181x200.jpg","category_image-width":181,"category_image-height":200,"category_thumb":"https:\/\/www.rupes.com\/wp-content\/uploads\/2019\/03\/MK6300-90x100.jpg","category_thumb-width":90,"category_thumb-height":100}}],"videos":false,"files":false,"product_b2b_code":"","product_b2b_pdf":"","blocco_dimensione":false,"varianti":false,"kit_vendita":false,"blocchi_prodotti_correlati":false,"seleziona_tag_notizie":false,"seleziona_le_recensioni":"","attiva_collegamento":false,"attiva_voice_speech":false,"code_usermanuals":"","code_usermanuals_usa":"","google_review_link":""},"_links":{"self":[{"href":"https:\/\/www.rupes.com\/it\/wp-json\/wp\/v2\/products\/1001384877","targetHints":{"allow":["GET"]}}],"collection":[{"href":"https:\/\/www.rupes.com\/it\/wp-json\/wp\/v2\/products"}],"about":[{"href":"https:\/\/www.rupes.com\/it\/wp-json\/wp\/v2\/types\/product"}],"wp:attachment":[{"href":"https:\/\/www.rupes.com\/it\/wp-json\/wp\/v2\/media?parent=1001384877"}],"wp:term":[{"taxonomy":"category_product","embeddable":true,"href":"https:\/\/www.rupes.com\/it\/wp-json\/wp\/v2\/categoryproduct?post=1001384877"}],"curies":[{"name":"wp","href":"https:\/\/api.w.org\/{rel}","templated":true}]}}