{"id":1001384808,"date":"2019-03-08T02:19:14","date_gmt":"2019-03-08T02:19:14","guid":{"rendered":""},"modified":"2024-09-25T10:00:47","modified_gmt":"2024-09-25T08:00:47","slug":"pneumatic-mini-sander-with-o-30mm-pad","status":"publish","type":"product","link":"https:\/\/www.rupes.com\/it\/product\/pneumatic-mini-sander-with-o-30mm-pad\/","title":{"rendered":"Pneumatic mini sander with \u00d8 30mm pad"},"content":{"rendered":"<p>Pneumatic mini sander with \u00d8 30mm pad and \u00d8 1,5 mm orbit<br \/>\nOrbital movement sander<br \/>\nSpeed regulator<br \/>\nLight and easy to handle<br \/>\nDouble silencer<br \/>\nDie cast motor<br \/>\nRear exhaust system<br \/>\nConvey air exhaust by muffler<\/p>\n<p><img fetchpriority=\"high\" decoding=\"async\" class=\"aligncenter size-medium wp-image-1001394201\" src=\"https:\/\/www.rupes.com\/wp-content\/uploads\/2019\/03\/LD30_Pneumatic-mini-sander-with-30mm-pad-300x200.jpg\" alt=\"LD30 - Pneumatic mini sander with 30mm pad\" width=\"300\" height=\"200\" srcset=\"https:\/\/www.rupes.com\/wp-content\/uploads\/2019\/03\/LD30_Pneumatic-mini-sander-with-30mm-pad-300x200.jpg 300w, https:\/\/www.rupes.com\/wp-content\/uploads\/2019\/03\/LD30_Pneumatic-mini-sander-with-30mm-pad-1024x683.jpg 1024w, https:\/\/www.rupes.com\/wp-content\/uploads\/2019\/03\/LD30_Pneumatic-mini-sander-with-30mm-pad-768x512.jpg 768w, https:\/\/www.rupes.com\/wp-content\/uploads\/2019\/03\/LD30_Pneumatic-mini-sander-with-30mm-pad-750x500.jpg 750w, https:\/\/www.rupes.com\/wp-content\/uploads\/2019\/03\/LD30_Pneumatic-mini-sander-with-30mm-pad-105x70.jpg 105w, https:\/\/www.rupes.com\/wp-content\/uploads\/2019\/03\/LD30_Pneumatic-mini-sander-with-30mm-pad-200x133.jpg 200w, https:\/\/www.rupes.com\/wp-content\/uploads\/2019\/03\/LD30_Pneumatic-mini-sander-with-30mm-pad-100x67.jpg 100w, https:\/\/www.rupes.com\/wp-content\/uploads\/2019\/03\/LD30_Pneumatic-mini-sander-with-30mm-pad.jpg 1200w\" sizes=\"(max-width: 300px) 100vw, 300px\" \/><\/p>\n<p><strong>Applications<\/strong><\/p>\n<ul>\n<li>Quick removal of paint defects such as the inclusion of dust and drips<\/li>\n<li>Use with \u00d8 30 P3000 and 9 \u03bc micro abrasive<\/li>\n<\/ul>\n","protected":false},"featured_media":0,"template":"","meta":{"_acf_changed":false},"categoryproduct":[888965181,888965184],"class_list":["post-1001384808","product","type-product","status-publish","hentry","category_product-pneumatic-tools","category_product-pneumatic-tools-sanders"],"acf":{"product_codice":"LD30","scheda_nuova":true,"contact_form":true,"attiva_flag_new_product":false,"product_home":"0","attiva_special_message":"disattivo","product_titolo_it":"Mini levigatrice orbitale con platorello da \u00d8 30mm","product_titolo_de":"MINI-SCHWINGSCHLEIFER  \u00d8 30mm","product_titolo_fr":"MINI PONCEUSE ORBITALE  \u00d8 30mm","product_titolo_es":"LIJADORA ORBITAL \u00d8 30mm","product_descrizione_en":"<p>Pneumatic mini sander with \u00d8 30mm pad and \u00d8 1,5 mm orbit<br \/>\nOrbital movement sander<br \/>\nSpeed regulator<br \/>\nLight and easy to handle<br \/>\nDouble silencer<br \/>\nDie cast motor<br \/>\nRear exhaust system<br \/>\nConvey air exhaust by muffler<\/p>\n<p><strong>Applications<\/strong><\/p>\n<ul>\n<li>Quick removal of paint defects such as the inclusion of dust and drips<\/li>\n<li>Use with \u00d8 30 P3000 and 9 \u03bc micro abrasive<\/li>\n<\/ul>\n","product_descrizione_it":"<p>Mini levigatrice orbitale con platorello da \u00d8 30 mm<br \/>\nIl corpo macchina angolare garantisce ottima impugnabilit\u00e0 e visibilit\u00e0 delle parti in lavorazione<\/p>\n<p><strong>Applicazioni<\/strong><\/p>\n<ul>\n<li>Rimozione veloce di difetti di verniciatura come inclusioni di polvere o gocciolature<\/li>\n<li>Utilizzo con micro abrasivo \u00d8 30 mm P3000 e 9 \u03bc<\/li>\n<\/ul>\n","product_descrizione_de":"<p>Mini-Schwingschleifer mit Schleifteller \u00d8 30 mm<br \/>\nDas abgewinkelte Geh\u00e4use gew\u00e4hrleistet, dass die Maschine optimal in der Hand liegt, und dass die bearbeiteten Partien sichtbar sind<\/p>\n<p><strong>Anwendungen<\/strong><\/p>\n<ul>\n<li>Schnelle Entfernung von Lackfehlstellen wie Staubeinschl\u00fcsse und L\u00e4ufer<\/li>\n<li>Benutzung mit Mikro-Schleifmittel \u00d8 30 P3000 und 9\u00a0\u03bc<\/li>\n<\/ul>\n","product_descrizione_fr":"<p>Mini-ponceuse orbitale avec plateau de \u00d8 30 mm<br \/>\nLe corps machine angulaire garantit une prise et une visibilit\u00e9 excellentes des pi\u00e8ces en cours d\u2019usinage<\/p>\n<p><strong>Applications<\/strong><\/p>\n<ul>\n<li>\u00c9limination rapide de d\u00e9fauts de peinture comme les inclusions de poussi\u00e8re ou les coulures<\/li>\n<li>Utilisation avec micro-abrasif \u00d8 30 mm P3000 et 9 \u03bc<\/li>\n<\/ul>\n","product_descrizione_es":"<p>\u00d3rbita de \u00d8 1,5 mm, Lijadora de movimiento orbital , Regulador de velocidad, Ligero y f\u00e1cil de manejar, Doble silenciador.<br \/>\nMotor fundido a presi\u00f3n, Sistema de escape trasero, Sistema de escape de aire con silenciador<\/p>\n<p><strong>Aplicaciones<\/strong><\/p>\n<ul>\n<li>R\u00e1pida eliminaci\u00f3n de los defectos de la pintura como la inclusi\u00f3n polvo y descuelgues<\/li>\n<li>Usar con el microabrasivo de \u00d8 30 P3000 y 9 \u03bc<\/li>\n<\/ul>\n","product_scheda_en":"<table border=\"1\" cellspacing=\"1\" cellpadding=\"1\">\n<tbody>\n<tr>\n<td>Max consumption air (l\/min)<\/td>\n<td>130<\/td>\n<\/tr>\n<tr>\n<td>Weight (kg)<\/td>\n<td>0,650<\/td>\n<\/tr>\n<tr>\n<td>R.P.M.<\/td>\n<td>7500<\/td>\n<\/tr>\n<tr>\n<td>Working pressure (bar)<\/td>\n<td>6<\/td>\n<\/tr>\n<tr>\n<td>\u00d8 orbit (mm)<\/td>\n<td>1,5<\/td>\n<\/tr>\n<tr>\n<td>\u00d8 backing pad (mm)<\/td>\n<td>30<\/td>\n<\/tr>\n<\/tbody>\n<\/table>\n","product_scheda_it":"<table border=\"1\" cellspacing=\"1\" cellpadding=\"1\">\n<tbody>\n<tr>\n<td>Consumo d&#8217;aria max (l\/min)<\/td>\n<td>130<\/td>\n<\/tr>\n<tr>\n<td>Peso (kg)<\/td>\n<td>0,650<\/td>\n<\/tr>\n<tr>\n<td>R.P.M.<\/td>\n<td>7500<\/td>\n<\/tr>\n<tr>\n<td>Pressione d&#8217;esercizio (bar)<\/td>\n<td>6<\/td>\n<\/tr>\n<tr>\n<td>\u00d8 orbita (mm)<\/td>\n<td>1,5<\/td>\n<\/tr>\n<tr>\n<td>\u00d8 platorello (mm)<\/td>\n<td>30<\/td>\n<\/tr>\n<\/tbody>\n<\/table>\n","product_scheda_de":"<table border=\"1\" cellspacing=\"1\" cellpadding=\"1\">\n<tbody>\n<tr>\n<td>Luftverbrauch (l\/min)<\/td>\n<td>130<\/td>\n<\/tr>\n<tr>\n<td>Gewicht (kg)<\/td>\n<td>0,650<\/td>\n<\/tr>\n<tr>\n<td>R.P.M.<\/td>\n<td>7500<\/td>\n<\/tr>\n<tr>\n<td>Betriebsdruck (bar)<\/td>\n<td>6<\/td>\n<\/tr>\n<tr>\n<td>\u00d8 Schleifhub (mm)<\/td>\n<td>1,5<\/td>\n<\/tr>\n<tr>\n<td>\u00d8 Klett Schleifteller (mm)<\/td>\n<td>30<\/td>\n<\/tr>\n<\/tbody>\n<\/table>\n","product_scheda_fr":"<table border=\"1\" cellspacing=\"1\" cellpadding=\"1\">\n<tbody>\n<tr>\n<td>Consommation max d\u2019air (l\/min)<\/td>\n<td>130<\/td>\n<\/tr>\n<tr>\n<td>Poids (kg)<\/td>\n<td>0,650<\/td>\n<\/tr>\n<tr>\n<td>R.P.M.<\/td>\n<td>7500<\/td>\n<\/tr>\n<tr>\n<td>Pression de service (bar)<\/td>\n<td>6<\/td>\n<\/tr>\n<tr>\n<td>\u00d8 orbite (mm)<\/td>\n<td>1,5<\/td>\n<\/tr>\n<tr>\n<td>\u00d8 plateau (mm)<\/td>\n<td>30<\/td>\n<\/tr>\n<\/tbody>\n<\/table>\n","product_scheda_es":"<table border=\"1\" cellspacing=\"1\" cellpadding=\"1\">\n<tbody>\n<tr>\n<td>Consumo m\u00e1ximo de aire (l\/min)<\/td>\n<td>130<\/td>\n<\/tr>\n<tr>\n<td>Peso (kg)<\/td>\n<td>0,650<\/td>\n<\/tr>\n<tr>\n<td>R.P.M.<\/td>\n<td>7500<\/td>\n<\/tr>\n<tr>\n<td>Presi\u00f3n de trabajo (bar)<\/td>\n<td>6<\/td>\n<\/tr>\n<tr>\n<td>\u00d8 \u00f3rbita (mm)<\/td>\n<td>1.5<\/td>\n<\/tr>\n<tr>\n<td>\u00d8 almohadilla de respaldo (mm)<\/td>\n<td>30<\/td>\n<\/tr>\n<\/tbody>\n<\/table>\n","thumb":false,"gallery":[{"ID":1001394204,"id":1001394204,"title":"LD30_Pneumatic-mini-sander-with-30mm-pad","filename":"LD30_Pneumatic-mini-sander-with-30mm-pad.jpg","filesize":57005,"url":"https:\/\/www.rupes.com\/wp-content\/uploads\/2019\/03\/LD30_Pneumatic-mini-sander-with-30mm-pad.jpg","link":"https:\/\/www.rupes.com\/it\/product\/pneumatic-mini-sander-with-o-30mm-pad\/ld30_pneumatic-mini-sander-with-30mm-pad-2\/","alt":"LD30 - Pneumatic mini sander with 30mm pad","author":"1","description":"LD30 - Pneumatic mini sander with 30mm pad","caption":"LD30 - Pneumatic mini sander with 30mm pad","name":"ld30_pneumatic-mini-sander-with-30mm-pad-2","status":"inherit","uploaded_to":1001384808,"date":"2020-10-30 14:27:14","modified":"2020-11-12 10:23:31","menu_order":0,"mime_type":"image\/jpeg","type":"image","subtype":"jpeg","icon":"https:\/\/www.rupes.com\/wp-includes\/images\/media\/default.png","width":1200,"height":800,"sizes":{"thumbnail":"https:\/\/www.rupes.com\/wp-content\/uploads\/2019\/03\/LD30_Pneumatic-mini-sander-with-30mm-pad-150x150.jpg","thumbnail-width":150,"thumbnail-height":150,"medium":"https:\/\/www.rupes.com\/wp-content\/uploads\/2019\/03\/LD30_Pneumatic-mini-sander-with-30mm-pad-300x200.jpg","medium-width":300,"medium-height":200,"medium_large":"https:\/\/www.rupes.com\/wp-content\/uploads\/2019\/03\/LD30_Pneumatic-mini-sander-with-30mm-pad-768x512.jpg","medium_large-width":768,"medium_large-height":512,"large":"https:\/\/www.rupes.com\/wp-content\/uploads\/2019\/03\/LD30_Pneumatic-mini-sander-with-30mm-pad-1024x683.jpg","large-width":1024,"large-height":683,"1536x1536":"https:\/\/www.rupes.com\/wp-content\/uploads\/2019\/03\/LD30_Pneumatic-mini-sander-with-30mm-pad.jpg","1536x1536-width":1200,"1536x1536-height":800,"2048x2048":"https:\/\/www.rupes.com\/wp-content\/uploads\/2019\/03\/LD30_Pneumatic-mini-sander-with-30mm-pad.jpg","2048x2048-width":1200,"2048x2048-height":800,"thumb_news":"https:\/\/www.rupes.com\/wp-content\/uploads\/2019\/03\/LD30_Pneumatic-mini-sander-with-30mm-pad-350x200.jpg","thumb_news-width":350,"thumb_news-height":200,"boxhome_small":"https:\/\/www.rupes.com\/wp-content\/uploads\/2019\/03\/LD30_Pneumatic-mini-sander-with-30mm-pad-200x100.jpg","boxhome_small-width":200,"boxhome_small-height":100,"boxhome_medium":"https:\/\/www.rupes.com\/wp-content\/uploads\/2019\/03\/LD30_Pneumatic-mini-sander-with-30mm-pad-300x150.jpg","boxhome_medium-width":300,"boxhome_medium-height":150,"boxhome_large":"https:\/\/www.rupes.com\/wp-content\/uploads\/2019\/03\/LD30_Pneumatic-mini-sander-with-30mm-pad-450x200.jpg","boxhome_large-width":450,"boxhome_large-height":200,"boxproducts_large":"https:\/\/www.rupes.com\/wp-content\/uploads\/2019\/03\/LD30_Pneumatic-mini-sander-with-30mm-pad-1200x700.jpg","boxproducts_large-width":1200,"boxproducts_large-height":700,"boxproducts_midlarge":"https:\/\/www.rupes.com\/wp-content\/uploads\/2019\/03\/LD30_Pneumatic-mini-sander-with-30mm-pad-1200x560.jpg","boxproducts_midlarge-width":1200,"boxproducts_midlarge-height":560,"boxproducts_medium":"https:\/\/www.rupes.com\/wp-content\/uploads\/2019\/03\/LD30_Pneumatic-mini-sander-with-30mm-pad-1024x450.jpg","boxproducts_medium-width":1024,"boxproducts_medium-height":450,"boxproducts_small":"https:\/\/www.rupes.com\/wp-content\/uploads\/2019\/03\/LD30_Pneumatic-mini-sander-with-30mm-pad-700x305.jpg","boxproducts_small-width":700,"boxproducts_small-height":305,"boxproducts_mobile":"https:\/\/www.rupes.com\/wp-content\/uploads\/2019\/03\/LD30_Pneumatic-mini-sander-with-30mm-pad-400x175.jpg","boxproducts_mobile-width":400,"boxproducts_mobile-height":175,"product_thumb":"https:\/\/www.rupes.com\/wp-content\/uploads\/2019\/03\/LD30_Pneumatic-mini-sander-with-30mm-pad-300x200.jpg","product_thumb-width":300,"product_thumb-height":200,"product_home":"https:\/\/www.rupes.com\/wp-content\/uploads\/2019\/03\/LD30_Pneumatic-mini-sander-with-30mm-pad-1200x700.jpg","product_home-width":1200,"product_home-height":700,"gallery_first":"https:\/\/www.rupes.com\/wp-content\/uploads\/2019\/03\/LD30_Pneumatic-mini-sander-with-30mm-pad-750x500.jpg","gallery_first-width":750,"gallery_first-height":500,"gallery_thumb":"https:\/\/www.rupes.com\/wp-content\/uploads\/2019\/03\/LD30_Pneumatic-mini-sander-with-30mm-pad-105x70.jpg","gallery_thumb-width":105,"gallery_thumb-height":70,"category_image":"https:\/\/www.rupes.com\/wp-content\/uploads\/2019\/03\/LD30_Pneumatic-mini-sander-with-30mm-pad-200x133.jpg","category_image-width":200,"category_image-height":133,"category_thumb":"https:\/\/www.rupes.com\/wp-content\/uploads\/2019\/03\/LD30_Pneumatic-mini-sander-with-30mm-pad-100x67.jpg","category_thumb-width":100,"category_thumb-height":67}},{"ID":1001394209,"id":1001394209,"title":"LD30_Pneumatic-mini-sander-with-30mm-pad_application","filename":"LD30_Pneumatic-mini-sander-with-30mm-pad_application.jpg","filesize":153935,"url":"https:\/\/www.rupes.com\/wp-content\/uploads\/2019\/03\/LD30_Pneumatic-mini-sander-with-30mm-pad_application.jpg","link":"https:\/\/www.rupes.com\/it\/product\/pneumatic-mini-sander-with-o-30mm-pad\/ld30_pneumatic-mini-sander-with-30mm-pad_application-2\/","alt":"","author":"1","description":"","caption":"","name":"ld30_pneumatic-mini-sander-with-30mm-pad_application-2","status":"inherit","uploaded_to":1001384808,"date":"2020-10-30 14:27:17","modified":"2020-10-30 14:27:17","menu_order":0,"mime_type":"image\/jpeg","type":"image","subtype":"jpeg","icon":"https:\/\/www.rupes.com\/wp-includes\/images\/media\/default.png","width":1200,"height":800,"sizes":{"thumbnail":"https:\/\/www.rupes.com\/wp-content\/uploads\/2019\/03\/LD30_Pneumatic-mini-sander-with-30mm-pad_application-150x150.jpg","thumbnail-width":150,"thumbnail-height":150,"medium":"https:\/\/www.rupes.com\/wp-content\/uploads\/2019\/03\/LD30_Pneumatic-mini-sander-with-30mm-pad_application-300x200.jpg","medium-width":300,"medium-height":200,"medium_large":"https:\/\/www.rupes.com\/wp-content\/uploads\/2019\/03\/LD30_Pneumatic-mini-sander-with-30mm-pad_application-768x512.jpg","medium_large-width":768,"medium_large-height":512,"large":"https:\/\/www.rupes.com\/wp-content\/uploads\/2019\/03\/LD30_Pneumatic-mini-sander-with-30mm-pad_application-1024x683.jpg","large-width":1024,"large-height":683,"1536x1536":"https:\/\/www.rupes.com\/wp-content\/uploads\/2019\/03\/LD30_Pneumatic-mini-sander-with-30mm-pad_application.jpg","1536x1536-width":1200,"1536x1536-height":800,"2048x2048":"https:\/\/www.rupes.com\/wp-content\/uploads\/2019\/03\/LD30_Pneumatic-mini-sander-with-30mm-pad_application.jpg","2048x2048-width":1200,"2048x2048-height":800,"thumb_news":"https:\/\/www.rupes.com\/wp-content\/uploads\/2019\/03\/LD30_Pneumatic-mini-sander-with-30mm-pad_application-350x200.jpg","thumb_news-width":350,"thumb_news-height":200,"boxhome_small":"https:\/\/www.rupes.com\/wp-content\/uploads\/2019\/03\/LD30_Pneumatic-mini-sander-with-30mm-pad_application-200x100.jpg","boxhome_small-width":200,"boxhome_small-height":100,"boxhome_medium":"https:\/\/www.rupes.com\/wp-content\/uploads\/2019\/03\/LD30_Pneumatic-mini-sander-with-30mm-pad_application-300x150.jpg","boxhome_medium-width":300,"boxhome_medium-height":150,"boxhome_large":"https:\/\/www.rupes.com\/wp-content\/uploads\/2019\/03\/LD30_Pneumatic-mini-sander-with-30mm-pad_application-450x200.jpg","boxhome_large-width":450,"boxhome_large-height":200,"boxproducts_large":"https:\/\/www.rupes.com\/wp-content\/uploads\/2019\/03\/LD30_Pneumatic-mini-sander-with-30mm-pad_application-1200x700.jpg","boxproducts_large-width":1200,"boxproducts_large-height":700,"boxproducts_midlarge":"https:\/\/www.rupes.com\/wp-content\/uploads\/2019\/03\/LD30_Pneumatic-mini-sander-with-30mm-pad_application-1200x560.jpg","boxproducts_midlarge-width":1200,"boxproducts_midlarge-height":560,"boxproducts_medium":"https:\/\/www.rupes.com\/wp-content\/uploads\/2019\/03\/LD30_Pneumatic-mini-sander-with-30mm-pad_application-1024x450.jpg","boxproducts_medium-width":1024,"boxproducts_medium-height":450,"boxproducts_small":"https:\/\/www.rupes.com\/wp-content\/uploads\/2019\/03\/LD30_Pneumatic-mini-sander-with-30mm-pad_application-700x305.jpg","boxproducts_small-width":700,"boxproducts_small-height":305,"boxproducts_mobile":"https:\/\/www.rupes.com\/wp-content\/uploads\/2019\/03\/LD30_Pneumatic-mini-sander-with-30mm-pad_application-400x175.jpg","boxproducts_mobile-width":400,"boxproducts_mobile-height":175,"product_thumb":"https:\/\/www.rupes.com\/wp-content\/uploads\/2019\/03\/LD30_Pneumatic-mini-sander-with-30mm-pad_application-300x200.jpg","product_thumb-width":300,"product_thumb-height":200,"product_home":"https:\/\/www.rupes.com\/wp-content\/uploads\/2019\/03\/LD30_Pneumatic-mini-sander-with-30mm-pad_application-1200x700.jpg","product_home-width":1200,"product_home-height":700,"gallery_first":"https:\/\/www.rupes.com\/wp-content\/uploads\/2019\/03\/LD30_Pneumatic-mini-sander-with-30mm-pad_application-750x500.jpg","gallery_first-width":750,"gallery_first-height":500,"gallery_thumb":"https:\/\/www.rupes.com\/wp-content\/uploads\/2019\/03\/LD30_Pneumatic-mini-sander-with-30mm-pad_application-105x70.jpg","gallery_thumb-width":105,"gallery_thumb-height":70,"category_image":"https:\/\/www.rupes.com\/wp-content\/uploads\/2019\/03\/LD30_Pneumatic-mini-sander-with-30mm-pad_application-200x133.jpg","category_image-width":200,"category_image-height":133,"category_thumb":"https:\/\/www.rupes.com\/wp-content\/uploads\/2019\/03\/LD30_Pneumatic-mini-sander-with-30mm-pad_application-100x67.jpg","category_thumb-width":100,"category_thumb-height":67}}],"videos":false,"files":false,"product_b2b_code":"LD30","blocco_dimensione":false,"varianti":false,"kit_vendita":false,"blocchi_prodotti_correlati":false,"seleziona_tag_notizie":false,"seleziona_le_recensioni":"","product_b2b_pdf":"https:\/\/b2b.rupes.com\/cdn\/b2b.rupes.com\/areaftp\/esplosipdf\/LD30RIC000.pdf","attiva_voice_speech":true,"google_review_link":"","attiva_collegamento":false,"code_usermanuals":"LD30","code_usermanuals_usa":""},"_links":{"self":[{"href":"https:\/\/www.rupes.com\/it\/wp-json\/wp\/v2\/products\/1001384808","targetHints":{"allow":["GET"]}}],"collection":[{"href":"https:\/\/www.rupes.com\/it\/wp-json\/wp\/v2\/products"}],"about":[{"href":"https:\/\/www.rupes.com\/it\/wp-json\/wp\/v2\/types\/product"}],"wp:attachment":[{"href":"https:\/\/www.rupes.com\/it\/wp-json\/wp\/v2\/media?parent=1001384808"}],"wp:term":[{"taxonomy":"category_product","embeddable":true,"href":"https:\/\/www.rupes.com\/it\/wp-json\/wp\/v2\/categoryproduct?post=1001384808"}],"curies":[{"name":"wp","href":"https:\/\/api.w.org\/{rel}","templated":true}]}}