{"id":1001384797,"date":"2019-03-08T02:19:10","date_gmt":"2019-03-08T02:19:10","guid":{"rendered":""},"modified":"2022-08-05T10:00:21","modified_gmt":"2022-08-05T08:00:21","slug":"swing-arm-with-integrated-control-unit-and-light-ep-autostart-6m-hf6000a","status":"publish","type":"product","link":"https:\/\/www.rupes.com\/it\/product\/swing-arm-with-integrated-control-unit-and-light-ep-autostart-6m-hf6000a\/","title":{"rendered":"SWING ARM WITH INTEGRATED CONTROL UNIT AND LIGHT (EP autostart) &#8211; 6m"},"content":{"rendered":"<p><strong>Swing Arm service terminal<\/strong> for extracting micro-dust generated during a sanding process or different industrial processes and for connecting pneumatic and electric tools.<br \/>\nDesign to support <strong>2 users<\/strong>;<br \/>\n<strong>Automatic electric sockets<\/strong> for tools;<br \/>\n<strong>Automatic compressed air connections<\/strong> for tools;<br \/>\nService electric plug;<br \/>\nRegulated compressed air connection;<br \/>\n<strong>Manual and Automatic remote start-up <\/strong>of the centralized vacuum system;<br \/>\nSpotlight;<br \/>\n<strong>Length 6 meters<\/strong>.<\/p>\n","protected":false},"featured_media":0,"template":"","meta":{"_acf_changed":false},"categoryproduct":[888965165,888965169],"class_list":["post-1001384797","product","type-product","status-publish","hentry","category_product-dust-extraction-systems","category_product-dust-extraction-systems-swing-arms"],"acf":{"product_codice":"HF6000A","scheda_nuova":true,"contact_form":true,"attiva_flag_new_product":false,"product_home":"0","attiva_special_message":"disattivo","product_titolo_it":"BRACCIO ASPIRAZIONE AUTOMATICO 6MT CON TERMINALE INTEGRATO E FARETTO","product_titolo_de":"SCHWENKARM 6M MIT BELEUCHTUNG ","product_titolo_fr":"BRAS OSCILLANT AUTOMATIQUE 6MT AVEC UNITE\u2019 DE CONTROL ET VOYANT INTEGREE","product_titolo_es":"BRAZO OSCILANTE AUTOMATICO 6 MT CON UNIDAD DE CONTROL Y FOCO INCORPORADOS ","product_descrizione_en":"<p><strong>Swing Arm service terminal<\/strong> for extracting micro-dust generated during a sanding process or different industrial processes and for connecting pneumatic and electric tools.<br \/>\nDesign to support <strong>2 users<\/strong>;<br \/>\n<strong>Automatic electric sockets<\/strong> for tools;<br \/>\n<strong>Automatic compressed air connections<\/strong> for tools;<br \/>\nService electric plug;<br \/>\nRegulated compressed air connection;<br \/>\n<strong>Manual and Automatic remote start-up <\/strong>of the centralized vacuum system;<br \/>\nSpotlight;<br \/>\n<strong>Length 6 meters<\/strong>.<\/p>\n","product_descrizione_it":"<p><strong>Braccio snodabile<\/strong>, con <strong>terminale di servizio integrato<\/strong>, per aspirazione di micro-polveri generate durante un processo di<br \/>\nlevigatura o da diverse lavorazione industriali e per collegamento utensili pneumatici ed elettrici;<br \/>\nProgettato per supportare <strong>2 utenti<\/strong>;<br \/>\n<strong>Prese elettriche automatiche<\/strong> per utensili elettrici;<br \/>\n<strong>Prese pneumatiche automatizzate<\/strong> per utensili pneumatici;<br \/>\nPresa elettrica di servizio;<br \/>\nPresa pneumatica di servizio regolarizzata;<br \/>\n<strong>Avviamento a distanza Manuale e Automatico<\/strong> impianto centralizzato;<br \/>\nFaretto alogeno;<br \/>\n<strong>Lunghezza 6 metri<\/strong>.<\/p>\n","product_descrizione_de":"<p><strong> Swing Arm-Serviceterminal <\/strong> zum Absaugen von Mikrostaub, der w\u00e4hrend eines Schleifprozesses oder verschiedener industrieller Prozesse entsteht, und zum Verbinden von pneumatischen und elektrischen Werkzeugen.<br \/>\nDesign zur Unterst\u00fctzung von <strong> 2 Benutzern <\/strong>;<br \/>\n<strong> Automatische Steckdosen <\/strong> f\u00fcr Werkzeuge;<br \/>\n<strong> Automatische Druckluftanschl\u00fcsse <\/strong> f\u00fcr Werkzeuge;<br \/>\nService elektrischer Stecker;<br \/>\nGeregelter Druckluftanschluss;<br \/>\n<strong> Manueller und automatischer Fernstart <\/strong> des zentralen Vakuumsystems;<br \/>\nScheinwerfer;<br \/>\n<strong> L\u00e4nge 6 Meter <\/strong>.<\/p>\n","product_descrizione_fr":"<p><strong> Terminal de service Swing Arm <\/strong> pour l&#8217;extraction des micro-poussi\u00e8res g\u00e9n\u00e9r\u00e9es lors d&#8217;un processus de pon\u00e7age ou de diff\u00e9rents processus industriels et pour le raccordement d&#8217;outils pneumatiques et \u00e9lectriques.<br \/>\nConception pour prendre en charge <strong> 2 utilisateurs <\/strong>;<br \/>\n<strong> Prises \u00e9lectriques automatiques <\/strong> pour les outils;<br \/>\n<strong> Connexions automatiques d&#8217;air comprim\u00e9 <\/strong> pour les outils;<br \/>\nPrise \u00e9lectrique de service;<br \/>\nRaccord d&#8217;air comprim\u00e9 r\u00e9gul\u00e9;<br \/>\n<strong> D\u00e9marrage manuel et automatique \u00e0 distance <\/strong> du syst\u00e8me d&#8217;aspiration centralis\u00e9;<br \/>\nProjecteur;<br \/>\n<strong> Longueur 6 m\u00e8tres <\/strong>.<\/p>\n","product_descrizione_es":"<p><strong> Terminal de servicio de brazo oscilante <\/strong> para la extracci\u00f3n de micropolvo generado durante un proceso de lijado o diferentes procesos industriales y para la conexi\u00f3n de herramientas neum\u00e1ticas y el\u00e9ctricas.<br \/>\nDise\u00f1o para admitir <strong> 2 usuarios <\/strong>;<br \/>\n<strong> Enchufes el\u00e9ctricos autom\u00e1ticos <\/strong> para herramientas;<br \/>\n<strong> Conexiones autom\u00e1ticas de aire comprimido <\/strong> para herramientas;<br \/>\nServicio de enchufe el\u00e9ctrico;<br \/>\nConexi\u00f3n de aire comprimido regulada;<br \/>\n<strong> Arranque remoto manual y autom\u00e1tico <\/strong> del sistema de vac\u00edo centralizado;<br \/>\nDestacar;<br \/>\n<strong> Longitud 6 metros <\/strong>.<\/p>\n","product_scheda_en":"<table border=\"0\" cellpadding=\"0\" cellspacing=\"0\">\n<tbody>\n<tr>\n<td>Max arm extension (m)<\/td>\n<td>6<\/td>\n<\/tr>\n<tr>\n<td>Working angle &deg;<\/td>\n<td>180<\/td>\n<\/tr>\n<tr>\n<td>Max installation height (m)<\/td>\n<td>2<\/td>\n<\/tr>\n<tr>\n<td>Electric tool sockets<\/td>\n<td>2<\/td>\n<\/tr>\n<tr>\n<td>Air quick couplings tools<\/td>\n<td>2<\/td>\n<\/tr>\n<tr>\n<td>Electric service socket<\/td>\n<td>1<\/td>\n<\/tr>\n<tr>\n<td>Service air quick coupling<\/td>\n<td>1<\/td>\n<\/tr>\n<tr>\n<td>ID Vacuum nozzle (mm)<\/td>\n<td>1&#215;50\/2&#215;34<\/td>\n<\/tr>\n<tr>\n<td>Tools (mm)<\/td>\n<td>2<\/td>\n<\/tr>\n<tr>\n<td>Automatic start-up<\/td>\n<td>\u2022<\/td>\n<\/tr>\n<tr>\n<td>Spot light<\/td>\n<td>\u2022<\/td>\n<\/tr>\n<\/tbody>\n<\/table>\n","product_scheda_it":"<table border=\"0\" cellpadding=\"0\" cellspacing=\"0\">\n<tbody>\n<tr>\n<td>Estensione braccio max (m)<\/td>\n<td>6<\/td>\n<\/tr>\n<tr>\n<td>Angolo di lavoro &deg;<\/td>\n<td>180<\/td>\n<\/tr>\n<tr>\n<td>Altezza di installazione max (m)<\/td>\n<td>2<\/td>\n<\/tr>\n<tr>\n<td>Prese elettriche per utensili<\/td>\n<td>2<\/td>\n<\/tr>\n<tr>\n<td>Attacchi aria per utensili<\/td>\n<td>2<\/td>\n<\/tr>\n<tr>\n<td>Presa elettrica per utensili<\/td>\n<td>1<\/td>\n<\/tr>\n<tr>\n<td>Attacchi aria regolata<\/td>\n<td>1<\/td>\n<\/tr>\n<tr>\n<td>&Oslash; interno raccordo aspirazione (mm)<\/td>\n<td>1&#215;50\/2&#215;34<\/td>\n<\/tr>\n<tr>\n<td>Utensili collegabili<\/td>\n<td>2<\/td>\n<\/tr>\n<tr>\n<td>Avviamento automatico<\/td>\n<td>\u2022<\/td>\n<\/tr>\n<tr>\n<td>Faretto alogeno<\/td>\n<td>\u2022<\/td>\n<\/tr>\n<\/tbody>\n<\/table>\n","product_scheda_de":"<table border=\"0\" cellpadding=\"0\" cellspacing=\"0\">\n<tbody>\n<tr>\n<td>Max. Armreichweite (m)<\/td>\n<td>6<\/td>\n<\/tr>\n<tr>\n<td>Arbeitswinkel &deg;<\/td>\n<td>180<\/td>\n<\/tr>\n<tr>\n<td>Max. Installationsh&ouml;he (m)<\/td>\n<td>2<\/td>\n<\/tr>\n<tr>\n<td>Anschl&uuml;sse f&uuml;r Elektrowerkzeug<\/td>\n<td>2<\/td>\n<\/tr>\n<tr>\n<td>Schnellkupplung f&uuml;r Druckluftwerkzeuge<\/td>\n<td>2<\/td>\n<\/tr>\n<tr>\n<td>Elektrische Versorgungsanschl&uuml;sse<\/td>\n<td>1<\/td>\n<\/tr>\n<tr>\n<td>Zuleitung Druckluft<\/td>\n<td>1<\/td>\n<\/tr>\n<tr>\n<td>ID Vakuumd&uuml;se (mm)<\/td>\n<td>1&#215;50\/2&#215;34<\/td>\n<\/tr>\n<tr>\n<td>Werkzeuge (mm)<\/td>\n<td>2<\/td>\n<\/tr>\n<tr>\n<td>Automatischer Start<\/td>\n<td>\u2022<\/td>\n<\/tr>\n<tr>\n<td>Scheinwerfer<\/td>\n<td>\u2022<\/td>\n<\/tr>\n<\/tbody>\n<\/table>\n","product_scheda_fr":"<table border=\"0\" cellpadding=\"0\" cellspacing=\"0\">\n<tbody>\n<tr>\n<td>Extension maxi du bras (m)<\/td>\n<td>6<\/td>\n<\/tr>\n<tr>\n<td>Angle de travail &deg;<\/td>\n<td>180<\/td>\n<\/tr>\n<tr>\n<td>Hauteur maxi d&#39;installation (m)<\/td>\n<td>2<\/td>\n<\/tr>\n<tr>\n<td>Prise outill. &eacute;lec.<\/td>\n<td>2<\/td>\n<\/tr>\n<tr>\n<td>Outils racc. rapide air<\/td>\n<td>2<\/td>\n<\/tr>\n<tr>\n<td>Prises outillages &eacute;lectriques<\/td>\n<td>1<\/td>\n<\/tr>\n<tr>\n<td>Raccord. rap. air service<\/td>\n<td>1<\/td>\n<\/tr>\n<tr>\n<td>ID buse de vide (mm)<\/td>\n<td>1&#215;50\/2&#215;34<\/td>\n<\/tr>\n<tr>\n<td>Outils<\/td>\n<td>2<\/td>\n<\/tr>\n<tr>\n<td>D&eacute;marrage automatique<\/td>\n<td>\u2022<\/td>\n<\/tr>\n<tr>\n<td>Spot<\/td>\n<td>\u2022<\/td>\n<\/tr>\n<\/tbody>\n<\/table>\n","product_scheda_es":"<table border=\"0\" cellpadding=\"0\" cellspacing=\"0\">\n<tbody>\n<tr>\n<td>Extensi&oacute;n m&aacute;x. del brazo (m)<\/td>\n<td>6<\/td>\n<\/tr>\n<tr>\n<td>&Aacute;ngulo de trabajo &deg;<\/td>\n<td>180<\/td>\n<\/tr>\n<tr>\n<td>Altura m&aacute;x. de instalaci&oacute;n (m)<\/td>\n<td>2<\/td>\n<\/tr>\n<tr>\n<td>Tomas para herramientas el&eacute;ctricas<\/td>\n<td>2<\/td>\n<\/tr>\n<tr>\n<td>Acoplamiento r&aacute;pido para herramientas neum&aacute;ticas<\/td>\n<td>2<\/td>\n<\/tr>\n<tr>\n<td>Toma el&eacute;ctrica de servicio<\/td>\n<td>1<\/td>\n<\/tr>\n<tr>\n<td>Acoplamientos r&aacute;pidos para aire de servicio<\/td>\n<td>1<\/td>\n<\/tr>\n<tr>\n<td>Boquilla de aspiraci&oacute;n ID (mm)<\/td>\n<td>1&#215;50\/2&#215;34<\/td>\n<\/tr>\n<tr>\n<td>Herramientas (mm)<\/td>\n<td>2<\/td>\n<\/tr>\n<tr>\n<td>Arranque autom&aacute;tico<\/td>\n<td>\u2022<\/td>\n<\/tr>\n<tr>\n<td>Foco<\/td>\n<td>\u2022<\/td>\n<\/tr>\n<\/tbody>\n<\/table>\n","thumb":false,"gallery":[{"ID":1001396003,"id":1001396003,"title":"HF 6000A","filename":"HF-6000A.jpg","filesize":43285,"url":"https:\/\/www.rupes.com\/wp-content\/uploads\/2019\/03\/HF-6000A.jpg","link":"https:\/\/www.rupes.com\/it\/product\/swing-arm-with-integrated-control-unit-and-light-ep-autostart-6m-hf6000a\/hf-6000a-2\/","alt":"","author":"1","description":"","caption":"","name":"hf-6000a-2","status":"inherit","uploaded_to":1001384797,"date":"2021-01-07 11:34:00","modified":"2021-01-07 11:34:00","menu_order":0,"mime_type":"image\/jpeg","type":"image","subtype":"jpeg","icon":"https:\/\/www.rupes.com\/wp-includes\/images\/media\/default.png","width":560,"height":560,"sizes":{"thumbnail":"https:\/\/www.rupes.com\/wp-content\/uploads\/2019\/03\/HF-6000A-150x150.jpg","thumbnail-width":150,"thumbnail-height":150,"medium":"https:\/\/www.rupes.com\/wp-content\/uploads\/2019\/03\/HF-6000A-300x300.jpg","medium-width":300,"medium-height":300,"medium_large":"https:\/\/www.rupes.com\/wp-content\/uploads\/2019\/03\/HF-6000A.jpg","medium_large-width":560,"medium_large-height":560,"large":"https:\/\/www.rupes.com\/wp-content\/uploads\/2019\/03\/HF-6000A.jpg","large-width":560,"large-height":560,"1536x1536":"https:\/\/www.rupes.com\/wp-content\/uploads\/2019\/03\/HF-6000A.jpg","1536x1536-width":560,"1536x1536-height":560,"2048x2048":"https:\/\/www.rupes.com\/wp-content\/uploads\/2019\/03\/HF-6000A.jpg","2048x2048-width":560,"2048x2048-height":560,"thumb_news":"https:\/\/www.rupes.com\/wp-content\/uploads\/2019\/03\/HF-6000A-350x200.jpg","thumb_news-width":350,"thumb_news-height":200,"boxhome_small":"https:\/\/www.rupes.com\/wp-content\/uploads\/2019\/03\/HF-6000A-200x100.jpg","boxhome_small-width":200,"boxhome_small-height":100,"boxhome_medium":"https:\/\/www.rupes.com\/wp-content\/uploads\/2019\/03\/HF-6000A-300x150.jpg","boxhome_medium-width":300,"boxhome_medium-height":150,"boxhome_large":"https:\/\/www.rupes.com\/wp-content\/uploads\/2019\/03\/HF-6000A-450x200.jpg","boxhome_large-width":450,"boxhome_large-height":200,"boxproducts_large":"https:\/\/www.rupes.com\/wp-content\/uploads\/2019\/03\/HF-6000A.jpg","boxproducts_large-width":560,"boxproducts_large-height":560,"boxproducts_midlarge":"https:\/\/www.rupes.com\/wp-content\/uploads\/2019\/03\/HF-6000A.jpg","boxproducts_midlarge-width":560,"boxproducts_midlarge-height":560,"boxproducts_medium":"https:\/\/www.rupes.com\/wp-content\/uploads\/2019\/03\/HF-6000A-560x450.jpg","boxproducts_medium-width":560,"boxproducts_medium-height":450,"boxproducts_small":"https:\/\/www.rupes.com\/wp-content\/uploads\/2019\/03\/HF-6000A-560x305.jpg","boxproducts_small-width":560,"boxproducts_small-height":305,"boxproducts_mobile":"https:\/\/www.rupes.com\/wp-content\/uploads\/2019\/03\/HF-6000A-400x175.jpg","boxproducts_mobile-width":400,"boxproducts_mobile-height":175,"product_thumb":"https:\/\/www.rupes.com\/wp-content\/uploads\/2019\/03\/HF-6000A-200x200.jpg","product_thumb-width":200,"product_thumb-height":200,"product_home":"https:\/\/www.rupes.com\/wp-content\/uploads\/2019\/03\/HF-6000A.jpg","product_home-width":560,"product_home-height":560,"gallery_first":"https:\/\/www.rupes.com\/wp-content\/uploads\/2019\/03\/HF-6000A-500x500.jpg","gallery_first-width":500,"gallery_first-height":500,"gallery_thumb":"https:\/\/www.rupes.com\/wp-content\/uploads\/2019\/03\/HF-6000A-80x80.jpg","gallery_thumb-width":80,"gallery_thumb-height":80,"category_image":"https:\/\/www.rupes.com\/wp-content\/uploads\/2019\/03\/HF-6000A-200x200.jpg","category_image-width":200,"category_image-height":200,"category_thumb":"https:\/\/www.rupes.com\/wp-content\/uploads\/2019\/03\/HF-6000A-100x100.jpg","category_thumb-width":100,"category_thumb-height":100}}],"videos":false,"files":false,"product_b2b_code":"","product_b2b_pdf":"","blocco_dimensione":false,"varianti":false,"kit_vendita":false,"blocchi_prodotti_correlati":false,"seleziona_tag_notizie":false,"seleziona_le_recensioni":"","attiva_collegamento":false,"attiva_voice_speech":false,"google_review_link":""},"_links":{"self":[{"href":"https:\/\/www.rupes.com\/it\/wp-json\/wp\/v2\/products\/1001384797","targetHints":{"allow":["GET"]}}],"collection":[{"href":"https:\/\/www.rupes.com\/it\/wp-json\/wp\/v2\/products"}],"about":[{"href":"https:\/\/www.rupes.com\/it\/wp-json\/wp\/v2\/types\/product"}],"wp:attachment":[{"href":"https:\/\/www.rupes.com\/it\/wp-json\/wp\/v2\/media?parent=1001384797"}],"wp:term":[{"taxonomy":"category_product","embeddable":true,"href":"https:\/\/www.rupes.com\/it\/wp-json\/wp\/v2\/categoryproduct?post=1001384797"}],"curies":[{"name":"wp","href":"https:\/\/api.w.org\/{rel}","templated":true}]}}