{"id":1001384775,"date":"2019-03-08T02:19:02","date_gmt":"2019-03-08T02:19:02","guid":{"rendered":""},"modified":"2024-01-05T09:56:21","modified_gmt":"2024-01-05T08:56:21","slug":"mini-angle-polisher-fr32es","status":"publish","type":"product","link":"https:\/\/www.rupes.com\/it\/product\/mini-angle-polisher-fr32es\/","title":{"rendered":"Mini angle polisher FR32ES"},"content":{"rendered":"","protected":false},"featured_media":0,"template":"","meta":{"_acf_changed":false},"categoryproduct":[888965171,888965176],"class_list":["post-1001384775","product","type-product","status-publish","hentry","category_product-electric-tools","category_product-electric-tools-polishers"],"acf":{"product_codice":"FR32ES","scheda_nuova":true,"contact_form":true,"attiva_flag_new_product":false,"product_home":"0","attiva_special_message":"disattivo","product_titolo_it":"Mini lucidatrice angolare FR32ES","product_titolo_de":"MINI WINKEL POLIERMASCHINE FR32ES","product_titolo_fr":"Mini policeuse d angle FR32ES","product_titolo_es":"MINI PULIDORA ANGULAR FR32ES","product_descrizione_en":"<p>Electronic speed control\u00a0with torque control<br \/>\nSoft start<br \/>\nOverload protection<br \/>\nElectrical parts insulated\u00a0with special resins for greater protection and longer life of the tool<br \/>\nEfficient motor cooling system<br \/>\nSide handle reversible\u00a0right &#8211; left<\/p>\n<p><strong>Applications<\/strong><\/p>\n<ul>\n<li>Polishing small areas<\/li>\n<li>Removal of defects from enamels and glazes<\/li>\n<li>Ideal for polishing vertical surfaces<\/li>\n<li>Polishing narrow areas<\/li>\n<li>Fine finishing<\/li>\n<\/ul>\n","product_descrizione_it":"<p>Regolazione elettronica della velocit\u00e0\u00a0con controllo di coppia<br \/>\nSoft start\u00a0per un\u2019accelerazione dolce<br \/>\nDispositivo di sicurezza\u00a0in caso di sovraccarico<br \/>\nSpeciali resine\u00a0a protezione delle parti elettriche<br \/>\nEfficace sistema di raffreddamento del motore<br \/>\nImpugnatura laterale montabile\u00a0sia a destra che a sinistra<\/p>\n<p><strong>Applicazioni<\/strong><\/p>\n<ul>\n<li>Lucidatura di piccole aree<\/li>\n<li>Rimozione di difetti su smalti e trasparenti<\/li>\n<li>Ideale per lucidature di superfici verticali<\/li>\n<li>Lucidature di aree poco accessibili<\/li>\n<li>Lucidatura di ritocchi<\/li>\n<\/ul>\n","product_descrizione_de":"<p>Elektronische Drehzahlregelung mit Drehmomentsteuerung<br \/>\nSoft-Start-Funktion<br \/>\n\u00dcberlastungsschutz<br \/>\nSpezialharze zum Schutz der elektrischen Teile<br \/>\nEffizientes Motor-K\u00fchlungssystem<br \/>\nSeitlicher Griff, rechts und links montierbar<\/p>\n<p><strong>Anwendungen<\/strong><\/p>\n<ul>\n<li>Polieren von kleinen Fl\u00e4chen<\/li>\n<li>Entfernung von Fehlern bei Deck-und Klarlacken<\/li>\n<li>Ideal zum Polieren von vertikalen Fl\u00e4chen<\/li>\n<li>Polierarbeiten in schlecht zug\u00e4nglichen Bereichen<\/li>\n<li>Polieren im Rahmen von Nachbesserungen<\/li>\n<\/ul>\n","product_descrizione_fr":"<p>R\u00e9glage \u00e9lectronique de la vitesse avec contr\u00f4le couple.<br \/>\nSoft start pour une acc\u00e9l\u00e9ration douce<br \/>\nDispositif de s\u00e9curit\u00e9 en cas de surcharge<br \/>\nR\u00e9sines sp\u00e9ciales pour prot\u00e9ger les parties \u00e9lectriques<br \/>\nSyst\u00e8me efficace pour le refroidissement du moteur<br \/>\nPoign\u00e9e lat\u00e9rale mont\u00e9e \u00e0 droite ou \u00e0 gauche<\/p>\n<p><strong>Applications<\/strong><\/p>\n<ul>\n<li>Lustrage de petites surfaces<\/li>\n<li>\u00c9limination de d\u00e9fauts sur \u00e9maux et transparents<\/li>\n<li>Id\u00e9ale pour les lustrages de surfaces verticales<\/li>\n<li>Lustrages de surfaces peu accessibles<\/li>\n<li>Lustrage de retouches<\/li>\n<\/ul>\n","product_descrizione_es":"","product_scheda_en":"<table border=\"1\" cellspacing=\"1\" cellpadding=\"1\">\n<tbody>\n<tr>\n<td align=\"left\">\u00d8 backing pad (mm)<\/td>\n<td>75<\/td>\n<\/tr>\n<tr>\n<td align=\"left\">Power max (W)<\/td>\n<td>900<\/td>\n<\/tr>\n<tr>\n<td align=\"left\">R.P.M.<\/td>\n<td>1500-4000<\/td>\n<\/tr>\n<tr>\n<td align=\"left\">Weight (Kg)<\/td>\n<td>1,8<\/td>\n<\/tr>\n<tr>\n<td align=\"left\">Speed control<\/td>\n<td>\u2022<\/td>\n<\/tr>\n<tr>\n<td align=\"left\">Wheel spindle thread<\/td>\n<td>M14-M<\/td>\n<\/tr>\n<tr>\n<td align=\"left\">Side handle<\/td>\n<td>\u2022<\/td>\n<\/tr>\n<\/tbody>\n<\/table>\n","product_scheda_it":"<table border=\"1\" cellspacing=\"1\" cellpadding=\"1\">\n<tbody>\n<tr>\n<td align=\"left\">\u00d8 platorello (mm)<\/td>\n<td>75<\/td>\n<\/tr>\n<tr>\n<td align=\"left\">Potenza max (W)<\/td>\n<td>900<\/td>\n<\/tr>\n<tr>\n<td align=\"left\">R.P.M.<\/td>\n<td>1500-4000<\/td>\n<\/tr>\n<tr>\n<td align=\"left\">Peso (Kg)<\/td>\n<td>1,8<\/td>\n<\/tr>\n<tr>\n<td align=\"left\">Regolazione di velocit\u00e0<\/td>\n<td>\u2022<\/td>\n<\/tr>\n<tr>\n<td align=\"left\">Filettatura dell&#8217;albero<\/td>\n<td>M14-M<\/td>\n<\/tr>\n<tr>\n<td align=\"left\">Impugnatura laterale<\/td>\n<td>\u2022<\/td>\n<\/tr>\n<\/tbody>\n<\/table>\n","product_scheda_de":"<table border=\"1\" cellspacing=\"1\" cellpadding=\"1\">\n<tbody>\n<tr>\n<td align=\"left\">\u00d8 Klett Schleifteller (mm)<\/td>\n<td>75<\/td>\n<\/tr>\n<tr>\n<td align=\"left\">Leistung max (W)<\/td>\n<td>900<\/td>\n<\/tr>\n<tr>\n<td align=\"left\">R.P.M.<\/td>\n<td>1500-4000<\/td>\n<\/tr>\n<tr>\n<td align=\"left\">Gewicht (Kg)<\/td>\n<td>1,8<\/td>\n<\/tr>\n<tr>\n<td align=\"left\">Regulierung der Geschwindigkeit<\/td>\n<td>\u2022<\/td>\n<\/tr>\n<tr>\n<td align=\"left\">Gewinde der Welle<\/td>\n<td>M14-M<\/td>\n<\/tr>\n<tr>\n<td align=\"left\">Seitlicher Griff<\/td>\n<td>\u2022<\/td>\n<\/tr>\n<\/tbody>\n<\/table>\n","product_scheda_fr":"<table border=\"1\" cellspacing=\"1\" cellpadding=\"1\">\n<tbody>\n<tr>\n<td align=\"left\">\u00d8 plateau (mm)<\/td>\n<td>75<\/td>\n<\/tr>\n<tr>\n<td align=\"left\">Puissance max (W)<\/td>\n<td>900<\/td>\n<\/tr>\n<tr>\n<td align=\"left\">R.P.M.<\/td>\n<td>1500-4000<\/td>\n<\/tr>\n<tr>\n<td align=\"left\">Poids (Kg)<\/td>\n<td>1,8<\/td>\n<\/tr>\n<tr>\n<td align=\"left\">R\u00e9glage de la vitesse<\/td>\n<td>\u2022<\/td>\n<\/tr>\n<tr>\n<td align=\"left\">Filetage arbre porte-rouleau<\/td>\n<td>M14-M<\/td>\n<\/tr>\n<tr>\n<td align=\"left\">Poign\u00e9e lat\u00e9rale<\/td>\n<td>\u2022<\/td>\n<\/tr>\n<\/tbody>\n<\/table>\n","product_scheda_es":"","thumb":false,"gallery":[{"ID":1001394506,"id":1001394506,"title":"FR32ES_mini-angle-polisher","filename":"FR32ES_mini-angle-polisher.jpg","filesize":40534,"url":"https:\/\/www.rupes.com\/wp-content\/uploads\/2019\/03\/FR32ES_mini-angle-polisher.jpg","link":"https:\/\/www.rupes.com\/it\/product\/mini-angle-polisher-fr32es\/fr32es_mini-angle-polisher-2\/","alt":"FR32ES mini angle polisher","author":"1","description":"FR32ES mini angle polisher","caption":"FR32ES mini angle polisher","name":"fr32es_mini-angle-polisher-2","status":"inherit","uploaded_to":1001384775,"date":"2020-11-05 11:17:48","modified":"2020-11-05 11:18:09","menu_order":0,"mime_type":"image\/jpeg","type":"image","subtype":"jpeg","icon":"https:\/\/www.rupes.com\/wp-includes\/images\/media\/default.png","width":560,"height":560,"sizes":{"thumbnail":"https:\/\/www.rupes.com\/wp-content\/uploads\/2019\/03\/FR32ES_mini-angle-polisher-150x150.jpg","thumbnail-width":150,"thumbnail-height":150,"medium":"https:\/\/www.rupes.com\/wp-content\/uploads\/2019\/03\/FR32ES_mini-angle-polisher-300x300.jpg","medium-width":300,"medium-height":300,"medium_large":"https:\/\/www.rupes.com\/wp-content\/uploads\/2019\/03\/FR32ES_mini-angle-polisher.jpg","medium_large-width":560,"medium_large-height":560,"large":"https:\/\/www.rupes.com\/wp-content\/uploads\/2019\/03\/FR32ES_mini-angle-polisher.jpg","large-width":560,"large-height":560,"1536x1536":"https:\/\/www.rupes.com\/wp-content\/uploads\/2019\/03\/FR32ES_mini-angle-polisher.jpg","1536x1536-width":560,"1536x1536-height":560,"2048x2048":"https:\/\/www.rupes.com\/wp-content\/uploads\/2019\/03\/FR32ES_mini-angle-polisher.jpg","2048x2048-width":560,"2048x2048-height":560,"thumb_news":"https:\/\/www.rupes.com\/wp-content\/uploads\/2019\/03\/FR32ES_mini-angle-polisher-350x200.jpg","thumb_news-width":350,"thumb_news-height":200,"boxhome_small":"https:\/\/www.rupes.com\/wp-content\/uploads\/2019\/03\/FR32ES_mini-angle-polisher-200x100.jpg","boxhome_small-width":200,"boxhome_small-height":100,"boxhome_medium":"https:\/\/www.rupes.com\/wp-content\/uploads\/2019\/03\/FR32ES_mini-angle-polisher-300x150.jpg","boxhome_medium-width":300,"boxhome_medium-height":150,"boxhome_large":"https:\/\/www.rupes.com\/wp-content\/uploads\/2019\/03\/FR32ES_mini-angle-polisher-450x200.jpg","boxhome_large-width":450,"boxhome_large-height":200,"boxproducts_large":"https:\/\/www.rupes.com\/wp-content\/uploads\/2019\/03\/FR32ES_mini-angle-polisher.jpg","boxproducts_large-width":560,"boxproducts_large-height":560,"boxproducts_midlarge":"https:\/\/www.rupes.com\/wp-content\/uploads\/2019\/03\/FR32ES_mini-angle-polisher.jpg","boxproducts_midlarge-width":560,"boxproducts_midlarge-height":560,"boxproducts_medium":"https:\/\/www.rupes.com\/wp-content\/uploads\/2019\/03\/FR32ES_mini-angle-polisher-560x450.jpg","boxproducts_medium-width":560,"boxproducts_medium-height":450,"boxproducts_small":"https:\/\/www.rupes.com\/wp-content\/uploads\/2019\/03\/FR32ES_mini-angle-polisher-560x305.jpg","boxproducts_small-width":560,"boxproducts_small-height":305,"boxproducts_mobile":"https:\/\/www.rupes.com\/wp-content\/uploads\/2019\/03\/FR32ES_mini-angle-polisher-400x175.jpg","boxproducts_mobile-width":400,"boxproducts_mobile-height":175,"product_thumb":"https:\/\/www.rupes.com\/wp-content\/uploads\/2019\/03\/FR32ES_mini-angle-polisher-200x200.jpg","product_thumb-width":200,"product_thumb-height":200,"product_home":"https:\/\/www.rupes.com\/wp-content\/uploads\/2019\/03\/FR32ES_mini-angle-polisher.jpg","product_home-width":560,"product_home-height":560,"gallery_first":"https:\/\/www.rupes.com\/wp-content\/uploads\/2019\/03\/FR32ES_mini-angle-polisher-500x500.jpg","gallery_first-width":500,"gallery_first-height":500,"gallery_thumb":"https:\/\/www.rupes.com\/wp-content\/uploads\/2019\/03\/FR32ES_mini-angle-polisher-80x80.jpg","gallery_thumb-width":80,"gallery_thumb-height":80,"category_image":"https:\/\/www.rupes.com\/wp-content\/uploads\/2019\/03\/FR32ES_mini-angle-polisher-200x200.jpg","category_image-width":200,"category_image-height":200,"category_thumb":"https:\/\/www.rupes.com\/wp-content\/uploads\/2019\/03\/FR32ES_mini-angle-polisher-100x100.jpg","category_thumb-width":100,"category_thumb-height":100}}],"videos":false,"files":false,"product_b2b_code":"","blocco_dimensione":false,"varianti":false,"kit_vendita":false,"blocchi_prodotti_correlati":false,"seleziona_tag_notizie":false,"seleziona_le_recensioni":"","product_b2b_pdf":"","google_review_link":"","attiva_collegamento":false,"attiva_voice_speech":false,"code_usermanuals":"9.2513","code_usermanuals_usa":""},"_links":{"self":[{"href":"https:\/\/www.rupes.com\/it\/wp-json\/wp\/v2\/products\/1001384775","targetHints":{"allow":["GET"]}}],"collection":[{"href":"https:\/\/www.rupes.com\/it\/wp-json\/wp\/v2\/products"}],"about":[{"href":"https:\/\/www.rupes.com\/it\/wp-json\/wp\/v2\/types\/product"}],"wp:attachment":[{"href":"https:\/\/www.rupes.com\/it\/wp-json\/wp\/v2\/media?parent=1001384775"}],"wp:term":[{"taxonomy":"category_product","embeddable":true,"href":"https:\/\/www.rupes.com\/it\/wp-json\/wp\/v2\/categoryproduct?post=1001384775"}],"curies":[{"name":"wp","href":"https:\/\/api.w.org\/{rel}","templated":true}]}}