{"id":1001384751,"date":"2019-03-08T02:18:48","date_gmt":"2019-03-08T02:18:48","guid":{"rendered":""},"modified":"2024-01-25T11:59:52","modified_gmt":"2024-01-25T10:59:52","slug":"br65aes","status":"publish","type":"product","link":"https:\/\/www.rupes.com\/it\/product\/br65aes\/","title":{"rendered":"RANDOM ORBITAL SANDER 150mm VELCRO ORB 5mm BR65AES"},"content":{"rendered":"","protected":false},"featured_media":0,"template":"","meta":{"_acf_changed":false},"categoryproduct":[888965171,888965177],"class_list":["post-1001384751","product","type-product","status-publish","hentry","category_product-electric-tools","category_product-electric-tools-sanders"],"acf":{"product_codice":"BR65AES","scheda_nuova":true,"contact_form":true,"attiva_flag_new_product":false,"product_home":"0","attiva_special_message":"disattivo","product_titolo_it":"LEVIGATRICE ROTORBITALE 150mm VELCRO ORB 5mm BR65AES","product_titolo_de":"EXZENTERSCHLEIFER 150mm KLETT HUB 5mm BR65AES","product_titolo_fr":"PONCEUSE ORBITALE ALEATOIRE 150mm VELCRO ORB 5mm BR65AES","product_titolo_es":"LIJADORA ORBITAL PLATO 150mm VELCRO ORB 5mm BR65AES","product_descrizione_en":"<p>Light and easy to handle sander<br \/>\nRandom orbital motion for the best sanding results<br \/>\nLow vibration levels thanks to optima balacing<br \/>\n5 mm orbit: high cut capacity<br \/>\nThe anti spinning system accelerates the pad gradually in the start up phase, thereby avoiding surface scuffing<br \/>\nElectronic module with speed and overload control<br \/>\nSoft start device<br \/>\nEquipped with the innovative RUPES 15 hole pad: dust extraction capacity to protect the operator&#8217;s healt<br \/>\nKeyless pad quick release button<br \/>\nVacuum flow control<\/p>\n<p><strong>Applications<\/strong><\/p>\n<ul>\n<li>Tool with universal use, from rough sanding finishing<\/li>\n<li>Versatile and easy to use, suitable for all types of surfaces both flat and curved<\/li>\n<li>Sanding of fibreglass and \u201cgelcoat\u201d materials<\/li>\n<li>Primer preparation<\/li>\n<\/ul>\n","product_descrizione_it":"<p>Levigatrice angolare leggera e maneggevole<br \/>\nMovimento rotorbitale per garantire i migliori risultati di levigatura<br \/>\nVibrazioni molto contenute grazie all\u2019ottima bilanciatura<br \/>\nOrbita 5 mm: buona capacit\u00e0 di asportazione<br \/>\nDotata di sistema antispinning, che rende graduale l\u2019accelerazione del platorello nella fase di avviamento, in modo da evitare graffi sulla superficie<br \/>\nModulo elettronico con regolazione della velocit\u00e0 e controllo del sovraccarico<br \/>\nSoft start per un\u2019accelerazione dolce<br \/>\nDotata dell\u2019innovativo platorello RUPES 15 fori: massima capacit\u00e0 di aspirazione polveri per la tutela della salute dell\u2019operatore<br \/>\nTasto per lo sgancio rapido del platorello senza l\u2019utilizzo di chiavi<br \/>\nRegolatore di depressione che elimina l\u2019effetto \u201cventosa\u201d del platorello sulla superficie<\/p>\n<p><strong>Applicazioni<\/strong><\/p>\n<ul>\n<li>Macchina di impiego universale, dalla sgrossatura alla finitura<\/li>\n<li>Versatile e facile da usare, adatta a tutte<\/li>\n<li>le tipologie di superfici, sia piane che curve<\/li>\n<li>Levigatura di materiale in fibra di vetro e gelcoat<\/li>\n<li>Preparazione e finitura di fondi<\/li>\n<\/ul>\n","product_descrizione_de":"<p>Leichter Exzenterschleifer mit guter Handhabung<br \/>\nExzenterbewegung zur Gew\u00e4hrleistung bester Schleifergebnisse<br \/>\nSehr begrenzte Vibrationen dank optimaler Auswuchtung<br \/>\nSchleifhub 5 mm: Materialabtragsleistung<br \/>\nAusstattung mit Antispinning-System zur Erreichung einer schrittweisen Beschleunigung des Schleiftellers in der Startphase, um Kratzer auf der Oberfl\u00e4che zu vermeiden<br \/>\nElektronisches Modul mit Drehzahlregelung und \u00dcberlaststeuerung<br \/>\nSoft-Start-Funktion<br \/>\nAusr\u00fcstung mit dem innovativen RUPES- Schleifteller 15-Loch: Max. Staubabsaugungskapazit\u00e4t<br \/>\nMax. Staub-Absaugkapazit\u00e4t f\u00fcr den Gesundheitsschutz des Benutzers<br \/>\nTaste f\u00fcr den Schnellwechsel des Schleiftellers ohne Benutzung von Werkzeugschl\u00fcsseln<br \/>\nMit der Saugkraftregulierung wird der Effekt des \u201cAnsaugens\u201d des Schleiftellers auf der Oberfl\u00e4che ausgeschaltet<\/p>\n<p><strong>Anwendungen<\/strong><\/p>\n<ul>\n<li>Universell \u2013 vom Vorarbeiten bis zum Finishing &#8211; einsetzbar<\/li>\n<li>Vielseitig und leicht im Einsatz, geeignet f\u00fcr ebene und gew\u00f6lbte Oberfl\u00e4chen<\/li>\n<li>Schleifen von Glasfaser- und Gelcoat- Werkstoffen<\/li>\n<li>Vorbereitung und Finishing von Grundanstrichen<\/li>\n<\/ul>\n","product_descrizione_fr":"<p>Ponceuse angulaire l\u00e9g\u00e8re et maniable<br \/>\nMouvement roto-orbital pour garantir les meilleurs r\u00e9sultats de pon\u00e7age<br \/>\nVibrations tr\u00e8s limit\u00e9es gr\u00e2ce \u00e0 un excellent \u00e9quilibrage<br \/>\nOrbite 5 mm : bonne capacit\u00e9 d\u2019enl\u00e8vement<br \/>\n\u00c9quip\u00e9e d\u2019un syst\u00e8me anti-patinage rendant l\u2019acc\u00e9l\u00e9ration du plateau<br \/>\nprogressive dans la phase de d\u00e9marrage, afin d\u2019\u00e9viter les \u00e9raflures sur la surface<br \/>\nModule \u00e9lectronique avec r\u00e9glage de la vitesse et contr\u00f4le de la surcharge<br \/>\nSoft start pour une acc\u00e9l\u00e9ration douce &#8211; \u00c9quip\u00e9e du nouveau plateau RUPES \u00e0 15 trous : capacit\u00e9 maximale d\u2019aspiration de la poussi\u00e8re pour la protection de la sant\u00e9 de l\u2019op\u00e9rateur<br \/>\nTouche pour le d\u00e9crochage rapide du plateau sans utilisation de cl\u00e9s<br \/>\nR\u00e9gulateur de d\u00e9pression \u00e9liminant l\u2019effet \u00ab ventouse \u00bb du plateau sur la surface<\/p>\n<p><strong>Applications<\/strong><\/p>\n<ul>\n<li>Machine universelle, du d\u00e9grossissage \u00e0 la finition<\/li>\n<li>Polyvalente et facile \u00e0 utiliser, adapt\u00e9e \u00e0 toutes les typologies de surfaces, tant planes qu\u2019arrondies<\/li>\n<li>Pon\u00e7age de mat\u00e9riel en fibre de verre et en gelcoat<\/li>\n<li>Pr\u00e9paration et finition de fonds<\/li>\n<\/ul>\n","product_descrizione_es":"<p>Lijadora ligera y f\u00e1cil de manejar<br \/>\nMovimiento orbital aleatorio para obtener los mejores resultados de lijado<br \/>\nBajos niveles de vibraci\u00f3n gracias al balanceo optima<br \/>\n\u00d3rbita de 5 mm: alta capacidad de corte<br \/>\nEl sistema anti-giro acelera la almohadilla gradualmente en la fase de arranque, evitando as\u00ed el rayado de la superficie.<br \/>\nM\u00f3dulo electr\u00f3nico con control de velocidad y sobrecarga<br \/>\nDispositivo de arranque suave<br \/>\nEquipado con la innovadora almohadilla de 15 orificios RUPES: capacidad de extracci\u00f3n de polvo para proteger la salud del operador<br \/>\nBot\u00f3n de liberaci\u00f3n r\u00e1pida de la almohadilla sin llave<br \/>\nControl de flujo de vac\u00edo<\/p>\n<p><strong> Aplicaciones <\/strong><\/p>\n<ul>\n<li>Herramienta de uso universal, desde lijado basto<\/li>\n<li>Vers\u00e1til y f\u00e1cil de usar, apto para todo tipo de superficies tanto planas como curvas<\/li>\n<li>Lijado de materiales de fibra de vidrio y &#8220;gelcoat&#8221;<\/li>\n<li>Preparaci\u00f3n de imprimaci\u00f3n<\/li>\n<\/ul>\n","product_scheda_en":"<table border=\"1\" cellspacing=\"1\" cellpadding=\"1\">\n<tbody>\n<tr>\n<td>\u00d8 orbit<\/td>\n<td>\u00a0mm<\/td>\n<td>\u00a05<\/td>\n<\/tr>\n<tr>\n<td>\u00d8 backing pad<\/td>\n<td>\u00a0mm<\/td>\n<td>\u00a0150<\/td>\n<\/tr>\n<tr>\n<td>Holes pad<\/td>\n<td><\/td>\n<td>\u00a05<\/td>\n<\/tr>\n<tr>\n<td>Power max<\/td>\n<td>\u00a0W<\/td>\n<td>\u00a0550<\/td>\n<\/tr>\n<tr>\n<td>R.P.M.<\/td>\n<td><\/td>\n<td>\u00a03000-7000<\/td>\n<\/tr>\n<tr>\n<td>Weight<\/td>\n<td>\u00a0Kg<\/td>\n<td>\u00a02.2<\/td>\n<\/tr>\n<tr>\n<td>Speed control<\/td>\n<td><\/td>\n<td>\u00a0\u221a<\/td>\n<\/tr>\n<tr>\n<td>Wheel spindle thread<\/td>\n<td><\/td>\n<td>\u00a05\/16&#8243;-F<\/td>\n<\/tr>\n<tr>\n<td>Shaft locking button<\/td>\n<td><\/td>\n<td>\u00a0\u221a<\/td>\n<\/tr>\n<tr>\n<td>Central vacuum<\/td>\n<td><\/td>\n<td>\u00a0\u221a<\/td>\n<\/tr>\n<\/tbody>\n<\/table>\n","product_scheda_it":"<table border=\"1\" cellspacing=\"1\" cellpadding=\"1\">\n<tbody>\n<tr>\n<td>\u00d8 orbita<\/td>\n<td>\u00a0mm<\/td>\n<td>\u00a05<\/td>\n<\/tr>\n<tr>\n<td>\u00d8 platorello<\/td>\n<td>\u00a0mm<\/td>\n<td>\u00a0150<\/td>\n<\/tr>\n<tr>\n<td>Foratura<\/td>\n<td><\/td>\n<td>\u00a015<\/td>\n<\/tr>\n<tr>\n<td>Potenza max<\/td>\n<td>\u00a0W<\/td>\n<td>\u00a0550<\/td>\n<\/tr>\n<tr>\n<td>R.P.M.<\/td>\n<td><\/td>\n<td>\u00a03000-7000<\/td>\n<\/tr>\n<tr>\n<td>Peso<\/td>\n<td>\u00a0Kg<\/td>\n<td>\u00a02.2<\/td>\n<\/tr>\n<tr>\n<td>Regolazione di velocit\u00e0<\/td>\n<td><\/td>\n<td>\u00a0\u221a<\/td>\n<\/tr>\n<tr>\n<td>Filettatura dell&#8217;albero<\/td>\n<td><\/td>\n<td>\u00a05\/16&#8243;-F<\/td>\n<\/tr>\n<tr>\n<td>Tasto blocca albero<\/td>\n<td><\/td>\n<td>\u00a0\u221a<\/td>\n<\/tr>\n<tr>\n<td>Aspirazione centralizzata<\/td>\n<td><\/td>\n<td>\u00a0\u221a<\/td>\n<\/tr>\n<\/tbody>\n<\/table>\n<p>&nbsp;<\/p>\n","product_scheda_de":"<table border=\"1\" cellspacing=\"1\" cellpadding=\"1\">\n<tbody>\n<tr>\n<td>\u00d8 Schleifhub<\/td>\n<td>\u00a0mm<\/td>\n<td>\u00a05<\/td>\n<\/tr>\n<tr>\n<td>\u00d8 Klett Schleifteller<\/td>\n<td>\u00a0mm<\/td>\n<td>\u00a0150<\/td>\n<\/tr>\n<tr>\n<td>L\u00c3\u201c\u00c2\u00a7cher<\/td>\n<td><\/td>\n<td>\u00a015<\/td>\n<\/tr>\n<tr>\n<td>Leistung max<\/td>\n<td>\u00a0W<\/td>\n<td>\u00a0550<\/td>\n<\/tr>\n<tr>\n<td>R.P.M.<\/td>\n<td><\/td>\n<td>\u00a03000-7000<\/td>\n<\/tr>\n<tr>\n<td>Gewicht<\/td>\n<td>\u00a0Kg<\/td>\n<td>\u00a02.2<\/td>\n<\/tr>\n<tr>\n<td>Regulierung der Geschwindigkeit<\/td>\n<td><\/td>\n<td>\u00a0\u221a<\/td>\n<\/tr>\n<tr>\n<td>Gewinde der Welle<\/td>\n<td><\/td>\n<td>\u00a05\/16&#8243;-F<\/td>\n<\/tr>\n<tr>\n<td>Spindelarretierung Taste<\/td>\n<td><\/td>\n<td>\u00a0\u221a<\/td>\n<\/tr>\n<tr>\n<td>Zentrales Vacuum<\/td>\n<td><\/td>\n<td>\u00a0\u221a<\/td>\n<\/tr>\n<\/tbody>\n<\/table>\n","product_scheda_fr":"<table border=\"1\" cellspacing=\"1\" cellpadding=\"1\">\n<tbody>\n<tr>\n<td>\u00d8 orbite<\/td>\n<td>\u00a0mm<\/td>\n<td>\u00a05<\/td>\n<\/tr>\n<tr>\n<td>\u00d8 plateau<\/td>\n<td>\u00a0mm<\/td>\n<td>\u00a0150<\/td>\n<\/tr>\n<tr>\n<td>Percage<\/td>\n<td><\/td>\n<td>\u00a015<\/td>\n<\/tr>\n<tr>\n<td>Puissance max<\/td>\n<td>\u00a0W<\/td>\n<td>\u00a0550<\/td>\n<\/tr>\n<tr>\n<td>R.P.M.<\/td>\n<td><\/td>\n<td>\u00a03000-7000<\/td>\n<\/tr>\n<tr>\n<td>Poids<\/td>\n<td>\u00a0Kg<\/td>\n<td>\u00a02.2<\/td>\n<\/tr>\n<tr>\n<td>R\u00e9glage de la vitesse<\/td>\n<td><\/td>\n<td>\u00a0\u221a<\/td>\n<\/tr>\n<tr>\n<td>Filetage arbre porte-rouleau<\/td>\n<td><\/td>\n<td>\u00a05\/16&#8243;-F<\/td>\n<\/tr>\n<tr>\n<td>Touche d\u00e9crochage du albre<\/td>\n<td><\/td>\n<td>\u00a0\u221a<\/td>\n<\/tr>\n<tr>\n<td>Aspiration centrale<\/td>\n<td><\/td>\n<td>\u00a0\u221a<\/td>\n<\/tr>\n<\/tbody>\n<\/table>\n","product_scheda_es":"<table border=\"1\" cellspacing=\"1\" cellpadding=\"1\">\n<tbody>\n<tr>\n<td>\u00d8 \u00f3rbita<\/td>\n<td>mm &amp; nbsp;<\/td>\n<td>5<\/td>\n<\/tr>\n<tr>\n<td>\u00d8 almohadilla de respaldo<\/td>\n<td>mm<\/td>\n<td>150<\/td>\n<\/tr>\n<tr>\n<td>Almohadilla para agujeros<\/td>\n<td><\/td>\n<td>5<\/td>\n<\/tr>\n<tr>\n<td>Potencia m\u00e1xima<\/td>\n<td>W<\/td>\n<td>550<\/td>\n<\/tr>\n<tr>\n<td>R.P.M.<\/td>\n<td><\/td>\n<td>3000-7000<\/td>\n<\/tr>\n<tr>\n<td>Peso<\/td>\n<td>Kg<\/td>\n<td>2.2<\/td>\n<\/tr>\n<tr>\n<td>Control de velocidad<\/td>\n<td><\/td>\n<td>\u221a<\/td>\n<\/tr>\n<tr>\n<td>Rosca del eje de la rueda<\/td>\n<td><\/td>\n<td>5\/16 &#8221; -F<\/td>\n<\/tr>\n<tr>\n<td>Bot\u00f3n de bloqueo del eje<\/td>\n<td><\/td>\n<td>\u221a<\/td>\n<\/tr>\n<tr>\n<td>Aspiradora central<\/td>\n<td><\/td>\n<td>\u221a<\/td>\n<\/tr>\n<\/tbody>\n<\/table>\n","thumb":false,"gallery":[{"ID":1001394917,"id":1001394917,"title":"BR65AES_RANDOM-ORBITAL-SANDER-150mm-VELCRO-ORB-5mm","filename":"BR65AES_RANDOM-ORBITAL-SANDER-150mm-VELCRO-ORB-5mm.jpg","filesize":45481,"url":"https:\/\/www.rupes.com\/wp-content\/uploads\/2019\/03\/BR65AES_RANDOM-ORBITAL-SANDER-150mm-VELCRO-ORB-5mm.jpg","link":"https:\/\/www.rupes.com\/it\/product\/br65aes\/br65aes_random-orbital-sander-150mm-velcro-orb-5mm-2\/","alt":"BR65AES - RANDOM ORBITAL SANDER 150mm VELCRO ORB 5mm","author":"1","description":"BR65AES - RANDOM ORBITAL SANDER 150mm VELCRO ORB 5mm","caption":"BR65AES - RANDOM ORBITAL SANDER 150mm VELCRO ORB 5mm","name":"br65aes_random-orbital-sander-150mm-velcro-orb-5mm-2","status":"inherit","uploaded_to":1001384751,"date":"2020-11-09 15:03:19","modified":"2020-11-09 15:03:47","menu_order":0,"mime_type":"image\/jpeg","type":"image","subtype":"jpeg","icon":"https:\/\/www.rupes.com\/wp-includes\/images\/media\/default.png","width":560,"height":560,"sizes":{"thumbnail":"https:\/\/www.rupes.com\/wp-content\/uploads\/2019\/03\/BR65AES_RANDOM-ORBITAL-SANDER-150mm-VELCRO-ORB-5mm-150x150.jpg","thumbnail-width":150,"thumbnail-height":150,"medium":"https:\/\/www.rupes.com\/wp-content\/uploads\/2019\/03\/BR65AES_RANDOM-ORBITAL-SANDER-150mm-VELCRO-ORB-5mm-300x300.jpg","medium-width":300,"medium-height":300,"medium_large":"https:\/\/www.rupes.com\/wp-content\/uploads\/2019\/03\/BR65AES_RANDOM-ORBITAL-SANDER-150mm-VELCRO-ORB-5mm.jpg","medium_large-width":560,"medium_large-height":560,"large":"https:\/\/www.rupes.com\/wp-content\/uploads\/2019\/03\/BR65AES_RANDOM-ORBITAL-SANDER-150mm-VELCRO-ORB-5mm.jpg","large-width":560,"large-height":560,"1536x1536":"https:\/\/www.rupes.com\/wp-content\/uploads\/2019\/03\/BR65AES_RANDOM-ORBITAL-SANDER-150mm-VELCRO-ORB-5mm.jpg","1536x1536-width":560,"1536x1536-height":560,"2048x2048":"https:\/\/www.rupes.com\/wp-content\/uploads\/2019\/03\/BR65AES_RANDOM-ORBITAL-SANDER-150mm-VELCRO-ORB-5mm.jpg","2048x2048-width":560,"2048x2048-height":560,"thumb_news":"https:\/\/www.rupes.com\/wp-content\/uploads\/2019\/03\/BR65AES_RANDOM-ORBITAL-SANDER-150mm-VELCRO-ORB-5mm-350x200.jpg","thumb_news-width":350,"thumb_news-height":200,"boxhome_small":"https:\/\/www.rupes.com\/wp-content\/uploads\/2019\/03\/BR65AES_RANDOM-ORBITAL-SANDER-150mm-VELCRO-ORB-5mm-200x100.jpg","boxhome_small-width":200,"boxhome_small-height":100,"boxhome_medium":"https:\/\/www.rupes.com\/wp-content\/uploads\/2019\/03\/BR65AES_RANDOM-ORBITAL-SANDER-150mm-VELCRO-ORB-5mm-300x150.jpg","boxhome_medium-width":300,"boxhome_medium-height":150,"boxhome_large":"https:\/\/www.rupes.com\/wp-content\/uploads\/2019\/03\/BR65AES_RANDOM-ORBITAL-SANDER-150mm-VELCRO-ORB-5mm-450x200.jpg","boxhome_large-width":450,"boxhome_large-height":200,"boxproducts_large":"https:\/\/www.rupes.com\/wp-content\/uploads\/2019\/03\/BR65AES_RANDOM-ORBITAL-SANDER-150mm-VELCRO-ORB-5mm.jpg","boxproducts_large-width":560,"boxproducts_large-height":560,"boxproducts_midlarge":"https:\/\/www.rupes.com\/wp-content\/uploads\/2019\/03\/BR65AES_RANDOM-ORBITAL-SANDER-150mm-VELCRO-ORB-5mm.jpg","boxproducts_midlarge-width":560,"boxproducts_midlarge-height":560,"boxproducts_medium":"https:\/\/www.rupes.com\/wp-content\/uploads\/2019\/03\/BR65AES_RANDOM-ORBITAL-SANDER-150mm-VELCRO-ORB-5mm-560x450.jpg","boxproducts_medium-width":560,"boxproducts_medium-height":450,"boxproducts_small":"https:\/\/www.rupes.com\/wp-content\/uploads\/2019\/03\/BR65AES_RANDOM-ORBITAL-SANDER-150mm-VELCRO-ORB-5mm-560x305.jpg","boxproducts_small-width":560,"boxproducts_small-height":305,"boxproducts_mobile":"https:\/\/www.rupes.com\/wp-content\/uploads\/2019\/03\/BR65AES_RANDOM-ORBITAL-SANDER-150mm-VELCRO-ORB-5mm-400x175.jpg","boxproducts_mobile-width":400,"boxproducts_mobile-height":175,"product_thumb":"https:\/\/www.rupes.com\/wp-content\/uploads\/2019\/03\/BR65AES_RANDOM-ORBITAL-SANDER-150mm-VELCRO-ORB-5mm-200x200.jpg","product_thumb-width":200,"product_thumb-height":200,"product_home":"https:\/\/www.rupes.com\/wp-content\/uploads\/2019\/03\/BR65AES_RANDOM-ORBITAL-SANDER-150mm-VELCRO-ORB-5mm.jpg","product_home-width":560,"product_home-height":560,"gallery_first":"https:\/\/www.rupes.com\/wp-content\/uploads\/2019\/03\/BR65AES_RANDOM-ORBITAL-SANDER-150mm-VELCRO-ORB-5mm-500x500.jpg","gallery_first-width":500,"gallery_first-height":500,"gallery_thumb":"https:\/\/www.rupes.com\/wp-content\/uploads\/2019\/03\/BR65AES_RANDOM-ORBITAL-SANDER-150mm-VELCRO-ORB-5mm-80x80.jpg","gallery_thumb-width":80,"gallery_thumb-height":80,"category_image":"https:\/\/www.rupes.com\/wp-content\/uploads\/2019\/03\/BR65AES_RANDOM-ORBITAL-SANDER-150mm-VELCRO-ORB-5mm-200x200.jpg","category_image-width":200,"category_image-height":200,"category_thumb":"https:\/\/www.rupes.com\/wp-content\/uploads\/2019\/03\/BR65AES_RANDOM-ORBITAL-SANDER-150mm-VELCRO-ORB-5mm-100x100.jpg","category_thumb-width":100,"category_thumb-height":100}}],"videos":false,"files":false,"product_b2b_code":"BR65AES#230\/H5\/DE\/STD","blocco_dimensione":false,"varianti":false,"kit_vendita":false,"blocchi_prodotti_correlati":false,"seleziona_tag_notizie":false,"seleziona_le_recensioni":"","product_b2b_pdf":"https:\/\/b2b.rupes.com\/cdn\/b2b.rupes.com\/areaftp\/esplosipdf\/BR65AESRIC000.pdf","google_review_link":"","attiva_collegamento":false,"attiva_voice_speech":false,"code_usermanuals":"9.2570","code_usermanuals_usa":""},"_links":{"self":[{"href":"https:\/\/www.rupes.com\/it\/wp-json\/wp\/v2\/products\/1001384751","targetHints":{"allow":["GET"]}}],"collection":[{"href":"https:\/\/www.rupes.com\/it\/wp-json\/wp\/v2\/products"}],"about":[{"href":"https:\/\/www.rupes.com\/it\/wp-json\/wp\/v2\/types\/product"}],"wp:attachment":[{"href":"https:\/\/www.rupes.com\/it\/wp-json\/wp\/v2\/media?parent=1001384751"}],"wp:term":[{"taxonomy":"category_product","embeddable":true,"href":"https:\/\/www.rupes.com\/it\/wp-json\/wp\/v2\/categoryproduct?post=1001384751"}],"curies":[{"name":"wp","href":"https:\/\/api.w.org\/{rel}","templated":true}]}}