{"id":1001384749,"date":"2019-03-08T02:18:47","date_gmt":"2019-03-08T02:18:47","guid":{"rendered":""},"modified":"2024-01-25T11:58:31","modified_gmt":"2024-01-25T10:58:31","slug":"br109aes","status":"publish","type":"product","link":"https:\/\/www.rupes.com\/it\/product\/br109aes\/","title":{"rendered":"Random orbital sander 150mm velcro orbit 9mm BR109AES"},"content":{"rendered":"","protected":false},"featured_media":0,"template":"","meta":{"_acf_changed":false},"categoryproduct":[888965171,888965177],"class_list":["post-1001384749","product","type-product","status-publish","hentry","category_product-electric-tools","category_product-electric-tools-sanders"],"acf":{"product_codice":"BR109AES","scheda_nuova":true,"contact_form":true,"attiva_flag_new_product":false,"product_home":"0","attiva_special_message":"disattivo","product_titolo_it":"LEVIGATRICE ROTORBITALE \u00d8 150 VELCRO ORB 9mm BR109AES","product_titolo_de":"EXZENTERSCHLEIFER \u00d8 150 KLETT HUB 9mm BR109AES","product_titolo_fr":"PONCEUSE ORBITALE ALEATOIRE \u00d8 150 VELCRO ORB 9mm BR109AES","product_titolo_es":"LIJADORA ORBITAL PLATO \u00d8 150 VELCRO ORB 9mm BR109AES","product_descrizione_en":"<p>MULTIHOLES PAD SLIM: the new RUPES pad, with reduced thickness, increases the stability the centre of gravity.<br \/>\nLight and easy handle sander<br \/>\nLow vibrations\u00a0thanks to accurate balancing<br \/>\nThe anti spinning system\u00a0accelerates the pad gradually in the start up phase, thereby avoiding surface scuffing<br \/>\nElectronic module\u00a0with speed and overload control<br \/>\nVacuum flow control<\/p>\n<p><strong>Applications<\/strong><\/p>\n<ul>\n<li>9 mm orbit optimises work time. Ideal for smoothing body filler and surfaces preparation. The wide random orbital movement ensures rapidity and excellent finishing. The suggested abrasive range is P 100 \u2013 P 180<\/li>\n<\/ul>\n","product_descrizione_it":"<p>Il nuovissimo platorello RUPES MULTIHOLE SLIM, grazie alla sua altezza ridotta, consente di raggiungere con facilit\u00e0 i punti di difficile\u00a0accesso e, abbassando il baricentro dell\u2019utensile, ne aumenta la stabilit\u00e0.<br \/>\nLevigatrici angolari leggere e maneggevoli<br \/>\nVibrazioni molto contenute grazie all\u2019ottima bilanciatura<br \/>\nDotate di sistema antispinning, che rende graduale l\u2019accelerazione del platorello nella fase di avviamento, in modo da evitare graffi sulla superficie<br \/>\nModulo elettronico con regolazione della velocit\u00e0 e controllo del sovraccarico<br \/>\nRegolatore di depressione che elimina l\u2019effetto \u201cventosa&#8221;<\/p>\n<p><strong>Applicazioni<\/strong><\/p>\n<ul>\n<li>Orbita 9 mm: Utensile a alta capacit\u00e0 di asportazione. L\u2019orbita 9 mm nasce dalla richiesta dei nostri utilizzatori di ottimizzare i tempi di lavoro. Ideale per levigatura di stucchi e per la preparazione di superfici.L\u2019ampia orbita accoppiata al movimento rotorbitale permette di avere grande rapidit\u00e0 e ottima finitura. La grana abrasiva pi\u00f9 indicata \u00e8 compresa tra P 100 e P 180<\/li>\n<\/ul>\n","product_descrizione_de":"<p>Mit dem vollkommen neuen Schleifteller RUPES SLIM MULTIHOLE k\u00f6nnen dank der geringen H\u00f6he auch schwer zug\u00e4ngliche Stellen bearbeitet werden. Dar\u00fcber hinaus erh\u00f6ht sich die Stabilit\u00e4t durch einen niedrigeren Schwerpunkt.<br \/>\nLeichter Exzenterschleifer mit guter Handhabung<br \/>\nSehr begrenzte Vibrationen dank optimaler Auswuchtung<br \/>\nAusstattung mit Antispinning-System zur Erreichung einer schrittweisen Beschleunigung des Schleiftellers in der Startphase, um Kratzer auf der Oberfl\u00e4che zu vermeiden<br \/>\nElektronisches Modul mit Drehzahlregelung und \u00dcberlaststeuerung<br \/>\nMit der Saugkraftregulierung wird der Effekt des \u201cAnsaugens\u201d des Schleiftellers auf der Oberfl\u00e4che ausgeschaltet<\/p>\n<p><strong>Anwendungen<\/strong><\/p>\n<ul>\n<li>Schwingkreis 9 mm: Werkzeug mit hohem Materialabtrag. Der Schwingkreis mit 9 mm entsteht aus dem Wunsch unserer Kunden, die Bearbeitungszeiten zu optimieren. Ideal zum Schleifen von Stucken und die Vorbereitung von Oberfl\u00e4chen. Der gro\u00dfe Schwingkreis erzielt in Verbindung mit der Exzenterbewegung ein schnelles Ergebnis bei einer guten Oberfl\u00e4cheng\u00fcte. Die am besten geeignete K\u00f6rnung der Schleifscheibe liegt zwischen P 100 und P 180<\/li>\n<\/ul>\n","product_descrizione_fr":"<p>Gr\u00e2ce \u00e0 sa hauteur r\u00e9duite, le tout nouveau plateau RUPES MULTIHOLE SLIM permet d\u2019atteindre facilement les points difficiles d\u2019acc\u00e8s et augmente la stabilit\u00e9 de l\u2019outil en abaissant son centre de gravit\u00e9<br \/>\nPonceuses angulaires l\u00e9g\u00e8res et maniables<br \/>\nVibrations tr\u00e8s limit\u00e9es gr\u00e2ce \u00e0 l\u2019excellent \u00e9quilibrage<br \/>\n\u00c9quip\u00e9es d\u2019un syst\u00e8me anti-patinage rendant l\u2019acc\u00e9l\u00e9ration du plateau progressive dans la phase de d\u00e9marrage, afin d\u2019\u00e9viter les \u00e9raflures sur la surface<br \/>\nModule \u00e9lectronique avec r\u00e9glage de la vitesse et contr\u00f4le de la surcharge<br \/>\nR\u00e9gulateur de d\u00e9pression \u00e9liminant l\u2019effet \u00ab ventouse \u00bb du plateau sur la surface<\/p>\n<p><strong>Applications<\/strong><\/p>\n<ul>\n<li>Orbite de 9 mm : Outil \u00e0 haute capacit\u00e9 d\u2019enl\u00e8vement. L\u2019orbite de 9 mm r\u00e9pond \u00e0 la demande de nos utilisateurs qui souhaitent optimiser les temps de travail. Id\u00e9al pour le pon\u00e7age des enduits et pour la pr\u00e9paration des surfaces. La vaste orbite accoupl\u00e9e au mouvement roto-orbital assurent une grande rapidit\u00e9 et une excellente finition.<\/li>\n<li>Le grain abrasif les plus indiqu\u00e9 est compris entre P 100 et P 180.<\/li>\n<\/ul>\n","product_descrizione_es":"<p>MULTIHOLES PAD SLIM: la nueva almohadilla RUPES, de espesor reducido, aumenta la estabilidad del centro de gravedad.<br \/>\nLijadora ligera y de f\u00e1cil manejo<br \/>\nVibraciones bajas &amp; nbsp; gracias a un equilibrado preciso<br \/>\nEl sistema anti-giro &amp; nbsp; acelera la almohadilla gradualmente en la fase de arranque, evitando as\u00ed el rayado de la superficie<br \/>\nM\u00f3dulo electr\u00f3nico &amp; nbsp; con control de velocidad y sobrecarga<br \/>\nControl de flujo de vac\u00edo<\/p>\n<p>&lt;\u201dAplicaciones&lt;\/\u00d7<\/p>\n<ul>\n<li>La \u00f3rbita de 9 mm optimiza el tiempo de trabajo. Ideal para alisar masilla corporal y preparaci\u00f3n de superficies. El amplio movimiento orbital aleatorio asegura rapidez y excelente acabado. El rango de abrasivo sugerido es P 100 &amp; ndash; P 180<\/li>\n<\/ul>\n","product_scheda_en":"<table border=\"1\" cellspacing=\"1\" cellpadding=\"1\">\n<tbody>\n<tr>\n<td align=\"left\">\u00d8 orbit (mm)<\/td>\n<td>9<\/td>\n<\/tr>\n<tr>\n<td align=\"left\">\u00d8 backing pad (mm)<\/td>\n<td>150<\/td>\n<\/tr>\n<tr>\n<td align=\"left\">Holes pad<\/td>\n<td>MULTIHOLE SLIM<\/td>\n<\/tr>\n<tr>\n<td align=\"left\">Power max (W)<\/td>\n<td>550<\/td>\n<\/tr>\n<tr>\n<td align=\"left\">R.P.M.<\/td>\n<td>3000-7000<\/td>\n<\/tr>\n<tr>\n<td align=\"left\">Weight (Kg)<\/td>\n<td>2,2<\/td>\n<\/tr>\n<tr>\n<td align=\"left\">Speed control<\/td>\n<td>\u2022<\/td>\n<\/tr>\n<tr>\n<td align=\"left\">Wheel spindle thread<\/td>\n<td>M8-F<\/td>\n<\/tr>\n<tr>\n<td align=\"left\">Central vacuum<\/td>\n<td>\u2022<\/td>\n<\/tr>\n<\/tbody>\n<\/table>\n","product_scheda_it":"<table border=\"1\" cellspacing=\"1\" cellpadding=\"1\">\n<tbody>\n<tr>\n<td align=\"left\">\u00d8 orbita (mm)<\/td>\n<td>9<\/td>\n<\/tr>\n<tr>\n<td align=\"left\">\u00d8 platorello (mm)<\/td>\n<td>150<\/td>\n<\/tr>\n<tr>\n<td align=\"left\">Foratura<\/td>\n<td>MULTIHOLE SLIM<\/td>\n<\/tr>\n<tr>\n<td align=\"left\">Potenza max (W)<\/td>\n<td>550<\/td>\n<\/tr>\n<tr>\n<td align=\"left\">R.P.M.<\/td>\n<td>3000-7000<\/td>\n<\/tr>\n<tr>\n<td align=\"left\">Peso (Kg)<\/td>\n<td>2,2<\/td>\n<\/tr>\n<tr>\n<td align=\"left\">Regolazione di velocit\u00e0<\/td>\n<td>\u2022<\/td>\n<\/tr>\n<tr>\n<td align=\"left\">Filettatura dell&#8217;albero<\/td>\n<td>M8-F<\/td>\n<\/tr>\n<tr>\n<td align=\"left\">Aspirazione centralizzata<\/td>\n<td>\u2022<\/td>\n<\/tr>\n<\/tbody>\n<\/table>\n","product_scheda_de":"<table border=\"1\" cellspacing=\"1\" cellpadding=\"1\">\n<tbody>\n<tr>\n<td align=\"left\">\u00d8 Schleifhub (mm)<\/td>\n<td>9<\/td>\n<\/tr>\n<tr>\n<td align=\"left\">\u00d8 Klett Schleifteller (mm)<\/td>\n<td>150<\/td>\n<\/tr>\n<tr>\n<td align=\"left\">L\u00c3\u201c\u00c2\u00a7cher<\/td>\n<td>MULTIHOLE SLIM<\/td>\n<\/tr>\n<tr>\n<td align=\"left\">Leistung max (W)<\/td>\n<td>550<\/td>\n<\/tr>\n<tr>\n<td align=\"left\">R.P.M.<\/td>\n<td>3000-7000<\/td>\n<\/tr>\n<tr>\n<td align=\"left\">Gewicht (Kg)<\/td>\n<td>2,2<\/td>\n<\/tr>\n<tr>\n<td align=\"left\">Regulierung der Geschwindigkeit<\/td>\n<td>\u2022<\/td>\n<\/tr>\n<tr>\n<td align=\"left\">Gewinde der Welle<\/td>\n<td>M8-F<\/td>\n<\/tr>\n<tr>\n<td align=\"left\">Zentrales Vacuum<\/td>\n<td>\u2022<\/td>\n<\/tr>\n<\/tbody>\n<\/table>\n","product_scheda_fr":"<table border=\"1\" cellspacing=\"1\" cellpadding=\"1\">\n<tbody>\n<tr>\n<td align=\"left\">\u00d8 orbite (mm)<\/td>\n<td>9<\/td>\n<\/tr>\n<tr>\n<td align=\"left\">\u00d8 plateau (mm)<\/td>\n<td>150<\/td>\n<\/tr>\n<tr>\n<td align=\"left\">Percage<\/td>\n<td>MULTIHOLE SLIM<\/td>\n<\/tr>\n<tr>\n<td align=\"left\">Puissance max (W)<\/td>\n<td>550<\/td>\n<\/tr>\n<tr>\n<td align=\"left\">R.P.M.<\/td>\n<td>3000-7000<\/td>\n<\/tr>\n<tr>\n<td align=\"left\">Poids (Kg)<\/td>\n<td>2,2<\/td>\n<\/tr>\n<tr>\n<td align=\"left\">R\u00e9glage de la vitesse<\/td>\n<td>\u2022<\/td>\n<\/tr>\n<tr>\n<td align=\"left\">Filetage arbre porte-rouleau<\/td>\n<td>M8-F<\/td>\n<\/tr>\n<tr>\n<td align=\"left\">Aspiration centrale<\/td>\n<td>\u2022<\/td>\n<\/tr>\n<\/tbody>\n<\/table>\n","product_scheda_es":"<table border=\"1\" cellspacing=\"1\" cellpadding=\"1\">\n<tbody>\n<tr>\n<td align=\"left\">\u00d8 \u00f3rbita (mm)<\/td>\n<td>9<\/td>\n<\/tr>\n<tr>\n<td align=\"left\">\u00d8 almohadilla de respaldo (mm)<\/td>\n<td>150<\/td>\n<\/tr>\n<tr>\n<td align=\"left\">Almohadilla para agujeros<\/td>\n<td>MULTIHOLE SLIM<\/td>\n<\/tr>\n<tr>\n<td align=\"left\">Potencia m\u00e1xima (W)<\/td>\n<td>550<\/td>\n<\/tr>\n<tr>\n<td align=\"left\">R.P.M.<\/td>\n<td>3000-7000<\/td>\n<\/tr>\n<tr>\n<td align=\"left\">Peso (Kg)<\/td>\n<td>2,2<\/td>\n<\/tr>\n<tr>\n<td align=\"left\">Control de velocidad<\/td>\n<td>\u2022<\/td>\n<\/tr>\n<tr>\n<td align=\"left\">Rosca del eje de la rueda<\/td>\n<td>M8-F<\/td>\n<\/tr>\n<tr>\n<td align=\"left\">Aspiradora central<\/td>\n<td>\u2022<\/td>\n<\/tr>\n<\/tbody>\n<\/table>\n","thumb":false,"gallery":[{"ID":1001394929,"id":1001394929,"title":"BR109AES_Random-orbital-sander-150mm-velcro-orbit-9mm","filename":"BR109AES_Random-orbital-sander-150mm-velcro-orbit-9mm.jpg","filesize":40588,"url":"https:\/\/www.rupes.com\/wp-content\/uploads\/2019\/03\/BR109AES_Random-orbital-sander-150mm-velcro-orbit-9mm.jpg","link":"https:\/\/www.rupes.com\/it\/product\/br109aes\/br109aes_random-orbital-sander-150mm-velcro-orbit-9mm-2\/","alt":"BR109AES - Random orbital sander 150mm velcro orbit 9mm","author":"1","description":"BR109AES - Random orbital sander 150mm velcro orbit 9mm","caption":"BR109AES - Random orbital sander 150mm velcro orbit 9mm","name":"br109aes_random-orbital-sander-150mm-velcro-orbit-9mm-2","status":"inherit","uploaded_to":1001384749,"date":"2020-11-09 15:20:41","modified":"2020-11-09 15:21:08","menu_order":0,"mime_type":"image\/jpeg","type":"image","subtype":"jpeg","icon":"https:\/\/www.rupes.com\/wp-includes\/images\/media\/default.png","width":560,"height":375,"sizes":{"thumbnail":"https:\/\/www.rupes.com\/wp-content\/uploads\/2019\/03\/BR109AES_Random-orbital-sander-150mm-velcro-orbit-9mm-150x150.jpg","thumbnail-width":150,"thumbnail-height":150,"medium":"https:\/\/www.rupes.com\/wp-content\/uploads\/2019\/03\/BR109AES_Random-orbital-sander-150mm-velcro-orbit-9mm-300x201.jpg","medium-width":300,"medium-height":201,"medium_large":"https:\/\/www.rupes.com\/wp-content\/uploads\/2019\/03\/BR109AES_Random-orbital-sander-150mm-velcro-orbit-9mm.jpg","medium_large-width":560,"medium_large-height":375,"large":"https:\/\/www.rupes.com\/wp-content\/uploads\/2019\/03\/BR109AES_Random-orbital-sander-150mm-velcro-orbit-9mm.jpg","large-width":560,"large-height":375,"1536x1536":"https:\/\/www.rupes.com\/wp-content\/uploads\/2019\/03\/BR109AES_Random-orbital-sander-150mm-velcro-orbit-9mm.jpg","1536x1536-width":560,"1536x1536-height":375,"2048x2048":"https:\/\/www.rupes.com\/wp-content\/uploads\/2019\/03\/BR109AES_Random-orbital-sander-150mm-velcro-orbit-9mm.jpg","2048x2048-width":560,"2048x2048-height":375,"thumb_news":"https:\/\/www.rupes.com\/wp-content\/uploads\/2019\/03\/BR109AES_Random-orbital-sander-150mm-velcro-orbit-9mm-350x200.jpg","thumb_news-width":350,"thumb_news-height":200,"boxhome_small":"https:\/\/www.rupes.com\/wp-content\/uploads\/2019\/03\/BR109AES_Random-orbital-sander-150mm-velcro-orbit-9mm-200x100.jpg","boxhome_small-width":200,"boxhome_small-height":100,"boxhome_medium":"https:\/\/www.rupes.com\/wp-content\/uploads\/2019\/03\/BR109AES_Random-orbital-sander-150mm-velcro-orbit-9mm-300x150.jpg","boxhome_medium-width":300,"boxhome_medium-height":150,"boxhome_large":"https:\/\/www.rupes.com\/wp-content\/uploads\/2019\/03\/BR109AES_Random-orbital-sander-150mm-velcro-orbit-9mm-450x200.jpg","boxhome_large-width":450,"boxhome_large-height":200,"boxproducts_large":"https:\/\/www.rupes.com\/wp-content\/uploads\/2019\/03\/BR109AES_Random-orbital-sander-150mm-velcro-orbit-9mm.jpg","boxproducts_large-width":560,"boxproducts_large-height":375,"boxproducts_midlarge":"https:\/\/www.rupes.com\/wp-content\/uploads\/2019\/03\/BR109AES_Random-orbital-sander-150mm-velcro-orbit-9mm.jpg","boxproducts_midlarge-width":560,"boxproducts_midlarge-height":375,"boxproducts_medium":"https:\/\/www.rupes.com\/wp-content\/uploads\/2019\/03\/BR109AES_Random-orbital-sander-150mm-velcro-orbit-9mm.jpg","boxproducts_medium-width":560,"boxproducts_medium-height":375,"boxproducts_small":"https:\/\/www.rupes.com\/wp-content\/uploads\/2019\/03\/BR109AES_Random-orbital-sander-150mm-velcro-orbit-9mm-560x305.jpg","boxproducts_small-width":560,"boxproducts_small-height":305,"boxproducts_mobile":"https:\/\/www.rupes.com\/wp-content\/uploads\/2019\/03\/BR109AES_Random-orbital-sander-150mm-velcro-orbit-9mm-400x175.jpg","boxproducts_mobile-width":400,"boxproducts_mobile-height":175,"product_thumb":"https:\/\/www.rupes.com\/wp-content\/uploads\/2019\/03\/BR109AES_Random-orbital-sander-150mm-velcro-orbit-9mm-300x200.jpg","product_thumb-width":300,"product_thumb-height":200,"product_home":"https:\/\/www.rupes.com\/wp-content\/uploads\/2019\/03\/BR109AES_Random-orbital-sander-150mm-velcro-orbit-9mm.jpg","product_home-width":560,"product_home-height":375,"gallery_first":"https:\/\/www.rupes.com\/wp-content\/uploads\/2019\/03\/BR109AES_Random-orbital-sander-150mm-velcro-orbit-9mm.jpg","gallery_first-width":560,"gallery_first-height":375,"gallery_thumb":"https:\/\/www.rupes.com\/wp-content\/uploads\/2019\/03\/BR109AES_Random-orbital-sander-150mm-velcro-orbit-9mm-105x70.jpg","gallery_thumb-width":105,"gallery_thumb-height":70,"category_image":"https:\/\/www.rupes.com\/wp-content\/uploads\/2019\/03\/BR109AES_Random-orbital-sander-150mm-velcro-orbit-9mm-200x134.jpg","category_image-width":200,"category_image-height":134,"category_thumb":"https:\/\/www.rupes.com\/wp-content\/uploads\/2019\/03\/BR109AES_Random-orbital-sander-150mm-velcro-orbit-9mm-100x67.jpg","category_thumb-width":100,"category_thumb-height":67}}],"videos":false,"files":false,"product_b2b_code":"BR109AES#230\/H5\/DE\/STD","blocco_dimensione":false,"varianti":false,"kit_vendita":false,"blocchi_prodotti_correlati":false,"seleziona_tag_notizie":false,"seleziona_le_recensioni":"","product_b2b_pdf":"https:\/\/b2b.rupes.com\/cdn\/b2b.rupes.com\/areaftp\/esplosipdf\/BR106AESRIC000.pdf","google_review_link":"https:\/\/www.google.com\/shopping\/product\/2126815705506009228\/reviews","attiva_collegamento":false,"attiva_voice_speech":false,"code_usermanuals":"9.2588","code_usermanuals_usa":""},"_links":{"self":[{"href":"https:\/\/www.rupes.com\/it\/wp-json\/wp\/v2\/products\/1001384749","targetHints":{"allow":["GET"]}}],"collection":[{"href":"https:\/\/www.rupes.com\/it\/wp-json\/wp\/v2\/products"}],"about":[{"href":"https:\/\/www.rupes.com\/it\/wp-json\/wp\/v2\/types\/product"}],"wp:attachment":[{"href":"https:\/\/www.rupes.com\/it\/wp-json\/wp\/v2\/media?parent=1001384749"}],"wp:term":[{"taxonomy":"category_product","embeddable":true,"href":"https:\/\/www.rupes.com\/it\/wp-json\/wp\/v2\/categoryproduct?post=1001384749"}],"curies":[{"name":"wp","href":"https:\/\/api.w.org\/{rel}","templated":true}]}}