{"id":1001384746,"date":"2019-03-08T02:18:47","date_gmt":"2019-03-08T02:18:47","guid":{"rendered":""},"modified":"2024-01-25T11:56:30","modified_gmt":"2024-01-25T10:56:30","slug":"ba31es","status":"publish","type":"product","link":"https:\/\/www.rupes.com\/it\/product\/ba31es\/","title":{"rendered":"Mini angle grinder with central vacuum BA31ES"},"content":{"rendered":"","protected":false},"featured_media":0,"template":"","meta":{"_acf_changed":false},"categoryproduct":[888965171,888965174],"class_list":["post-1001384746","product","type-product","status-publish","hentry","category_product-electric-tools","category_product-electric-tools-grinders"],"acf":{"product_codice":"BA31ES","scheda_nuova":true,"contact_form":true,"attiva_flag_new_product":false,"product_home":"0","attiva_special_message":"disattivo","product_titolo_it":"MINI SMERIGLIATRICE ANGOLARE CON ASPIRAZIONE BA31ES ","product_titolo_de":"MINI WINKELSCHLEIFER MIT ZENTRALER ABSAUGUNG BA31ES","product_titolo_fr":"MINI MEULEUSE D ANGLE A RELIER ASPIRATION BA31ES","product_titolo_es":"MINI ANMOLADORA CON ASPIRACION BA31ES ","product_descrizione_en":"<p>Heavy duty motor<br \/>\nCompact size<br \/>\nShaft locking button\u00a0for easy disc removal<br \/>\nElectrical parts insulated\u00a0with special resins for greater protection and longer life of the tool<br \/>\nHandle side reversible\u00a0right &#8211; left<br \/>\nEquipped with dust extraction nozzle<br \/>\nSoft start<br \/>\nElectronic speed control<\/p>\n<p><strong>Applications<\/strong><\/p>\n<ul>\n<li>Oxides and rust removal<\/li>\n<li>Paint stripping<\/li>\n<li>Rapid removal of fillers<\/li>\n<\/ul>\n<p>&nbsp;<\/p>\n","product_descrizione_it":"<p>Motore per impieghi pesanti<br \/>\nDimensioni compatte<br \/>\nTasto blocca albero\u00a0per una facile rimozione del disco<br \/>\nComponenti elettrici isolati\u00a0con speciali resine epossidiche per una maggior durata della vita dell&#8217;utensile<br \/>\nImpugnatura laterale montabile\u00a0sia a destra che a sinistra<br \/>\nPredisposta per la connessione ad un sistema di aspirazione<br \/>\nSoft start<br \/>\nRegolazione elettronica della velocit\u00e0<\/p>\n<p><strong>Applicazioni<\/strong><\/p>\n<ul>\n<li>Asportazione ossidi e ruggine<\/li>\n<li>Sverniciatura<\/li>\n<li>Rapida asportazione di stucchi metallici<\/li>\n<\/ul>\n","product_descrizione_de":"<p>Leistungsstarker 900 W-Motor<br \/>\nKompakte Abmessungen<br \/>\nSpindelarretierungs-Taste zum einfachen Wechsel der Scheibe<br \/>\nSchutz der Motorwicklung mit Epoxidharz<br \/>\nSeitlicher Griff, rechts und links montierbar<br \/>\nVorger\u00fcstet f\u00fcr den Anschluss an ein Absaugsystem<br \/>\nSoft-Start-Funktion<br \/>\nElektronische Drehzahlregelung<\/p>\n<p><strong>Anwendungen<\/strong><\/p>\n<ul>\n<li>Abtragung von Roststellen und Rostansatz<\/li>\n<li>Lackentfernung<\/li>\n<li>Schnelle Abtragung von Metallspachtel<\/li>\n<\/ul>\n","product_descrizione_fr":"<p>Moteur d\u2019une puissance de 900 W<br \/>\nDimensions compactes<br \/>\nTouche de verrouillage de l\u2019arbre pour faciliter le retrait du disque<br \/>\nBobinage du moteur prot\u00e9g\u00e9 par de la r\u00e9sine \u00e9poxy<br \/>\nPoign\u00e9e lat\u00e9rale mont\u00e9e \u00e0 droite ou \u00e0 gauche<br \/>\nPr\u00e9vue pour le branchement \u00e0 un syst\u00e8me d\u2019aspiration<br \/>\nSoft start pour une acc\u00e9l\u00e9ration douce<br \/>\nR\u00e9glage \u00e9lectronique de la vitesse<\/p>\n<p><strong>Applications<\/strong><\/p>\n<ul>\n<li>\u00c9limination des oxydes et de la rouille<\/li>\n<li>D\u00e9capage<\/li>\n<li>\u00c9limination rapide des enduits m\u00e9talliques<\/li>\n<\/ul>\n","product_descrizione_es":"","product_scheda_en":"<table border=\"1\" cellspacing=\"1\" cellpadding=\"1\">\n<tbody>\n<tr>\n<td align=\"left\">\u00d8 disc (mm)<\/td>\n<td>115<\/td>\n<\/tr>\n<tr>\n<td align=\"left\">Power max (W)<\/td>\n<td>900<\/td>\n<\/tr>\n<tr>\n<td align=\"left\">R.P.M.<\/td>\n<td>15000-4000<\/td>\n<\/tr>\n<tr>\n<td align=\"left\">Weight (Kg)<\/td>\n<td>2,1<\/td>\n<\/tr>\n<tr>\n<td align=\"left\">Speed control<\/td>\n<td>\u2022<\/td>\n<\/tr>\n<tr>\n<td align=\"left\">Wheel spindle thread<\/td>\n<td>M14-M<\/td>\n<\/tr>\n<tr>\n<td align=\"left\">Shaft locking button<\/td>\n<td>\u2022<\/td>\n<\/tr>\n<tr>\n<td align=\"left\">Central vacuum<\/td>\n<td>\u2022<\/td>\n<\/tr>\n<tr>\n<td align=\"left\">Turning guard<\/td>\n<td>\u2022<\/td>\n<\/tr>\n<tr>\n<td align=\"left\">Side handle<\/td>\n<td>\u2022<\/td>\n<\/tr>\n<\/tbody>\n<\/table>\n","product_scheda_it":"<table border=\"1\" cellspacing=\"1\" cellpadding=\"1\">\n<tbody>\n<tr>\n<td align=\"left\">\u00d8 disco (mm)<\/td>\n<td>115<\/td>\n<\/tr>\n<tr>\n<td align=\"left\">Potenza max (W)<\/td>\n<td>900<\/td>\n<\/tr>\n<tr>\n<td align=\"left\">R.P.M.<\/td>\n<td>15000-4000<\/td>\n<\/tr>\n<tr>\n<td align=\"left\">Peso (Kg)<\/td>\n<td>2,1<\/td>\n<\/tr>\n<tr>\n<td align=\"left\">Regolazione di velocit\u00e0<\/td>\n<td>\u2022<\/td>\n<\/tr>\n<tr>\n<td align=\"left\">Filettatura dell&#8217;albero<\/td>\n<td>M14-M<\/td>\n<\/tr>\n<tr>\n<td align=\"left\">Tasto blocca albero<\/td>\n<td>\u2022<\/td>\n<\/tr>\n<tr>\n<td align=\"left\">Aspirazione centralizzata<\/td>\n<td>\u2022<\/td>\n<\/tr>\n<tr>\n<td align=\"left\">Protezione girevole<\/td>\n<td>\u2022<\/td>\n<\/tr>\n<tr>\n<td align=\"left\">Impugnatura laterale<\/td>\n<td>\u2022<\/td>\n<\/tr>\n<\/tbody>\n<\/table>\n","product_scheda_de":"<table border=\"1\" cellspacing=\"1\" cellpadding=\"1\">\n<tbody>\n<tr>\n<td align=\"left\">\u00d8 Schleifscheibe (mm)<\/td>\n<td>115<\/td>\n<\/tr>\n<tr>\n<td align=\"left\">Leistung max (W)<\/td>\n<td>900<\/td>\n<\/tr>\n<tr>\n<td align=\"left\">R.P.M.<\/td>\n<td>15000-4000<\/td>\n<\/tr>\n<tr>\n<td align=\"left\">Gewicht (Kg)<\/td>\n<td>2,1<\/td>\n<\/tr>\n<tr>\n<td align=\"left\">Regulierung der Geschwindigkeit<\/td>\n<td>\u2022<\/td>\n<\/tr>\n<tr>\n<td align=\"left\">Gewinde der Welle<\/td>\n<td>M14-M<\/td>\n<\/tr>\n<tr>\n<td align=\"left\">Spindelarretierung Taste<\/td>\n<td>\u2022<\/td>\n<\/tr>\n<tr>\n<td align=\"left\">Zentrales Vacuum<\/td>\n<td>\u2022<\/td>\n<\/tr>\n<tr>\n<td align=\"left\">Drehbarer Schutz<\/td>\n<td>\u2022<\/td>\n<\/tr>\n<tr>\n<td align=\"left\">Seitlicher Griff<\/td>\n<td>\u2022<\/td>\n<\/tr>\n<\/tbody>\n<\/table>\n","product_scheda_fr":"<table border=\"1\" cellspacing=\"1\" cellpadding=\"1\">\n<tbody>\n<tr>\n<td align=\"left\">\u00d8 disque (mm)<\/td>\n<td>115<\/td>\n<\/tr>\n<tr>\n<td align=\"left\">Puissance max (W)<\/td>\n<td>900<\/td>\n<\/tr>\n<tr>\n<td align=\"left\">R.P.M.<\/td>\n<td>15000-4000<\/td>\n<\/tr>\n<tr>\n<td align=\"left\">Poids (Kg)<\/td>\n<td>2,1<\/td>\n<\/tr>\n<tr>\n<td align=\"left\">R\u00e9glage de la vitesse<\/td>\n<td>\u2022<\/td>\n<\/tr>\n<tr>\n<td align=\"left\">Filetage arbre porte-rouleau<\/td>\n<td>M14-M<\/td>\n<\/tr>\n<tr>\n<td align=\"left\">Touche d\u00e9crochage du albre<\/td>\n<td>\u2022<\/td>\n<\/tr>\n<tr>\n<td align=\"left\">Aspiration centrale<\/td>\n<td>\u2022<\/td>\n<\/tr>\n<tr>\n<td align=\"left\">Protection tournante<\/td>\n<td>\u2022<\/td>\n<\/tr>\n<tr>\n<td align=\"left\">Poign\u00e9e lat\u00e9rale<\/td>\n<td>\u2022<\/td>\n<\/tr>\n<\/tbody>\n<\/table>\n","product_scheda_es":"","thumb":false,"gallery":[{"ID":1001394537,"id":1001394537,"title":"BA31ES_Mini-angle-grinder-with-central-vacuum","filename":"BA31ES_Mini-angle-grinder-with-central-vacuum.jpg","filesize":37447,"url":"https:\/\/www.rupes.com\/wp-content\/uploads\/2019\/03\/BA31ES_Mini-angle-grinder-with-central-vacuum.jpg","link":"https:\/\/www.rupes.com\/it\/product\/ba31es\/ba31es_mini-angle-grinder-with-central-vacuum-2\/","alt":"BA31ES Mini angle grinder with central vacuum","author":"1","description":"BA31ES Mini angle grinder with central vacuum","caption":"BA31ES Mini angle grinder with central vacuum","name":"ba31es_mini-angle-grinder-with-central-vacuum-2","status":"inherit","uploaded_to":1001384746,"date":"2020-11-05 11:53:16","modified":"2020-11-05 11:53:41","menu_order":0,"mime_type":"image\/jpeg","type":"image","subtype":"jpeg","icon":"https:\/\/www.rupes.com\/wp-includes\/images\/media\/default.png","width":560,"height":560,"sizes":{"thumbnail":"https:\/\/www.rupes.com\/wp-content\/uploads\/2019\/03\/BA31ES_Mini-angle-grinder-with-central-vacuum-150x150.jpg","thumbnail-width":150,"thumbnail-height":150,"medium":"https:\/\/www.rupes.com\/wp-content\/uploads\/2019\/03\/BA31ES_Mini-angle-grinder-with-central-vacuum-300x300.jpg","medium-width":300,"medium-height":300,"medium_large":"https:\/\/www.rupes.com\/wp-content\/uploads\/2019\/03\/BA31ES_Mini-angle-grinder-with-central-vacuum.jpg","medium_large-width":560,"medium_large-height":560,"large":"https:\/\/www.rupes.com\/wp-content\/uploads\/2019\/03\/BA31ES_Mini-angle-grinder-with-central-vacuum.jpg","large-width":560,"large-height":560,"1536x1536":"https:\/\/www.rupes.com\/wp-content\/uploads\/2019\/03\/BA31ES_Mini-angle-grinder-with-central-vacuum.jpg","1536x1536-width":560,"1536x1536-height":560,"2048x2048":"https:\/\/www.rupes.com\/wp-content\/uploads\/2019\/03\/BA31ES_Mini-angle-grinder-with-central-vacuum.jpg","2048x2048-width":560,"2048x2048-height":560,"thumb_news":"https:\/\/www.rupes.com\/wp-content\/uploads\/2019\/03\/BA31ES_Mini-angle-grinder-with-central-vacuum-350x200.jpg","thumb_news-width":350,"thumb_news-height":200,"boxhome_small":"https:\/\/www.rupes.com\/wp-content\/uploads\/2019\/03\/BA31ES_Mini-angle-grinder-with-central-vacuum-200x100.jpg","boxhome_small-width":200,"boxhome_small-height":100,"boxhome_medium":"https:\/\/www.rupes.com\/wp-content\/uploads\/2019\/03\/BA31ES_Mini-angle-grinder-with-central-vacuum-300x150.jpg","boxhome_medium-width":300,"boxhome_medium-height":150,"boxhome_large":"https:\/\/www.rupes.com\/wp-content\/uploads\/2019\/03\/BA31ES_Mini-angle-grinder-with-central-vacuum-450x200.jpg","boxhome_large-width":450,"boxhome_large-height":200,"boxproducts_large":"https:\/\/www.rupes.com\/wp-content\/uploads\/2019\/03\/BA31ES_Mini-angle-grinder-with-central-vacuum.jpg","boxproducts_large-width":560,"boxproducts_large-height":560,"boxproducts_midlarge":"https:\/\/www.rupes.com\/wp-content\/uploads\/2019\/03\/BA31ES_Mini-angle-grinder-with-central-vacuum.jpg","boxproducts_midlarge-width":560,"boxproducts_midlarge-height":560,"boxproducts_medium":"https:\/\/www.rupes.com\/wp-content\/uploads\/2019\/03\/BA31ES_Mini-angle-grinder-with-central-vacuum-560x450.jpg","boxproducts_medium-width":560,"boxproducts_medium-height":450,"boxproducts_small":"https:\/\/www.rupes.com\/wp-content\/uploads\/2019\/03\/BA31ES_Mini-angle-grinder-with-central-vacuum-560x305.jpg","boxproducts_small-width":560,"boxproducts_small-height":305,"boxproducts_mobile":"https:\/\/www.rupes.com\/wp-content\/uploads\/2019\/03\/BA31ES_Mini-angle-grinder-with-central-vacuum-400x175.jpg","boxproducts_mobile-width":400,"boxproducts_mobile-height":175,"product_thumb":"https:\/\/www.rupes.com\/wp-content\/uploads\/2019\/03\/BA31ES_Mini-angle-grinder-with-central-vacuum-200x200.jpg","product_thumb-width":200,"product_thumb-height":200,"product_home":"https:\/\/www.rupes.com\/wp-content\/uploads\/2019\/03\/BA31ES_Mini-angle-grinder-with-central-vacuum.jpg","product_home-width":560,"product_home-height":560,"gallery_first":"https:\/\/www.rupes.com\/wp-content\/uploads\/2019\/03\/BA31ES_Mini-angle-grinder-with-central-vacuum-500x500.jpg","gallery_first-width":500,"gallery_first-height":500,"gallery_thumb":"https:\/\/www.rupes.com\/wp-content\/uploads\/2019\/03\/BA31ES_Mini-angle-grinder-with-central-vacuum-80x80.jpg","gallery_thumb-width":80,"gallery_thumb-height":80,"category_image":"https:\/\/www.rupes.com\/wp-content\/uploads\/2019\/03\/BA31ES_Mini-angle-grinder-with-central-vacuum-200x200.jpg","category_image-width":200,"category_image-height":200,"category_thumb":"https:\/\/www.rupes.com\/wp-content\/uploads\/2019\/03\/BA31ES_Mini-angle-grinder-with-central-vacuum-100x100.jpg","category_thumb-width":100,"category_thumb-height":100}}],"videos":false,"files":false,"product_b2b_code":"BA31ES#230\/H5\/DE\/STD","blocco_dimensione":false,"varianti":false,"kit_vendita":false,"blocchi_prodotti_correlati":false,"seleziona_tag_notizie":false,"seleziona_le_recensioni":"","product_b2b_pdf":"https:\/\/b2b.rupes.com\/cdn\/b2b.rupes.com\/areaftp\/esplosipdf\/BA31ESRIC000.pdf","google_review_link":"","attiva_collegamento":false,"attiva_voice_speech":false,"code_usermanuals":"9.2503","code_usermanuals_usa":""},"_links":{"self":[{"href":"https:\/\/www.rupes.com\/it\/wp-json\/wp\/v2\/products\/1001384746","targetHints":{"allow":["GET"]}}],"collection":[{"href":"https:\/\/www.rupes.com\/it\/wp-json\/wp\/v2\/products"}],"about":[{"href":"https:\/\/www.rupes.com\/it\/wp-json\/wp\/v2\/types\/product"}],"wp:attachment":[{"href":"https:\/\/www.rupes.com\/it\/wp-json\/wp\/v2\/media?parent=1001384746"}],"wp:term":[{"taxonomy":"category_product","embeddable":true,"href":"https:\/\/www.rupes.com\/it\/wp-json\/wp\/v2\/categoryproduct?post=1001384746"}],"curies":[{"name":"wp","href":"https:\/\/api.w.org\/{rel}","templated":true}]}}