{"id":1001384744,"date":"2019-03-08T02:18:46","date_gmt":"2019-03-08T02:18:46","guid":{"rendered":""},"modified":"2024-01-25T11:55:05","modified_gmt":"2024-01-25T10:55:05","slug":"ba225s","status":"publish","type":"product","link":"https:\/\/www.rupes.com\/it\/product\/ba225s\/","title":{"rendered":"Mini angle grinder BA225S"},"content":{"rendered":"","protected":false},"featured_media":0,"template":"","meta":{"_acf_changed":false},"categoryproduct":[888965171,888965174],"class_list":["post-1001384744","product","type-product","status-publish","hentry","category_product-electric-tools","category_product-electric-tools-grinders"],"acf":{"product_codice":"BA225S","scheda_nuova":true,"contact_form":true,"attiva_flag_new_product":false,"product_home":"0","attiva_special_message":"disattivo","product_titolo_it":"MINI SMERIGLIATRICE ANGOLARE BA225S ","product_titolo_de":"MINI WINKELSCHLEIFER BA225S ","product_titolo_fr":"MINI MEULEUSE D ANGLE BA215S ","product_titolo_es":"MINI AMOLADORA ANGULAR BA225S ","product_descrizione_en":"<p>Tools for special naval dockyards applications, the maintenance of oil and gas pipelines and large metal masses where the only power supply available is a motorwelder or that cannot be connected to a standard 230 V power supply for safety reasons.<br \/>\nThese tools can be connected to a 48 V motorwelder directly or using a BE72N junction box for 72 V tools. A functional and practical system that ensures the continuous availability, electrode and grinder along with maximum safety.<\/p>\n","product_descrizione_it":"<p>Motore per impieghi pesanti<br \/>\nDimensioni compatte<br \/>\nTasto blocca albero\u00a0per una facile rimozione del disco<br \/>\nComponenti elettrici isolati\u00a0con speciali resine epossidiche per una maggiore durata della vita dell&#8217;utensile<br \/>\nImpugnatura laterale montabile\u00a0sia a destra che a sinistra<\/p>\n<ul>\n<li>Piccoli lavori di carpenteria<\/li>\n<li>Taglio di piastrelle, ceramiche e graniti<\/li>\n<li>Realizzazione scanalature<\/li>\n<li>Rimozione ossidi<\/li>\n<\/ul>\n","product_descrizione_de":"<p>Werkzeuge f\u00fcr Sondereins\u00e4tze in Schiffswerften, Wartung von Pipelines, Gas-Pipelines beim Vorhandensein gro\u00dfer Metallmassen, bei denen die einzige Versorgungsquelle ein fahrbares Schwei\u00dfaggregat ist oder es aus Sicherheitsgr\u00fcnden nicht m\u00f6glich ist, die Standardversorgung von 230 V zu verwenden. Diese Werkzeuge k\u00f6nnen an ein fahrbares Schwei\u00dfaggregat direkt mit 48 V oder mit Hilfe einer Abzweigung BE72N f\u00fcr Werkzeuge der Version 72 V angeschlossen werden. Funktionelles und wirksames System, steht um Zange, Elektrode und Schmiergelmaschine unter sicheren Bedingungen griffbereit zu haben<\/p>\n","product_descrizione_fr":"<p>Outillage pour applications sp\u00e9ciales dans les chantiers navals, pour une utilisation sur des ol\u00e9oducs et gazoducs,, en pr\u00e9sence de grandes masses m\u00e9talliques o\u00f9 l\u2019unique source d\u2019alimentation est une soudeuse mobile et o\u00f9 il n\u2019est pas permis, pour des raisons de s\u00e9curit\u00e9, d\u2019utiliser une alimentation en 230V. Cet outillage peut directement \u00eatre raccord\u00e9 \u00e0 une soudeuse mobile 48V, ou encore \u00e0 une bo\u00eete de d\u00e9rivation BE72N pour l\u2019outillage pr\u00e9vu en 72 V. Syst\u00e8me fonctionnel et efficace permettant d\u2019avoir toujours \u00e0 port\u00e9e de main un pince, une \u00e9lectrode et une meuleuse ou ponceuse, et ce en toute s\u00e9curit\u00e9.<\/p>\n<p><strong>Applications<\/strong><\/p>\n<ul>\n<li>Petits travaux de charpenterie<\/li>\n<li>Coupe de carreaux, de c\u00e9ramique et de granite<\/li>\n<li>R\u00e9alisation de rainures<\/li>\n<li>\u00c9limination des oxydes<\/li>\n<\/ul>\n","product_descrizione_es":"","product_scheda_en":"<table border=\"1\" cellspacing=\"1\" cellpadding=\"1\">\n<tbody>\n<tr>\n<td align=\"left\">Voltage (V)<\/td>\n<td>48\/72<\/td>\n<\/tr>\n<tr>\n<td align=\"left\">\u00d8 disc (mm)<\/td>\n<td>125<\/td>\n<\/tr>\n<tr>\n<td align=\"left\">R.P.M.<\/td>\n<td>8500<\/td>\n<\/tr>\n<tr>\n<td align=\"left\">Power (W\/hp)<\/td>\n<td>800<\/td>\n<\/tr>\n<\/tbody>\n<\/table>\n","product_scheda_it":"<table border=\"1\" cellspacing=\"1\" cellpadding=\"1\">\n<tbody>\n<tr>\n<td align=\"left\">Voltaggio (V)<\/td>\n<td>48\/72<\/td>\n<\/tr>\n<tr>\n<td align=\"left\">\u00d8 Disco (mm)<\/td>\n<td>125<\/td>\n<\/tr>\n<tr>\n<td align=\"left\">R.P.M.<\/td>\n<td>8500<\/td>\n<\/tr>\n<tr>\n<td align=\"left\">Potenza (W\/hp)<\/td>\n<td>800<\/td>\n<\/tr>\n<\/tbody>\n<\/table>\n","product_scheda_de":"<table border=\"1\" cellspacing=\"1\" cellpadding=\"1\">\n<tbody>\n<tr>\n<td align=\"left\">Spannung (V)<\/td>\n<td>48\/72<\/td>\n<\/tr>\n<tr>\n<td align=\"left\">\u00d8 Schleifscheibe (mm)<\/td>\n<td>125<\/td>\n<\/tr>\n<tr>\n<td align=\"left\">R.P.M.<\/td>\n<td>8500<\/td>\n<\/tr>\n<tr>\n<td align=\"left\">Leistung (W\/hp)<\/td>\n<td>800<\/td>\n<\/tr>\n<\/tbody>\n<\/table>\n","product_scheda_fr":"<table border=\"1\" cellspacing=\"1\" cellpadding=\"1\">\n<tbody>\n<tr>\n<td align=\"left\">Tension (V)<\/td>\n<td>48\/72<\/td>\n<\/tr>\n<tr>\n<td align=\"left\">\u00d8 disque (mm)<\/td>\n<td>125<\/td>\n<\/tr>\n<tr>\n<td align=\"left\">R.P.M.<\/td>\n<td>8500<\/td>\n<\/tr>\n<tr>\n<td align=\"left\">Puissance (W\/hp)<\/td>\n<td>800<\/td>\n<\/tr>\n<\/tbody>\n<\/table>\n","product_scheda_es":"","thumb":false,"gallery":[{"ID":1001394543,"id":1001394543,"title":"BA225S _Mini-angle-grinder","filename":"BA225S-_Mini-angle-grinder.jpg","filesize":26312,"url":"https:\/\/www.rupes.com\/wp-content\/uploads\/2019\/03\/BA225S-_Mini-angle-grinder.jpg","link":"https:\/\/www.rupes.com\/it\/product\/ba225s\/ba225s-_mini-angle-grinder-2\/","alt":"BA225S Mini angle grinder","author":"1","description":"BA225S Mini angle grinder","caption":"BA225S Mini angle grinder","name":"ba225s-_mini-angle-grinder-2","status":"inherit","uploaded_to":1001384744,"date":"2020-11-05 11:58:16","modified":"2020-11-05 11:58:34","menu_order":0,"mime_type":"image\/jpeg","type":"image","subtype":"jpeg","icon":"https:\/\/www.rupes.com\/wp-includes\/images\/media\/default.png","width":560,"height":373,"sizes":{"thumbnail":"https:\/\/www.rupes.com\/wp-content\/uploads\/2019\/03\/BA225S-_Mini-angle-grinder-150x150.jpg","thumbnail-width":150,"thumbnail-height":150,"medium":"https:\/\/www.rupes.com\/wp-content\/uploads\/2019\/03\/BA225S-_Mini-angle-grinder-300x200.jpg","medium-width":300,"medium-height":200,"medium_large":"https:\/\/www.rupes.com\/wp-content\/uploads\/2019\/03\/BA225S-_Mini-angle-grinder.jpg","medium_large-width":560,"medium_large-height":373,"large":"https:\/\/www.rupes.com\/wp-content\/uploads\/2019\/03\/BA225S-_Mini-angle-grinder.jpg","large-width":560,"large-height":373,"1536x1536":"https:\/\/www.rupes.com\/wp-content\/uploads\/2019\/03\/BA225S-_Mini-angle-grinder.jpg","1536x1536-width":560,"1536x1536-height":373,"2048x2048":"https:\/\/www.rupes.com\/wp-content\/uploads\/2019\/03\/BA225S-_Mini-angle-grinder.jpg","2048x2048-width":560,"2048x2048-height":373,"thumb_news":"https:\/\/www.rupes.com\/wp-content\/uploads\/2019\/03\/BA225S-_Mini-angle-grinder-350x200.jpg","thumb_news-width":350,"thumb_news-height":200,"boxhome_small":"https:\/\/www.rupes.com\/wp-content\/uploads\/2019\/03\/BA225S-_Mini-angle-grinder-200x100.jpg","boxhome_small-width":200,"boxhome_small-height":100,"boxhome_medium":"https:\/\/www.rupes.com\/wp-content\/uploads\/2019\/03\/BA225S-_Mini-angle-grinder-300x150.jpg","boxhome_medium-width":300,"boxhome_medium-height":150,"boxhome_large":"https:\/\/www.rupes.com\/wp-content\/uploads\/2019\/03\/BA225S-_Mini-angle-grinder-450x200.jpg","boxhome_large-width":450,"boxhome_large-height":200,"boxproducts_large":"https:\/\/www.rupes.com\/wp-content\/uploads\/2019\/03\/BA225S-_Mini-angle-grinder.jpg","boxproducts_large-width":560,"boxproducts_large-height":373,"boxproducts_midlarge":"https:\/\/www.rupes.com\/wp-content\/uploads\/2019\/03\/BA225S-_Mini-angle-grinder.jpg","boxproducts_midlarge-width":560,"boxproducts_midlarge-height":373,"boxproducts_medium":"https:\/\/www.rupes.com\/wp-content\/uploads\/2019\/03\/BA225S-_Mini-angle-grinder.jpg","boxproducts_medium-width":560,"boxproducts_medium-height":373,"boxproducts_small":"https:\/\/www.rupes.com\/wp-content\/uploads\/2019\/03\/BA225S-_Mini-angle-grinder-560x305.jpg","boxproducts_small-width":560,"boxproducts_small-height":305,"boxproducts_mobile":"https:\/\/www.rupes.com\/wp-content\/uploads\/2019\/03\/BA225S-_Mini-angle-grinder-400x175.jpg","boxproducts_mobile-width":400,"boxproducts_mobile-height":175,"product_thumb":"https:\/\/www.rupes.com\/wp-content\/uploads\/2019\/03\/BA225S-_Mini-angle-grinder-300x200.jpg","product_thumb-width":300,"product_thumb-height":200,"product_home":"https:\/\/www.rupes.com\/wp-content\/uploads\/2019\/03\/BA225S-_Mini-angle-grinder.jpg","product_home-width":560,"product_home-height":373,"gallery_first":"https:\/\/www.rupes.com\/wp-content\/uploads\/2019\/03\/BA225S-_Mini-angle-grinder.jpg","gallery_first-width":560,"gallery_first-height":373,"gallery_thumb":"https:\/\/www.rupes.com\/wp-content\/uploads\/2019\/03\/BA225S-_Mini-angle-grinder-105x70.jpg","gallery_thumb-width":105,"gallery_thumb-height":70,"category_image":"https:\/\/www.rupes.com\/wp-content\/uploads\/2019\/03\/BA225S-_Mini-angle-grinder-200x133.jpg","category_image-width":200,"category_image-height":133,"category_thumb":"https:\/\/www.rupes.com\/wp-content\/uploads\/2019\/03\/BA225S-_Mini-angle-grinder-100x67.jpg","category_thumb-width":100,"category_thumb-height":67}}],"videos":false,"files":false,"product_b2b_code":"BA225S#230\/H5\/DE\/STD","blocco_dimensione":false,"varianti":false,"kit_vendita":false,"blocchi_prodotti_correlati":false,"seleziona_tag_notizie":false,"seleziona_le_recensioni":"","product_b2b_pdf":"https:\/\/b2b.rupes.com\/cdn\/b2b.rupes.com\/areaftp\/esplosipdf\/BA215SRIC000.pdf","google_review_link":"","attiva_collegamento":false,"attiva_voice_speech":false,"code_usermanuals":"9.2497","code_usermanuals_usa":""},"_links":{"self":[{"href":"https:\/\/www.rupes.com\/it\/wp-json\/wp\/v2\/products\/1001384744","targetHints":{"allow":["GET"]}}],"collection":[{"href":"https:\/\/www.rupes.com\/it\/wp-json\/wp\/v2\/products"}],"about":[{"href":"https:\/\/www.rupes.com\/it\/wp-json\/wp\/v2\/types\/product"}],"wp:attachment":[{"href":"https:\/\/www.rupes.com\/it\/wp-json\/wp\/v2\/media?parent=1001384744"}],"wp:term":[{"taxonomy":"category_product","embeddable":true,"href":"https:\/\/www.rupes.com\/it\/wp-json\/wp\/v2\/categoryproduct?post=1001384744"}],"curies":[{"name":"wp","href":"https:\/\/api.w.org\/{rel}","templated":true}]}}