{"id":1001384741,"date":"2019-03-08T02:18:45","date_gmt":"2019-03-08T02:18:45","guid":{"rendered":""},"modified":"2024-01-25T12:58:13","modified_gmt":"2024-01-25T11:58:13","slug":"mini-angle-grinder-ba215d-48v-dead-man-switch","status":"publish","type":"product","link":"https:\/\/www.rupes.com\/it\/product\/mini-angle-grinder-ba215d-48v-dead-man-switch\/","title":{"rendered":"MINI ANGLE GRINDER BA215D 48V DEAD MAN SWITCH"},"content":{"rendered":"<p>Tools for special naval dockyards applications, the maintenance of oil and gas pipelines and large metal masses where the only power supply available is a motorwelder or that cannot be connected to a standard 230 V power supply for safety reasons.<br \/>\nThese tools can be connected to a 48 V motorwelder directly or using a BE72N junction box for 72 V tools. A functional and practical system that ensures the continuous availability, electrode and grinder along with maximum safety. This grinder is\u00a0equipped with Dead-man switch for applications that require high security standards.<\/p>\n","protected":false},"featured_media":0,"template":"","meta":{"_acf_changed":false},"categoryproduct":[888965179,888965178],"class_list":["post-1001384741","product","type-product","status-publish","hentry","category_product-low-voltage-tools-grinders","category_product-low-voltage-tools"],"acf":{"product_codice":"BA215D\/BT","scheda_nuova":true,"contact_form":true,"attiva_flag_new_product":false,"product_home":"0","attiva_special_message":"disattivo","product_titolo_it":"MINI SMERIGLIATRICE ANGOLARE BA215D 48V DEAD MAN SWITCH","product_titolo_de":"MINI WINKELSCHLEIFER BA215D 48V TOTMANNEINRICHTUNG","product_titolo_fr":"MINI MEULEUSE D ANGLE BA215D 48V DIJONCTEUR","product_titolo_es":"MINI AMOLADORA ANGULAR BA215D 48V INTERRUPTOR HOMBRE MUERTO","product_descrizione_en":"<p>Tools for special naval dockyards applications, the maintenance of oil and gas pipelines and large metal masses where the only power supply available is a motorwelder or that cannot be connected to a standard 230 V power supply for safety reasons.<br \/>\nThese tools can be connected to a 48 V motorwelder directly or using a BE72N junction box for 72 V tools. A functional and practical system that ensures the continuous availability, electrode and grinder along with maximum safety. This grinder is\u00a0equipped with Dead-man switch for applications that require high security standards.<\/p>\n","product_descrizione_it":"<p>Utensili per applicazioni speciali in cantieri navali, manutenzione oleodotti, gasdotti, in presenza di grandi masse metalliche dove l\u2019unica fonte di alimentazione sia una motosaldatrice o non sia possibile, per questioni di sicurezza, usare l\u2019alimentazione standard 230V. Questi utensili possono essere collegati ad una motosaldatrice, 48V direttamente, o con l\u2019ausilio di una cassetta di derivazione BE72N per utensili in versione 72V. Sistema funzionale ed efficace per avere pinza, elettrodo e smerigliatrice sempre a portata di mano in sicurezza. Inoltre \u00e8 dotata di Dead-man switch per le applicazioni che richiedono standard di sicurezza\u00a0elevati.<\/p>\n","product_descrizione_de":"<p>Werkzeuge f\u00fcr Sondereins\u00e4tze in Schiffswerften, Wartung von Pipelines, Gas-Pipelines beim Vorhandensein gro\u00dfer Metallmassen, bei denen die einzige Versorgungsquelle ein fahrbares Schwei\u00dfaggregat ist oder es aus Sicherheitsgr\u00fcnden nicht m\u00f6glich ist, die Standardversorgung von 230 V zu verwenden. Diese Werkzeuge k\u00f6nnen an ein fahrbares Schwei\u00dfaggregat direkt mit 48 V oder mit Hilfe einer Abzweigung BE72N f\u00fcr Werkzeuge der Version 72 V angeschlossen werden. Funktionelles und wirksames System, steht um Zange, Elektrode und Schmiergelmaschine unter sicheren Bedingungen griffbereit zu haben.\u00a0F\u00fcr einen hohen Sicherheitsstandard verlangende Anwendungen mit Totmannschalter ausgestattet.<\/p>\n","product_descrizione_fr":"<p>Outillage pour applications sp\u00e9ciales dans les chantiers navals, pour une utilisation sur des ol\u00e9oducs et gazoducs, en pr\u00e9sence de grandes masses m\u00e9talliques o\u00f9 l\u2019unique source d\u2019alimentation est une soudeuse mobile et o\u00f9 il n\u2019est pas permis, pour des raisons de s\u00e9curit\u00e9, d\u2019utiliser une alimentation en 230V. Cet outillage peut directement \u00eatre raccord\u00e9 \u00e0 une soudeuse mobile 48V, ou encore \u00e0 une bo\u00eete de d\u00e9rivation BE72N pour l\u2019outillage pr\u00e9vu en 72 V. Syst\u00e8me fonctionnel et efficace permettant d\u2019avoir toujours \u00e0 port\u00e9e de main un pince, une \u00e9lectrode et une meuleuse ou ponceuse, et ce en toute s\u00e9curit\u00e9. De plus, elle est \u00e9quip\u00e9e d\u2019un interrupteur Dean-man pour les applications qui requi\u00e8rent des normes de s\u00e9curit\u00e9 \u00e9lev\u00e9es.<\/p>\n<ul>\n<li>Petits travaux de charpenterie.<\/li>\n<li>Coupe de carreaux, de c\u00e9ramique et de granite.<\/li>\n<li>R\u00e9alisation de rainures.<\/li>\n<li>\u00c9limination des oxydes.<\/li>\n<\/ul>\n","product_descrizione_es":"<p>Herramientas para aplicaciones especiales de astilleros navales, mantenimiento de oleoductos y gasoductos y grandes masas met\u00e1licas donde la \u00fanica fuente de alimentaci\u00f3n disponible es un motor soldador o que no se puede conectar a una fuente de alimentaci\u00f3n est\u00e1ndar de 230 V por razones de seguridad.<br \/>\nEstas herramientas se pueden conectar directamente a una soldadora de motor de 48 V o mediante una caja de conexiones BE72N para herramientas de 72 V. Un sistema funcional y pr\u00e1ctico que asegura la disponibilidad continua, electrodo y amoladora junto con la m\u00e1xima seguridad. Esta amoladora est\u00e1 equipada con interruptor de hombre muerto para aplicaciones que requieren altos est\u00e1ndares de seguridad.<\/p>\n","product_scheda_en":"<table border=\"1\" cellspacing=\"1\" cellpadding=\"1\">\n<tbody>\n<tr>\n<td>Voltage (V)<\/td>\n<td>42\/48\/72\/80\/110<\/td>\n<\/tr>\n<tr>\n<td>\u00d8 disc (mm)<\/td>\n<td>115<\/td>\n<\/tr>\n<tr>\n<td>R.P.M.<\/td>\n<td>10000<\/td>\n<\/tr>\n<tr>\n<td>Power (W\/hp)<\/td>\n<td>800<\/td>\n<\/tr>\n<\/tbody>\n<\/table>\n","product_scheda_it":"<table border=\"1\" cellspacing=\"1\" cellpadding=\"1\">\n<tbody>\n<tr>\n<td>Tensione (V)<\/td>\n<td>42\/48\/72\/80\/110<\/td>\n<\/tr>\n<tr>\n<td>\u00d8 disco (mm)<\/td>\n<td>115<\/td>\n<\/tr>\n<tr>\n<td>R.P.M.<\/td>\n<td>10000<\/td>\n<\/tr>\n<tr>\n<td>Potenza (W\/hp)<\/td>\n<td>800<\/td>\n<\/tr>\n<\/tbody>\n<\/table>\n","product_scheda_de":"<table border=\"1\" cellspacing=\"1\" cellpadding=\"1\">\n<tbody>\n<tr>\n<td>Spannung (V)<\/td>\n<td>42\/48\/72\/80\/110<\/td>\n<\/tr>\n<tr>\n<td>\u00d8 Schleifscheibe (mm)<\/td>\n<td>115<\/td>\n<\/tr>\n<tr>\n<td>R.P.M.<\/td>\n<td>10000<\/td>\n<\/tr>\n<tr>\n<td>Leistung (W\/hp)<\/td>\n<td>800<\/td>\n<\/tr>\n<\/tbody>\n<\/table>\n","product_scheda_fr":"<table border=\"1\" cellspacing=\"1\" cellpadding=\"1\">\n<tbody>\n<tr>\n<td>Tension (V)<\/td>\n<td>42\/48\/72\/80\/110<\/td>\n<\/tr>\n<tr>\n<td>\u00d8 disque (mm)<\/td>\n<td>115<\/td>\n<\/tr>\n<tr>\n<td>R.P.M.<\/td>\n<td>10000<\/td>\n<\/tr>\n<tr>\n<td>Puissance (W\/hp)<\/td>\n<td>800<\/td>\n<\/tr>\n<\/tbody>\n<\/table>\n","product_scheda_es":"","thumb":false,"gallery":[{"ID":1001395889,"id":1001395889,"title":"BA215S","filename":"BA215S.jpg","filesize":131769,"url":"https:\/\/www.rupes.com\/wp-content\/uploads\/2019\/03\/BA215S.jpg","link":"https:\/\/www.rupes.com\/it\/product\/mini-angle-grinder-ba215d-48v-dead-man-switch\/ba215s-2\/","alt":"","author":"1","description":"","caption":"","name":"ba215s-2","status":"inherit","uploaded_to":1001384741,"date":"2021-01-07 08:33:38","modified":"2021-01-07 08:33:38","menu_order":0,"mime_type":"image\/jpeg","type":"image","subtype":"jpeg","icon":"https:\/\/www.rupes.com\/wp-includes\/images\/media\/default.png","width":485,"height":560,"sizes":{"thumbnail":"https:\/\/www.rupes.com\/wp-content\/uploads\/2019\/03\/BA215S-150x150.jpg","thumbnail-width":150,"thumbnail-height":150,"medium":"https:\/\/www.rupes.com\/wp-content\/uploads\/2019\/03\/BA215S-260x300.jpg","medium-width":260,"medium-height":300,"medium_large":"https:\/\/www.rupes.com\/wp-content\/uploads\/2019\/03\/BA215S.jpg","medium_large-width":485,"medium_large-height":560,"large":"https:\/\/www.rupes.com\/wp-content\/uploads\/2019\/03\/BA215S.jpg","large-width":485,"large-height":560,"1536x1536":"https:\/\/www.rupes.com\/wp-content\/uploads\/2019\/03\/BA215S.jpg","1536x1536-width":485,"1536x1536-height":560,"2048x2048":"https:\/\/www.rupes.com\/wp-content\/uploads\/2019\/03\/BA215S.jpg","2048x2048-width":485,"2048x2048-height":560,"thumb_news":"https:\/\/www.rupes.com\/wp-content\/uploads\/2019\/03\/BA215S-350x200.jpg","thumb_news-width":350,"thumb_news-height":200,"boxhome_small":"https:\/\/www.rupes.com\/wp-content\/uploads\/2019\/03\/BA215S-200x100.jpg","boxhome_small-width":200,"boxhome_small-height":100,"boxhome_medium":"https:\/\/www.rupes.com\/wp-content\/uploads\/2019\/03\/BA215S-300x150.jpg","boxhome_medium-width":300,"boxhome_medium-height":150,"boxhome_large":"https:\/\/www.rupes.com\/wp-content\/uploads\/2019\/03\/BA215S-450x200.jpg","boxhome_large-width":450,"boxhome_large-height":200,"boxproducts_large":"https:\/\/www.rupes.com\/wp-content\/uploads\/2019\/03\/BA215S.jpg","boxproducts_large-width":485,"boxproducts_large-height":560,"boxproducts_midlarge":"https:\/\/www.rupes.com\/wp-content\/uploads\/2019\/03\/BA215S.jpg","boxproducts_midlarge-width":485,"boxproducts_midlarge-height":560,"boxproducts_medium":"https:\/\/www.rupes.com\/wp-content\/uploads\/2019\/03\/BA215S-485x450.jpg","boxproducts_medium-width":485,"boxproducts_medium-height":450,"boxproducts_small":"https:\/\/www.rupes.com\/wp-content\/uploads\/2019\/03\/BA215S-485x305.jpg","boxproducts_small-width":485,"boxproducts_small-height":305,"boxproducts_mobile":"https:\/\/www.rupes.com\/wp-content\/uploads\/2019\/03\/BA215S-400x175.jpg","boxproducts_mobile-width":400,"boxproducts_mobile-height":175,"product_thumb":"https:\/\/www.rupes.com\/wp-content\/uploads\/2019\/03\/BA215S-173x200.jpg","product_thumb-width":173,"product_thumb-height":200,"product_home":"https:\/\/www.rupes.com\/wp-content\/uploads\/2019\/03\/BA215S.jpg","product_home-width":485,"product_home-height":560,"gallery_first":"https:\/\/www.rupes.com\/wp-content\/uploads\/2019\/03\/BA215S-433x500.jpg","gallery_first-width":433,"gallery_first-height":500,"gallery_thumb":"https:\/\/www.rupes.com\/wp-content\/uploads\/2019\/03\/BA215S-69x80.jpg","gallery_thumb-width":69,"gallery_thumb-height":80,"category_image":"https:\/\/www.rupes.com\/wp-content\/uploads\/2019\/03\/BA215S-173x200.jpg","category_image-width":173,"category_image-height":200,"category_thumb":"https:\/\/www.rupes.com\/wp-content\/uploads\/2019\/03\/BA215S-87x100.jpg","category_thumb-width":87,"category_thumb-height":100}}],"videos":false,"files":false,"product_b2b_code":"BA215D#048\/H0\/S0\/STD","product_b2b_pdf":"","blocco_dimensione":false,"varianti":false,"kit_vendita":false,"blocchi_prodotti_correlati":false,"seleziona_tag_notizie":false,"seleziona_le_recensioni":"","attiva_collegamento":false,"attiva_voice_speech":false,"google_review_link":"","code_usermanuals":"","code_usermanuals_usa":""},"_links":{"self":[{"href":"https:\/\/www.rupes.com\/it\/wp-json\/wp\/v2\/products\/1001384741","targetHints":{"allow":["GET"]}}],"collection":[{"href":"https:\/\/www.rupes.com\/it\/wp-json\/wp\/v2\/products"}],"about":[{"href":"https:\/\/www.rupes.com\/it\/wp-json\/wp\/v2\/types\/product"}],"wp:attachment":[{"href":"https:\/\/www.rupes.com\/it\/wp-json\/wp\/v2\/media?parent=1001384741"}],"wp:term":[{"taxonomy":"category_product","embeddable":true,"href":"https:\/\/www.rupes.com\/it\/wp-json\/wp\/v2\/categoryproduct?post=1001384741"}],"curies":[{"name":"wp","href":"https:\/\/api.w.org\/{rel}","templated":true}]}}