{"id":1001384740,"date":"2019-03-08T02:18:42","date_gmt":"2019-03-08T02:18:42","guid":{"rendered":""},"modified":"2024-01-25T11:52:32","modified_gmt":"2024-01-25T10:52:32","slug":"ar52es","status":"publish","type":"product","link":"https:\/\/www.rupes.com\/it\/product\/ar52es\/","title":{"rendered":"Staight grinder AR52ES"},"content":{"rendered":"","protected":false},"featured_media":0,"template":"","meta":{"_acf_changed":false},"categoryproduct":[888965171,888965174],"class_list":["post-1001384740","product","type-product","status-publish","hentry","category_product-electric-tools","category_product-electric-tools-grinders"],"acf":{"product_codice":"AR52ES","scheda_nuova":true,"contact_form":true,"attiva_flag_new_product":false,"product_home":"0","attiva_special_message":"disattivo","product_titolo_it":"SMERIGLIATRICE DRITTA AR52ES ","product_titolo_de":"GERADESCHLEIFER AR52ES ","product_titolo_fr":"MEULEUSE DROITE AR52ES ","product_titolo_es":"AMOLADORA RECTA AR52ES ","product_descrizione_en":"<p>Gear reduction\u00a0to maximize torque<br \/>\nFitting accessories\u00a0with \u00d8 6 mm fitting or with \u00d8 3 mm fitting (optional)<\/p>\n<p><strong>Applications<\/strong><\/p>\n<ul>\n<li>Oxides removal<\/li>\n<li>Finishing work<\/li>\n<li>Polishing and grinding of metal parts<\/li>\n<li>Grinding with flap wheels<\/li>\n<li>Removal of glues, mastics and adhesives<\/li>\n<\/ul>\n","product_descrizione_it":"<p>Riduzione ad ingranaggi\u00a0per garantire il massimo della coppia<br \/>\nMandrino\u00a0per accessori con gambo da\u00a0\u00d8 6 mm<br \/>\nMandrino opzionale\u00a0per accessori con con gambo da\u00a0\u00d8 3 e \u00d8 6,5 mm<\/p>\n<p><strong>Applicazioni<\/strong><\/p>\n<ul>\n<li>Rimozione ossidi<\/li>\n<li>Ritocchi di precisione<\/li>\n<li>Lucidatura e rettifica materiali metallici<\/li>\n<li>Smerigliatura con ruote di decapaggio<\/li>\n<li>Rimozione di colle, mastici e adesivi<\/li>\n<\/ul>\n","product_descrizione_de":"<p>Untersetzungsgetriebe zur Sicherstellung eines max. Drehmoments<br \/>\nM\u00f6glichkeit der Montage von Zubeh\u00f6r mit 6 mm Schaft-\u00d8 oder mit optionalem Zubeh\u00f6r mit 3 mm Schaft-\u00d8<\/p>\n<p><strong>Anwendungen<\/strong><\/p>\n<ul>\n<li>Entfernung von Roststellen<\/li>\n<li>Pr\u00e4zisions-Nachbesserungen<\/li>\n<li>Polieren und Gl\u00e4tten von Metallwerkstoffen<\/li>\n<li>Trennschleifen mit Schleifstifte<\/li>\n<li>Entfernung von Kleber, Dichtmittel und Aufklebern<\/li>\n<\/ul>\n","product_descrizione_fr":"<p>R\u00e9ducteur \u00e0 engrenages pour garantir le couple maximal<\/p>\n<p>Disponibilit\u00e9 de monter des accessoires \u00e0 tige \u00d8 6 mm ou, avec un accessoire en option, une tige \u00d8 3 mm<\/p>\n<p><strong>Applications<\/strong><\/p>\n<ul>\n<li>\u00c9limination des oxydes<\/li>\n<li>Retouches de pr\u00e9cision<\/li>\n<li>Lustrage et rectification des mat\u00e9riaux m\u00e9talliques<\/li>\n<li>Meulage avec roues de d\u00e9capage<\/li>\n<li>\u00c9limination des colles, des mastics et des adh\u00e9sifs<\/li>\n<\/ul>\n","product_descrizione_es":"","product_scheda_en":"<table border=\"1\" cellspacing=\"1\" cellpadding=\"1\">\n<tbody>\n<tr>\n<td align=\"left\">\u00d8 clamping forceps (mm)<\/td>\n<td>6<\/td>\n<\/tr>\n<tr>\n<td align=\"left\">R.P.M.<\/td>\n<td>600<\/td>\n<\/tr>\n<tr>\n<td align=\"left\">Weight (Kg)<\/td>\n<td>1,5<\/td>\n<\/tr>\n<tr>\n<td align=\"left\">Speed control<\/td>\n<td>\u2022<\/td>\n<\/tr>\n<\/tbody>\n<\/table>\n","product_scheda_it":"<table border=\"1\" cellspacing=\"1\" cellpadding=\"1\">\n<tbody>\n<tr>\n<td align=\"left\">\u00d8 pinza di serraggio (mm)<\/td>\n<td>6<\/td>\n<\/tr>\n<tr>\n<td align=\"left\">R.P.M.<\/td>\n<td>600<\/td>\n<\/tr>\n<tr>\n<td align=\"left\">Peso (Kg)<\/td>\n<td>1,5<\/td>\n<\/tr>\n<tr>\n<td align=\"left\">Regolazione di velocit\u00e0<\/td>\n<td>\u2022<\/td>\n<\/tr>\n<\/tbody>\n<\/table>\n","product_scheda_de":"<table border=\"1\" cellspacing=\"1\" cellpadding=\"1\">\n<tbody>\n<tr>\n<td align=\"left\">\u00d8 Spannfutter (mm)<\/td>\n<td>6<\/td>\n<\/tr>\n<tr>\n<td align=\"left\">R.P.M.<\/td>\n<td>600<\/td>\n<\/tr>\n<tr>\n<td align=\"left\">Gewicht (Kg)<\/td>\n<td>1,5<\/td>\n<\/tr>\n<tr>\n<td align=\"left\">Regulierung der Geschwindigkeit<\/td>\n<td>\u2022<\/td>\n<\/tr>\n<\/tbody>\n<\/table>\n","product_scheda_fr":"<table border=\"1\" cellspacing=\"1\" cellpadding=\"1\">\n<tbody>\n<tr>\n<td align=\"left\">\u00d8 pince de serrage (mm)<\/td>\n<td>6<\/td>\n<\/tr>\n<tr>\n<td align=\"left\">R.P.M.<\/td>\n<td>600<\/td>\n<\/tr>\n<tr>\n<td align=\"left\">Poids (Kg)<\/td>\n<td>1,5<\/td>\n<\/tr>\n<tr>\n<td align=\"left\">R\u00e9glage de la vitesse<\/td>\n<td>\u2022<\/td>\n<\/tr>\n<\/tbody>\n<\/table>\n","product_scheda_es":"<table border=\"1\" cellspacing=\"1\" cellpadding=\"1\">\n<tbody>\n<tr>\n<td align=\"left\">\u00d8 pinzamiento f\u00f3rceps (mm)<\/td>\n<td>6<\/td>\n<\/tr>\n<tr>\n<td align=\"left\">R.P.M.<\/td>\n<td>600<\/td>\n<\/tr>\n<tr>\n<td align=\"left\">Peso (Kg)<\/td>\n<td>1,5<\/td>\n<\/tr>\n<tr>\n<td align=\"left\">Regulaci\u00f3n de la velocidad<\/td>\n<td>\u2022<\/td>\n<\/tr>\n<\/tbody>\n<\/table>\n","thumb":false,"gallery":[{"ID":1001394549,"id":1001394549,"title":"AR52ES_Staight-grinder","filename":"AR52ES_Staight-grinder.jpg","filesize":27475,"url":"https:\/\/www.rupes.com\/wp-content\/uploads\/2019\/03\/AR52ES_Staight-grinder.jpg","link":"https:\/\/www.rupes.com\/it\/product\/ar52es\/ar52es_staight-grinder-2\/","alt":"AR52ES Staight grinder","author":"1","description":"AR52ES Staight grinder","caption":"AR52ES Staight grinder","name":"ar52es_staight-grinder-2","status":"inherit","uploaded_to":1001384740,"date":"2020-11-05 14:24:11","modified":"2020-11-05 14:24:35","menu_order":0,"mime_type":"image\/jpeg","type":"image","subtype":"jpeg","icon":"https:\/\/www.rupes.com\/wp-includes\/images\/media\/default.png","width":560,"height":560,"sizes":{"thumbnail":"https:\/\/www.rupes.com\/wp-content\/uploads\/2019\/03\/AR52ES_Staight-grinder-150x150.jpg","thumbnail-width":150,"thumbnail-height":150,"medium":"https:\/\/www.rupes.com\/wp-content\/uploads\/2019\/03\/AR52ES_Staight-grinder-300x300.jpg","medium-width":300,"medium-height":300,"medium_large":"https:\/\/www.rupes.com\/wp-content\/uploads\/2019\/03\/AR52ES_Staight-grinder.jpg","medium_large-width":560,"medium_large-height":560,"large":"https:\/\/www.rupes.com\/wp-content\/uploads\/2019\/03\/AR52ES_Staight-grinder.jpg","large-width":560,"large-height":560,"1536x1536":"https:\/\/www.rupes.com\/wp-content\/uploads\/2019\/03\/AR52ES_Staight-grinder.jpg","1536x1536-width":560,"1536x1536-height":560,"2048x2048":"https:\/\/www.rupes.com\/wp-content\/uploads\/2019\/03\/AR52ES_Staight-grinder.jpg","2048x2048-width":560,"2048x2048-height":560,"thumb_news":"https:\/\/www.rupes.com\/wp-content\/uploads\/2019\/03\/AR52ES_Staight-grinder-350x200.jpg","thumb_news-width":350,"thumb_news-height":200,"boxhome_small":"https:\/\/www.rupes.com\/wp-content\/uploads\/2019\/03\/AR52ES_Staight-grinder-200x100.jpg","boxhome_small-width":200,"boxhome_small-height":100,"boxhome_medium":"https:\/\/www.rupes.com\/wp-content\/uploads\/2019\/03\/AR52ES_Staight-grinder-300x150.jpg","boxhome_medium-width":300,"boxhome_medium-height":150,"boxhome_large":"https:\/\/www.rupes.com\/wp-content\/uploads\/2019\/03\/AR52ES_Staight-grinder-450x200.jpg","boxhome_large-width":450,"boxhome_large-height":200,"boxproducts_large":"https:\/\/www.rupes.com\/wp-content\/uploads\/2019\/03\/AR52ES_Staight-grinder.jpg","boxproducts_large-width":560,"boxproducts_large-height":560,"boxproducts_midlarge":"https:\/\/www.rupes.com\/wp-content\/uploads\/2019\/03\/AR52ES_Staight-grinder.jpg","boxproducts_midlarge-width":560,"boxproducts_midlarge-height":560,"boxproducts_medium":"https:\/\/www.rupes.com\/wp-content\/uploads\/2019\/03\/AR52ES_Staight-grinder-560x450.jpg","boxproducts_medium-width":560,"boxproducts_medium-height":450,"boxproducts_small":"https:\/\/www.rupes.com\/wp-content\/uploads\/2019\/03\/AR52ES_Staight-grinder-560x305.jpg","boxproducts_small-width":560,"boxproducts_small-height":305,"boxproducts_mobile":"https:\/\/www.rupes.com\/wp-content\/uploads\/2019\/03\/AR52ES_Staight-grinder-400x175.jpg","boxproducts_mobile-width":400,"boxproducts_mobile-height":175,"product_thumb":"https:\/\/www.rupes.com\/wp-content\/uploads\/2019\/03\/AR52ES_Staight-grinder-200x200.jpg","product_thumb-width":200,"product_thumb-height":200,"product_home":"https:\/\/www.rupes.com\/wp-content\/uploads\/2019\/03\/AR52ES_Staight-grinder.jpg","product_home-width":560,"product_home-height":560,"gallery_first":"https:\/\/www.rupes.com\/wp-content\/uploads\/2019\/03\/AR52ES_Staight-grinder-500x500.jpg","gallery_first-width":500,"gallery_first-height":500,"gallery_thumb":"https:\/\/www.rupes.com\/wp-content\/uploads\/2019\/03\/AR52ES_Staight-grinder-80x80.jpg","gallery_thumb-width":80,"gallery_thumb-height":80,"category_image":"https:\/\/www.rupes.com\/wp-content\/uploads\/2019\/03\/AR52ES_Staight-grinder-200x200.jpg","category_image-width":200,"category_image-height":200,"category_thumb":"https:\/\/www.rupes.com\/wp-content\/uploads\/2019\/03\/AR52ES_Staight-grinder-100x100.jpg","category_thumb-width":100,"category_thumb-height":100}}],"videos":false,"files":false,"product_b2b_code":"AR52ES#230\/H5\/DE\/STD","blocco_dimensione":false,"varianti":false,"kit_vendita":false,"blocchi_prodotti_correlati":false,"seleziona_tag_notizie":false,"seleziona_le_recensioni":"","product_b2b_pdf":"https:\/\/b2b.rupes.com\/cdn\/b2b.rupes.com\/areaftp\/esplosipdf\/AR52ESRIC000.pdf","google_review_link":"","attiva_collegamento":false,"attiva_voice_speech":false,"code_usermanuals":"9.2498","code_usermanuals_usa":""},"_links":{"self":[{"href":"https:\/\/www.rupes.com\/it\/wp-json\/wp\/v2\/products\/1001384740","targetHints":{"allow":["GET"]}}],"collection":[{"href":"https:\/\/www.rupes.com\/it\/wp-json\/wp\/v2\/products"}],"about":[{"href":"https:\/\/www.rupes.com\/it\/wp-json\/wp\/v2\/types\/product"}],"wp:attachment":[{"href":"https:\/\/www.rupes.com\/it\/wp-json\/wp\/v2\/media?parent=1001384740"}],"wp:term":[{"taxonomy":"category_product","embeddable":true,"href":"https:\/\/www.rupes.com\/it\/wp-json\/wp\/v2\/categoryproduct?post=1001384740"}],"curies":[{"name":"wp","href":"https:\/\/api.w.org\/{rel}","templated":true}]}}