{"id":1001384533,"date":"2019-03-08T02:17:14","date_gmt":"2019-03-08T02:17:14","guid":{"rendered":""},"modified":"2025-02-17T16:05:39","modified_gmt":"2025-02-17T15:05:39","slug":"backing-pad-150mm-velcro-pad-multihole-for-lr31ae-ak-bk-ek-tools","status":"publish","type":"product","link":"https:\/\/www.rupes.com\/it\/product\/backing-pad-150mm-velcro-pad-multihole-for-lr31ae-ak-bk-ek-tools\/","title":{"rendered":"Backing pad 150mm velcro pad multihole for AK &#8211; BK &#8211; EK tools"},"content":{"rendered":"","protected":false},"featured_media":0,"template":"","meta":{"_acf_changed":false},"categoryproduct":[888965157,888965156],"class_list":["post-1001384533","product","type-product","status-publish","hentry","category_product-consumables-backing-pads","category_product-consumables"],"acf":{"product_codice":"981.100","scheda_nuova":true,"contact_form":true,"attiva_flag_new_product":false,"product_home":"0","attiva_special_message":"disattivo","product_titolo_it":"Platorello 150mm platorello in velcro multiforo per utensili  AK - BK - EK","product_titolo_de":"Tr\u00e4gerpolster 150 mm Mehrloch-Klettverschluss f\u00fcr Werkzeuge AK - BK - EK","product_titolo_fr":"Patin arri\u00e8re Patin velcro 150 mm multi-trous pour  AK - BK - EK tools","product_titolo_es":"Almohadilla de respaldo Almohadilla de velcro de 150 mm con orificios m\u00faltiples para herramientas AK - BK - EK","product_descrizione_en":"","product_descrizione_it":"","product_descrizione_de":"","product_descrizione_fr":"","product_descrizione_es":"","product_scheda_en":"<table border=\"0\" cellspacing=\"0\" cellpadding=\"0\">\n<tbody>\n<tr>\n<td><strong>\u00d8 mm<\/strong><\/td>\n<td><strong>Interface<\/strong><\/td>\n<td><strong>Holes<\/strong><\/td>\n<td><strong>Hardness<\/strong><\/td>\n<td><strong>Tool<\/strong><\/td>\n<td><strong>Fitting<\/strong><\/td>\n<td><strong>Unit<\/strong><\/td>\n<td><strong>Code<\/strong><\/td>\n<\/tr>\n<tr>\n<td>150<\/td>\n<td>Velcro<\/td>\n<td>6+1<\/td>\n<td>Hard<\/td>\n<td>AK-BK-EK<\/td>\n<td>&#8211;<\/td>\n<td>1<\/td>\n<td>981.100<\/td>\n<\/tr>\n<\/tbody>\n<\/table>\n","product_scheda_it":"<table border=\"0\" cellspacing=\"0\" cellpadding=\"0\">\n<tbody>\n<tr>\n<td><strong>\u00d8 mm<\/strong><\/td>\n<td><strong>Interfaccia<\/strong><\/td>\n<td><strong>Fori<\/strong><\/td>\n<td><strong>Durezza<\/strong><\/td>\n<td><strong>Utensile<\/strong><\/td>\n<td><strong>Filettatura<\/strong><\/td>\n<td><strong>Quantit\u00e0<\/strong><\/td>\n<td><strong>Codice<\/strong><\/td>\n<\/tr>\n<tr>\n<td>150<\/td>\n<td>Velcro<\/td>\n<td>6+1<\/td>\n<td>Hard<\/td>\n<td>AK-BK-EK<\/td>\n<td>&#8211;<\/td>\n<td>1<\/td>\n<td>981.100<\/td>\n<\/tr>\n<\/tbody>\n<\/table>\n","product_scheda_de":"<table border=\"0\" cellspacing=\"0\" cellpadding=\"0\">\n<tbody>\n<tr>\n<td><strong>\u00d8 mm<\/strong><\/td>\n<td><strong>Befestigung<\/strong><\/td>\n<td><strong>L\u00f6cher<\/strong><\/td>\n<td><strong>H\u00e4rte<\/strong><\/td>\n<td><strong>Werkzeug<\/strong><\/td>\n<td><strong>Gewinde<\/strong><\/td>\n<td><strong>Einheit<\/strong><\/td>\n<td><strong>Artikel-Nr.<\/strong><\/td>\n<\/tr>\n<tr>\n<td>150<\/td>\n<td>Klett<\/td>\n<td>6+1<\/td>\n<td>Hart<\/td>\n<td>AK-BK-EK<\/td>\n<td>&#8211;<\/td>\n<td>1<\/td>\n<td>981.100<\/td>\n<\/tr>\n<\/tbody>\n<\/table>\n","product_scheda_fr":"<table border=\"0\" cellspacing=\"0\" cellpadding=\"0\">\n<tbody>\n<tr>\n<td><strong>\u00d8 mm<\/strong><\/td>\n<td><strong>Interface<\/strong><\/td>\n<td><strong>Perforations<\/strong><\/td>\n<td><strong>Duret\u00e9<\/strong><\/td>\n<td><strong>Outil<\/strong><\/td>\n<td><strong>Montage<\/strong><\/td>\n<td><strong>Unit\u00e9<\/strong><\/td>\n<td><strong>R\u00e9f.<\/strong><\/td>\n<\/tr>\n<tr>\n<td>150<\/td>\n<td>Velcro<\/td>\n<td>6+1<\/td>\n<td>Dur<\/td>\n<td>AK-BK-EK<\/td>\n<td>&#8211;<\/td>\n<td>1<\/td>\n<td>981.100<\/td>\n<\/tr>\n<\/tbody>\n<\/table>\n","product_scheda_es":"<table border=\"0\" cellspacing=\"0\" cellpadding=\"0\">\n<tbody>\n<tr>\n<td><strong>\u00d8 mm<\/strong><\/td>\n<td><strong>Interface<\/strong><\/td>\n<td><strong>Orificios<\/strong><\/td>\n<td><strong>Duroeza<\/strong><\/td>\n<td><strong>Herramienta<\/strong><\/td>\n<td><strong>Empalme<\/strong><\/td>\n<td><strong>Unidad<\/strong><\/td>\n<td><strong>C\u00f3digo<\/strong><\/td>\n<\/tr>\n<tr>\n<td>150<\/td>\n<td>Velcro<\/td>\n<td>6+1<\/td>\n<td>Duro<\/td>\n<td>AK-BK-EK<\/td>\n<td>&#8211;<\/td>\n<td>1<\/td>\n<td>981.100<\/td>\n<\/tr>\n<\/tbody>\n<\/table>\n","thumb":false,"gallery":[{"ID":1001404044,"id":1001404044,"title":"PLATORELLO 981.100 RUPES","filename":"PLATORELLO-981.100-RUPES.jpg","filesize":637329,"url":"https:\/\/www.rupes.com\/wp-content\/uploads\/2019\/03\/PLATORELLO-981.100-RUPES.jpg","link":"https:\/\/www.rupes.com\/it\/product\/backing-pad-150mm-velcro-pad-multihole-for-lr31ae-ak-bk-ek-tools\/platorello-981-100-rupes-2\/","alt":"","author":"1","description":"","caption":"","name":"platorello-981-100-rupes-2","status":"inherit","uploaded_to":1001384533,"date":"2023-08-01 07:32:40","modified":"2023-08-01 07:32:50","menu_order":0,"mime_type":"image\/jpeg","type":"image","subtype":"jpeg","icon":"https:\/\/www.rupes.com\/wp-includes\/images\/media\/default.png","width":1181,"height":821,"sizes":{"thumbnail":"https:\/\/www.rupes.com\/wp-content\/uploads\/2019\/03\/PLATORELLO-981.100-RUPES-150x150.jpg","thumbnail-width":150,"thumbnail-height":150,"medium":"https:\/\/www.rupes.com\/wp-content\/uploads\/2019\/03\/PLATORELLO-981.100-RUPES-300x209.jpg","medium-width":300,"medium-height":209,"medium_large":"https:\/\/www.rupes.com\/wp-content\/uploads\/2019\/03\/PLATORELLO-981.100-RUPES-768x534.jpg","medium_large-width":768,"medium_large-height":534,"large":"https:\/\/www.rupes.com\/wp-content\/uploads\/2019\/03\/PLATORELLO-981.100-RUPES-1024x712.jpg","large-width":1024,"large-height":712,"1536x1536":"https:\/\/www.rupes.com\/wp-content\/uploads\/2019\/03\/PLATORELLO-981.100-RUPES.jpg","1536x1536-width":1181,"1536x1536-height":821,"2048x2048":"https:\/\/www.rupes.com\/wp-content\/uploads\/2019\/03\/PLATORELLO-981.100-RUPES.jpg","2048x2048-width":1181,"2048x2048-height":821,"thumb_news":"https:\/\/www.rupes.com\/wp-content\/uploads\/2019\/03\/PLATORELLO-981.100-RUPES-350x200.jpg","thumb_news-width":350,"thumb_news-height":200,"boxhome_small":"https:\/\/www.rupes.com\/wp-content\/uploads\/2019\/03\/PLATORELLO-981.100-RUPES-200x100.jpg","boxhome_small-width":200,"boxhome_small-height":100,"boxhome_medium":"https:\/\/www.rupes.com\/wp-content\/uploads\/2019\/03\/PLATORELLO-981.100-RUPES-300x150.jpg","boxhome_medium-width":300,"boxhome_medium-height":150,"boxhome_large":"https:\/\/www.rupes.com\/wp-content\/uploads\/2019\/03\/PLATORELLO-981.100-RUPES-450x200.jpg","boxhome_large-width":450,"boxhome_large-height":200,"boxproducts_large":"https:\/\/www.rupes.com\/wp-content\/uploads\/2019\/03\/PLATORELLO-981.100-RUPES-1181x700.jpg","boxproducts_large-width":1181,"boxproducts_large-height":700,"boxproducts_midlarge":"https:\/\/www.rupes.com\/wp-content\/uploads\/2019\/03\/PLATORELLO-981.100-RUPES-1181x560.jpg","boxproducts_midlarge-width":1181,"boxproducts_midlarge-height":560,"boxproducts_medium":"https:\/\/www.rupes.com\/wp-content\/uploads\/2019\/03\/PLATORELLO-981.100-RUPES-1024x450.jpg","boxproducts_medium-width":1024,"boxproducts_medium-height":450,"boxproducts_small":"https:\/\/www.rupes.com\/wp-content\/uploads\/2019\/03\/PLATORELLO-981.100-RUPES-700x305.jpg","boxproducts_small-width":700,"boxproducts_small-height":305,"boxproducts_mobile":"https:\/\/www.rupes.com\/wp-content\/uploads\/2019\/03\/PLATORELLO-981.100-RUPES-400x175.jpg","boxproducts_mobile-width":400,"boxproducts_mobile-height":175,"product_thumb":"https:\/\/www.rupes.com\/wp-content\/uploads\/2019\/03\/PLATORELLO-981.100-RUPES-288x200.jpg","product_thumb-width":288,"product_thumb-height":200,"product_home":"https:\/\/www.rupes.com\/wp-content\/uploads\/2019\/03\/PLATORELLO-981.100-RUPES-1181x700.jpg","product_home-width":1181,"product_home-height":700,"gallery_first":"https:\/\/www.rupes.com\/wp-content\/uploads\/2019\/03\/PLATORELLO-981.100-RUPES-719x500.jpg","gallery_first-width":719,"gallery_first-height":500,"gallery_thumb":"https:\/\/www.rupes.com\/wp-content\/uploads\/2019\/03\/PLATORELLO-981.100-RUPES-105x73.jpg","gallery_thumb-width":105,"gallery_thumb-height":73,"category_image":"https:\/\/www.rupes.com\/wp-content\/uploads\/2019\/03\/PLATORELLO-981.100-RUPES-200x139.jpg","category_image-width":200,"category_image-height":139,"category_thumb":"https:\/\/www.rupes.com\/wp-content\/uploads\/2019\/03\/PLATORELLO-981.100-RUPES-100x70.jpg","category_thumb-width":100,"category_thumb-height":70}}],"videos":false,"files":false,"product_b2b_code":"","blocco_dimensione":false,"varianti":false,"kit_vendita":false,"blocchi_prodotti_correlati":false,"seleziona_tag_notizie":false,"seleziona_le_recensioni":"","attiva_voice_speech":false,"product_b2b_pdf":"","code_usermanuals":"","code_usermanuals_usa":"","google_review_link":"","attiva_collegamento":false,"escludi_scheda_sicurezza":false},"_links":{"self":[{"href":"https:\/\/www.rupes.com\/it\/wp-json\/wp\/v2\/products\/1001384533","targetHints":{"allow":["GET"]}}],"collection":[{"href":"https:\/\/www.rupes.com\/it\/wp-json\/wp\/v2\/products"}],"about":[{"href":"https:\/\/www.rupes.com\/it\/wp-json\/wp\/v2\/types\/product"}],"wp:attachment":[{"href":"https:\/\/www.rupes.com\/it\/wp-json\/wp\/v2\/media?parent=1001384533"}],"wp:term":[{"taxonomy":"category_product","embeddable":true,"href":"https:\/\/www.rupes.com\/it\/wp-json\/wp\/v2\/categoryproduct?post=1001384533"}],"curies":[{"name":"wp","href":"https:\/\/api.w.org\/{rel}","templated":true}]}}