{"id":1001384097,"date":"2019-10-01T15:14:12","date_gmt":"2019-10-01T13:14:12","guid":{"rendered":""},"modified":"2026-01-23T09:29:54","modified_gmt":"2026-01-23T08:29:54","slug":"rapid-cleaner-detailer-m606","status":"publish","type":"product","link":"https:\/\/www.rupes.com\/it\/product\/rapid-cleaner-detailer-m606\/","title":{"rendered":"Rapid cleaner detailer M606"},"content":{"rendered":"","protected":false},"featured_media":0,"template":"","meta":{"_acf_changed":false},"categoryproduct":[888965158,888965156],"class_list":["post-1001384097","product","type-product","status-publish","hentry","category_product-consumables-car-care-products","category_product-consumables"],"acf":{"product_codice":"9.CCM606","scheda_nuova":true,"contact_form":true,"attiva_flag_new_product":false,"product_home":"0","attiva_special_message":"disattivo","product_titolo_it":"Pulitore rapido M606","product_titolo_de":"","product_titolo_fr":"","product_titolo_es":"","product_descrizione_en":"<p>RUPES <strong>M606 is a fast-cleaning<\/strong>, easy-to-use formula that leaves your vehicle looking freshly detailed. In just one step it removes unsightly smudges, dust and fresh bird bomb deposits without scratching or dulling painted\u00a0finishes.<\/p>\n<p><strong>M606 performs effectively<\/strong> on all hard non porous exterior surfaces including paint, alloy rims, gel coats, glass, plastic moldings and metal trim. Will not stain plastic or rubber trim.<br \/>\nM606 immediately encapsulates dirt and grime, reducing the chance of scratching during the removal process.<\/p>\n<p>The gentle cleaning\u00a0formula safely cleans without removing existing wax or sealant protection, simultaneously,\u00a0M606 applies a glossy layer of protection to improve water shedding and resist weathering. Spray and wipe to a rapid shine!<\/p>\n","product_descrizione_it":"<p>RUPES <strong>M606 \u00e8 un detergente pronto all\u2019uso,<\/strong> estremamente versatile ed adatto ad ogni tipo di superfice esterna dell\u2019auto (carrozzeria, gomma, profili cromati, plastiche, cerchi). Il suo impiego ideale \u00e8 la rimozione della polvere e dello sporco leggero tra un lavaggio completo e l\u2019altro dell\u2019auto.<\/p>\n<p>I lubrificanti impiegati nella formulazione mettono al sicuro\u00a0 dalla produzione involontaria di micro-graffi<\/p>\n<p>Compreso nella confezione da 500 ml: uno spruzzino<\/p>\n","product_descrizione_de":"<p>RUPES <strong>M606<\/strong> ist ein Schnellreiniger mit einfacher Anwendung und l\u00e4sst das Fahrzeug in neuem Glanz erstrahlen. In nur einem Schritt entfernen sie unsch\u00f6ne Flecken, Staub und frischen Vogelkot ohne Kratzer oder Abstumpfung der Farbe. M606 ist effektiv auf allen harten nicht por\u00f6sen Oberfl\u00e4chen inclusive Lacke, Glas, Kunststoffe und Metallverkleidungen. Befleckt nicht Kunststoffteile oder Gummiprofile.<\/p>\n<p>M606 umh\u00fcllt sofort Staub- und Dreckpartikel und verhindert dadurch Kratzer w\u00e4hrend des Reinigens. Die sanfte Reinigungsformel reinigt ohne bestehende Wachse oder Versiegelungen zu entfernen. M606 erzeugt gleichzeitig eine wasser-abweisende Schutzschicht. Aufspr\u00fchen und abwischen f\u00fcr einen schnellen Glanz!<\/p>\n","product_descrizione_fr":"<p>RUPES <strong>M606<\/strong> est une formule de nettoyage rapide et facile \u00e0 utiliser qui laisse l\u2019aspect de votre voiture fra\u00eechement et minutieusement lav\u00e9. En une seule \u00e9tape, il enl\u00e8ve les taches disgracieuses, la poussi\u00e8re et les d\u00e9p\u00f4ts des crottes d\u2019oiseaux fra\u00eeches sans rayer ou ternir les finitions peintes.<\/p>\n<p><strong>M606<\/strong> nettoie efficacement toutes les surfaces non poreuses dures ext\u00e9rieures, y compris la peinture, les jantes en alliage, les manteaux de gel, le verre, les pi\u00e8ces moul\u00e9es en plastique et les garnitures en m\u00e9tal. Ne tache pas les plastiques ou les garnitures en caoutchouc.<\/p>\n<p>M606 emprisonne imm\u00e9diatement la salet\u00e9 et la crasse, en r\u00e9duisant le risque de rayures pendant le processus de suppression.<br \/>\nLa formule de nettoyage doux nettoie en toute s\u00e9curit\u00e9 sans enlever la protection de la cire ou de mastic existant, et simultan\u00e9ment, M606 applique une couche brillante de protection pour am\u00e9liorer l&#8217;excr\u00e9tion de l&#8217;eau et r\u00e9sister aux intemp\u00e9ries. Vaporisez et essuyez pour un \u00e9clat rapide\u00a0!<\/p>\n","product_descrizione_es":"","product_scheda_en":"","product_scheda_it":"","product_scheda_de":"","product_scheda_fr":"","product_scheda_es":"","thumb":false,"gallery":[{"ID":1001408458,"id":1001408458,"title":"9.CCM606","filename":"9.CCM606.jpg","filesize":157701,"url":"https:\/\/www.rupes.com\/wp-content\/uploads\/2019\/10\/9.CCM606.jpg","link":"https:\/\/www.rupes.com\/it\/product\/rapid-cleaner-detailer-m606\/9-ccm606-2\/","alt":"","author":"2","description":"","caption":"","name":"9-ccm606-2","status":"inherit","uploaded_to":1001384097,"date":"2024-10-02 08:36:42","modified":"2024-10-02 08:36:42","menu_order":0,"mime_type":"image\/jpeg","type":"image","subtype":"jpeg","icon":"https:\/\/www.rupes.com\/wp-includes\/images\/media\/default.png","width":1200,"height":800,"sizes":{"thumbnail":"https:\/\/www.rupes.com\/wp-content\/uploads\/2019\/10\/9.CCM606-150x150.jpg","thumbnail-width":150,"thumbnail-height":150,"medium":"https:\/\/www.rupes.com\/wp-content\/uploads\/2019\/10\/9.CCM606-300x200.jpg","medium-width":300,"medium-height":200,"medium_large":"https:\/\/www.rupes.com\/wp-content\/uploads\/2019\/10\/9.CCM606-768x512.jpg","medium_large-width":768,"medium_large-height":512,"large":"https:\/\/www.rupes.com\/wp-content\/uploads\/2019\/10\/9.CCM606-1024x683.jpg","large-width":1024,"large-height":683,"1536x1536":"https:\/\/www.rupes.com\/wp-content\/uploads\/2019\/10\/9.CCM606.jpg","1536x1536-width":1200,"1536x1536-height":800,"2048x2048":"https:\/\/www.rupes.com\/wp-content\/uploads\/2019\/10\/9.CCM606.jpg","2048x2048-width":1200,"2048x2048-height":800,"thumb_news":"https:\/\/www.rupes.com\/wp-content\/uploads\/2019\/10\/9.CCM606-350x200.jpg","thumb_news-width":350,"thumb_news-height":200,"boxhome_small":"https:\/\/www.rupes.com\/wp-content\/uploads\/2019\/10\/9.CCM606-200x100.jpg","boxhome_small-width":200,"boxhome_small-height":100,"boxhome_medium":"https:\/\/www.rupes.com\/wp-content\/uploads\/2019\/10\/9.CCM606-300x150.jpg","boxhome_medium-width":300,"boxhome_medium-height":150,"boxhome_large":"https:\/\/www.rupes.com\/wp-content\/uploads\/2019\/10\/9.CCM606-450x200.jpg","boxhome_large-width":450,"boxhome_large-height":200,"boxproducts_large":"https:\/\/www.rupes.com\/wp-content\/uploads\/2019\/10\/9.CCM606-1200x700.jpg","boxproducts_large-width":1200,"boxproducts_large-height":700,"boxproducts_midlarge":"https:\/\/www.rupes.com\/wp-content\/uploads\/2019\/10\/9.CCM606-1200x560.jpg","boxproducts_midlarge-width":1200,"boxproducts_midlarge-height":560,"boxproducts_medium":"https:\/\/www.rupes.com\/wp-content\/uploads\/2019\/10\/9.CCM606-1024x450.jpg","boxproducts_medium-width":1024,"boxproducts_medium-height":450,"boxproducts_small":"https:\/\/www.rupes.com\/wp-content\/uploads\/2019\/10\/9.CCM606-700x305.jpg","boxproducts_small-width":700,"boxproducts_small-height":305,"boxproducts_mobile":"https:\/\/www.rupes.com\/wp-content\/uploads\/2019\/10\/9.CCM606-400x175.jpg","boxproducts_mobile-width":400,"boxproducts_mobile-height":175,"product_thumb":"https:\/\/www.rupes.com\/wp-content\/uploads\/2019\/10\/9.CCM606-300x200.jpg","product_thumb-width":300,"product_thumb-height":200,"product_home":"https:\/\/www.rupes.com\/wp-content\/uploads\/2019\/10\/9.CCM606-1200x700.jpg","product_home-width":1200,"product_home-height":700,"gallery_first":"https:\/\/www.rupes.com\/wp-content\/uploads\/2019\/10\/9.CCM606-750x500.jpg","gallery_first-width":750,"gallery_first-height":500,"gallery_thumb":"https:\/\/www.rupes.com\/wp-content\/uploads\/2019\/10\/9.CCM606-105x70.jpg","gallery_thumb-width":105,"gallery_thumb-height":70,"category_image":"https:\/\/www.rupes.com\/wp-content\/uploads\/2019\/10\/9.CCM606-200x133.jpg","category_image-width":200,"category_image-height":133,"category_thumb":"https:\/\/www.rupes.com\/wp-content\/uploads\/2019\/10\/9.CCM606-100x67.jpg","category_thumb-width":100,"category_thumb-height":67}},{"ID":1001409988,"id":1001409988,"title":"CCM606T","filename":"CCM606T.jpg","filesize":360566,"url":"https:\/\/www.rupes.com\/wp-content\/uploads\/2022\/10\/CCM606T.jpg","link":"https:\/\/www.rupes.com\/it\/product\/reveal-lite-residue-remover\/ccm606t-2\/","alt":"","author":"1","description":"","caption":"","name":"ccm606t-2","status":"inherit","uploaded_to":1001401373,"date":"2026-01-23 08:22:23","modified":"2026-01-23 08:29:39","menu_order":0,"mime_type":"image\/jpeg","type":"image","subtype":"jpeg","icon":"https:\/\/www.rupes.com\/wp-includes\/images\/media\/default.png","width":1971,"height":2069,"sizes":{"thumbnail":"https:\/\/www.rupes.com\/wp-content\/uploads\/2022\/10\/CCM606T-150x150.jpg","thumbnail-width":150,"thumbnail-height":150,"medium":"https:\/\/www.rupes.com\/wp-content\/uploads\/2022\/10\/CCM606T-286x300.jpg","medium-width":286,"medium-height":300,"medium_large":"https:\/\/www.rupes.com\/wp-content\/uploads\/2022\/10\/CCM606T-768x806.jpg","medium_large-width":768,"medium_large-height":806,"large":"https:\/\/www.rupes.com\/wp-content\/uploads\/2022\/10\/CCM606T-975x1024.jpg","large-width":975,"large-height":1024,"1536x1536":"https:\/\/www.rupes.com\/wp-content\/uploads\/2022\/10\/CCM606T-1463x1536.jpg","1536x1536-width":1463,"1536x1536-height":1536,"2048x2048":"https:\/\/www.rupes.com\/wp-content\/uploads\/2022\/10\/CCM606T-1951x2048.jpg","2048x2048-width":1951,"2048x2048-height":2048,"thumb_news":"https:\/\/www.rupes.com\/wp-content\/uploads\/2022\/10\/CCM606T-350x200.jpg","thumb_news-width":350,"thumb_news-height":200,"boxhome_small":"https:\/\/www.rupes.com\/wp-content\/uploads\/2022\/10\/CCM606T-200x100.jpg","boxhome_small-width":200,"boxhome_small-height":100,"boxhome_medium":"https:\/\/www.rupes.com\/wp-content\/uploads\/2022\/10\/CCM606T-300x150.jpg","boxhome_medium-width":300,"boxhome_medium-height":150,"boxhome_large":"https:\/\/www.rupes.com\/wp-content\/uploads\/2022\/10\/CCM606T-450x200.jpg","boxhome_large-width":450,"boxhome_large-height":200,"boxproducts_large":"https:\/\/www.rupes.com\/wp-content\/uploads\/2022\/10\/CCM606T-1600x700.jpg","boxproducts_large-width":1600,"boxproducts_large-height":700,"boxproducts_midlarge":"https:\/\/www.rupes.com\/wp-content\/uploads\/2022\/10\/CCM606T-1280x560.jpg","boxproducts_midlarge-width":1280,"boxproducts_midlarge-height":560,"boxproducts_medium":"https:\/\/www.rupes.com\/wp-content\/uploads\/2022\/10\/CCM606T-1024x450.jpg","boxproducts_medium-width":1024,"boxproducts_medium-height":450,"boxproducts_small":"https:\/\/www.rupes.com\/wp-content\/uploads\/2022\/10\/CCM606T-700x305.jpg","boxproducts_small-width":700,"boxproducts_small-height":305,"boxproducts_mobile":"https:\/\/www.rupes.com\/wp-content\/uploads\/2022\/10\/CCM606T-400x175.jpg","boxproducts_mobile-width":400,"boxproducts_mobile-height":175,"product_thumb":"https:\/\/www.rupes.com\/wp-content\/uploads\/2022\/10\/CCM606T-191x200.jpg","product_thumb-width":191,"product_thumb-height":200,"product_home":"https:\/\/www.rupes.com\/wp-content\/uploads\/2022\/10\/CCM606T-1200x700.jpg","product_home-width":1200,"product_home-height":700,"gallery_first":"https:\/\/www.rupes.com\/wp-content\/uploads\/2022\/10\/CCM606T-476x500.jpg","gallery_first-width":476,"gallery_first-height":500,"gallery_thumb":"https:\/\/www.rupes.com\/wp-content\/uploads\/2022\/10\/CCM606T-76x80.jpg","gallery_thumb-width":76,"gallery_thumb-height":80,"category_image":"https:\/\/www.rupes.com\/wp-content\/uploads\/2022\/10\/CCM606T-191x200.jpg","category_image-width":191,"category_image-height":200,"category_thumb":"https:\/\/www.rupes.com\/wp-content\/uploads\/2022\/10\/CCM606T-95x100.jpg","category_thumb-width":95,"category_thumb-height":100}}],"videos":false,"files":[{"label":"msds","etichetta_en":"","etichetta_it":"","etichetta_de":"","etichetta_fr":"","etichetta_es":"","multilingua":"no","file":false,"url_file":"https:\/\/www.rupes.com\/msds\/9.CCM606_english.pdf","file_or_url":"file","file_it":false,"url_it":"","file_or_url_it":"file","file_de":false,"url_de":"","file_or_url_de":"file","file_fr":false,"url_fr":"","file_or_url_fr":"file","file_es":false,"url_es":"","file_or_url_es":"file"},{"label":"tds","etichetta_en":"","etichetta_it":"","etichetta_de":"","etichetta_fr":"","etichetta_es":"","multilingua":"no","file":false,"url_file":"https:\/\/www.rupes.com\/tds\/M606.pdf","file_or_url":"file","file_it":false,"url_it":"","file_or_url_it":"file","file_de":false,"url_de":"","file_or_url_de":"file","file_fr":false,"url_fr":"","file_or_url_fr":"file","file_es":false,"url_es":"","file_or_url_es":"file"},{"label":"brochure","etichetta_en":"","etichetta_it":"","etichetta_de":"","etichetta_fr":"","etichetta_es":"","multilingua":"no","file":{"ID":1001387797,"id":1001387797,"title":"brochure_Car_Care","filename":"brochure_Car_Care-1.pdf","filesize":678052,"url":"https:\/\/www.rupes.com\/wp-content\/uploads\/2019\/10\/brochure_Car_Care-1.pdf","link":"https:\/\/www.rupes.com\/it\/brochure_car_care-2\/","alt":"","author":"1","description":"","caption":"","name":"brochure_car_care-2","status":"inherit","uploaded_to":0,"date":"2019-10-01 14:26:31","modified":"2019-10-01 14:26:31","menu_order":0,"mime_type":"application\/pdf","type":"application","subtype":"pdf","icon":"https:\/\/www.rupes.com\/wp-includes\/images\/media\/document.png"},"url_file":"","file_or_url":"file","file_it":false,"url_it":"","file_or_url_it":"file","file_de":false,"url_de":"","file_or_url_de":"file","file_fr":false,"url_fr":"","file_or_url_fr":"file","file_es":false,"url_es":"","file_or_url_es":"file"}],"blocco_dimensione":[{"codice":"9.CCM606","dimensione":"500ml","immagine":{"ID":1001408463,"id":1001408463,"title":"9.CCM606","filename":"9.CCM606-1.jpg","filesize":157701,"url":"https:\/\/www.rupes.com\/wp-content\/uploads\/2019\/10\/9.CCM606-1.jpg","link":"https:\/\/www.rupes.com\/it\/product\/rapid-cleaner-detailer-m606\/9-ccm606-2-2\/","alt":"","author":"2","description":"","caption":"","name":"9-ccm606-2-2","status":"inherit","uploaded_to":1001384097,"date":"2024-10-02 08:37:10","modified":"2024-10-02 08:37:10","menu_order":0,"mime_type":"image\/jpeg","type":"image","subtype":"jpeg","icon":"https:\/\/www.rupes.com\/wp-includes\/images\/media\/default.png","width":1200,"height":800,"sizes":{"thumbnail":"https:\/\/www.rupes.com\/wp-content\/uploads\/2019\/10\/9.CCM606-1-150x150.jpg","thumbnail-width":150,"thumbnail-height":150,"medium":"https:\/\/www.rupes.com\/wp-content\/uploads\/2019\/10\/9.CCM606-1-300x200.jpg","medium-width":300,"medium-height":200,"medium_large":"https:\/\/www.rupes.com\/wp-content\/uploads\/2019\/10\/9.CCM606-1-768x512.jpg","medium_large-width":768,"medium_large-height":512,"large":"https:\/\/www.rupes.com\/wp-content\/uploads\/2019\/10\/9.CCM606-1-1024x683.jpg","large-width":1024,"large-height":683,"1536x1536":"https:\/\/www.rupes.com\/wp-content\/uploads\/2019\/10\/9.CCM606-1.jpg","1536x1536-width":1200,"1536x1536-height":800,"2048x2048":"https:\/\/www.rupes.com\/wp-content\/uploads\/2019\/10\/9.CCM606-1.jpg","2048x2048-width":1200,"2048x2048-height":800,"thumb_news":"https:\/\/www.rupes.com\/wp-content\/uploads\/2019\/10\/9.CCM606-1-350x200.jpg","thumb_news-width":350,"thumb_news-height":200,"boxhome_small":"https:\/\/www.rupes.com\/wp-content\/uploads\/2019\/10\/9.CCM606-1-200x100.jpg","boxhome_small-width":200,"boxhome_small-height":100,"boxhome_medium":"https:\/\/www.rupes.com\/wp-content\/uploads\/2019\/10\/9.CCM606-1-300x150.jpg","boxhome_medium-width":300,"boxhome_medium-height":150,"boxhome_large":"https:\/\/www.rupes.com\/wp-content\/uploads\/2019\/10\/9.CCM606-1-450x200.jpg","boxhome_large-width":450,"boxhome_large-height":200,"boxproducts_large":"https:\/\/www.rupes.com\/wp-content\/uploads\/2019\/10\/9.CCM606-1-1200x700.jpg","boxproducts_large-width":1200,"boxproducts_large-height":700,"boxproducts_midlarge":"https:\/\/www.rupes.com\/wp-content\/uploads\/2019\/10\/9.CCM606-1-1200x560.jpg","boxproducts_midlarge-width":1200,"boxproducts_midlarge-height":560,"boxproducts_medium":"https:\/\/www.rupes.com\/wp-content\/uploads\/2019\/10\/9.CCM606-1-1024x450.jpg","boxproducts_medium-width":1024,"boxproducts_medium-height":450,"boxproducts_small":"https:\/\/www.rupes.com\/wp-content\/uploads\/2019\/10\/9.CCM606-1-700x305.jpg","boxproducts_small-width":700,"boxproducts_small-height":305,"boxproducts_mobile":"https:\/\/www.rupes.com\/wp-content\/uploads\/2019\/10\/9.CCM606-1-400x175.jpg","boxproducts_mobile-width":400,"boxproducts_mobile-height":175,"product_thumb":"https:\/\/www.rupes.com\/wp-content\/uploads\/2019\/10\/9.CCM606-1-300x200.jpg","product_thumb-width":300,"product_thumb-height":200,"product_home":"https:\/\/www.rupes.com\/wp-content\/uploads\/2019\/10\/9.CCM606-1-1200x700.jpg","product_home-width":1200,"product_home-height":700,"gallery_first":"https:\/\/www.rupes.com\/wp-content\/uploads\/2019\/10\/9.CCM606-1-750x500.jpg","gallery_first-width":750,"gallery_first-height":500,"gallery_thumb":"https:\/\/www.rupes.com\/wp-content\/uploads\/2019\/10\/9.CCM606-1-105x70.jpg","gallery_thumb-width":105,"gallery_thumb-height":70,"category_image":"https:\/\/www.rupes.com\/wp-content\/uploads\/2019\/10\/9.CCM606-1-200x133.jpg","category_image-width":200,"category_image-height":133,"category_thumb":"https:\/\/www.rupes.com\/wp-content\/uploads\/2019\/10\/9.CCM606-1-100x67.jpg","category_thumb-width":100,"category_thumb-height":67}},"descrizione_en":"","descrizione_it":"","descrizione_de":"","descrizione_fr":"","descrizione_es":""},{"codice":"9.CCM606T","dimensione":"5l","immagine":{"ID":1001409988,"id":1001409988,"title":"CCM606T","filename":"CCM606T.jpg","filesize":360566,"url":"https:\/\/www.rupes.com\/wp-content\/uploads\/2022\/10\/CCM606T.jpg","link":"https:\/\/www.rupes.com\/it\/product\/reveal-lite-residue-remover\/ccm606t-2\/","alt":"","author":"1","description":"","caption":"","name":"ccm606t-2","status":"inherit","uploaded_to":1001401373,"date":"2026-01-23 08:22:23","modified":"2026-01-23 08:29:39","menu_order":0,"mime_type":"image\/jpeg","type":"image","subtype":"jpeg","icon":"https:\/\/www.rupes.com\/wp-includes\/images\/media\/default.png","width":1971,"height":2069,"sizes":{"thumbnail":"https:\/\/www.rupes.com\/wp-content\/uploads\/2022\/10\/CCM606T-150x150.jpg","thumbnail-width":150,"thumbnail-height":150,"medium":"https:\/\/www.rupes.com\/wp-content\/uploads\/2022\/10\/CCM606T-286x300.jpg","medium-width":286,"medium-height":300,"medium_large":"https:\/\/www.rupes.com\/wp-content\/uploads\/2022\/10\/CCM606T-768x806.jpg","medium_large-width":768,"medium_large-height":806,"large":"https:\/\/www.rupes.com\/wp-content\/uploads\/2022\/10\/CCM606T-975x1024.jpg","large-width":975,"large-height":1024,"1536x1536":"https:\/\/www.rupes.com\/wp-content\/uploads\/2022\/10\/CCM606T-1463x1536.jpg","1536x1536-width":1463,"1536x1536-height":1536,"2048x2048":"https:\/\/www.rupes.com\/wp-content\/uploads\/2022\/10\/CCM606T-1951x2048.jpg","2048x2048-width":1951,"2048x2048-height":2048,"thumb_news":"https:\/\/www.rupes.com\/wp-content\/uploads\/2022\/10\/CCM606T-350x200.jpg","thumb_news-width":350,"thumb_news-height":200,"boxhome_small":"https:\/\/www.rupes.com\/wp-content\/uploads\/2022\/10\/CCM606T-200x100.jpg","boxhome_small-width":200,"boxhome_small-height":100,"boxhome_medium":"https:\/\/www.rupes.com\/wp-content\/uploads\/2022\/10\/CCM606T-300x150.jpg","boxhome_medium-width":300,"boxhome_medium-height":150,"boxhome_large":"https:\/\/www.rupes.com\/wp-content\/uploads\/2022\/10\/CCM606T-450x200.jpg","boxhome_large-width":450,"boxhome_large-height":200,"boxproducts_large":"https:\/\/www.rupes.com\/wp-content\/uploads\/2022\/10\/CCM606T-1600x700.jpg","boxproducts_large-width":1600,"boxproducts_large-height":700,"boxproducts_midlarge":"https:\/\/www.rupes.com\/wp-content\/uploads\/2022\/10\/CCM606T-1280x560.jpg","boxproducts_midlarge-width":1280,"boxproducts_midlarge-height":560,"boxproducts_medium":"https:\/\/www.rupes.com\/wp-content\/uploads\/2022\/10\/CCM606T-1024x450.jpg","boxproducts_medium-width":1024,"boxproducts_medium-height":450,"boxproducts_small":"https:\/\/www.rupes.com\/wp-content\/uploads\/2022\/10\/CCM606T-700x305.jpg","boxproducts_small-width":700,"boxproducts_small-height":305,"boxproducts_mobile":"https:\/\/www.rupes.com\/wp-content\/uploads\/2022\/10\/CCM606T-400x175.jpg","boxproducts_mobile-width":400,"boxproducts_mobile-height":175,"product_thumb":"https:\/\/www.rupes.com\/wp-content\/uploads\/2022\/10\/CCM606T-191x200.jpg","product_thumb-width":191,"product_thumb-height":200,"product_home":"https:\/\/www.rupes.com\/wp-content\/uploads\/2022\/10\/CCM606T-1200x700.jpg","product_home-width":1200,"product_home-height":700,"gallery_first":"https:\/\/www.rupes.com\/wp-content\/uploads\/2022\/10\/CCM606T-476x500.jpg","gallery_first-width":476,"gallery_first-height":500,"gallery_thumb":"https:\/\/www.rupes.com\/wp-content\/uploads\/2022\/10\/CCM606T-76x80.jpg","gallery_thumb-width":76,"gallery_thumb-height":80,"category_image":"https:\/\/www.rupes.com\/wp-content\/uploads\/2022\/10\/CCM606T-191x200.jpg","category_image-width":191,"category_image-height":200,"category_thumb":"https:\/\/www.rupes.com\/wp-content\/uploads\/2022\/10\/CCM606T-95x100.jpg","category_thumb-width":95,"category_thumb-height":100}},"descrizione_en":"Tank","descrizione_it":"","descrizione_de":"","descrizione_fr":"","descrizione_es":""}],"varianti":false,"kit_vendita":false,"blocchi_prodotti_correlati":[{"iconablocco":"fas fa-share-alt","seleziona_i_prodotti":[1001384096,1001384464,1001384097,1001384449,1001384174,1001384013,1001384012,1001384011,1001384010],"label":"view related products","titolo_correlato_en":"","titolo_correlato_it":"","titolo_correlato_de":"","titolo_correlato_fr":"","titolo_correlato_es":""}],"seleziona_tag_notizie":false,"seleziona_le_recensioni":"","attiva_voice_speech":false,"product_b2b_code":"","product_b2b_pdf":"","code_usermanuals":"","code_usermanuals_usa":"","escludi_scheda_sicurezza":false,"google_review_link":"","attiva_collegamento":false},"_links":{"self":[{"href":"https:\/\/www.rupes.com\/it\/wp-json\/wp\/v2\/products\/1001384097","targetHints":{"allow":["GET"]}}],"collection":[{"href":"https:\/\/www.rupes.com\/it\/wp-json\/wp\/v2\/products"}],"about":[{"href":"https:\/\/www.rupes.com\/it\/wp-json\/wp\/v2\/types\/product"}],"wp:attachment":[{"href":"https:\/\/www.rupes.com\/it\/wp-json\/wp\/v2\/media?parent=1001384097"}],"wp:term":[{"taxonomy":"category_product","embeddable":true,"href":"https:\/\/www.rupes.com\/it\/wp-json\/wp\/v2\/categoryproduct?post=1001384097"}],"curies":[{"name":"wp","href":"https:\/\/api.w.org\/{rel}","templated":true}]}}