{"id":1001384091,"date":"2019-03-08T02:14:09","date_gmt":"2019-03-08T02:14:09","guid":{"rendered":""},"modified":"2023-12-20T10:17:27","modified_gmt":"2023-12-20T09:17:27","slug":"bigfoot-banner-9-z879-m","status":"publish","type":"product","link":"https:\/\/www.rupes.com\/it\/product\/bigfoot-banner-9-z879-m\/","title":{"rendered":"BIGFOOT BANNER"},"content":{"rendered":"<p>High quality vinyl wall banners with BigFoot logos. Hemmed on all sides and packaged in a carton tube.<\/p>\n<p>Dimensions: 100cm x 100cm \/ 3,3 ft x 3,3 ft<\/p>\n","protected":false},"featured_media":0,"template":"","meta":{"_acf_changed":false},"categoryproduct":[888965423,888965420],"class_list":["post-1001384091","product","type-product","status-publish","hentry","category_product-merchandising-visual","category_product-merchandising"],"acf":{"product_codice":"9.Z879\/M","scheda_nuova":true,"contact_form":true,"attiva_flag_new_product":false,"product_home":"0","attiva_special_message":"disattivo","product_titolo_it":"BANNER BIGFOOT 100x100cm 3,3x3,3 ft","product_titolo_de":"BIGFOOT BANNER","product_titolo_fr":"BANNI\u00c8RE BIGFOOT","product_titolo_es":"BANNER DE BIGFOOT","product_descrizione_en":"<p>High quality vinyl wall banners with BigFoot logos. Hemmed on all sides and packaged in a carton tube.<\/p>\n<p>Dimensions: 100cm x 100cm \/ 3,3 ft x 3,3 ft<\/p>\n","product_descrizione_it":"<p>Banner da parete in vinile di alta qualit\u00e0 con logo Rupes. Orlato su tutti i lati e confezionato in un tubo di cartone.<\/p>\n<p>Dimensioni: 100&#215;100 cm<\/p>\n","product_descrizione_de":"<p>Hochwertige Vinyl-Wandbanner mit BigFoot-Logo. Allseitig ges\u00e4umt und im Kartonrohr verpackt.<\/p>\n<p>Abmessungen: 100 cm x 100 cm<\/p>\n","product_descrizione_fr":"<p>Banni\u00e8res murales en vinyle de haute qualit\u00e9 avec logo Bigfoot. Ourl\u00e9 de tous les c\u00f4t\u00e9s et emball\u00e9 dans un tube en carton.<\/p>\n<p>Dimensions : 100 cm x 100 cm<\/p>\n","product_descrizione_es":"<p>Banners de pared de vinilo de alta calidad con logotipo de Rupes. Con dobladillo por todos lados y empaquetado en un tubo de cart\u00f3n.<\/p>\n<p>Dimensiones: 100cm x 100cm<\/p>\n","product_scheda_en":"<table border=\"0\" cellspacing=\"0\" cellpadding=\"0\">\n<tbody>\n<tr>\n<td>Height<\/td>\n<td>cm &#8211; ft<\/td>\n<td>100 &#8211; 3.3<\/td>\n<\/tr>\n<tr>\n<td>Width<\/td>\n<td>cm &#8211; ft<\/td>\n<td>100 &#8211; 3,3<\/td>\n<\/tr>\n<\/tbody>\n<\/table>\n","product_scheda_it":"<table border=\"0\" cellspacing=\"0\" cellpadding=\"0\">\n<tbody>\n<tr>\n<td>Altezza<\/td>\n<td>cm &#8211; ft<\/td>\n<td>100 &#8211; 3,3<\/td>\n<\/tr>\n<tr>\n<td>Larghezza<\/td>\n<td>cm &#8211; ft<\/td>\n<td>100 &#8211; 3,3<\/td>\n<\/tr>\n<\/tbody>\n<\/table>\n","product_scheda_de":"","product_scheda_fr":"","product_scheda_es":"","thumb":false,"gallery":[{"ID":1001405543,"id":1001405543,"title":"Stampa","filename":"BIGFOOT_LOGO-NEW-WHITE.jpg","filesize":925549,"url":"https:\/\/www.rupes.com\/wp-content\/uploads\/2019\/03\/BIGFOOT_LOGO-NEW-WHITE.jpg","link":"https:\/\/www.rupes.com\/it\/product\/bigfoot-banner-9-z879-m\/stampa-2\/","alt":"","author":"2","description":"","caption":"","name":"stampa-2","status":"inherit","uploaded_to":1001384091,"date":"2023-12-20 09:11:09","modified":"2023-12-20 09:11:09","menu_order":0,"mime_type":"image\/jpeg","type":"image","subtype":"jpeg","icon":"https:\/\/www.rupes.com\/wp-includes\/images\/media\/default.png","width":1181,"height":1181,"sizes":{"thumbnail":"https:\/\/www.rupes.com\/wp-content\/uploads\/2019\/03\/BIGFOOT_LOGO-NEW-WHITE-150x150.jpg","thumbnail-width":150,"thumbnail-height":150,"medium":"https:\/\/www.rupes.com\/wp-content\/uploads\/2019\/03\/BIGFOOT_LOGO-NEW-WHITE-300x300.jpg","medium-width":300,"medium-height":300,"medium_large":"https:\/\/www.rupes.com\/wp-content\/uploads\/2019\/03\/BIGFOOT_LOGO-NEW-WHITE-768x768.jpg","medium_large-width":768,"medium_large-height":768,"large":"https:\/\/www.rupes.com\/wp-content\/uploads\/2019\/03\/BIGFOOT_LOGO-NEW-WHITE-1024x1024.jpg","large-width":1024,"large-height":1024,"1536x1536":"https:\/\/www.rupes.com\/wp-content\/uploads\/2019\/03\/BIGFOOT_LOGO-NEW-WHITE.jpg","1536x1536-width":1181,"1536x1536-height":1181,"2048x2048":"https:\/\/www.rupes.com\/wp-content\/uploads\/2019\/03\/BIGFOOT_LOGO-NEW-WHITE.jpg","2048x2048-width":1181,"2048x2048-height":1181,"thumb_news":"https:\/\/www.rupes.com\/wp-content\/uploads\/2019\/03\/BIGFOOT_LOGO-NEW-WHITE-350x200.jpg","thumb_news-width":350,"thumb_news-height":200,"boxhome_small":"https:\/\/www.rupes.com\/wp-content\/uploads\/2019\/03\/BIGFOOT_LOGO-NEW-WHITE-200x100.jpg","boxhome_small-width":200,"boxhome_small-height":100,"boxhome_medium":"https:\/\/www.rupes.com\/wp-content\/uploads\/2019\/03\/BIGFOOT_LOGO-NEW-WHITE-300x150.jpg","boxhome_medium-width":300,"boxhome_medium-height":150,"boxhome_large":"https:\/\/www.rupes.com\/wp-content\/uploads\/2019\/03\/BIGFOOT_LOGO-NEW-WHITE-450x200.jpg","boxhome_large-width":450,"boxhome_large-height":200,"boxproducts_large":"https:\/\/www.rupes.com\/wp-content\/uploads\/2019\/03\/BIGFOOT_LOGO-NEW-WHITE-1181x700.jpg","boxproducts_large-width":1181,"boxproducts_large-height":700,"boxproducts_midlarge":"https:\/\/www.rupes.com\/wp-content\/uploads\/2019\/03\/BIGFOOT_LOGO-NEW-WHITE-1181x560.jpg","boxproducts_midlarge-width":1181,"boxproducts_midlarge-height":560,"boxproducts_medium":"https:\/\/www.rupes.com\/wp-content\/uploads\/2019\/03\/BIGFOOT_LOGO-NEW-WHITE-1024x450.jpg","boxproducts_medium-width":1024,"boxproducts_medium-height":450,"boxproducts_small":"https:\/\/www.rupes.com\/wp-content\/uploads\/2019\/03\/BIGFOOT_LOGO-NEW-WHITE-700x305.jpg","boxproducts_small-width":700,"boxproducts_small-height":305,"boxproducts_mobile":"https:\/\/www.rupes.com\/wp-content\/uploads\/2019\/03\/BIGFOOT_LOGO-NEW-WHITE-400x175.jpg","boxproducts_mobile-width":400,"boxproducts_mobile-height":175,"product_thumb":"https:\/\/www.rupes.com\/wp-content\/uploads\/2019\/03\/BIGFOOT_LOGO-NEW-WHITE-200x200.jpg","product_thumb-width":200,"product_thumb-height":200,"product_home":"https:\/\/www.rupes.com\/wp-content\/uploads\/2019\/03\/BIGFOOT_LOGO-NEW-WHITE-1181x700.jpg","product_home-width":1181,"product_home-height":700,"gallery_first":"https:\/\/www.rupes.com\/wp-content\/uploads\/2019\/03\/BIGFOOT_LOGO-NEW-WHITE-500x500.jpg","gallery_first-width":500,"gallery_first-height":500,"gallery_thumb":"https:\/\/www.rupes.com\/wp-content\/uploads\/2019\/03\/BIGFOOT_LOGO-NEW-WHITE-80x80.jpg","gallery_thumb-width":80,"gallery_thumb-height":80,"category_image":"https:\/\/www.rupes.com\/wp-content\/uploads\/2019\/03\/BIGFOOT_LOGO-NEW-WHITE-200x200.jpg","category_image-width":200,"category_image-height":200,"category_thumb":"https:\/\/www.rupes.com\/wp-content\/uploads\/2019\/03\/BIGFOOT_LOGO-NEW-WHITE-100x100.jpg","category_thumb-width":100,"category_thumb-height":100}}],"videos":false,"files":false,"blocco_dimensione":false,"varianti":false,"kit_vendita":false,"blocchi_prodotti_correlati":[{"iconablocco":"fas fa-share-alt","seleziona_i_prodotti":[1001384447],"label":"view related products","titolo_correlato_en":"","titolo_correlato_it":"","titolo_correlato_de":"","titolo_correlato_fr":"","titolo_correlato_es":""}],"seleziona_tag_notizie":false,"seleziona_le_recensioni":"","product_b2b_code":"","product_b2b_pdf":"","attiva_collegamento":true,"link_eshop":"https:\/\/shop.rupes.com\/en\/accessori\/42-rupes-bigfoot.html","immagine_eshop":"","prezzo_eshop":"32.00","attiva_voice_speech":false,"code_usermanuals":"","code_usermanuals_usa":"","google_review_link":""},"_links":{"self":[{"href":"https:\/\/www.rupes.com\/it\/wp-json\/wp\/v2\/products\/1001384091","targetHints":{"allow":["GET"]}}],"collection":[{"href":"https:\/\/www.rupes.com\/it\/wp-json\/wp\/v2\/products"}],"about":[{"href":"https:\/\/www.rupes.com\/it\/wp-json\/wp\/v2\/types\/product"}],"wp:attachment":[{"href":"https:\/\/www.rupes.com\/it\/wp-json\/wp\/v2\/media?parent=1001384091"}],"wp:term":[{"taxonomy":"category_product","embeddable":true,"href":"https:\/\/www.rupes.com\/it\/wp-json\/wp\/v2\/categoryproduct?post=1001384091"}],"curies":[{"name":"wp","href":"https:\/\/api.w.org\/{rel}","templated":true}]}}