{"id":1001384029,"date":"2019-03-08T02:13:35","date_gmt":"2019-03-08T02:13:35","guid":{"rendered":""},"modified":"2020-11-02T16:11:09","modified_gmt":"2020-11-02T15:11:09","slug":"9gat02003-c","status":"publish","type":"product","link":"https:\/\/www.rupes.com\/it\/product\/9gat02003-c\/","title":{"rendered":"Hose Assembly for eletric tool &#8211; \u00d8 29mm 8m"},"content":{"rendered":"","protected":false},"featured_media":0,"template":"","meta":{"_acf_changed":false},"categoryproduct":[888965151,888965154],"class_list":["post-1001384029","product","type-product","status-publish","hentry","category_product-accessories","category_product-accessories-dust-extraction"],"acf":{"product_codice":"9GAT02003\/C","scheda_nuova":true,"contact_form":true,"attiva_flag_new_product":false,"product_home":"0","attiva_special_message":"disattivo","product_titolo_it":"Manichetta per utensile elettrico - \u00d8 29mm 8m","product_titolo_de":"Schlauchbaugruppe f\u00fcr elektrisches Werkzeug - \u00d8 29mm 8m","product_titolo_fr":"Ensemble tuyau pour outil \u00e9lectrique - \u00d8 29mm 8m","product_titolo_es":"Conjunto de manguera para herramienta el\u00e9ctrica - \u00d8 29mm 8m","product_descrizione_en":"<p>Available in multiple lengths and configurations the RUPES standard hose assembly is designed to connect with the RUPES S145EPL portable dust extraction system and can be connected to either electric or pneumatic tools equipped with a centralized dust extraction port.<\/p>\n<p>Due to its lack of anti-static treatment, this hose is not recommended in environments where static buildup could be a potential issue, including sanding fiberglass, or other static-prone materials.<\/p>\n","product_descrizione_it":"","product_descrizione_de":"","product_descrizione_fr":"","product_descrizione_es":"","product_scheda_en":"<table border=\"0\" cellspacing=\"0\" cellpadding=\"0\">\n<tbody>\n<tr>\n<td><strong>Codice<\/strong><\/td>\n<td><strong>Dimensioni\u00a0 m &#8211; ft<\/strong><\/td>\n<td><strong>Diametro\u00a0<\/strong>\u00d8<\/td>\n<td><strong>Utensili<\/strong><\/td>\n<\/tr>\n<tr>\n<td>9GAT02004\/C<\/td>\n<td>5m &#8211; 16.4ft<\/td>\n<td>29mm<\/td>\n<td>with pneumatic supply<\/td>\n<\/tr>\n<tr>\n<td>9GAT02001\/C<\/td>\n<td>5m &#8211; 16.4ft<\/td>\n<td>29mm<\/td>\n<td>for electric tools<\/td>\n<\/tr>\n<tr>\n<td>9GAT02002\/C<\/td>\n<td>8m &#8211; 26.25ft<\/td>\n<td>29mm<\/td>\n<td>with pneumatic supply<\/td>\n<\/tr>\n<tr>\n<td>9GAT02003\/C<\/td>\n<td>8m &#8211; 26.25ft<\/td>\n<td>29mm<\/td>\n<td>for electric tools<\/td>\n<\/tr>\n<\/tbody>\n<\/table>\n","product_scheda_it":"","product_scheda_de":"","product_scheda_fr":"","product_scheda_es":"","thumb":false,"gallery":[{"ID":1001394300,"id":1001394300,"title":"9GAT02003_Hose-Assembly-for-electric-tool","filename":"9GAT02003_Hose-Assembly-for-electric-tool.jpg","filesize":97684,"url":"https:\/\/www.rupes.com\/wp-content\/uploads\/2019\/03\/9GAT02003_Hose-Assembly-for-electric-tool.jpg","link":"https:\/\/www.rupes.com\/it\/product\/9gat02003-c\/9gat02003_hose-assembly-for-electric-tool-2\/","alt":"","author":"1","description":"","caption":"","name":"9gat02003_hose-assembly-for-electric-tool-2","status":"inherit","uploaded_to":1001384029,"date":"2020-11-02 15:11:00","modified":"2020-11-02 15:11:05","menu_order":0,"mime_type":"image\/jpeg","type":"image","subtype":"jpeg","icon":"https:\/\/www.rupes.com\/wp-includes\/images\/media\/default.png","width":1200,"height":800,"sizes":{"thumbnail":"https:\/\/www.rupes.com\/wp-content\/uploads\/2019\/03\/9GAT02003_Hose-Assembly-for-electric-tool-150x150.jpg","thumbnail-width":150,"thumbnail-height":150,"medium":"https:\/\/www.rupes.com\/wp-content\/uploads\/2019\/03\/9GAT02003_Hose-Assembly-for-electric-tool-300x200.jpg","medium-width":300,"medium-height":200,"medium_large":"https:\/\/www.rupes.com\/wp-content\/uploads\/2019\/03\/9GAT02003_Hose-Assembly-for-electric-tool-768x512.jpg","medium_large-width":768,"medium_large-height":512,"large":"https:\/\/www.rupes.com\/wp-content\/uploads\/2019\/03\/9GAT02003_Hose-Assembly-for-electric-tool-1024x683.jpg","large-width":1024,"large-height":683,"1536x1536":"https:\/\/www.rupes.com\/wp-content\/uploads\/2019\/03\/9GAT02003_Hose-Assembly-for-electric-tool.jpg","1536x1536-width":1200,"1536x1536-height":800,"2048x2048":"https:\/\/www.rupes.com\/wp-content\/uploads\/2019\/03\/9GAT02003_Hose-Assembly-for-electric-tool.jpg","2048x2048-width":1200,"2048x2048-height":800,"thumb_news":"https:\/\/www.rupes.com\/wp-content\/uploads\/2019\/03\/9GAT02003_Hose-Assembly-for-electric-tool-350x200.jpg","thumb_news-width":350,"thumb_news-height":200,"boxhome_small":"https:\/\/www.rupes.com\/wp-content\/uploads\/2019\/03\/9GAT02003_Hose-Assembly-for-electric-tool-200x100.jpg","boxhome_small-width":200,"boxhome_small-height":100,"boxhome_medium":"https:\/\/www.rupes.com\/wp-content\/uploads\/2019\/03\/9GAT02003_Hose-Assembly-for-electric-tool-300x150.jpg","boxhome_medium-width":300,"boxhome_medium-height":150,"boxhome_large":"https:\/\/www.rupes.com\/wp-content\/uploads\/2019\/03\/9GAT02003_Hose-Assembly-for-electric-tool-450x200.jpg","boxhome_large-width":450,"boxhome_large-height":200,"boxproducts_large":"https:\/\/www.rupes.com\/wp-content\/uploads\/2019\/03\/9GAT02003_Hose-Assembly-for-electric-tool-1200x700.jpg","boxproducts_large-width":1200,"boxproducts_large-height":700,"boxproducts_midlarge":"https:\/\/www.rupes.com\/wp-content\/uploads\/2019\/03\/9GAT02003_Hose-Assembly-for-electric-tool-1200x560.jpg","boxproducts_midlarge-width":1200,"boxproducts_midlarge-height":560,"boxproducts_medium":"https:\/\/www.rupes.com\/wp-content\/uploads\/2019\/03\/9GAT02003_Hose-Assembly-for-electric-tool-1024x450.jpg","boxproducts_medium-width":1024,"boxproducts_medium-height":450,"boxproducts_small":"https:\/\/www.rupes.com\/wp-content\/uploads\/2019\/03\/9GAT02003_Hose-Assembly-for-electric-tool-700x305.jpg","boxproducts_small-width":700,"boxproducts_small-height":305,"boxproducts_mobile":"https:\/\/www.rupes.com\/wp-content\/uploads\/2019\/03\/9GAT02003_Hose-Assembly-for-electric-tool-400x175.jpg","boxproducts_mobile-width":400,"boxproducts_mobile-height":175,"product_thumb":"https:\/\/www.rupes.com\/wp-content\/uploads\/2019\/03\/9GAT02003_Hose-Assembly-for-electric-tool-300x200.jpg","product_thumb-width":300,"product_thumb-height":200,"product_home":"https:\/\/www.rupes.com\/wp-content\/uploads\/2019\/03\/9GAT02003_Hose-Assembly-for-electric-tool-1200x700.jpg","product_home-width":1200,"product_home-height":700,"gallery_first":"https:\/\/www.rupes.com\/wp-content\/uploads\/2019\/03\/9GAT02003_Hose-Assembly-for-electric-tool-750x500.jpg","gallery_first-width":750,"gallery_first-height":500,"gallery_thumb":"https:\/\/www.rupes.com\/wp-content\/uploads\/2019\/03\/9GAT02003_Hose-Assembly-for-electric-tool-105x70.jpg","gallery_thumb-width":105,"gallery_thumb-height":70,"category_image":"https:\/\/www.rupes.com\/wp-content\/uploads\/2019\/03\/9GAT02003_Hose-Assembly-for-electric-tool-200x133.jpg","category_image-width":200,"category_image-height":133,"category_thumb":"https:\/\/www.rupes.com\/wp-content\/uploads\/2019\/03\/9GAT02003_Hose-Assembly-for-electric-tool-100x67.jpg","category_thumb-width":100,"category_thumb-height":67}}],"videos":false,"files":false,"product_b2b_code":"","blocco_dimensione":false,"varianti":false,"kit_vendita":false,"blocchi_prodotti_correlati":false,"seleziona_tag_notizie":false,"seleziona_le_recensioni":""},"_links":{"self":[{"href":"https:\/\/www.rupes.com\/it\/wp-json\/wp\/v2\/products\/1001384029","targetHints":{"allow":["GET"]}}],"collection":[{"href":"https:\/\/www.rupes.com\/it\/wp-json\/wp\/v2\/products"}],"about":[{"href":"https:\/\/www.rupes.com\/it\/wp-json\/wp\/v2\/types\/product"}],"wp:attachment":[{"href":"https:\/\/www.rupes.com\/it\/wp-json\/wp\/v2\/media?parent=1001384029"}],"wp:term":[{"taxonomy":"category_product","embeddable":true,"href":"https:\/\/www.rupes.com\/it\/wp-json\/wp\/v2\/categoryproduct?post=1001384029"}],"curies":[{"name":"wp","href":"https:\/\/api.w.org\/{rel}","templated":true}]}}