{"id":999959182,"date":"2018-05-15T09:41:25","date_gmt":"2018-05-15T07:41:25","guid":{"rendered":"https:\/\/www.rupes.com\/history\/"},"modified":"2024-04-08T11:56:15","modified_gmt":"2024-04-08T09:56:15","slug":"history","status":"publish","type":"page","link":"https:\/\/www.rupes.com\/it\/history\/","title":{"rendered":"Storia"},"content":{"rendered":"<h2 id=\"OURHISTORY\">LA NOSTRA STORIA<\/h2>\n<p>Progettiamo il futuro da oltre 70 anni. La nostra storia \u00e8 composta da grandi sfide, idee, risultati e successi internazionali.<br \/>\nNel 1951 la Levigatrice RUPES 123 Stork viene lanciata sul mercato diventando fin da subito un successo internazionale che apre la strada all\u2019evoluzione degli utensili professionali dell\u2019epoca.<br \/>\nNel 1962, RUPES introduce il nuovo trapano TP\/PC, il primo utensile al mondo con il corpo macchina in polimero tecnico invece di una tradizionale lega metallica. Il nuovo materiale plastico permetteva di ridurre il peso e migliorare l\u2019isolamento elettrico, diventando in breve uno standard internazionale. Inoltre, questo materiale ha migliorato la sicurezza dei lavoratori grazie alla doppia protezione isolante, il peso ridotto ed un ciclo di vita pi\u00f9 lungo.<br \/>\nSuccessivamente, RUPES ha rivoluzionato il mondo della levigatura progettando nel 1968 la prima levigatrice rotorbitale, la BR 8. Al fine di tutelare la sicurezza dell\u2019operatore, venne integrato un sistema di estrazione delle polveri su tutte le levigatrici RUPES e nel 1974 venne introdotta la prima levigatrice palmare elettrica: la LE 7, un utensile progettato per operazioni ad una mano.<br \/>\nIl 1985 ha segnato poi l\u2019introduzione dei nuovi sistemi di aspirazione, sia centralizzati che mobili. Questi sistemi erano finalizzati alla rimozione della polvere generata nei processi di levigatura ed anno permesso lo sviluppo dei RUPES \u201cEnergy Car\u201d, i primi carrelli mobili dotati di aspirazione, progettati per essere facilmente trasportati sul luogo di lavoro.<br \/>\nNel 2000, RUPES ha ottenuto un\u2019altra stella d\u2019eccellenza per la completa automazione della linea di assemblaggio nel processo produttivo del motori elettrici.<br \/>\nIl 2008 ha rappresentato un cambiamento rivoluzionario per la lucidatura orbitale grazie alla progettazione della lucidatrice LHR 150 con un movimento rotorbitale da 10mm di diametro, un\u2019orbita pi\u00f9 grande di quelle viste fino ad ora per questo tipo di applicazione.<br \/>\nInfine, nel 2010, con il marchio BigFoot, RUPES ha alzato ancora una volta l\u2019asticella nel mondo del Car Detailing. Questo nuovo sistema, infatti, offriva lucidatrici rotorbitali con orbite di 15 e 21 mm, cambiando per sempre il modo in cui i tecnici si sarebbero approcciati al processo di lucidatura e finitura.<br \/>\nNel 2020 il presidente di RUPES S.p.A., Guido Valentini, viene nominato Cavaliere del Lavoro per i risultati raggiunti nell\u2019attivit\u00e0 di impresa, nella creazione di sviluppo e di posti di lavoro e per l\u2019impegno della sua azienda alla responsabilit\u00e0 etica e sociale.<\/p>\n<h2 id=\"MISSIONVISION\">MISSION &amp; VISION<\/h2>\n<p>Progettiamo, produciamo e distribuiamo soluzioni innovative ed affidabili nel mercato degli utensili professionali, con una particolare attenzione agli utensili elettrici, pneumatici e ai sistemi di aspirazione per migliorare la qualit\u00e0 della vita e del lavoro.<\/p>\n<p>Ricerchiamo e creiamo soluzioni per semplificare il lavoro ed aumentare le performance, migliorando sia la produttivit\u00e0 che il comfort dell\u2019utente finale, incrementando al tempo stesso la sicurezza. Progettiamo utensili che cambiano il modo in cui le persone lavorano, aiutando i professionisti a lavorare meglio, pi\u00f9 velocemente e in modo pi\u00f9 efficace.<\/p>\n<p>Migliorare la qualit\u00e0 del lavoro e semplificare le attivit\u00e0 attraverso la creativit\u00e0 e l&#8217;innovazione \u00e8 la nostra abilit\u00e0 principale. Sappiamo che la soddisfazione di un lavoro ben fatto \u00e8 qualcosa di impagabile. Ci impegniamo per permetterti di lavorare meglio. La passione per ci\u00f2 che facciamo, la ricerca continua attraverso tecnologie all&#8217;avanguardia e l&#8217;impegno per soddisfare le richieste dei nostri clienti sono le ispirazioni che ci mostrano la strada verso il futuro.<\/p>\n<h2><strong>I NOSTRI VALORI<\/strong><\/h2>\n<p>Molto pi\u00f9 che utensili.<\/p>\n<p>La qualit\u00e0 prima di tutto. Prima di essere introdotto sul mercato, ogni utensile RUPES viene sottoposto ad una serie di valutazioni tecniche approfondite. Le prestazioni dei motori nelle applicazioni pesanti, il bilanciamento, il consumo energetico e la resistenza agli urti sono solo alcuni esempi dei parametri standard ai quali tutti i nostri nuovi prodotti devono attenersi. Un prodotto RUPES deve dimostrare qualit\u00e0 distintive ed offrire vantaggi tangibili.<\/p>\n<p>Tecnologia. Il nostro dipartimento tecnico \u00e8 alla costante ricerca di nuove soluzioni, Caratteristiche come il sistema di pulizia automatica del filtro, la cuffia anti-rotazione, o la piastra di supporto innovativa a 15 fori dimostrano perfettamente la capacit\u00e0 del nostro team di sviluppare nuove idee e anticipare le tendenze del mercato. Con la continua introduzione di nuovi prodotti e soluzioni, RUPES mira a rimanere sempre un passo avanti.<\/p>\n<p>Innovazione. \u00c8 parte del nostro DNA. Forniamo tecnologie all&#8217;avanguardia all&#8217;industria globale della produzione di utensili professionali. L\u2019innovazione \u00e8 fondamentale poich\u00e9 rappresenta una ricerca infinita che richiede costantemente un livello di prestazioni pi\u00f9 elevato con ogni nuova generazione di prodotti. Il desiderio di spingersi oltre i limiti della conoscenza significa scoprire nuove tecnologie e creare prodotti davvero nuovi e diversi.<\/p>\n<p>Design. Il nostro primo obiettivo nello sviluppo del progetto \u00e8 migliorare la qualit\u00e0 e l&#8217;efficienza del lavoro dell&#8217;utente finale. A tal fine, ci concentriamo su equilibrio e stabilit\u00e0 per ridurre eventuali vibrazioni durante il l\u2019utilizzo dell\u2019utensile. I nostri strumenti sono facili da usare, ma non compromettono prestazioni, potenza o risultati.<\/p>\n<p>Assistenza clienti. In ogni settore, dalla levigatura alla lucidatura, passando per il Car Detailing, siamo il miglior partner dei nostri clienti. Tecnici di alta qualit\u00e0 richiedono strumentazione di alta qualit\u00e0 e l&#8217;affidabilit\u00e0 di un brand solido. Condividiamo la stessa passione per il raggiungimento di risultati ottimali e ci impegniamo a soddisfare pienamente gli utilizzatori dei prodotti RUPES.<\/p>\n<h2 id=\"OURNETWORK\">IL NOSTRO NETWORK<\/h2>\n<p>Siamo dove sono le tue esigenze.<\/p>\n<p>Rupes Group conta quattro siti produttivi in Italia vicino a Milano e due siti produttivi negli Stati Uniti.<br \/>\nIl Gruppo ha inoltre due filiali commerciali in Germania e Paesi Bassi.<\/p>\n<p>Grazie a partner consolidati, siamo in grado di garantire ai clienti un prodotto conforme agli standard qualitativi e di prestazione richiesti per ogni specifico mercato, con la stessa conoscenza approfondita delle esigenze industriali e degli ambiti produttivi in tutti e cinque continenti.<\/p>\n<p>La capacit\u00e0 di produzione \u201cjust in time\u201d e un nuovo sistema di gestione dell&#8217;inventario implementato nei nostri magazzini assicurano che tutti i clienti ricevano il loro prodotto il pi\u00f9 rapidamente possibile. Tutti i nostri canali sono integrati in modo da poter offrire i nostri prodotti e servizi ovunque i nostri clienti desiderino essere serviti.<\/p>\n<p>Un sistema logistico attentamente strutturato e collaudato ci permette di soddisfare le vostre richieste con consegne ottimizzate anche per piccole quantit\u00e0 di prodotto e richieste immediate. Ovunque si trovino, i nostri clienti sono al centro della nostra strategia aziendale.<\/p>\n","protected":false},"excerpt":{"rendered":"<p>LA NOSTRA STORIA Progettiamo il futuro da oltre 70 anni. La nostra storia \u00e8 composta da grandi sfide, idee, risultati e successi internazionali. Nel 1951 la Levigatrice RUPES 123 Stork <\/p>\n","protected":false},"author":1,"featured_media":0,"parent":0,"menu_order":0,"comment_status":"closed","ping_status":"closed","template":"","meta":{"_acf_changed":false,"footnotes":""},"class_list":["post-999959182","page","type-page","status-publish","hentry"],"acf":{"scegliSlider":"default","addVideoSlider":false,"video":"","full_page":false,"php_code":"","buttons":false,"btn_class":"red","gallery":false},"_links":{"self":[{"href":"https:\/\/www.rupes.com\/it\/wp-json\/wp\/v2\/pages\/999959182","targetHints":{"allow":["GET"]}}],"collection":[{"href":"https:\/\/www.rupes.com\/it\/wp-json\/wp\/v2\/pages"}],"about":[{"href":"https:\/\/www.rupes.com\/it\/wp-json\/wp\/v2\/types\/page"}],"author":[{"embeddable":true,"href":"https:\/\/www.rupes.com\/it\/wp-json\/wp\/v2\/users\/1"}],"replies":[{"embeddable":true,"href":"https:\/\/www.rupes.com\/it\/wp-json\/wp\/v2\/comments?post=999959182"}],"version-history":[{"count":3,"href":"https:\/\/www.rupes.com\/it\/wp-json\/wp\/v2\/pages\/999959182\/revisions"}],"predecessor-version":[{"id":1001407006,"href":"https:\/\/www.rupes.com\/it\/wp-json\/wp\/v2\/pages\/999959182\/revisions\/1001407006"}],"wp:attachment":[{"href":"https:\/\/www.rupes.com\/it\/wp-json\/wp\/v2\/media?parent=999959182"}],"curies":[{"name":"wp","href":"https:\/\/api.w.org\/{rel}","templated":true}]}}