{"id":999959029,"date":"2018-06-19T08:35:26","date_gmt":"2018-06-19T06:35:26","guid":{"rendered":"https:\/\/www.rupes.com\/?page_id=999959029"},"modified":"2019-10-24T13:05:45","modified_gmt":"2019-10-24T11:05:45","slug":"privacy-policy-per-lavora-con-noi","status":"publish","type":"page","link":"https:\/\/www.rupes.com\/it\/privacy-policy-per-lavora-con-noi\/","title":{"rendered":"Privacy policy per lavora con noi"},"content":{"rendered":"<p><strong>Titolare del trattamento<\/strong>:<br \/>\nIl Titolare del trattamento effettuato \u00e8\u00a0<em><strong>R.U.P.E.S. Spa<\/strong><\/em>, Via Marconi 3A, 20080 loc. Vermezzo ,<span class=\"locality\">Vermezzo con Zelo (MI)<\/span><br \/>\nEventuali richieste di informazioni e\/o chiarimenti circa il trattamento dei dati potranno essere richiesti inviando una mail al seguente indirizzo:\u00a0<strong>info_rupes@rupes.it<\/strong><\/p>\n<p><strong>Trattamenti effettuati e finalit\u00e0<\/strong><br \/>\nIl Titolare del trattamento desidera informala che i dati personali (nominativi e altre informazioni che identificano la persona, residenza, indirizzo email, titolo di studi, esperienze lavorative, aspirazioni e invio del curriculum), i dati sensibili (appartenenza a categoria protetta) forniti nell\u2019apposito format sul sito internet\u00a0<strong>www.rupes.com<\/strong>\u00a0del Titolare saranno raccolti e trattati per le seguenti finalit\u00e0:<\/p>\n<ul>\n<li>Presa in carico e valutazione dell\u2019adeguatezza del candidato al fine di un eventuale assunzione presso l\u2019azienda stessa.<\/li>\n<\/ul>\n<p>I trattamenti effettuati tramite l\u2019ausilio di strumenti cartacei \/informatici non prevedono l\u2019impiego di processi decisionali automatizzati.<\/p>\n<p><strong>Base giuridica del trattamento<\/strong><br \/>\nIl trattamento viene effettuato in base alla sussistenza del legittimo interesse in quanto esiste una relazione pertinente e appropriata tra l\u2019interessato e il titolare del trattamento (navigazione sul sito e compilazione del form di riferimento).<\/p>\n<p><strong>Conferimento dei dati<\/strong><br \/>\nIl conferimento dei dati \u00e8 facoltativo, ma necessario per il raggiungimento delle finalit\u00e0 di cui sopra e la mancata disponibilit\u00e0 degli stessi non permette l\u2019adempimento degli obblighi di cui sopra.<\/p>\n<p><strong>Comunicazione dei dati e ambito di diffusione<\/strong><br \/>\nI dati non saranno oggetto di comunicazioni a terzi.<\/p>\n<p><strong>Tempo di Conservazione<\/strong><br \/>\nI dati saranno conservati per il tempo necessario ad esplicare le finalit\u00e0 sopra riportate nel rispetto dei termini di legge. Nel caso in cui la sua richiesta non determini la sottoscrizione di un contratto\/ordine i suoi dati non saranno oggetto di ulteriori trattamenti da parte del Titolare del Trattamento.<\/p>\n<p><strong>Diritti dell\u2019Interessato<\/strong><br \/>\nLe viene riconosciuto e garantito il pieno diritto a: chiedere al Titolare del trattamento l\u2019accesso ai dati personali e la rettifica o la cancellazione degli stessi o la limitazione del trattamento che la riguardano o di opporsi al loro trattamento, oltre al diritto alla portabilit\u00e0 dei dati. Tale diritto pu\u00f2 essere esercitato inviando una mail a\u00a0<strong>info_rupes@rupes.it<\/strong><br \/>\nInoltre il Titolare interromper\u00e0 il trattamento nel momento in cui pervenga da parte sua la comunicazione di revoca del consenso precedentemente manifestato.<\/p>\n<p><strong>Reclamo all\u2019autorit\u00e0 di controllo<\/strong><br \/>\nL\u2019interessato ha diritto a proporre reclamo presso l\u2019Autorit\u00e0 di Controllo nel caso in cui le proprie richieste di informazioni rivolte al Titolare non abbiano determinato risposte soddisfacenti.<br \/>\nL\u2019Autorit\u00e0 di riferimento \u00e8 Il Garante per la Protezione dei dati personali<br \/>\nhttp:\/\/www.garanteprivacy.it\/web\/guest\/home\/docweb\/-\/docweb-display\/docweb\/4535524<\/p>\n","protected":false},"excerpt":{"rendered":"<p>Titolare del trattamento: Il Titolare del trattamento effettuato \u00e8\u00a0R.U.P.E.S. Spa, Via Marconi 3A, 20080 loc. Vermezzo ,Vermezzo con Zelo (MI) Eventuali richieste di informazioni e\/o chiarimenti circa il trattamento dei <\/p>\n","protected":false},"author":1,"featured_media":0,"parent":0,"menu_order":0,"comment_status":"closed","ping_status":"closed","template":"","meta":{"_acf_changed":false,"footnotes":""},"class_list":["post-999959029","page","type-page","status-publish","hentry"],"acf":{"scegliSlider":"default","addVideoSlider":false,"video":"","gallery":false,"full_page":false,"php_code":""},"_links":{"self":[{"href":"https:\/\/www.rupes.com\/it\/wp-json\/wp\/v2\/pages\/999959029","targetHints":{"allow":["GET"]}}],"collection":[{"href":"https:\/\/www.rupes.com\/it\/wp-json\/wp\/v2\/pages"}],"about":[{"href":"https:\/\/www.rupes.com\/it\/wp-json\/wp\/v2\/types\/page"}],"author":[{"embeddable":true,"href":"https:\/\/www.rupes.com\/it\/wp-json\/wp\/v2\/users\/1"}],"replies":[{"embeddable":true,"href":"https:\/\/www.rupes.com\/it\/wp-json\/wp\/v2\/comments?post=999959029"}],"version-history":[{"count":0,"href":"https:\/\/www.rupes.com\/it\/wp-json\/wp\/v2\/pages\/999959029\/revisions"}],"wp:attachment":[{"href":"https:\/\/www.rupes.com\/it\/wp-json\/wp\/v2\/media?parent=999959029"}],"curies":[{"name":"wp","href":"https:\/\/api.w.org\/{rel}","templated":true}]}}