{"id":999959020,"date":"2018-06-19T08:31:24","date_gmt":"2018-06-19T06:31:24","guid":{"rendered":"https:\/\/www.rupes.com\/?page_id=999959020"},"modified":"2024-04-18T10:11:31","modified_gmt":"2024-04-18T08:11:31","slug":"privacy-policy-per-clienti-e-distributori","status":"publish","type":"page","link":"https:\/\/www.rupes.com\/it\/privacy-policy-per-clienti-e-distributori\/","title":{"rendered":"Privacy policy per clienti e fornitori"},"content":{"rendered":"<p><strong>Titolare del trattamento:<\/strong><br \/>\nIl Titolare del trattamento effettuato \u00e8\u00a0<em><strong>R.U.P.E.S. Spa <\/strong>a socio unico<\/em>,\u00a0 sede legale in Via Manfredo Camperio, 9 20123 Milano (MI) e sede operativa in Via Marconi 3A, 20080 loc. Vermezzo ,<span class=\"locality\">Vermezzo con Zelo (MI<\/span>).<br \/>\nEventuali richieste di informazioni e\/o chiarimenti circa il trattamento dei dati potranno essere richiesti inviando una mail al seguente indirizzo:\u00a0<strong>info_rupes@rupes.it<\/strong><\/p>\n<p><strong>Trattamenti effettuati e finalit\u00e0<\/strong><br \/>\n<em><strong>R.U.P.E.S. Spa<\/strong> a socio unico<\/em>\u00a0desidera informala che la ragione sociale della Sua azienda nonch\u00e9 i dati anagrafici e identificativi del referente che si interfaccer\u00e0 con la nostra societ\u00e0 saranno raccolti e trattati per le seguenti finalit\u00e0:<\/p>\n<ul>\n<li>Esecuzione delle prestazioni contrattuali dettagliate nel contratto sottoscritto tra le Parti.<\/li>\n<li>Esecuzione degli adempimenti amministrativo\/contabili (ivi compresi gli obblighi normativi)<\/li>\n<\/ul>\n<p>I trattamenti effettuati tramite l\u2019ausilio di strumenti cartacei \/informatici non prevedono l\u2019impiego di processi decisionali automatizzati.<\/p>\n<p><strong>Base giuridica del trattamento<\/strong><br \/>\nIl trattamento viene effettuato in base alla sussistenza di un rapporto contrattuale tra il Titolare del Trattamento e l\u2019Interessato e, in ogni caso, il trattamento \u00e8 necessario per il raggiungimento del legittimo interesse del Titolare.<\/p>\n<p><strong>Conferimento dei dati<\/strong><br \/>\nIl conferimento dei dati \u00e8 facoltativo, ma necessario per il raggiungimento delle finalit\u00e0 di cui sopra e la mancata disponibilit\u00e0 degli stessi non permette l\u2019adempimento degli obblighi di cui sopra o la gestione amministrativa e contabile del rapporto.<\/p>\n<p><strong>Comunicazione dei dati e ambito di diffusione<\/strong><br \/>\nI dati potranno essere comunicati alle seguenti categorie di soggetti di cui\u00a0<em><strong>R.U.P.E.S. Spa<\/strong> a socio unico<\/em>\u00a0si avvale per l\u2019espletamento di alcune attivit\u00e0 funzionali all\u2019erogazione dei propri servizi:<\/p>\n<ul>\n<li>Studio Commercialista per adempimenti contabili\/fiscali; Banche per i pagamenti;<\/li>\n<li>Studio Legale in caso di contenzioso;<\/li>\n<li>Pubblica Amministrazione per comunicazioni obbligatorie per legge;<\/li>\n<li>A terzi per l&#8217;adempimento di obblighi di legge o su richiesta dell&#8217;Autorit\u00e0.<\/li>\n<li>I dati non saranno oggetto di diffusione<\/li>\n<\/ul>\n<p><strong>Tempo di Conservazione<\/strong><br \/>\nI dati saranno conservati per il tempo necessario ad esplicare le finalit\u00e0 sopra riportate nel rispetto dei termini contrattuali e di legge.<\/p>\n<p><strong>Diritti dell\u2019Interessato<\/strong><br \/>\nLe viene riconosciuto e garantito il pieno diritto a: chiedere al Titolare del trattamento l\u2019accesso ai dati personali e la rettifica o la cancellazione degli stessi o la limitazione del trattamento che la riguardano o di opporsi al loro trattamento, oltre al diritto alla portabilit\u00e0 dei dati. Tale diritto pu\u00f2 essere esercitato inviando una mail a\u00a0<strong>info_rupes@rupes.it<\/strong><br \/>\nInoltre il Titolare interromper\u00e0 il trattamento nel momento in cui pervenga da parte sua di relativa comunicazione.<\/p>\n<p><strong>Reclamo all\u2019autorit\u00e0 di controllo<\/strong><br \/>\nL\u2019interessato ha diritto a proporre reclamo presso l\u2019Autorit\u00e0 di Controllo nel caso in cui le proprie richieste di informazioni rivolte al Titolare non abbiano determinato risposte soddisfacenti.<br \/>\nL\u2019Autorit\u00e0 di riferimento \u00e8 Il Garante per la Protezione dei dati personali<br \/>\nhttp:\/\/www.garanteprivacy.it\/web\/guest\/home\/docweb\/-\/docweb-display\/docweb\/4535524<\/p>\n","protected":false},"excerpt":{"rendered":"<p>Titolare del trattamento: Il Titolare del trattamento effettuato \u00e8\u00a0R.U.P.E.S. Spa a socio unico,\u00a0 sede legale in Via Manfredo Camperio, 9 20123 Milano (MI) e sede operativa in Via Marconi 3A, <\/p>\n","protected":false},"author":1,"featured_media":0,"parent":0,"menu_order":0,"comment_status":"closed","ping_status":"closed","template":"","meta":{"_acf_changed":false,"footnotes":""},"class_list":["post-999959020","page","type-page","status-publish","hentry"],"acf":{"scegliSlider":"default","addVideoSlider":false,"video":"","full_page":false,"php_code":"","buttons":false,"gallery":false,"btn_class":"red"},"_links":{"self":[{"href":"https:\/\/www.rupes.com\/it\/wp-json\/wp\/v2\/pages\/999959020","targetHints":{"allow":["GET"]}}],"collection":[{"href":"https:\/\/www.rupes.com\/it\/wp-json\/wp\/v2\/pages"}],"about":[{"href":"https:\/\/www.rupes.com\/it\/wp-json\/wp\/v2\/types\/page"}],"author":[{"embeddable":true,"href":"https:\/\/www.rupes.com\/it\/wp-json\/wp\/v2\/users\/1"}],"replies":[{"embeddable":true,"href":"https:\/\/www.rupes.com\/it\/wp-json\/wp\/v2\/comments?post=999959020"}],"version-history":[{"count":2,"href":"https:\/\/www.rupes.com\/it\/wp-json\/wp\/v2\/pages\/999959020\/revisions"}],"predecessor-version":[{"id":1001407016,"href":"https:\/\/www.rupes.com\/it\/wp-json\/wp\/v2\/pages\/999959020\/revisions\/1001407016"}],"wp:attachment":[{"href":"https:\/\/www.rupes.com\/it\/wp-json\/wp\/v2\/media?parent=999959020"}],"curies":[{"name":"wp","href":"https:\/\/api.w.org\/{rel}","templated":true}]}}