{"id":468,"date":"2018-05-16T11:20:00","date_gmt":"2018-05-16T09:20:00","guid":{"rendered":"https:\/\/www.rupes.com\/privacy-policy\/"},"modified":"2024-04-18T10:13:52","modified_gmt":"2024-04-18T08:13:52","slug":"privacy-policy","status":"publish","type":"page","link":"https:\/\/www.rupes.com\/it\/privacy-policy\/","title":{"rendered":"Privacy policy"},"content":{"rendered":"<h2>LA PRIVACY POLICY DEL SITO WEB RUPES<\/h2>\n<p>In questa pagina si descrivono le modalit\u00e0 di gestione del sito web di RUPES S.p.A. a socio unico (\u201cRUPES\u201d), raggiungibile a partire dall\u2019indirizzo www.rupes.com (di seguito, il \u201cSito Web\u201d), in riferimento al trattamento dei dati personali degli utenti che effettuano la registrazione sul medesimo Sito Web per avere accesso a contenuti riservati agli utenti registrati e per aderire al servizio di newslettering fornito da RUPES.<br \/>\nLa presente informativa \u00e8 resa solo per il Sito Web (inclusi sottodomini come ad esempio download.rupes.com) e non anche per altri siti web eventualmente consultati dall\u2019utente tramite link contenuti nel Sito Web.<br \/>\nLa presente informativa \u00e8 resa anche ai sensi dell\u2019art. 13 del Regolamento UE 679\/2016 del 27 aprile 2016 relativo alla protezione delle persone fisiche con riguardo al trattamento dei dati personali, nonch\u00e9 alla libera circolazione di tali dati e che abroga la direttiva 95\/46\/CE (Regolamento Generale sulla Protezione dei Dati \u2013 RGPD) a coloro che interagiscono con i servizi web di RUPES. L\u2019informativa si ispira anche alla Raccomandazione n. 2\/2001 che le autorit\u00e0 europee per la protezione dei dati personali, riunite nel Gruppo istituito dall\u2019art. 29 della direttiva n. 95\/46\/CE, hanno adottato il 17 maggio 2001 per individuare alcuni requisiti minimi per la raccolta di dati personali on-line, e, in particolare, le modalit\u00e0, i tempi e la natura delle informazioni che i titolari del trattamento devono fornire agli utenti quando questi si collegano a pagine web, indipendentemente dagli scopi del collegamento.<br \/>\nIl trattamento dei dati personali dell\u2019utente del Sito Web sar\u00e0, in ogni caso, improntato ai principi di correttezza, liceit\u00e0 e trasparenza e di tutela della riservatezza e dei diritti dell\u2019interessato, in conformit\u00e0 con le disposizioni di cui al RGPD, alla normativa nazionale eventualmente applicabile, ed alle indicazioni del Garante italiano per la protezione dei dati personali.<\/p>\n<p>&nbsp;<\/p>\n<p><strong>1. IL TITOLARE DEL TRATTAMENTO<\/strong><br \/>\nA seguito della consultazione di questo Sito Web possono essere trattati dati relativi a persone fisiche identificate o identificabili.<br \/>\nIl Titolare del loro trattamento \u00e8 RUPES S.p.A. a socio unico, con sede legale in Via Manfredo Camperio, 9 20123 Milano (MI), sede operativa in Via Marconi 3A, 20080 loc. Vermezzo ,<span class=\"locality\">Vermezzo con Zelo (MI)<\/span>, P.IVA. 05094230157, in seguito denominato \u201cRUPES\u201d o \u201cTitolare\u201d)<\/p>\n<p>&nbsp;<\/p>\n<p><strong>2. LUOGO DI TRATTAMENTO DEI DATI E DESTINATARI<\/strong><br \/>\nI trattamenti connessi ai servizi del Sito Web hanno luogo in Italia presso la predetta sede di RUPES e sono curati solo da personale appositamente incaricato o in Europa (FR) presso la sede della societ\u00e0 che gestisce i server di RUPES. RUPES non effettua trasferimenti di dati verso paesi terzi al di fuori dello SEE.<br \/>\nI dati sono o potranno essere comunicati ai seguenti destinatari (nominati quali responsabili del trattamento dei dati ai sensi del RGPD):<\/p>\n<ul>\n<li>Ad altre societ\u00e0 del gruppo imprenditoriale a cui appartiene RUPES, aventi sede nel territorio della UE;<\/li>\n<li>A soggetti che forniscono a RUPES servizi di hosting del Sito Web, di manutenzione ed aggiornamento dello stesso (esclusivamente ove tale comunicazione sia strettamente necessaria per garantire l\u2019erogazione dei servizi richiesti dall\u2019utente), di invio di newsletters, ecc.<\/li>\n<li>A fornitori di servizi di consulenza in materia di adempimenti di natura tributaria o fiscale, ove ci\u00f2 sia reso necessario dalla tipologia di trattamenti dei dati effettuata (ad es. in caso di acquisto, da parte dell\u2019utente, di beni o servizi di RUPES che diano luogo ad adempimenti di natura fiscale o tributaria).<\/li>\n<li>Ad altre categorie di soggetti a cui RUPES debba comunicare i dati personali al fine di dare esecuzione ai contratti e\/o riscontro a richieste tra RUPES e l\u2019utente o in adempimento di obblighi di legge o su richiesta dell\u2019autorit\u00e0.<\/li>\n<\/ul>\n<p>&nbsp;<\/p>\n<p><strong>3. TIPI DI DATI TRATTATI<\/strong><br \/>\nDati di navigazione. I sistemi informatici e le procedure software preposte al funzionamento di questo Sito Web acquisiscono, nel corso del loro normale esercizio, alcuni dati personali la cui trasmissione \u00e8 implicita nell\u2019uso dei protocolli di comunicazione di Internet.<br \/>\nSi tratta di informazioni che non sono raccolte per essere associate a interessati identificati, ma che per loro stessa natura potrebbero, attraverso elaborazioni ed associazioni con dati detenuti da terzi, permettere di identificare gli utenti.<br \/>\nIn questa categoria di dati rientrano gli indirizzi IP o i nomi a dominio dei computer utilizzati dagli utenti che si connettono al Sito Web, gli indirizzi in notazione URI (Uniform Resource Identifier) delle risorse richieste, l\u2019orario della richiesta, il metodo utilizzato nel sottoporre la richiesta al server, la dimensione del file ottenuto in risposta, il codice numerico indicante lo stato della risposta data dal server (buon fine, errore, ecc.) ed altri parametri relativi al sistema operativo e all\u2019ambiente informatico dell\u2019utente.<br \/>\nQuesti dati vengono utilizzati al solo fine di ricavare informazioni statistiche anonime sull\u2019uso del Sito Web e per controllarne il corretto funzionamento e vengono cancellati immediatamente dopo l\u2019elaborazione. I dati potrebbero essere utilizzati per l\u2019accertamento di responsabilit\u00e0 in caso di ipotetici reati informatici ai danni del Sito Web: salva questa eventualit\u00e0, allo stato i dati sui contatti web non sono conservati per periodi superiori a sette giorni.<br \/>\nDati forniti volontariamente dall\u2019utente. Il completamento della procedura di registrazione e l\u2019invio facoltativo, esplicito e volontario di posta elettronica agli indirizzi indicati su questo Sito Web comporta l\u2019acquisizione ed il trattamento dei dati personali del soggetto interessato, necessari per consentire l\u2019accesso dell\u2019interessato ai contenuti riservati presenti sul Sito Web e\/o per erogare il servizio di newslettering richiesto dall\u2019interessato stesso oppure per rispondere alle richieste effettuate dall\u2019interessato tramite e-mail o piattaforma di discussione (chat) attivata sul Sito Web, nonch\u00e9 degli eventuali altri dati personali inseriti nella e-mail o messaggio della chat.<br \/>\nIl download centre di RUPES pu\u00f2 raccogliere le seguenti informazioni: nome, cognome e nome della societ\u00e0, informazioni di contatto comprensive dell\u2019e-mail e del settore commerciale in cui opera l\u2019utente.<br \/>\nSpecifiche informative di sintesi verranno progressivamente riportate o visualizzate nelle pagine del Sito Web predisposte per particolari servizi a richiesta.<br \/>\nCookies. Nessun dato personale degli utenti viene in proposito acquisito dal Sito Web.<br \/>\nNon viene fatto uso di cookies per la trasmissione di informazioni di carattere personale, n\u00e9 vengono utilizzati c.d. cookies persistenti di alcun tipo (salvo quanto sotto precisato), ovvero sistemi per il tracciamento degli utenti.<br \/>\nL\u2019uso di c.d. cookies di sessione (che non vengono memorizzati in modo persistente sul computer dell\u2019utente e svaniscono con la chiusura del browser) \u00e8 strettamente limitato alla trasmissione di identificativi di sessione (costituiti da numeri casuali generati dal server) necessari per consentire l\u2019esplorazione sicura ed efficiente del Sito Web.<br \/>\nI c.d. cookies di sessione utilizzati in questo Sito Web evitano il ricorso ad altre tecniche informatiche potenzialmente pregiudizievoli per la riservatezza della navigazione degli utenti e non consentono l\u2019acquisizione di dati personali identificativi dell\u2019utente.<br \/>\nSe l\u2019utente decide di rimanere collegato al Sito Web, un cookie che aiuti nel mantenere aperto l\u2019accesso potrebbe essere memorizzato sul suo computer.<br \/>\nCookies di geo-localizzazione. Questo Sito Web utilizza un sistema per determinare il luogo dal quale l\u2019Utente effettua l\u2019accesso e decidere automaticamente quale lingua visualizzare. Un cookie con i suddetti dati potrebbe essere memorizzato sul computer dell\u2019utente.<br \/>\nCookies di terzi. Questo Sito Web pu\u00f2 utilizzare cookies di terze parti per facilitare l\u2019uso di servizi resi da altri siti web, come ad esempio per visualizzare video caricati su YouTube, in considerazione della scelta dell\u2019utente di utilizzare i predetti servizi e\/o visualizzare i summenzionati video.<\/p>\n<p>&nbsp;<\/p>\n<p><strong>4. FINALITA\u2019 DEL TRATTAMENTO<\/strong><br \/>\nI dati personali sono raccolti e trattati da RUPES per le seguenti finalit\u00e0:<br \/>\n1) per consentire agli utenti la navigazione agevole e sicura sul Sito Web;<br \/>\n2) nel caso in cui l\u2019utente decida di registrarsi sul Sito Web, per consentirgli di scaricare i materiali contenuti nel download centre;<br \/>\n3) per l\u2019erogazione del servizio di newslettering richiesto dall\u2019utente a RUPES;<br \/>\n4) per l\u2019erogazione del servizio di contatto con RUPES o i suoi distributori richiesto dall\u2019utente;<br \/>\n5) per conformarsi a leggi, regolamenti o alla legislazione comunitaria.<\/p>\n<p>&nbsp;<\/p>\n<p><strong>5. BASI GIURIDICHE DEL TRATTAMENTO<\/strong><\/p>\n<p>I trattamenti di dati personali effettuati da RUPES con l\u2019intento di perseguire le finalit\u00e0 di cui all\u2019art. 4 della presente informativa hanno le seguenti basi giuridiche:<\/p>\n<ul>\n<li>(Art. 6, 1, b) del RGPD): il trattamento \u00e8 necessario all\u2019esecuzione di un contratto di cui l\u2019interessato \u00e8 parte o all\u2019esecuzione di misure precontrattuali adottate su richiesta dello stesso (ad es.: per l\u2019erogazione del servizio di newslettering o per consentire l\u2019accesso a contenuti riservati agli utenti registrati sul Sito Web, consentire il corretto e sicuro utilizzo del Sito Web); oppure<\/li>\n<li>(Art. 6, 1, c) del RGPD): il trattamento \u00e8 necessario per adempiere un obbligo legale al quale \u00e8 soggetto il Titolare del trattamento (ad es.: per l\u2019esecuzione degli adempimenti in materia fiscale e tributaria quali l\u2019emissione di fatture, documenti doganali, qualora l\u2019utente richieda a RUPES la fornitura di beni e\/o servizi che richiedono tali adempimenti di legge); oppure<\/li>\n<li>(Art. 6, 1, f) del RGPD): il trattamento \u00e8 necessario per il perseguimento di un legittimo interesse del Titolare del trattamento (ad es.: qualora sia stato l\u2019interessato a comunicare i propri dati \u2013 mediante il Sito Web del Titolare, durante fiere o manifestazioni di settore, telefonicamente, ecc.- il Titolare ha il legittimo interesse a mantenere il contatto con i propri clienti o potenziali clienti per inviare loro comunicazioni di marketing diretto, incluse informazioni sui prodotti, offerte promozionali, invitarli ad eventi formativi, ecc.). In qualsiasi momento l\u2019interessato pu\u00f2 opporsi al trattamento dei propri dati per tale finalit\u00e0, comunicando la propria opposizione all\u2019indirizzo e-mail info_rupes@rupes.it ; oppure<\/li>\n<li>(Art. 6, 1, a) del RGPD): l\u2019interessato ha espresso il consenso al trattamento dei propri dati personali per finalit\u00e0 di marketing, diretto o indiretto (escluso il trattamento totalmente automatizzato e la profilazione per fini commerciali), ecc. In qualsiasi momento l\u2019interessato pu\u00f2 revocare il proprio consenso ed opporsi al trattamento dei propri dati per tale finalit\u00e0, comunicando la propria opposizione all\u2019indirizzo e-mail: info_rupes@rupes.it<\/li>\n<\/ul>\n<p>&nbsp;<\/p>\n<p><strong>6. MODALITA\u2019 DEL TRATTAMENTO<\/strong><br \/>\nI dati personali sono trattati con strumenti automatizzati e non automatizzati per il tempo strettamente necessario a conseguire gli scopi per cui sono stati raccolti.<br \/>\nSpecifiche misure di sicurezza sono osservate per prevenire la perdita dei dati, usi illeciti o non corretti ed accessi non autorizzati<br \/>\n\u00c8 importante ricordare che tutto ci\u00f2 che l\u2019interessato trasmette o fornisce on-line pu\u00f2 essere raccolto e utilizzato da altri o illegalmente intercettato da terzi. Nessuna trasmissione di dati su Internet pu\u00f2 essere garantita come sicura al 100%. RUPES si impegna ad utilizzare mezzi commercialmente ragionevoli per proteggere le informazioni degli interessati, ma la medesima non pu\u00f2 garantire la totale sicurezza delle informazioni che scambiate<br \/>\nIl download centre di RUPES \u00e8 protetto da password. \u00c8 fatto divieto di rivelare la password a chiunque. In nessun caso RUPES richieder\u00e0 la password dell\u2019utente registrato tramite e-mail. Se l\u2019utente ricevesse mai una tale richiesta, si prega di informare immediatamente RUPES. L\u2019utente registrato \u00e8 l\u2019unico responsabile del mantenimento della segretezza delle proprie credenziali di autenticazione.<\/p>\n<p>&nbsp;<\/p>\n<p><strong>7. DURATA DEL TRATTAMENTO DEI DATI<\/strong><\/p>\n<p>I dati personali dell\u2019utente verranno conservati per una durata strettamente necessaria al perseguimento delle specifiche finalit\u00e0 del trattamento di cui al punto 4 e, nello specifico:<\/p>\n<ul>\n<li>I dati personali verranno trattati per il periodo necessario all\u2019esecuzione degli obblighi precontrattuali e contrattuali incombenti sul RUPES in ragione della fornitura di beni e\/o servizi richiesti dall\u2019utente (ad es.: l\u2019invio di newsletters, fornitura di contenuti riservati agli utenti registrati, ecc.) e, comunque, non oltre il termine fissato dalla legge italiana per la prescrizione dei diritti (a titolo di responsabilit\u00e0 contrattuale e\/o extracontrattuale) connessi alla fornitura di detti beni e\/o servizi.<\/li>\n<li>I dati saranno, inoltre, trattati per la durata necessaria all\u2019adempimento di obblighi di legge o di natura regolamentare (per es.: obblighi di conservazione dei dati e della documentazione in materia fiscale), secondo quanto previsto dalle norme e regolamenti di tempo in tempo applicabili a tali obblighi del Titolare.<\/li>\n<li>Ove il trattamento dei dati personali venga effettuato per il perseguimento di un legittimo interesse del Titolare, tale trattamento sar\u00e0 effettuato fintantoch\u00e9 sussister\u00e0 tale legittimo interesse ovvero sino alla richiesta, da parte Sua, di non voler pi\u00f9 consentire il trattamento dei Suoi dati per tale finalit\u00e0.<\/li>\n<li>Qualora il trattamento dei dati personali venga effettuato in base al consenso prestato dall\u2019utente, tale trattamento sar\u00e0 effettuato per una durata non superiore a 48 (quarantotto) mesi dal momento del rilascio del consenso da parte dell\u2019utente.<\/li>\n<\/ul>\n<p>&nbsp;<\/p>\n<p><strong>8. DIRITTI DEGLI INTERESSATI<\/strong><br \/>\nIn qualsiasi momento, i soggetti i cui dati personali sono stati comunicati a RUPES hanno il diritto di:<br \/>\na. chiedere al Titolare del trattamento l\u2019accesso ai propri dati personali (cio\u00e8 sapere se il Titolare stia effettuando un trattamento di tali dati), ottenere la rettifica o la cancellazione degli stessi, limitare le finalit\u00e0 per le quali tali dati sono trattati o opporsi al loro trattamento, oltre al diritto di ottenere la portabilit\u00e0 degli stessi.<\/p>\n<p>b. qualora il trattamento sia basato sull\u2019articolo 6, paragrafo 1, lettera a) (consenso), oppure sull\u2019articolo 9, paragrafo 2, lettera a) del RGPD, revocare il proprio consenso in qualsiasi momento senza pregiudicare la liceit\u00e0 del trattamento basata sul consenso prestato prima della revoca.<\/p>\n<p>Tali diritti posso essere esercitati mediante richiesta dell\u2019interessato da inviare all\u2019indirizzo e-mail: info_rupes@rupes.it<\/p>\n<p>L\u2019interessato pu\u00f2, inoltre, proporre reclamo a un\u2019autorit\u00e0 di controllo, ossia al Garante per la protezione dei dati personali, mediante raccomandata A\/R indirizzata a Garante per la protezione dei dati personali, Piazza di Monte Citorio, 121 00186 Roma; oppure via e-mail all\u2019indirizzo: garante@gpdp.it, oppure protocollo@pec.gpdp.it; oppure a mezzo fax al numero: 06\/69677.3785<\/p>\n<p>&nbsp;<\/p>\n<p><strong>9. NATURA FACOLTATIVA O OBBLIGATORIA DEL CONFERIMENTO DEI DATI<\/strong><br \/>\nPer i trattamenti dei dati aventi la finalit\u00e0 di eseguire obblighi di natura contrattuale o precontrattuale (ad es. erogazione del servizio di newslettering, accesso a contenuti riservati, ecc.) nonch\u00e9 per adempiere ad obblighi di legge che gravano sul Titolare, il conferimento dei dati \u00c8 OBBLIGATORIO e l\u2019eventuale rifiuto di fornire tali dati potrebbe comportare la mancata o parziale esecuzione dei servizi da parte del Titolare, essendo tali dati indispensabili per la completa e corretta esecuzione del servizio stesso e\/o per l\u2019esecuzione di adempimenti di legge gravanti sul Titolare.<\/p>\n<p>Per il trattamento dei dati personali per il perseguimento di un legittimo interesse del Titolare (ad es.: per finalit\u00e0 di mantenere i contatti con la propria clientela mediante invio di offerte, inviti ad eventi formativi, ecc.) IL CONSENSO NON \u00c8 NECESSARIO. L\u2019utente pu\u00f2, tuttavia, in qualsiasi momento opporsi al trattamento dei propri dati per tale finalit\u00e0, comunicando la propria opposizione all\u2019indirizzo e-mail info_rupes@rupes.it<\/p>\n<p>Per i trattamenti realizzati per finalit\u00e0 di marketing diretto o indiretto ed in assenza di un legittimo interesse del Titolare, IL CONSENSO \u00c8 FACOLTATIVO, e potr\u00e0 essere revocato, in qualsiasi momento, mediante invio di una richiesta al Titolare, all\u2019indirizzo di posta elettronica info_rupes@rupes.it<\/p>\n<p>Si informa che la revoca del consenso non pregiudica la liceit\u00e0 del trattamento basata sul consenso prestato prima della revoca.<\/p>\n","protected":false},"excerpt":{"rendered":"<p>LA PRIVACY POLICY DEL SITO WEB RUPES In questa pagina si descrivono le modalit\u00e0 di gestione del sito web di RUPES S.p.A. a socio unico (\u201cRUPES\u201d), raggiungibile a partire dall\u2019indirizzo <\/p>\n","protected":false},"author":1,"featured_media":0,"parent":0,"menu_order":0,"comment_status":"closed","ping_status":"closed","template":"","meta":{"_acf_changed":false,"footnotes":""},"class_list":["post-468","page","type-page","status-publish","hentry"],"acf":{"scegliSlider":"default","addVideoSlider":false,"video":"","full_page":false,"php_code":"","buttons":false,"btn_class":"red","gallery":false},"_links":{"self":[{"href":"https:\/\/www.rupes.com\/it\/wp-json\/wp\/v2\/pages\/468","targetHints":{"allow":["GET"]}}],"collection":[{"href":"https:\/\/www.rupes.com\/it\/wp-json\/wp\/v2\/pages"}],"about":[{"href":"https:\/\/www.rupes.com\/it\/wp-json\/wp\/v2\/types\/page"}],"author":[{"embeddable":true,"href":"https:\/\/www.rupes.com\/it\/wp-json\/wp\/v2\/users\/1"}],"replies":[{"embeddable":true,"href":"https:\/\/www.rupes.com\/it\/wp-json\/wp\/v2\/comments?post=468"}],"version-history":[{"count":13,"href":"https:\/\/www.rupes.com\/it\/wp-json\/wp\/v2\/pages\/468\/revisions"}],"predecessor-version":[{"id":1001407022,"href":"https:\/\/www.rupes.com\/it\/wp-json\/wp\/v2\/pages\/468\/revisions\/1001407022"}],"wp:attachment":[{"href":"https:\/\/www.rupes.com\/it\/wp-json\/wp\/v2\/media?parent=468"}],"curies":[{"name":"wp","href":"https:\/\/api.w.org\/{rel}","templated":true}]}}