{"id":1001408963,"date":"2024-10-29T11:41:47","date_gmt":"2024-10-29T10:41:47","guid":{"rendered":"https:\/\/www.rupes.com\/?page_id=1001408963"},"modified":"2024-10-29T11:43:10","modified_gmt":"2024-10-29T10:43:10","slug":"privacy-policy-per-estensione-garanzia","status":"publish","type":"page","link":"https:\/\/www.rupes.com\/it\/privacy-policy-per-estensione-garanzia\/","title":{"rendered":"Privacy policy per Estensione garanzia"},"content":{"rendered":"<p><strong>LA PRIVACY POLICY DEL SITO WEB DI ESTENSIONE DI GARANZIA RUPES<\/strong><\/p>\n<p>Questa pagina descrive le modalit\u00e0 di gestione del sito web di RUPES S.p.A. a socio unico (\u201cRUPES\u201d) raggiungibile all\u2019indirizzo www.rupes.com (di seguito, il \u201cSito Web\u201d) relativamente al trattamento dei dati personali degli utenti che si registrano sullo stesso Sito Web e\/o sul sito di registrazione dell\u2019estensione di garanzia Rupes per accedere ai contenuti riservati agli utenti registrati e per iscriversi al servizio di newsletter e\/o al servizio di garanzia fornito da RUPES.<br \/>\nLa presente informativa si applica solo al Sito Web (inclusi i sottodomini quali download.rupes.com e https:\/\/app.rupes.com\/warrantyPlus\/registration.php) e non riguarda eventuali siti web eventualmente visitati dall\u2019utente tramite link di terze parti contenuti nel Sito Web. La presente informativa \u00e8 resa anche ai sensi dell&#8217;art. 13 del Regolamento UE 2016\/679 del 27 aprile 2016 relativo alla protezione delle persone fisiche con riguardo al trattamento dei dati personali, nonch\u00e9 alla libera circolazione di tali dati e che abroga la direttiva 95\/46\/CE (Regolamento generale sulla protezione dei dati \u2013 GDPR) a chiunque interagisca con i servizi web forniti da RUPES. L&#8217;informativa si ispira anche alle linee guida contenute nella Raccomandazione n. 2\/2001, adottata il 17 maggio 2001 dalle autorit\u00e0 europee per la protezione dei dati personali riunite nel Gruppo istituito dall&#8217;art. 29 della direttiva 95\/46\/CE per individuare alcuni requisiti minimi per la raccolta di dati personali on-line, in particolare relativamente alle modalit\u00e0, ai tempi e alla natura delle informazioni che i titolari del trattamento devono fornire agli utenti quando questi si collegano a pagine web, indipendentemente dagli scopi del collegamento. Il trattamento dei dati personali dell&#8217;utente del Sito sar\u00e0, in ogni caso, improntato ai principi di correttezza, liceit\u00e0 e trasparenza nonch\u00e9 al principio di tutela della riservatezza e dei diritti dell&#8217;interessato, in conformit\u00e0 alle disposizioni del GDPR, alla normativa nazionale applicabile e alle linee guida dell&#8217;Autorit\u00e0 Garante per la protezione dei dati personali.<\/p>\n<p><strong>1. TITOLARE DEL TRATTAMENTO<\/strong><br \/>\nLa visita al Sito pu\u00f2 comportare il trattamento di dati relativi a persone fisiche identificate o identificabili.<br \/>\nIl &#8220;Titolare del trattamento&#8221; \u00e8 RUPES S.p.A. a socio unico, con sede legale in Via Manfredo Camperio, 9 20123 Milano (MI), sede operativa in Via Marconi 3A, 20080 loc. Vermezzo, Vermezzo con Zelo (MI), P.IVA IT05094230157, di seguito denominata &#8220;RUPES&#8221; o &#8220;Titolare del trattamento&#8221;.<\/p>\n<p><strong>2. LUOGO DI TRATTAMENTO DEI DATI E DESTINATARI<\/p>\n<p>I trattamenti connessi ai servizi del Sito sono svolti in Italia presso la predetta sede di RUPES esclusivamente da personale tecnico incaricato del trattamento, oppure in Europa (FR) presso la sede della societ\u00e0 che gestisce i server di RUPES. RUPES non effettua trasferimenti di dati verso Paesi terzi al di fuori dello SEE. I dati sono o possono essere comunicati ai seguenti destinatari (nominati responsabili del trattamento dei dati ai sensi del GDPR):<\/p>\n<ul style=\"margin-left: 30px;\">\n<li>Ad altre societ\u00e0 del gruppo di imprese a cui appartiene RUPES, con sede nel territorio dell&#8217;UE<\/li>\n<li>A entit\u00e0 che forniscono a RUPES servizi di hosting del sito Web, manutenzione e aggiornamento (esclusivamente se tale comunicazione \u00e8 strettamente necessaria per garantire l&#8217;esecuzione dei servizi richiesti dagli utenti), newsletter, ecc.<\/li>\n<li>A fornitori di servizi di consulenza relativi ad obblighi fiscali e tributari, nel caso in cui la comunicazione sia necessaria a causa della categoria di trattamento dei dati (ad esempio nei casi in cui l&#8217;utente acquista beni o servizi RUPES che danno origine ad obblighi fiscali o tributari).<\/li>\n<li>Ad altre categorie di entit\u00e0 a cui RUPES deve comunicare dati personali al fine di eseguire contratti e\/o rispondere a richieste precontrattuali tra RUPES e gli utenti o al fine di adempiere ad obblighi di legge o su richiesta delle autorit\u00e0 pubbliche.<\/li>\n<li>Ai centri di riparazione e distributori autorizzati che forniscono i servizi di garanzia per Rupes.<\/li>\n<\/ul>\n<p>&nbsp;<\/p>\n<p><strong>3. CATEGORIE DI DATI TRATTATI<\/strong><br \/>\nDati di navigazione. I sistemi informatici e le procedure software preposte al funzionamento di questo Sito Web acquisiscono dati personali come parte del loro normale funzionamento; la trasmissione di tali dati \u00e8 una caratteristica intrinseca dei protocolli di comunicazione di Internet.<br \/>\nTali informazioni non sono raccolte per essere associate a interessati identificati, tuttavia potrebbero consentire l&#8217;identificazione dell&#8217;utente di per s\u00e9 dopo essere state elaborate e abbinate a dati detenuti da terzi.<br \/>\nQuesta categoria di dati include gli indirizzi IP e\/o i nomi di dominio dei computer utilizzati da qualsiasi utente che si connette a questo Sito Web, gli indirizzi in notazione URI (Uniform Resource Identifier) \u200b\u200bdelle risorse richieste, l&#8217;orario di tali richieste, il metodo utilizzato per sottoporre una determinata richiesta al server, la dimensione del file restituito, un codice numerico relativo allo stato della risposta del server (eseguita correttamente, errore, ecc.) e altri parametri relativi al sistema operativo e all&#8217;ambiente informatico dell&#8217;utente.<br \/>\nQuesti dati vengono utilizzati solo per estrarre informazioni statistiche anonime sull&#8217;uso del Sito Web e per controllarne il funzionamento; vengono cancellati immediatamente dopo l&#8217;elaborazione. I dati potrebbero essere utilizzati per l&#8217;accertamento di responsabilit\u00e0 in caso di reati informatici ai danni del Sito; fatta eccezione per tale ipotesi, allo stato i dati sui contatti web non vengono conservati per pi\u00f9 di sette giorni.<br \/>\nDati forniti volontariamente dagli utenti. Il completamento del processo di registrazione e l&#8217;invio di messaggi di posta elettronica agli indirizzi indicati su questo Sito o la registrazione sulla pagina web per l&#8217;Estensione di Garanzia, che avviene sulla base di un&#8217;opzione liberamente scelta, esplicita e volontaria, comporta l&#8217;acquisizione e il trattamento dei dati personali dell&#8217;interessato, necessari per consentirgli di accedere ai contenuti riservati disponibili sul Sito e\/o di eseguire il servizio di newsletter da lui stesso richiesto o di rispondere a qualsiasi richiesta dell&#8217;interessato inoltrata tramite e-mail o chat previste sul Sito, o per ottenere l&#8217;estensione di garanzia, nonch\u00e9 di tali ulteriori dati personali come contenuti nelle e-mail o nel messaggio di chat.<br \/>\nIl centro download RUPES e la pagina di Registrazione dell&#8217;Estensione di Garanzia raccoglieranno le seguenti informazioni: nome, cognome e ragione sociale, informazioni di contatto tra cui indirizzo e-mail, settore di attivit\u00e0. Specifiche informative di sintesi saranno riportate e\/o visualizzate nelle pagine del Sito Web utilizzate per l&#8217;erogazione dei servizi su richiesta.<br \/>\nCookie. Nessun dato personale degli utenti viene in proposito acquisito dal Sito Web.<br \/>\nNon viene fatto uso di cookie per la trasmissione di informazioni di carattere personale, n\u00e9 vengono utilizzati c.d. cookie persistenti (ad eccezione di quelli di seguito indicati) ovvero sistemi di tracciamento degli utenti.<br \/>\nL&#8217;uso dei c.d. cookie di sessione (che non vengono memorizzati in modo persistente sul computer dell&#8217;utente e svaniscono con la chiusura del browser) \u00e8 limitato esclusivamente alla trasmissione di identificativi di sessione (costituiti da numeri casuali generati dal server) necessari per consentire l&#8217;esplorazione sicura ed efficiente del Sito Web.<br \/>\nI c.d. cookie di sessione utilizzati da questo Sito Web evitano il ricorso ad altre tecniche informatiche potenzialmente pregiudizievoli per la riservatezza della navigazione degli utenti e non consentono l&#8217;acquisizione di dati personali identificativi dell&#8217;utente.<br \/>\nSe hai scelto di rimanere loggato nel Sito Web, un cookie che aiuta a mantenere l&#8217;accesso potrebbe essere memorizzato sul tuo computer.<br \/>\nCookie di geolocalizzazione. Questo Sito Web utilizza sistemi di geolocalizzazione per determinare da dove l&#8217;Utente accede al Sito Web e per decidere automaticamente quale lingua visualizzare, un cookie con tali dati potrebbe essere memorizzato sul tuo computer.<br \/>\nCookie di terze parti. Questo Sito Web potrebbe utilizzare cookie di terze parti per supportare i servizi resi da altri siti Web, come la visualizzazione di video di YouTube, a seconda che tu decida di utilizzare tali servizi e\/o guardare tali video.<\/p>\n<p>&nbsp;<\/p>\n<p><strong>4. FINALIT\u00c0 DEL TRATTAMENTO DEI DATI<\/strong><br \/>\nI dati personali vengono raccolti e trattati da RUPES per le seguenti finalit\u00e0:<br \/>\n1) Per consentire agli utenti di navigare in modo sicuro ed efficace sul Sito Web;<br \/>\n2) Nel caso in cui l&#8217;utente si registri al Sito Web, per consentirgli di scaricare i materiali contenuti nel centro download;<br \/>\n3) Per fornire il servizio di newsletter come da richiesta degli utenti a RUPES;<br \/>\n4) Per fornire il servizio di contatto con RUPES o\/e i suoi distributori come da richiesta degli utenti;<br \/>\n5) Per rispettare leggi, regolamenti o normative comunitarie. 6) Per fornire l&#8217;estensione della garanzia come da richiesta degli utenti a RUPES.<br \/>\n&nbsp;<\/p>\n<p><strong>5. BASI GIURIDICHE DEL TRATTAMENTO<\/strong><\/p>\n<p>Il trattamento dei dati personali effettuato da RUPES per perseguire le finalit\u00e0 di cui all&#8217;art. 4 della presente informativa ha le seguenti basi giuridiche:<\/p>\n<ul style=\"margin-left: 30px;\">\n<li>(art. 6, 1, b) del GDPR): il trattamento \u00e8 necessario all&#8217;esecuzione di un contratto di cui l&#8217;interessato \u00e8 parte o all&#8217;esecuzione di misure precontrattuali adottate su richiesta dello stesso (ad esempio per il servizio di newsletter o per consentire l&#8217;accesso ai contenuti riservati agli utenti registrati al Sito, la fruizione sicura e corretta del Sito); o<\/li>\n<li>(art. 6, 1, c) del GDPR): il trattamento \u00e8 necessario per adempiere un obbligo legale al quale \u00e8 soggetto il titolare del trattamento (ad esempio per l&#8217;adempimento di obblighi fiscali e tributari quali l&#8217;emissione di fatture, documenti doganali, nel caso in cui l&#8217;utente richieda a RUPES la fornitura di beni e\/o servizi che impongano tali obblighi legali); o<\/li>\n<li>\u00a0(art. 6, 1, f) del GDPR): il trattamento \u00e8 necessario per finalit\u00e0 di legittimo interesse perseguito dal titolare del trattamento (ad esempio qualora l&#8217;interessato comunichi i propri dati &#8211; tramite il Sito Web del Titolare, durante fiere o eventi di settore, telefonicamente &#8211; il Titolare ha il legittimo interesse a mantenere il contatto con il proprio cliente o potenziale cliente al fine di inviare loro comunicazioni di marketing diretto, tra cui informazioni sui prodotti, offerte speciali, inviti a eventi formativi, ecc.). In ogni momento l&#8217;interessato potr\u00e0 opporsi al trattamento dei propri dati effettuato per tali finalit\u00e0, comunicando la propria opposizione all&#8217;indirizzo email info_rupes@rupes.it ; oppure<\/li>\n<li>\u00a0(art. 6, 1, a) del GDPR): l&#8217;interessato ha prestato il consenso al trattamento dei propri dati personali per finalit\u00e0 di marketing diretto o indiretto (esclusi i trattamenti totalmente automatizzati e la profilazione a fini commerciali), ecc. In ogni momento l&#8217;interessato potr\u00e0 revocare il proprio consenso e opporsi al trattamento dei propri dati per tale finalit\u00e0, comunicando la propria opposizione all&#8217;indirizzo email: info_rupes@rupes.it<\/li>\n<\/ul>\n<p>&nbsp;<\/p>\n<p><strong>6. MODALIT\u00c0 DEL TRATTAMENTO<\/strong><br \/>\nI dati personali sono trattati con strumenti automatizzati e non automatizzati per il tempo strettamente necessario a conseguire gli scopi per cui sono stati raccolti. Sono implementate misure di sicurezza specifiche per impedire che i dati vengano persi, utilizzati in modo illecito e\/o inappropriato e accessibili senza autorizzazione.<br \/>\n\u00c8 importante ricordare che qualsiasi cosa l&#8217;interessato trasmetta o divulghi online pu\u00f2 essere raccolta e utilizzata da altri o intercettata illecitamente da terze parti. Nessuna trasmissione di dati su Internet pu\u00f2 essere garantita come sicura al 100%. RUPES si impegna a utilizzare mezzi commercialmente ragionevoli per proteggere le informazioni degli interessati, ma non pu\u00f2 garantire la sicurezza di alcuna informazione scambiata.<br \/>\nIl centro download RUPES \u00e8 protetto da password. \u00c8 vietato divulgare la password a chiunque. In nessun momento RUPES chieder\u00e0 la password dell&#8217;utente registrato tramite e-mail. Se l&#8217;utente dovesse mai ricevere tale richiesta, si prega di avvisare immediatamente RUPES. L&#8217;utente registrato \u00e8 l&#8217;unico responsabile del mantenimento della segretezza delle proprie credenziali di autenticazione.<\/p>\n<p><strong>\u00a07.<\/strong> <strong>DURATA DEL TRATTAMENTO DEI DATI<\/strong><\/p>\n<p>I dati personali dell&#8217;utente saranno conservati per un periodo di tempo strettamente necessario al perseguimento delle specifiche finalit\u00e0 di trattamento di cui alla sezione 4 e, in particolare:<\/p>\n<ul style=\"margin-left: 30px;\">\n<li>I dati personali saranno trattati per il periodo necessario all&#8217;esecuzione degli obblighi precontrattuali e contrattuali di RUPES in virt\u00f9 della fornitura di beni e\/o servizi richiesti dall&#8217;utente (ad esempio la newsletter, la fornitura di contenuti riservati agli utenti registrati, la registrazione dell&#8217;estensione di garanzia, ecc.) e, comunque, non oltre il termine previsto dalla legge italiana di prescrizione dei diritti (a titolo di responsabilit\u00e0 contrattuale e\/o extracontrattuale) connessi alla fornitura dei suddetti beni e\/o servizi.<\/li>\n<li>Inoltre, i dati saranno trattati per il periodo necessario all&#8217;adempimento di obblighi di legge o regolamentari (ad esempio l&#8217;obbligo di conservazione dei dati e dei documenti fiscali), in conformit\u00e0 a quanto previsto dalla legge e regolamenti applicabili in modo variabile agli obblighi di tale Titolare.<\/li>\n<li>Nel caso in cui il trattamento dei dati venga effettuato per perseguire un legittimo interesse del Titolare, tale trattamento verr\u00e0 effettuato fino a quando tale legittimo interesse non sussister\u00e0 o fino alla richiesta, da parte Sua, di non consentire pi\u00f9 il trattamento dei Suoi dati per tali finalit\u00e0.<\/li>\n<li>Qualora il trattamento dei dati personali venga effettuato in virt\u00f9 del consenso dell&#8217;utente, tale trattamento verr\u00e0 effettuato per la durata necessaria all&#8217;adempimento del servizio di estensione della garanzia, con la possibilit\u00e0 di riconfermare l&#8217;accettazione del trattamento dei dati dopo ogni 5 giorni dal primo consenso dell&#8217;utente.<\/li>\n<\/ul>\n<p><strong>8. DIRITTI DELL&#8217;INTERESSATO<\/strong><br \/>\nIn qualsiasi momento, i soggetti i cui dati personali sono stati comunicati a RUPES hanno il diritto:<\/p>\n<p><strong>a.<\/strong> di chiedere al Titolare del trattamento l&#8217;accesso ai propri dati personali (vale a dire di sapere se il Titolare sta trattando tali dati), di ottenerne la rettifica o la cancellazione, di limitarne le finalit\u00e0 per cui tali dati sono trattati o di opporsi al loro trattamento, oltre al diritto di ottenerne la portabilit\u00e0.<\/p>\n<p><strong>b.<\/strong> qualora il trattamento sia basato sull&#8217;articolo 6, paragrafo 1, lettera a) (consenso), oppure sull&#8217;articolo 9, paragrafo 2, lettera a) del GDPR, di revocare il proprio consenso in qualsiasi momento senza pregiudicare la liceit\u00e0 del trattamento basata sul consenso prestato prima della revoca.<\/p>\n<p>Tali diritti potranno essere esercitati mediante richiesta da parte dell&#8217;interessato da inviare al seguente indirizzo email: info_rupes@rupes.it<\/p>\n<p>Inoltre, l&#8217;interessato potr\u00e0 proporre reclamo a un&#8217;autorit\u00e0 di controllo, ovvero al Garante per la protezione dei dati personali, mediante raccomandata A\/R inviata a Garante per la protezione dei dati personali, Piazza Monte Citorio, 121 00186 Roma; oppure tramite email all&#8217;indirizzo: garante@gpdp.it, oppure protocollo@pec.gpdp.it; oppure tramite fax al numero: 06\/69677.3785<\/p>\n<p><strong>9. CARATTERE VOLONTARIO O OBBLIGATORIO DEL CONSENSO<br \/>\nPer i trattamenti finalizzati all\u2019esecuzione di obblighi contrattuali o precontrattuali (ad esempio erogazione del servizio di newsletter, accesso a contenuti riservati, registrazione all\u2019estensione di garanzia, ecc.) nonch\u00e9 per adempiere ad obblighi di legge a carico del Titolare, il conferimento dei dati \u00c8 OBBLIGATORIO e l\u2019eventuale rifiuto di fornire tali dati potrebbe comportare la mancata o parziale esecuzione delle prestazioni da parte del Titolare, essendo tali dati essenziali per la completa e corretta esecuzione della prestazione stessa e\/o per l\u2019adempimento di obblighi di legge a carico del Titolare.<\/p>\n<p>Per i trattamenti di dati personali finalizzati al perseguimento di un legittimo interesse del Titolare (ad esempio al fine di mantenere i contatti con i propri clienti mediante invio di offerte, inviti ad eventi formativi, ecc.) IL CONSENSO NON \u00c8 NECESSARIO. Tuttavia, l\u2019utente potr\u00e0 opporsi in ogni momento al trattamento dei propri dati per tali finalit\u00e0, presentando la propria opposizione al seguente indirizzo e-mail: info_rupes@rupes.it<\/p>\n<p>Per i trattamenti effettuati per finalit\u00e0 di marketing diretto o indiretto e in assenza di un legittimo interesse del Titolare, IL CONSENSO \u00c8 VOLONTARIO e potr\u00e0 essere revocato, in ogni momento, inviando una richiesta al Titolare al seguente indirizzo e-mail: info_rupes@rupes.it<\/p>\n<p>Si informa che la revoca del consenso non pregiudica la liceit\u00e0 del trattamento basata sul consenso prestato prima della revoca.<\/p>\n<p>&nbsp;<\/p>\n","protected":false},"excerpt":{"rendered":"<p>LA PRIVACY POLICY DEL SITO WEB DI ESTENSIONE DI GARANZIA RUPES Questa pagina descrive le modalit\u00e0 di gestione del sito web di RUPES S.p.A. a socio unico (\u201cRUPES\u201d) raggiungibile all\u2019indirizzo <\/p>\n","protected":false},"author":1,"featured_media":0,"parent":0,"menu_order":0,"comment_status":"closed","ping_status":"closed","template":"","meta":{"_acf_changed":false,"footnotes":""},"class_list":["post-1001408963","page","type-page","status-publish","hentry"],"acf":{"scegliSlider":"default","addVideoSlider":false,"video":"","full_page":false,"php_code":"","buttons":false,"btn_class":"red","gallery":false},"_links":{"self":[{"href":"https:\/\/www.rupes.com\/it\/wp-json\/wp\/v2\/pages\/1001408963","targetHints":{"allow":["GET"]}}],"collection":[{"href":"https:\/\/www.rupes.com\/it\/wp-json\/wp\/v2\/pages"}],"about":[{"href":"https:\/\/www.rupes.com\/it\/wp-json\/wp\/v2\/types\/page"}],"author":[{"embeddable":true,"href":"https:\/\/www.rupes.com\/it\/wp-json\/wp\/v2\/users\/1"}],"replies":[{"embeddable":true,"href":"https:\/\/www.rupes.com\/it\/wp-json\/wp\/v2\/comments?post=1001408963"}],"version-history":[{"count":2,"href":"https:\/\/www.rupes.com\/it\/wp-json\/wp\/v2\/pages\/1001408963\/revisions"}],"predecessor-version":[{"id":1001408971,"href":"https:\/\/www.rupes.com\/it\/wp-json\/wp\/v2\/pages\/1001408963\/revisions\/1001408971"}],"wp:attachment":[{"href":"https:\/\/www.rupes.com\/it\/wp-json\/wp\/v2\/media?parent=1001408963"}],"curies":[{"name":"wp","href":"https:\/\/api.w.org\/{rel}","templated":true}]}}