{"id":1001392364,"date":"2020-05-11T12:42:12","date_gmt":"2020-05-11T10:42:12","guid":{"rendered":"https:\/\/www.rupes.com\/?page_id=1001392364"},"modified":"2020-05-11T14:21:32","modified_gmt":"2020-05-11T12:21:32","slug":"nuovi-tamponi-di-lucidatura-in-spugna-serie-d-a","status":"publish","type":"page","link":"https:\/\/www.rupes.com\/it\/nuovi-tamponi-di-lucidatura-in-spugna-serie-d-a\/","title":{"rendered":"Nuovi Tamponi di Lucidatura in Spugna &#8211; Serie D-A"},"content":{"rendered":"<p><img fetchpriority=\"high\" decoding=\"async\" class=\"aligncenter size-large wp-image-1001392467\" src=\"https:\/\/www.rupes.com\/wp-content\/uploads\/2020\/05\/D-A-series-polishing-pasd-for-dual-action-foam-2-1024x295.jpg\" alt=\"\" width=\"1024\" height=\"295\" srcset=\"https:\/\/www.rupes.com\/wp-content\/uploads\/2020\/05\/D-A-series-polishing-pasd-for-dual-action-foam-2-1024x295.jpg 1024w, https:\/\/www.rupes.com\/wp-content\/uploads\/2020\/05\/D-A-series-polishing-pasd-for-dual-action-foam-2-300x87.jpg 300w, https:\/\/www.rupes.com\/wp-content\/uploads\/2020\/05\/D-A-series-polishing-pasd-for-dual-action-foam-2-768x221.jpg 768w, https:\/\/www.rupes.com\/wp-content\/uploads\/2020\/05\/D-A-series-polishing-pasd-for-dual-action-foam-2-105x30.jpg 105w, https:\/\/www.rupes.com\/wp-content\/uploads\/2020\/05\/D-A-series-polishing-pasd-for-dual-action-foam-2-200x58.jpg 200w, https:\/\/www.rupes.com\/wp-content\/uploads\/2020\/05\/D-A-series-polishing-pasd-for-dual-action-foam-2-100x29.jpg 100w, https:\/\/www.rupes.com\/wp-content\/uploads\/2020\/05\/D-A-series-polishing-pasd-for-dual-action-foam-2.jpg 1200w\" sizes=\"(max-width: 1024px) 100vw, 1024px\" \/><\/p>\n<p>RUPES introduce i nuovi tamponi di lucidatura in spugna costituiti da nuovi materiali e caratterizzati da un profillo innovativo. I nostri nuovi Tamponi di Lucidatura in Spugna della Serie D-A, esattamente come le corrispondenti paste, si uniscono agli attuali tamponi in spugna per lucidatrici rotorbitali e rotoeccentriche nella linea dei tamponi di lucidatura BigFoot.<\/p>\n<p>La nuova formula brevettata ed il nuovo profilo ribassato sono stati ampiamente testati per garantire alte performance ed un\u2019esperienza di lavoro migliorata con tutti i Sistemi di Lucidatura Orbitali BigFoot. Grazie al nuovo profilo sagomato sar\u00e0 ancora pi\u00f9 semplice lucidare le aree pi\u00f9 complesse e difficili da raggiungere. Il profilo ribassato \u00e8 stato progettato per massimizzare la trasmissione dei movimenti rotoeccentrico e rotorbitale alla superfice di lavoro.<\/p>\n<p>Inoltre, i nuovi tamponi garantiscono una grande esperienza di lavoro riducendo la distanza totale dalla superfice, migliorano la stabilit\u00e0 ed il controllo durante tutte le fasi di lucidatura e aiutano a ridurre la distorsione del tampone causata soprattutto dal movimento e dalla coppia delle lucidatrici rotoeccentriche.<\/p>\n<div class=\"pagedCol\">\n<h2 style=\"text-align:center;color:#000\">TAMPONE BLU IN SPUGNA COARSE<\/h2>\n<p><img decoding=\"async\" class=\"aligncenter size-medium wp-image-1001392457\" src=\"https:\/\/www.rupes.com\/wp-content\/uploads\/2020\/05\/D-A-coarse-polishing-pasd-for-dual-action-side-2-300x97.jpg\" alt=\"\" width=\"300\" height=\"97\" srcset=\"https:\/\/www.rupes.com\/wp-content\/uploads\/2020\/05\/D-A-coarse-polishing-pasd-for-dual-action-side-2-300x97.jpg 300w, https:\/\/www.rupes.com\/wp-content\/uploads\/2020\/05\/D-A-coarse-polishing-pasd-for-dual-action-side-2-1024x331.jpg 1024w, https:\/\/www.rupes.com\/wp-content\/uploads\/2020\/05\/D-A-coarse-polishing-pasd-for-dual-action-side-2-768x248.jpg 768w, https:\/\/www.rupes.com\/wp-content\/uploads\/2020\/05\/D-A-coarse-polishing-pasd-for-dual-action-side-2-105x34.jpg 105w, https:\/\/www.rupes.com\/wp-content\/uploads\/2020\/05\/D-A-coarse-polishing-pasd-for-dual-action-side-2-200x65.jpg 200w, https:\/\/www.rupes.com\/wp-content\/uploads\/2020\/05\/D-A-coarse-polishing-pasd-for-dual-action-side-2-100x32.jpg 100w, https:\/\/www.rupes.com\/wp-content\/uploads\/2020\/05\/D-A-coarse-polishing-pasd-for-dual-action-side-2.jpg 1200w\" sizes=\"(max-width: 300px) 100vw, 300px\" \/><br \/>\nIl Tampone di Lucidatura D-A COARSE \u00e8 appositamente progettato per essere utilizzato con le lucidatrici rotorbitali e rotoeccentriche. Il materiale unico di composizione totalmente nuova a celle aperte garantisce la rimozione di difetti moderati e profondi e pu\u00f2 lavorare su praticamente tutte le tipologie di vernici ad oggi sul mercato. Se combinato con la nuova Pasta Abrasiva D-A COARSE, garantisce un taglio ottimale ed una finitura migliorata.<\/p>\n<p><a class=\"button red\" href=\"https:\/\/www.rupes.com\/it\/product\/high-performance-coarse-cutting-foam-pad-d-a-coarse\/\">Pi\u00f9 Info<\/a>\n<\/div>\n<div class=\"pagedCol\">\n<h2 style=\"text-align:center;color:#000\">TAMPONE GIALLO IN SPUGNA FINE<\/h2>\n<p><img decoding=\"async\" class=\"aligncenter size-medium wp-image-1001392462\" src=\"https:\/\/www.rupes.com\/wp-content\/uploads\/2020\/05\/D-A-fine-polishing-pasd-for-dual-action-side-2-300x97.jpg\" alt=\"\" width=\"300\" height=\"97\" srcset=\"https:\/\/www.rupes.com\/wp-content\/uploads\/2020\/05\/D-A-fine-polishing-pasd-for-dual-action-side-2-300x97.jpg 300w, https:\/\/www.rupes.com\/wp-content\/uploads\/2020\/05\/D-A-fine-polishing-pasd-for-dual-action-side-2-1024x331.jpg 1024w, https:\/\/www.rupes.com\/wp-content\/uploads\/2020\/05\/D-A-fine-polishing-pasd-for-dual-action-side-2-768x248.jpg 768w, https:\/\/www.rupes.com\/wp-content\/uploads\/2020\/05\/D-A-fine-polishing-pasd-for-dual-action-side-2-105x34.jpg 105w, https:\/\/www.rupes.com\/wp-content\/uploads\/2020\/05\/D-A-fine-polishing-pasd-for-dual-action-side-2-200x65.jpg 200w, https:\/\/www.rupes.com\/wp-content\/uploads\/2020\/05\/D-A-fine-polishing-pasd-for-dual-action-side-2-100x32.jpg 100w, https:\/\/www.rupes.com\/wp-content\/uploads\/2020\/05\/D-A-fine-polishing-pasd-for-dual-action-side-2.jpg 1200w\" sizes=\"(max-width: 300px) 100vw, 300px\" \/><\/p>\n<p>Il Tampone in Spugna DA FINE \u00e8 il tampone pi\u00f9 versatile della gamma RUPES BigFoot che garantisce allo stesso tempo un alto livello di rimozione dei difetti ed un\u2019 ottima capacit\u00e0 di finitura sulla maggior parte dei sistemi di vernice. Combinato alla Pasta Abrasiva RUPES DA-FINE, garantisce una rimozione di difetti da moderati a leggeri ed una finitura come step finale dopo pesanti passaggi di lucidatura.<\/p>\n<p><a class=\"button red\" href=\"https:\/\/www.rupes.com\/it\/product\/high-performance-fine-finishing-foam-pad-d-a-fine\/\">Pi\u00f9 Info<\/a>\n<\/div>\n<div class=\"pagedCol\">\n<h2 style=\"text-align:center;color:#000\">TAMPONE BIANCO IN SPUGNA ULTRA-FINE<\/h2>\n<p><img loading=\"lazy\" decoding=\"async\" class=\"aligncenter size-medium wp-image-1001392472\" src=\"https:\/\/www.rupes.com\/wp-content\/uploads\/2020\/05\/D-A-ultrafine-polishing-pasd-for-dual-action-side-1-300x97.jpg\" alt=\"\" width=\"300\" height=\"97\" srcset=\"https:\/\/www.rupes.com\/wp-content\/uploads\/2020\/05\/D-A-ultrafine-polishing-pasd-for-dual-action-side-1-300x97.jpg 300w, https:\/\/www.rupes.com\/wp-content\/uploads\/2020\/05\/D-A-ultrafine-polishing-pasd-for-dual-action-side-1-1024x331.jpg 1024w, https:\/\/www.rupes.com\/wp-content\/uploads\/2020\/05\/D-A-ultrafine-polishing-pasd-for-dual-action-side-1-768x248.jpg 768w, https:\/\/www.rupes.com\/wp-content\/uploads\/2020\/05\/D-A-ultrafine-polishing-pasd-for-dual-action-side-1-105x34.jpg 105w, https:\/\/www.rupes.com\/wp-content\/uploads\/2020\/05\/D-A-ultrafine-polishing-pasd-for-dual-action-side-1-200x65.jpg 200w, https:\/\/www.rupes.com\/wp-content\/uploads\/2020\/05\/D-A-ultrafine-polishing-pasd-for-dual-action-side-1-100x32.jpg 100w, https:\/\/www.rupes.com\/wp-content\/uploads\/2020\/05\/D-A-ultrafine-polishing-pasd-for-dual-action-side-1.jpg 1200w\" sizes=\"(max-width: 300px) 100vw, 300px\" \/><\/p>\n<p>Il Tamponi in Spugna DA ULTRA-FINE rappresenta il materiale pi\u00f9 fine dei nostri tamponi in spugna ed \u00e8 stato progettato per ottenere una finitura ultra lucida anche su vernici opache o molto morbide. La composizione unica del materiale di questo tampone \u00e8 ideale anche per l\u2019applicazione di sigillanti e cere quando non \u00e8 necessaria alcuna correzione dei difetti. Se abbinato al Polish universale UNO Pure, pu\u00f2 rimuovere difetti molto leggeri ed esaltare una finitura perfetta anche sulle superfici pi\u00f9 difficili.<\/p>\n<p><a class=\"button red\" href=\"https:\/\/www.rupes.com\/it\/product\/high-performance-ultra-fine-foam-pad-d-a-ultra-fine\/\">Pi\u00f9 Info<\/a>\n<\/div>\n","protected":false},"excerpt":{"rendered":"<p>RUPES introduce i nuovi tamponi di lucidatura in spugna costituiti da nuovi materiali e caratterizzati da un profillo innovativo. I nostri nuovi Tamponi di Lucidatura in Spugna della Serie D-A, <\/p>\n","protected":false},"author":1,"featured_media":0,"parent":0,"menu_order":0,"comment_status":"closed","ping_status":"closed","template":"page-new-bigfoot-line.php","meta":{"_acf_changed":false,"footnotes":""},"class_list":["post-1001392364","page","type-page","status-publish","hentry"],"acf":{"scegliSlider":"default","addVideoSlider":false,"video":"","full_page":false,"php_code":"","buttons":false,"gallery":false},"_links":{"self":[{"href":"https:\/\/www.rupes.com\/it\/wp-json\/wp\/v2\/pages\/1001392364","targetHints":{"allow":["GET"]}}],"collection":[{"href":"https:\/\/www.rupes.com\/it\/wp-json\/wp\/v2\/pages"}],"about":[{"href":"https:\/\/www.rupes.com\/it\/wp-json\/wp\/v2\/types\/page"}],"author":[{"embeddable":true,"href":"https:\/\/www.rupes.com\/it\/wp-json\/wp\/v2\/users\/1"}],"replies":[{"embeddable":true,"href":"https:\/\/www.rupes.com\/it\/wp-json\/wp\/v2\/comments?post=1001392364"}],"version-history":[{"count":0,"href":"https:\/\/www.rupes.com\/it\/wp-json\/wp\/v2\/pages\/1001392364\/revisions"}],"wp:attachment":[{"href":"https:\/\/www.rupes.com\/it\/wp-json\/wp\/v2\/media?parent=1001392364"}],"curies":[{"name":"wp","href":"https:\/\/api.w.org\/{rel}","templated":true}]}}