{"id":1001354525,"date":"2018-07-23T11:31:03","date_gmt":"2018-07-23T09:31:03","guid":{"rendered":"https:\/\/www.rupes.com\/?page_id=1001354525"},"modified":"2018-07-24T09:34:44","modified_gmt":"2018-07-24T07:34:44","slug":"mondo-rupes","status":"publish","type":"page","link":"https:\/\/www.rupes.com\/it\/mondo-rupes\/","title":{"rendered":"Il Mondo Rupes &#8211; Sempre presenti e aggiornati"},"content":{"rendered":"<h2>Qui elencato troverete tutto il mondo\u00a0 <strong><em>Rupes<\/em><\/strong> del web.<\/h2>\n<p>Il <strong>mondo<\/strong> <em><strong>Rupes<\/strong><\/em> \u00e8 un ecosistema consolidato sul web perch\u00e9 internet \u00e8 sicuramente il sistema per arrivare velocemente a pi\u00f9 persone possibili e \u00a0in questo campo <em><strong>Rupes<\/strong><\/em> \u00e8 molto attivo con sempre <strong>nuovi contenuti<\/strong> e <strong>prodotti<\/strong>, sempre all&#8217;<strong>avanguardia<\/strong> con le <strong>tecnologie<\/strong> non solo <strong>produttive<\/strong> ma anche <strong>comunicative<\/strong>, qui sotto troverete un elenco di come siamo presenti nel web e sui social.<\/p>\n<p><img fetchpriority=\"high\" decoding=\"async\" class=\"size-full wp-image-1001355526 aligncenter\" src=\"https:\/\/www.rupes.com\/wp-content\/uploads\/2018\/07\/rupesWorld.jpg\" alt=\"Mondo Rupes\" width=\"960\" height=\"412\" srcset=\"https:\/\/www.rupes.com\/wp-content\/uploads\/2018\/07\/rupesWorld.jpg 960w, https:\/\/www.rupes.com\/wp-content\/uploads\/2018\/07\/rupesWorld-300x129.jpg 300w, https:\/\/www.rupes.com\/wp-content\/uploads\/2018\/07\/rupesWorld-768x330.jpg 768w\" sizes=\"(max-width: 960px) 100vw, 960px\" \/><\/p>\n<div class=\"dueCol\">\n<h2>Rupes.com<\/h2>\n<p style=\"text-align: center;\"><a href=\"https:\/\/www.rupes.com\"><i class=\"far fa-hand-point-right\"><\/i> www.rupes.com<\/a><\/p>\n<p>Sito Corporate, da questo portale \u00e8 possibile accedere a tutto il mondo <em><strong>Rupes<\/strong><\/em>.<br \/>\nPresente tutto il <a href=\"\/it\/products\/\"><strong>catalogo<\/strong><\/a> dei nostri <strong>elettro utensili professionali<\/strong>, tra cui <strong>smerigliatori<\/strong>, <strong>lucidatrici<\/strong>, <strong>levigatrici<\/strong>,\u00a0 <strong>utensili portatili<\/strong>, la nostra linea famosa <strong>bigfoot<\/strong> e <strong>skorpio<\/strong>, presenti anche i <strong>sistemi di aspirazione portatili<\/strong> e <strong>fissi<\/strong>. Una linea completa di <strong>accessori<\/strong> e una vasta scelta di <strong>consumabili<\/strong>, come <strong>tamponi per lucidatura<\/strong>, <strong>paste abrasive<\/strong> e tanto altro. Tutto questo \u00e8 consultabile nella pagina prodotti.<br \/>\nOltre a una dettagliata e precisa presentazione dei nostri <strong>prodotti professionali<\/strong> \u00e8 possibile tenersi sempre aggiornati sul mondo <em><strong>Rupes<\/strong><\/em> con le notizie sempre aggiornate di <strong>car detailing<\/strong>, <strong>car care<\/strong> \u00e8 ovviamente su prodotti \u00a0e tutto l&#8217;universo <em><strong>Rupes<\/strong><\/em>. Oltre alle <a href=\"\/it\/news\/\">notizie<\/a> dal mondo <em><strong>Rupes<\/strong><\/em> trovate anche le innumerevoli <a href=\"\/it\/reviews\">recensioni<\/a> dei nostri prodotti sparsi in tutto il mondo.<\/p>\n<p>&nbsp;<\/p>\n<h2>RupesUsa.com<\/h2>\n<p style=\"text-align: center;\"><a href=\"http:\/\/www.rupesusa.com\" target=\"_blank\" rel=\"noopener\"><i class=\"far fa-hand-point-right\"><\/i> www.rupesusa.com<\/a><\/p>\n<p>Nel mondo <em><strong>Rupes<\/strong><\/em> questo \u00e8 il sito dedicato alla nostra sede Usa. Qui \u00e8 presente la produzione e distribuzione per gli tutti gli stati usa, oltre alla nostra linea di produzione qui\u00a0prende vita la famosa <strong>Cyclo<\/strong>, <strong>lucidatrice a doppio tampone<\/strong> molto conosciuta in America. Oltre ai prodotti <em><strong>Rupes<\/strong><\/em> qui \u00e8 presente l&#8217;affermata <strong>Bigfoot Accedemy<\/strong>\u00a0 molto proficua con continui corsi e aggiornamenti sui nostri strumenti professionali sempre all&#8217;avanguardia.<\/p>\n<p>&nbsp;<\/p>\n<h2>Distributor.Rupes.com<\/h2>\n<p style=\"text-align: center;\"><a href=\"http:\/\/distributor.rupes.com\" target=\"_blank\" rel=\"noopener\"><i class=\"far fa-hand-point-right\"><\/i> distributor.rupes.com<\/a><\/p>\n<p>Su questo sito \u00e8 presente tutto l&#8217;elenco completo dei nostri <strong>rivenditori<\/strong> <em><strong>Rupes<\/strong><\/em> sparsi per il mondo, potrai consultare con comodit\u00e0 l&#8217;intero elenco e cercare il rivenditore pi\u00f9 vicino alla tua posizione per poterlo contattare direttamente o tramite form di contatto.<\/p>\n<p>&nbsp;<\/p>\n<p>&nbsp;<\/p>\n<h2>Download.Rupes.com<\/h2>\n<p style=\"text-align: center;\"><a href=\"http:\/\/download.rupes.com\" target=\"_blank\" rel=\"noopener\"><i class=\"far fa-hand-point-right\"><\/i> download.rupes.com<\/a><\/p>\n<p>Se hai la necessit\u00e0 di <strong>scaricare immagini<\/strong>, <strong>loghi<\/strong>, <strong>cataloghi<\/strong>, <strong>brochures<\/strong> e altro <strong>materiale Marketing<\/strong>, questo \u00e8 il sito giusto del mondo <em><strong>Rupes<\/strong><\/em>\u00a0 per poterlo fare. Dopo una veloce registrazione e il consenso privacy, subito dopo l&#8217;attivazione potrai scaricare tutto il nostro materiale multimediale sempre aggiornato di contenuti nuovi.<\/p>\n<p>&nbsp;<\/p>\n<h2>BigFootCentre.Rupes.com<\/h2>\n<p style=\"text-align: center;\"><a href=\"http:\/\/bigfootcentre.rupes.com\" target=\"_blank\" rel=\"noopener\"><i class=\"far fa-hand-point-right\"><\/i> bigfootcentre.rupes.com<\/a><\/p>\n<p>Sito del mondo <em><strong>Rupes<\/strong><\/em> dedicato a tutti i nostri <strong>centri di car detailing<\/strong> sponsorizzati <strong>BigFoot<\/strong> che \u00e8 sinonimo di <strong>perfezione e qualit\u00e0<\/strong> nel campo della lucidatura e cura dei dettagli sulle auto, moto, yacht,\u00a0 jet, elicotteri e altro. Con la filosofia <strong>BigFoot Rupes<\/strong> ha cambiato il panorama del car detailing\u00a0 e del restauro raffinando sempre di pi\u00f9 i risultati che si potranno assolutamente avere presso i nostri centri.<\/p>\n<p>&nbsp;<\/p>\n<h2>BigFootRupes.com<\/h2>\n<p style=\"text-align: center;\"><a href=\"http:\/\/www.bigfootrupes.com\" target=\"_blank\" rel=\"noopener\"><i class=\"far fa-hand-point-right\"><\/i> bigfootrupes.com<\/a><\/p>\n<p>Il mondo <em><strong>Rupes<\/strong><\/em> si amplia con un sito dedicato alla vasta <strong>gamma BigFoot<\/strong> oramai consolidata e affermata nel mondo del <strong>car detailing<\/strong> e carrozzeria. Una gamma che comprende oltre ai famosi omonimi <strong>elettro utensili professionali<\/strong>, troviamo tutti gli accessori dedicati per ottenere sempre il miglior risultato possibile con il minor sforzo possibile in tempi brevi.<\/p>\n<p>&nbsp;<\/p>\n<h2>Rupes Social World<\/h2>\n<p>Altre ai siti \u00a0visti poco fa, siamo presenti e proficui sui i pi\u00f9 conosciuti social come facebook e instagram, seguici e sarai sempre costantemente aggiornato sul mondo <em><strong>Rupes<\/strong><\/em>.<\/p>\n<p style=\"text-align: center;\"><a href=\"http:\/\/www.facebook.com\/RUPEStools\" target=\"_blank\" rel=\"noopener\"><i class=\"fab fa-facebook-square\"><\/i> Facebook<\/a> | <a href=\"http:\/\/twitter.com\/RUPESSpA\" target=\"_blank\" rel=\"noopener\"><i class=\"fab fa-twitter-square\"><\/i> Twitter<\/a> | <a href=\"http:\/\/www.linkedin.com\/company\/rupes-s-p-a-\/\" target=\"_blank\" rel=\"noopener\"><i class=\"fab fa-linkedin\"><\/i> Linkedin<\/a> | <a href=\"http:\/\/www.instagram.com\/bigfootrupes\/\" target=\"_blank\" rel=\"noopener\"><i class=\"fab fa-instagram\"><\/i> Instagram<\/a> | <a href=\"http:\/\/www.youtube.com\/user\/rupesspa\" target=\"_blank\" rel=\"noopener\"><i class=\"fab fa-youtube\"><\/i> Youtube<\/a><\/p>\n<\/div>\n","protected":false},"excerpt":{"rendered":"<p>Qui elencato troverete il mondo\u00a0 Rupes web con sempre nuovi contenuti e prodotti, sempre all&#8217;avanguardia con le tecnologie comunicative&#8230;<\/p>\n","protected":false},"author":1,"featured_media":0,"parent":0,"menu_order":0,"comment_status":"closed","ping_status":"closed","template":"","meta":{"_acf_changed":false,"footnotes":""},"class_list":["post-1001354525","page","type-page","status-publish","hentry"],"acf":{"scegliSlider":"disattiva","addVideoSlider":false,"video":"","gallery":false,"full_page":false,"php_code":"","imgSlider":false},"_links":{"self":[{"href":"https:\/\/www.rupes.com\/it\/wp-json\/wp\/v2\/pages\/1001354525","targetHints":{"allow":["GET"]}}],"collection":[{"href":"https:\/\/www.rupes.com\/it\/wp-json\/wp\/v2\/pages"}],"about":[{"href":"https:\/\/www.rupes.com\/it\/wp-json\/wp\/v2\/types\/page"}],"author":[{"embeddable":true,"href":"https:\/\/www.rupes.com\/it\/wp-json\/wp\/v2\/users\/1"}],"replies":[{"embeddable":true,"href":"https:\/\/www.rupes.com\/it\/wp-json\/wp\/v2\/comments?post=1001354525"}],"version-history":[{"count":0,"href":"https:\/\/www.rupes.com\/it\/wp-json\/wp\/v2\/pages\/1001354525\/revisions"}],"wp:attachment":[{"href":"https:\/\/www.rupes.com\/it\/wp-json\/wp\/v2\/media?parent=1001354525"}],"curies":[{"name":"wp","href":"https:\/\/api.w.org\/{rel}","templated":true}]}}