{"id":1001408094,"date":"2024-09-24T13:38:53","date_gmt":"2024-09-24T11:38:53","guid":{"rendered":"https:\/\/www.rupes.com\/?post_type=product&#038;p=1001408094"},"modified":"2025-09-03T08:32:04","modified_gmt":"2025-09-03T06:32:04","slug":"bigfoot-silver-bag","status":"publish","type":"product","link":"https:\/\/www.rupes.com\/fr\/product\/bigfoot-silver-bag\/","title":{"rendered":"BigFoot Silver bag"},"content":{"rendered":"","protected":false},"featured_media":0,"template":"","meta":{"_acf_changed":true},"categoryproduct":[888965422,888965420],"class_list":["post-1001408094","product","type-product","status-publish","hentry","category_product-merchandising-bags","category_product-merchandising"],"acf":{"product_codice":"9.Z1169\/BF","scheda_nuova":true,"contact_form":true,"attiva_flag_new_product":true,"attiva_voice_speech":false,"product_home":"0","attiva_special_message":"disattivo","product_titolo_it":"Borsa Argento RUPES","product_titolo_de":"BigFoot Silber Tasche","product_titolo_fr":"Sac argent\u00e9 BigFoot","product_titolo_es":"Bolsa BigFoot Silver","product_descrizione_en":"<p>A durable, foldable, rectangular carrying bag with the RUPES logo prominently displayed on the side, along with the BigFoot logo. The bag is made from a robust, silver-gray fabric, designed for carrying tools, consumables and accessories. It features a black, adjustable shoulder strap along with two short handles for versatile carrying options. The top of the bag has a zippered closure, providing easy access to the main compartment and to the other internal pockets.<\/p>\n<p>The front includes a small exterior pocket. The bag is designed to be foldable, making it convenient for storage or transport when not in use. This functionality makes it ideal for professionals who require flexibility in transporting and storing detailing and polishing equipment.<\/p>\n<p>Dimensions:<\/p>\n<ul>\n<li>Open bag: 26cm x 50cm x 27cm<\/li>\n<li>Folded bag: 7cm x 50cm x 27cm<\/li>\n<\/ul>\n","product_descrizione_it":"<p>Una borsa rettangolare, resistente e pieghevole con il logo RUPES ben visibile sul lato, insieme al logo BigFoot. La borsa \u00e8 realizzata in un robusto tessuto grigio argento, progettata per trasportare utensili, consumabili e accessori. Dispone di una tracolla nera regolabile e di due maniglie corte per diverse opzioni di trasporto. La parte superiore della borsa ha una chiusura con cerniera che consente un facile accesso al compartimento principale e alle altre tasche interne. Sul davanti \u00e8 presente una piccola tasca esterna.<\/p>\n<p>La borsa \u00e8 progettata per essere pieghevole, rendendola comoda per lo stoccaggio o il trasporto. Questa funzionalit\u00e0 la rende ideale per i professionisti che necessitano di flessibilit\u00e0 nel trasporto e nella conservazione di attrezzature per la lucidatura e il detailing.<\/p>\n<p>Dimensioni:<\/p>\n<ul>\n<li>Borsa aperta: 26cm x 50cm x 27cm<\/li>\n<li>Borsa piegata: 7cm x 50cm x 27cm<\/li>\n<\/ul>\n","product_descrizione_de":"<p>Eine robuste, faltbare, rechteckige Tragetasche mit dem RUPES-Logo auf der Seite sowie dem BigFoot-Logo. Die Tasche besteht aus robustem, silbergrauem Stoff und ist f\u00fcr den Transport von Werkzeugen, Verbrauchsmaterialien und Zubeh\u00f6r konzipiert. Sie verf\u00fcgt \u00fcber einen schwarzen, verstellbaren Schultergurt sowie zwei kurze Griffe f\u00fcr vielseitige Tragem\u00f6glichkeiten. Die Oberseite der Tasche hat einen Rei\u00dfverschluss, der einfachen Zugang zum Hauptfach und zu den anderen Innentaschen bietet.<\/p>\n<p>Die Vorderseite verf\u00fcgt \u00fcber eine kleine Au\u00dfentasche. Die Tasche ist faltbar, sodass sie bei Nichtgebrauch bequem verstaut oder transportiert werden kann. Diese Funktionalit\u00e4t macht sie ideal f\u00fcr Profis, die Flexibilit\u00e4t beim Transport und der Aufbewahrung von Detaillierungs- und Polierger\u00e4ten ben\u00f6tigen.<\/p>\n<p>Abmessungen:<\/p>\n<p>Offene Tasche: 26 cm x 50 cm x 27 cm<br \/>\nGefaltete Tasche: 7 cm x 50 cm x 27 cm<\/p>\n","product_descrizione_fr":"<p>Un sac de transport rectangulaire, pliable et r\u00e9sistant, avec le logo RUPES bien visible sur le c\u00f4t\u00e9, ainsi que le logo BigFoot. Le sac est fabriqu\u00e9 dans un tissu gris argent\u00e9 robuste, con\u00e7u pour transporter des outils, des consommables et des accessoires. Il est dot\u00e9 d&rsquo;une bandouli\u00e8re noire r\u00e9glable ainsi que de deux poign\u00e9es courtes pour des options de transport polyvalentes. Le haut du sac est dot\u00e9 d&rsquo;une fermeture \u00e0 glissi\u00e8re, offrant un acc\u00e8s facile au compartiment principal et aux autres poches int\u00e9rieures.<\/p>\n<p>L&rsquo;avant comprend une petite poche ext\u00e9rieure. Le sac est con\u00e7u pour \u00eatre pliable, ce qui le rend pratique pour le stockage ou le transport lorsqu&rsquo;il n&rsquo;est pas utilis\u00e9. Cette fonctionnalit\u00e9 le rend id\u00e9al pour les professionnels qui ont besoin de flexibilit\u00e9 pour transporter et stocker du mat\u00e9riel de finition et de polissage.<\/p>\n<p>Dimensions :<\/p>\n<p>Sac ouvert : 26 cm x 50 cm x 27 cm<br \/>\nSac pli\u00e9 : 7 cm x 50 cm x 27 cm<\/p>\n","product_descrizione_es":"<p>Bolsa de transporte duradera, plegable y rectangular con el logotipo de RUPES en un lugar destacado en el lateral, junto con el logotipo de BigFoot. La bolsa est\u00e1 hecha de un tejido resistente de color gris plateado, dise\u00f1ado para transportar herramientas, consumibles y accesorios. Cuenta con una correa de hombro ajustable de color negro junto con dos asas cortas para opciones de transporte vers\u00e1tiles. La parte superior de la bolsa tiene un cierre con cremallera, lo que proporciona un f\u00e1cil acceso al compartimento principal y a los dem\u00e1s bolsillos internos.<\/p>\n<p>La parte delantera incluye un peque\u00f1o bolsillo exterior. La bolsa est\u00e1 dise\u00f1ada para ser plegable, lo que la hace c\u00f3moda para guardarla o transportarla cuando no se utiliza. Esta funcionalidad la hace ideal para profesionales que requieren flexibilidad para transportar y almacenar equipos de detallado y pulido.<\/p>\n<p>Dimensiones:<\/p>\n<p>Bolsa abierta: 26 cm x 50 cm x 27 cm<br \/>\nBolsa plegada: 7 cm x 50 cm x 27 cm<\/p>\n","product_scheda_en":"","product_scheda_it":"","product_scheda_de":"","product_scheda_fr":"","product_scheda_es":"","thumb":false,"gallery":[{"ID":1001409685,"id":1001409685,"title":"NEW-SILVER-BAG_9Z1169BF","filename":"NEW-SILVER-BAG_9Z1169BF.jpg","filesize":93580,"url":"https:\/\/www.rupes.com\/wp-content\/uploads\/2024\/09\/NEW-SILVER-BAG_9Z1169BF.jpg","link":"https:\/\/www.rupes.com\/fr\/product\/bigfoot-silver-bag\/new-silver-bag_9z1169bf-2\/","alt":"","author":"1","description":"","caption":"","name":"new-silver-bag_9z1169bf-2","status":"inherit","uploaded_to":1001408094,"date":"2025-09-01 15:00:34","modified":"2025-09-01 15:00:34","menu_order":0,"mime_type":"image\/jpeg","type":"image","subtype":"jpeg","icon":"https:\/\/www.rupes.com\/wp-includes\/images\/media\/default.png","width":1200,"height":800,"sizes":{"thumbnail":"https:\/\/www.rupes.com\/wp-content\/uploads\/2024\/09\/NEW-SILVER-BAG_9Z1169BF-150x150.jpg","thumbnail-width":150,"thumbnail-height":150,"medium":"https:\/\/www.rupes.com\/wp-content\/uploads\/2024\/09\/NEW-SILVER-BAG_9Z1169BF-300x200.jpg","medium-width":300,"medium-height":200,"medium_large":"https:\/\/www.rupes.com\/wp-content\/uploads\/2024\/09\/NEW-SILVER-BAG_9Z1169BF-768x512.jpg","medium_large-width":768,"medium_large-height":512,"large":"https:\/\/www.rupes.com\/wp-content\/uploads\/2024\/09\/NEW-SILVER-BAG_9Z1169BF-1024x683.jpg","large-width":1024,"large-height":683,"1536x1536":"https:\/\/www.rupes.com\/wp-content\/uploads\/2024\/09\/NEW-SILVER-BAG_9Z1169BF.jpg","1536x1536-width":1200,"1536x1536-height":800,"2048x2048":"https:\/\/www.rupes.com\/wp-content\/uploads\/2024\/09\/NEW-SILVER-BAG_9Z1169BF.jpg","2048x2048-width":1200,"2048x2048-height":800,"thumb_news":"https:\/\/www.rupes.com\/wp-content\/uploads\/2024\/09\/NEW-SILVER-BAG_9Z1169BF-350x200.jpg","thumb_news-width":350,"thumb_news-height":200,"boxhome_small":"https:\/\/www.rupes.com\/wp-content\/uploads\/2024\/09\/NEW-SILVER-BAG_9Z1169BF-200x100.jpg","boxhome_small-width":200,"boxhome_small-height":100,"boxhome_medium":"https:\/\/www.rupes.com\/wp-content\/uploads\/2024\/09\/NEW-SILVER-BAG_9Z1169BF-300x150.jpg","boxhome_medium-width":300,"boxhome_medium-height":150,"boxhome_large":"https:\/\/www.rupes.com\/wp-content\/uploads\/2024\/09\/NEW-SILVER-BAG_9Z1169BF-450x200.jpg","boxhome_large-width":450,"boxhome_large-height":200,"boxproducts_large":"https:\/\/www.rupes.com\/wp-content\/uploads\/2024\/09\/NEW-SILVER-BAG_9Z1169BF-1200x700.jpg","boxproducts_large-width":1200,"boxproducts_large-height":700,"boxproducts_midlarge":"https:\/\/www.rupes.com\/wp-content\/uploads\/2024\/09\/NEW-SILVER-BAG_9Z1169BF-1200x560.jpg","boxproducts_midlarge-width":1200,"boxproducts_midlarge-height":560,"boxproducts_medium":"https:\/\/www.rupes.com\/wp-content\/uploads\/2024\/09\/NEW-SILVER-BAG_9Z1169BF-1024x450.jpg","boxproducts_medium-width":1024,"boxproducts_medium-height":450,"boxproducts_small":"https:\/\/www.rupes.com\/wp-content\/uploads\/2024\/09\/NEW-SILVER-BAG_9Z1169BF-700x305.jpg","boxproducts_small-width":700,"boxproducts_small-height":305,"boxproducts_mobile":"https:\/\/www.rupes.com\/wp-content\/uploads\/2024\/09\/NEW-SILVER-BAG_9Z1169BF-400x175.jpg","boxproducts_mobile-width":400,"boxproducts_mobile-height":175,"product_thumb":"https:\/\/www.rupes.com\/wp-content\/uploads\/2024\/09\/NEW-SILVER-BAG_9Z1169BF-300x200.jpg","product_thumb-width":300,"product_thumb-height":200,"product_home":"https:\/\/www.rupes.com\/wp-content\/uploads\/2024\/09\/NEW-SILVER-BAG_9Z1169BF-1200x700.jpg","product_home-width":1200,"product_home-height":700,"gallery_first":"https:\/\/www.rupes.com\/wp-content\/uploads\/2024\/09\/NEW-SILVER-BAG_9Z1169BF-750x500.jpg","gallery_first-width":750,"gallery_first-height":500,"gallery_thumb":"https:\/\/www.rupes.com\/wp-content\/uploads\/2024\/09\/NEW-SILVER-BAG_9Z1169BF-105x70.jpg","gallery_thumb-width":105,"gallery_thumb-height":70,"category_image":"https:\/\/www.rupes.com\/wp-content\/uploads\/2024\/09\/NEW-SILVER-BAG_9Z1169BF-200x133.jpg","category_image-width":200,"category_image-height":133,"category_thumb":"https:\/\/www.rupes.com\/wp-content\/uploads\/2024\/09\/NEW-SILVER-BAG_9Z1169BF-100x67.jpg","category_thumb-width":100,"category_thumb-height":67}},{"ID":1001409690,"id":1001409690,"title":"2025_09_NEW-SILVER-BAG_9Z1169BF_2","filename":"2025_09_NEW-SILVER-BAG_9Z1169BF_2.jpg","filesize":128806,"url":"https:\/\/www.rupes.com\/wp-content\/uploads\/2024\/09\/2025_09_NEW-SILVER-BAG_9Z1169BF_2.jpg","link":"https:\/\/www.rupes.com\/fr\/product\/bigfoot-silver-bag\/2025_09_new-silver-bag_9z1169bf_2-2\/","alt":"","author":"1","description":"","caption":"","name":"2025_09_new-silver-bag_9z1169bf_2-2","status":"inherit","uploaded_to":1001408094,"date":"2025-09-03 06:31:33","modified":"2025-09-03 06:31:46","menu_order":0,"mime_type":"image\/jpeg","type":"image","subtype":"jpeg","icon":"https:\/\/www.rupes.com\/wp-includes\/images\/media\/default.png","width":1200,"height":800,"sizes":{"thumbnail":"https:\/\/www.rupes.com\/wp-content\/uploads\/2024\/09\/2025_09_NEW-SILVER-BAG_9Z1169BF_2-150x150.jpg","thumbnail-width":150,"thumbnail-height":150,"medium":"https:\/\/www.rupes.com\/wp-content\/uploads\/2024\/09\/2025_09_NEW-SILVER-BAG_9Z1169BF_2-300x200.jpg","medium-width":300,"medium-height":200,"medium_large":"https:\/\/www.rupes.com\/wp-content\/uploads\/2024\/09\/2025_09_NEW-SILVER-BAG_9Z1169BF_2-768x512.jpg","medium_large-width":768,"medium_large-height":512,"large":"https:\/\/www.rupes.com\/wp-content\/uploads\/2024\/09\/2025_09_NEW-SILVER-BAG_9Z1169BF_2-1024x683.jpg","large-width":1024,"large-height":683,"1536x1536":"https:\/\/www.rupes.com\/wp-content\/uploads\/2024\/09\/2025_09_NEW-SILVER-BAG_9Z1169BF_2.jpg","1536x1536-width":1200,"1536x1536-height":800,"2048x2048":"https:\/\/www.rupes.com\/wp-content\/uploads\/2024\/09\/2025_09_NEW-SILVER-BAG_9Z1169BF_2.jpg","2048x2048-width":1200,"2048x2048-height":800,"thumb_news":"https:\/\/www.rupes.com\/wp-content\/uploads\/2024\/09\/2025_09_NEW-SILVER-BAG_9Z1169BF_2-350x200.jpg","thumb_news-width":350,"thumb_news-height":200,"boxhome_small":"https:\/\/www.rupes.com\/wp-content\/uploads\/2024\/09\/2025_09_NEW-SILVER-BAG_9Z1169BF_2-200x100.jpg","boxhome_small-width":200,"boxhome_small-height":100,"boxhome_medium":"https:\/\/www.rupes.com\/wp-content\/uploads\/2024\/09\/2025_09_NEW-SILVER-BAG_9Z1169BF_2-300x150.jpg","boxhome_medium-width":300,"boxhome_medium-height":150,"boxhome_large":"https:\/\/www.rupes.com\/wp-content\/uploads\/2024\/09\/2025_09_NEW-SILVER-BAG_9Z1169BF_2-450x200.jpg","boxhome_large-width":450,"boxhome_large-height":200,"boxproducts_large":"https:\/\/www.rupes.com\/wp-content\/uploads\/2024\/09\/2025_09_NEW-SILVER-BAG_9Z1169BF_2-1200x700.jpg","boxproducts_large-width":1200,"boxproducts_large-height":700,"boxproducts_midlarge":"https:\/\/www.rupes.com\/wp-content\/uploads\/2024\/09\/2025_09_NEW-SILVER-BAG_9Z1169BF_2-1200x560.jpg","boxproducts_midlarge-width":1200,"boxproducts_midlarge-height":560,"boxproducts_medium":"https:\/\/www.rupes.com\/wp-content\/uploads\/2024\/09\/2025_09_NEW-SILVER-BAG_9Z1169BF_2-1024x450.jpg","boxproducts_medium-width":1024,"boxproducts_medium-height":450,"boxproducts_small":"https:\/\/www.rupes.com\/wp-content\/uploads\/2024\/09\/2025_09_NEW-SILVER-BAG_9Z1169BF_2-700x305.jpg","boxproducts_small-width":700,"boxproducts_small-height":305,"boxproducts_mobile":"https:\/\/www.rupes.com\/wp-content\/uploads\/2024\/09\/2025_09_NEW-SILVER-BAG_9Z1169BF_2-400x175.jpg","boxproducts_mobile-width":400,"boxproducts_mobile-height":175,"product_thumb":"https:\/\/www.rupes.com\/wp-content\/uploads\/2024\/09\/2025_09_NEW-SILVER-BAG_9Z1169BF_2-300x200.jpg","product_thumb-width":300,"product_thumb-height":200,"product_home":"https:\/\/www.rupes.com\/wp-content\/uploads\/2024\/09\/2025_09_NEW-SILVER-BAG_9Z1169BF_2-1200x700.jpg","product_home-width":1200,"product_home-height":700,"gallery_first":"https:\/\/www.rupes.com\/wp-content\/uploads\/2024\/09\/2025_09_NEW-SILVER-BAG_9Z1169BF_2-750x500.jpg","gallery_first-width":750,"gallery_first-height":500,"gallery_thumb":"https:\/\/www.rupes.com\/wp-content\/uploads\/2024\/09\/2025_09_NEW-SILVER-BAG_9Z1169BF_2-105x70.jpg","gallery_thumb-width":105,"gallery_thumb-height":70,"category_image":"https:\/\/www.rupes.com\/wp-content\/uploads\/2024\/09\/2025_09_NEW-SILVER-BAG_9Z1169BF_2-200x133.jpg","category_image-width":200,"category_image-height":133,"category_thumb":"https:\/\/www.rupes.com\/wp-content\/uploads\/2024\/09\/2025_09_NEW-SILVER-BAG_9Z1169BF_2-100x67.jpg","category_thumb-width":100,"category_thumb-height":67}},{"ID":1001409695,"id":1001409695,"title":"2025_09_NEW-SILVER-BAG_9Z1169BF_3","filename":"2025_09_NEW-SILVER-BAG_9Z1169BF_3.jpg","filesize":97744,"url":"https:\/\/www.rupes.com\/wp-content\/uploads\/2024\/09\/2025_09_NEW-SILVER-BAG_9Z1169BF_3.jpg","link":"https:\/\/www.rupes.com\/fr\/product\/bigfoot-silver-bag\/2025_09_new-silver-bag_9z1169bf_3-2\/","alt":"","author":"1","description":"","caption":"","name":"2025_09_new-silver-bag_9z1169bf_3-2","status":"inherit","uploaded_to":1001408094,"date":"2025-09-03 06:31:38","modified":"2025-09-03 06:31:38","menu_order":0,"mime_type":"image\/jpeg","type":"image","subtype":"jpeg","icon":"https:\/\/www.rupes.com\/wp-includes\/images\/media\/default.png","width":1200,"height":800,"sizes":{"thumbnail":"https:\/\/www.rupes.com\/wp-content\/uploads\/2024\/09\/2025_09_NEW-SILVER-BAG_9Z1169BF_3-150x150.jpg","thumbnail-width":150,"thumbnail-height":150,"medium":"https:\/\/www.rupes.com\/wp-content\/uploads\/2024\/09\/2025_09_NEW-SILVER-BAG_9Z1169BF_3-300x200.jpg","medium-width":300,"medium-height":200,"medium_large":"https:\/\/www.rupes.com\/wp-content\/uploads\/2024\/09\/2025_09_NEW-SILVER-BAG_9Z1169BF_3-768x512.jpg","medium_large-width":768,"medium_large-height":512,"large":"https:\/\/www.rupes.com\/wp-content\/uploads\/2024\/09\/2025_09_NEW-SILVER-BAG_9Z1169BF_3-1024x683.jpg","large-width":1024,"large-height":683,"1536x1536":"https:\/\/www.rupes.com\/wp-content\/uploads\/2024\/09\/2025_09_NEW-SILVER-BAG_9Z1169BF_3.jpg","1536x1536-width":1200,"1536x1536-height":800,"2048x2048":"https:\/\/www.rupes.com\/wp-content\/uploads\/2024\/09\/2025_09_NEW-SILVER-BAG_9Z1169BF_3.jpg","2048x2048-width":1200,"2048x2048-height":800,"thumb_news":"https:\/\/www.rupes.com\/wp-content\/uploads\/2024\/09\/2025_09_NEW-SILVER-BAG_9Z1169BF_3-350x200.jpg","thumb_news-width":350,"thumb_news-height":200,"boxhome_small":"https:\/\/www.rupes.com\/wp-content\/uploads\/2024\/09\/2025_09_NEW-SILVER-BAG_9Z1169BF_3-200x100.jpg","boxhome_small-width":200,"boxhome_small-height":100,"boxhome_medium":"https:\/\/www.rupes.com\/wp-content\/uploads\/2024\/09\/2025_09_NEW-SILVER-BAG_9Z1169BF_3-300x150.jpg","boxhome_medium-width":300,"boxhome_medium-height":150,"boxhome_large":"https:\/\/www.rupes.com\/wp-content\/uploads\/2024\/09\/2025_09_NEW-SILVER-BAG_9Z1169BF_3-450x200.jpg","boxhome_large-width":450,"boxhome_large-height":200,"boxproducts_large":"https:\/\/www.rupes.com\/wp-content\/uploads\/2024\/09\/2025_09_NEW-SILVER-BAG_9Z1169BF_3-1200x700.jpg","boxproducts_large-width":1200,"boxproducts_large-height":700,"boxproducts_midlarge":"https:\/\/www.rupes.com\/wp-content\/uploads\/2024\/09\/2025_09_NEW-SILVER-BAG_9Z1169BF_3-1200x560.jpg","boxproducts_midlarge-width":1200,"boxproducts_midlarge-height":560,"boxproducts_medium":"https:\/\/www.rupes.com\/wp-content\/uploads\/2024\/09\/2025_09_NEW-SILVER-BAG_9Z1169BF_3-1024x450.jpg","boxproducts_medium-width":1024,"boxproducts_medium-height":450,"boxproducts_small":"https:\/\/www.rupes.com\/wp-content\/uploads\/2024\/09\/2025_09_NEW-SILVER-BAG_9Z1169BF_3-700x305.jpg","boxproducts_small-width":700,"boxproducts_small-height":305,"boxproducts_mobile":"https:\/\/www.rupes.com\/wp-content\/uploads\/2024\/09\/2025_09_NEW-SILVER-BAG_9Z1169BF_3-400x175.jpg","boxproducts_mobile-width":400,"boxproducts_mobile-height":175,"product_thumb":"https:\/\/www.rupes.com\/wp-content\/uploads\/2024\/09\/2025_09_NEW-SILVER-BAG_9Z1169BF_3-300x200.jpg","product_thumb-width":300,"product_thumb-height":200,"product_home":"https:\/\/www.rupes.com\/wp-content\/uploads\/2024\/09\/2025_09_NEW-SILVER-BAG_9Z1169BF_3-1200x700.jpg","product_home-width":1200,"product_home-height":700,"gallery_first":"https:\/\/www.rupes.com\/wp-content\/uploads\/2024\/09\/2025_09_NEW-SILVER-BAG_9Z1169BF_3-750x500.jpg","gallery_first-width":750,"gallery_first-height":500,"gallery_thumb":"https:\/\/www.rupes.com\/wp-content\/uploads\/2024\/09\/2025_09_NEW-SILVER-BAG_9Z1169BF_3-105x70.jpg","gallery_thumb-width":105,"gallery_thumb-height":70,"category_image":"https:\/\/www.rupes.com\/wp-content\/uploads\/2024\/09\/2025_09_NEW-SILVER-BAG_9Z1169BF_3-200x133.jpg","category_image-width":200,"category_image-height":133,"category_thumb":"https:\/\/www.rupes.com\/wp-content\/uploads\/2024\/09\/2025_09_NEW-SILVER-BAG_9Z1169BF_3-100x67.jpg","category_thumb-width":100,"category_thumb-height":67}},{"ID":1001408116,"id":1001408116,"title":"bigfoot-silver-bag_5","filename":"bigfoot-silver-bag_5.jpg","filesize":156229,"url":"https:\/\/www.rupes.com\/wp-content\/uploads\/2024\/09\/bigfoot-silver-bag_5.jpg","link":"https:\/\/www.rupes.com\/fr\/product\/bigfoot-silver-bag\/bigfoot-silver-bag_5-2\/","alt":"","author":"1","description":"","caption":"","name":"bigfoot-silver-bag_5-2","status":"inherit","uploaded_to":1001408094,"date":"2024-09-24 11:29:31","modified":"2024-09-24 11:29:44","menu_order":0,"mime_type":"image\/jpeg","type":"image","subtype":"jpeg","icon":"https:\/\/www.rupes.com\/wp-includes\/images\/media\/default.png","width":1200,"height":800,"sizes":{"thumbnail":"https:\/\/www.rupes.com\/wp-content\/uploads\/2024\/09\/bigfoot-silver-bag_5-150x150.jpg","thumbnail-width":150,"thumbnail-height":150,"medium":"https:\/\/www.rupes.com\/wp-content\/uploads\/2024\/09\/bigfoot-silver-bag_5-300x200.jpg","medium-width":300,"medium-height":200,"medium_large":"https:\/\/www.rupes.com\/wp-content\/uploads\/2024\/09\/bigfoot-silver-bag_5-768x512.jpg","medium_large-width":768,"medium_large-height":512,"large":"https:\/\/www.rupes.com\/wp-content\/uploads\/2024\/09\/bigfoot-silver-bag_5-1024x683.jpg","large-width":1024,"large-height":683,"1536x1536":"https:\/\/www.rupes.com\/wp-content\/uploads\/2024\/09\/bigfoot-silver-bag_5.jpg","1536x1536-width":1200,"1536x1536-height":800,"2048x2048":"https:\/\/www.rupes.com\/wp-content\/uploads\/2024\/09\/bigfoot-silver-bag_5.jpg","2048x2048-width":1200,"2048x2048-height":800,"thumb_news":"https:\/\/www.rupes.com\/wp-content\/uploads\/2024\/09\/bigfoot-silver-bag_5-350x200.jpg","thumb_news-width":350,"thumb_news-height":200,"boxhome_small":"https:\/\/www.rupes.com\/wp-content\/uploads\/2024\/09\/bigfoot-silver-bag_5-200x100.jpg","boxhome_small-width":200,"boxhome_small-height":100,"boxhome_medium":"https:\/\/www.rupes.com\/wp-content\/uploads\/2024\/09\/bigfoot-silver-bag_5-300x150.jpg","boxhome_medium-width":300,"boxhome_medium-height":150,"boxhome_large":"https:\/\/www.rupes.com\/wp-content\/uploads\/2024\/09\/bigfoot-silver-bag_5-450x200.jpg","boxhome_large-width":450,"boxhome_large-height":200,"boxproducts_large":"https:\/\/www.rupes.com\/wp-content\/uploads\/2024\/09\/bigfoot-silver-bag_5-1200x700.jpg","boxproducts_large-width":1200,"boxproducts_large-height":700,"boxproducts_midlarge":"https:\/\/www.rupes.com\/wp-content\/uploads\/2024\/09\/bigfoot-silver-bag_5-1200x560.jpg","boxproducts_midlarge-width":1200,"boxproducts_midlarge-height":560,"boxproducts_medium":"https:\/\/www.rupes.com\/wp-content\/uploads\/2024\/09\/bigfoot-silver-bag_5-1024x450.jpg","boxproducts_medium-width":1024,"boxproducts_medium-height":450,"boxproducts_small":"https:\/\/www.rupes.com\/wp-content\/uploads\/2024\/09\/bigfoot-silver-bag_5-700x305.jpg","boxproducts_small-width":700,"boxproducts_small-height":305,"boxproducts_mobile":"https:\/\/www.rupes.com\/wp-content\/uploads\/2024\/09\/bigfoot-silver-bag_5-400x175.jpg","boxproducts_mobile-width":400,"boxproducts_mobile-height":175,"product_thumb":"https:\/\/www.rupes.com\/wp-content\/uploads\/2024\/09\/bigfoot-silver-bag_5-300x200.jpg","product_thumb-width":300,"product_thumb-height":200,"product_home":"https:\/\/www.rupes.com\/wp-content\/uploads\/2024\/09\/bigfoot-silver-bag_5-1200x700.jpg","product_home-width":1200,"product_home-height":700,"gallery_first":"https:\/\/www.rupes.com\/wp-content\/uploads\/2024\/09\/bigfoot-silver-bag_5-750x500.jpg","gallery_first-width":750,"gallery_first-height":500,"gallery_thumb":"https:\/\/www.rupes.com\/wp-content\/uploads\/2024\/09\/bigfoot-silver-bag_5-105x70.jpg","gallery_thumb-width":105,"gallery_thumb-height":70,"category_image":"https:\/\/www.rupes.com\/wp-content\/uploads\/2024\/09\/bigfoot-silver-bag_5-200x133.jpg","category_image-width":200,"category_image-height":133,"category_thumb":"https:\/\/www.rupes.com\/wp-content\/uploads\/2024\/09\/bigfoot-silver-bag_5-100x67.jpg","category_thumb-width":100,"category_thumb-height":67}}],"videos":false,"files":[{"label":"flyers","etichetta_en":"","etichetta_it":"","etichetta_de":"","etichetta_fr":"","etichetta_es":"","multilingua":"no","file":false,"url_file":"","file_or_url":"file","file_it":false,"url_it":"","file_or_url_it":"file","file_de":false,"url_de":"","file_or_url_de":"file","file_fr":false,"url_fr":"","file_or_url_fr":"file","file_es":false,"url_es":"","file_or_url_es":"file"}],"product_b2b_code":"","product_b2b_pdf":"","code_usermanuals":"","code_usermanuals_usa":"","blocco_dimensione":false,"varianti":false,"kit_vendita":false,"blocchi_prodotti_correlati":[{"iconablocco":"fas fa-retweet","seleziona_i_prodotti":[1001384143],"label":"alternatives","titolo_correlato_en":"","titolo_correlato_it":"","titolo_correlato_de":"","titolo_correlato_fr":"","titolo_correlato_es":""}],"seleziona_tag_notizie":false,"google_review_link":"","seleziona_le_recensioni":"","attiva_collegamento":false,"escludi_scheda_sicurezza":false},"_links":{"self":[{"href":"https:\/\/www.rupes.com\/fr\/wp-json\/wp\/v2\/products\/1001408094","targetHints":{"allow":["GET"]}}],"collection":[{"href":"https:\/\/www.rupes.com\/fr\/wp-json\/wp\/v2\/products"}],"about":[{"href":"https:\/\/www.rupes.com\/fr\/wp-json\/wp\/v2\/types\/product"}],"wp:attachment":[{"href":"https:\/\/www.rupes.com\/fr\/wp-json\/wp\/v2\/media?parent=1001408094"}],"wp:term":[{"taxonomy":"category_product","embeddable":true,"href":"https:\/\/www.rupes.com\/fr\/wp-json\/wp\/v2\/categoryproduct?post=1001408094"}],"curies":[{"name":"wp","href":"https:\/\/api.w.org\/{rel}","templated":true}]}}