{"id":1001401372,"date":"2022-10-21T08:36:30","date_gmt":"2022-10-21T06:36:30","guid":{"rendered":"https:\/\/www.rupes.com\/?post_type=product&#038;p=1001401372"},"modified":"2026-01-23T09:27:18","modified_gmt":"2026-01-23T08:27:18","slug":"reveal-strong-residue-remover","status":"publish","type":"product","link":"https:\/\/www.rupes.com\/fr\/product\/reveal-strong-residue-remover\/","title":{"rendered":"REVEAL STRONG &#8211; RESIDUE REMOVER"},"content":{"rendered":"","protected":false},"featured_media":0,"template":"","meta":{"_acf_changed":false},"categoryproduct":[888965158,888965156],"class_list":["post-1001401372","product","type-product","status-publish","hentry","category_product-consumables-car-care-products","category_product-consumables"],"acf":{"product_codice":"9.REVEALH","scheda_nuova":true,"contact_form":true,"attiva_flag_new_product":false,"attiva_voice_speech":true,"product_home":"0","attiva_special_message":"disattivo","product_titolo_it":"","product_titolo_de":"","product_titolo_fr":"","product_titolo_es":"","product_descrizione_en":"<p><strong>REVEAL STRONG<\/strong> is formulated to remove the most stubborn residues, durable fillers, adhesives, surface oils; <strong>REVEAL STRONG<\/strong> shows you the true nature of the surface by removing anything that can mask defects.<\/p>\n<p>The powerful formula is intended only for use on fully cured paint, hard and chemical resistant surfaces, or similar applications.<\/p>\n<p>Tips for Success:<\/p>\n<ol>\n<li>REVEAL STRONG, spray onto a towel then wipe, do not spray directly on the surface<\/li>\n<li>Wipe immediately with a clean, soft, microfiber polishing cloth until dry.<\/li>\n<li>Inspect surface and repeat treatment as necessary.<\/li>\n<\/ol>\n","product_descrizione_it":"<p><strong>REVEAL STRONG<\/strong> \u00e8 stato formulato per rimuovere i residui pi\u00f9 ostinati, stucchi, adesivi, residui oleosi; <strong>REVEAL STRONG<\/strong> mostra le reali condizioni della superficie da lucidare, rimuovendo tutto ci\u00f2 che pu\u00f2 mascherare i difetti.<\/p>\n<p>La formula \u00e8 stata sviluppata esclusivamente per un utilizzo su vernici completamente polimerizzate, dure e resistenti agli agenti chimici o applicazioni simili.<\/p>\n<p>&nbsp;<\/p>\n<ol>\n<li>REVEAL STRONG, applicare sempre su un panno e non direttamente sulla superficie.<\/li>\n<li>Pulire immediatamente con un panno per lucidatura in microfibra pulito e morbido fino a quando il prodotto non si sar\u00e0 asciugato.<\/li>\n<li>Ispezionare la superficie e ripetere il trattamento se necessario.<\/li>\n<\/ol>\n<p>&nbsp;<\/p>\n","product_descrizione_de":"<p><strong>REVEAL STRONG<\/strong> wurde formuliert, um die hartn\u00e4ckigsten R\u00fcckst\u00e4nde, F\u00fcllstoffe, Klebstoffe und \u00f6ligen R\u00fcckst\u00e4nde zu entfernen; REVEAL STRONG zeigt den realen Zustand der zu polierenden Oberfl\u00e4che und entfernt alles, was Defekte \u00fcberdecken kann. Die Formel wurde ausschlie\u00dflich f\u00fcr den Einsatz auf komplett ausgeh\u00e4rteten Lacken entwickelt, hart und best\u00e4ndig gegen Chemikalien oder \u00e4hnliche Anwendungen.<\/p>\n<p><strong>Hinweise zur korrekten Anwendung von REVEAL STRONG:<\/strong><br \/>\n1. REVEAL STRONG immer auf ein Tuch auftragen und nicht direkt auf der Oberfl\u00e4che.<br \/>\n2. Sofort mit einem sauberen und weichen Mikrofaser-Poliertuch abwischen, bis das Produkt nicht ausgetrocknet ist.<br \/>\n3. \u00dcberpr\u00fcfen Sie die Oberfl\u00e4che und wiederholen Sie die Behandlung bei Bedarf.<\/p>\n","product_descrizione_fr":"","product_descrizione_es":"","product_scheda_en":"","product_scheda_it":"","product_scheda_de":"","product_scheda_fr":"","product_scheda_es":"","thumb":false,"gallery":[{"ID":1001402340,"id":1001402340,"title":"REVEAL-STRONG_9REVEALH750","filename":"REVEAL-STRONG_9REVEALH750-1.jpg","filesize":61847,"url":"https:\/\/www.rupes.com\/wp-content\/uploads\/2022\/10\/REVEAL-STRONG_9REVEALH750-1.jpg","link":"https:\/\/www.rupes.com\/fr\/product\/reveal-strong-residue-remover\/reveal-strong_9revealh750-2-2\/","alt":"","author":"1","description":"","caption":"","name":"reveal-strong_9revealh750-2-2","status":"inherit","uploaded_to":1001401372,"date":"2022-10-21 06:44:12","modified":"2022-10-21 06:44:28","menu_order":0,"mime_type":"image\/jpeg","type":"image","subtype":"jpeg","icon":"https:\/\/www.rupes.com\/wp-includes\/images\/media\/default.png","width":1600,"height":1067,"sizes":{"thumbnail":"https:\/\/www.rupes.com\/wp-content\/uploads\/2022\/10\/REVEAL-STRONG_9REVEALH750-1-150x150.jpg","thumbnail-width":150,"thumbnail-height":150,"medium":"https:\/\/www.rupes.com\/wp-content\/uploads\/2022\/10\/REVEAL-STRONG_9REVEALH750-1-300x200.jpg","medium-width":300,"medium-height":200,"medium_large":"https:\/\/www.rupes.com\/wp-content\/uploads\/2022\/10\/REVEAL-STRONG_9REVEALH750-1-768x512.jpg","medium_large-width":768,"medium_large-height":512,"large":"https:\/\/www.rupes.com\/wp-content\/uploads\/2022\/10\/REVEAL-STRONG_9REVEALH750-1-1024x683.jpg","large-width":1024,"large-height":683,"1536x1536":"https:\/\/www.rupes.com\/wp-content\/uploads\/2022\/10\/REVEAL-STRONG_9REVEALH750-1-1536x1024.jpg","1536x1536-width":1536,"1536x1536-height":1024,"2048x2048":"https:\/\/www.rupes.com\/wp-content\/uploads\/2022\/10\/REVEAL-STRONG_9REVEALH750-1.jpg","2048x2048-width":1600,"2048x2048-height":1067,"thumb_news":"https:\/\/www.rupes.com\/wp-content\/uploads\/2022\/10\/REVEAL-STRONG_9REVEALH750-1-350x200.jpg","thumb_news-width":350,"thumb_news-height":200,"boxhome_small":"https:\/\/www.rupes.com\/wp-content\/uploads\/2022\/10\/REVEAL-STRONG_9REVEALH750-1-200x100.jpg","boxhome_small-width":200,"boxhome_small-height":100,"boxhome_medium":"https:\/\/www.rupes.com\/wp-content\/uploads\/2022\/10\/REVEAL-STRONG_9REVEALH750-1-300x150.jpg","boxhome_medium-width":300,"boxhome_medium-height":150,"boxhome_large":"https:\/\/www.rupes.com\/wp-content\/uploads\/2022\/10\/REVEAL-STRONG_9REVEALH750-1-450x200.jpg","boxhome_large-width":450,"boxhome_large-height":200,"boxproducts_large":"https:\/\/www.rupes.com\/wp-content\/uploads\/2022\/10\/REVEAL-STRONG_9REVEALH750-1-1600x700.jpg","boxproducts_large-width":1600,"boxproducts_large-height":700,"boxproducts_midlarge":"https:\/\/www.rupes.com\/wp-content\/uploads\/2022\/10\/REVEAL-STRONG_9REVEALH750-1-1280x560.jpg","boxproducts_midlarge-width":1280,"boxproducts_midlarge-height":560,"boxproducts_medium":"https:\/\/www.rupes.com\/wp-content\/uploads\/2022\/10\/REVEAL-STRONG_9REVEALH750-1-1024x450.jpg","boxproducts_medium-width":1024,"boxproducts_medium-height":450,"boxproducts_small":"https:\/\/www.rupes.com\/wp-content\/uploads\/2022\/10\/REVEAL-STRONG_9REVEALH750-1-700x305.jpg","boxproducts_small-width":700,"boxproducts_small-height":305,"boxproducts_mobile":"https:\/\/www.rupes.com\/wp-content\/uploads\/2022\/10\/REVEAL-STRONG_9REVEALH750-1-400x175.jpg","boxproducts_mobile-width":400,"boxproducts_mobile-height":175,"product_thumb":"https:\/\/www.rupes.com\/wp-content\/uploads\/2022\/10\/REVEAL-STRONG_9REVEALH750-1-300x200.jpg","product_thumb-width":300,"product_thumb-height":200,"product_home":"https:\/\/www.rupes.com\/wp-content\/uploads\/2022\/10\/REVEAL-STRONG_9REVEALH750-1-1200x700.jpg","product_home-width":1200,"product_home-height":700,"gallery_first":"https:\/\/www.rupes.com\/wp-content\/uploads\/2022\/10\/REVEAL-STRONG_9REVEALH750-1-750x500.jpg","gallery_first-width":750,"gallery_first-height":500,"gallery_thumb":"https:\/\/www.rupes.com\/wp-content\/uploads\/2022\/10\/REVEAL-STRONG_9REVEALH750-1-105x70.jpg","gallery_thumb-width":105,"gallery_thumb-height":70,"category_image":"https:\/\/www.rupes.com\/wp-content\/uploads\/2022\/10\/REVEAL-STRONG_9REVEALH750-1-200x133.jpg","category_image-width":200,"category_image-height":133,"category_thumb":"https:\/\/www.rupes.com\/wp-content\/uploads\/2022\/10\/REVEAL-STRONG_9REVEALH750-1-100x67.jpg","category_thumb-width":100,"category_thumb-height":67}},{"ID":1001410006,"id":1001410006,"title":"REVEALH5l","filename":"REVEALH5l-scaled.jpg","filesize":191331,"url":"https:\/\/www.rupes.com\/wp-content\/uploads\/2022\/10\/REVEALH5l-scaled.jpg","link":"https:\/\/www.rupes.com\/fr\/product\/reveal-lite-residue-remover\/revealh5l-2\/","alt":"","author":"1","description":"","caption":"","name":"revealh5l-2","status":"inherit","uploaded_to":1001401373,"date":"2026-01-23 08:22:47","modified":"2026-01-23 08:27:07","menu_order":0,"mime_type":"image\/jpeg","type":"image","subtype":"jpeg","icon":"https:\/\/www.rupes.com\/wp-includes\/images\/media\/default.png","width":2560,"height":1707,"sizes":{"thumbnail":"https:\/\/www.rupes.com\/wp-content\/uploads\/2022\/10\/REVEALH5l-150x150.jpg","thumbnail-width":150,"thumbnail-height":150,"medium":"https:\/\/www.rupes.com\/wp-content\/uploads\/2022\/10\/REVEALH5l-300x200.jpg","medium-width":300,"medium-height":200,"medium_large":"https:\/\/www.rupes.com\/wp-content\/uploads\/2022\/10\/REVEALH5l-768x512.jpg","medium_large-width":768,"medium_large-height":512,"large":"https:\/\/www.rupes.com\/wp-content\/uploads\/2022\/10\/REVEALH5l-1024x683.jpg","large-width":1024,"large-height":683,"1536x1536":"https:\/\/www.rupes.com\/wp-content\/uploads\/2022\/10\/REVEALH5l-1536x1024.jpg","1536x1536-width":1536,"1536x1536-height":1024,"2048x2048":"https:\/\/www.rupes.com\/wp-content\/uploads\/2022\/10\/REVEALH5l-2048x1365.jpg","2048x2048-width":2048,"2048x2048-height":1365,"thumb_news":"https:\/\/www.rupes.com\/wp-content\/uploads\/2022\/10\/REVEALH5l-350x200.jpg","thumb_news-width":350,"thumb_news-height":200,"boxhome_small":"https:\/\/www.rupes.com\/wp-content\/uploads\/2022\/10\/REVEALH5l-200x100.jpg","boxhome_small-width":200,"boxhome_small-height":100,"boxhome_medium":"https:\/\/www.rupes.com\/wp-content\/uploads\/2022\/10\/REVEALH5l-300x150.jpg","boxhome_medium-width":300,"boxhome_medium-height":150,"boxhome_large":"https:\/\/www.rupes.com\/wp-content\/uploads\/2022\/10\/REVEALH5l-450x200.jpg","boxhome_large-width":450,"boxhome_large-height":200,"boxproducts_large":"https:\/\/www.rupes.com\/wp-content\/uploads\/2022\/10\/REVEALH5l-1600x700.jpg","boxproducts_large-width":1600,"boxproducts_large-height":700,"boxproducts_midlarge":"https:\/\/www.rupes.com\/wp-content\/uploads\/2022\/10\/REVEALH5l-1280x560.jpg","boxproducts_midlarge-width":1280,"boxproducts_midlarge-height":560,"boxproducts_medium":"https:\/\/www.rupes.com\/wp-content\/uploads\/2022\/10\/REVEALH5l-1024x450.jpg","boxproducts_medium-width":1024,"boxproducts_medium-height":450,"boxproducts_small":"https:\/\/www.rupes.com\/wp-content\/uploads\/2022\/10\/REVEALH5l-700x305.jpg","boxproducts_small-width":700,"boxproducts_small-height":305,"boxproducts_mobile":"https:\/\/www.rupes.com\/wp-content\/uploads\/2022\/10\/REVEALH5l-400x175.jpg","boxproducts_mobile-width":400,"boxproducts_mobile-height":175,"product_thumb":"https:\/\/www.rupes.com\/wp-content\/uploads\/2022\/10\/REVEALH5l-300x200.jpg","product_thumb-width":300,"product_thumb-height":200,"product_home":"https:\/\/www.rupes.com\/wp-content\/uploads\/2022\/10\/REVEALH5l-1200x700.jpg","product_home-width":1200,"product_home-height":700,"gallery_first":"https:\/\/www.rupes.com\/wp-content\/uploads\/2022\/10\/REVEALH5l-750x500.jpg","gallery_first-width":750,"gallery_first-height":500,"gallery_thumb":"https:\/\/www.rupes.com\/wp-content\/uploads\/2022\/10\/REVEALH5l-105x70.jpg","gallery_thumb-width":105,"gallery_thumb-height":70,"category_image":"https:\/\/www.rupes.com\/wp-content\/uploads\/2022\/10\/REVEALH5l-200x133.jpg","category_image-width":200,"category_image-height":133,"category_thumb":"https:\/\/www.rupes.com\/wp-content\/uploads\/2022\/10\/REVEALH5l-100x67.jpg","category_thumb-width":100,"category_thumb-height":67}}],"videos":false,"files":[{"label":"msds","etichetta_en":"","etichetta_it":"","etichetta_de":"","etichetta_fr":"","etichetta_es":"","multilingua":"no","file":false,"url_file":"https:\/\/www.rupes.com\/safety-data-sheet\/","file_or_url":"file","file_it":false,"url_it":"","file_or_url_it":"file","file_de":false,"url_de":"","file_or_url_de":"file","file_fr":false,"url_fr":"","file_or_url_fr":"file","file_es":false,"url_es":"","file_or_url_es":"file"},{"label":"custom","etichetta_en":"Technical sheet","etichetta_it":"Scheda tecnica","etichetta_de":"Datenblatt","etichetta_fr":"Fiche technique","etichetta_es":"Ficha t\u00e9cnica","multilingua":"multi","file":false,"url_file":"https:\/\/rupes.com\/technical-sheet\/technical-sheet-EN\/REVEAL-STRONG.pdf","file_or_url":"url","file_it":false,"url_it":"https:\/\/rupes.com\/technical-sheet\/technical-sheet-IT\/REVEAL-STRONG.pdf","file_or_url_it":"url","file_de":false,"url_de":"","file_or_url_de":"file","file_fr":false,"url_fr":"","file_or_url_fr":"file","file_es":false,"url_es":"","file_or_url_es":"file"}],"product_b2b_code":"","product_b2b_pdf":"","blocco_dimensione":[{"codice":"9.REVEALH750","dimensione":"750 ml","immagine":{"ID":1001402340,"id":1001402340,"title":"REVEAL-STRONG_9REVEALH750","filename":"REVEAL-STRONG_9REVEALH750-1.jpg","filesize":61847,"url":"https:\/\/www.rupes.com\/wp-content\/uploads\/2022\/10\/REVEAL-STRONG_9REVEALH750-1.jpg","link":"https:\/\/www.rupes.com\/fr\/product\/reveal-strong-residue-remover\/reveal-strong_9revealh750-2-2\/","alt":"","author":"1","description":"","caption":"","name":"reveal-strong_9revealh750-2-2","status":"inherit","uploaded_to":1001401372,"date":"2022-10-21 06:44:12","modified":"2022-10-21 06:44:28","menu_order":0,"mime_type":"image\/jpeg","type":"image","subtype":"jpeg","icon":"https:\/\/www.rupes.com\/wp-includes\/images\/media\/default.png","width":1600,"height":1067,"sizes":{"thumbnail":"https:\/\/www.rupes.com\/wp-content\/uploads\/2022\/10\/REVEAL-STRONG_9REVEALH750-1-150x150.jpg","thumbnail-width":150,"thumbnail-height":150,"medium":"https:\/\/www.rupes.com\/wp-content\/uploads\/2022\/10\/REVEAL-STRONG_9REVEALH750-1-300x200.jpg","medium-width":300,"medium-height":200,"medium_large":"https:\/\/www.rupes.com\/wp-content\/uploads\/2022\/10\/REVEAL-STRONG_9REVEALH750-1-768x512.jpg","medium_large-width":768,"medium_large-height":512,"large":"https:\/\/www.rupes.com\/wp-content\/uploads\/2022\/10\/REVEAL-STRONG_9REVEALH750-1-1024x683.jpg","large-width":1024,"large-height":683,"1536x1536":"https:\/\/www.rupes.com\/wp-content\/uploads\/2022\/10\/REVEAL-STRONG_9REVEALH750-1-1536x1024.jpg","1536x1536-width":1536,"1536x1536-height":1024,"2048x2048":"https:\/\/www.rupes.com\/wp-content\/uploads\/2022\/10\/REVEAL-STRONG_9REVEALH750-1.jpg","2048x2048-width":1600,"2048x2048-height":1067,"thumb_news":"https:\/\/www.rupes.com\/wp-content\/uploads\/2022\/10\/REVEAL-STRONG_9REVEALH750-1-350x200.jpg","thumb_news-width":350,"thumb_news-height":200,"boxhome_small":"https:\/\/www.rupes.com\/wp-content\/uploads\/2022\/10\/REVEAL-STRONG_9REVEALH750-1-200x100.jpg","boxhome_small-width":200,"boxhome_small-height":100,"boxhome_medium":"https:\/\/www.rupes.com\/wp-content\/uploads\/2022\/10\/REVEAL-STRONG_9REVEALH750-1-300x150.jpg","boxhome_medium-width":300,"boxhome_medium-height":150,"boxhome_large":"https:\/\/www.rupes.com\/wp-content\/uploads\/2022\/10\/REVEAL-STRONG_9REVEALH750-1-450x200.jpg","boxhome_large-width":450,"boxhome_large-height":200,"boxproducts_large":"https:\/\/www.rupes.com\/wp-content\/uploads\/2022\/10\/REVEAL-STRONG_9REVEALH750-1-1600x700.jpg","boxproducts_large-width":1600,"boxproducts_large-height":700,"boxproducts_midlarge":"https:\/\/www.rupes.com\/wp-content\/uploads\/2022\/10\/REVEAL-STRONG_9REVEALH750-1-1280x560.jpg","boxproducts_midlarge-width":1280,"boxproducts_midlarge-height":560,"boxproducts_medium":"https:\/\/www.rupes.com\/wp-content\/uploads\/2022\/10\/REVEAL-STRONG_9REVEALH750-1-1024x450.jpg","boxproducts_medium-width":1024,"boxproducts_medium-height":450,"boxproducts_small":"https:\/\/www.rupes.com\/wp-content\/uploads\/2022\/10\/REVEAL-STRONG_9REVEALH750-1-700x305.jpg","boxproducts_small-width":700,"boxproducts_small-height":305,"boxproducts_mobile":"https:\/\/www.rupes.com\/wp-content\/uploads\/2022\/10\/REVEAL-STRONG_9REVEALH750-1-400x175.jpg","boxproducts_mobile-width":400,"boxproducts_mobile-height":175,"product_thumb":"https:\/\/www.rupes.com\/wp-content\/uploads\/2022\/10\/REVEAL-STRONG_9REVEALH750-1-300x200.jpg","product_thumb-width":300,"product_thumb-height":200,"product_home":"https:\/\/www.rupes.com\/wp-content\/uploads\/2022\/10\/REVEAL-STRONG_9REVEALH750-1-1200x700.jpg","product_home-width":1200,"product_home-height":700,"gallery_first":"https:\/\/www.rupes.com\/wp-content\/uploads\/2022\/10\/REVEAL-STRONG_9REVEALH750-1-750x500.jpg","gallery_first-width":750,"gallery_first-height":500,"gallery_thumb":"https:\/\/www.rupes.com\/wp-content\/uploads\/2022\/10\/REVEAL-STRONG_9REVEALH750-1-105x70.jpg","gallery_thumb-width":105,"gallery_thumb-height":70,"category_image":"https:\/\/www.rupes.com\/wp-content\/uploads\/2022\/10\/REVEAL-STRONG_9REVEALH750-1-200x133.jpg","category_image-width":200,"category_image-height":133,"category_thumb":"https:\/\/www.rupes.com\/wp-content\/uploads\/2022\/10\/REVEAL-STRONG_9REVEALH750-1-100x67.jpg","category_thumb-width":100,"category_thumb-height":67}},"descrizione_en":"Reveal Strong","descrizione_it":"","descrizione_de":"","descrizione_fr":"","descrizione_es":""},{"codice":"9.REVEALH5L","dimensione":"5 L","immagine":{"ID":1001410006,"id":1001410006,"title":"REVEALH5l","filename":"REVEALH5l-scaled.jpg","filesize":191331,"url":"https:\/\/www.rupes.com\/wp-content\/uploads\/2022\/10\/REVEALH5l-scaled.jpg","link":"https:\/\/www.rupes.com\/fr\/product\/reveal-lite-residue-remover\/revealh5l-2\/","alt":"","author":"1","description":"","caption":"","name":"revealh5l-2","status":"inherit","uploaded_to":1001401373,"date":"2026-01-23 08:22:47","modified":"2026-01-23 08:27:07","menu_order":0,"mime_type":"image\/jpeg","type":"image","subtype":"jpeg","icon":"https:\/\/www.rupes.com\/wp-includes\/images\/media\/default.png","width":2560,"height":1707,"sizes":{"thumbnail":"https:\/\/www.rupes.com\/wp-content\/uploads\/2022\/10\/REVEALH5l-150x150.jpg","thumbnail-width":150,"thumbnail-height":150,"medium":"https:\/\/www.rupes.com\/wp-content\/uploads\/2022\/10\/REVEALH5l-300x200.jpg","medium-width":300,"medium-height":200,"medium_large":"https:\/\/www.rupes.com\/wp-content\/uploads\/2022\/10\/REVEALH5l-768x512.jpg","medium_large-width":768,"medium_large-height":512,"large":"https:\/\/www.rupes.com\/wp-content\/uploads\/2022\/10\/REVEALH5l-1024x683.jpg","large-width":1024,"large-height":683,"1536x1536":"https:\/\/www.rupes.com\/wp-content\/uploads\/2022\/10\/REVEALH5l-1536x1024.jpg","1536x1536-width":1536,"1536x1536-height":1024,"2048x2048":"https:\/\/www.rupes.com\/wp-content\/uploads\/2022\/10\/REVEALH5l-2048x1365.jpg","2048x2048-width":2048,"2048x2048-height":1365,"thumb_news":"https:\/\/www.rupes.com\/wp-content\/uploads\/2022\/10\/REVEALH5l-350x200.jpg","thumb_news-width":350,"thumb_news-height":200,"boxhome_small":"https:\/\/www.rupes.com\/wp-content\/uploads\/2022\/10\/REVEALH5l-200x100.jpg","boxhome_small-width":200,"boxhome_small-height":100,"boxhome_medium":"https:\/\/www.rupes.com\/wp-content\/uploads\/2022\/10\/REVEALH5l-300x150.jpg","boxhome_medium-width":300,"boxhome_medium-height":150,"boxhome_large":"https:\/\/www.rupes.com\/wp-content\/uploads\/2022\/10\/REVEALH5l-450x200.jpg","boxhome_large-width":450,"boxhome_large-height":200,"boxproducts_large":"https:\/\/www.rupes.com\/wp-content\/uploads\/2022\/10\/REVEALH5l-1600x700.jpg","boxproducts_large-width":1600,"boxproducts_large-height":700,"boxproducts_midlarge":"https:\/\/www.rupes.com\/wp-content\/uploads\/2022\/10\/REVEALH5l-1280x560.jpg","boxproducts_midlarge-width":1280,"boxproducts_midlarge-height":560,"boxproducts_medium":"https:\/\/www.rupes.com\/wp-content\/uploads\/2022\/10\/REVEALH5l-1024x450.jpg","boxproducts_medium-width":1024,"boxproducts_medium-height":450,"boxproducts_small":"https:\/\/www.rupes.com\/wp-content\/uploads\/2022\/10\/REVEALH5l-700x305.jpg","boxproducts_small-width":700,"boxproducts_small-height":305,"boxproducts_mobile":"https:\/\/www.rupes.com\/wp-content\/uploads\/2022\/10\/REVEALH5l-400x175.jpg","boxproducts_mobile-width":400,"boxproducts_mobile-height":175,"product_thumb":"https:\/\/www.rupes.com\/wp-content\/uploads\/2022\/10\/REVEALH5l-300x200.jpg","product_thumb-width":300,"product_thumb-height":200,"product_home":"https:\/\/www.rupes.com\/wp-content\/uploads\/2022\/10\/REVEALH5l-1200x700.jpg","product_home-width":1200,"product_home-height":700,"gallery_first":"https:\/\/www.rupes.com\/wp-content\/uploads\/2022\/10\/REVEALH5l-750x500.jpg","gallery_first-width":750,"gallery_first-height":500,"gallery_thumb":"https:\/\/www.rupes.com\/wp-content\/uploads\/2022\/10\/REVEALH5l-105x70.jpg","gallery_thumb-width":105,"gallery_thumb-height":70,"category_image":"https:\/\/www.rupes.com\/wp-content\/uploads\/2022\/10\/REVEALH5l-200x133.jpg","category_image-width":200,"category_image-height":133,"category_thumb":"https:\/\/www.rupes.com\/wp-content\/uploads\/2022\/10\/REVEALH5l-100x67.jpg","category_thumb-width":100,"category_thumb-height":67}},"descrizione_en":"Tank","descrizione_it":"","descrizione_de":"","descrizione_fr":"","descrizione_es":""}],"varianti":false,"kit_vendita":false,"blocchi_prodotti_correlati":[{"iconablocco":"fas fa-retweet","seleziona_i_prodotti":[1001401373],"label":"alternatives","titolo_correlato_en":"","titolo_correlato_it":"","titolo_correlato_de":"","titolo_correlato_fr":"","titolo_correlato_es":""}],"seleziona_tag_notizie":false,"google_review_link":"","seleziona_le_recensioni":"","attiva_collegamento":false,"code_usermanuals":"","code_usermanuals_usa":"","thumb_home":{"ID":1001402404,"id":1001402404,"title":"REVEAL_strong_home","filename":"REVEAL_strong_home-1.jpg","filesize":16832,"url":"https:\/\/www.rupes.com\/wp-content\/uploads\/2022\/10\/REVEAL_strong_home-1.jpg","link":"https:\/\/www.rupes.com\/fr\/product\/reveal-lite-residue-remover\/reveal_strong_home-2\/","alt":"","author":"1","description":"","caption":"","name":"reveal_strong_home-2","status":"inherit","uploaded_to":1001401373,"date":"2022-11-21 13:56:50","modified":"2022-11-21 13:56:50","menu_order":0,"mime_type":"image\/jpeg","type":"image","subtype":"jpeg","icon":"https:\/\/www.rupes.com\/wp-includes\/images\/media\/default.png","width":720,"height":420,"sizes":{"thumbnail":"https:\/\/www.rupes.com\/wp-content\/uploads\/2022\/10\/REVEAL_strong_home-1-150x150.jpg","thumbnail-width":150,"thumbnail-height":150,"medium":"https:\/\/www.rupes.com\/wp-content\/uploads\/2022\/10\/REVEAL_strong_home-1-300x175.jpg","medium-width":300,"medium-height":175,"medium_large":"https:\/\/www.rupes.com\/wp-content\/uploads\/2022\/10\/REVEAL_strong_home-1.jpg","medium_large-width":720,"medium_large-height":420,"large":"https:\/\/www.rupes.com\/wp-content\/uploads\/2022\/10\/REVEAL_strong_home-1.jpg","large-width":720,"large-height":420,"1536x1536":"https:\/\/www.rupes.com\/wp-content\/uploads\/2022\/10\/REVEAL_strong_home-1.jpg","1536x1536-width":720,"1536x1536-height":420,"2048x2048":"https:\/\/www.rupes.com\/wp-content\/uploads\/2022\/10\/REVEAL_strong_home-1.jpg","2048x2048-width":720,"2048x2048-height":420,"thumb_news":"https:\/\/www.rupes.com\/wp-content\/uploads\/2022\/10\/REVEAL_strong_home-1-350x200.jpg","thumb_news-width":350,"thumb_news-height":200,"boxhome_small":"https:\/\/www.rupes.com\/wp-content\/uploads\/2022\/10\/REVEAL_strong_home-1-200x100.jpg","boxhome_small-width":200,"boxhome_small-height":100,"boxhome_medium":"https:\/\/www.rupes.com\/wp-content\/uploads\/2022\/10\/REVEAL_strong_home-1-300x150.jpg","boxhome_medium-width":300,"boxhome_medium-height":150,"boxhome_large":"https:\/\/www.rupes.com\/wp-content\/uploads\/2022\/10\/REVEAL_strong_home-1-450x200.jpg","boxhome_large-width":450,"boxhome_large-height":200,"boxproducts_large":"https:\/\/www.rupes.com\/wp-content\/uploads\/2022\/10\/REVEAL_strong_home-1.jpg","boxproducts_large-width":720,"boxproducts_large-height":420,"boxproducts_midlarge":"https:\/\/www.rupes.com\/wp-content\/uploads\/2022\/10\/REVEAL_strong_home-1.jpg","boxproducts_midlarge-width":720,"boxproducts_midlarge-height":420,"boxproducts_medium":"https:\/\/www.rupes.com\/wp-content\/uploads\/2022\/10\/REVEAL_strong_home-1.jpg","boxproducts_medium-width":720,"boxproducts_medium-height":420,"boxproducts_small":"https:\/\/www.rupes.com\/wp-content\/uploads\/2022\/10\/REVEAL_strong_home-1-700x305.jpg","boxproducts_small-width":700,"boxproducts_small-height":305,"boxproducts_mobile":"https:\/\/www.rupes.com\/wp-content\/uploads\/2022\/10\/REVEAL_strong_home-1-400x175.jpg","boxproducts_mobile-width":400,"boxproducts_mobile-height":175,"product_thumb":"https:\/\/www.rupes.com\/wp-content\/uploads\/2022\/10\/REVEAL_strong_home-1-300x175.jpg","product_thumb-width":300,"product_thumb-height":175,"product_home":"https:\/\/www.rupes.com\/wp-content\/uploads\/2022\/10\/REVEAL_strong_home-1.jpg","product_home-width":720,"product_home-height":420,"gallery_first":"https:\/\/www.rupes.com\/wp-content\/uploads\/2022\/10\/REVEAL_strong_home-1.jpg","gallery_first-width":720,"gallery_first-height":420,"gallery_thumb":"https:\/\/www.rupes.com\/wp-content\/uploads\/2022\/10\/REVEAL_strong_home-1-105x61.jpg","gallery_thumb-width":105,"gallery_thumb-height":61,"category_image":"https:\/\/www.rupes.com\/wp-content\/uploads\/2022\/10\/REVEAL_strong_home-1-200x117.jpg","category_image-width":200,"category_image-height":117,"category_thumb":"https:\/\/www.rupes.com\/wp-content\/uploads\/2022\/10\/REVEAL_strong_home-1-100x58.jpg","category_thumb-width":100,"category_thumb-height":58}},"attiva_titolo_diverso":false,"escludi_scheda_sicurezza":false},"_links":{"self":[{"href":"https:\/\/www.rupes.com\/fr\/wp-json\/wp\/v2\/products\/1001401372","targetHints":{"allow":["GET"]}}],"collection":[{"href":"https:\/\/www.rupes.com\/fr\/wp-json\/wp\/v2\/products"}],"about":[{"href":"https:\/\/www.rupes.com\/fr\/wp-json\/wp\/v2\/types\/product"}],"wp:attachment":[{"href":"https:\/\/www.rupes.com\/fr\/wp-json\/wp\/v2\/media?parent=1001401372"}],"wp:term":[{"taxonomy":"category_product","embeddable":true,"href":"https:\/\/www.rupes.com\/fr\/wp-json\/wp\/v2\/categoryproduct?post=1001401372"}],"curies":[{"name":"wp","href":"https:\/\/api.w.org\/{rel}","templated":true}]}}