{"id":1001384952,"date":"2019-03-08T02:20:17","date_gmt":"2019-03-08T02:20:17","guid":{"rendered":""},"modified":"2024-09-25T09:52:19","modified_gmt":"2024-09-25T07:52:19","slug":"pneumatic-random-orbital-sander-200mm-pad-5mm-orbit-ta562an","status":"publish","type":"product","link":"https:\/\/www.rupes.com\/fr\/product\/pneumatic-random-orbital-sander-200mm-pad-5mm-orbit-ta562an\/","title":{"rendered":"Pneumatic random orbital sander 200mm pad 5mm orbit"},"content":{"rendered":"<p>Pneumatic random orbital sander 200mm, versatile and easy to use, suitable for all types of surface, both flat and curved<br \/>\nTool start-up with rotary valve<br \/>\nRandom orbital motion<br \/>\nMuch reduced vibration thanks to optimum balance<br \/>\nGood removal capacity thanks to 5 mm orbit<br \/>\nSpeed control valve<br \/>\nDesigned for connection to extraction systems<br \/>\nVacuum air pressure regulator eliminating the \u00ab\u00a0blow back\u00a0\u00bb effect of the pad on the surface<\/p>\n<p><img fetchpriority=\"high\" decoding=\"async\" class=\"aligncenter size-medium wp-image-1001395179\" src=\"https:\/\/www.rupes.com\/wp-content\/uploads\/2019\/03\/TA562A_Pneumatic-random-orbital-sander-200mm-pad-5mm-orbit-300x200.jpg\" alt=\"TA562A - Pneumatic random orbital sander 200mm pad - 5mm orbit\" width=\"300\" height=\"200\" srcset=\"https:\/\/www.rupes.com\/wp-content\/uploads\/2019\/03\/TA562A_Pneumatic-random-orbital-sander-200mm-pad-5mm-orbit-300x200.jpg 300w, https:\/\/www.rupes.com\/wp-content\/uploads\/2019\/03\/TA562A_Pneumatic-random-orbital-sander-200mm-pad-5mm-orbit-1024x683.jpg 1024w, https:\/\/www.rupes.com\/wp-content\/uploads\/2019\/03\/TA562A_Pneumatic-random-orbital-sander-200mm-pad-5mm-orbit-768x512.jpg 768w, https:\/\/www.rupes.com\/wp-content\/uploads\/2019\/03\/TA562A_Pneumatic-random-orbital-sander-200mm-pad-5mm-orbit-750x500.jpg 750w, https:\/\/www.rupes.com\/wp-content\/uploads\/2019\/03\/TA562A_Pneumatic-random-orbital-sander-200mm-pad-5mm-orbit-105x70.jpg 105w, https:\/\/www.rupes.com\/wp-content\/uploads\/2019\/03\/TA562A_Pneumatic-random-orbital-sander-200mm-pad-5mm-orbit-200x133.jpg 200w, https:\/\/www.rupes.com\/wp-content\/uploads\/2019\/03\/TA562A_Pneumatic-random-orbital-sander-200mm-pad-5mm-orbit-100x67.jpg 100w, https:\/\/www.rupes.com\/wp-content\/uploads\/2019\/03\/TA562A_Pneumatic-random-orbital-sander-200mm-pad-5mm-orbit.jpg 1200w\" sizes=\"(max-width: 300px) 100vw, 300px\" \/><\/p>\n<p><b>Pneumatic random orbital sander 200mm applications<\/b><\/p>\n<ul>\n<li>Excellent for working on large surfaces<\/li>\n<li>Surface preparation, substrate and primer finishing, sanding fillers<\/li>\n<\/ul>\n","protected":false},"featured_media":0,"template":"","meta":{"_acf_changed":false},"categoryproduct":[888965181,888965184],"class_list":["post-1001384952","product","type-product","status-publish","hentry","category_product-pneumatic-tools","category_product-pneumatic-tools-sanders"],"acf":{"product_codice":"TA562AN","scheda_nuova":true,"contact_form":true,"attiva_flag_new_product":false,"product_home":"0","attiva_special_message":"disattivo","product_titolo_it":"LEVIGATRICE ROTORBITALE PNEUMATICA TA562A &Oslash; 200mm ORB 5mm ","product_titolo_de":"PNEUMATISCHER EXZENTERSCHLEIFER TA562AN &Oslash; 200mm HUB 5mm","product_titolo_fr":"PONCEUSE ORBITALEPNEUMATIQUE TA562AN &Oslash; 200mm ORB. 5mm","product_titolo_es":"LIJADORA ORBITAL ALEATORIA NEUMATICA TA562AN &Oslash; 200mm ORB. 5mm","product_descrizione_en":"<p>Pneumatic random orbital sander 200mm, versatile and easy to use, suitable for all types of surface, both flat and curved<br \/>\nTool start-up with rotary valve<br \/>\nRandom orbital motion<br \/>\nMuch reduced vibration thanks to optimum balance<br \/>\nGood removal capacity thanks to 5 mm orbit<br \/>\nSpeed control valve<br \/>\nDesigned for connection to extraction systems<br \/>\nVacuum air pressure regulator eliminating the \u00ab\u00a0blow back\u00a0\u00bb effect of the pad on the surface<\/p>\n<p><b>Pneumatic random orbital sander 200mm applications<\/b><\/p>\n<ul>\n<li>Excellent for working on large surfaces<\/li>\n<li>Surface preparation, substrate and primer finishing, sanding fillers<\/li>\n<\/ul>\n","product_descrizione_it":"<p>Levigatrice orbitale pneumatica 200mm, versatile e di facile utilizzo, adatta a tutti i tipi di superficie, sia piana che curva<br \/>\nAvviamento utensile con valvola rotante<br \/>\nMovimento orbitale casuale<br \/>\nVibrazioni molto ridotte grazie al bilanciamento ottimale<br \/>\nBuona capacit\u00e0 di rimozione grazie all&rsquo;orbita di 5 mm<br \/>\nValvola di controllo della velocit\u00e0<br \/>\nProgettato per il collegamento a sistemi di aspirazione<br \/>\nRegolatore di pressione aria vuoto che elimina l&rsquo;effetto \u00ab\u00a0blow back\u00a0\u00bb del tampone sulla superficie<\/p>\n<p><b> Levigatrice orbitale pneumatica casuale applicazioni 200mm <\/b><\/p>\n<ul>\n<li>Eccellente per lavorare su grandi superfici<\/li>\n<li>Preparazione della superficie, finitura di sottofondi e primer, carteggiatura di stucchi<\/li>\n<\/ul>\n","product_descrizione_de":"<p>Pneumatischer Exzenterschleifer 200 mm, vielseitig und einfach zu bedienen, geeignet f\u00fcr alle Arten von Oberfl\u00e4chen, sowohl flach als auch gebogen<br \/>\nWerkzeugstart mit Drehschieber<br \/>\nZuf\u00e4llige Orbitalbewegung<br \/>\nStark reduzierte Vibration dank optimaler Balance<br \/>\nGute Entnahmekapazit\u00e4t dank 5 mm Umlaufbahn<br \/>\nDrehzahlregelventil<br \/>\nEntwickelt f\u00fcr den Anschluss an Absaugsysteme<br \/>\nVakuum-Luftdruckregler eliminiert den \u00ab\u00a0R\u00fccksto\u00df\u00a0\u00bb -Effekt des Pads auf der Oberfl\u00e4che<\/p>\n<p><b> Pneumatische Zufallsschleifer 200 mm Anwendungen &lt;\/ b&gt;<\/b><\/p>\n<ul>\n<li>Hervorragend geeignet f\u00fcr Arbeiten auf gro\u00dfen Fl\u00e4chen &lt;\/ li&gt;<\/li>\n<li>Oberfl\u00e4chenvorbereitung, Untergrund- und Grundierung, Schleiff\u00fcllstoffe &lt;\/ li&gt;<br \/>\n&lt;\/ ul&gt;<\/li>\n<\/ul>\n","product_descrizione_fr":"<p>Ponceuse orbitale al\u00e9atoire pneumatique 200 mm, polyvalente et facile \u00e0 utiliser, adapt\u00e9e \u00e0 tous types de surfaces, plates et courbes<br \/>\nD\u00e9marrage de l&rsquo;outil avec vanne rotative<br \/>\nMouvement orbital al\u00e9atoire<br \/>\nVibrations tr\u00e8s r\u00e9duites gr\u00e2ce \u00e0 un \u00e9quilibre optimal<br \/>\nBonne capacit\u00e9 de retrait gr\u00e2ce \u00e0 une orbite de 5 mm<br \/>\nValve de contr\u00f4le de vitesse<br \/>\nCon\u00e7u pour la connexion aux syst\u00e8mes d&rsquo;extraction<br \/>\nR\u00e9gulateur de pression d&rsquo;air sous vide \u00e9liminant l&rsquo;effet de \u00abrefoulement\u00bb du tampon sur la surface<\/p>\n<p><b> Applications de ponceuse orbitale al\u00e9atoire pneumatique 200 mm <\/b><\/p>\n<ul>\n<li>Excellent pour travailler sur de grandes surfaces<\/li>\n<li>Pr\u00e9paration de surface, finition des supports et appr\u00eats, charges de pon\u00e7age<\/li>\n<\/ul>\n","product_descrizione_es":"<p>Lijadora neum\u00e1tica orbital aleatoria 200mm, vers\u00e1til y f\u00e1cil de usar, apta para todo tipo de superficies, tanto planas como curvas<br \/>\nArranque de herramienta con v\u00e1lvula rotativa<br \/>\nMovimiento orbital aleatorio<br \/>\nVibraci\u00f3n muy reducida gracias a un equilibrio \u00f3ptimo<br \/>\nBuena capacidad de extracci\u00f3n gracias a la \u00f3rbita de 5 mm<br \/>\nV\u00e1lvula de control de velocidad<br \/>\nDise\u00f1ado para conexi\u00f3n a sistemas de extracci\u00f3n<br \/>\nRegulador de presi\u00f3n de aire al vac\u00edo que elimina el efecto de \u00ab\u00a0retroceso\u00a0\u00bb de la almohadilla en la superficie<\/p>\n<p><b> Aplicaciones de lijadora orbital aleatoria neum\u00e1tica de 200 mm <\/b><\/p>\n<ul>\n<li>Excelente para trabajar en grandes superficies<\/li>\n<li>Preparaci\u00f3n de superficies, acabado del sustrato e imprimaci\u00f3n, lijado de masillas<\/li>\n<\/ul>\n","product_scheda_en":"<table border=\"1\" cellspacing=\"1\" cellpadding=\"1\">\n<tbody>\n<tr>\n<td>Speed control<\/td>\n<td>\u2022<\/td>\n<\/tr>\n<tr>\n<td>Max consumption air (l\/min)<\/td>\n<td>400<\/td>\n<\/tr>\n<tr>\n<td>Weight (kg)<\/td>\n<td>2,000<\/td>\n<\/tr>\n<tr>\n<td>R.P.M.<\/td>\n<td>4000 &#8211; 10000<\/td>\n<\/tr>\n<tr>\n<td>Working pressure (bar)<\/td>\n<td>6<\/td>\n<\/tr>\n<tr>\n<td>\u00d8 orbit (mm)<\/td>\n<td>5,2<\/td>\n<\/tr>\n<tr>\n<td>\u00d8 backing pad (mm)<\/td>\n<td>200<\/td>\n<\/tr>\n<\/tbody>\n<\/table>\n","product_scheda_it":"<table border=\"1\" cellspacing=\"1\" cellpadding=\"1\">\n<tbody>\n<tr>\n<td>Regolazione di velocit\u00e0<\/td>\n<td>\u2022<\/td>\n<\/tr>\n<tr>\n<td>Consumo d&rsquo;aria max (l\/min)<\/td>\n<td>400<\/td>\n<\/tr>\n<tr>\n<td>Peso (kg)<\/td>\n<td>2,000<\/td>\n<\/tr>\n<tr>\n<td>R.P.M.<\/td>\n<td>4000 &#8211; 10000<\/td>\n<\/tr>\n<tr>\n<td>Pressione d&rsquo;esercizio (bar)<\/td>\n<td>6<\/td>\n<\/tr>\n<tr>\n<td>\u00d8 orbita (mm)<\/td>\n<td>5,2<\/td>\n<\/tr>\n<tr>\n<td>\u00d8 platorello (mm)<\/td>\n<td>200<\/td>\n<\/tr>\n<\/tbody>\n<\/table>\n","product_scheda_de":"<table border=\"1\" cellspacing=\"1\" cellpadding=\"1\">\n<tbody>\n<tr>\n<td>Regulierung der Geschwindigkeit<\/td>\n<td>\u2022<\/td>\n<\/tr>\n<tr>\n<td>Luftverbrauch (l\/min)<\/td>\n<td>400<\/td>\n<\/tr>\n<tr>\n<td>Gewicht (kg)<\/td>\n<td>2,000<\/td>\n<\/tr>\n<tr>\n<td>R.P.M.<\/td>\n<td>4000 &#8211; 10000<\/td>\n<\/tr>\n<tr>\n<td>Betriebsdruck (bar)<\/td>\n<td>6<\/td>\n<\/tr>\n<tr>\n<td>\u00d8 Schleifhub (mm)<\/td>\n<td>5,2<\/td>\n<\/tr>\n<tr>\n<td>\u00d8 Klett Schleifteller (mm)<\/td>\n<td>200<\/td>\n<\/tr>\n<\/tbody>\n<\/table>\n","product_scheda_fr":"<table border=\"1\" cellspacing=\"1\" cellpadding=\"1\">\n<tbody>\n<tr>\n<td>R\u00e9glage de la vitesse<\/td>\n<td>\u2022<\/td>\n<\/tr>\n<tr>\n<td>Consommation max d\u2019air (l\/min)<\/td>\n<td>400<\/td>\n<\/tr>\n<tr>\n<td>Poids (kg)<\/td>\n<td>2,000<\/td>\n<\/tr>\n<tr>\n<td>R.P.M.<\/td>\n<td>4000 &#8211; 10000<\/td>\n<\/tr>\n<tr>\n<td>Pression de service (bar)<\/td>\n<td>6<\/td>\n<\/tr>\n<tr>\n<td>\u00d8 orbite (mm)<\/td>\n<td>5,2<\/td>\n<\/tr>\n<tr>\n<td>\u00d8 plateau (mm)<\/td>\n<td>200<\/td>\n<\/tr>\n<\/tbody>\n<\/table>\n","product_scheda_es":"<table border=\"1\" cellspacing=\"1\" cellpadding=\"1\">\n<tbody>\n<tr>\n<td>Control de velocidad<\/td>\n<td>\u2022<\/td>\n<\/tr>\n<tr>\n<td>Consumo m\u00e1ximo de aire (l\/min)<\/td>\n<td>400<\/td>\n<\/tr>\n<tr>\n<td>Peso (kg)<\/td>\n<td>2000<\/td>\n<\/tr>\n<tr>\n<td>R.P.M.<\/td>\n<td>4000 &#8211; 10000<\/td>\n<\/tr>\n<tr>\n<td>Presi\u00f3n de trabajo (barra)<\/td>\n<td>6<\/td>\n<\/tr>\n<tr>\n<td>\u00d8 \u00f3rbita (mm)<\/td>\n<td>5,2<\/td>\n<\/tr>\n<tr>\n<td>\u00d8 almohadilla de respaldo (mm)<\/td>\n<td>200<\/td>\n<\/tr>\n<\/tbody>\n<\/table>\n","thumb":false,"gallery":[{"ID":1001395180,"id":1001395180,"title":"TA562A_Pneumatic-random-orbital-sander-200mm-pad-5mm-orbit","filename":"TA562A_Pneumatic-random-orbital-sander-200mm-pad-5mm-orbit.jpg","filesize":70064,"url":"https:\/\/www.rupes.com\/wp-content\/uploads\/2019\/03\/TA562A_Pneumatic-random-orbital-sander-200mm-pad-5mm-orbit.jpg","link":"https:\/\/www.rupes.com\/fr\/product\/pneumatic-random-orbital-sander-200mm-pad-5mm-orbit-ta562an\/ta562a_pneumatic-random-orbital-sander-200mm-pad-5mm-orbit-2\/","alt":"TA562A - Pneumatic random orbital sander 200mm pad - 5mm orbit","author":"1","description":"TA562A - Pneumatic random orbital sander 200mm pad - 5mm orbit","caption":"","name":"ta562a_pneumatic-random-orbital-sander-200mm-pad-5mm-orbit-2","status":"inherit","uploaded_to":1001384952,"date":"2020-11-13 11:26:48","modified":"2020-11-13 11:27:24","menu_order":0,"mime_type":"image\/jpeg","type":"image","subtype":"jpeg","icon":"https:\/\/www.rupes.com\/wp-includes\/images\/media\/default.png","width":1200,"height":800,"sizes":{"thumbnail":"https:\/\/www.rupes.com\/wp-content\/uploads\/2019\/03\/TA562A_Pneumatic-random-orbital-sander-200mm-pad-5mm-orbit-150x150.jpg","thumbnail-width":150,"thumbnail-height":150,"medium":"https:\/\/www.rupes.com\/wp-content\/uploads\/2019\/03\/TA562A_Pneumatic-random-orbital-sander-200mm-pad-5mm-orbit-300x200.jpg","medium-width":300,"medium-height":200,"medium_large":"https:\/\/www.rupes.com\/wp-content\/uploads\/2019\/03\/TA562A_Pneumatic-random-orbital-sander-200mm-pad-5mm-orbit-768x512.jpg","medium_large-width":768,"medium_large-height":512,"large":"https:\/\/www.rupes.com\/wp-content\/uploads\/2019\/03\/TA562A_Pneumatic-random-orbital-sander-200mm-pad-5mm-orbit-1024x683.jpg","large-width":1024,"large-height":683,"1536x1536":"https:\/\/www.rupes.com\/wp-content\/uploads\/2019\/03\/TA562A_Pneumatic-random-orbital-sander-200mm-pad-5mm-orbit.jpg","1536x1536-width":1200,"1536x1536-height":800,"2048x2048":"https:\/\/www.rupes.com\/wp-content\/uploads\/2019\/03\/TA562A_Pneumatic-random-orbital-sander-200mm-pad-5mm-orbit.jpg","2048x2048-width":1200,"2048x2048-height":800,"thumb_news":"https:\/\/www.rupes.com\/wp-content\/uploads\/2019\/03\/TA562A_Pneumatic-random-orbital-sander-200mm-pad-5mm-orbit-350x200.jpg","thumb_news-width":350,"thumb_news-height":200,"boxhome_small":"https:\/\/www.rupes.com\/wp-content\/uploads\/2019\/03\/TA562A_Pneumatic-random-orbital-sander-200mm-pad-5mm-orbit-200x100.jpg","boxhome_small-width":200,"boxhome_small-height":100,"boxhome_medium":"https:\/\/www.rupes.com\/wp-content\/uploads\/2019\/03\/TA562A_Pneumatic-random-orbital-sander-200mm-pad-5mm-orbit-300x150.jpg","boxhome_medium-width":300,"boxhome_medium-height":150,"boxhome_large":"https:\/\/www.rupes.com\/wp-content\/uploads\/2019\/03\/TA562A_Pneumatic-random-orbital-sander-200mm-pad-5mm-orbit-450x200.jpg","boxhome_large-width":450,"boxhome_large-height":200,"boxproducts_large":"https:\/\/www.rupes.com\/wp-content\/uploads\/2019\/03\/TA562A_Pneumatic-random-orbital-sander-200mm-pad-5mm-orbit-1200x700.jpg","boxproducts_large-width":1200,"boxproducts_large-height":700,"boxproducts_midlarge":"https:\/\/www.rupes.com\/wp-content\/uploads\/2019\/03\/TA562A_Pneumatic-random-orbital-sander-200mm-pad-5mm-orbit-1200x560.jpg","boxproducts_midlarge-width":1200,"boxproducts_midlarge-height":560,"boxproducts_medium":"https:\/\/www.rupes.com\/wp-content\/uploads\/2019\/03\/TA562A_Pneumatic-random-orbital-sander-200mm-pad-5mm-orbit-1024x450.jpg","boxproducts_medium-width":1024,"boxproducts_medium-height":450,"boxproducts_small":"https:\/\/www.rupes.com\/wp-content\/uploads\/2019\/03\/TA562A_Pneumatic-random-orbital-sander-200mm-pad-5mm-orbit-700x305.jpg","boxproducts_small-width":700,"boxproducts_small-height":305,"boxproducts_mobile":"https:\/\/www.rupes.com\/wp-content\/uploads\/2019\/03\/TA562A_Pneumatic-random-orbital-sander-200mm-pad-5mm-orbit-400x175.jpg","boxproducts_mobile-width":400,"boxproducts_mobile-height":175,"product_thumb":"https:\/\/www.rupes.com\/wp-content\/uploads\/2019\/03\/TA562A_Pneumatic-random-orbital-sander-200mm-pad-5mm-orbit-300x200.jpg","product_thumb-width":300,"product_thumb-height":200,"product_home":"https:\/\/www.rupes.com\/wp-content\/uploads\/2019\/03\/TA562A_Pneumatic-random-orbital-sander-200mm-pad-5mm-orbit-1200x700.jpg","product_home-width":1200,"product_home-height":700,"gallery_first":"https:\/\/www.rupes.com\/wp-content\/uploads\/2019\/03\/TA562A_Pneumatic-random-orbital-sander-200mm-pad-5mm-orbit-750x500.jpg","gallery_first-width":750,"gallery_first-height":500,"gallery_thumb":"https:\/\/www.rupes.com\/wp-content\/uploads\/2019\/03\/TA562A_Pneumatic-random-orbital-sander-200mm-pad-5mm-orbit-105x70.jpg","gallery_thumb-width":105,"gallery_thumb-height":70,"category_image":"https:\/\/www.rupes.com\/wp-content\/uploads\/2019\/03\/TA562A_Pneumatic-random-orbital-sander-200mm-pad-5mm-orbit-200x133.jpg","category_image-width":200,"category_image-height":133,"category_thumb":"https:\/\/www.rupes.com\/wp-content\/uploads\/2019\/03\/TA562A_Pneumatic-random-orbital-sander-200mm-pad-5mm-orbit-100x67.jpg","category_thumb-width":100,"category_thumb-height":67}}],"videos":false,"files":false,"product_b2b_code":"TA562AN","blocco_dimensione":false,"varianti":false,"kit_vendita":false,"blocchi_prodotti_correlati":false,"seleziona_tag_notizie":false,"seleziona_le_recensioni":"","product_b2b_pdf":"https:\/\/b2b.rupes.com\/cdn\/b2b.rupes.com\/areaftp\/esplosipdf\/TA562ANRIC000.pdf","google_review_link":"","attiva_collegamento":false,"attiva_voice_speech":false,"code_usermanuals":"9.2455","code_usermanuals_usa":""},"_links":{"self":[{"href":"https:\/\/www.rupes.com\/fr\/wp-json\/wp\/v2\/products\/1001384952","targetHints":{"allow":["GET"]}}],"collection":[{"href":"https:\/\/www.rupes.com\/fr\/wp-json\/wp\/v2\/products"}],"about":[{"href":"https:\/\/www.rupes.com\/fr\/wp-json\/wp\/v2\/types\/product"}],"wp:attachment":[{"href":"https:\/\/www.rupes.com\/fr\/wp-json\/wp\/v2\/media?parent=1001384952"}],"wp:term":[{"taxonomy":"category_product","embeddable":true,"href":"https:\/\/www.rupes.com\/fr\/wp-json\/wp\/v2\/categoryproduct?post=1001384952"}],"curies":[{"name":"wp","href":"https:\/\/api.w.org\/{rel}","templated":true}]}}