{"id":1001384889,"date":"2019-03-08T02:19:48","date_gmt":"2019-03-08T02:19:48","guid":{"rendered":""},"modified":"2024-09-25T09:48:31","modified_gmt":"2024-09-25T07:48:31","slug":"pneumati-orbital-palm-sander-70x198mm-velcro-pad-and-3mm-orbit-re21aln","status":"publish","type":"product","link":"https:\/\/www.rupes.com\/fr\/product\/pneumati-orbital-palm-sander-70x198mm-velcro-pad-and-3mm-orbit-re21aln\/","title":{"rendered":"Pneumati orbital  palm sander 70X198mm velcro pad and 3mm orbit &#8211; RE21ALN"},"content":{"rendered":"<p>Pneumati orbital palm sander 70X198mm extremely well balanced palm sanders<br \/>\nDesigned for high abrasive power and for an optimal level of finish<br \/>\nEquipped with multihole rubber plate for optimal suction (70&#215;198 mm)<br \/>\nSpeed regulation valve<br \/>\nDesigned for connection to extraction systems<br \/>\nParticularly compact and handle body<br \/>\nExcellent extraction capacity<\/p>\n<p><img fetchpriority=\"high\" decoding=\"async\" class=\"aligncenter size-medium wp-image-1001395149\" src=\"https:\/\/www.rupes.com\/wp-content\/uploads\/2019\/03\/RE21ALN_Pneumati-orbital-palm-sander-70X198mm-velcro-pad-and-3mm-orbit-300x200.jpg\" alt=\"RE21ALN - Pneumatic orbital palm sander 70X198mm velcro pad and 3mm orbit\" width=\"300\" height=\"200\" srcset=\"https:\/\/www.rupes.com\/wp-content\/uploads\/2019\/03\/RE21ALN_Pneumati-orbital-palm-sander-70X198mm-velcro-pad-and-3mm-orbit-300x200.jpg 300w, https:\/\/www.rupes.com\/wp-content\/uploads\/2019\/03\/RE21ALN_Pneumati-orbital-palm-sander-70X198mm-velcro-pad-and-3mm-orbit-1024x683.jpg 1024w, https:\/\/www.rupes.com\/wp-content\/uploads\/2019\/03\/RE21ALN_Pneumati-orbital-palm-sander-70X198mm-velcro-pad-and-3mm-orbit-768x512.jpg 768w, https:\/\/www.rupes.com\/wp-content\/uploads\/2019\/03\/RE21ALN_Pneumati-orbital-palm-sander-70X198mm-velcro-pad-and-3mm-orbit-750x500.jpg 750w, https:\/\/www.rupes.com\/wp-content\/uploads\/2019\/03\/RE21ALN_Pneumati-orbital-palm-sander-70X198mm-velcro-pad-and-3mm-orbit-105x70.jpg 105w, https:\/\/www.rupes.com\/wp-content\/uploads\/2019\/03\/RE21ALN_Pneumati-orbital-palm-sander-70X198mm-velcro-pad-and-3mm-orbit-200x133.jpg 200w, https:\/\/www.rupes.com\/wp-content\/uploads\/2019\/03\/RE21ALN_Pneumati-orbital-palm-sander-70X198mm-velcro-pad-and-3mm-orbit-100x67.jpg 100w, https:\/\/www.rupes.com\/wp-content\/uploads\/2019\/03\/RE21ALN_Pneumati-orbital-palm-sander-70X198mm-velcro-pad-and-3mm-orbit.jpg 1200w\" sizes=\"(max-width: 300px) 100vw, 300px\" \/><\/p>\n<p><b>Pneumati orbital palm sander 70X198mm applications<\/b><\/p>\n<ul>\n<li>Universal application for sanding and preparing sheet metals and substrates<\/li>\n<li>Excellent working capacity in inaccessible areas, such as sections, beading and large-radius curved surfaces<\/li>\n<li>Preparation of substrates and fillers<\/li>\n<li>Ideal for working in small to medium-sized areas<\/li>\n<\/ul>\n","protected":false},"featured_media":0,"template":"","meta":{"_acf_changed":false},"categoryproduct":[888965181,888965184],"class_list":["post-1001384889","product","type-product","status-publish","hentry","category_product-pneumatic-tools","category_product-pneumatic-tools-sanders"],"acf":{"product_codice":"RE21ALN","scheda_nuova":true,"contact_form":true,"attiva_flag_new_product":false,"product_home":"0","attiva_special_message":"disattivo","product_titolo_it":"LEVIGATRICE ORBITALE PALMARE PNEUMATICA RE21ALN 70 X 198 VELCRO ORB 3mm","product_titolo_de":"PNEUMATISCHER EINHAND-EXZENTERSCHLEIFER RE21ALN 70X198 KLETT HUB 3mm","product_titolo_fr":"PONCEUSE ORBITALE A MAIN RE21ALN 70X198VELCRO ORB 3mm","product_titolo_es":"LIJADORA ORBITAL  DE PALMA NEUMATICA RE21ALN 70X198VELCRO ORB 3mm","product_descrizione_en":"<p>Pneumati orbital palm sander 70X198mm extremely well balanced palm sanders<br \/>\nDesigned for high abrasive power and for an optimal level of finish<br \/>\nEquipped with multihole rubber plate for optimal suction (70&#215;198 mm)<br \/>\nSpeed regulation valve<br \/>\nDesigned for connection to extraction systems<br \/>\nParticularly compact and handle body<br \/>\nExcellent extraction capacity<\/p>\n<p><b>Pneumati orbital palm sander 70X198mm applications<\/b><\/p>\n<ul>\n<li>Universal application for sanding and preparing sheet metals and substrates<\/li>\n<li>Excellent working capacity in inaccessible areas, such as sections, beading and large-radius curved surfaces<\/li>\n<li>Preparation of substrates and fillers<\/li>\n<li>Ideal for working in small to medium-sized areas<\/li>\n<\/ul>\n","product_descrizione_it":"<p>Levigatrice orbitale pneumatica palmare 70X198mm levigatrici palmari estremamente ben bilanciate<br \/>\nProgettato per un elevato potere abrasivo e per un livello di finitura ottimale<br \/>\nDotato di piastra in gomma multiforo per un&rsquo;aspirazione ottimale (70&#215;198 mm)<br \/>\nValvola di regolazione della velocit\u00e0<br \/>\nProgettato per il collegamento a sistemi di aspirazione<br \/>\nCorpo particolarmente compatto e manico<br \/>\nOttima capacit\u00e0 di estrazione<\/p>\n<p><b> Levigatrice orbitale pneumatica palmare 70X198mm applicazioni <\/b><\/p>\n<ul>\n<li>Applicazione universale per levigare e preparare lamiere e substrati<\/li>\n<li>Eccellente capacit\u00e0 di lavoro in aree inaccessibili, come sezioni, bordature e superfici curve di grande raggio<\/li>\n<li>Preparazione di substrati e riempitivi<\/li>\n<li>Ideale per lavorare in aree di piccole e medie dimensioni<\/li>\n<\/ul>\n","product_descrizione_de":"<p>Pneumati Orbital Palm Sander 70X198mm extrem gut ausbalancierte Palmschleifer<br \/>\nEntwickelt f\u00fcr hohe Schleifkraft und ein optimales Finish<br \/>\nAusgestattet mit Mehrlochgummiplatte f\u00fcr optimale Saugleistung (70&#215;198 mm)<br \/>\nDrehzahlregelventil<br \/>\nEntwickelt f\u00fcr den Anschluss an Absaugsysteme<br \/>\nBesonders kompakter und griffiger K\u00f6rper<br \/>\nHervorragende Extraktionskapazit\u00e4t<\/p>\n<p><b> Pneumati-Handfl\u00e4chenschleifer 70X198mm-Anwendungen &lt;\/ b&gt;<\/b><\/p>\n<ul>\n<li>Universelle Anwendung zum Schleifen und Vorbereiten von Blechen und Substraten &lt;\/ li&gt;<\/li>\n<li>Hervorragende Arbeitsf\u00e4higkeit in unzug\u00e4nglichen Bereichen wie Abschnitten, Perlen und gekr\u00fcmmten Oberfl\u00e4chen mit gro\u00dfem Radius &lt;\/ li&gt;<\/li>\n<li>Vorbereitung von Substraten und F\u00fcllstoffen &lt;\/ li&gt;<\/li>\n<li>Ideal f\u00fcr Arbeiten in kleinen bis mittelgro\u00dfen Bereichen &lt;\/ li&gt;<br \/>\n&lt;\/ ul&gt;<\/li>\n<\/ul>\n","product_descrizione_fr":"<p>Ponceuse \u00e0 paume orbitale Pneumati 70X198mm Ponceuses \u00e0 paume extr\u00eamement bien \u00e9quilibr\u00e9es<br \/>\nCon\u00e7u pour un pouvoir abrasif \u00e9lev\u00e9 et pour un niveau de finition optimal<br \/>\n\u00c9quip\u00e9 d&rsquo;une plaque en caoutchouc multi-trous pour une aspiration optimale (70&#215;198 mm)<br \/>\nVanne de r\u00e9gulation de vitesse<br \/>\nCon\u00e7u pour la connexion aux syst\u00e8mes d&rsquo;extraction<br \/>\nCorps particuli\u00e8rement compact et poign\u00e9e<br \/>\nExcellente capacit\u00e9 d&rsquo;extraction<\/p>\n<p><b> Applications de la ponceuse \u00e0 main orbitale Pneumati 70X198mm <\/b><\/p>\n<ul>\n<li>Application universelle pour le pon\u00e7age et la pr\u00e9paration de t\u00f4les et substrats<\/li>\n<li>Excellente capacit\u00e9 de travail dans les zones inaccessibles, telles que les sections, les baguettes et les surfaces courbes \u00e0 grand rayon<\/li>\n<li>Pr\u00e9paration des substrats et des charges<\/li>\n<li>Id\u00e9al pour travailler dans des zones de petite \u00e0 moyenne taille<\/li>\n<\/ul>\n","product_descrizione_es":"<p>Lijadora de palma orbital Pneumati 70X198mm lijadoras de palma extremadamente bien equilibradas<br \/>\nDise\u00f1ado para un alto poder abrasivo y para un nivel \u00f3ptimo de acabado<br \/>\nEquipado con placa de goma de m\u00faltiples orificios para una aspiraci\u00f3n \u00f3ptima (70&#215;198 mm)<br \/>\nV\u00e1lvula reguladora de velocidad<br \/>\nDise\u00f1ado para conexi\u00f3n a sistemas de extracci\u00f3n<br \/>\nCuerpo especialmente compacto y con asa<br \/>\nExcelente capacidad de extracci\u00f3n<\/p>\n<p><b> Lijadora orbital de palma Pneumati Aplicaciones 70X198mm <\/b><\/p>\n<ul>\n<li>Aplicaci\u00f3n universal para lijar y preparar chapas y sustratos<\/li>\n<li>Excelente capacidad de trabajo en \u00e1reas inaccesibles, como secciones, rebordes y superficies curvas de gran radio<\/li>\n<li>Preparaci\u00f3n de sustratos y rellenos<\/li>\n<li>Ideal para trabajar en \u00e1reas peque\u00f1as y medianas<\/li>\n<\/ul>\n","product_scheda_en":"<table border=\"1\" cellspacing=\"1\" cellpadding=\"1\">\n<tbody>\n<tr>\n<td>Size rectangular pad (mm)<\/td>\n<td>70&#215;198<\/td>\n<\/tr>\n<tr>\n<td>Velcro plate<\/td>\n<td>\u2022<\/td>\n<\/tr>\n<tr>\n<td>Speed control<\/td>\n<td>\u2022<\/td>\n<\/tr>\n<tr>\n<td>Max consumption air (l\/min)<\/td>\n<td>360<\/td>\n<\/tr>\n<tr>\n<td>Weight (kg)<\/td>\n<td>0,850<\/td>\n<\/tr>\n<tr>\n<td>R.P.M.<\/td>\n<td>0 &#8211; 11000<\/td>\n<\/tr>\n<tr>\n<td>Working pressure (bar)<\/td>\n<td>6<\/td>\n<\/tr>\n<tr>\n<td>\u00d8 orbit (mm)<\/td>\n<td>3<\/td>\n<\/tr>\n<\/tbody>\n<\/table>\n","product_scheda_it":"<table border=\"1\" cellspacing=\"1\" cellpadding=\"1\">\n<tbody>\n<tr>\n<td>Dimensioni platorello rettangolare (mm)<\/td>\n<td>70&#215;198<\/td>\n<\/tr>\n<tr>\n<td>Piastra velcro<\/td>\n<td>\u2022<\/td>\n<\/tr>\n<tr>\n<td>Regolazione di velocit\u00e0<\/td>\n<td>\u2022<\/td>\n<\/tr>\n<tr>\n<td>Consumo d&rsquo;aria max (l\/min)<\/td>\n<td>360<\/td>\n<\/tr>\n<tr>\n<td>Peso (kg)<\/td>\n<td>0,850<\/td>\n<\/tr>\n<tr>\n<td>R.P.M.<\/td>\n<td>0 &#8211; 11000<\/td>\n<\/tr>\n<tr>\n<td>Pressione d&rsquo;esercizio (bar)<\/td>\n<td>6<\/td>\n<\/tr>\n<tr>\n<td>\u00d8 orbita (mm)<\/td>\n<td>3<\/td>\n<\/tr>\n<\/tbody>\n<\/table>\n","product_scheda_de":"<table border=\"1\" cellspacing=\"1\" cellpadding=\"1\">\n<tbody>\n<tr>\n<td>Gr\u00f6\u00dfe Schleifplatte (mm)<\/td>\n<td>70&#215;198<\/td>\n<\/tr>\n<tr>\n<td>Klettplatte<\/td>\n<td>\u2022<\/td>\n<\/tr>\n<tr>\n<td>Regulierung der Geschwindigkeit<\/td>\n<td>\u2022<\/td>\n<\/tr>\n<tr>\n<td>Luftverbrauch (l\/min)<\/td>\n<td>360<\/td>\n<\/tr>\n<tr>\n<td>Gewicht (kg)<\/td>\n<td>0,850<\/td>\n<\/tr>\n<tr>\n<td>R.P.M.<\/td>\n<td>0 &#8211; 11000<\/td>\n<\/tr>\n<tr>\n<td>Betriebsdruck (bar)<\/td>\n<td>6<\/td>\n<\/tr>\n<tr>\n<td>\u00d8 Schleifhub (mm)<\/td>\n<td>3<\/td>\n<\/tr>\n<\/tbody>\n<\/table>\n","product_scheda_fr":"<table border=\"1\" cellspacing=\"1\" cellpadding=\"1\">\n<tbody>\n<tr>\n<td>Dimensions plateau rectangulaire (mm)<\/td>\n<td>70&#215;198<\/td>\n<\/tr>\n<tr>\n<td>Plateau velcro<\/td>\n<td>\u2022<\/td>\n<\/tr>\n<tr>\n<td>R\u00e9glage de la vitesse<\/td>\n<td>\u2022<\/td>\n<\/tr>\n<tr>\n<td>Consommation max d\u2019air (l\/min)<\/td>\n<td>360<\/td>\n<\/tr>\n<tr>\n<td>Poids (kg)<\/td>\n<td>0,850<\/td>\n<\/tr>\n<tr>\n<td>R.P.M.<\/td>\n<td>0 &#8211; 11000<\/td>\n<\/tr>\n<tr>\n<td>Pression de service (bar)<\/td>\n<td>6<\/td>\n<\/tr>\n<tr>\n<td>\u00d8 orbite (mm)<\/td>\n<td>3<\/td>\n<\/tr>\n<\/tbody>\n<\/table>\n","product_scheda_es":"<table border=\"1\" cellspacing=\"1\" cellpadding=\"1\">\n<tbody>\n<tr>\n<td>Tama\u00f1o de la almohadilla rectangular (mm)<\/td>\n<td>70 x 198<\/td>\n<\/tr>\n<tr>\n<td>Placa de velcro<\/td>\n<td>\u2022<\/td>\n<\/tr>\n<tr>\n<td>Control de velocidad<\/td>\n<td>\u2022<\/td>\n<\/tr>\n<tr>\n<td>Consumo m\u00e1ximo de aire (l\/min)<\/td>\n<td>360<\/td>\n<\/tr>\n<tr>\n<td>Peso (kg)<\/td>\n<td>0,850<\/td>\n<\/tr>\n<tr>\n<td>R.P.M.<\/td>\n<td>0 &#8211; 11000<\/td>\n<\/tr>\n<tr>\n<td>Presi\u00f3n de trabajo (bar)<\/td>\n<td>6<\/td>\n<\/tr>\n<tr>\n<td>&amp; Oslash; \u00f3rbita (mm)<\/td>\n<td>3<\/td>\n<\/tr>\n<\/tbody>\n<\/table>\n","thumb":false,"gallery":[{"ID":1001395150,"id":1001395150,"title":"RE21ALN_Pneumati-orbital--palm-sander-70X198mm-velcro-pad-and-3mm-orbit","filename":"RE21ALN_Pneumati-orbital-palm-sander-70X198mm-velcro-pad-and-3mm-orbit.jpg","filesize":56271,"url":"https:\/\/www.rupes.com\/wp-content\/uploads\/2019\/03\/RE21ALN_Pneumati-orbital-palm-sander-70X198mm-velcro-pad-and-3mm-orbit.jpg","link":"https:\/\/www.rupes.com\/fr\/product\/pneumati-orbital-palm-sander-70x198mm-velcro-pad-and-3mm-orbit-re21aln\/re21aln_pneumati-orbital-palm-sander-70x198mm-velcro-pad-and-3mm-orbit-2\/","alt":"","author":"1","description":"","caption":"","name":"re21aln_pneumati-orbital-palm-sander-70x198mm-velcro-pad-and-3mm-orbit-2","status":"inherit","uploaded_to":1001384889,"date":"2020-11-13 10:30:09","modified":"2020-11-13 10:30:15","menu_order":0,"mime_type":"image\/jpeg","type":"image","subtype":"jpeg","icon":"https:\/\/www.rupes.com\/wp-includes\/images\/media\/default.png","width":1200,"height":800,"sizes":{"thumbnail":"https:\/\/www.rupes.com\/wp-content\/uploads\/2019\/03\/RE21ALN_Pneumati-orbital-palm-sander-70X198mm-velcro-pad-and-3mm-orbit-150x150.jpg","thumbnail-width":150,"thumbnail-height":150,"medium":"https:\/\/www.rupes.com\/wp-content\/uploads\/2019\/03\/RE21ALN_Pneumati-orbital-palm-sander-70X198mm-velcro-pad-and-3mm-orbit-300x200.jpg","medium-width":300,"medium-height":200,"medium_large":"https:\/\/www.rupes.com\/wp-content\/uploads\/2019\/03\/RE21ALN_Pneumati-orbital-palm-sander-70X198mm-velcro-pad-and-3mm-orbit-768x512.jpg","medium_large-width":768,"medium_large-height":512,"large":"https:\/\/www.rupes.com\/wp-content\/uploads\/2019\/03\/RE21ALN_Pneumati-orbital-palm-sander-70X198mm-velcro-pad-and-3mm-orbit-1024x683.jpg","large-width":1024,"large-height":683,"1536x1536":"https:\/\/www.rupes.com\/wp-content\/uploads\/2019\/03\/RE21ALN_Pneumati-orbital-palm-sander-70X198mm-velcro-pad-and-3mm-orbit.jpg","1536x1536-width":1200,"1536x1536-height":800,"2048x2048":"https:\/\/www.rupes.com\/wp-content\/uploads\/2019\/03\/RE21ALN_Pneumati-orbital-palm-sander-70X198mm-velcro-pad-and-3mm-orbit.jpg","2048x2048-width":1200,"2048x2048-height":800,"thumb_news":"https:\/\/www.rupes.com\/wp-content\/uploads\/2019\/03\/RE21ALN_Pneumati-orbital-palm-sander-70X198mm-velcro-pad-and-3mm-orbit-350x200.jpg","thumb_news-width":350,"thumb_news-height":200,"boxhome_small":"https:\/\/www.rupes.com\/wp-content\/uploads\/2019\/03\/RE21ALN_Pneumati-orbital-palm-sander-70X198mm-velcro-pad-and-3mm-orbit-200x100.jpg","boxhome_small-width":200,"boxhome_small-height":100,"boxhome_medium":"https:\/\/www.rupes.com\/wp-content\/uploads\/2019\/03\/RE21ALN_Pneumati-orbital-palm-sander-70X198mm-velcro-pad-and-3mm-orbit-300x150.jpg","boxhome_medium-width":300,"boxhome_medium-height":150,"boxhome_large":"https:\/\/www.rupes.com\/wp-content\/uploads\/2019\/03\/RE21ALN_Pneumati-orbital-palm-sander-70X198mm-velcro-pad-and-3mm-orbit-450x200.jpg","boxhome_large-width":450,"boxhome_large-height":200,"boxproducts_large":"https:\/\/www.rupes.com\/wp-content\/uploads\/2019\/03\/RE21ALN_Pneumati-orbital-palm-sander-70X198mm-velcro-pad-and-3mm-orbit-1200x700.jpg","boxproducts_large-width":1200,"boxproducts_large-height":700,"boxproducts_midlarge":"https:\/\/www.rupes.com\/wp-content\/uploads\/2019\/03\/RE21ALN_Pneumati-orbital-palm-sander-70X198mm-velcro-pad-and-3mm-orbit-1200x560.jpg","boxproducts_midlarge-width":1200,"boxproducts_midlarge-height":560,"boxproducts_medium":"https:\/\/www.rupes.com\/wp-content\/uploads\/2019\/03\/RE21ALN_Pneumati-orbital-palm-sander-70X198mm-velcro-pad-and-3mm-orbit-1024x450.jpg","boxproducts_medium-width":1024,"boxproducts_medium-height":450,"boxproducts_small":"https:\/\/www.rupes.com\/wp-content\/uploads\/2019\/03\/RE21ALN_Pneumati-orbital-palm-sander-70X198mm-velcro-pad-and-3mm-orbit-700x305.jpg","boxproducts_small-width":700,"boxproducts_small-height":305,"boxproducts_mobile":"https:\/\/www.rupes.com\/wp-content\/uploads\/2019\/03\/RE21ALN_Pneumati-orbital-palm-sander-70X198mm-velcro-pad-and-3mm-orbit-400x175.jpg","boxproducts_mobile-width":400,"boxproducts_mobile-height":175,"product_thumb":"https:\/\/www.rupes.com\/wp-content\/uploads\/2019\/03\/RE21ALN_Pneumati-orbital-palm-sander-70X198mm-velcro-pad-and-3mm-orbit-300x200.jpg","product_thumb-width":300,"product_thumb-height":200,"product_home":"https:\/\/www.rupes.com\/wp-content\/uploads\/2019\/03\/RE21ALN_Pneumati-orbital-palm-sander-70X198mm-velcro-pad-and-3mm-orbit-1200x700.jpg","product_home-width":1200,"product_home-height":700,"gallery_first":"https:\/\/www.rupes.com\/wp-content\/uploads\/2019\/03\/RE21ALN_Pneumati-orbital-palm-sander-70X198mm-velcro-pad-and-3mm-orbit-750x500.jpg","gallery_first-width":750,"gallery_first-height":500,"gallery_thumb":"https:\/\/www.rupes.com\/wp-content\/uploads\/2019\/03\/RE21ALN_Pneumati-orbital-palm-sander-70X198mm-velcro-pad-and-3mm-orbit-105x70.jpg","gallery_thumb-width":105,"gallery_thumb-height":70,"category_image":"https:\/\/www.rupes.com\/wp-content\/uploads\/2019\/03\/RE21ALN_Pneumati-orbital-palm-sander-70X198mm-velcro-pad-and-3mm-orbit-200x133.jpg","category_image-width":200,"category_image-height":133,"category_thumb":"https:\/\/www.rupes.com\/wp-content\/uploads\/2019\/03\/RE21ALN_Pneumati-orbital-palm-sander-70X198mm-velcro-pad-and-3mm-orbit-100x67.jpg","category_thumb-width":100,"category_thumb-height":67}}],"videos":false,"files":[{"label":"diagram","etichetta_en":"","etichetta_it":"","etichetta_de":"","etichetta_fr":"","etichetta_es":"","multilingua":"no","file":{"ID":1001402373,"id":1001402373,"title":"RE21ALN 09-2015","filename":"RE21ALN-09-2015.pdf","filesize":662774,"url":"https:\/\/www.rupes.com\/wp-content\/uploads\/2019\/03\/RE21ALN-09-2015.pdf","link":"https:\/\/www.rupes.com\/fr\/product\/pneumati-orbital-palm-sander-70x198mm-velcro-pad-and-3mm-orbit-re21aln\/re21aln-09-2015-2\/","alt":"","author":"1","description":"","caption":"","name":"re21aln-09-2015-2","status":"inherit","uploaded_to":1001384889,"date":"2022-11-04 10:59:32","modified":"2022-11-04 10:59:32","menu_order":0,"mime_type":"application\/pdf","type":"application","subtype":"pdf","icon":"https:\/\/www.rupes.com\/wp-includes\/images\/media\/document.png"},"url_file":"","file_or_url":"file","file_it":false,"url_it":"","file_or_url_it":"file","file_de":false,"url_de":"","file_or_url_de":"file","file_fr":false,"url_fr":"","file_or_url_fr":"file","file_es":false,"url_es":"","file_or_url_es":"file"}],"product_b2b_code":"RE21ALN","blocco_dimensione":false,"varianti":false,"kit_vendita":false,"blocchi_prodotti_correlati":false,"seleziona_tag_notizie":false,"seleziona_le_recensioni":"","product_b2b_pdf":"https:\/\/b2b.rupes.com\/cdn\/b2b.rupes.com\/areaftp\/esplosipdf\/RE21ALNRIC000.pdf","google_review_link":"","attiva_collegamento":false,"attiva_voice_speech":false,"code_usermanuals":"9.2180","code_usermanuals_usa":""},"_links":{"self":[{"href":"https:\/\/www.rupes.com\/fr\/wp-json\/wp\/v2\/products\/1001384889","targetHints":{"allow":["GET"]}}],"collection":[{"href":"https:\/\/www.rupes.com\/fr\/wp-json\/wp\/v2\/products"}],"about":[{"href":"https:\/\/www.rupes.com\/fr\/wp-json\/wp\/v2\/types\/product"}],"wp:attachment":[{"href":"https:\/\/www.rupes.com\/fr\/wp-json\/wp\/v2\/media?parent=1001384889"}],"wp:term":[{"taxonomy":"category_product","embeddable":true,"href":"https:\/\/www.rupes.com\/fr\/wp-json\/wp\/v2\/categoryproduct?post=1001384889"}],"curies":[{"name":"wp","href":"https:\/\/api.w.org\/{rel}","templated":true}]}}