{"id":1001384885,"date":"2019-03-08T02:19:40","date_gmt":"2019-03-08T02:19:40","guid":{"rendered":""},"modified":"2024-09-25T09:54:05","modified_gmt":"2024-09-25T07:54:05","slug":"pneumatic-random-orbital-palm-sander-with150mm-velcro-pad-and-5mm-orbit-ra150a","status":"publish","type":"product","link":"https:\/\/www.rupes.com\/fr\/product\/pneumatic-random-orbital-palm-sander-with150mm-velcro-pad-and-5mm-orbit-ra150a\/","title":{"rendered":"Pneumatic random orbital palm sander with150mm velcro pad and 5mm orbit &#8211; RA150A"},"content":{"rendered":"<p>Pneumatic random orbital palm sander, quick release button for the pad without using keys<br \/>\nTop quality machine, light, powerful, accurate, silent and very well balanced<br \/>\nVersatile and easy to use, capable of high abrasive power and of an optimal level of finish<br \/>\nRotary orbital motion: the combination of orbit and rotation ensures optimal sanding results<br \/>\nMuch reduced vibration levels thanks to optimal balancing<br \/>\nFitted with an anti spinning system which accelerates the pad slowly during start up, thereby avoiding surface scuffing<br \/>\nSpeed regulation valve<br \/>\nPressure regulator eliminating the \u00ab\u00a0blow back\u00a0\u00bb effect of the pad on the surface<\/p>\n<p><img fetchpriority=\"high\" decoding=\"async\" class=\"aligncenter size-medium wp-image-1001395137\" src=\"https:\/\/www.rupes.com\/wp-content\/uploads\/2019\/03\/RA150A_Pneumatic_Random_orbital_sander-300x200.jpg\" alt=\"RA150A - Pneumatic Random orbital sander\" width=\"300\" height=\"200\" srcset=\"https:\/\/www.rupes.com\/wp-content\/uploads\/2019\/03\/RA150A_Pneumatic_Random_orbital_sander-300x200.jpg 300w, https:\/\/www.rupes.com\/wp-content\/uploads\/2019\/03\/RA150A_Pneumatic_Random_orbital_sander-1024x683.jpg 1024w, https:\/\/www.rupes.com\/wp-content\/uploads\/2019\/03\/RA150A_Pneumatic_Random_orbital_sander-768x512.jpg 768w, https:\/\/www.rupes.com\/wp-content\/uploads\/2019\/03\/RA150A_Pneumatic_Random_orbital_sander-750x500.jpg 750w, https:\/\/www.rupes.com\/wp-content\/uploads\/2019\/03\/RA150A_Pneumatic_Random_orbital_sander-105x70.jpg 105w, https:\/\/www.rupes.com\/wp-content\/uploads\/2019\/03\/RA150A_Pneumatic_Random_orbital_sander-200x133.jpg 200w, https:\/\/www.rupes.com\/wp-content\/uploads\/2019\/03\/RA150A_Pneumatic_Random_orbital_sander-100x67.jpg 100w, https:\/\/www.rupes.com\/wp-content\/uploads\/2019\/03\/RA150A_Pneumatic_Random_orbital_sander.jpg 1200w\" sizes=\"(max-width: 300px) 100vw, 300px\" \/><\/p>\n<p><b>Pneumatic random orbital palm sander applications<\/b><\/p>\n<ul>\n<li>Universal application for sanding wood, plastics, metals and painted surfaces, suitable for roughening and finishing work<\/li>\n<li>Sanding fibreglass and \u00ab\u00a0gelcoat\u00a0\u00bb materials<\/li>\n<\/ul>\n","protected":false},"featured_media":0,"template":"","meta":{"_acf_changed":false},"categoryproduct":[888965181,888965184],"class_list":["post-1001384885","product","type-product","status-publish","hentry","category_product-pneumatic-tools","category_product-pneumatic-tools-sanders"],"acf":{"product_codice":"RA150A","scheda_nuova":true,"contact_form":true,"attiva_flag_new_product":false,"product_home":"0","attiva_special_message":"disattivo","product_titolo_it":"LEVIGATRICE ROTORBITALE PALMARE PNEUMATICA RA150A &Oslash; 150mm VELCRO ORB 5mm ","product_titolo_de":"PNEUMATISCHER EINHAND-EXZENTERSCHLEIFER RA150A &Oslash; 150mm KLETT HUB 5mm","product_titolo_fr":"PONCEUSE ORBITALE A MAIN RA150A &Oslash; 150mm VELCRO ORB 5mm","product_titolo_es":"LIJADORA ORBITAL ALEATORIA DE PALMA NEUMATICA RA150A &Oslash; 150mm VELCRO ORB 5mm","product_descrizione_en":"<p>Pneumatic random orbital palm sander, quick release button for the pad without using keys<br \/>\nTop quality machine, light, powerful, accurate, silent and very well balanced<br \/>\nVersatile and easy to use, capable of high abrasive power and of an optimal level of finish<br \/>\nRotary orbital motion: the combination of orbit and rotation ensures optimal sanding results<br \/>\nMuch reduced vibration levels thanks to optimal balancing<br \/>\nFitted with an anti spinning system which accelerates the pad slowly during start up, thereby avoiding surface scuffing<br \/>\nSpeed regulation valve<br \/>\nPressure regulator eliminating the \u00ab\u00a0blow back\u00a0\u00bb effect of the pad on the surface<\/p>\n<p><b>Pneumatic random orbital palm sander applications<\/b><\/p>\n<ul>\n<li>Universal application for sanding wood, plastics, metals and painted surfaces, suitable for roughening and finishing work<\/li>\n<li>Sanding fibreglass and \u00ab\u00a0gelcoat\u00a0\u00bb materials<\/li>\n<\/ul>\n","product_descrizione_it":"<p>Levigatrice rotorbitale palmare pneumatica, pulsante di sgancio rapido del tampone senza l&rsquo;utilizzo di chiavi<br \/>\nMacchina di altissima qualit\u00e0, leggera, potente, precisa, silenziosa e molto ben bilanciata<br \/>\nVersatile e di facile utilizzo, capace di un elevato potere abrasivo e di un ottimo livello di finitura<br \/>\nMovimento orbitale rotatorio: la combinazione di orbita e rotazione garantisce risultati di levigatura ottimali<br \/>\nLivelli di vibrazione molto ridotti grazie al bilanciamento ottimale<br \/>\nDotato di un sistema anti spinning che accelera lentamente il pad in fase di avviamento, evitando cos\u00ec lo sfregamento della superficie<br \/>\nValvola di regolazione della velocit\u00e0<br \/>\nRegolatore di pressione che elimina l&rsquo;effetto \u00ab\u00a0blow back\u00a0\u00bb del tampone sulla superficie<\/p>\n<p><b> Applicazioni di levigatrice palmare orbitale casuale pneumatica <\/b><\/p>\n<ul>\n<li>Applicazione universale per la levigatura di legno, plastica, metalli e superfici verniciate, adatta per lavori di irruvidimento e finitura<\/li>\n<li>Levigatura di materiali in fibra di vetro e \u00ab\u00a0gelcoat\u00a0\u00bb<\/li>\n<\/ul>\n","product_descrizione_de":"<p>Pneumatischer zuf\u00e4lliger Exzenterschleifer, Schnellverschluss f\u00fcr das Pad ohne Verwendung von Schl\u00fcsseln<br \/>\nHochwertige Maschine, leicht, leistungsstark, pr\u00e4zise, leise und sehr gut ausbalanciert<br \/>\nVielseitig und einfach zu bedienen, mit hoher Schleifkraft und optimalem Finish<br \/>\nRotationsorbitalbewegung: Die Kombination aus Orbit und Rotation sorgt f\u00fcr optimale Schleifergebnisse<br \/>\nStark reduzierte Vibrationen dank optimaler Balance<br \/>\nAusgestattet mit einem Anti-Spinning-System, das das Pad beim Start langsam beschleunigt und so Oberfl\u00e4chenabrieb vermeidet<br \/>\nDrehzahlregelventil<br \/>\nDruckregler eliminiert den \u00ab\u00a0Blow Back\u00a0\u00bb -Effekt des Pads auf der Oberfl\u00e4che<\/p>\n<p><b> Pneumatische zuf\u00e4llige Orbital-Palmenschleiferanwendungen &lt;\/ b&gt;<\/b><\/p>\n<ul>\n<li>Universelle Anwendung zum Schleifen von Holz, Kunststoffen, Metallen und lackierten Oberfl\u00e4chen, geeignet zum Aufrauhen und Schlichten &lt;\/ li&gt;<\/li>\n<li>Schleifen von Glasfaser- und \u00ab\u00a0Gelcoat\u00a0\u00bb -Materialien &lt;\/ li&gt;<br \/>\n&lt;\/ ul&gt;<\/li>\n<\/ul>\n","product_descrizione_fr":"<p>Ponceuse de paume orbitale al\u00e9atoire pneumatique, bouton de d\u00e9gagement rapide pour le tampon sans utiliser de touches<br \/>\nMachine de qualit\u00e9 sup\u00e9rieure, l\u00e9g\u00e8re, puissante, pr\u00e9cise, silencieuse et tr\u00e8s bien \u00e9quilibr\u00e9e<br \/>\nPolyvalent et facile \u00e0 utiliser, capable d&rsquo;un pouvoir abrasif \u00e9lev\u00e9 et d&rsquo;un niveau de finition optimal<br \/>\nMouvement orbital rotatif: la combinaison de l&rsquo;orbite et de la rotation garantit des r\u00e9sultats de pon\u00e7age optimaux<br \/>\nNiveaux de vibration tr\u00e8s r\u00e9duits gr\u00e2ce \u00e0 un \u00e9quilibrage optimal<br \/>\n\u00c9quip\u00e9 d&rsquo;un syst\u00e8me anti-rotation qui acc\u00e9l\u00e8re lentement le tampon au d\u00e9marrage, \u00e9vitant ainsi les \u00e9raflures de surface<br \/>\nVanne de r\u00e9gulation de vitesse<br \/>\nR\u00e9gulateur de pression \u00e9liminant l&rsquo;effet de \u00abrefoulement\u00bb du tampon sur la surface<\/p>\n<p><b> Applications de ponceuses pneumatiques orbitales \u00e0 paume <\/b><\/p>\n<ul>\n<li>Application universelle pour le pon\u00e7age du bois, des plastiques, des m\u00e9taux et des surfaces peintes, convient aux travaux de rugosit\u00e9 et de finition<\/li>\n<li>Pon\u00e7age des mat\u00e9riaux en fibre de verre et \u00ab\u00a0gelcoat\u00a0\u00bb<\/li>\n<\/ul>\n","product_descrizione_es":"<p>Lijadora de palma neum\u00e1tica orbital aleatoria, bot\u00f3n de liberaci\u00f3n r\u00e1pida para la almohadilla sin usar teclas<br \/>\nM\u00e1quina de primera calidad, ligera, potente, precisa, silenciosa y muy bien equilibrada<br \/>\nVers\u00e1til y f\u00e1cil de usar, capaz de un alto poder abrasivo y de un nivel \u00f3ptimo de acabado.<br \/>\nMovimiento orbital rotatorio: la combinaci\u00f3n de \u00f3rbita y rotaci\u00f3n asegura unos resultados de lijado \u00f3ptimos<br \/>\nNiveles de vibraci\u00f3n muy reducidos gracias a un equilibrio \u00f3ptimo<br \/>\nEquipado con un sistema anti-giro que acelera la almohadilla lentamente durante el arranque, evitando as\u00ed el rayado de la superficie.<br \/>\nV\u00e1lvula reguladora de velocidad<br \/>\nRegulador de presi\u00f3n que elimina el efecto \u00ab\u00a0retroceso\u00a0\u00bb de la almohadilla en la superficie<\/p>\n<p><b> Aplicaciones de lijadora de palma orbital neum\u00e1tica <\/b><\/p>\n<ul>\n<li>Aplicaci\u00f3n universal para lijar madera, pl\u00e1sticos, metales y superficies pintadas, adecuado para trabajos de desbaste y acabado<\/li>\n<li>Lijado de materiales de fibra de vidrio y \u00ab\u00a0gelcoat\u00a0\u00bb<\/li>\n<\/ul>\n","product_scheda_en":"<table border=\"1\" cellspacing=\"1\" cellpadding=\"1\">\n<tbody>\n<tr>\n<td>Backing pad thread<\/td>\n<td>5\/16&Prime;<\/td>\n<\/tr>\n<tr>\n<td>Shaft locking button<\/td>\n<td>\u2022<\/td>\n<\/tr>\n<tr>\n<td>Speed control<\/td>\n<td>\u2022<\/td>\n<\/tr>\n<tr>\n<td>Max consumption air (l\/min)<\/td>\n<td>380<\/td>\n<\/tr>\n<tr>\n<td>Weight (kg)<\/td>\n<td>0,950<\/td>\n<\/tr>\n<tr>\n<td>R.P.M.<\/td>\n<td>off &#8211; 11000<\/td>\n<\/tr>\n<tr>\n<td>Working pressure (bar)<\/td>\n<td>6<\/td>\n<\/tr>\n<tr>\n<td>\u00d8 orbit (mm)<\/td>\n<td>5<\/td>\n<\/tr>\n<tr>\n<td>\u00d8 backing pad (mm)<\/td>\n<td>150<\/td>\n<\/tr>\n<\/tbody>\n<\/table>\n","product_scheda_it":"<table border=\"1\" cellspacing=\"1\" cellpadding=\"1\">\n<tbody>\n<tr>\n<td>Attacco<\/td>\n<td>5\/16&Prime;<\/td>\n<\/tr>\n<tr>\n<td>Tasto blocca albero<\/td>\n<td>\u2022<\/td>\n<\/tr>\n<tr>\n<td>Regolazione di velocit\u00e0<\/td>\n<td>\u2022<\/td>\n<\/tr>\n<tr>\n<td>Consumo d&rsquo;aria max (l\/min)<\/td>\n<td>380<\/td>\n<\/tr>\n<tr>\n<td>Peso (kg)<\/td>\n<td>0,950<\/td>\n<\/tr>\n<tr>\n<td>R.P.M.<\/td>\n<td>off &#8211; 11000<\/td>\n<\/tr>\n<tr>\n<td>Pressione d&rsquo;esercizio (bar)<\/td>\n<td>6<\/td>\n<\/tr>\n<tr>\n<td>\u00d8 orbita (mm)<\/td>\n<td>5<\/td>\n<\/tr>\n<tr>\n<td>\u00d8 platorello (mm)<\/td>\n<td>150<\/td>\n<\/tr>\n<\/tbody>\n<\/table>\n","product_scheda_de":"<table border=\"1\" cellspacing=\"1\" cellpadding=\"1\">\n<tbody>\n<tr>\n<td>Anschluss<\/td>\n<td>5\/16&Prime;<\/td>\n<\/tr>\n<tr>\n<td>Spindelarretierung Taste<\/td>\n<td>\u2022<\/td>\n<\/tr>\n<tr>\n<td>Regulierung der Geschwindigkeit<\/td>\n<td>\u2022<\/td>\n<\/tr>\n<tr>\n<td>Luftverbrauch (l\/min)<\/td>\n<td>380<\/td>\n<\/tr>\n<tr>\n<td>Gewicht (kg)<\/td>\n<td>0,950<\/td>\n<\/tr>\n<tr>\n<td>R.P.M.<\/td>\n<td>off &#8211; 11000<\/td>\n<\/tr>\n<tr>\n<td>Betriebsdruck (bar)<\/td>\n<td>6<\/td>\n<\/tr>\n<tr>\n<td>\u00d8 Schleifhub (mm)<\/td>\n<td>5<\/td>\n<\/tr>\n<tr>\n<td>\u00d8 Klett Schleifteller (mm)<\/td>\n<td>150<\/td>\n<\/tr>\n<\/tbody>\n<\/table>\n","product_scheda_fr":"<table border=\"1\" cellspacing=\"1\" cellpadding=\"1\">\n<tbody>\n<tr>\n<td>Raccord<\/td>\n<td>5\/16&Prime;<\/td>\n<\/tr>\n<tr>\n<td>Touche d\u00e9crochage du albre<\/td>\n<td>\u2022<\/td>\n<\/tr>\n<tr>\n<td>R\u00e9glage de la vitesse<\/td>\n<td>\u2022<\/td>\n<\/tr>\n<tr>\n<td>Consommation max d\u2019air (l\/min)<\/td>\n<td>380<\/td>\n<\/tr>\n<tr>\n<td>Poids (kg)<\/td>\n<td>0,950<\/td>\n<\/tr>\n<tr>\n<td>R.P.M.<\/td>\n<td>off &#8211; 11000<\/td>\n<\/tr>\n<tr>\n<td>Pression de service (bar)<\/td>\n<td>6<\/td>\n<\/tr>\n<tr>\n<td>\u00d8 orbite (mm)<\/td>\n<td>5<\/td>\n<\/tr>\n<tr>\n<td>\u00d8 plateau (mm)<\/td>\n<td>150<\/td>\n<\/tr>\n<\/tbody>\n<\/table>\n","product_scheda_es":"<table border=\"1\" cellspacing=\"1\" cellpadding=\"1\">\n<tbody>\n<tr>\n<td>Hilo de la almohadilla de respaldo<\/td>\n<td>5\/16&Prime;<\/td>\n<\/tr>\n<tr>\n<td>Bot\u00f3n de bloqueo del eje<\/td>\n<td>\u2022<\/td>\n<\/tr>\n<tr>\n<td>Control de velocidad<\/td>\n<td>\u2022<\/td>\n<\/tr>\n<tr>\n<td>Consumo m\u00e1ximo de aire (l\/min)<\/td>\n<td>380<\/td>\n<\/tr>\n<tr>\n<td>Peso (kg)<\/td>\n<td>0,950<\/td>\n<\/tr>\n<tr>\n<td>R.P.M.<\/td>\n<td>apagado &#8211; 11000<\/td>\n<\/tr>\n<tr>\n<td>Presi\u00f3n de trabajo (bar)<\/td>\n<td>6<\/td>\n<\/tr>\n<tr>\n<td>&amp; Oslash; \u00f3rbita (mm)<\/td>\n<td>5<\/td>\n<\/tr>\n<tr>\n<td>&amp; Oslash; almohadilla de respaldo (mm)<\/td>\n<td>150<\/td>\n<\/tr>\n<\/tbody>\n<\/table>\n","thumb":false,"gallery":[{"ID":1001395138,"id":1001395138,"title":"RA150A_Pneumatic_Random_orbital_sander","filename":"RA150A_Pneumatic_Random_orbital_sander.jpg","filesize":74402,"url":"https:\/\/www.rupes.com\/wp-content\/uploads\/2019\/03\/RA150A_Pneumatic_Random_orbital_sander.jpg","link":"https:\/\/www.rupes.com\/fr\/product\/pneumatic-random-orbital-palm-sander-with150mm-velcro-pad-and-5mm-orbit-ra150a\/ra150a_pneumatic_random_orbital_sander-2\/","alt":"RA150A - Pneumatic Random orbital sander","author":"1","description":"RA150A - Pneumatic Random orbital sander","caption":"","name":"ra150a_pneumatic_random_orbital_sander-2","status":"inherit","uploaded_to":1001384885,"date":"2020-11-13 10:04:49","modified":"2020-11-13 10:05:13","menu_order":0,"mime_type":"image\/jpeg","type":"image","subtype":"jpeg","icon":"https:\/\/www.rupes.com\/wp-includes\/images\/media\/default.png","width":1200,"height":800,"sizes":{"thumbnail":"https:\/\/www.rupes.com\/wp-content\/uploads\/2019\/03\/RA150A_Pneumatic_Random_orbital_sander-150x150.jpg","thumbnail-width":150,"thumbnail-height":150,"medium":"https:\/\/www.rupes.com\/wp-content\/uploads\/2019\/03\/RA150A_Pneumatic_Random_orbital_sander-300x200.jpg","medium-width":300,"medium-height":200,"medium_large":"https:\/\/www.rupes.com\/wp-content\/uploads\/2019\/03\/RA150A_Pneumatic_Random_orbital_sander-768x512.jpg","medium_large-width":768,"medium_large-height":512,"large":"https:\/\/www.rupes.com\/wp-content\/uploads\/2019\/03\/RA150A_Pneumatic_Random_orbital_sander-1024x683.jpg","large-width":1024,"large-height":683,"1536x1536":"https:\/\/www.rupes.com\/wp-content\/uploads\/2019\/03\/RA150A_Pneumatic_Random_orbital_sander.jpg","1536x1536-width":1200,"1536x1536-height":800,"2048x2048":"https:\/\/www.rupes.com\/wp-content\/uploads\/2019\/03\/RA150A_Pneumatic_Random_orbital_sander.jpg","2048x2048-width":1200,"2048x2048-height":800,"thumb_news":"https:\/\/www.rupes.com\/wp-content\/uploads\/2019\/03\/RA150A_Pneumatic_Random_orbital_sander-350x200.jpg","thumb_news-width":350,"thumb_news-height":200,"boxhome_small":"https:\/\/www.rupes.com\/wp-content\/uploads\/2019\/03\/RA150A_Pneumatic_Random_orbital_sander-200x100.jpg","boxhome_small-width":200,"boxhome_small-height":100,"boxhome_medium":"https:\/\/www.rupes.com\/wp-content\/uploads\/2019\/03\/RA150A_Pneumatic_Random_orbital_sander-300x150.jpg","boxhome_medium-width":300,"boxhome_medium-height":150,"boxhome_large":"https:\/\/www.rupes.com\/wp-content\/uploads\/2019\/03\/RA150A_Pneumatic_Random_orbital_sander-450x200.jpg","boxhome_large-width":450,"boxhome_large-height":200,"boxproducts_large":"https:\/\/www.rupes.com\/wp-content\/uploads\/2019\/03\/RA150A_Pneumatic_Random_orbital_sander-1200x700.jpg","boxproducts_large-width":1200,"boxproducts_large-height":700,"boxproducts_midlarge":"https:\/\/www.rupes.com\/wp-content\/uploads\/2019\/03\/RA150A_Pneumatic_Random_orbital_sander-1200x560.jpg","boxproducts_midlarge-width":1200,"boxproducts_midlarge-height":560,"boxproducts_medium":"https:\/\/www.rupes.com\/wp-content\/uploads\/2019\/03\/RA150A_Pneumatic_Random_orbital_sander-1024x450.jpg","boxproducts_medium-width":1024,"boxproducts_medium-height":450,"boxproducts_small":"https:\/\/www.rupes.com\/wp-content\/uploads\/2019\/03\/RA150A_Pneumatic_Random_orbital_sander-700x305.jpg","boxproducts_small-width":700,"boxproducts_small-height":305,"boxproducts_mobile":"https:\/\/www.rupes.com\/wp-content\/uploads\/2019\/03\/RA150A_Pneumatic_Random_orbital_sander-400x175.jpg","boxproducts_mobile-width":400,"boxproducts_mobile-height":175,"product_thumb":"https:\/\/www.rupes.com\/wp-content\/uploads\/2019\/03\/RA150A_Pneumatic_Random_orbital_sander-300x200.jpg","product_thumb-width":300,"product_thumb-height":200,"product_home":"https:\/\/www.rupes.com\/wp-content\/uploads\/2019\/03\/RA150A_Pneumatic_Random_orbital_sander-1200x700.jpg","product_home-width":1200,"product_home-height":700,"gallery_first":"https:\/\/www.rupes.com\/wp-content\/uploads\/2019\/03\/RA150A_Pneumatic_Random_orbital_sander-750x500.jpg","gallery_first-width":750,"gallery_first-height":500,"gallery_thumb":"https:\/\/www.rupes.com\/wp-content\/uploads\/2019\/03\/RA150A_Pneumatic_Random_orbital_sander-105x70.jpg","gallery_thumb-width":105,"gallery_thumb-height":70,"category_image":"https:\/\/www.rupes.com\/wp-content\/uploads\/2019\/03\/RA150A_Pneumatic_Random_orbital_sander-200x133.jpg","category_image-width":200,"category_image-height":133,"category_thumb":"https:\/\/www.rupes.com\/wp-content\/uploads\/2019\/03\/RA150A_Pneumatic_Random_orbital_sander-100x67.jpg","category_thumb-width":100,"category_thumb-height":67}}],"videos":false,"files":false,"product_b2b_code":"RA150A","blocco_dimensione":false,"varianti":false,"kit_vendita":false,"blocchi_prodotti_correlati":false,"seleziona_tag_notizie":false,"seleziona_le_recensioni":"","product_b2b_pdf":"https:\/\/b2b.rupes.com\/cdn\/b2b.rupes.com\/areaftp\/esplosipdf\/RA150ARIC000.pdf","google_review_link":"https:\/\/www.google.com\/shopping\/product\/7783751616171326908\/reviews","attiva_collegamento":false,"attiva_voice_speech":false,"code_usermanuals":"9.2562","code_usermanuals_usa":""},"_links":{"self":[{"href":"https:\/\/www.rupes.com\/fr\/wp-json\/wp\/v2\/products\/1001384885","targetHints":{"allow":["GET"]}}],"collection":[{"href":"https:\/\/www.rupes.com\/fr\/wp-json\/wp\/v2\/products"}],"about":[{"href":"https:\/\/www.rupes.com\/fr\/wp-json\/wp\/v2\/types\/product"}],"wp:attachment":[{"href":"https:\/\/www.rupes.com\/fr\/wp-json\/wp\/v2\/media?parent=1001384885"}],"wp:term":[{"taxonomy":"category_product","embeddable":true,"href":"https:\/\/www.rupes.com\/fr\/wp-json\/wp\/v2\/categoryproduct?post=1001384885"}],"curies":[{"name":"wp","href":"https:\/\/api.w.org\/{rel}","templated":true}]}}