{"id":1001384874,"date":"2019-03-08T02:19:37","date_gmt":"2019-03-08T02:19:37","guid":{"rendered":""},"modified":"2024-09-25T09:55:18","modified_gmt":"2024-09-25T07:55:18","slug":"pneumatic-triple-action-polisher-bigfoot-125mm-pad-12mm-orbit-lta125","status":"publish","type":"product","link":"https:\/\/www.rupes.com\/fr\/product\/pneumatic-triple-action-polisher-bigfoot-125mm-pad-12mm-orbit-lta125\/","title":{"rendered":"Pneumatic triple action polisher Bigfoot with 125mm pad and 12mm orbit"},"content":{"rendered":"<p style=\"margin-left: 7.3pt;\">Rupes pneumatic triple action polisher is offering a new type of movement known as TRIPLE ACTION. The power of a motor can be expressed as the product of the torque multiplied by the velocity. During normal use of a tool, the operator applies a variable load, which by effect of the friction forces and the work carried out by the motor might be such as to reduce the number of revolutions of the motor and, in the case of a DA random orbital, is such as to reduce the number of disc revolutions to zero.<\/p>\n<p><img fetchpriority=\"high\" decoding=\"async\" class=\"size-medium wp-image-1001395118\" src=\"https:\/\/www.rupes.com\/wp-content\/uploads\/2019\/03\/LTA125_Triple_action_BigFoot_Polisher-300x200.jpg\" alt=\"LTA125 - Triple action BigFoot Polisher\" width=\"300\" height=\"200\" srcset=\"https:\/\/www.rupes.com\/wp-content\/uploads\/2019\/03\/LTA125_Triple_action_BigFoot_Polisher-300x200.jpg 300w, https:\/\/www.rupes.com\/wp-content\/uploads\/2019\/03\/LTA125_Triple_action_BigFoot_Polisher-1024x683.jpg 1024w, https:\/\/www.rupes.com\/wp-content\/uploads\/2019\/03\/LTA125_Triple_action_BigFoot_Polisher-768x512.jpg 768w, https:\/\/www.rupes.com\/wp-content\/uploads\/2019\/03\/LTA125_Triple_action_BigFoot_Polisher-750x500.jpg 750w, https:\/\/www.rupes.com\/wp-content\/uploads\/2019\/03\/LTA125_Triple_action_BigFoot_Polisher-105x70.jpg 105w, https:\/\/www.rupes.com\/wp-content\/uploads\/2019\/03\/LTA125_Triple_action_BigFoot_Polisher-200x133.jpg 200w, https:\/\/www.rupes.com\/wp-content\/uploads\/2019\/03\/LTA125_Triple_action_BigFoot_Polisher-100x67.jpg 100w, https:\/\/www.rupes.com\/wp-content\/uploads\/2019\/03\/LTA125_Triple_action_BigFoot_Polisher.jpg 1200w\" sizes=\"(max-width: 300px) 100vw, 300px\" \/><\/p>\n<p style=\"margin-left: 7.3pt;\">The load applied by the operator during normal use of a tool varies significantly over a measure of time, causing large variations in velocity of the number of orbits and the rotation of the rotor disc and consequently reducing the uniformity and effectiveness of the work operation. A more homogeneous process leads to a significant reduction in working times. In the case of triple action tools, and similar to the movement of DA random orbital tools, the disc, typically circular, follows an orbit and is free to rotate about its own central axis but, thanks to a special epicyclic gear reducer located in front of the cam group, the torque value is significantly increased while at the same time the velocity is reduced.<\/p>\n<p style=\"margin-left: 7.3pt;\">The pneumatic triple action polisher with the use of this solution the impact of a variable in performance (the load applied by the user) is substantially minimized and, consequently, a greater uniformity of performance of the tool. This provides a considerable improvement in the surface finish as well as a drastic reduction in the vibration levels. From the very first use it is clear how advantageous this configuration is in terms of effectiveness and vibration reduction all thanks to the introduction of the epicyclic gear reducer; this is a technical improvement that so profoundly improves and changes the functionality of the tool that it merits a new movement category, the TRIPLE ACTION.<\/p>\n","protected":false},"featured_media":0,"template":"","meta":{"_acf_changed":false},"categoryproduct":[888965181,888965183],"class_list":["post-1001384874","product","type-product","status-publish","hentry","category_product-pneumatic-tools","category_product-pneumatic-tools-polishers"],"acf":{"product_codice":"LTA125","scheda_nuova":true,"contact_form":true,"attiva_flag_new_product":false,"product_home":"0","attiva_special_message":"alert","product_titolo_it":"TRIPLE ACTION BIGFOOT LUCIDATRICE  125mm ORBITA 12mm","product_titolo_de":"TRIPLE AKTIONEN POLIERMASCHINE BIGFOOT  125mm ORBIT 12mm","product_titolo_fr":"TRIPLE ACTION BIG FOOT POLISSEUSE LTA125","product_titolo_es":"TRIPLE ACTION BIGFOOT PULIDORA  125mm ORBIT 12mm","product_descrizione_en":"<p>Rupes pneumatic triple action polisher is offering a new type of movement known as TRIPLE ACTION. The power of a motor can be expressed as the product of the torque multiplied by the velocity. During normal use of a tool, the operator applies a variable load, which by effect of the friction forces and the work carried out by the motor might be such as to reduce the number of revolutions of the motor and, in the case of a DA random orbital, is such as to reduce the number of disc revolutions to zero.<\/p>\n<p>The load applied by the operator during normal use of a tool varies significantly over a measure of time, causing large variations in velocity of the number of orbits and the rotation of the rotor disc and consequently reducing the uniformity and effectiveness of the work operation. A more homogeneous process leads to a significant reduction in working times. In the case of triple action tools, and similar to the movement of DA random orbital tools, the disc, typically circular, follows an orbit and is free to rotate about its own central axis but, thanks to a special epicyclic gear reducer located in front of the cam group, the torque value is significantly increased while at the same time the velocity is reduced.<\/p>\n<p>The pneumatic triple action polisher with the use of this solution the impact of a variable in performance (the load applied by the user) is substantially minimized and, consequently, a greater uniformity of performance of the tool. This provides a considerable improvement in the surface finish as well as a drastic reduction in the vibration levels. From the very first use it is clear how advantageous this configuration is in terms of effectiveness and vibration reduction all thanks to the introduction of the epicyclic gear reducer; this is a technical improvement that so profoundly improves and changes the functionality of the tool that it merits a new movement category, the TRIPLE ACTION.<\/p>\n","product_descrizione_it":"<p>La lucidatrice pneumatica a tripla azione Rupes offre un nuovo tipo di movimento noto come TRIPLA AZIONE. La potenza di un motore pu\u00f2 essere espressa come il prodotto della coppia moltiplicata per la velocit\u00e0. Durante il normale utilizzo di un utensile, l&rsquo;operatore applica un carico variabile, che per effetto delle forze di attrito e del lavoro svolto dal motore potrebbe essere tale da ridurre il numero di giri del motore e, nel caso di un DA orbitale casuale, \u00e8 tale da ridurre a zero il numero di giri del disco.<\/p>\n<p>Il carico applicato dall&rsquo;operatore durante il normale utilizzo di un utensile varia notevolmente nel tempo, determinando grandi variazioni di velocit\u00e0 del numero di orbite e di rotazione del disco rotorico e di conseguenza riducendo l&rsquo;uniformit\u00e0 e l&rsquo;efficacia dell&rsquo;operazione di lavoro. Un processo pi\u00f9 omogeneo porta ad una significativa riduzione dei tempi di lavoro. Nel caso di utensili a tripla azione, e simile al movimento degli strumenti orbitali casuali DA, il disco, tipicamente circolare, segue un&rsquo;orbita ed \u00e8 libero di ruotare attorno al proprio asse centrale ma, grazie ad uno speciale riduttore epicicloidale posto anteriormente del gruppo camma, il valore di coppia viene notevolmente aumentato mentre allo stesso tempo viene ridotta la velocit\u00e0.<\/p>\n<p>La lucidatrice pneumatica a tripla azione con l&rsquo;utilizzo di questa soluzione si riduce sostanzialmente al minimo l&rsquo;impatto di una variabile di prestazione (il carico applicato dall&rsquo;utente) e, di conseguenza, una maggiore uniformit\u00e0 di prestazione dell&rsquo;utensile. Ci\u00f2 fornisce un notevole miglioramento della finitura superficiale nonch\u00e9 una drastica riduzione dei livelli di vibrazione. Fin dal primo utilizzo \u00e8 chiaro quanto questa configurazione sia vantaggiosa in termini di efficacia e riduzione delle vibrazioni il tutto grazie all&rsquo;introduzione del riduttore epicicloidale; si tratta di un miglioramento tecnico che migliora e cambia cos\u00ec profondamente la funzionalit\u00e0 dell&rsquo;attrezzo da meritare una nuova categoria di movimento, la TRIPLA AZIONE.<\/p>\n","product_descrizione_de":"<p>Der pneumatische Dreifachpolierer von Rupes bietet eine neue Art von Bewegung an, die als TRIPLE ACTION bekannt ist. Die Leistung eines Motors kann als Produkt des Drehmoments multipliziert mit der Geschwindigkeit ausgedr\u00fcckt werden. W\u00e4hrend des normalen Gebrauchs eines Werkzeugs \u00fcbt der Bediener eine variable Last aus, die aufgrund der Reibungskr\u00e4fte und der vom Motor ausgef\u00fchrten Arbeit die Anzahl der Umdrehungen des Motors und im Fall eines DA verringern kann Zuf\u00e4lliges Orbital, um die Anzahl der Scheibenumdrehungen auf Null zu reduzieren.<\/p>\n<p>Die vom Bediener w\u00e4hrend des normalen Gebrauchs eines Werkzeugs aufgebrachte Last variiert im Laufe der Zeit erheblich, was zu gro\u00dfen Schwankungen der Geschwindigkeit der Anzahl der Umlaufbahnen und der Drehung der Rotorscheibe f\u00fchrt und folglich die Gleichm\u00e4\u00dfigkeit und Effektivit\u00e4t des Arbeitsvorgangs verringert. Ein homogenerer Prozess f\u00fchrt zu einer deutlichen Verk\u00fcrzung der Arbeitszeiten. Bei dreifach wirkenden Werkzeugen und \u00e4hnlich der Bewegung von DA-Werkzeugen mit zuf\u00e4lliger Umlaufbahn folgt die Scheibe, typischerweise kreisf\u00f6rmig, einer Umlaufbahn und kann sich frei um ihre eigene Mittelachse drehen, jedoch dank eines speziellen epizyklischen Untersetzungsgetriebes vorne der Nockengruppe wird der Drehmomentwert deutlich erh\u00f6ht, w\u00e4hrend gleichzeitig die Geschwindigkeit verringert wird.<\/p>\n<p>Bei dem pneumatischen dreifach wirkenden Polierer wird bei Verwendung dieser L\u00f6sung der Einfluss einer Leistungsvariablen (der vom Benutzer aufgebrachten Last) wesentlich minimiert und folglich eine gr\u00f6\u00dfere Gleichm\u00e4\u00dfigkeit der Leistung des Werkzeugs. Dies f\u00fchrt zu einer erheblichen Verbesserung der Oberfl\u00e4chenbeschaffenheit sowie zu einer drastischen Verringerung der Vibrationspegel. Schon beim ersten Einsatz ist klar, wie vorteilhaft diese Konfiguration hinsichtlich der Wirksamkeit und Vibrationsreduzierung ist, und zwar dank der Einf\u00fchrung des Umlaufgetriebes. Dies ist eine technische Verbesserung, die die Funktionalit\u00e4t des Werkzeugs so tiefgreifend verbessert und ver\u00e4ndert, dass es eine neue Bewegungskategorie verdient, die TRIPLE ACTION.<\/p>\n","product_descrizione_fr":"<p>La polisseuse pneumatique \u00e0 triple action Rupes propose un nouveau type de mouvement appel\u00e9 TRIPLE ACTION. La puissance d&rsquo;un moteur peut \u00eatre exprim\u00e9e comme le produit du couple multipli\u00e9 par la vitesse. Lors de l&rsquo;utilisation normale d&rsquo;un outil, l&rsquo;op\u00e9rateur applique une charge variable qui, sous l&rsquo;effet des forces de frottement et du travail effectu\u00e9 par le moteur, pourrait \u00eatre de nature \u00e0 r\u00e9duire le nombre de tours du moteur et, dans le cas d&rsquo;un DA orbitale al\u00e9atoire, est de nature \u00e0 r\u00e9duire le nombre de tours de disque \u00e0 z\u00e9ro.<\/p>\n<p>La charge appliqu\u00e9e par l&rsquo;op\u00e9rateur lors de l&rsquo;utilisation normale d&rsquo;un outil varie de mani\u00e8re significative au cours du temps, provoquant de grandes variations de vitesse du nombre d&rsquo;orbites et de la rotation du disque rotor et par cons\u00e9quent r\u00e9duisant l&rsquo;uniformit\u00e9 et l&rsquo;efficacit\u00e9 de l&rsquo;op\u00e9ration de travail. Un processus plus homog\u00e8ne conduit \u00e0 une r\u00e9duction significative des temps de travail. Dans le cas des outils \u00e0 triple action, et similaire au mouvement des outils orbitaux al\u00e9atoires DA, le disque, g\u00e9n\u00e9ralement circulaire, suit une orbite et est libre de tourner autour de son propre axe central mais, gr\u00e2ce \u00e0 un r\u00e9ducteur \u00e9picyclo\u00efdal sp\u00e9cial situ\u00e9 \u00e0 l&rsquo;avant du groupe de cames, la valeur de couple est augment\u00e9e de mani\u00e8re significative tout en r\u00e9duisant la vitesse.<\/p>\n<p>La polisseuse pneumatique triple action gr\u00e2ce \u00e0 l&rsquo;utilisation de cette solution l&rsquo;impact d&rsquo;une variable de performance (la charge appliqu\u00e9e par l&rsquo;utilisateur) est sensiblement minimis\u00e9 et, par cons\u00e9quent, une plus grande uniformit\u00e9 des performances de l&rsquo;outil. Cela permet une am\u00e9lioration consid\u00e9rable de la finition de surface ainsi qu&rsquo;une r\u00e9duction drastique des niveaux de vibration. D\u00e8s la premi\u00e8re utilisation, on voit \u00e0 quel point cette configuration est avantageuse en termes d&rsquo;efficacit\u00e9 et de r\u00e9duction des vibrations gr\u00e2ce \u00e0 l&rsquo;introduction du r\u00e9ducteur \u00e9picyclo\u00efdal; il s&rsquo;agit d&rsquo;une am\u00e9lioration technique qui am\u00e9liore et modifie si profond\u00e9ment la fonctionnalit\u00e9 de l&rsquo;outil qu&rsquo;elle m\u00e9rite une nouvelle cat\u00e9gorie de mouvement, la TRIPLE ACTION.<\/p>\n","product_descrizione_es":"<p>La pulidora neum\u00e1tica de triple acci\u00f3n Rupes ofrece un nuevo tipo de movimiento conocido como TRIPLE ACCI\u00d3N. La potencia de un motor se puede expresar como el producto del par por la velocidad. Durante el uso normal de una herramienta, el operador aplica una carga variable, que por efecto de las fuerzas de fricci\u00f3n y el trabajo realizado por el motor puede ser tal que reduzca el n\u00famero de revoluciones del motor y, en el caso de un DA orbital aleatorio, es tal que reduce el n\u00famero de revoluciones del disco a cero.<\/p>\n<p>La carga aplicada por el operador durante el uso normal de una herramienta var\u00eda significativamente a lo largo del tiempo, lo que provoca grandes variaciones en la velocidad del n\u00famero de \u00f3rbitas y la rotaci\u00f3n del disco del rotor y, en consecuencia, reduce la uniformidad y eficacia de la operaci\u00f3n de trabajo. Un proceso m\u00e1s homog\u00e9neo conduce a una reducci\u00f3n significativa de los tiempos de trabajo. En el caso de las herramientas de triple acci\u00f3n, y similar al movimiento de las herramientas orbitales aleatorias DA, el disco, t\u00edpicamente circular, sigue una \u00f3rbita y es libre de girar sobre su propio eje central pero, gracias a un reductor de engranajes epicicloidal especial ubicado en la parte delantera del grupo de levas, el valor de par aumenta significativamente mientras que al mismo tiempo se reduce la velocidad.<\/p>\n<p>La pulidora neum\u00e1tica de triple acci\u00f3n con el uso de esta soluci\u00f3n se minimiza sustancialmente el impacto de una variable en el rendimiento (la carga aplicada por el usuario) y, en consecuencia, una mayor uniformidad de rendimiento de la herramienta. Esto proporciona una mejora considerable en el acabado de la superficie, as\u00ed como una reducci\u00f3n dr\u00e1stica de los niveles de vibraci\u00f3n. Desde el primer uso, est\u00e1 claro lo ventajosa que es esta configuraci\u00f3n en t\u00e9rminos de efectividad y reducci\u00f3n de vibraciones, todo gracias a la introducci\u00f3n del reductor de engranajes epicicloidales; se trata de una mejora t\u00e9cnica que mejora y cambia tan profundamente la funcionalidad de la herramienta que merece una nueva categor\u00eda de movimiento, la TRIPLE ACCI\u00d3N.<\/p>\n","product_scheda_en":"<table border=\"0\" cellspacing=\"0\" cellpadding=\"0\">\n<tbody>\n<tr>\n<td>\u00d8 backing pad (mm\/in)<\/td>\n<td>125 &#8211; 5\u201d<\/td>\n<\/tr>\n<tr>\n<td>\u00d8 orbit (mm\/in)<\/td>\n<td>12 &#8211; 1\/2\u201d<\/td>\n<\/tr>\n<tr>\n<td>Working pressure (bar\/PSIG)<\/td>\n<td>6,2 -90\u201d<\/td>\n<\/tr>\n<tr>\n<td>Air consumption max (l\/min)<\/td>\n<td>400<\/td>\n<\/tr>\n<tr>\n<td>R.P.M.<\/td>\n<td>0-6000<\/td>\n<\/tr>\n<tr>\n<td>Weight (kg\/lbs)<\/td>\n<td>1,3 &#8211; 28,7<\/td>\n<\/tr>\n<tr>\n<td>Speed regulation<\/td>\n<td>\u2022<\/td>\n<\/tr>\n<tr>\n<td>Backing pad supplied<\/td>\n<td>980.027N<\/td>\n<\/tr>\n<\/tbody>\n<\/table>\n","product_scheda_it":"<table border=\"0\" cellspacing=\"0\" cellpadding=\"0\">\n<tbody>\n<tr>\n<td>\u00d8 platorello (mm\/in)<\/td>\n<td>125 &#8211; 5\u201d<\/td>\n<\/tr>\n<tr>\n<td>\u00d8 orbita (mm\/in)<\/td>\n<td>12 &#8211; 1\/2\u201d<\/td>\n<\/tr>\n<tr>\n<td>Pressione d&rsquo;esercizio (bar\/PSIG)<\/td>\n<td>6,2 -90\u201d<\/td>\n<\/tr>\n<tr>\n<td>Consumo d&rsquo;aria max (l\/min)<\/td>\n<td>400<\/td>\n<\/tr>\n<tr>\n<td>R.P.M.<\/td>\n<td>0-6000<\/td>\n<\/tr>\n<tr>\n<td>Peso (kg\/lbs)<\/td>\n<td>1,3 &#8211; 28,7<\/td>\n<\/tr>\n<tr>\n<td>Regolazione di velocit\u00e0<\/td>\n<td>\u2022<\/td>\n<\/tr>\n<tr>\n<td>Attacco platorello<\/td>\n<td>980.027N<\/td>\n<\/tr>\n<\/tbody>\n<\/table>\n","product_scheda_de":"<table border=\"0\" cellspacing=\"0\" cellpadding=\"0\">\n<tbody>\n<tr>\n<td>\u00d8 St\u00fctzteller (mm\/in)<\/td>\n<td>125 &#8211; 5\u201d<\/td>\n<\/tr>\n<tr>\n<td>\u00d8 Hub (mm\/in)<\/td>\n<td>12 &#8211; 1\/2\u201d<\/td>\n<\/tr>\n<tr>\n<td>Arbeitsdruck (bar\/PSIG)<\/td>\n<td>6,2 -90\u201d<\/td>\n<\/tr>\n<tr>\n<td>Maximaler Luftverbrauch (l\/min)<\/td>\n<td>400<\/td>\n<\/tr>\n<tr>\n<td>R.P.M.<\/td>\n<td>0-6000<\/td>\n<\/tr>\n<tr>\n<td>Gewicht (kg\/lbs)<\/td>\n<td>1,3 &#8211; 28,7<\/td>\n<\/tr>\n<tr>\n<td>Geschwindigkeitsregelung<\/td>\n<td>\u2022<\/td>\n<\/tr>\n<tr>\n<td>St\u00fctzteller<\/td>\n<td>980.027N<\/td>\n<\/tr>\n<\/tbody>\n<\/table>\n","product_scheda_fr":"<table border=\"0\" cellspacing=\"0\" cellpadding=\"0\">\n<tbody>\n<tr>\n<td>\u00d8 plateau porte-disque (mm\/in)<\/td>\n<td>125 &#8211; 5\u201d<\/td>\n<\/tr>\n<tr>\n<td>\u00d8 orbitale (mm\/in)<\/td>\n<td>12 &#8211; 1\/2\u201d<\/td>\n<\/tr>\n<tr>\n<td>Pression de travail (bar\/PSIG)<\/td>\n<td>6,2 -90\u201d<\/td>\n<\/tr>\n<tr>\n<td>Consommation d\u2019air max (l\/min)<\/td>\n<td>400<\/td>\n<\/tr>\n<tr>\n<td>R.P.M.<\/td>\n<td>0-6000<\/td>\n<\/tr>\n<tr>\n<td>poids (kg\/lbs)<\/td>\n<td>1,3 &#8211; 28,7<\/td>\n<\/tr>\n<tr>\n<td>R\u00e9gulation de vitesse<\/td>\n<td>\u2022<\/td>\n<\/tr>\n<tr>\n<td>Fil du plateau porte-disque<\/td>\n<td>980.027N<\/td>\n<\/tr>\n<\/tbody>\n<\/table>\n","product_scheda_es":"<table border=\"0\" cellspacing=\"0\" cellpadding=\"0\">\n<tbody>\n<tr>\n<td>\u00d8 plato de soporte (mm\/in)<\/td>\n<td>125 &#8211; 5\u201d<\/td>\n<\/tr>\n<tr>\n<td>\u00d8 \u00f3rbita (mm\/in)<\/td>\n<td>12 &#8211; 1\/2\u201d<\/td>\n<\/tr>\n<tr>\n<td>Presi\u00f3n de funcionamiento (bar\/PSIG)<\/td>\n<td>6,2 -90\u201d<\/td>\n<\/tr>\n<tr>\n<td>Consumo de aire m\u00e1x (l\/min)<\/td>\n<td>400<\/td>\n<\/tr>\n<tr>\n<td>R.P.M.<\/td>\n<td><\/td>\n<td>0-6000<\/td>\n<\/tr>\n<tr>\n<td>Peso (kg\/lbs)<\/td>\n<td>1,3 &#8211; 28,7<\/td>\n<\/tr>\n<tr>\n<td>Control de velocidad<\/td>\n<td>\u2022<\/td>\n<\/tr>\n<tr>\n<td>Rosca de husillo<\/td>\n<td>980.027N<\/td>\n<\/tr>\n<\/tbody>\n<\/table>\n","thumb":false,"gallery":[{"ID":1001395119,"id":1001395119,"title":"LTA125_Triple_action_BigFoot_Polisher","filename":"LTA125_Triple_action_BigFoot_Polisher.jpg","filesize":57997,"url":"https:\/\/www.rupes.com\/wp-content\/uploads\/2019\/03\/LTA125_Triple_action_BigFoot_Polisher.jpg","link":"https:\/\/www.rupes.com\/fr\/product\/pneumatic-triple-action-polisher-bigfoot-125mm-pad-12mm-orbit-lta125\/lta125_triple_action_bigfoot_polisher-2\/","alt":"LTA125 - Triple action BigFoot Polisher","author":"1","description":"LTA125 - Triple action BigFoot Polisher","caption":"LTA125 - Triple action BigFoot Polisher","name":"lta125_triple_action_bigfoot_polisher-2","status":"inherit","uploaded_to":1001384874,"date":"2020-11-13 08:38:35","modified":"2020-11-13 08:39:16","menu_order":0,"mime_type":"image\/jpeg","type":"image","subtype":"jpeg","icon":"https:\/\/www.rupes.com\/wp-includes\/images\/media\/default.png","width":1200,"height":800,"sizes":{"thumbnail":"https:\/\/www.rupes.com\/wp-content\/uploads\/2019\/03\/LTA125_Triple_action_BigFoot_Polisher-150x150.jpg","thumbnail-width":150,"thumbnail-height":150,"medium":"https:\/\/www.rupes.com\/wp-content\/uploads\/2019\/03\/LTA125_Triple_action_BigFoot_Polisher-300x200.jpg","medium-width":300,"medium-height":200,"medium_large":"https:\/\/www.rupes.com\/wp-content\/uploads\/2019\/03\/LTA125_Triple_action_BigFoot_Polisher-768x512.jpg","medium_large-width":768,"medium_large-height":512,"large":"https:\/\/www.rupes.com\/wp-content\/uploads\/2019\/03\/LTA125_Triple_action_BigFoot_Polisher-1024x683.jpg","large-width":1024,"large-height":683,"1536x1536":"https:\/\/www.rupes.com\/wp-content\/uploads\/2019\/03\/LTA125_Triple_action_BigFoot_Polisher.jpg","1536x1536-width":1200,"1536x1536-height":800,"2048x2048":"https:\/\/www.rupes.com\/wp-content\/uploads\/2019\/03\/LTA125_Triple_action_BigFoot_Polisher.jpg","2048x2048-width":1200,"2048x2048-height":800,"thumb_news":"https:\/\/www.rupes.com\/wp-content\/uploads\/2019\/03\/LTA125_Triple_action_BigFoot_Polisher-350x200.jpg","thumb_news-width":350,"thumb_news-height":200,"boxhome_small":"https:\/\/www.rupes.com\/wp-content\/uploads\/2019\/03\/LTA125_Triple_action_BigFoot_Polisher-200x100.jpg","boxhome_small-width":200,"boxhome_small-height":100,"boxhome_medium":"https:\/\/www.rupes.com\/wp-content\/uploads\/2019\/03\/LTA125_Triple_action_BigFoot_Polisher-300x150.jpg","boxhome_medium-width":300,"boxhome_medium-height":150,"boxhome_large":"https:\/\/www.rupes.com\/wp-content\/uploads\/2019\/03\/LTA125_Triple_action_BigFoot_Polisher-450x200.jpg","boxhome_large-width":450,"boxhome_large-height":200,"boxproducts_large":"https:\/\/www.rupes.com\/wp-content\/uploads\/2019\/03\/LTA125_Triple_action_BigFoot_Polisher-1200x700.jpg","boxproducts_large-width":1200,"boxproducts_large-height":700,"boxproducts_midlarge":"https:\/\/www.rupes.com\/wp-content\/uploads\/2019\/03\/LTA125_Triple_action_BigFoot_Polisher-1200x560.jpg","boxproducts_midlarge-width":1200,"boxproducts_midlarge-height":560,"boxproducts_medium":"https:\/\/www.rupes.com\/wp-content\/uploads\/2019\/03\/LTA125_Triple_action_BigFoot_Polisher-1024x450.jpg","boxproducts_medium-width":1024,"boxproducts_medium-height":450,"boxproducts_small":"https:\/\/www.rupes.com\/wp-content\/uploads\/2019\/03\/LTA125_Triple_action_BigFoot_Polisher-700x305.jpg","boxproducts_small-width":700,"boxproducts_small-height":305,"boxproducts_mobile":"https:\/\/www.rupes.com\/wp-content\/uploads\/2019\/03\/LTA125_Triple_action_BigFoot_Polisher-400x175.jpg","boxproducts_mobile-width":400,"boxproducts_mobile-height":175,"product_thumb":"https:\/\/www.rupes.com\/wp-content\/uploads\/2019\/03\/LTA125_Triple_action_BigFoot_Polisher-300x200.jpg","product_thumb-width":300,"product_thumb-height":200,"product_home":"https:\/\/www.rupes.com\/wp-content\/uploads\/2019\/03\/LTA125_Triple_action_BigFoot_Polisher-1200x700.jpg","product_home-width":1200,"product_home-height":700,"gallery_first":"https:\/\/www.rupes.com\/wp-content\/uploads\/2019\/03\/LTA125_Triple_action_BigFoot_Polisher-750x500.jpg","gallery_first-width":750,"gallery_first-height":500,"gallery_thumb":"https:\/\/www.rupes.com\/wp-content\/uploads\/2019\/03\/LTA125_Triple_action_BigFoot_Polisher-105x70.jpg","gallery_thumb-width":105,"gallery_thumb-height":70,"category_image":"https:\/\/www.rupes.com\/wp-content\/uploads\/2019\/03\/LTA125_Triple_action_BigFoot_Polisher-200x133.jpg","category_image-width":200,"category_image-height":133,"category_thumb":"https:\/\/www.rupes.com\/wp-content\/uploads\/2019\/03\/LTA125_Triple_action_BigFoot_Polisher-100x67.jpg","category_thumb-width":100,"category_thumb-height":67}}],"videos":false,"files":false,"product_b2b_code":"LTA125","blocco_dimensione":false,"varianti":false,"kit_vendita":false,"blocchi_prodotti_correlati":false,"seleziona_tag_notizie":false,"seleziona_le_recensioni":"","product_b2b_pdf":"https:\/\/b2b.rupes.com\/cdn\/b2b.rupes.com\/areaftp\/esplosipdf\/LTA125RIC000.pdf","google_review_link":"","attiva_collegamento":false,"attiva_voice_speech":true,"code_usermanuals":"9.2465","code_usermanuals_usa":"","special_message":{"message_en":"DISCONTINUED","message_it":"","message_de":"","message_fr":"","message_es":""}},"_links":{"self":[{"href":"https:\/\/www.rupes.com\/fr\/wp-json\/wp\/v2\/products\/1001384874","targetHints":{"allow":["GET"]}}],"collection":[{"href":"https:\/\/www.rupes.com\/fr\/wp-json\/wp\/v2\/products"}],"about":[{"href":"https:\/\/www.rupes.com\/fr\/wp-json\/wp\/v2\/types\/product"}],"wp:attachment":[{"href":"https:\/\/www.rupes.com\/fr\/wp-json\/wp\/v2\/media?parent=1001384874"}],"wp:term":[{"taxonomy":"category_product","embeddable":true,"href":"https:\/\/www.rupes.com\/fr\/wp-json\/wp\/v2\/categoryproduct?post=1001384874"}],"curies":[{"name":"wp","href":"https:\/\/api.w.org\/{rel}","templated":true}]}}