{"id":1001384826,"date":"2019-03-08T02:19:19","date_gmt":"2019-03-08T02:19:19","guid":{"rendered":""},"modified":"2024-06-04T12:16:38","modified_gmt":"2024-06-04T10:16:38","slug":"right-angle-pneumatic-polisher-with-75mm-pad-lh76p","status":"publish","type":"product","link":"https:\/\/www.rupes.com\/fr\/product\/right-angle-pneumatic-polisher-with-75mm-pad-lh76p\/","title":{"rendered":"Right angle pneumatic polisher with 75mm pad &#8211; LH76P"},"content":{"rendered":"<p>The Right angle pneumatic polisher with 75mm pad,<br \/>\nHigh torque<br \/>\nGeared motor<br \/>\nHeat treated steel roto for increased durability<br \/>\nVery compact body<br \/>\nDie cast motor<br \/>\nRear exhaust system<br \/>\nConvey air exhaust by muffler<br \/>\nSide handle install on both , right and left side<br \/>\nSpeed control<\/p>\n<p><img fetchpriority=\"high\" decoding=\"async\" class=\"size-medium wp-image-1001395009\" src=\"https:\/\/www.rupes.com\/wp-content\/uploads\/2019\/03\/LH76P_Right-angle-pneumatic-polisher_with-75mm-pad-298x300.jpg\" alt=\"LH76P - Right angle pneumatic polisher with 75mm pad\" width=\"298\" height=\"300\" srcset=\"https:\/\/www.rupes.com\/wp-content\/uploads\/2019\/03\/LH76P_Right-angle-pneumatic-polisher_with-75mm-pad-298x300.jpg 298w, https:\/\/www.rupes.com\/wp-content\/uploads\/2019\/03\/LH76P_Right-angle-pneumatic-polisher_with-75mm-pad-150x150.jpg 150w, https:\/\/www.rupes.com\/wp-content\/uploads\/2019\/03\/LH76P_Right-angle-pneumatic-polisher_with-75mm-pad-199x200.jpg 199w, https:\/\/www.rupes.com\/wp-content\/uploads\/2019\/03\/LH76P_Right-angle-pneumatic-polisher_with-75mm-pad-496x500.jpg 496w, https:\/\/www.rupes.com\/wp-content\/uploads\/2019\/03\/LH76P_Right-angle-pneumatic-polisher_with-75mm-pad-79x80.jpg 79w, https:\/\/www.rupes.com\/wp-content\/uploads\/2019\/03\/LH76P_Right-angle-pneumatic-polisher_with-75mm-pad-200x200.jpg 200w, https:\/\/www.rupes.com\/wp-content\/uploads\/2019\/03\/LH76P_Right-angle-pneumatic-polisher_with-75mm-pad-100x100.jpg 100w, https:\/\/www.rupes.com\/wp-content\/uploads\/2019\/03\/LH76P_Right-angle-pneumatic-polisher_with-75mm-pad.jpg 556w\" sizes=\"(max-width: 298px) 100vw, 298px\" \/><\/p>\n","protected":false},"featured_media":0,"template":"","meta":{"_acf_changed":false},"categoryproduct":[888965181,888965183],"class_list":["post-1001384826","product","type-product","status-publish","hentry","category_product-pneumatic-tools","category_product-pneumatic-tools-polishers"],"acf":{"product_codice":"LH76P","scheda_nuova":true,"contact_form":true,"attiva_flag_new_product":false,"product_home":"0","attiva_special_message":"disattivo","product_titolo_it":"LUCIDATRICE ANGOLARE LH76P &Oslash; 75mm ","product_titolo_de":"PNEUMATISCHE WINKELPOLIERMASCHINE LH76P &Oslash; 75mm","product_titolo_fr":"POLISSEUSE ANGLE DROIT LH76P &Oslash; 75mm","product_titolo_es":"MINI PULIDORA ANGULAR NEUMATICA LH76P &Oslash; 75mm","product_descrizione_en":"<p>The Right angle pneumatic polisher with 75mm pad,<br \/>\nHigh torque<br \/>\nGeared motor<br \/>\nHeat treated steel roto for increased durability<br \/>\nVery compact body<br \/>\nDie cast motor<br \/>\nRear exhaust system<br \/>\nConvey air exhaust by muffler<br \/>\nSide handle install on both , right and left side<br \/>\nSpeed control<\/p>\n","product_descrizione_it":"<p>Trasmissione ad ingranaggi per garantire un elevato potere di coppia<br \/>\nCilindro in acciaio cementato<br \/>\nCorpo particolarmente compatto<br \/>\nMotore in lega pressofuso<br \/>\nScarico posteriore<br \/>\nPossibilit\u00e0 di convogliare lo scarico dell\u2019aria<br \/>\nImpugnatura laterale<\/p>\n","product_descrizione_de":"<p>Kompaktes, leichtes Werkzeug<\/p>\n<p>Schleifteller \u00d8 50 mm mit Roloc-Anschluss im Lieferumfang enthalten<\/p>\n<p>Direktantriebsmotor<\/p>\n<p>Besonders kompakter K\u00f6rper<\/p>\n<p>Hohes Drehmoment<\/p>\n<p>Einem H\u00e4rtungsprozess unterzogener Rotor f\u00fcr eine bessere<\/p>\n<p>Best\u00e4ndigkeit gegen Beanspruchungen<\/p>\n<p>Hinter Ablass<\/p>\n<p>M\u00f6glichkeit zur Kanalisierung des Luftablasses<\/p>\n","product_descrizione_fr":"<p>Le polisseur pneumatique \u00e0 angle droit avec tampon de 75 mm,<br \/>\nCouple \u00e9lev\u00e9<br \/>\nMotor\u00e9ducteur<br \/>\nRoto en acier trait\u00e9 thermiquement pour une durabilit\u00e9 accrue<br \/>\nCorps tr\u00e8s compact<br \/>\nMoteur moul\u00e9 sous pression<br \/>\nSyst\u00e8me d&rsquo;\u00e9chappement arri\u00e8re<br \/>\nTransporter l&rsquo;\u00e9chappement d&rsquo;air par silencieux<br \/>\nPoign\u00e9e lat\u00e9rale install\u00e9e sur les c\u00f4t\u00e9s droit et gauche<br \/>\nContr\u00f4le de vitesse<\/p>\n","product_descrizione_es":"<p>La pulidora neum\u00e1tica de \u00e1ngulo recto con almohadilla de 75 mm,<br \/>\nAlto par<br \/>\nMotorreductor<br \/>\nRoto de acero tratado t\u00e9rmicamente para mayor durabilidad<br \/>\nCuerpo muy compacto<br \/>\nMotor de fundici\u00f3n a presi\u00f3n<br \/>\nSistema de escape trasero<br \/>\nTransportar escape de aire por silenciador<br \/>\nLa manija lateral se instala en ambos lados, derecho e izquierdo<br \/>\nControl de velocidad<\/p>\n","product_scheda_en":"<table border=\"1\" cellspacing=\"1\" cellpadding=\"1\">\n<tbody>\n<tr>\n<td>\u00d8 backing pad (mm)<\/td>\n<td>75<\/td>\n<\/tr>\n<tr>\n<td>Working pressure (bar)<\/td>\n<td>6,2\/90<\/td>\n<\/tr>\n<tr>\n<td>Max consumption air (l\/min)<\/td>\n<td>644<\/td>\n<\/tr>\n<tr>\n<td>R.P.M.<\/td>\n<td>5000<\/td>\n<\/tr>\n<tr>\n<td>Weight (kg)<\/td>\n<td>1<\/td>\n<\/tr>\n<tr>\n<td>Wheel spindle thread<\/td>\n<td>3\/8&Prime;24TMale<\/td>\n<\/tr>\n<tr>\n<td>Side handle<\/td>\n<td>\u2022<\/td>\n<\/tr>\n<tr>\n<td>Air inlet thread<\/td>\n<td>1\/4&Prime;GAS<\/td>\n<\/tr>\n<tr>\n<td>Conveyor air hose<\/td>\n<td>\u2022<\/td>\n<\/tr>\n<\/tbody>\n<\/table>\n","product_scheda_it":"<table border=\"1\" cellspacing=\"1\" cellpadding=\"1\">\n<tbody>\n<tr>\n<td>\u00d8 platorello (mm)<\/td>\n<td>75<\/td>\n<\/tr>\n<tr>\n<td>Pressione d&rsquo;esercizio (bar)<\/td>\n<td>6,2\/90<\/td>\n<\/tr>\n<tr>\n<td>Consumo d&rsquo;aria max (l\/min)<\/td>\n<td>644<\/td>\n<\/tr>\n<tr>\n<td>R.P.M.<\/td>\n<td>5000<\/td>\n<\/tr>\n<tr>\n<td>Peso (kg)<\/td>\n<td>1<\/td>\n<\/tr>\n<tr>\n<td>Filettatura dell&rsquo;albero<\/td>\n<td>3\/8&Prime;24TMale<\/td>\n<\/tr>\n<tr>\n<td>Impugnatura laterale<\/td>\n<td>\u2022<\/td>\n<\/tr>\n<tr>\n<td>Raccordo alimentazione<\/td>\n<td>1\/4&Prime;GAS<\/td>\n<\/tr>\n<tr>\n<td>Tubo convogliatore aria<\/td>\n<td>\u2022<\/td>\n<\/tr>\n<\/tbody>\n<\/table>\n","product_scheda_de":"<table border=\"1\" cellspacing=\"1\" cellpadding=\"1\">\n<tbody>\n<tr>\n<td>\u00d8 Klett Schleifteller (mm)<\/td>\n<td>75<\/td>\n<\/tr>\n<tr>\n<td>Betriebsdruck (bar)<\/td>\n<td>6,2\/90<\/td>\n<\/tr>\n<tr>\n<td>Luftverbrauch (l\/min)<\/td>\n<td>644<\/td>\n<\/tr>\n<tr>\n<td>R.P.M.<\/td>\n<td>5000<\/td>\n<\/tr>\n<tr>\n<td>Gewicht (kg)<\/td>\n<td>1<\/td>\n<\/tr>\n<tr>\n<td>Gewinde der Welle<\/td>\n<td>3\/8&Prime;24TMale<\/td>\n<\/tr>\n<tr>\n<td>Seitlicher Griff<\/td>\n<td>\u2022<\/td>\n<\/tr>\n<tr>\n<td>Lufteinlassgewinde<\/td>\n<td>1\/4&Prime;GAS<\/td>\n<\/tr>\n<tr>\n<td>Luftschlauch<\/td>\n<td>\u2022<\/td>\n<\/tr>\n<\/tbody>\n<\/table>\n","product_scheda_fr":"<table border=\"1\" cellspacing=\"1\" cellpadding=\"1\">\n<tbody>\n<tr>\n<td>\u00d8 plateau (mm)<\/td>\n<td>75<\/td>\n<\/tr>\n<tr>\n<td>Pression de service (bar)<\/td>\n<td>6,2\/90<\/td>\n<\/tr>\n<tr>\n<td>Consommation max d\u2019air (l\/min)<\/td>\n<td>644<\/td>\n<\/tr>\n<tr>\n<td>R.P.M.<\/td>\n<td>5000<\/td>\n<\/tr>\n<tr>\n<td>Poids (kg)<\/td>\n<td>1<\/td>\n<\/tr>\n<tr>\n<td>Filetage arbre porte-rouleau<\/td>\n<td>3\/8&Prime;24TMale<\/td>\n<\/tr>\n<tr>\n<td>Poign\u00e9e lat\u00e9rale<\/td>\n<td>\u2022<\/td>\n<\/tr>\n<tr>\n<td>Fil d&rsquo;entr\u00e9e d&rsquo;air<\/td>\n<td>1\/4&Prime;GAS<\/td>\n<\/tr>\n<tr>\n<td>Tube d\u2019air<\/td>\n<td>\u2022<\/td>\n<\/tr>\n<\/tbody>\n<\/table>\n","product_scheda_es":"","thumb":false,"gallery":[{"ID":1001395010,"id":1001395010,"title":"LH76P_Right-angle-pneumatic-polisher_with-75mm-pad","filename":"LH76P_Right-angle-pneumatic-polisher_with-75mm-pad.jpg","filesize":138353,"url":"https:\/\/www.rupes.com\/wp-content\/uploads\/2019\/03\/LH76P_Right-angle-pneumatic-polisher_with-75mm-pad.jpg","link":"https:\/\/www.rupes.com\/fr\/product\/right-angle-pneumatic-polisher-with-75mm-pad-lh76p\/lh76p_right-angle-pneumatic-polisher_with-75mm-pad-2\/","alt":"LH76P - Right angle pneumatic polisher with 75mm pad","author":"1","description":"LH76P - Right angle pneumatic polisher with 75mm pad","caption":"LH76P - Right angle pneumatic polisher with 75mm pad","name":"lh76p_right-angle-pneumatic-polisher_with-75mm-pad-2","status":"inherit","uploaded_to":1001384826,"date":"2020-11-12 10:49:29","modified":"2020-11-12 10:49:55","menu_order":0,"mime_type":"image\/jpeg","type":"image","subtype":"jpeg","icon":"https:\/\/www.rupes.com\/wp-includes\/images\/media\/default.png","width":556,"height":560,"sizes":{"thumbnail":"https:\/\/www.rupes.com\/wp-content\/uploads\/2019\/03\/LH76P_Right-angle-pneumatic-polisher_with-75mm-pad-150x150.jpg","thumbnail-width":150,"thumbnail-height":150,"medium":"https:\/\/www.rupes.com\/wp-content\/uploads\/2019\/03\/LH76P_Right-angle-pneumatic-polisher_with-75mm-pad-298x300.jpg","medium-width":298,"medium-height":300,"medium_large":"https:\/\/www.rupes.com\/wp-content\/uploads\/2019\/03\/LH76P_Right-angle-pneumatic-polisher_with-75mm-pad.jpg","medium_large-width":556,"medium_large-height":560,"large":"https:\/\/www.rupes.com\/wp-content\/uploads\/2019\/03\/LH76P_Right-angle-pneumatic-polisher_with-75mm-pad.jpg","large-width":556,"large-height":560,"1536x1536":"https:\/\/www.rupes.com\/wp-content\/uploads\/2019\/03\/LH76P_Right-angle-pneumatic-polisher_with-75mm-pad.jpg","1536x1536-width":556,"1536x1536-height":560,"2048x2048":"https:\/\/www.rupes.com\/wp-content\/uploads\/2019\/03\/LH76P_Right-angle-pneumatic-polisher_with-75mm-pad.jpg","2048x2048-width":556,"2048x2048-height":560,"thumb_news":"https:\/\/www.rupes.com\/wp-content\/uploads\/2019\/03\/LH76P_Right-angle-pneumatic-polisher_with-75mm-pad-350x200.jpg","thumb_news-width":350,"thumb_news-height":200,"boxhome_small":"https:\/\/www.rupes.com\/wp-content\/uploads\/2019\/03\/LH76P_Right-angle-pneumatic-polisher_with-75mm-pad-200x100.jpg","boxhome_small-width":200,"boxhome_small-height":100,"boxhome_medium":"https:\/\/www.rupes.com\/wp-content\/uploads\/2019\/03\/LH76P_Right-angle-pneumatic-polisher_with-75mm-pad-300x150.jpg","boxhome_medium-width":300,"boxhome_medium-height":150,"boxhome_large":"https:\/\/www.rupes.com\/wp-content\/uploads\/2019\/03\/LH76P_Right-angle-pneumatic-polisher_with-75mm-pad-450x200.jpg","boxhome_large-width":450,"boxhome_large-height":200,"boxproducts_large":"https:\/\/www.rupes.com\/wp-content\/uploads\/2019\/03\/LH76P_Right-angle-pneumatic-polisher_with-75mm-pad.jpg","boxproducts_large-width":556,"boxproducts_large-height":560,"boxproducts_midlarge":"https:\/\/www.rupes.com\/wp-content\/uploads\/2019\/03\/LH76P_Right-angle-pneumatic-polisher_with-75mm-pad.jpg","boxproducts_midlarge-width":556,"boxproducts_midlarge-height":560,"boxproducts_medium":"https:\/\/www.rupes.com\/wp-content\/uploads\/2019\/03\/LH76P_Right-angle-pneumatic-polisher_with-75mm-pad-556x450.jpg","boxproducts_medium-width":556,"boxproducts_medium-height":450,"boxproducts_small":"https:\/\/www.rupes.com\/wp-content\/uploads\/2019\/03\/LH76P_Right-angle-pneumatic-polisher_with-75mm-pad-556x305.jpg","boxproducts_small-width":556,"boxproducts_small-height":305,"boxproducts_mobile":"https:\/\/www.rupes.com\/wp-content\/uploads\/2019\/03\/LH76P_Right-angle-pneumatic-polisher_with-75mm-pad-400x175.jpg","boxproducts_mobile-width":400,"boxproducts_mobile-height":175,"product_thumb":"https:\/\/www.rupes.com\/wp-content\/uploads\/2019\/03\/LH76P_Right-angle-pneumatic-polisher_with-75mm-pad-199x200.jpg","product_thumb-width":199,"product_thumb-height":200,"product_home":"https:\/\/www.rupes.com\/wp-content\/uploads\/2019\/03\/LH76P_Right-angle-pneumatic-polisher_with-75mm-pad.jpg","product_home-width":556,"product_home-height":560,"gallery_first":"https:\/\/www.rupes.com\/wp-content\/uploads\/2019\/03\/LH76P_Right-angle-pneumatic-polisher_with-75mm-pad-496x500.jpg","gallery_first-width":496,"gallery_first-height":500,"gallery_thumb":"https:\/\/www.rupes.com\/wp-content\/uploads\/2019\/03\/LH76P_Right-angle-pneumatic-polisher_with-75mm-pad-79x80.jpg","gallery_thumb-width":79,"gallery_thumb-height":80,"category_image":"https:\/\/www.rupes.com\/wp-content\/uploads\/2019\/03\/LH76P_Right-angle-pneumatic-polisher_with-75mm-pad-200x200.jpg","category_image-width":200,"category_image-height":200,"category_thumb":"https:\/\/www.rupes.com\/wp-content\/uploads\/2019\/03\/LH76P_Right-angle-pneumatic-polisher_with-75mm-pad-100x100.jpg","category_thumb-width":100,"category_thumb-height":100}}],"videos":false,"files":false,"product_b2b_code":"LH76P","blocco_dimensione":false,"varianti":false,"kit_vendita":false,"blocchi_prodotti_correlati":false,"seleziona_tag_notizie":false,"seleziona_le_recensioni":"","attiva_voice_speech":false,"product_b2b_pdf":"https:\/\/b2b.rupes.com\/cdn\/b2b.rupes.com\/areaftp\/esplosipdf\/LH76PRIC000.pdf","google_review_link":"","attiva_collegamento":false,"code_usermanuals":"LH76x","code_usermanuals_usa":""},"_links":{"self":[{"href":"https:\/\/www.rupes.com\/fr\/wp-json\/wp\/v2\/products\/1001384826","targetHints":{"allow":["GET"]}}],"collection":[{"href":"https:\/\/www.rupes.com\/fr\/wp-json\/wp\/v2\/products"}],"about":[{"href":"https:\/\/www.rupes.com\/fr\/wp-json\/wp\/v2\/types\/product"}],"wp:attachment":[{"href":"https:\/\/www.rupes.com\/fr\/wp-json\/wp\/v2\/media?parent=1001384826"}],"wp:term":[{"taxonomy":"category_product","embeddable":true,"href":"https:\/\/www.rupes.com\/fr\/wp-json\/wp\/v2\/categoryproduct?post=1001384826"}],"curies":[{"name":"wp","href":"https:\/\/api.w.org\/{rel}","templated":true}]}}