{"id":1001384815,"date":"2019-03-08T02:19:16","date_gmt":"2019-03-08T02:19:16","guid":{"rendered":""},"modified":"2024-01-25T12:08:44","modified_gmt":"2024-01-25T11:08:44","slug":"lh16es","status":"publish","type":"product","link":"https:\/\/www.rupes.com\/fr\/product\/lh16es\/","title":{"rendered":"Mini angular polisher with 200mm pad"},"content":{"rendered":"","protected":false},"featured_media":0,"template":"","meta":{"_acf_changed":false},"categoryproduct":[888965171,888965176],"class_list":["post-1001384815","product","type-product","status-publish","hentry","category_product-electric-tools","category_product-electric-tools-polishers"],"acf":{"product_codice":"LH16ES","scheda_nuova":true,"contact_form":true,"attiva_flag_new_product":false,"product_home":"0","attiva_special_message":"disattivo","product_titolo_it":"MINI LUCIDATRICE ANGOLARE LH16ES ","product_titolo_de":"MINI WINKEL-POLIERMASCHINE LH16ES","product_titolo_fr":"MINI POLISSEUSE ANGULAIRE LH16ENS","product_titolo_es":"MINI PULIDORA ANGULAR LH16ENS ","product_descrizione_en":"<p>New\u00a0front ergonomic grip\u00a0for comfortable and safe handling<br \/>\nSoft start<br \/>\nCompact motor housing<br \/>\nSide handle reversible right &#8211; left<br \/>\nDouble gear reduction<br \/>\nElectronic speed control<\/p>\n<p><strong>Applications<\/strong><\/p>\n<ul>\n<li>Ideal for polishing vertical surfaces<\/li>\n<li>Polishing narrow areas<\/li>\n<li>Fine finishing<\/li>\n<li>Polishing \u00ab\u00a0stucco veneziano\u00a0\u00bb<\/li>\n<li>Waxing<\/li>\n<\/ul>\n","product_descrizione_it":"<p>Nuova impugnatura frontale ergonomica\u00a0per una presa comoda e sicura durante la lavorazione<br \/>\nSoft start\u00a0per un\u2019accelerazione dolce<br \/>\nCorpo motore compatto<br \/>\nImpugnatura laterale montabile\u00a0sia adestra che a sinistra<br \/>\nDoppia riduzione ad ingranaggi<br \/>\nRegolazione elettronica della velocit\u00e0<\/p>\n<p><strong>Applicazioni<\/strong><\/p>\n<ul>\n<li>Ideale per lucidature di superfici verticali<\/li>\n<li>Lucidature di aree poco accessibili<\/li>\n<li>Lucidatura di ritocchi<\/li>\n<li>Lucidatura mobili con setole<\/li>\n<li>Lucidatura di stucchi<\/li>\n<li>Applicazione cere protettive<\/li>\n<\/ul>\n","product_descrizione_de":"<p>Neuer ergonomischer Griff f\u00fcr bequemes und sicheres Halten w\u00e4hrend<br \/>\nder Bearbeitung<br \/>\nSoft-Start-Funktion<br \/>\nKompaktes Motorgeh\u00e4use<br \/>\nSeitlicher Griff, rechts und links montierbar<br \/>\nZweifach-Untersetzungsgetriebe<br \/>\nElektronische Drehzahlregelung<\/p>\n<p><strong>Anwendungen<\/strong><\/p>\n<ul>\n<li>Ideal zum Polieren von vertikalen Fl\u00e4chen<\/li>\n<li>Polierarbeiten in schlecht zug\u00e4nglichen Bereichen<\/li>\n<li>Polieren im Rahmen von Nachbesserungen<\/li>\n<li>Polieren von M\u00f6beln mit B\u00fcrsten<\/li>\n<li>Polieren von Spachteltechnik (Maler)<\/li>\n<li>Auftragen von Schutzwachs<\/li>\n<\/ul>\n","product_descrizione_fr":"<p>Nouvelle poign\u00e9e frontale ergonomique pour une prise commode et s\u00fbre pendant l\u2019usinage<br \/>\nSoft start pour une acc\u00e9l\u00e9ration douce<br \/>\nCorps de moteur compact<br \/>\nPoign\u00e9e lat\u00e9rale mont\u00e9e \u00e0 droite ou \u00e0 gauche<br \/>\nDouble r\u00e9ducteur \u00e0 engrenages<br \/>\nR\u00e9glage \u00e9lectronique de la vitesse<\/p>\n<p><strong>Applications<\/strong><\/p>\n<ul>\n<li>Id\u00e9ale pour les lustrages de surfaces verticales<\/li>\n<li>Lustrages de surfaces peu accessibles<\/li>\n<li>Lustrage de retouches<\/li>\n<li>Lustrage de meubles avec soies<\/li>\n<li>Lustrage d\u2019enduits<\/li>\n<li>Application de cires de protection<\/li>\n<\/ul>\n","product_descrizione_es":"<p>Nueva empu\u00f1adura ergon\u00f3mica frontal para un manejo c\u00f3modo y seguro<br \/>\nArranque suave<br \/>\nCarcasa de motor compacta<br \/>\nMango lateral reversible derecha-izquierda<br \/>\nDoble reducci\u00f3n de engranajes<br \/>\nControl electr\u00f3nico de velocidad<\/p>\n<p><strong>Aplicaciones<\/strong><\/p>\n<ul>\n<li>Ideal para pulir superficies verticales<\/li>\n<li>Pulido de \u00e1reas estrechas<\/li>\n<li>Acabado fino<\/li>\n<li>Pulido de estuco veneciano<\/li>\n<li>Encerado<\/li>\n<\/ul>\n","product_scheda_en":"<table border=\"1\" cellspacing=\"1\" cellpadding=\"1\">\n<tbody>\n<tr>\n<td align=\"left\">\u00d8 max polishing pad (mm)<\/td>\n<td>200<\/td>\n<\/tr>\n<tr>\n<td align=\"left\">Power max (W)<\/td>\n<td>900<\/td>\n<\/tr>\n<tr>\n<td align=\"left\">R.P.M.<\/td>\n<td>700-1700<\/td>\n<\/tr>\n<tr>\n<td align=\"left\">Weight (Kg)<\/td>\n<td>1,9<\/td>\n<\/tr>\n<tr>\n<td align=\"left\">Speed control<\/td>\n<td>\u2022<\/td>\n<\/tr>\n<tr>\n<td align=\"left\">Wheel spindle thread<\/td>\n<td>M14-M<\/td>\n<\/tr>\n<tr>\n<td align=\"left\">Shaft locking button<\/td>\n<td>\u2022<\/td>\n<\/tr>\n<tr>\n<td align=\"left\">Side handle<\/td>\n<td>\u2022<\/td>\n<\/tr>\n<\/tbody>\n<\/table>\n","product_scheda_it":"<table border=\"1\" cellspacing=\"1\" cellpadding=\"1\">\n<tbody>\n<tr>\n<td align=\"left\">\u00d8 max tampone lucidatura (mm)<\/td>\n<td>200<\/td>\n<\/tr>\n<tr>\n<td align=\"left\">Potenza max (W)<\/td>\n<td>900<\/td>\n<\/tr>\n<tr>\n<td align=\"left\">R.P.M.<\/td>\n<td>700-1700<\/td>\n<\/tr>\n<tr>\n<td align=\"left\">Peso (Kg)<\/td>\n<td>1,9<\/td>\n<\/tr>\n<tr>\n<td align=\"left\">Regolazione di velocit\u00e0<\/td>\n<td>\u2022<\/td>\n<\/tr>\n<tr>\n<td align=\"left\">Filettatura dell&rsquo;albero<\/td>\n<td>M14-M<\/td>\n<\/tr>\n<tr>\n<td align=\"left\">Tasto blocca albero<\/td>\n<td>\u2022<\/td>\n<\/tr>\n<tr>\n<td align=\"left\">Impugnatura laterale<\/td>\n<td>\u2022<\/td>\n<\/tr>\n<\/tbody>\n<\/table>\n","product_scheda_de":"<table border=\"1\" cellspacing=\"1\" cellpadding=\"1\">\n<tbody>\n<tr>\n<td align=\"left\">\u00d8 max Polieraufsatz (mm)<\/td>\n<td>200<\/td>\n<\/tr>\n<tr>\n<td align=\"left\">Leistung max (W)<\/td>\n<td>900<\/td>\n<\/tr>\n<tr>\n<td align=\"left\">R.P.M.<\/td>\n<td>700-1700<\/td>\n<\/tr>\n<tr>\n<td align=\"left\">Gewicht (Kg)<\/td>\n<td>1,9<\/td>\n<\/tr>\n<tr>\n<td align=\"left\">Regulierung der Geschwindigkeit<\/td>\n<td>\u2022<\/td>\n<\/tr>\n<tr>\n<td align=\"left\">Gewinde der Welle<\/td>\n<td>M14-M<\/td>\n<\/tr>\n<tr>\n<td align=\"left\">Spindelarretierung Taste<\/td>\n<td>\u2022<\/td>\n<\/tr>\n<tr>\n<td align=\"left\">Seitlicher Griff<\/td>\n<td>\u2022<\/td>\n<\/tr>\n<\/tbody>\n<\/table>\n","product_scheda_fr":"<table border=\"1\" cellspacing=\"1\" cellpadding=\"1\">\n<tbody>\n<tr>\n<td align=\"left\">\u00d8 max tampon pour lustrage (mm)<\/td>\n<td>200<\/td>\n<\/tr>\n<tr>\n<td align=\"left\">Puissance max (W)<\/td>\n<td>900<\/td>\n<\/tr>\n<tr>\n<td align=\"left\">R.P.M.<\/td>\n<td>700-1700<\/td>\n<\/tr>\n<tr>\n<td align=\"left\">Poids (Kg)<\/td>\n<td>1,9<\/td>\n<\/tr>\n<tr>\n<td align=\"left\">R\u00e9glage de la vitesse<\/td>\n<td>\u2022<\/td>\n<\/tr>\n<tr>\n<td align=\"left\">Filetage arbre porte-rouleau<\/td>\n<td>M14-M<\/td>\n<\/tr>\n<tr>\n<td align=\"left\">Touche d\u00e9crochage du albre<\/td>\n<td>\u2022<\/td>\n<\/tr>\n<tr>\n<td align=\"left\">Poign\u00e9e lat\u00e9rale<\/td>\n<td>\u2022<\/td>\n<\/tr>\n<\/tbody>\n<\/table>\n","product_scheda_es":"","thumb":false,"gallery":[{"ID":1001394213,"id":1001394213,"title":"LH16ES_Mini-angular-polisher-with-200mm-pad","filename":"LH16ES_Mini-angular-polisher-with-200mm-pad.jpg","filesize":65307,"url":"https:\/\/www.rupes.com\/wp-content\/uploads\/2019\/03\/LH16ES_Mini-angular-polisher-with-200mm-pad.jpg","link":"https:\/\/www.rupes.com\/fr\/product\/lh16es\/lh16es_mini-angular-polisher-with-200mm-pad-2\/","alt":"","author":"1","description":"","caption":"","name":"lh16es_mini-angular-polisher-with-200mm-pad-2","status":"inherit","uploaded_to":1001384815,"date":"2020-10-30 14:50:34","modified":"2020-10-30 14:50:54","menu_order":0,"mime_type":"image\/jpeg","type":"image","subtype":"jpeg","icon":"https:\/\/www.rupes.com\/wp-includes\/images\/media\/default.png","width":1200,"height":800,"sizes":{"thumbnail":"https:\/\/www.rupes.com\/wp-content\/uploads\/2019\/03\/LH16ES_Mini-angular-polisher-with-200mm-pad-150x150.jpg","thumbnail-width":150,"thumbnail-height":150,"medium":"https:\/\/www.rupes.com\/wp-content\/uploads\/2019\/03\/LH16ES_Mini-angular-polisher-with-200mm-pad-300x200.jpg","medium-width":300,"medium-height":200,"medium_large":"https:\/\/www.rupes.com\/wp-content\/uploads\/2019\/03\/LH16ES_Mini-angular-polisher-with-200mm-pad-768x512.jpg","medium_large-width":768,"medium_large-height":512,"large":"https:\/\/www.rupes.com\/wp-content\/uploads\/2019\/03\/LH16ES_Mini-angular-polisher-with-200mm-pad-1024x683.jpg","large-width":1024,"large-height":683,"1536x1536":"https:\/\/www.rupes.com\/wp-content\/uploads\/2019\/03\/LH16ES_Mini-angular-polisher-with-200mm-pad.jpg","1536x1536-width":1200,"1536x1536-height":800,"2048x2048":"https:\/\/www.rupes.com\/wp-content\/uploads\/2019\/03\/LH16ES_Mini-angular-polisher-with-200mm-pad.jpg","2048x2048-width":1200,"2048x2048-height":800,"thumb_news":"https:\/\/www.rupes.com\/wp-content\/uploads\/2019\/03\/LH16ES_Mini-angular-polisher-with-200mm-pad-350x200.jpg","thumb_news-width":350,"thumb_news-height":200,"boxhome_small":"https:\/\/www.rupes.com\/wp-content\/uploads\/2019\/03\/LH16ES_Mini-angular-polisher-with-200mm-pad-200x100.jpg","boxhome_small-width":200,"boxhome_small-height":100,"boxhome_medium":"https:\/\/www.rupes.com\/wp-content\/uploads\/2019\/03\/LH16ES_Mini-angular-polisher-with-200mm-pad-300x150.jpg","boxhome_medium-width":300,"boxhome_medium-height":150,"boxhome_large":"https:\/\/www.rupes.com\/wp-content\/uploads\/2019\/03\/LH16ES_Mini-angular-polisher-with-200mm-pad-450x200.jpg","boxhome_large-width":450,"boxhome_large-height":200,"boxproducts_large":"https:\/\/www.rupes.com\/wp-content\/uploads\/2019\/03\/LH16ES_Mini-angular-polisher-with-200mm-pad-1200x700.jpg","boxproducts_large-width":1200,"boxproducts_large-height":700,"boxproducts_midlarge":"https:\/\/www.rupes.com\/wp-content\/uploads\/2019\/03\/LH16ES_Mini-angular-polisher-with-200mm-pad-1200x560.jpg","boxproducts_midlarge-width":1200,"boxproducts_midlarge-height":560,"boxproducts_medium":"https:\/\/www.rupes.com\/wp-content\/uploads\/2019\/03\/LH16ES_Mini-angular-polisher-with-200mm-pad-1024x450.jpg","boxproducts_medium-width":1024,"boxproducts_medium-height":450,"boxproducts_small":"https:\/\/www.rupes.com\/wp-content\/uploads\/2019\/03\/LH16ES_Mini-angular-polisher-with-200mm-pad-700x305.jpg","boxproducts_small-width":700,"boxproducts_small-height":305,"boxproducts_mobile":"https:\/\/www.rupes.com\/wp-content\/uploads\/2019\/03\/LH16ES_Mini-angular-polisher-with-200mm-pad-400x175.jpg","boxproducts_mobile-width":400,"boxproducts_mobile-height":175,"product_thumb":"https:\/\/www.rupes.com\/wp-content\/uploads\/2019\/03\/LH16ES_Mini-angular-polisher-with-200mm-pad-300x200.jpg","product_thumb-width":300,"product_thumb-height":200,"product_home":"https:\/\/www.rupes.com\/wp-content\/uploads\/2019\/03\/LH16ES_Mini-angular-polisher-with-200mm-pad-1200x700.jpg","product_home-width":1200,"product_home-height":700,"gallery_first":"https:\/\/www.rupes.com\/wp-content\/uploads\/2019\/03\/LH16ES_Mini-angular-polisher-with-200mm-pad-750x500.jpg","gallery_first-width":750,"gallery_first-height":500,"gallery_thumb":"https:\/\/www.rupes.com\/wp-content\/uploads\/2019\/03\/LH16ES_Mini-angular-polisher-with-200mm-pad-105x70.jpg","gallery_thumb-width":105,"gallery_thumb-height":70,"category_image":"https:\/\/www.rupes.com\/wp-content\/uploads\/2019\/03\/LH16ES_Mini-angular-polisher-with-200mm-pad-200x133.jpg","category_image-width":200,"category_image-height":133,"category_thumb":"https:\/\/www.rupes.com\/wp-content\/uploads\/2019\/03\/LH16ES_Mini-angular-polisher-with-200mm-pad-100x67.jpg","category_thumb-width":100,"category_thumb-height":67}}],"videos":false,"files":[{"label":"diagram","etichetta_en":"","etichetta_it":"","etichetta_de":"","etichetta_fr":"","etichetta_es":"","multilingua":"no","file":false,"url_file":"","file_or_url":"file","file_it":false,"url_it":"","file_or_url_it":"file","file_de":false,"url_de":"","file_or_url_de":"file","file_fr":false,"url_fr":"","file_or_url_fr":"file","file_es":false,"url_es":"","file_or_url_es":"file"}],"product_b2b_code":"LH16ES#230\/H5\/DE\/STD","blocco_dimensione":false,"varianti":false,"kit_vendita":false,"blocchi_prodotti_correlati":false,"seleziona_tag_notizie":false,"seleziona_le_recensioni":"","product_b2b_pdf":"https:\/\/b2b.rupes.com\/cdn\/b2b.rupes.com\/areaftp\/esplosipdf\/LH16ESRIC000.pdf","google_review_link":"","attiva_collegamento":false,"attiva_voice_speech":false,"code_usermanuals":"9.2575","code_usermanuals_usa":""},"_links":{"self":[{"href":"https:\/\/www.rupes.com\/fr\/wp-json\/wp\/v2\/products\/1001384815","targetHints":{"allow":["GET"]}}],"collection":[{"href":"https:\/\/www.rupes.com\/fr\/wp-json\/wp\/v2\/products"}],"about":[{"href":"https:\/\/www.rupes.com\/fr\/wp-json\/wp\/v2\/types\/product"}],"wp:attachment":[{"href":"https:\/\/www.rupes.com\/fr\/wp-json\/wp\/v2\/media?parent=1001384815"}],"wp:term":[{"taxonomy":"category_product","embeddable":true,"href":"https:\/\/www.rupes.com\/fr\/wp-json\/wp\/v2\/categoryproduct?post=1001384815"}],"curies":[{"name":"wp","href":"https:\/\/api.w.org\/{rel}","templated":true}]}}