{"id":1001384807,"date":"2020-01-09T09:00:13","date_gmt":"2020-01-09T08:00:13","guid":{"rendered":""},"modified":"2024-01-25T12:06:50","modified_gmt":"2024-01-25T11:06:50","slug":"mini-orbital-sander-80x200mm-orbital-movement-integral-dust-extraction-system-light-and-compact-body-maximum-grip-electrical-parts-insulated-with-special-resins-for-greater-protection-and-longer-life","status":"publish","type":"product","link":"https:\/\/www.rupes.com\/fr\/product\/mini-orbital-sander-80x200mm-orbital-movement-integral-dust-extraction-system-light-and-compact-body-maximum-grip-electrical-parts-insulated-with-special-resins-for-greater-protection-and-longer-life\/","title":{"rendered":"Mini orbital sander 80X200mm with greentech filter"},"content":{"rendered":"<p>Mini orbital sander 80X200mm, Orbital movement<br \/>\nIntegral dust extraction system<br \/>\nLight and compact body<br \/>\nMaximum grip<br \/>\nElectrical parts insulated with special resins for greater protection and longer life of the tool<\/p>\n<p><img fetchpriority=\"high\" decoding=\"async\" class=\"size-medium wp-image-1001394887\" src=\"https:\/\/www.rupes.com\/wp-content\/uploads\/2019\/03\/LC71T_Mini-orbital-sander-80X200mm-with-greentech-filter-300x200.jpg\" alt=\"LC71T - Mini orbital sander 80X200mm with greentech filter\" width=\"300\" height=\"200\" srcset=\"https:\/\/www.rupes.com\/wp-content\/uploads\/2019\/03\/LC71T_Mini-orbital-sander-80X200mm-with-greentech-filter-300x200.jpg 300w, https:\/\/www.rupes.com\/wp-content\/uploads\/2019\/03\/LC71T_Mini-orbital-sander-80X200mm-with-greentech-filter-1024x683.jpg 1024w, https:\/\/www.rupes.com\/wp-content\/uploads\/2019\/03\/LC71T_Mini-orbital-sander-80X200mm-with-greentech-filter-768x512.jpg 768w, https:\/\/www.rupes.com\/wp-content\/uploads\/2019\/03\/LC71T_Mini-orbital-sander-80X200mm-with-greentech-filter-750x500.jpg 750w, https:\/\/www.rupes.com\/wp-content\/uploads\/2019\/03\/LC71T_Mini-orbital-sander-80X200mm-with-greentech-filter-105x70.jpg 105w, https:\/\/www.rupes.com\/wp-content\/uploads\/2019\/03\/LC71T_Mini-orbital-sander-80X200mm-with-greentech-filter-200x133.jpg 200w, https:\/\/www.rupes.com\/wp-content\/uploads\/2019\/03\/LC71T_Mini-orbital-sander-80X200mm-with-greentech-filter-100x67.jpg 100w, https:\/\/www.rupes.com\/wp-content\/uploads\/2019\/03\/LC71T_Mini-orbital-sander-80X200mm-with-greentech-filter.jpg 1200w\" sizes=\"(max-width: 300px) 100vw, 300px\" \/><\/p>\n<p><strong>Mini orbital sander 80X200mm applications<\/strong><\/p>\n<ul>\n<li>Sanding narrow surfaces as shutters or similars<\/li>\n<li>Ideal for sanding drawers, chairs, etc.<\/li>\n<li>Sanding and preparation of internal surfaces of yachts and boats<\/li>\n<\/ul>\n","protected":false},"featured_media":0,"template":"","meta":{"_acf_changed":false},"categoryproduct":[888965171,888965177],"class_list":["post-1001384807","product","type-product","status-publish","hentry","category_product-electric-tools","category_product-electric-tools-sanders"],"acf":{"product_codice":"LC71T","scheda_nuova":true,"contact_form":true,"attiva_flag_new_product":false,"product_home":"0","attiva_special_message":"disattivo","product_titolo_it":"Mini levigatrice orbitale 80X200mm con filtro greentech","product_titolo_de":"Mini-Exzenterschleifer 80X200mm mit Greentech-Filter","product_titolo_fr":"Mini ponceuse orbitale 80X200mm avec filtre Greentech","product_titolo_es":"Mini lijadora orbital 80X200mm con filtro greentech","product_descrizione_en":"<p>Mini orbital sander 80X200mm, Orbital movement<br \/>\nIntegral dust extraction system<br \/>\nLight and compact body<br \/>\nMaximum grip<br \/>\nElectrical parts insulated with special resins for greater protection and longer life of the tool<\/p>\n<p><strong>Mini orbital sander 80X200mm applications<\/strong><\/p>\n<ul>\n<li>Sanding narrow surfaces as shutters or similars<\/li>\n<li>Ideal for sanding drawers, chairs, etc.<\/li>\n<li>Sanding and preparation of internal surfaces of yachts and boats<\/li>\n<\/ul>\n","product_descrizione_it":"<p>Mini levigatrice orbitale 80X200mm, movimento orbitale<br \/>\nSistema di aspirazione della polvere integrato<br \/>\nCorpo leggero e compatto<br \/>\nMassima aderenza<br \/>\nParti elettriche coibentate con resine speciali per una maggiore protezione e maggiore durata dell&rsquo;utensile<\/p>\n<p><strong> Applicazioni mini levigatrice orbitale 80X200mm <\/strong><\/p>\n<ul>\n<li>Levigatura di superfici strette come persiane o simili<\/li>\n<li>Ideale per levigare cassetti, sedie, ecc.<\/li>\n<li>Levigatura e preparazione delle superfici interne di yacht e imbarcazioni<\/li>\n<\/ul>\n","product_descrizione_de":"<p>Mini-Exzenterschleifer 80X200mm, Orbitalbewegung<br \/>\nIntegriertes Staubabsaugsystem<br \/>\nLeichter und kompakter K\u00f6rper<br \/>\nMaximaler Grip<br \/>\nMit speziellen Harzen isolierte elektrische Teile f\u00fcr mehr Schutz und l\u00e4ngere Lebensdauer des Werkzeugs<\/p>\n<p><strong> Mini-Exzenterschleifer 80X200mm-Anwendungen &lt;\/ strong&gt;<\/strong><\/p>\n<ul>\n<li>Schleife Oberfl\u00e4chen als Fensterl\u00e4den oder \u00c4hnliches schleifen &lt;\/ li&gt;<\/li>\n<li>Ideal zum Schleifen von Schubladen, St\u00fchlen usw. &lt;\/ li&gt;<\/li>\n<li>Schleifen und Vorbereiten der Innenfl\u00e4chen von Yachten und Booten &lt;\/ li&gt;<br \/>\n&lt;\/ ul&gt;<\/li>\n<\/ul>\n","product_descrizione_fr":"<p>Mini ponceuse orbitale 80X200mm, mouvement orbital<br \/>\nSyst\u00e8me d&rsquo;extraction de poussi\u00e8re int\u00e9gr\u00e9<br \/>\nCorps l\u00e9ger et compact<br \/>\nAdh\u00e9rence maximale<br \/>\nPi\u00e8ces \u00e9lectriques isol\u00e9es avec des r\u00e9sines sp\u00e9ciales pour une meilleure protection et une dur\u00e9e de vie plus longue de l&rsquo;outil<\/p>\n<p><strong> Applications de la mini ponceuse orbitale 80X200 mm <\/strong><\/p>\n<ul>\n<li>Pon\u00e7age de surfaces \u00e9troites comme volets ou similaires<\/li>\n<li>Id\u00e9al pour poncer des tiroirs, des chaises, etc.<\/li>\n<li>Pon\u00e7age et pr\u00e9paration des surfaces internes des yachts et bateaux<\/li>\n<\/ul>\n","product_descrizione_es":"<p>Mini lijadora orbital 80X200mm, movimiento orbital<br \/>\nSistema de extracci\u00f3n de polvo integral<br \/>\nCuerpo ligero y compacto<br \/>\nAgarre m\u00e1ximo<br \/>\nPiezas el\u00e9ctricas aisladas con resinas especiales para mayor protecci\u00f3n y mayor vida \u00fatil de la herramienta<\/p>\n<p><strong> Aplicaciones de la mini lijadora orbital 80X200mm <\/strong><\/p>\n<ul>\n<li>Lijado de superficies estrechas como contraventanas o similares<\/li>\n<li>Ideal para lijar cajones, sillas, etc.<\/li>\n<li>Lijado y preparaci\u00f3n de superficies internas de yates y barcos<\/li>\n<\/ul>\n","product_scheda_en":"<table border=\"1\" cellspacing=\"1\" cellpadding=\"1\">\n<tbody>\n<tr>\n<td>\u00d8 orbit (mm)<\/td>\n<td>2<\/td>\n<\/tr>\n<tr>\n<td>Pad size (mm)<\/td>\n<td>80&#215;200<\/td>\n<\/tr>\n<tr>\n<td>Power (W)<\/td>\n<td>200<\/td>\n<\/tr>\n<tr>\n<td>R.P.M.<\/td>\n<td>13000<\/td>\n<\/tr>\n<tr>\n<td>Weight (Kg)<\/td>\n<td>1,15<\/td>\n<\/tr>\n<tr>\n<td>Self generated dust extraction<\/td>\n<td>\u2022<\/td>\n<\/tr>\n<tr>\n<td>Filter Unit<\/td>\n<td>80.400\/C<\/td>\n<\/tr>\n<tr>\n<td>Pad supplied<\/td>\n<td>986.015<\/td>\n<\/tr>\n<\/tbody>\n<\/table>\n","product_scheda_it":"<table border=\"1\" cellspacing=\"1\" cellpadding=\"1\">\n<tbody>\n<tr>\n<td>\u00d8 orbita (mm)<\/td>\n<td>2<\/td>\n<\/tr>\n<tr>\n<td>Dimensioni piastra (mm)<\/td>\n<td>80&#215;200<\/td>\n<\/tr>\n<tr>\n<td>Potenza (W)<\/td>\n<td>200<\/td>\n<\/tr>\n<tr>\n<td>R.P.M.<\/td>\n<td>13000<\/td>\n<\/tr>\n<tr>\n<td>Peso (Kg)<\/td>\n<td>1,15<\/td>\n<\/tr>\n<tr>\n<td>Aspirazione incorporata<\/td>\n<td>\u2022<\/td>\n<\/tr>\n<tr>\n<td>Unit\u00e0 filtrante<\/td>\n<td>80.400\/C<\/td>\n<\/tr>\n<tr>\n<td>Piastra in dotazione<\/td>\n<td>986.015<\/td>\n<\/tr>\n<\/tbody>\n<\/table>\n","product_scheda_de":"<table border=\"1\" cellspacing=\"1\" cellpadding=\"1\">\n<tbody>\n<tr>\n<td>\u00d8 Hub (mm)<\/td>\n<td>2<\/td>\n<\/tr>\n<tr>\n<td>Plattengr\u00f6\u00dfe (mm)<\/td>\n<td>80&#215;200<\/td>\n<\/tr>\n<tr>\n<td>Leistung (W)<\/td>\n<td>200<\/td>\n<\/tr>\n<tr>\n<td>R.P.M.<\/td>\n<td>13000<\/td>\n<\/tr>\n<tr>\n<td>Gewicht (Kg)<\/td>\n<td>1,15<\/td>\n<\/tr>\n<tr>\n<td>Eigenabsaugung<\/td>\n<td>\u2022<\/td>\n<\/tr>\n<tr>\n<td>Filtereinheit<\/td>\n<td>80.400\/C<\/td>\n<\/tr>\n<tr>\n<td>Platte enthalten<\/td>\n<td>986.015<\/td>\n<\/tr>\n<\/tbody>\n<\/table>\n","product_scheda_fr":"<table border=\"1\" cellspacing=\"1\" cellpadding=\"1\">\n<tbody>\n<tr>\n<td>\u00d8 orbite (mm)<\/td>\n<td>2<\/td>\n<\/tr>\n<tr>\n<td>Dimensions patin (mm)<\/td>\n<td>80&#215;200<\/td>\n<\/tr>\n<tr>\n<td>Puissance (W)<\/td>\n<td>200<\/td>\n<\/tr>\n<tr>\n<td>R.P.M.<\/td>\n<td>13000<\/td>\n<\/tr>\n<tr>\n<td>Poids (Kg)<\/td>\n<td>1,15<\/td>\n<\/tr>\n<tr>\n<td>Extract. pouss. automat<\/td>\n<td>\u2022<\/td>\n<\/tr>\n<tr>\n<td>Unit\u00e9 de filtration<\/td>\n<td>80.400\/C<\/td>\n<\/tr>\n<tr>\n<td>Patin fourni<\/td>\n<td>986.015<\/td>\n<\/tr>\n<\/tbody>\n<\/table>\n","product_scheda_es":"<table border=\"1\" cellspacing=\"1\" cellpadding=\"1\">\n<tbody>\n<tr>\n<td>\u00d8 \u00f3rbita (mm)<\/td>\n<td>2<\/td>\n<\/tr>\n<tr>\n<td>Medida de la base (mm)<\/td>\n<td>80&#215;200<\/td>\n<\/tr>\n<tr>\n<td>Potencia (W)<\/td>\n<td>200<\/td>\n<\/tr>\n<tr>\n<td>R.P.M.<\/td>\n<td>13000<\/td>\n<\/tr>\n<tr>\n<td>Peso (Kg)<\/td>\n<td>1,15<\/td>\n<\/tr>\n<tr>\n<td>Autoaspiraci\u00f3n de polvo<\/td>\n<td>\u2022<\/td>\n<\/tr>\n<tr>\n<td>Unidad de filtro<\/td>\n<td>80.400\/C<\/td>\n<\/tr>\n<tr>\n<td>Base suministrada<\/td>\n<td>986.015<\/td>\n<\/tr>\n<\/tbody>\n<\/table>\n","thumb":false,"gallery":[{"ID":1001394883,"id":1001394883,"title":"LC71T_Mini-orbital-sander-80X200mm","filename":"LC71T_Mini-orbital-sander-80X200mm.jpg","filesize":54037,"url":"https:\/\/www.rupes.com\/wp-content\/uploads\/2019\/03\/LC71T_Mini-orbital-sander-80X200mm.jpg","link":"https:\/\/www.rupes.com\/fr\/product\/mini-orbital-sander-80x200mm-orbital-movement-integral-dust-extraction-system-light-and-compact-body-maximum-grip-electrical-parts-insulated-with-special-resins-for-greater-protection-and-longer-life\/lc71t_mini-orbital-sander-80x200mm-2\/","alt":"LC71T - Mini orbital sander 80X200mm","author":"1","description":"LC71T - Mini orbital sander 80X200mm","caption":"LC71T - Mini orbital sander 80X200mm","name":"lc71t_mini-orbital-sander-80x200mm-2","status":"inherit","uploaded_to":1001384807,"date":"2020-11-09 13:41:41","modified":"2020-11-09 13:42:05","menu_order":0,"mime_type":"image\/jpeg","type":"image","subtype":"jpeg","icon":"https:\/\/www.rupes.com\/wp-includes\/images\/media\/default.png","width":1200,"height":800,"sizes":{"thumbnail":"https:\/\/www.rupes.com\/wp-content\/uploads\/2019\/03\/LC71T_Mini-orbital-sander-80X200mm-150x150.jpg","thumbnail-width":150,"thumbnail-height":150,"medium":"https:\/\/www.rupes.com\/wp-content\/uploads\/2019\/03\/LC71T_Mini-orbital-sander-80X200mm-300x200.jpg","medium-width":300,"medium-height":200,"medium_large":"https:\/\/www.rupes.com\/wp-content\/uploads\/2019\/03\/LC71T_Mini-orbital-sander-80X200mm-768x512.jpg","medium_large-width":768,"medium_large-height":512,"large":"https:\/\/www.rupes.com\/wp-content\/uploads\/2019\/03\/LC71T_Mini-orbital-sander-80X200mm-1024x683.jpg","large-width":1024,"large-height":683,"1536x1536":"https:\/\/www.rupes.com\/wp-content\/uploads\/2019\/03\/LC71T_Mini-orbital-sander-80X200mm.jpg","1536x1536-width":1200,"1536x1536-height":800,"2048x2048":"https:\/\/www.rupes.com\/wp-content\/uploads\/2019\/03\/LC71T_Mini-orbital-sander-80X200mm.jpg","2048x2048-width":1200,"2048x2048-height":800,"thumb_news":"https:\/\/www.rupes.com\/wp-content\/uploads\/2019\/03\/LC71T_Mini-orbital-sander-80X200mm-350x200.jpg","thumb_news-width":350,"thumb_news-height":200,"boxhome_small":"https:\/\/www.rupes.com\/wp-content\/uploads\/2019\/03\/LC71T_Mini-orbital-sander-80X200mm-200x100.jpg","boxhome_small-width":200,"boxhome_small-height":100,"boxhome_medium":"https:\/\/www.rupes.com\/wp-content\/uploads\/2019\/03\/LC71T_Mini-orbital-sander-80X200mm-300x150.jpg","boxhome_medium-width":300,"boxhome_medium-height":150,"boxhome_large":"https:\/\/www.rupes.com\/wp-content\/uploads\/2019\/03\/LC71T_Mini-orbital-sander-80X200mm-450x200.jpg","boxhome_large-width":450,"boxhome_large-height":200,"boxproducts_large":"https:\/\/www.rupes.com\/wp-content\/uploads\/2019\/03\/LC71T_Mini-orbital-sander-80X200mm-1200x700.jpg","boxproducts_large-width":1200,"boxproducts_large-height":700,"boxproducts_midlarge":"https:\/\/www.rupes.com\/wp-content\/uploads\/2019\/03\/LC71T_Mini-orbital-sander-80X200mm-1200x560.jpg","boxproducts_midlarge-width":1200,"boxproducts_midlarge-height":560,"boxproducts_medium":"https:\/\/www.rupes.com\/wp-content\/uploads\/2019\/03\/LC71T_Mini-orbital-sander-80X200mm-1024x450.jpg","boxproducts_medium-width":1024,"boxproducts_medium-height":450,"boxproducts_small":"https:\/\/www.rupes.com\/wp-content\/uploads\/2019\/03\/LC71T_Mini-orbital-sander-80X200mm-700x305.jpg","boxproducts_small-width":700,"boxproducts_small-height":305,"boxproducts_mobile":"https:\/\/www.rupes.com\/wp-content\/uploads\/2019\/03\/LC71T_Mini-orbital-sander-80X200mm-400x175.jpg","boxproducts_mobile-width":400,"boxproducts_mobile-height":175,"product_thumb":"https:\/\/www.rupes.com\/wp-content\/uploads\/2019\/03\/LC71T_Mini-orbital-sander-80X200mm-300x200.jpg","product_thumb-width":300,"product_thumb-height":200,"product_home":"https:\/\/www.rupes.com\/wp-content\/uploads\/2019\/03\/LC71T_Mini-orbital-sander-80X200mm-1200x700.jpg","product_home-width":1200,"product_home-height":700,"gallery_first":"https:\/\/www.rupes.com\/wp-content\/uploads\/2019\/03\/LC71T_Mini-orbital-sander-80X200mm-750x500.jpg","gallery_first-width":750,"gallery_first-height":500,"gallery_thumb":"https:\/\/www.rupes.com\/wp-content\/uploads\/2019\/03\/LC71T_Mini-orbital-sander-80X200mm-105x70.jpg","gallery_thumb-width":105,"gallery_thumb-height":70,"category_image":"https:\/\/www.rupes.com\/wp-content\/uploads\/2019\/03\/LC71T_Mini-orbital-sander-80X200mm-200x133.jpg","category_image-width":200,"category_image-height":133,"category_thumb":"https:\/\/www.rupes.com\/wp-content\/uploads\/2019\/03\/LC71T_Mini-orbital-sander-80X200mm-100x67.jpg","category_thumb-width":100,"category_thumb-height":67}},{"ID":1001394888,"id":1001394888,"title":"LC71T_Mini-orbital-sander-80X200mm-with-greentech-filter","filename":"LC71T_Mini-orbital-sander-80X200mm-with-greentech-filter.jpg","filesize":71795,"url":"https:\/\/www.rupes.com\/wp-content\/uploads\/2019\/03\/LC71T_Mini-orbital-sander-80X200mm-with-greentech-filter.jpg","link":"https:\/\/www.rupes.com\/fr\/product\/mini-orbital-sander-80x200mm-orbital-movement-integral-dust-extraction-system-light-and-compact-body-maximum-grip-electrical-parts-insulated-with-special-resins-for-greater-protection-and-longer-life\/lc71t_mini-orbital-sander-80x200mm-with-greentech-filter-2\/","alt":"LC71T - Mini orbital sander 80X200mm with greentech filter","author":"1","description":"LC71T - Mini orbital sander 80X200mm with greentech filter","caption":"LC71T - Mini orbital sander 80X200mm with greentech filter","name":"lc71t_mini-orbital-sander-80x200mm-with-greentech-filter-2","status":"inherit","uploaded_to":1001384807,"date":"2020-11-09 13:41:42","modified":"2020-11-09 13:42:24","menu_order":0,"mime_type":"image\/jpeg","type":"image","subtype":"jpeg","icon":"https:\/\/www.rupes.com\/wp-includes\/images\/media\/default.png","width":1200,"height":800,"sizes":{"thumbnail":"https:\/\/www.rupes.com\/wp-content\/uploads\/2019\/03\/LC71T_Mini-orbital-sander-80X200mm-with-greentech-filter-150x150.jpg","thumbnail-width":150,"thumbnail-height":150,"medium":"https:\/\/www.rupes.com\/wp-content\/uploads\/2019\/03\/LC71T_Mini-orbital-sander-80X200mm-with-greentech-filter-300x200.jpg","medium-width":300,"medium-height":200,"medium_large":"https:\/\/www.rupes.com\/wp-content\/uploads\/2019\/03\/LC71T_Mini-orbital-sander-80X200mm-with-greentech-filter-768x512.jpg","medium_large-width":768,"medium_large-height":512,"large":"https:\/\/www.rupes.com\/wp-content\/uploads\/2019\/03\/LC71T_Mini-orbital-sander-80X200mm-with-greentech-filter-1024x683.jpg","large-width":1024,"large-height":683,"1536x1536":"https:\/\/www.rupes.com\/wp-content\/uploads\/2019\/03\/LC71T_Mini-orbital-sander-80X200mm-with-greentech-filter.jpg","1536x1536-width":1200,"1536x1536-height":800,"2048x2048":"https:\/\/www.rupes.com\/wp-content\/uploads\/2019\/03\/LC71T_Mini-orbital-sander-80X200mm-with-greentech-filter.jpg","2048x2048-width":1200,"2048x2048-height":800,"thumb_news":"https:\/\/www.rupes.com\/wp-content\/uploads\/2019\/03\/LC71T_Mini-orbital-sander-80X200mm-with-greentech-filter-350x200.jpg","thumb_news-width":350,"thumb_news-height":200,"boxhome_small":"https:\/\/www.rupes.com\/wp-content\/uploads\/2019\/03\/LC71T_Mini-orbital-sander-80X200mm-with-greentech-filter-200x100.jpg","boxhome_small-width":200,"boxhome_small-height":100,"boxhome_medium":"https:\/\/www.rupes.com\/wp-content\/uploads\/2019\/03\/LC71T_Mini-orbital-sander-80X200mm-with-greentech-filter-300x150.jpg","boxhome_medium-width":300,"boxhome_medium-height":150,"boxhome_large":"https:\/\/www.rupes.com\/wp-content\/uploads\/2019\/03\/LC71T_Mini-orbital-sander-80X200mm-with-greentech-filter-450x200.jpg","boxhome_large-width":450,"boxhome_large-height":200,"boxproducts_large":"https:\/\/www.rupes.com\/wp-content\/uploads\/2019\/03\/LC71T_Mini-orbital-sander-80X200mm-with-greentech-filter-1200x700.jpg","boxproducts_large-width":1200,"boxproducts_large-height":700,"boxproducts_midlarge":"https:\/\/www.rupes.com\/wp-content\/uploads\/2019\/03\/LC71T_Mini-orbital-sander-80X200mm-with-greentech-filter-1200x560.jpg","boxproducts_midlarge-width":1200,"boxproducts_midlarge-height":560,"boxproducts_medium":"https:\/\/www.rupes.com\/wp-content\/uploads\/2019\/03\/LC71T_Mini-orbital-sander-80X200mm-with-greentech-filter-1024x450.jpg","boxproducts_medium-width":1024,"boxproducts_medium-height":450,"boxproducts_small":"https:\/\/www.rupes.com\/wp-content\/uploads\/2019\/03\/LC71T_Mini-orbital-sander-80X200mm-with-greentech-filter-700x305.jpg","boxproducts_small-width":700,"boxproducts_small-height":305,"boxproducts_mobile":"https:\/\/www.rupes.com\/wp-content\/uploads\/2019\/03\/LC71T_Mini-orbital-sander-80X200mm-with-greentech-filter-400x175.jpg","boxproducts_mobile-width":400,"boxproducts_mobile-height":175,"product_thumb":"https:\/\/www.rupes.com\/wp-content\/uploads\/2019\/03\/LC71T_Mini-orbital-sander-80X200mm-with-greentech-filter-300x200.jpg","product_thumb-width":300,"product_thumb-height":200,"product_home":"https:\/\/www.rupes.com\/wp-content\/uploads\/2019\/03\/LC71T_Mini-orbital-sander-80X200mm-with-greentech-filter-1200x700.jpg","product_home-width":1200,"product_home-height":700,"gallery_first":"https:\/\/www.rupes.com\/wp-content\/uploads\/2019\/03\/LC71T_Mini-orbital-sander-80X200mm-with-greentech-filter-750x500.jpg","gallery_first-width":750,"gallery_first-height":500,"gallery_thumb":"https:\/\/www.rupes.com\/wp-content\/uploads\/2019\/03\/LC71T_Mini-orbital-sander-80X200mm-with-greentech-filter-105x70.jpg","gallery_thumb-width":105,"gallery_thumb-height":70,"category_image":"https:\/\/www.rupes.com\/wp-content\/uploads\/2019\/03\/LC71T_Mini-orbital-sander-80X200mm-with-greentech-filter-200x133.jpg","category_image-width":200,"category_image-height":133,"category_thumb":"https:\/\/www.rupes.com\/wp-content\/uploads\/2019\/03\/LC71T_Mini-orbital-sander-80X200mm-with-greentech-filter-100x67.jpg","category_thumb-width":100,"category_thumb-height":67}}],"videos":false,"files":false,"product_b2b_code":"LC71T#230\/H5\/DE\/STD","blocco_dimensione":false,"varianti":false,"kit_vendita":false,"blocchi_prodotti_correlati":false,"seleziona_tag_notizie":false,"seleziona_le_recensioni":"","product_b2b_pdf":"https:\/\/b2b.rupes.com\/cdn\/b2b.rupes.com\/areaftp\/esplosipdf\/LC71TRIC000.pdf","google_review_link":"https:\/\/www.google.com\/shopping\/product\/14470925131227527796\/reviews","attiva_collegamento":false,"attiva_voice_speech":true,"code_usermanuals":"9.2482","code_usermanuals_usa":""},"_links":{"self":[{"href":"https:\/\/www.rupes.com\/fr\/wp-json\/wp\/v2\/products\/1001384807","targetHints":{"allow":["GET"]}}],"collection":[{"href":"https:\/\/www.rupes.com\/fr\/wp-json\/wp\/v2\/products"}],"about":[{"href":"https:\/\/www.rupes.com\/fr\/wp-json\/wp\/v2\/types\/product"}],"wp:attachment":[{"href":"https:\/\/www.rupes.com\/fr\/wp-json\/wp\/v2\/media?parent=1001384807"}],"wp:term":[{"taxonomy":"category_product","embeddable":true,"href":"https:\/\/www.rupes.com\/fr\/wp-json\/wp\/v2\/categoryproduct?post=1001384807"}],"curies":[{"name":"wp","href":"https:\/\/api.w.org\/{rel}","templated":true}]}}