{"id":1001384779,"date":"2019-03-08T02:19:03","date_gmt":"2019-03-08T02:19:03","guid":{"rendered":""},"modified":"2024-01-25T13:13:37","modified_gmt":"2024-01-25T12:13:37","slug":"angle-grinder-gm62-48v","status":"publish","type":"product","link":"https:\/\/www.rupes.com\/fr\/product\/angle-grinder-gm62-48v\/","title":{"rendered":"ANGLE GRINDER GM62 48V"},"content":{"rendered":"<p>Shaft locking button\u00a0for easy disc removal<br \/>\nSide handle reversible\u00a0right &#8211; left<br \/>\nElectrical parts insulated\u00a0with special resins for greater protection and longer life of the tool.<\/p>\n<p>&nbsp;<\/p>\n<ul>\n<li>Grinding and cutting various surfaces<\/li>\n<li>Grinding weld bead<\/li>\n<li>Cutting rebarbeams<\/li>\n<li>Removal of paints and fillers<\/li>\n<li>Buildings sites<\/li>\n<li>Cutting and working marbles and granites with diamond discs<\/li>\n<\/ul>\n","protected":false},"featured_media":0,"template":"","meta":{"_acf_changed":false},"categoryproduct":[888965179,888965178],"class_list":["post-1001384779","product","type-product","status-publish","hentry","category_product-low-voltage-tools-grinders","category_product-low-voltage-tools"],"acf":{"product_codice":"GM62N\/BT","scheda_nuova":true,"contact_form":true,"attiva_flag_new_product":false,"product_home":"0","attiva_special_message":"disattivo","product_titolo_it":"SMERIGLIATRICE GM62N 48V","product_titolo_de":"WINKELSCHLEIFER GM62N 48V","product_titolo_fr":"MEULEUSE D ANGLE GM62 48V","product_titolo_es":"AMOLADORA ANGULAR GM62N 48V ","product_descrizione_en":"<p>Shaft locking button\u00a0for easy disc removal<br \/>\nSide handle reversible\u00a0right &#8211; left<br \/>\nElectrical parts insulated\u00a0with special resins for greater protection and longer life of the tool.<\/p>\n<ul>\n<li>Grinding and cutting various surfaces<\/li>\n<li>Grinding weld bead<\/li>\n<li>Cutting rebarbeams<\/li>\n<li>Removal of paints and fillers<\/li>\n<li>Buildings sites<\/li>\n<li>Cutting and working marbles and granites with diamond discs<\/li>\n<\/ul>\n","product_descrizione_it":"<p>Tasto blocca albero\u00a0per una facile rimozione del disco<br \/>\nImpugnatura laterale montabile\u00a0sia a destra che a sinistra<br \/>\nParti elettriche isolate\u00a0con resine speciali per una maggior protezione e durata dell&rsquo;utensile<\/p>\n<ul>\n<li>Smerigliatura e taglio di superfici varie<\/li>\n<li>Smerigliatura di cordoni di saldatura<\/li>\n<li>Taglio di putrelle<\/li>\n<li>Rimozione vernici e stucchi<\/li>\n<li>Cantieri edili<\/li>\n<\/ul>\n","product_descrizione_de":"<p>&#8211; Spindelarretierungs-Taste zum einfachen Wechsel der Scheibe<br \/>\n&#8211; Seitlicher Griff, rechts und links montierbar<br \/>\n&#8211; Schutz der Motorwicklung mit Epoxidharz<\/p>\n<ul>\n<li>Trennschleifen, Schneiden und Schleifen verschiedener Oberfl\u00e4chen<\/li>\n<li>Trennschleifen von Schwei\u00dfn\u00e4hten<\/li>\n<li>Schneiden von Stahltr\u00e4gern<\/li>\n<li>Entfernung von Lack und Spachtelmasse<\/li>\n<li>F\u00fcr den Einsatz auf Baustellen<\/li>\n<li>Schneiden und Bearbeiten von Marmor und Granit mit Diamantscheiben<\/li>\n<\/ul>\n","product_descrizione_fr":"<p>Touche de verrouillage de l\u2019arbre pour faciliter le retrait du disque<br \/>\nPoign\u00e9e lat\u00e9rale mont\u00e9e \u00e0 droite ou \u00e0 gauche<br \/>\nBobinage du moteur prot\u00e9g\u00e9 par de la r\u00e9sine \u00e9poxy<\/p>\n<ul>\n<li>Meulage, coupe et doucissage de diff\u00e9rentes surfaces<\/li>\n<li>Meulage de cordons de soudure<\/li>\n<li>Coupe de poutrelles<\/li>\n<li>\u00c9limination des peintures et des enduits<\/li>\n<li>Utilisable dans les chantiers en b\u00e2timent<\/li>\n<li>Coupe et usinages de marbres et de granites avec des disques diamant\u00e9<\/li>\n<\/ul>\n","product_descrizione_es":"<p>Bot\u00f3n de bloqueo del eje para una f\u00e1cil extracci\u00f3n del disco<br \/>\nAsa lateral reversible derecha &#8211; izquierda<br \/>\nPartes el\u00e9ctricas aisladas con resinas especiales para mayor protecci\u00f3n y mayor vida \u00fatil de la herramienta.<\/p>\n<ul>\n<li>Lijar y cortar varias superficies<\/li>\n<li>Cord\u00f3n de soldadura de rectificado<\/li>\n<li>Cortar vigas de refuerzo<\/li>\n<li>Eliminaci\u00f3n de pinturas y rellenos<\/li>\n<li>Sitios de edificios<\/li>\n<li>Cortar y trabajar m\u00e1rmoles y granitos con discos de diamante<\/li>\n<\/ul>\n","product_scheda_en":"<table border=\"1\" cellspacing=\"1\" cellpadding=\"1\">\n<tbody>\n<tr>\n<td>Backing pad thread<\/td>\n<td>M14<\/td>\n<\/tr>\n<tr>\n<td>Shaft locking button<\/td>\n<td>\u2022<\/td>\n<\/tr>\n<tr>\n<td>Turning guard<\/td>\n<td>\u2022<\/td>\n<\/tr>\n<tr>\n<td>Side handle<\/td>\n<td>\u2022<\/td>\n<\/tr>\n<tr>\n<td>Weight (kg)<\/td>\n<td>4,200<\/td>\n<\/tr>\n<tr>\n<td>R.P.M.<\/td>\n<td>6000<\/td>\n<\/tr>\n<tr>\n<td>Power (W\/hp)<\/td>\n<td>2000<\/td>\n<\/tr>\n<tr>\n<td>\u00d8 disc (mm)<\/td>\n<td>230<\/td>\n<\/tr>\n<\/tbody>\n<\/table>\n","product_scheda_it":"<table border=\"1\" cellspacing=\"1\" cellpadding=\"1\">\n<tbody>\n<tr>\n<td>Attacco<\/td>\n<td>M14<\/td>\n<\/tr>\n<tr>\n<td>Tasto blocca albero<\/td>\n<td>\u2022<\/td>\n<\/tr>\n<tr>\n<td>Protezione girevole<\/td>\n<td>\u2022<\/td>\n<\/tr>\n<tr>\n<td>Impugnatura laterale<\/td>\n<td>\u2022<\/td>\n<\/tr>\n<tr>\n<td>Peso (kg)<\/td>\n<td>4,200<\/td>\n<\/tr>\n<tr>\n<td>R.P.M.<\/td>\n<td>6000<\/td>\n<\/tr>\n<tr>\n<td>Potenza (W\/hp)<\/td>\n<td>2000<\/td>\n<\/tr>\n<tr>\n<td>\u00d8 disco (mm)<\/td>\n<td>230<\/td>\n<\/tr>\n<\/tbody>\n<\/table>\n","product_scheda_de":"<table border=\"1\" cellspacing=\"1\" cellpadding=\"1\">\n<tbody>\n<tr>\n<td>Anschluss<\/td>\n<td>M14<\/td>\n<\/tr>\n<tr>\n<td>Spindelarretierung Taste<\/td>\n<td>\u2022<\/td>\n<\/tr>\n<tr>\n<td>Drehbarer Schutz<\/td>\n<td>\u2022<\/td>\n<\/tr>\n<tr>\n<td>Seitlicher Griff<\/td>\n<td>\u2022<\/td>\n<\/tr>\n<tr>\n<td>Gewicht (kg)<\/td>\n<td>4,200<\/td>\n<\/tr>\n<tr>\n<td>R.P.M.<\/td>\n<td>6000<\/td>\n<\/tr>\n<tr>\n<td>Leistung (W\/hp)<\/td>\n<td>2000<\/td>\n<\/tr>\n<tr>\n<td>\u00d8 Schleifscheibe (mm)<\/td>\n<td>230<\/td>\n<\/tr>\n<\/tbody>\n<\/table>\n","product_scheda_fr":"<table border=\"1\" cellspacing=\"1\" cellpadding=\"1\">\n<tbody>\n<tr>\n<td>Raccord<\/td>\n<td>M14<\/td>\n<\/tr>\n<tr>\n<td>Touche d\u00e9crochage du albre<\/td>\n<td>\u2022<\/td>\n<\/tr>\n<tr>\n<td>Protection tournante<\/td>\n<td>\u2022<\/td>\n<\/tr>\n<tr>\n<td>Poign\u00e9e lat\u00e9rale<\/td>\n<td>\u2022<\/td>\n<\/tr>\n<tr>\n<td>Poids (kg)<\/td>\n<td>4,200<\/td>\n<\/tr>\n<tr>\n<td>R.P.M.<\/td>\n<td>6000<\/td>\n<\/tr>\n<tr>\n<td>Puissance (W\/hp)<\/td>\n<td>2000<\/td>\n<\/tr>\n<tr>\n<td>\u00d8 disque (mm)<\/td>\n<td>230<\/td>\n<\/tr>\n<\/tbody>\n<\/table>\n","product_scheda_es":"<table border=\"1\" cellspacing=\"1\" cellpadding=\"1\">\n<tbody>\n<tr>\n<td>Empalme<\/td>\n<td>M14<\/td>\n<\/tr>\n<tr>\n<td>Tecla de bloqueo de eje<\/td>\n<td>\u2022<\/td>\n<\/tr>\n<tr>\n<td>Protecci\u00f3n giratoria<\/td>\n<td>\u2022<\/td>\n<\/tr>\n<tr>\n<td>Empu\u00f1adura lateral<\/td>\n<td>\u2022<\/td>\n<\/tr>\n<tr>\n<td>Peso (kg)<\/td>\n<td>4,200<\/td>\n<\/tr>\n<tr>\n<td>R.P.M.<\/td>\n<td>6000<\/td>\n<\/tr>\n<tr>\n<td>Potencia (W\/hp)<\/td>\n<td>2000<\/td>\n<\/tr>\n<tr>\n<td>\u00d8 disco (mm)<\/td>\n<td>230<\/td>\n<\/tr>\n<\/tbody>\n<\/table>\n","thumb":false,"gallery":[{"ID":1001395910,"id":1001395910,"title":"GM62D","filename":"GM62D.jpg","filesize":123504,"url":"https:\/\/www.rupes.com\/wp-content\/uploads\/2019\/03\/GM62D.jpg","link":"https:\/\/www.rupes.com\/fr\/product\/angle-grinder-gm62-72v-dead-man-switch\/gm62d-2\/","alt":"","author":"1","description":"","caption":"","name":"gm62d-2","status":"inherit","uploaded_to":1001384778,"date":"2021-01-07 08:57:19","modified":"2021-01-07 09:04:46","menu_order":0,"mime_type":"image\/jpeg","type":"image","subtype":"jpeg","icon":"https:\/\/www.rupes.com\/wp-includes\/images\/media\/default.png","width":560,"height":560,"sizes":{"thumbnail":"https:\/\/www.rupes.com\/wp-content\/uploads\/2019\/03\/GM62D-150x150.jpg","thumbnail-width":150,"thumbnail-height":150,"medium":"https:\/\/www.rupes.com\/wp-content\/uploads\/2019\/03\/GM62D-300x300.jpg","medium-width":300,"medium-height":300,"medium_large":"https:\/\/www.rupes.com\/wp-content\/uploads\/2019\/03\/GM62D.jpg","medium_large-width":560,"medium_large-height":560,"large":"https:\/\/www.rupes.com\/wp-content\/uploads\/2019\/03\/GM62D.jpg","large-width":560,"large-height":560,"1536x1536":"https:\/\/www.rupes.com\/wp-content\/uploads\/2019\/03\/GM62D.jpg","1536x1536-width":560,"1536x1536-height":560,"2048x2048":"https:\/\/www.rupes.com\/wp-content\/uploads\/2019\/03\/GM62D.jpg","2048x2048-width":560,"2048x2048-height":560,"thumb_news":"https:\/\/www.rupes.com\/wp-content\/uploads\/2019\/03\/GM62D-350x200.jpg","thumb_news-width":350,"thumb_news-height":200,"boxhome_small":"https:\/\/www.rupes.com\/wp-content\/uploads\/2019\/03\/GM62D-200x100.jpg","boxhome_small-width":200,"boxhome_small-height":100,"boxhome_medium":"https:\/\/www.rupes.com\/wp-content\/uploads\/2019\/03\/GM62D-300x150.jpg","boxhome_medium-width":300,"boxhome_medium-height":150,"boxhome_large":"https:\/\/www.rupes.com\/wp-content\/uploads\/2019\/03\/GM62D-450x200.jpg","boxhome_large-width":450,"boxhome_large-height":200,"boxproducts_large":"https:\/\/www.rupes.com\/wp-content\/uploads\/2019\/03\/GM62D.jpg","boxproducts_large-width":560,"boxproducts_large-height":560,"boxproducts_midlarge":"https:\/\/www.rupes.com\/wp-content\/uploads\/2019\/03\/GM62D.jpg","boxproducts_midlarge-width":560,"boxproducts_midlarge-height":560,"boxproducts_medium":"https:\/\/www.rupes.com\/wp-content\/uploads\/2019\/03\/GM62D-560x450.jpg","boxproducts_medium-width":560,"boxproducts_medium-height":450,"boxproducts_small":"https:\/\/www.rupes.com\/wp-content\/uploads\/2019\/03\/GM62D-560x305.jpg","boxproducts_small-width":560,"boxproducts_small-height":305,"boxproducts_mobile":"https:\/\/www.rupes.com\/wp-content\/uploads\/2019\/03\/GM62D-400x175.jpg","boxproducts_mobile-width":400,"boxproducts_mobile-height":175,"product_thumb":"https:\/\/www.rupes.com\/wp-content\/uploads\/2019\/03\/GM62D-200x200.jpg","product_thumb-width":200,"product_thumb-height":200,"product_home":"https:\/\/www.rupes.com\/wp-content\/uploads\/2019\/03\/GM62D.jpg","product_home-width":560,"product_home-height":560,"gallery_first":"https:\/\/www.rupes.com\/wp-content\/uploads\/2019\/03\/GM62D-500x500.jpg","gallery_first-width":500,"gallery_first-height":500,"gallery_thumb":"https:\/\/www.rupes.com\/wp-content\/uploads\/2019\/03\/GM62D-80x80.jpg","gallery_thumb-width":80,"gallery_thumb-height":80,"category_image":"https:\/\/www.rupes.com\/wp-content\/uploads\/2019\/03\/GM62D-200x200.jpg","category_image-width":200,"category_image-height":200,"category_thumb":"https:\/\/www.rupes.com\/wp-content\/uploads\/2019\/03\/GM62D-100x100.jpg","category_thumb-width":100,"category_thumb-height":100}}],"videos":false,"files":false,"product_b2b_code":"GM62N#048\/H0\/S0\/STD","product_b2b_pdf":"https:\/\/b2b.rupes.com\/cdn\/b2b.rupes.com\/areaftp\/esplosipdf\/GM62NBTRIC000.pdf","blocco_dimensione":false,"varianti":false,"kit_vendita":false,"blocchi_prodotti_correlati":false,"seleziona_tag_notizie":false,"seleziona_le_recensioni":"","attiva_collegamento":false,"google_review_link":"","attiva_voice_speech":false,"code_usermanuals":"9.2496","code_usermanuals_usa":""},"_links":{"self":[{"href":"https:\/\/www.rupes.com\/fr\/wp-json\/wp\/v2\/products\/1001384779","targetHints":{"allow":["GET"]}}],"collection":[{"href":"https:\/\/www.rupes.com\/fr\/wp-json\/wp\/v2\/products"}],"about":[{"href":"https:\/\/www.rupes.com\/fr\/wp-json\/wp\/v2\/types\/product"}],"wp:attachment":[{"href":"https:\/\/www.rupes.com\/fr\/wp-json\/wp\/v2\/media?parent=1001384779"}],"wp:term":[{"taxonomy":"category_product","embeddable":true,"href":"https:\/\/www.rupes.com\/fr\/wp-json\/wp\/v2\/categoryproduct?post=1001384779"}],"curies":[{"name":"wp","href":"https:\/\/api.w.org\/{rel}","templated":true}]}}