{"id":1001384759,"date":"2019-03-08T02:18:50","date_gmt":"2019-03-08T02:18:50","guid":{"rendered":""},"modified":"2024-01-25T12:03:14","modified_gmt":"2024-01-25T11:03:14","slug":"ek150aes","status":"publish","type":"product","link":"https:\/\/www.rupes.com\/fr\/product\/ek150aes\/","title":{"rendered":"Gear driven sander 150mm EK150AES"},"content":{"rendered":"","protected":false},"featured_media":0,"template":"","meta":{"_acf_changed":false},"categoryproduct":[888965171,888965177],"class_list":["post-1001384759","product","type-product","status-publish","hentry","category_product-electric-tools","category_product-electric-tools-sanders"],"acf":{"product_codice":"EK150AES","scheda_nuova":true,"contact_form":true,"attiva_flag_new_product":false,"product_home":"0","attiva_special_message":"disattivo","product_titolo_it":"LEVIGATRICE ROTOECCENTRICA EK150AES","product_titolo_de":"ROTO-EXZENTERSCHLEIFER &Oslash;150mm EK150AES","product_titolo_fr":"PONCEUSE PLANETAIRE &Oslash;150mm EK150AES","product_titolo_es":"LIJADORA PLANETARIA &Oslash;150mm EK150AES","product_descrizione_en":"<p>The geared rotary motion provides maximum removal rates and a\u00a0significant saving of time and energy<br \/>\nOptimal capacity for the extraction of generated dust<br \/>\nElectrical parts insulated with special resins for better protection and longer lifetime of the tool<br \/>\nElectronic module with speed regulator and overload control<br \/>\nDesigned for connection to extraction systems<br \/>\nPressure regulator eliminating the \u2018blow back\u2019 effect of the base-pad on the surface<br \/>\nSpeed regulator<br \/>\nSide handle mountable on both right and left sides<br \/>\nSpeed control<\/p>\n<p><strong>Applications<\/strong><\/p>\n<ul>\n<li>Removal of oxides and surface preparation<\/li>\n<li>Excellent removal rate and quality of finish<\/li>\n<li>Ideal for working with exceptionally hard woods<\/li>\n<li>Sanding parquet floors<\/li>\n<\/ul>\n","product_descrizione_it":"<p>Il movimento a rotazione forzata ad ingranaggi consente la massima capacit\u00e0 di asportazione per un notevole risparmio di tempo ed energie<br \/>\nOttima capacit\u00e0 di aspirazione delle polveri prodotte<br \/>\nParti elettriche isolate con resine speciali per una maggior protezione e durata dell\u2019utensile<br \/>\nModulo elettronico con regolazione della velocit\u00e0 e controllo del sovraccarico<br \/>\nPredisposte per la connessione a sistemi di aspirazione<br \/>\nRegolatore di depressione che elimina l\u2019effetto \u201cventosa\u201d del platorello sulla superficie<br \/>\nImpugnatura laterale montabile sia a destra che a sinistra<br \/>\nRegolazione della velocit\u00e0<\/p>\n<p><strong>Applicazioni<\/strong><\/p>\n<ul>\n<li>Rimozione di ossidi e preparazione superfici<\/li>\n<li>Ottimo rapporto asportazione e qualit\u00e0 di finitura<\/li>\n<li>Ideali per la lavorazione di legni con elevata durezza<\/li>\n<li>Levigatura parquette<\/li>\n<\/ul>\n","product_descrizione_de":"<p>Aufgrund der Zwangsrotation wird eine max. Materialabtragsleistung bei deutlichen Zeit- und Energieeinsparungen erreicht<br \/>\nOptimale Staub-Absaugkapazit\u00e4t<br \/>\nElektrische Teile \u2013 zur Erreichung eines verbesserten Schutzes und einer l\u00e4ngeren Lebensdauer des Werkzeugs \u2013 mit Spezialharzen isoliert<br \/>\nElektronisches Modul mit Drehzahlregelung und \u00dcberlaststeuerung<br \/>\nVorger\u00fcstet f\u00fcr den Anschluss an Absaugsysteme<br \/>\nMit der Saugkraftregulierung wird der Effekt des \u201cAnsaugens\u201d des Schleiftellers auf der Oberfl\u00e4che ausgeschaltet<br \/>\nSeitlicher Griff, rechts und links montierbar<br \/>\nDrehzahlregelung<\/p>\n<p><strong>Applications<\/strong><\/p>\n<ul>\n<li>Entfernung von Roststellen und Vorbereiten von Oberfl\u00e4chen<\/li>\n<li>Optimales Verh\u00e4ltnis zwischen Materialabtrag und Finishing-Qualit\u00e4t<\/li>\n<li>Ideal f\u00fcr die Bearbeitung von sehr harten H\u00f6lzern<\/li>\n<li>Schleifen von Parkett<\/li>\n<\/ul>\n","product_descrizione_fr":"<p>Le mouvement \u00e0 rotation forc\u00e9e \u00e0 engrenages garantit la capacit\u00e9 maximale d\u2019enl\u00e8vement avec une \u00e9conomie consid\u00e9rable de temps et d\u2019\u00e9nergie<br \/>\nExcellente capacit\u00e9 d\u2019aspiration de la poussi\u00e8re produite<br \/>\nParties \u00e9lectriques isol\u00e9es avec des r\u00e9sines sp\u00e9ciales permettant d\u2019accro\u00eetre la protection et la dur\u00e9e de l\u2019outil<br \/>\nModule \u00e9lectronique avec r\u00e9glage de la vitesse et contr\u00f4le de la surcharge<br \/>\nPr\u00e9vues pour le raccordement aux syst\u00e8mes d\u2019aspiration<br \/>\nR\u00e9gulateur de d\u00e9pression \u00e9liminant l\u2019effet \u00ab ventouse \u00bb du plateau sur la surface<br \/>\nPoign\u00e9e lat\u00e9rale mont\u00e9e \u00e0 droite ou \u00e0 gauche<br \/>\nR\u00e9glage de la vitesse<\/p>\n<p><strong>Applications<\/strong><\/p>\n<ul>\n<li>\u00c9limination des oxydes et pr\u00e9paration des surfaces<\/li>\n<li>Excellent rapport enl\u00e8vement et qualit\u00e9 de finition<\/li>\n<li>Id\u00e9ales pour l\u2019usinage de bois tr\u00e8s durs<\/li>\n<li>Pon\u00e7age de parquet<\/li>\n<\/ul>\n","product_descrizione_es":"<p>El movimiento giratorio con engranajes proporciona velocidades m\u00e1ximas de eliminaci\u00f3n y un &amp; nbsp; ahorro significativo de tiempo y energ\u00eda<br \/>\nCapacidad \u00f3ptima para la extracci\u00f3n del polvo generado<br \/>\nPiezas el\u00e9ctricas aisladas con resinas especiales para una mejor protecci\u00f3n y una mayor vida \u00fatil de la herramienta<br \/>\nM\u00f3dulo electr\u00f3nico con regulador de velocidad y control de sobrecarga &amp; nbsp;<br \/>\nDise\u00f1ado para conexi\u00f3n a sistemas de extracci\u00f3n<br \/>\nRegulador de presi\u00f3n que elimina el &amp; lsquo; retroceso &amp; rsquo; efecto de la base-pad en la superficie<br \/>\nRegulador de velocidad<br \/>\nMango lateral montable en ambos lados derecho e izquierdo<br \/>\nControl de velocidad<\/p>\n<p><b> Aplicaciones<\/b><\/p>\n<ul>\n<li>Eliminaci\u00f3n de \u00f3xidos y preparaci\u00f3n de superficies<\/li>\n<li>Excelente tasa de eliminaci\u00f3n y calidad de acabado<\/li>\n<li>Ideal para trabajar con maderas excepcionalmente duras<\/li>\n<li>Lijado de suelos de parquet<\/li>\n<\/ul>\n","product_scheda_en":"<table border=\"1\" cellspacing=\"1\" cellpadding=\"1\">\n<tbody>\n<tr>\n<td align=\"left\">\u00d8 orbit (mm)<\/td>\n<td>5<\/td>\n<\/tr>\n<tr>\n<td align=\"left\">\u00d8 backing pad (mm)<\/td>\n<td>150<\/td>\n<\/tr>\n<tr>\n<td align=\"left\">Holes pad<\/td>\n<td>6+1<\/td>\n<\/tr>\n<tr>\n<td align=\"left\">Power max (W)<\/td>\n<td>550<\/td>\n<\/tr>\n<tr>\n<td align=\"left\">R.P.M.<\/td>\n<td>200-500<\/td>\n<\/tr>\n<tr>\n<td align=\"left\">Stroke per minute<\/td>\n<td>2800-7000<\/td>\n<\/tr>\n<tr>\n<td align=\"left\">Weight (Kg)<\/td>\n<td>2,7<\/td>\n<\/tr>\n<tr>\n<td align=\"left\">Speed control<\/td>\n<td>\u2022<\/td>\n<\/tr>\n<tr>\n<td align=\"left\">Central vacuum<\/td>\n<td>\u2022<\/td>\n<\/tr>\n<tr>\n<td align=\"left\">Side handle<\/td>\n<td>\u2022<\/td>\n<\/tr>\n<\/tbody>\n<\/table>\n","product_scheda_it":"<table border=\"1\" cellspacing=\"1\" cellpadding=\"1\">\n<tbody>\n<tr>\n<td align=\"left\">\u00d8 orbita (mm)<\/td>\n<td>5<\/td>\n<\/tr>\n<tr>\n<td align=\"left\">\u00d8 platorello (mm)<\/td>\n<td>150<\/td>\n<\/tr>\n<tr>\n<td align=\"left\">Foratura<\/td>\n<td>6+1<\/td>\n<\/tr>\n<tr>\n<td align=\"left\">Potenza max (W)<\/td>\n<td>550<\/td>\n<\/tr>\n<tr>\n<td align=\"left\">R.P.M.<\/td>\n<td>200-500<\/td>\n<\/tr>\n<tr>\n<td align=\"left\">Corse al minuto<\/td>\n<td>2800-7000<\/td>\n<\/tr>\n<tr>\n<td align=\"left\">Peso (Kg)<\/td>\n<td>2,7<\/td>\n<\/tr>\n<tr>\n<td align=\"left\">Regolazione di velocit\u00e0<\/td>\n<td>\u2022<\/td>\n<\/tr>\n<tr>\n<td align=\"left\">Aspirazione centralizzata<\/td>\n<td>\u2022<\/td>\n<\/tr>\n<tr>\n<td align=\"left\">Impugnatura laterale<\/td>\n<td>\u2022<\/td>\n<\/tr>\n<\/tbody>\n<\/table>\n","product_scheda_de":"<table border=\"1\" cellspacing=\"1\" cellpadding=\"1\">\n<tbody>\n<tr>\n<td align=\"left\">\u00d8 Schleifhub (mm)<\/td>\n<td>5<\/td>\n<\/tr>\n<tr>\n<td align=\"left\">\u00d8 Klett Schleifteller (mm)<\/td>\n<td>150<\/td>\n<\/tr>\n<tr>\n<td align=\"left\">L\u00c3\u201c\u00c2\u00a7cher<\/td>\n<td>6+1<\/td>\n<\/tr>\n<tr>\n<td align=\"left\">Leistung max (W)<\/td>\n<td>550<\/td>\n<\/tr>\n<tr>\n<td align=\"left\">R.P.M.<\/td>\n<td>200-500<\/td>\n<\/tr>\n<tr>\n<td align=\"left\">H\u00fcbe pro Minute<\/td>\n<td>2800-7000<\/td>\n<\/tr>\n<tr>\n<td align=\"left\">Gewicht (Kg)<\/td>\n<td>2,7<\/td>\n<\/tr>\n<tr>\n<td align=\"left\">Regulierung der Geschwindigkeit<\/td>\n<td>\u2022<\/td>\n<\/tr>\n<tr>\n<td align=\"left\">Zentrales Vacuum<\/td>\n<td>\u2022<\/td>\n<\/tr>\n<tr>\n<td align=\"left\">Seitlicher Griff<\/td>\n<td>\u2022<\/td>\n<\/tr>\n<\/tbody>\n<\/table>\n","product_scheda_fr":"<table border=\"1\" cellspacing=\"1\" cellpadding=\"1\">\n<tbody>\n<tr>\n<td align=\"left\">\u00d8 orbite (mm)<\/td>\n<td>5<\/td>\n<\/tr>\n<tr>\n<td align=\"left\">\u00d8 plateau (mm)<\/td>\n<td>150<\/td>\n<\/tr>\n<tr>\n<td align=\"left\">Percage<\/td>\n<td>6+1<\/td>\n<\/tr>\n<tr>\n<td align=\"left\">Puissance max (W)<\/td>\n<td>550<\/td>\n<\/tr>\n<tr>\n<td align=\"left\">R.P.M.<\/td>\n<td>200-500<\/td>\n<\/tr>\n<tr>\n<td align=\"left\">Courses \u00e0 la minute<\/td>\n<td>2800-7000<\/td>\n<\/tr>\n<tr>\n<td align=\"left\">Poids (Kg)<\/td>\n<td>2,7<\/td>\n<\/tr>\n<tr>\n<td align=\"left\">R\u00e9glage de la vitesse<\/td>\n<td>\u2022<\/td>\n<\/tr>\n<tr>\n<td align=\"left\">Aspiration centrale<\/td>\n<td>\u2022<\/td>\n<\/tr>\n<tr>\n<td align=\"left\">Poign\u00e9e lat\u00e9rale<\/td>\n<td>\u2022<\/td>\n<\/tr>\n<\/tbody>\n<\/table>\n","product_scheda_es":"<table border=\"1\" cellspacing=\"1\" cellpadding=\"1\">\n<tbody>\n<tr>\n<td align=\"left\">\u00d8 \u00f3rbita (mm)<\/td>\n<td>5<\/td>\n<\/tr>\n<tr>\n<td align=\"left\">\u00d8 almohadilla de respaldo (mm)<\/td>\n<td>150<\/td>\n<\/tr>\n<tr>\n<td align=\"left\">Almohadilla para agujeros<\/td>\n<td>6 + 1<\/td>\n<\/tr>\n<tr>\n<td align=\"left\">Potencia m\u00e1xima (W)<\/td>\n<td>550<\/td>\n<\/tr>\n<tr>\n<td align=\"left\">R.P.M.<\/td>\n<td>200-500<\/td>\n<\/tr>\n<tr>\n<td align=\"left\">Carrera por minuto<\/td>\n<td>2800-7000<\/td>\n<\/tr>\n<tr>\n<td align=\"left\">Peso (Kg)<\/td>\n<td>2,7<\/td>\n<\/tr>\n<tr>\n<td align=\"left\">Control de velocidad<\/td>\n<td>\u2022<\/td>\n<\/tr>\n<tr>\n<td align=\"left\">Aspiradora central<\/td>\n<td>\u2022<\/td>\n<\/tr>\n<tr>\n<td align=\"left\">Asa lateral<\/td>\n<td>\u2022<\/td>\n<\/tr>\n<\/tbody>\n<\/table>\n","thumb":false,"gallery":[{"ID":1001394939,"id":1001394939,"title":"EK150AES_Gear-driven-sander-150mm","filename":"EK150AES_Gear-driven-sander-150mm.jpg","filesize":48559,"url":"https:\/\/www.rupes.com\/wp-content\/uploads\/2019\/03\/EK150AES_Gear-driven-sander-150mm.jpg","link":"https:\/\/www.rupes.com\/fr\/product\/ek150aes\/ek150aes_gear-driven-sander-150mm-2\/","alt":"EK150AES - Gear driven sander 150mm","author":"1","description":"EK150AES - Gear driven sander 150mm","caption":"EK150AES - Gear driven sander 150mm","name":"ek150aes_gear-driven-sander-150mm-2","status":"inherit","uploaded_to":1001384759,"date":"2020-11-09 15:39:01","modified":"2020-11-09 15:39:20","menu_order":0,"mime_type":"image\/jpeg","type":"image","subtype":"jpeg","icon":"https:\/\/www.rupes.com\/wp-includes\/images\/media\/default.png","width":560,"height":560,"sizes":{"thumbnail":"https:\/\/www.rupes.com\/wp-content\/uploads\/2019\/03\/EK150AES_Gear-driven-sander-150mm-150x150.jpg","thumbnail-width":150,"thumbnail-height":150,"medium":"https:\/\/www.rupes.com\/wp-content\/uploads\/2019\/03\/EK150AES_Gear-driven-sander-150mm-300x300.jpg","medium-width":300,"medium-height":300,"medium_large":"https:\/\/www.rupes.com\/wp-content\/uploads\/2019\/03\/EK150AES_Gear-driven-sander-150mm.jpg","medium_large-width":560,"medium_large-height":560,"large":"https:\/\/www.rupes.com\/wp-content\/uploads\/2019\/03\/EK150AES_Gear-driven-sander-150mm.jpg","large-width":560,"large-height":560,"1536x1536":"https:\/\/www.rupes.com\/wp-content\/uploads\/2019\/03\/EK150AES_Gear-driven-sander-150mm.jpg","1536x1536-width":560,"1536x1536-height":560,"2048x2048":"https:\/\/www.rupes.com\/wp-content\/uploads\/2019\/03\/EK150AES_Gear-driven-sander-150mm.jpg","2048x2048-width":560,"2048x2048-height":560,"thumb_news":"https:\/\/www.rupes.com\/wp-content\/uploads\/2019\/03\/EK150AES_Gear-driven-sander-150mm-350x200.jpg","thumb_news-width":350,"thumb_news-height":200,"boxhome_small":"https:\/\/www.rupes.com\/wp-content\/uploads\/2019\/03\/EK150AES_Gear-driven-sander-150mm-200x100.jpg","boxhome_small-width":200,"boxhome_small-height":100,"boxhome_medium":"https:\/\/www.rupes.com\/wp-content\/uploads\/2019\/03\/EK150AES_Gear-driven-sander-150mm-300x150.jpg","boxhome_medium-width":300,"boxhome_medium-height":150,"boxhome_large":"https:\/\/www.rupes.com\/wp-content\/uploads\/2019\/03\/EK150AES_Gear-driven-sander-150mm-450x200.jpg","boxhome_large-width":450,"boxhome_large-height":200,"boxproducts_large":"https:\/\/www.rupes.com\/wp-content\/uploads\/2019\/03\/EK150AES_Gear-driven-sander-150mm.jpg","boxproducts_large-width":560,"boxproducts_large-height":560,"boxproducts_midlarge":"https:\/\/www.rupes.com\/wp-content\/uploads\/2019\/03\/EK150AES_Gear-driven-sander-150mm.jpg","boxproducts_midlarge-width":560,"boxproducts_midlarge-height":560,"boxproducts_medium":"https:\/\/www.rupes.com\/wp-content\/uploads\/2019\/03\/EK150AES_Gear-driven-sander-150mm-560x450.jpg","boxproducts_medium-width":560,"boxproducts_medium-height":450,"boxproducts_small":"https:\/\/www.rupes.com\/wp-content\/uploads\/2019\/03\/EK150AES_Gear-driven-sander-150mm-560x305.jpg","boxproducts_small-width":560,"boxproducts_small-height":305,"boxproducts_mobile":"https:\/\/www.rupes.com\/wp-content\/uploads\/2019\/03\/EK150AES_Gear-driven-sander-150mm-400x175.jpg","boxproducts_mobile-width":400,"boxproducts_mobile-height":175,"product_thumb":"https:\/\/www.rupes.com\/wp-content\/uploads\/2019\/03\/EK150AES_Gear-driven-sander-150mm-200x200.jpg","product_thumb-width":200,"product_thumb-height":200,"product_home":"https:\/\/www.rupes.com\/wp-content\/uploads\/2019\/03\/EK150AES_Gear-driven-sander-150mm.jpg","product_home-width":560,"product_home-height":560,"gallery_first":"https:\/\/www.rupes.com\/wp-content\/uploads\/2019\/03\/EK150AES_Gear-driven-sander-150mm-500x500.jpg","gallery_first-width":500,"gallery_first-height":500,"gallery_thumb":"https:\/\/www.rupes.com\/wp-content\/uploads\/2019\/03\/EK150AES_Gear-driven-sander-150mm-80x80.jpg","gallery_thumb-width":80,"gallery_thumb-height":80,"category_image":"https:\/\/www.rupes.com\/wp-content\/uploads\/2019\/03\/EK150AES_Gear-driven-sander-150mm-200x200.jpg","category_image-width":200,"category_image-height":200,"category_thumb":"https:\/\/www.rupes.com\/wp-content\/uploads\/2019\/03\/EK150AES_Gear-driven-sander-150mm-100x100.jpg","category_thumb-width":100,"category_thumb-height":100}}],"videos":false,"files":false,"product_b2b_code":"EK150AES#230\/H5\/DE\/STD","blocco_dimensione":false,"varianti":false,"kit_vendita":false,"blocchi_prodotti_correlati":false,"seleziona_tag_notizie":false,"seleziona_le_recensioni":"","product_b2b_pdf":"https:\/\/b2b.rupes.com\/cdn\/b2b.rupes.com\/areaftp\/esplosipdf\/EK150AESRIC000.pdf","google_review_link":"","attiva_collegamento":false,"attiva_voice_speech":false,"code_usermanuals":"9.2541","code_usermanuals_usa":""},"_links":{"self":[{"href":"https:\/\/www.rupes.com\/fr\/wp-json\/wp\/v2\/products\/1001384759","targetHints":{"allow":["GET"]}}],"collection":[{"href":"https:\/\/www.rupes.com\/fr\/wp-json\/wp\/v2\/products"}],"about":[{"href":"https:\/\/www.rupes.com\/fr\/wp-json\/wp\/v2\/types\/product"}],"wp:attachment":[{"href":"https:\/\/www.rupes.com\/fr\/wp-json\/wp\/v2\/media?parent=1001384759"}],"wp:term":[{"taxonomy":"category_product","embeddable":true,"href":"https:\/\/www.rupes.com\/fr\/wp-json\/wp\/v2\/categoryproduct?post=1001384759"}],"curies":[{"name":"wp","href":"https:\/\/api.w.org\/{rel}","templated":true}]}}