{"id":1001384449,"date":"2019-10-01T15:13:39","date_gmt":"2019-10-01T13:13:39","guid":{"rendered":""},"modified":"2026-01-23T09:30:54","modified_gmt":"2026-01-23T08:30:54","slug":"carnauba-high-gloss-protective-shampoo-m707","status":"publish","type":"product","link":"https:\/\/www.rupes.com\/fr\/product\/carnauba-high-gloss-protective-shampoo-m707\/","title":{"rendered":"Carnauba high gloss protective shampoo M707"},"content":{"rendered":"","protected":false},"featured_media":0,"template":"","meta":{"_acf_changed":false},"categoryproduct":[888965158,888965156],"class_list":["post-1001384449","product","type-product","status-publish","hentry","category_product-consumables-car-care-products","category_product-consumables"],"acf":{"product_codice":"9.CCM707","scheda_nuova":true,"contact_form":true,"attiva_flag_new_product":false,"product_home":"0","attiva_special_message":"disattivo","product_titolo_it":"Shampoo protettivo con carnauba finitura lucida M707","product_titolo_de":"","product_titolo_fr":"","product_titolo_es":"","product_descrizione_en":"<p><strong>M707 is a high quality maintenance car wash shampoo <\/strong>used to remove dirt and to provide light protection to paintwork, all in one step.<br \/>\nM707 contains genuine carnauba wax that aids in surface lubrication and provides a supplemental layer of protection.<\/p>\n<p>The formula will not strip existing protection and provides extreme gloss. Its asy-to-use solution rinses away completely and creates water beading. This makes it deal for automotive and marine<\/p>\n","product_descrizione_it":"<p>RUPES <strong>M707 \u00e8 uno shampoo di alta qualit\u00e0<\/strong> che contiene un\u2019elevata percentuale di vera cera di carnauba.<\/p>\n<p>L\u2019azione combinata della cera e del detergente garantisce un\u2019efficiente pulizia del veicolo, una buona protezione dalle contaminazioni ambientali e un aumento della brillantezza in un unico passaggio.<\/p>\n<p>L\u2019utilizzo congiunto con il P808 fornisce un pacchetto protettivo di grande prestazione e durata.<\/p>\n","product_descrizione_de":"<p style=\"margin-left: 5.55pt;\"><strong>M707<\/strong> ist eine hochwertiges Autopflege Shampoo, welches Schmutz entfernt und dem Lack einen leichten Schutz bringt in einem Schritt.<\/p>\n<p style=\"margin-left: 5.55pt;\">M707 enth\u00e4lt echtes Carnauba Wachs, das die Oberfl\u00e4che schmiert und eine zus\u00e4tzliche Schutzschicht erzeugt.<\/p>\n","product_descrizione_fr":"<p><strong>M707<\/strong> est un shampooing de lavage de voiture d&rsquo;entretien de haute qualit\u00e9 utilis\u00e9 pour retirer la salet\u00e9 et fournir une protection l\u00e9g\u00e8re sur la peinture, en une seule \u00e9tape.<br \/>\nM707 contient une v\u00e9ritable cire de carnauba qui aide \u00e0 la lubrification de la surface et apporte une couche suppl\u00e9mentaire de protection.<\/p>\n<p>La formule ne retirera pas la protection existante et fournit une brillance extr\u00eame<br \/>\nSa solution facile \u00e0 utiliser rince totalement et cr\u00e9e des perles d&rsquo;eau.<br \/>\nElle en fait un produit id\u00e9al pour l&rsquo;automobile et la marine<\/p>\n","product_descrizione_es":"","product_scheda_en":"","product_scheda_it":"","product_scheda_de":"","product_scheda_fr":"","product_scheda_es":"","thumb":false,"gallery":[{"ID":1001409991,"id":1001409991,"title":"CCM707","filename":"CCM707.jpg","filesize":82618,"url":"https:\/\/www.rupes.com\/wp-content\/uploads\/2022\/10\/CCM707.jpg","link":"https:\/\/www.rupes.com\/fr\/product\/reveal-lite-residue-remover\/ccm707-2\/","alt":"","author":"1","description":"","caption":"","name":"ccm707-2","status":"inherit","uploaded_to":1001401373,"date":"2026-01-23 08:22:30","modified":"2026-01-23 08:22:30","menu_order":0,"mime_type":"image\/jpeg","type":"image","subtype":"jpeg","icon":"https:\/\/www.rupes.com\/wp-includes\/images\/media\/default.png","width":556,"height":827,"sizes":{"thumbnail":"https:\/\/www.rupes.com\/wp-content\/uploads\/2022\/10\/CCM707-150x150.jpg","thumbnail-width":150,"thumbnail-height":150,"medium":"https:\/\/www.rupes.com\/wp-content\/uploads\/2022\/10\/CCM707-202x300.jpg","medium-width":202,"medium-height":300,"medium_large":"https:\/\/www.rupes.com\/wp-content\/uploads\/2022\/10\/CCM707.jpg","medium_large-width":556,"medium_large-height":827,"large":"https:\/\/www.rupes.com\/wp-content\/uploads\/2022\/10\/CCM707.jpg","large-width":556,"large-height":827,"1536x1536":"https:\/\/www.rupes.com\/wp-content\/uploads\/2022\/10\/CCM707.jpg","1536x1536-width":556,"1536x1536-height":827,"2048x2048":"https:\/\/www.rupes.com\/wp-content\/uploads\/2022\/10\/CCM707.jpg","2048x2048-width":556,"2048x2048-height":827,"thumb_news":"https:\/\/www.rupes.com\/wp-content\/uploads\/2022\/10\/CCM707-350x200.jpg","thumb_news-width":350,"thumb_news-height":200,"boxhome_small":"https:\/\/www.rupes.com\/wp-content\/uploads\/2022\/10\/CCM707-200x100.jpg","boxhome_small-width":200,"boxhome_small-height":100,"boxhome_medium":"https:\/\/www.rupes.com\/wp-content\/uploads\/2022\/10\/CCM707-300x150.jpg","boxhome_medium-width":300,"boxhome_medium-height":150,"boxhome_large":"https:\/\/www.rupes.com\/wp-content\/uploads\/2022\/10\/CCM707-450x200.jpg","boxhome_large-width":450,"boxhome_large-height":200,"boxproducts_large":"https:\/\/www.rupes.com\/wp-content\/uploads\/2022\/10\/CCM707-556x700.jpg","boxproducts_large-width":556,"boxproducts_large-height":700,"boxproducts_midlarge":"https:\/\/www.rupes.com\/wp-content\/uploads\/2022\/10\/CCM707-556x560.jpg","boxproducts_midlarge-width":556,"boxproducts_midlarge-height":560,"boxproducts_medium":"https:\/\/www.rupes.com\/wp-content\/uploads\/2022\/10\/CCM707-556x450.jpg","boxproducts_medium-width":556,"boxproducts_medium-height":450,"boxproducts_small":"https:\/\/www.rupes.com\/wp-content\/uploads\/2022\/10\/CCM707-556x305.jpg","boxproducts_small-width":556,"boxproducts_small-height":305,"boxproducts_mobile":"https:\/\/www.rupes.com\/wp-content\/uploads\/2022\/10\/CCM707-400x175.jpg","boxproducts_mobile-width":400,"boxproducts_mobile-height":175,"product_thumb":"https:\/\/www.rupes.com\/wp-content\/uploads\/2022\/10\/CCM707-134x200.jpg","product_thumb-width":134,"product_thumb-height":200,"product_home":"https:\/\/www.rupes.com\/wp-content\/uploads\/2022\/10\/CCM707-556x700.jpg","product_home-width":556,"product_home-height":700,"gallery_first":"https:\/\/www.rupes.com\/wp-content\/uploads\/2022\/10\/CCM707-336x500.jpg","gallery_first-width":336,"gallery_first-height":500,"gallery_thumb":"https:\/\/www.rupes.com\/wp-content\/uploads\/2022\/10\/CCM707-54x80.jpg","gallery_thumb-width":54,"gallery_thumb-height":80,"category_image":"https:\/\/www.rupes.com\/wp-content\/uploads\/2022\/10\/CCM707-134x200.jpg","category_image-width":134,"category_image-height":200,"category_thumb":"https:\/\/www.rupes.com\/wp-content\/uploads\/2022\/10\/CCM707-67x100.jpg","category_thumb-width":67,"category_thumb-height":100}},{"ID":1001409996,"id":1001409996,"title":"CCM707T","filename":"CCM707T.jpg","filesize":378874,"url":"https:\/\/www.rupes.com\/wp-content\/uploads\/2022\/10\/CCM707T.jpg","link":"https:\/\/www.rupes.com\/fr\/product\/reveal-lite-residue-remover\/ccm707t-2\/","alt":"","author":"1","description":"","caption":"","name":"ccm707t-2","status":"inherit","uploaded_to":1001401373,"date":"2026-01-23 08:22:34","modified":"2026-01-23 08:30:31","menu_order":0,"mime_type":"image\/jpeg","type":"image","subtype":"jpeg","icon":"https:\/\/www.rupes.com\/wp-includes\/images\/media\/default.png","width":1971,"height":2069,"sizes":{"thumbnail":"https:\/\/www.rupes.com\/wp-content\/uploads\/2022\/10\/CCM707T-150x150.jpg","thumbnail-width":150,"thumbnail-height":150,"medium":"https:\/\/www.rupes.com\/wp-content\/uploads\/2022\/10\/CCM707T-286x300.jpg","medium-width":286,"medium-height":300,"medium_large":"https:\/\/www.rupes.com\/wp-content\/uploads\/2022\/10\/CCM707T-768x806.jpg","medium_large-width":768,"medium_large-height":806,"large":"https:\/\/www.rupes.com\/wp-content\/uploads\/2022\/10\/CCM707T-975x1024.jpg","large-width":975,"large-height":1024,"1536x1536":"https:\/\/www.rupes.com\/wp-content\/uploads\/2022\/10\/CCM707T-1463x1536.jpg","1536x1536-width":1463,"1536x1536-height":1536,"2048x2048":"https:\/\/www.rupes.com\/wp-content\/uploads\/2022\/10\/CCM707T-1951x2048.jpg","2048x2048-width":1951,"2048x2048-height":2048,"thumb_news":"https:\/\/www.rupes.com\/wp-content\/uploads\/2022\/10\/CCM707T-350x200.jpg","thumb_news-width":350,"thumb_news-height":200,"boxhome_small":"https:\/\/www.rupes.com\/wp-content\/uploads\/2022\/10\/CCM707T-200x100.jpg","boxhome_small-width":200,"boxhome_small-height":100,"boxhome_medium":"https:\/\/www.rupes.com\/wp-content\/uploads\/2022\/10\/CCM707T-300x150.jpg","boxhome_medium-width":300,"boxhome_medium-height":150,"boxhome_large":"https:\/\/www.rupes.com\/wp-content\/uploads\/2022\/10\/CCM707T-450x200.jpg","boxhome_large-width":450,"boxhome_large-height":200,"boxproducts_large":"https:\/\/www.rupes.com\/wp-content\/uploads\/2022\/10\/CCM707T-1600x700.jpg","boxproducts_large-width":1600,"boxproducts_large-height":700,"boxproducts_midlarge":"https:\/\/www.rupes.com\/wp-content\/uploads\/2022\/10\/CCM707T-1280x560.jpg","boxproducts_midlarge-width":1280,"boxproducts_midlarge-height":560,"boxproducts_medium":"https:\/\/www.rupes.com\/wp-content\/uploads\/2022\/10\/CCM707T-1024x450.jpg","boxproducts_medium-width":1024,"boxproducts_medium-height":450,"boxproducts_small":"https:\/\/www.rupes.com\/wp-content\/uploads\/2022\/10\/CCM707T-700x305.jpg","boxproducts_small-width":700,"boxproducts_small-height":305,"boxproducts_mobile":"https:\/\/www.rupes.com\/wp-content\/uploads\/2022\/10\/CCM707T-400x175.jpg","boxproducts_mobile-width":400,"boxproducts_mobile-height":175,"product_thumb":"https:\/\/www.rupes.com\/wp-content\/uploads\/2022\/10\/CCM707T-191x200.jpg","product_thumb-width":191,"product_thumb-height":200,"product_home":"https:\/\/www.rupes.com\/wp-content\/uploads\/2022\/10\/CCM707T-1200x700.jpg","product_home-width":1200,"product_home-height":700,"gallery_first":"https:\/\/www.rupes.com\/wp-content\/uploads\/2022\/10\/CCM707T-476x500.jpg","gallery_first-width":476,"gallery_first-height":500,"gallery_thumb":"https:\/\/www.rupes.com\/wp-content\/uploads\/2022\/10\/CCM707T-76x80.jpg","gallery_thumb-width":76,"gallery_thumb-height":80,"category_image":"https:\/\/www.rupes.com\/wp-content\/uploads\/2022\/10\/CCM707T-191x200.jpg","category_image-width":191,"category_image-height":200,"category_thumb":"https:\/\/www.rupes.com\/wp-content\/uploads\/2022\/10\/CCM707T-95x100.jpg","category_thumb-width":95,"category_thumb-height":100}}],"videos":false,"files":[{"label":"msds","etichetta_en":"","etichetta_it":"","etichetta_de":"","etichetta_fr":"","etichetta_es":"","multilingua":"no","file":false,"url_file":"https:\/\/www.rupes.com\/msds\/9.CCM707_english.pdf","file_or_url":"file","file_it":false,"url_it":"","file_or_url_it":"file","file_de":false,"url_de":"","file_or_url_de":"file","file_fr":false,"url_fr":"","file_or_url_fr":"file","file_es":false,"url_es":"","file_or_url_es":"file"},{"label":"tds","etichetta_en":"","etichetta_it":"","etichetta_de":"","etichetta_fr":"","etichetta_es":"","multilingua":"no","file":false,"url_file":"https:\/\/www.rupes.com\/tds\/M707.pdf","file_or_url":"file","file_it":false,"url_it":"","file_or_url_it":"file","file_de":false,"url_de":"","file_or_url_de":"file","file_fr":false,"url_fr":"","file_or_url_fr":"file","file_es":false,"url_es":"","file_or_url_es":"file"},{"label":"brochure","etichetta_en":"","etichetta_it":"","etichetta_de":"","etichetta_fr":"","etichetta_es":"","multilingua":"no","file":{"ID":1001387795,"id":1001387795,"title":"brochure_Car_Care","filename":"brochure_Car_Care-1.pdf","filesize":678052,"url":"https:\/\/www.rupes.com\/wp-content\/uploads\/2019\/10\/brochure_Car_Care-1.pdf","link":"https:\/\/www.rupes.com\/fr\/brochure_car_care-2\/","alt":"","author":"1","description":"","caption":"","name":"brochure_car_care-2","status":"inherit","uploaded_to":0,"date":"2019-10-01 14:26:31","modified":"2019-10-01 14:26:31","menu_order":0,"mime_type":"application\/pdf","type":"application","subtype":"pdf","icon":"https:\/\/www.rupes.com\/wp-includes\/images\/media\/document.png"},"url_file":"","file_or_url":"file","file_it":false,"url_it":"","file_or_url_it":"file","file_de":false,"url_de":"","file_or_url_de":"file","file_fr":false,"url_fr":"","file_or_url_fr":"file","file_es":false,"url_es":"","file_or_url_es":"file"}],"blocco_dimensione":[{"codice":"9.CCM707","dimensione":"500ml","immagine":{"ID":1001409991,"id":1001409991,"title":"CCM707","filename":"CCM707.jpg","filesize":82618,"url":"https:\/\/www.rupes.com\/wp-content\/uploads\/2022\/10\/CCM707.jpg","link":"https:\/\/www.rupes.com\/fr\/product\/reveal-lite-residue-remover\/ccm707-2\/","alt":"","author":"1","description":"","caption":"","name":"ccm707-2","status":"inherit","uploaded_to":1001401373,"date":"2026-01-23 08:22:30","modified":"2026-01-23 08:22:30","menu_order":0,"mime_type":"image\/jpeg","type":"image","subtype":"jpeg","icon":"https:\/\/www.rupes.com\/wp-includes\/images\/media\/default.png","width":556,"height":827,"sizes":{"thumbnail":"https:\/\/www.rupes.com\/wp-content\/uploads\/2022\/10\/CCM707-150x150.jpg","thumbnail-width":150,"thumbnail-height":150,"medium":"https:\/\/www.rupes.com\/wp-content\/uploads\/2022\/10\/CCM707-202x300.jpg","medium-width":202,"medium-height":300,"medium_large":"https:\/\/www.rupes.com\/wp-content\/uploads\/2022\/10\/CCM707.jpg","medium_large-width":556,"medium_large-height":827,"large":"https:\/\/www.rupes.com\/wp-content\/uploads\/2022\/10\/CCM707.jpg","large-width":556,"large-height":827,"1536x1536":"https:\/\/www.rupes.com\/wp-content\/uploads\/2022\/10\/CCM707.jpg","1536x1536-width":556,"1536x1536-height":827,"2048x2048":"https:\/\/www.rupes.com\/wp-content\/uploads\/2022\/10\/CCM707.jpg","2048x2048-width":556,"2048x2048-height":827,"thumb_news":"https:\/\/www.rupes.com\/wp-content\/uploads\/2022\/10\/CCM707-350x200.jpg","thumb_news-width":350,"thumb_news-height":200,"boxhome_small":"https:\/\/www.rupes.com\/wp-content\/uploads\/2022\/10\/CCM707-200x100.jpg","boxhome_small-width":200,"boxhome_small-height":100,"boxhome_medium":"https:\/\/www.rupes.com\/wp-content\/uploads\/2022\/10\/CCM707-300x150.jpg","boxhome_medium-width":300,"boxhome_medium-height":150,"boxhome_large":"https:\/\/www.rupes.com\/wp-content\/uploads\/2022\/10\/CCM707-450x200.jpg","boxhome_large-width":450,"boxhome_large-height":200,"boxproducts_large":"https:\/\/www.rupes.com\/wp-content\/uploads\/2022\/10\/CCM707-556x700.jpg","boxproducts_large-width":556,"boxproducts_large-height":700,"boxproducts_midlarge":"https:\/\/www.rupes.com\/wp-content\/uploads\/2022\/10\/CCM707-556x560.jpg","boxproducts_midlarge-width":556,"boxproducts_midlarge-height":560,"boxproducts_medium":"https:\/\/www.rupes.com\/wp-content\/uploads\/2022\/10\/CCM707-556x450.jpg","boxproducts_medium-width":556,"boxproducts_medium-height":450,"boxproducts_small":"https:\/\/www.rupes.com\/wp-content\/uploads\/2022\/10\/CCM707-556x305.jpg","boxproducts_small-width":556,"boxproducts_small-height":305,"boxproducts_mobile":"https:\/\/www.rupes.com\/wp-content\/uploads\/2022\/10\/CCM707-400x175.jpg","boxproducts_mobile-width":400,"boxproducts_mobile-height":175,"product_thumb":"https:\/\/www.rupes.com\/wp-content\/uploads\/2022\/10\/CCM707-134x200.jpg","product_thumb-width":134,"product_thumb-height":200,"product_home":"https:\/\/www.rupes.com\/wp-content\/uploads\/2022\/10\/CCM707-556x700.jpg","product_home-width":556,"product_home-height":700,"gallery_first":"https:\/\/www.rupes.com\/wp-content\/uploads\/2022\/10\/CCM707-336x500.jpg","gallery_first-width":336,"gallery_first-height":500,"gallery_thumb":"https:\/\/www.rupes.com\/wp-content\/uploads\/2022\/10\/CCM707-54x80.jpg","gallery_thumb-width":54,"gallery_thumb-height":80,"category_image":"https:\/\/www.rupes.com\/wp-content\/uploads\/2022\/10\/CCM707-134x200.jpg","category_image-width":134,"category_image-height":200,"category_thumb":"https:\/\/www.rupes.com\/wp-content\/uploads\/2022\/10\/CCM707-67x100.jpg","category_thumb-width":67,"category_thumb-height":100}},"descrizione_en":"","descrizione_it":"","descrizione_de":"","descrizione_fr":"","descrizione_es":""},{"codice":"9.CCM707T","dimensione":"5l","immagine":{"ID":1001409996,"id":1001409996,"title":"CCM707T","filename":"CCM707T.jpg","filesize":378874,"url":"https:\/\/www.rupes.com\/wp-content\/uploads\/2022\/10\/CCM707T.jpg","link":"https:\/\/www.rupes.com\/fr\/product\/reveal-lite-residue-remover\/ccm707t-2\/","alt":"","author":"1","description":"","caption":"","name":"ccm707t-2","status":"inherit","uploaded_to":1001401373,"date":"2026-01-23 08:22:34","modified":"2026-01-23 08:30:31","menu_order":0,"mime_type":"image\/jpeg","type":"image","subtype":"jpeg","icon":"https:\/\/www.rupes.com\/wp-includes\/images\/media\/default.png","width":1971,"height":2069,"sizes":{"thumbnail":"https:\/\/www.rupes.com\/wp-content\/uploads\/2022\/10\/CCM707T-150x150.jpg","thumbnail-width":150,"thumbnail-height":150,"medium":"https:\/\/www.rupes.com\/wp-content\/uploads\/2022\/10\/CCM707T-286x300.jpg","medium-width":286,"medium-height":300,"medium_large":"https:\/\/www.rupes.com\/wp-content\/uploads\/2022\/10\/CCM707T-768x806.jpg","medium_large-width":768,"medium_large-height":806,"large":"https:\/\/www.rupes.com\/wp-content\/uploads\/2022\/10\/CCM707T-975x1024.jpg","large-width":975,"large-height":1024,"1536x1536":"https:\/\/www.rupes.com\/wp-content\/uploads\/2022\/10\/CCM707T-1463x1536.jpg","1536x1536-width":1463,"1536x1536-height":1536,"2048x2048":"https:\/\/www.rupes.com\/wp-content\/uploads\/2022\/10\/CCM707T-1951x2048.jpg","2048x2048-width":1951,"2048x2048-height":2048,"thumb_news":"https:\/\/www.rupes.com\/wp-content\/uploads\/2022\/10\/CCM707T-350x200.jpg","thumb_news-width":350,"thumb_news-height":200,"boxhome_small":"https:\/\/www.rupes.com\/wp-content\/uploads\/2022\/10\/CCM707T-200x100.jpg","boxhome_small-width":200,"boxhome_small-height":100,"boxhome_medium":"https:\/\/www.rupes.com\/wp-content\/uploads\/2022\/10\/CCM707T-300x150.jpg","boxhome_medium-width":300,"boxhome_medium-height":150,"boxhome_large":"https:\/\/www.rupes.com\/wp-content\/uploads\/2022\/10\/CCM707T-450x200.jpg","boxhome_large-width":450,"boxhome_large-height":200,"boxproducts_large":"https:\/\/www.rupes.com\/wp-content\/uploads\/2022\/10\/CCM707T-1600x700.jpg","boxproducts_large-width":1600,"boxproducts_large-height":700,"boxproducts_midlarge":"https:\/\/www.rupes.com\/wp-content\/uploads\/2022\/10\/CCM707T-1280x560.jpg","boxproducts_midlarge-width":1280,"boxproducts_midlarge-height":560,"boxproducts_medium":"https:\/\/www.rupes.com\/wp-content\/uploads\/2022\/10\/CCM707T-1024x450.jpg","boxproducts_medium-width":1024,"boxproducts_medium-height":450,"boxproducts_small":"https:\/\/www.rupes.com\/wp-content\/uploads\/2022\/10\/CCM707T-700x305.jpg","boxproducts_small-width":700,"boxproducts_small-height":305,"boxproducts_mobile":"https:\/\/www.rupes.com\/wp-content\/uploads\/2022\/10\/CCM707T-400x175.jpg","boxproducts_mobile-width":400,"boxproducts_mobile-height":175,"product_thumb":"https:\/\/www.rupes.com\/wp-content\/uploads\/2022\/10\/CCM707T-191x200.jpg","product_thumb-width":191,"product_thumb-height":200,"product_home":"https:\/\/www.rupes.com\/wp-content\/uploads\/2022\/10\/CCM707T-1200x700.jpg","product_home-width":1200,"product_home-height":700,"gallery_first":"https:\/\/www.rupes.com\/wp-content\/uploads\/2022\/10\/CCM707T-476x500.jpg","gallery_first-width":476,"gallery_first-height":500,"gallery_thumb":"https:\/\/www.rupes.com\/wp-content\/uploads\/2022\/10\/CCM707T-76x80.jpg","gallery_thumb-width":76,"gallery_thumb-height":80,"category_image":"https:\/\/www.rupes.com\/wp-content\/uploads\/2022\/10\/CCM707T-191x200.jpg","category_image-width":191,"category_image-height":200,"category_thumb":"https:\/\/www.rupes.com\/wp-content\/uploads\/2022\/10\/CCM707T-95x100.jpg","category_thumb-width":95,"category_thumb-height":100}},"descrizione_en":"Tank","descrizione_it":"","descrizione_de":"","descrizione_fr":"","descrizione_es":""}],"varianti":false,"kit_vendita":false,"blocchi_prodotti_correlati":[{"iconablocco":"fas fa-share-alt","seleziona_i_prodotti":[1001384096,1001384464,1001384097,1001384174,1001384013,1001384012,1001384011,1001384010],"label":"view related products","titolo_correlato_en":"","titolo_correlato_it":"","titolo_correlato_de":"","titolo_correlato_fr":"","titolo_correlato_es":""}],"seleziona_tag_notizie":false,"seleziona_le_recensioni":"","attiva_voice_speech":false,"product_b2b_code":"","product_b2b_pdf":"","code_usermanuals":"","code_usermanuals_usa":"","escludi_scheda_sicurezza":false,"google_review_link":"","attiva_collegamento":false},"_links":{"self":[{"href":"https:\/\/www.rupes.com\/fr\/wp-json\/wp\/v2\/products\/1001384449","targetHints":{"allow":["GET"]}}],"collection":[{"href":"https:\/\/www.rupes.com\/fr\/wp-json\/wp\/v2\/products"}],"about":[{"href":"https:\/\/www.rupes.com\/fr\/wp-json\/wp\/v2\/types\/product"}],"wp:attachment":[{"href":"https:\/\/www.rupes.com\/fr\/wp-json\/wp\/v2\/media?parent=1001384449"}],"wp:term":[{"taxonomy":"category_product","embeddable":true,"href":"https:\/\/www.rupes.com\/fr\/wp-json\/wp\/v2\/categoryproduct?post=1001384449"}],"curies":[{"name":"wp","href":"https:\/\/api.w.org\/{rel}","templated":true}]}}