{"id":1001384390,"date":"2019-03-08T02:16:16","date_gmt":"2019-03-08T02:16:16","guid":{"rendered":""},"modified":"2021-07-14T16:35:19","modified_gmt":"2021-07-14T14:35:19","slug":"wheeled-backpack-rupes-9-z1044","status":"publish","type":"product","link":"https:\/\/www.rupes.com\/fr\/product\/wheeled-backpack-rupes-9-z1044\/","title":{"rendered":"Wheeled backpack Rupes"},"content":{"rendered":"<p>The RUPES Wheeled Backpack is a black backpack branded with RUPES red logo. It contains three main storage spaces and many internal pockets for your laptop or any other accessories.<br \/>\n\u2022 Color: black<br \/>\n\u2022 Dimension: 34cm (L) x 50cm (H) x 22cm (W)<\/p>\n","protected":false},"featured_media":0,"template":"","meta":{"_acf_changed":false},"categoryproduct":[888965422,888965420],"class_list":["post-1001384390","product","type-product","status-publish","hentry","category_product-merchandising-bags","category_product-merchandising"],"acf":{"product_codice":"9.Z1044","scheda_nuova":true,"contact_form":true,"attiva_flag_new_product":false,"product_home":"0","attiva_special_message":"disattivo","product_titolo_it":"Zaino trolley  Rupes","product_titolo_de":"Rollrucksack Rupes","product_titolo_fr":"Sac \u00e0 dos \u00e0 roulettes Rupes","product_titolo_es":"Mochila con ruedas Rupes","product_descrizione_en":"<p>The RUPES Wheeled Backpack is a black backpack branded with RUPES red logo. It contains three main storage spaces and many internal pockets for your laptop or any other accessories.<br \/>\n\u2022 Color: black<br \/>\n\u2022 Dimension: 34cm (L) x 50cm (H) x 22cm (W)<\/p>\n","product_descrizione_it":"<p>Lo zaino con ruote RUPES \u00e8 uno zaino nero brandizzato con il logo rosso RUPES. Contiene tre grandi compartimenti e diverse tasche per il tuo computer portatile o qualsiasi altro accessorio.<\/p>\n<ul>\n<li>Colore: nero<\/li>\n<li>Dimensione: 34cm (L) x 50cm (H) x 22cm (W)<\/li>\n<\/ul>\n","product_descrizione_de":"<p>Der RUPES Wheeled Backpack ist ein schwarzer Rucksack mit dem roten RUPES-Logo. Es enth\u00e4lt drei Hauptspeicherpl\u00e4tze und viele Innentaschen f\u00fcr Ihren Laptop oder anderes Zubeh\u00f6r.<br \/>\n\u2022 Farbe schwarz<br \/>\n\u2022 Abmessungen: 34 cm (L) x 50 cm (H) x 22 cm (B)<\/p>\n","product_descrizione_fr":"<p>Le sac \u00e0 dos \u00e0 roulettes RUPES est un sac \u00e0 dos noir portant le logo rouge RUPES. Il contient trois espaces de rangement principaux et de nombreuses poches internes pour votre ordinateur portable ou tout autre accessoire.<br \/>\n\u2022 La couleur noire<br \/>\n\u2022 Dimension: 34 cm (L) x 50 cm (H) x 22 cm (L)<\/p>\n","product_descrizione_es":"<p>La mochila con ruedas RUPES es una mochila negra con el logo rojo de RUPES. Contiene tres espacios de almacenamiento principales y muchos bolsillos internos para su computadora port\u00e1til o cualquier otro accesorio.<br \/>\n\u2022 De color negro<br \/>\n\u2022 Dimensi\u00f3n: 34 cm (largo) x 50 cm (alto) x 22 cm (ancho)<\/p>\n","product_scheda_en":"","product_scheda_it":"","product_scheda_de":"","product_scheda_fr":"","product_scheda_es":"","thumb":false,"gallery":[{"ID":1001389105,"id":1001389105,"title":"Wheeled-backpack-closed","filename":"Wheeled-backpack-closed.jpg","filesize":50221,"url":"https:\/\/www.rupes.com\/wp-content\/uploads\/2019\/03\/Wheeled-backpack-closed.jpg","link":"https:\/\/www.rupes.com\/fr\/product\/wheeled-backpack-rupes-9-z1044\/wheeled-backpack-closed-2\/","alt":"","author":"1","description":"","caption":"","name":"wheeled-backpack-closed-2","status":"inherit","uploaded_to":1001384390,"date":"2019-11-22 09:38:03","modified":"2019-11-22 09:38:03","menu_order":0,"mime_type":"image\/jpeg","type":"image","subtype":"jpeg","icon":"https:\/\/www.rupes.com\/wp-includes\/images\/media\/default.png","width":1200,"height":800,"sizes":{"thumbnail":"https:\/\/www.rupes.com\/wp-content\/uploads\/2019\/03\/Wheeled-backpack-closed-150x150.jpg","thumbnail-width":150,"thumbnail-height":150,"medium":"https:\/\/www.rupes.com\/wp-content\/uploads\/2019\/03\/Wheeled-backpack-closed-300x200.jpg","medium-width":300,"medium-height":200,"medium_large":"https:\/\/www.rupes.com\/wp-content\/uploads\/2019\/03\/Wheeled-backpack-closed-768x512.jpg","medium_large-width":768,"medium_large-height":512,"large":"https:\/\/www.rupes.com\/wp-content\/uploads\/2019\/03\/Wheeled-backpack-closed-1024x683.jpg","large-width":1024,"large-height":683,"1536x1536":"https:\/\/www.rupes.com\/wp-content\/uploads\/2019\/03\/Wheeled-backpack-closed.jpg","1536x1536-width":1200,"1536x1536-height":800,"2048x2048":"https:\/\/www.rupes.com\/wp-content\/uploads\/2019\/03\/Wheeled-backpack-closed.jpg","2048x2048-width":1200,"2048x2048-height":800,"thumb_news":"https:\/\/www.rupes.com\/wp-content\/uploads\/2019\/03\/Wheeled-backpack-closed-350x200.jpg","thumb_news-width":350,"thumb_news-height":200,"boxhome_small":"https:\/\/www.rupes.com\/wp-content\/uploads\/2019\/03\/Wheeled-backpack-closed-200x100.jpg","boxhome_small-width":200,"boxhome_small-height":100,"boxhome_medium":"https:\/\/www.rupes.com\/wp-content\/uploads\/2019\/03\/Wheeled-backpack-closed-300x150.jpg","boxhome_medium-width":300,"boxhome_medium-height":150,"boxhome_large":"https:\/\/www.rupes.com\/wp-content\/uploads\/2019\/03\/Wheeled-backpack-closed-450x200.jpg","boxhome_large-width":450,"boxhome_large-height":200,"boxproducts_large":"https:\/\/www.rupes.com\/wp-content\/uploads\/2019\/03\/Wheeled-backpack-closed-1200x700.jpg","boxproducts_large-width":1200,"boxproducts_large-height":700,"boxproducts_midlarge":"https:\/\/www.rupes.com\/wp-content\/uploads\/2019\/03\/Wheeled-backpack-closed-1200x560.jpg","boxproducts_midlarge-width":1200,"boxproducts_midlarge-height":560,"boxproducts_medium":"https:\/\/www.rupes.com\/wp-content\/uploads\/2019\/03\/Wheeled-backpack-closed-1024x450.jpg","boxproducts_medium-width":1024,"boxproducts_medium-height":450,"boxproducts_small":"https:\/\/www.rupes.com\/wp-content\/uploads\/2019\/03\/Wheeled-backpack-closed-700x305.jpg","boxproducts_small-width":700,"boxproducts_small-height":305,"boxproducts_mobile":"https:\/\/www.rupes.com\/wp-content\/uploads\/2019\/03\/Wheeled-backpack-closed-400x175.jpg","boxproducts_mobile-width":400,"boxproducts_mobile-height":175,"product_thumb":"https:\/\/www.rupes.com\/wp-content\/uploads\/2019\/03\/Wheeled-backpack-closed-300x200.jpg","product_thumb-width":300,"product_thumb-height":200,"product_home":"https:\/\/www.rupes.com\/wp-content\/uploads\/2019\/03\/Wheeled-backpack-closed.jpg","product_home-width":1050,"product_home-height":700,"gallery_first":"https:\/\/www.rupes.com\/wp-content\/uploads\/2019\/03\/Wheeled-backpack-closed-750x500.jpg","gallery_first-width":750,"gallery_first-height":500,"gallery_thumb":"https:\/\/www.rupes.com\/wp-content\/uploads\/2019\/03\/Wheeled-backpack-closed-105x70.jpg","gallery_thumb-width":105,"gallery_thumb-height":70,"category_image":"https:\/\/www.rupes.com\/wp-content\/uploads\/2019\/03\/Wheeled-backpack-closed-200x133.jpg","category_image-width":200,"category_image-height":133,"category_thumb":"https:\/\/www.rupes.com\/wp-content\/uploads\/2019\/03\/Wheeled-backpack-closed-100x67.jpg","category_thumb-width":100,"category_thumb-height":67}},{"ID":1001389110,"id":1001389110,"title":"Wheeled-backpack-open","filename":"Wheeled-backpack-open.jpg","filesize":48972,"url":"https:\/\/www.rupes.com\/wp-content\/uploads\/2019\/03\/Wheeled-backpack-open.jpg","link":"https:\/\/www.rupes.com\/fr\/product\/wheeled-backpack-rupes-9-z1044\/wheeled-backpack-open-2\/","alt":"","author":"1","description":"","caption":"","name":"wheeled-backpack-open-2","status":"inherit","uploaded_to":1001384390,"date":"2019-11-22 09:38:05","modified":"2019-11-22 09:38:05","menu_order":0,"mime_type":"image\/jpeg","type":"image","subtype":"jpeg","icon":"https:\/\/www.rupes.com\/wp-includes\/images\/media\/default.png","width":1200,"height":800,"sizes":{"thumbnail":"https:\/\/www.rupes.com\/wp-content\/uploads\/2019\/03\/Wheeled-backpack-open-150x150.jpg","thumbnail-width":150,"thumbnail-height":150,"medium":"https:\/\/www.rupes.com\/wp-content\/uploads\/2019\/03\/Wheeled-backpack-open-300x200.jpg","medium-width":300,"medium-height":200,"medium_large":"https:\/\/www.rupes.com\/wp-content\/uploads\/2019\/03\/Wheeled-backpack-open-768x512.jpg","medium_large-width":768,"medium_large-height":512,"large":"https:\/\/www.rupes.com\/wp-content\/uploads\/2019\/03\/Wheeled-backpack-open-1024x683.jpg","large-width":1024,"large-height":683,"1536x1536":"https:\/\/www.rupes.com\/wp-content\/uploads\/2019\/03\/Wheeled-backpack-open.jpg","1536x1536-width":1200,"1536x1536-height":800,"2048x2048":"https:\/\/www.rupes.com\/wp-content\/uploads\/2019\/03\/Wheeled-backpack-open.jpg","2048x2048-width":1200,"2048x2048-height":800,"thumb_news":"https:\/\/www.rupes.com\/wp-content\/uploads\/2019\/03\/Wheeled-backpack-open-350x200.jpg","thumb_news-width":350,"thumb_news-height":200,"boxhome_small":"https:\/\/www.rupes.com\/wp-content\/uploads\/2019\/03\/Wheeled-backpack-open-200x100.jpg","boxhome_small-width":200,"boxhome_small-height":100,"boxhome_medium":"https:\/\/www.rupes.com\/wp-content\/uploads\/2019\/03\/Wheeled-backpack-open-300x150.jpg","boxhome_medium-width":300,"boxhome_medium-height":150,"boxhome_large":"https:\/\/www.rupes.com\/wp-content\/uploads\/2019\/03\/Wheeled-backpack-open-450x200.jpg","boxhome_large-width":450,"boxhome_large-height":200,"boxproducts_large":"https:\/\/www.rupes.com\/wp-content\/uploads\/2019\/03\/Wheeled-backpack-open-1200x700.jpg","boxproducts_large-width":1200,"boxproducts_large-height":700,"boxproducts_midlarge":"https:\/\/www.rupes.com\/wp-content\/uploads\/2019\/03\/Wheeled-backpack-open-1200x560.jpg","boxproducts_midlarge-width":1200,"boxproducts_midlarge-height":560,"boxproducts_medium":"https:\/\/www.rupes.com\/wp-content\/uploads\/2019\/03\/Wheeled-backpack-open-1024x450.jpg","boxproducts_medium-width":1024,"boxproducts_medium-height":450,"boxproducts_small":"https:\/\/www.rupes.com\/wp-content\/uploads\/2019\/03\/Wheeled-backpack-open-700x305.jpg","boxproducts_small-width":700,"boxproducts_small-height":305,"boxproducts_mobile":"https:\/\/www.rupes.com\/wp-content\/uploads\/2019\/03\/Wheeled-backpack-open-400x175.jpg","boxproducts_mobile-width":400,"boxproducts_mobile-height":175,"product_thumb":"https:\/\/www.rupes.com\/wp-content\/uploads\/2019\/03\/Wheeled-backpack-open-300x200.jpg","product_thumb-width":300,"product_thumb-height":200,"product_home":"https:\/\/www.rupes.com\/wp-content\/uploads\/2019\/03\/Wheeled-backpack-open.jpg","product_home-width":1050,"product_home-height":700,"gallery_first":"https:\/\/www.rupes.com\/wp-content\/uploads\/2019\/03\/Wheeled-backpack-open-750x500.jpg","gallery_first-width":750,"gallery_first-height":500,"gallery_thumb":"https:\/\/www.rupes.com\/wp-content\/uploads\/2019\/03\/Wheeled-backpack-open-105x70.jpg","gallery_thumb-width":105,"gallery_thumb-height":70,"category_image":"https:\/\/www.rupes.com\/wp-content\/uploads\/2019\/03\/Wheeled-backpack-open-200x133.jpg","category_image-width":200,"category_image-height":133,"category_thumb":"https:\/\/www.rupes.com\/wp-content\/uploads\/2019\/03\/Wheeled-backpack-open-100x67.jpg","category_thumb-width":100,"category_thumb-height":67}}],"videos":false,"files":false,"blocco_dimensione":false,"varianti":false,"kit_vendita":false,"blocchi_prodotti_correlati":[{"iconablocco":"fas fa-share-alt","seleziona_i_prodotti":[1001384143,1001384448,1001384147,1001384144,1001384725],"label":"view related products","titolo_correlato_en":"","titolo_correlato_it":"","titolo_correlato_de":"","titolo_correlato_fr":"","titolo_correlato_es":""}],"seleziona_tag_notizie":false,"seleziona_le_recensioni":"","product_b2b_code":"","product_b2b_pdf":"","attiva_collegamento":true,"link_eshop":"https:\/\/shop.rupes.com\/en\/bags\/29-wheeled-backpack.html","immagine_eshop":"https:\/\/shop.rupes.com\/179-home_default\/wheeled-backpack.jpg","prezzo_eshop":"69.00"},"_links":{"self":[{"href":"https:\/\/www.rupes.com\/fr\/wp-json\/wp\/v2\/products\/1001384390","targetHints":{"allow":["GET"]}}],"collection":[{"href":"https:\/\/www.rupes.com\/fr\/wp-json\/wp\/v2\/products"}],"about":[{"href":"https:\/\/www.rupes.com\/fr\/wp-json\/wp\/v2\/types\/product"}],"wp:attachment":[{"href":"https:\/\/www.rupes.com\/fr\/wp-json\/wp\/v2\/media?parent=1001384390"}],"wp:term":[{"taxonomy":"category_product","embeddable":true,"href":"https:\/\/www.rupes.com\/fr\/wp-json\/wp\/v2\/categoryproduct?post=1001384390"}],"curies":[{"name":"wp","href":"https:\/\/api.w.org\/{rel}","templated":true}]}}