{"id":999959172,"date":"2018-05-16T11:34:14","date_gmt":"2018-05-16T09:34:14","guid":{"rendered":"https:\/\/www.rupes.com\/bigfoot-system\/"},"modified":"2018-06-20T12:37:37","modified_gmt":"2018-06-20T10:37:37","slug":"systeme-bigfoot","status":"publish","type":"page","link":"https:\/\/www.rupes.com\/fr\/systeme-bigfoot\/","title":{"rendered":"LE SYST\u00c8ME BIGFOOT"},"content":{"rendered":"<h2>SYST\u00c8ME\u00a0<em>PARFAIT<\/em><\/h2>\n<p>Le syst\u00e8me <strong>BigFoot<\/strong> est la solution id\u00e9ale pour l\u2019utilisateur d\u00e9butant ou le professionnel \u00e0 la recherche d\u2019une finition parfaite. Les caract\u00e9ristiques de BigFoot le rendent unique dans l\u2019univers des polisseuses. Son \u00e9quilibre exceptionnel et l\u2019absence de vibration offrent \u00e0 l\u2019op\u00e9rateur un contr\u00f4le total tout en optimisant la man\u0153uvrabilit\u00e9 de l\u2019outil durant l\u2019op\u00e9ration de polissage. Les zones habituellement difficiles comme les bords, les contours et les coins sont abord\u00e9es facilement car l\u2019op\u00e9rateur peut utiliser un mouvement harmonieux et r\u00e9gulier. D\u00e8s les premi\u00e8res \u00e9tudes de faisabilit\u00e9 du projet, les techniciens <em><strong>RUPES<\/strong> <\/em>ont eu \u00e0 c\u0153ur de garantir le confort maximal de l\u2019op\u00e9rateur au cours de l\u2019utilisation. La conception unique et l\u2019approche concentr\u00e9e envers l\u2019ergonomie se traduisent par un outil extr\u00eamement stable, l\u00e9ger et man\u0153uvrable tout en continuant \u00e0 fournir la puissance n\u00e9cessaire pour r\u00e9aliser une finition haut de gamme.<\/p>\n<h2><\/h2>\n<h2><em>R\u00c9SULTATS OPTIMAUX<\/em><br \/>\nM\u00eame en une seule \u00e9tape!<\/h2>\n<p>L\u2019un des principaux objectifs du projet <strong>BigFoot<\/strong> consistait \u00e0 obtenir une surface parfaitement polie le plus rapidement possible. Les m\u00e9thodes traditionnelles de polissage n\u00e9cessitent g\u00e9n\u00e9ralement un technicien exp\u00e9riment\u00e9 et prennent \u00e9norm\u00e9ment de temps en raison des diff\u00e9rentes \u00e9tapes de pon\u00e7age, polissage et de traitement des hologrammes dus au polissage. BigFoot simplifie le proc\u00e9d\u00e9 de polissage en r\u00e9duisant consid\u00e9rablement le temps et en produisant un r\u00e9sultat optimal en une seule \u00e9tape. Gr\u00e2ce au mouvement roto-orbital, l\u2019approche innovante de <strong>BigFoot<\/strong> \u00e9limine les hologrammes et la n\u00e9cessit\u00e9 de recourir \u00e0 des \u00e9tapes ult\u00e9rieures apr\u00e8s le polissage, g\u00e9n\u00e9ralement associ\u00e9es aux m\u00e9thodes traditionnelles de polissage.<\/p>\n","protected":false},"excerpt":{"rendered":"<p>SYST\u00c8ME\u00a0PARFAIT Le syst\u00e8me BigFoot est la solution id\u00e9ale pour l\u2019utilisateur d\u00e9butant ou le professionnel \u00e0 la recherche d\u2019une finition parfaite. Les caract\u00e9ristiques de BigFoot le rendent unique dans l\u2019univers des <\/p>\n","protected":false},"author":1,"featured_media":0,"parent":0,"menu_order":0,"comment_status":"closed","ping_status":"closed","template":"page-bigfootsystem.php","meta":{"_acf_changed":false,"footnotes":""},"class_list":["post-999959172","page","type-page","status-publish","hentry"],"acf":{"scegliSlider":"default","addVideoSlider":false,"video":"","gallery":false,"full_page":false,"php_code":""},"_links":{"self":[{"href":"https:\/\/www.rupes.com\/fr\/wp-json\/wp\/v2\/pages\/999959172","targetHints":{"allow":["GET"]}}],"collection":[{"href":"https:\/\/www.rupes.com\/fr\/wp-json\/wp\/v2\/pages"}],"about":[{"href":"https:\/\/www.rupes.com\/fr\/wp-json\/wp\/v2\/types\/page"}],"author":[{"embeddable":true,"href":"https:\/\/www.rupes.com\/fr\/wp-json\/wp\/v2\/users\/1"}],"replies":[{"embeddable":true,"href":"https:\/\/www.rupes.com\/fr\/wp-json\/wp\/v2\/comments?post=999959172"}],"version-history":[{"count":0,"href":"https:\/\/www.rupes.com\/fr\/wp-json\/wp\/v2\/pages\/999959172\/revisions"}],"wp:attachment":[{"href":"https:\/\/www.rupes.com\/fr\/wp-json\/wp\/v2\/media?parent=999959172"}],"curies":[{"name":"wp","href":"https:\/\/api.w.org\/{rel}","templated":true}]}}