{"id":1001412299,"date":"2026-02-26T08:51:49","date_gmt":"2026-02-26T07:51:49","guid":{"rendered":"https:\/\/www.rupes.com\/?page_id=1001412299"},"modified":"2026-02-26T08:51:51","modified_gmt":"2026-02-26T07:51:51","slug":"support-et-service-apres-vente","status":"publish","type":"page","link":"https:\/\/www.rupes.com\/fr\/support-et-service-apres-vente\/","title":{"rendered":"Support et Service Apr\u00e8s-Vente"},"content":{"rendered":"\n<p>Chez RUPES, la qualit\u00e9 de nos produits se refl\u00e8te dans l&rsquo;excellence de notre support technique. Nous sommes \u00e0 vos c\u00f4t\u00e9s pour garantir que vos outils conservent des performances \u00e9lev\u00e9es dans le temps, en vous offrant des solutions rapides et fiables.<\/p>\n\n\n\n<ul class=\"wp-block-list\">\n<li><strong><a href=\"https:\/\/repaircentres.rupes.com\/\" type=\"link\" id=\"https:\/\/repaircentres.rupes.com\/\">Centres de Service Agr\u00e9\u00e9s<\/a> :<\/strong> Trouvez le centre partenaire le plus proche pour les r\u00e9parations et l&rsquo;entretien professionnel.<\/li>\n\n\n\n<li><strong><a href=\"https:\/\/app.rupes.com\/warrantyPlus\/home.php?ln=fr\" type=\"link\" id=\"https:\/\/app.rupes.com\/warrantyPlus\/home.php?ln=fr\">Extension de Garantie<\/a> :<\/strong> Prot\u00e9gez votre investissement et activez l&rsquo;extension de garantie pour vos nouveaux produits RUPES.<\/li>\n<\/ul>\n","protected":false},"excerpt":{"rendered":"<p>Chez RUPES, la qualit\u00e9 de nos produits se refl\u00e8te dans l&rsquo;excellence de notre support technique. Nous sommes \u00e0 vos c\u00f4t\u00e9s pour garantir que vos outils conservent des performances \u00e9lev\u00e9es dans <\/p>\n","protected":false},"author":1,"featured_media":0,"parent":0,"menu_order":0,"comment_status":"closed","ping_status":"closed","template":"","meta":{"_acf_changed":false,"footnotes":""},"class_list":["post-1001412299","page","type-page","status-publish","hentry"],"acf":{"scegliSlider":"default","addVideoSlider":false,"btn_class":"red","video":"","gallery":false,"full_page":false,"php_code":"","buttons":false},"_links":{"self":[{"href":"https:\/\/www.rupes.com\/fr\/wp-json\/wp\/v2\/pages\/1001412299","targetHints":{"allow":["GET"]}}],"collection":[{"href":"https:\/\/www.rupes.com\/fr\/wp-json\/wp\/v2\/pages"}],"about":[{"href":"https:\/\/www.rupes.com\/fr\/wp-json\/wp\/v2\/types\/page"}],"author":[{"embeddable":true,"href":"https:\/\/www.rupes.com\/fr\/wp-json\/wp\/v2\/users\/1"}],"replies":[{"embeddable":true,"href":"https:\/\/www.rupes.com\/fr\/wp-json\/wp\/v2\/comments?post=1001412299"}],"version-history":[{"count":1,"href":"https:\/\/www.rupes.com\/fr\/wp-json\/wp\/v2\/pages\/1001412299\/revisions"}],"predecessor-version":[{"id":1001412300,"href":"https:\/\/www.rupes.com\/fr\/wp-json\/wp\/v2\/pages\/1001412299\/revisions\/1001412300"}],"wp:attachment":[{"href":"https:\/\/www.rupes.com\/fr\/wp-json\/wp\/v2\/media?parent=1001412299"}],"curies":[{"name":"wp","href":"https:\/\/api.w.org\/{rel}","templated":true}]}}