{"id":1001408961,"date":"2024-10-29T11:56:13","date_gmt":"2024-10-29T10:56:13","guid":{"rendered":"https:\/\/www.rupes.com\/?page_id=1001408961"},"modified":"2024-10-29T11:56:45","modified_gmt":"2024-10-29T10:56:45","slug":"privacy-policy-extension-de-garantie","status":"publish","type":"page","link":"https:\/\/www.rupes.com\/fr\/privacy-policy-extension-de-garantie\/","title":{"rendered":"Privacy policy Extension de garantie"},"content":{"rendered":"<p><strong>LA POLITIQUE DE CONFIDENTIALIT\u00c9 DU SITE WEB D&rsquo;EXTENSION DE GARANTIE RUPES<\/strong><\/p>\n<p>Cette page d\u00e9crit la gestion du site Web de RUPES S.p.A. a socio unico (\u00ab RUPES \u00bb) accessible \u00e0 l&rsquo;adresse www.rupes.com (ci-apr\u00e8s, le \u00ab Site Web \u00bb) en ce qui concerne le traitement des donn\u00e9es personnelles des utilisateurs s&rsquo;inscrivant sur le m\u00eame Site Web et\/ou sur le site Web d&rsquo;enregistrement d&rsquo;extension de garantie Rupes afin d&rsquo;acc\u00e9der aux contenus r\u00e9serv\u00e9s aux utilisateurs enregistr\u00e9s et de s&rsquo;abonner au service de newsletter et\/ou au service de garantie fourni par RUPES.<br \/>\nLes pr\u00e9sentes informations s&rsquo;appliquent uniquement au Site Web (y compris les sous-domaines tels que download.rupes.com et https:\/\/app.rupes.com\/warrantyPlus\/registration.php) et ne concernent pas les sites Web \u00e9ventuellement visit\u00e9s par un utilisateur via des liens tiers contenus dans le Site Web.<br \/>\nCes informations sont \u00e9galement fournies conform\u00e9ment \u00e0 l&rsquo;article 13 du r\u00e8glement UE 2016\/679 du 27 avril 2016 relatif \u00e0 la protection des personnes physiques \u00e0 l&rsquo;\u00e9gard du traitement des donn\u00e9es \u00e0 caract\u00e8re personnel et \u00e0 la libre circulation de ces donn\u00e9es, et abrogeant la directive 95\/46\/CE (r\u00e8glement g\u00e9n\u00e9ral sur la protection des donn\u00e9es &#8211; RGPD) \u00e0 toute entit\u00e9 ayant un lien avec les services Web mis \u00e0 disposition par RUPES. Les informations fournies sont \u00e9galement bas\u00e9es sur les lignes directrices contenues dans la recommandation n\u00b0 2\/2001, qui a \u00e9t\u00e9 adopt\u00e9e le 17 mai 2001 par les autorit\u00e9s europ\u00e9ennes de protection des donn\u00e9es au sein du groupe de travail institu\u00e9 en vertu de l&rsquo;article 29 de la directive europ\u00e9enne 95\/46\/CE afin de d\u00e9finir des exigences minimales pour la collecte de donn\u00e9es personnelles en ligne &#8211; notamment en ce qui concerne les modalit\u00e9s, le calendrier et le contenu des informations \u00e0 fournir par les responsables du traitement des donn\u00e9es aux utilisateurs visitant des pages Web \u00e0 quelque fin que ce soit.<br \/>\nLe traitement des donn\u00e9es personnelles de l&rsquo;utilisateur du site Web sera, dans tous les cas, bas\u00e9 sur les principes d&rsquo;\u00e9quit\u00e9, de lic\u00e9it\u00e9 et de transparence ainsi que sur le principe de protection de la confidentialit\u00e9 et des droits de la personne concern\u00e9e, conform\u00e9ment aux dispositions du RGPD, \u00e0 la l\u00e9gislation nationale applicable et aux directives de l&rsquo;Autorit\u00e9 italienne de protection des donn\u00e9es.<\/p>\n<p><strong>1. RESPONSABLE DU TRAITEMENT DES DONN\u00c9ES<\/strong><br \/>\nLa visite du site Web peut donner lieu au traitement de donn\u00e9es concernant des personnes physiques identifi\u00e9es ou identifiables.<br \/>\nLe \u00ab Responsable du traitement \u00bb est RUPES S.p.A. a socio unico, avec si\u00e8ge social \u00e0 Via Manfredo Camperio, 9 20123 Milano (MI), si\u00e8ge social \u00e0 Via Marconi 3A, 20080 loc. Vermezzo ,Vermezzo con Zelo (MI), TVA IT05094230157, ci-apr\u00e8s d\u00e9nomm\u00e9e \u00ab RUPES \u00bb ou \u00ab Responsable du traitement \u00bb.<\/p>\n<p><strong>2. LIEU DE TRAITEMENT DES DONN\u00c9ES ET DESTINATAIRES<br \/>\nLes op\u00e9rations de traitement li\u00e9es aux services du Site sont effectu\u00e9es en Italie au si\u00e8ge susmentionn\u00e9 de RUPES exclusivement par le personnel technique charg\u00e9 de ce traitement, ou en Europe (FR) au si\u00e8ge de la soci\u00e9t\u00e9 qui g\u00e8re les serveurs RUPES. RUPES n&rsquo;effectue pas de transferts de donn\u00e9es vers des pays tiers en dehors de l&rsquo;EEE.<br \/>\nLes donn\u00e9es sont ou peuvent \u00eatre divulgu\u00e9es aux destinataires suivants (nomm\u00e9s comme sous-traitants de donn\u00e9es en vertu du RGPD) :<\/p>\n<ul style=\"margin-left: 30px;\">\n<li>A d&rsquo;autres soci\u00e9t\u00e9s du groupe d&rsquo;entreprises auquel appartient RUPES, ayant leurs locaux sur le territoire de l&rsquo;UE<\/li>\n<li>A des entit\u00e9s fournissant \u00e0 RUPES des services d&rsquo;h\u00e9bergement de sites Web, de maintenance et de mise \u00e0 jour (exclusivement si une telle divulgation est strictement n\u00e9cessaire pour assurer l&rsquo;ex\u00e9cution des services demand\u00e9s par les utilisateurs), des newsletters, etc.<\/li>\n<li>A des fournisseurs de services de conseil li\u00e9s aux obligations fiscales et fiscales, dans le cas o\u00f9 la divulgation est n\u00e9cessaire en raison de la cat\u00e9gorie de traitement des donn\u00e9es (par exemple dans les cas o\u00f9 l&rsquo;utilisateur ach\u00e8te des biens ou des services RUPES donnant lieu \u00e0 des obligations fiscales ou fiscales).<\/li>\n<li>A d&rsquo;autres cat\u00e9gories d&rsquo;entit\u00e9s auxquelles RUPES doit divulguer des donn\u00e9es personnelles afin d&rsquo;ex\u00e9cuter des contrats et\/ou de r\u00e9pondre \u00e0 une demande pr\u00e9contractuelle entre RUPES et les utilisateurs ou en vue de remplir des obligations l\u00e9gales ou \u00e0 la demande des autorit\u00e9s publiques.<\/li>\n<li>A une r\u00e9paration autoris\u00e9e centres et distributeurs qui fournissent les services de garantie pour Rupes.<\/li>\n<\/ul>\n<p>&nbsp;<\/p>\n<p><strong>3. CATEGORIES DE DONNEES TRAITEES<\/strong><br \/>\nDonn\u00e9es de navigation. Les syst\u00e8mes informatiques et les proc\u00e9dures logicielles utilis\u00e9s pour faire fonctionner ce site Web acqui\u00e8rent des donn\u00e9es personnelles dans le cadre de leur fonctionnement normal ; la transmission de ces donn\u00e9es est une caract\u00e9ristique inh\u00e9rente aux protocoles de communication Internet.<br \/>\nCes informations ne sont pas collect\u00e9es dans le but de les relier \u00e0 des personnes concern\u00e9es identifi\u00e9es, mais elles pourraient permettre l&rsquo;identification des utilisateurs en tant que telles apr\u00e8s avoir \u00e9t\u00e9 trait\u00e9es et associ\u00e9es \u00e0 des donn\u00e9es d\u00e9tenues par des tiers.<br \/>\nCette cat\u00e9gorie de donn\u00e9es comprend les adresses IP et\/ou les noms de domaine des ordinateurs utilis\u00e9s par tout utilisateur se connectant \u00e0 ce site Web, les adresses URI (Uniform Resource Identifier) \u200b\u200bdes ressources demand\u00e9es, l&rsquo;heure de ces demandes, la m\u00e9thode utilis\u00e9e pour soumettre une demande donn\u00e9e au serveur, la taille du fichier renvoy\u00e9, un code num\u00e9rique relatif \u00e0 l&rsquo;\u00e9tat de la r\u00e9ponse du serveur (ex\u00e9cution r\u00e9ussie, erreur, etc.) et d&rsquo;autres param\u00e8tres relatifs au syst\u00e8me d&rsquo;exploitation et \u00e0 l&rsquo;environnement informatique de l&rsquo;utilisateur.<br \/>\nCes donn\u00e9es ne sont utilis\u00e9es que pour extraire des informations statistiques anonymes sur l&rsquo;utilisation du site Web ainsi que pour en v\u00e9rifier le fonctionnement ; elles sont supprim\u00e9es imm\u00e9diatement apr\u00e8s leur traitement. Les donn\u00e9es peuvent \u00eatre utilis\u00e9es pour \u00e9tablir la responsabilit\u00e9 en cas de d\u00e9lits informatiques commis contre le site Web ; \u00e0 l&rsquo;exception de ce cas, les donn\u00e9es sur les contacts Web sont actuellement conserv\u00e9es pendant une dur\u00e9e maximale de sept jours.<br \/>\nDonn\u00e9es fournies volontairement par les utilisateurs. L&rsquo;ach\u00e8vement du processus d&rsquo;inscription et l&rsquo;envoi de messages \u00e9lectroniques aux adresses mentionn\u00e9es sur ce site Web ou l&rsquo;inscription sur la page Web pour l&rsquo;extension de garantie, qui se fait sur la base d&rsquo;une option librement choisie, explicite et volontaire, impliquent l&rsquo;acquisition et le traitement des donn\u00e9es personnelles de la personne concern\u00e9e, n\u00e9cessaires pour lui permettre d&rsquo;acc\u00e9der aux contenus r\u00e9serv\u00e9s disponibles sur le site Web et\/ou d&rsquo;ex\u00e9cuter le service de newsletter demand\u00e9 par lui-m\u00eame ou de r\u00e9pondre \u00e0 toute demande de la personne concern\u00e9e d\u00e9pos\u00e9e par e-mail ou chat pr\u00e9vu sur le site Web, ou pour obtenir l&rsquo;extension de garantie, ainsi que des donn\u00e9es personnelles suppl\u00e9mentaires contenues dans les e-mails ou les messages de chat.<br \/>\nLe centre de t\u00e9l\u00e9chargement RUPES et la page d&rsquo;enregistrement de l&rsquo;extension de garantie collecteront les informations suivantes : pr\u00e9nom, nom et nom de l&rsquo;entreprise, coordonn\u00e9es, y compris l&rsquo;adresse e-mail, secteur d&rsquo;activit\u00e9.<br \/>\nDes informations de synth\u00e8se sp\u00e9cifiques seront affich\u00e9es et\/ou affich\u00e9es sur les pages du Site Internet utilis\u00e9es pour la fourniture de services \u00e0 la demande.<br \/>\nCookies. Aucune donn\u00e9e personnelle concernant les utilisateurs n&rsquo;est acquise par le Site Internet \u00e0 cet \u00e9gard.<br \/>\nAucun cookie n&rsquo;est utilis\u00e9 pour transmettre des informations personnelles, ni aucun cookie dit persistant (\u00e0 l&rsquo;exception de ceux ci-dessous) ni aucun syst\u00e8me de suivi des utilisateurs n&rsquo;est mis en \u0153uvre.<br \/>\nL&rsquo;utilisation de cookies de session (qui ne sont pas stock\u00e9s de mani\u00e8re permanente sur l&rsquo;ordinateur de l&rsquo;utilisateur et disparaissent \u00e0 la fermeture du navigateur) est exclusivement limit\u00e9e \u00e0 la transmission d&rsquo;identifiants de session (constitu\u00e9s de num\u00e9ros al\u00e9atoires g\u00e9n\u00e9r\u00e9s par le serveur) n\u00e9cessaires pour permettre une navigation s\u00fbre et efficace sur le Site Internet.<br \/>\nLes cookies de session utilis\u00e9s par ce Site Internet rendent inutile la mise en \u0153uvre d&rsquo;autres techniques informatiques potentiellement pr\u00e9judiciables \u00e0 la confidentialit\u00e9 de la navigation de l&rsquo;utilisateur, tandis qu&rsquo;ils ne permettent pas d&rsquo;acqu\u00e9rir les donn\u00e9es d&rsquo;identification personnelle de l&rsquo;utilisateur.<br \/>\nSi vous choisissez de rester connect\u00e9 au Site Internet, un cookie qui permet de vous maintenir connect\u00e9 peut \u00eatre stock\u00e9 sur votre ordinateur.<br \/>\nCookies de g\u00e9olocalisation. Ce site Web utilise des syst\u00e8mes de g\u00e9olocalisation pour d\u00e9terminer d&rsquo;o\u00f9 l&rsquo;utilisateur acc\u00e8de au site Web et pour d\u00e9cider automatiquement de la langue \u00e0 afficher, un cookie contenant ces donn\u00e9es peut \u00eatre stock\u00e9 sur votre ordinateur.<br \/>\nCookies tiers. Ce site Web peut utiliser des cookies tiers pour aider aux services rendus par d&rsquo;autres sites Web, tels que l&rsquo;affichage de vid\u00e9os YouTube, selon que vous d\u00e9cidez d&rsquo;utiliser lesdits services et\/ou de regarder lesdites vid\u00e9os.<\/p>\n<p>&nbsp;<\/p>\n<p><strong>4. FINALIT\u00c9S DU TRAITEMENT DES DONN\u00c9ES<\/strong><br \/>\nLes donn\u00e9es personnelles sont collect\u00e9es et trait\u00e9es par RUPES aux fins suivantes\u00a0:<br \/>\n1) Permettre aux utilisateurs de naviguer de mani\u00e8re s\u00fbre et efficace sur le site Web\u00a0;<br \/>\n2) Dans le cas o\u00f9 l&rsquo;utilisateur s&rsquo;inscrit sur le site Web, lui permettre de t\u00e9l\u00e9charger les documents contenus dans le centre de t\u00e9l\u00e9chargement\u00a0;<br \/>\n3) Fournir le service de newsletter conform\u00e9ment \u00e0 la demande des utilisateurs \u00e0 RUPES\u00a0;<br \/>\n4) Fournir le service de contact avec RUPES ou\/et ses distributeurs conform\u00e9ment \u00e0 la demande des utilisateurs\u00a0;<br \/>\n5) Se conformer aux lois, r\u00e9glementations ou l\u00e9gislation communautaire.<br \/>\n6) Fournir l&rsquo;extension de garantie conform\u00e9ment \u00e0 la demande des utilisateurs \u00e0 RUPES.<br \/>\n&nbsp;<\/p>\n<p><strong>5. BASES JURIDIQUES DU TRAITEMENT<\/strong><\/p>\n<p>Le traitement des donn\u00e9es personnelles effectu\u00e9 par RUPES en vue de poursuivre les finalit\u00e9s vis\u00e9es \u00e0 l&rsquo;art. 4 des pr\u00e9sentes informations repose sur les bases juridiques suivantes\u00a0:<\/p>\n<ul style=\"margin-left: 30px;\">\n<li>(Art. 6, 1, b) du RGPD)\u00a0: le traitement est n\u00e9cessaire \u00e0 l&rsquo;ex\u00e9cution d&rsquo;un contrat auquel la personne concern\u00e9e est partie ou \u00e0 l&rsquo;ex\u00e9cution de mesures pr\u00e9contractuelles prises \u00e0 la demande de la personne concern\u00e9e (par exemple pour le service de newsletter ou pour permettre l&rsquo;acc\u00e8s aux contenus r\u00e9serv\u00e9s aux utilisateurs inscrits sur le site Web, l&rsquo;utilisation s\u00fbre et correcte du site Web)\u00a0; ou<\/li>\n<li>(Art. 6, 1, c) du RGPD) : le traitement est n\u00e9cessaire au respect d&rsquo;une obligation l\u00e9gale \u00e0 laquelle le responsable du traitement est soumis (par exemple pour l&rsquo;ex\u00e9cution d&rsquo;obligations fiscales et fiscales telles que l&rsquo;\u00e9mission de factures, de documents douaniers, dans le cas o\u00f9 l&rsquo;utilisateur demande \u00e0 RUPES la fourniture de biens et\/ou de services n\u00e9cessitant de telles obligations l\u00e9gales) ; ou<\/li>\n<li>\u00a0(Art. 6, 1, f) du RGPD) : le traitement est n\u00e9cessaire aux fins d&rsquo;un int\u00e9r\u00eat l\u00e9gitime poursuivi par le responsable du traitement (par exemple si la personne concern\u00e9e divulgue ses propres donn\u00e9es &#8211; via le site Web du responsable du traitement, lors de salons ou d&rsquo;\u00e9v\u00e9nements sectoriels, par t\u00e9l\u00e9phone &#8211; le responsable du traitement a l&rsquo;int\u00e9r\u00eat l\u00e9gitime de maintenir le contact avec son propre client ou client potentiel afin de lui envoyer des communications de marketing direct, y compris des informations sur les produits, des offres sp\u00e9ciales, des invitations \u00e0 des \u00e9v\u00e9nements de formation, etc.). \u00c0 tout moment, la personne concern\u00e9e peut s&rsquo;opposer au traitement de ses donn\u00e9es personnelles effectu\u00e9 \u00e0 ces fins, en signalant son opposition \u00e0 l&rsquo;adresse e-mail info_rupes@rupes.it ; ou<\/li>\n<li>\u00a0(Art. 6, 1, a) du RGPD)\u00a0: la personne concern\u00e9e a donn\u00e9 son consentement au traitement de ses donn\u00e9es personnelles \u00e0 des fins de marketing direct ou indirect (\u00e0 l&rsquo;exclusion du traitement totalement automatis\u00e9 et du profilage \u00e0 des fins commerciales), etc. \u00c0 tout moment, la personne concern\u00e9e peut r\u00e9voquer son consentement et s&rsquo;opposer au traitement de ses donn\u00e9es personnelles \u00e0 ces fins, en signalant son opposition \u00e0 l&rsquo;adresse e-mail\u00a0: info_rupes@rupes.it<\/li>\n<\/ul>\n<p>&nbsp;<\/p>\n<p><strong>6. MODALIT\u00c9S DE TRAITEMENT<\/strong><br \/>\nLes donn\u00e9es personnelles sont trait\u00e9es avec des moyens automatis\u00e9s et non automatis\u00e9s pendant une dur\u00e9e n&rsquo;exc\u00e9dant pas celle n\u00e9cessaire \u00e0 la r\u00e9alisation des finalit\u00e9s pour lesquelles elles ont \u00e9t\u00e9 collect\u00e9es.<br \/>\nDes mesures de s\u00e9curit\u00e9 sp\u00e9cifiques sont mises en \u0153uvre pour emp\u00eacher la perte, l\u2019utilisation illicite et\/ou inappropri\u00e9e des donn\u00e9es et l\u2019acc\u00e8s non autoris\u00e9 \u00e0 ces derni\u00e8res.<br \/>\nIl est important de se rappeler que tout ce que la personne concern\u00e9e transmet ou divulgue en ligne peut \u00eatre collect\u00e9 et utilis\u00e9 par d\u2019autres ou intercept\u00e9 ill\u00e9galement par des tiers. Aucune transmission de donn\u00e9es sur Internet ne peut \u00eatre garantie \u00e0 100 % s\u00fbre. RUPES s\u2019engage \u00e0 utiliser des moyens commercialement raisonnables pour prot\u00e9ger les informations des personnes concern\u00e9es, mais ne peut garantir la s\u00e9curit\u00e9 des informations \u00e9chang\u00e9es.<br \/>\nLe centre de t\u00e9l\u00e9chargement RUPES est prot\u00e9g\u00e9 par un mot de passe. Il est interdit de divulguer le mot de passe \u00e0 quiconque. RUPES ne demandera \u00e0 aucun moment le mot de passe de l\u2019utilisateur enregistr\u00e9 par e-mail. Si l\u2019utilisateur re\u00e7oit une telle demande, veuillez en informer RUPES imm\u00e9diatement. L\u2019utilisateur enregistr\u00e9 est seul responsable du maintien de la confidentialit\u00e9 de ses informations d\u2019authentification.<\/p>\n<p><strong>\u00a07.<\/strong> <strong>DUR\u00c9E DU TRAITEMENT DES DONN\u00c9ES<\/strong><\/p>\n<p>Les donn\u00e9es personnelles de l&rsquo;utilisateur seront conserv\u00e9es pendant une dur\u00e9e strictement n\u00e9cessaire \u00e0 la poursuite des finalit\u00e9s de traitement sp\u00e9cifiques vis\u00e9es \u00e0 l&rsquo;article 4 et, en particulier\u00a0:<\/p>\n<ul style=\"margin-left: 30px;\">\n<li>Les donn\u00e9es personnelles seront trait\u00e9es pendant la p\u00e9riode n\u00e9cessaire \u00e0 l&rsquo;ex\u00e9cution des obligations pr\u00e9contractuelles et contractuelles de RUPES en vertu de la fourniture de biens et\/ou de services demand\u00e9s par l&rsquo;utilisateur (par exemple la newsletter, la fourniture de contenus r\u00e9serv\u00e9s aux utilisateurs enregistr\u00e9s, l&rsquo;enregistrement de l&rsquo;extension de garantie, etc.) et, en tout \u00e9tat de cause, pas au-del\u00e0 du d\u00e9lai fix\u00e9 par la loi italienne de prescription des droits (au titre de la responsabilit\u00e9 contractuelle et\/ou extracontractuelle) li\u00e9s \u00e0 la fourniture des biens et\/ou services susmentionn\u00e9s.<\/li>\n<li>En outre, les donn\u00e9es seront trait\u00e9es pendant la dur\u00e9e n\u00e9cessaire \u00e0 l&rsquo;ex\u00e9cution des obligations l\u00e9gales ou r\u00e9glementaires (par exemple l&rsquo;obligation de conserver les donn\u00e9es et les documents fiscaux), conform\u00e9ment \u00e0 ce qui est pr\u00e9vu par la loi et les r\u00e9glementations applicables de mani\u00e8re variable ces obligations du Responsable du traitement.<\/li>\n<li>Si le traitement des donn\u00e9es est effectu\u00e9 afin de poursuivre l\u2019int\u00e9r\u00eat l\u00e9gitime d\u2019un Responsable du traitement, ce traitement sera effectu\u00e9 jusqu\u2019\u00e0 ce que cet int\u00e9r\u00eat l\u00e9gitime existe ou jusqu\u2019\u00e0 la demande, de votre part, de ne plus autoriser le traitement de vos donn\u00e9es \u00e0 ces fins.<\/li>\n<li>Si le traitement des donn\u00e9es personnelles est effectu\u00e9 en vertu du consentement de l\u2019utilisateur, ce traitement sera effectu\u00e9 pendant une dur\u00e9e n\u00e9cessaire pour remplir le service d\u2019extension de garantie, avec la possibilit\u00e9 de reconfirmer l\u2019acceptation du traitement des donn\u00e9es apr\u00e8s chaque 5 \u00e0 compter du premier octroi du consentement de l\u2019utilisateur.<\/li>\n<\/ul>\n<p><strong>8. DROITS DES PERSONNES CONCERN\u00c9ES<\/strong><br \/>\nLes personnes dont les donn\u00e9es personnelles ont \u00e9t\u00e9 communiqu\u00e9es \u00e0 RUPES ont \u00e0 tout moment le droit :<\/p>\n<p><strong>a.<\/strong> de demander au Responsable du traitement d&rsquo;avoir acc\u00e8s \u00e0 ses propres donn\u00e9es personnelles (c&rsquo;est-\u00e0-dire de savoir si le Responsable du traitement traite ces donn\u00e9es), d&rsquo;obtenir leur rectification ou leur effacement, de limiter les finalit\u00e9s pour lesquelles ces donn\u00e9es sont trait\u00e9es ou de s&rsquo;opposer \u00e0 leur traitement, en plus du droit d&rsquo;obtenir leur portabilit\u00e9.<\/p>\n<p><strong>b.<\/strong> si le traitement est bas\u00e9 sur l&rsquo;article 6, paragraphe 1, lettre a) (consentement), ou sur l&rsquo;article 9, paragraphe 2, lettre a) du RGPD, de retirer son propre consentement \u00e0 tout moment sans compromettre la lic\u00e9it\u00e9 du traitement bas\u00e9 sur le consentement accord\u00e9 avant son retrait.<\/p>\n<p>Ces droits peuvent \u00eatre exerc\u00e9s par le biais d&rsquo;une demande de la personne concern\u00e9e \u00e0 envoyer \u00e0 l&rsquo;adresse \u00e9lectronique suivante : info_rupes@rupes.it<\/p>\n<p>En outre, la personne concern\u00e9e peut d\u00e9poser une plainte aupr\u00e8s d&rsquo;une autorit\u00e9 de contr\u00f4le, c&rsquo;est-\u00e0-dire le Garant (ITALIEN) pour la protection des donn\u00e9es, par courrier recommand\u00e9 avec accus\u00e9 de r\u00e9ception envoy\u00e9 au Garant (ITALIEN) pour la protection des donn\u00e9es, Piazza Monte Citorio, 121 00186 Rome ; ou par courrier \u00e9lectronique \u00e0 l&rsquo;adresse : garante@gpdp.it, ou protocollo@pec.gpdp.it ; ou par fax au num\u00e9ro : 06\/69677.3785<\/p>\n<p><strong>9. CARACT\u00c8RE VOLONTAIRE OU OBLIGATOIRE DU CONSENTEMENT<br \/>\nPour le traitement des donn\u00e9es visant \u00e0 ex\u00e9cuter des obligations contractuelles ou pr\u00e9contractuelles (par exemple, fourniture de services de newsletter, acc\u00e8s \u00e0 des contenus r\u00e9serv\u00e9s, enregistrement de prolongation de garantie, etc.) ainsi que pour remplir l&rsquo;obligation l\u00e9gale du Responsable, la fourniture des donn\u00e9es EST OBLIGATOIRE et l&rsquo;\u00e9ventuel refus de fournir ces donn\u00e9es peut entra\u00eener l&rsquo;inex\u00e9cution ou l&rsquo;ex\u00e9cution partielle des services de la part du Responsable, ces donn\u00e9es \u00e9tant fondamentales pour l&rsquo;ex\u00e9cution compl\u00e8te et correcte du service lui-m\u00eame et\/ou pour l&rsquo;ex\u00e9cution des obligations l\u00e9gales du Responsable.<\/p>\n<p>Pour le traitement des donn\u00e9es personnelles visant \u00e0 poursuivre l&rsquo;int\u00e9r\u00eat l\u00e9gitime du Responsable (par exemple dans le but de maintenir le contact avec ses propres clients au moyen de l&rsquo;envoi d&rsquo;offres, d&rsquo;invitations \u00e0 des \u00e9v\u00e9nements de formation, etc.) LE CONSENTEMENT N&rsquo;EST PAS N\u00c9CESSAIRE. Toutefois, l&rsquo;utilisateur peut s&rsquo;opposer \u00e0 tout moment au traitement de ses donn\u00e9es \u00e0 ces fins, en d\u00e9posant son opposition \u00e0 l&rsquo;adresse e-mail suivante : info_rupes@rupes.it<\/p>\n<p>Pour les traitements effectu\u00e9s \u00e0 des fins de marketing direct ou indirect et en l&rsquo;absence d&rsquo;int\u00e9r\u00eat l\u00e9gitime du Responsable, LE CONSENTEMENT EST VOLONTAIRE et peut \u00eatre retir\u00e9, \u00e0 tout moment, en envoyant une demande au Responsable \u00e0 l&rsquo;adresse e-mail suivante : info_rupes@rupes.it<\/p>\n<p>Vous \u00eates inform\u00e9 que le retrait du consentement ne compromet pas la lic\u00e9it\u00e9 du traitement bas\u00e9 sur le consentement accord\u00e9 avant le retrait.<\/p>\n","protected":false},"excerpt":{"rendered":"<p>LA POLITIQUE DE CONFIDENTIALIT\u00c9 DU SITE WEB D&rsquo;EXTENSION DE GARANTIE RUPES Cette page d\u00e9crit la gestion du site Web de RUPES S.p.A. a socio unico (\u00ab RUPES \u00bb) accessible \u00e0 <\/p>\n","protected":false},"author":1,"featured_media":0,"parent":0,"menu_order":0,"comment_status":"closed","ping_status":"closed","template":"","meta":{"_acf_changed":false,"footnotes":""},"class_list":["post-1001408961","page","type-page","status-publish","hentry"],"acf":{"addVideoSlider":false,"buttons":false,"scegliSlider":"default","video":"","full_page":false,"php_code":"","gallery":false,"btn_class":"red"},"_links":{"self":[{"href":"https:\/\/www.rupes.com\/fr\/wp-json\/wp\/v2\/pages\/1001408961","targetHints":{"allow":["GET"]}}],"collection":[{"href":"https:\/\/www.rupes.com\/fr\/wp-json\/wp\/v2\/pages"}],"about":[{"href":"https:\/\/www.rupes.com\/fr\/wp-json\/wp\/v2\/types\/page"}],"author":[{"embeddable":true,"href":"https:\/\/www.rupes.com\/fr\/wp-json\/wp\/v2\/users\/1"}],"replies":[{"embeddable":true,"href":"https:\/\/www.rupes.com\/fr\/wp-json\/wp\/v2\/comments?post=1001408961"}],"version-history":[{"count":2,"href":"https:\/\/www.rupes.com\/fr\/wp-json\/wp\/v2\/pages\/1001408961\/revisions"}],"predecessor-version":[{"id":1001408977,"href":"https:\/\/www.rupes.com\/fr\/wp-json\/wp\/v2\/pages\/1001408961\/revisions\/1001408977"}],"wp:attachment":[{"href":"https:\/\/www.rupes.com\/fr\/wp-json\/wp\/v2\/media?parent=1001408961"}],"curies":[{"name":"wp","href":"https:\/\/api.w.org\/{rel}","templated":true}]}}