{"id":1001402307,"date":"2022-10-17T12:27:50","date_gmt":"2022-10-17T10:27:50","guid":{"rendered":"https:\/\/www.rupes.com\/company-2\/"},"modified":"2023-01-10T11:15:24","modified_gmt":"2023-01-10T10:15:24","slug":"entreprise","status":"publish","type":"page","link":"https:\/\/www.rupes.com\/fr\/entreprise\/","title":{"rendered":"Entreprise"},"content":{"rendered":"<p>RUPES S.p.A. est une entreprise familiale fond\u00e9e \u00e0 Milan, en Italie, en 1947.<\/p>\n<p>Notre histoire est faite de r\u00e9alisations, de d\u00e9fis, d&rsquo;id\u00e9es et de succ\u00e8s internationaux. L&rsquo;engagement constant dans la recherche et le d\u00e9veloppement, visant \u00e0 am\u00e9liorer constamment les performances de chaque produit, est l&rsquo;un des aspects fondamentaux qui, au cours de nos 70 ans d&rsquo;histoire, ont contribu\u00e9 \u00e0 affirmer RUPES comme l&rsquo;une des principales marques \u00e0 succ\u00e8s dans le domaine des outils professionnels. L&rsquo;accent mis sur la conception et la fabrication de produits en totale conformit\u00e9 avec les r\u00e9glementations en mati\u00e8re de sant\u00e9 et de s\u00e9curit\u00e9, offrant un confort accru aux travailleurs et fournissant des solutions innovantes sont au c\u0153ur de chaque nouvelle id\u00e9e.<\/p>\n<p>Avec quatre sites de production et un r\u00e9seau de vente bien \u00e9tabli, RUPES est toujours proche des clients et leur fournit des produits qui anticipent et r\u00e9pondent rapidement aux besoins du march\u00e9. La marque a une couverture compl\u00e8te de tous les principaux march\u00e9s internationaux, apportant ses syst\u00e8mes dans le monde entier gr\u00e2ce \u00e0 un r\u00e9seau de distribution compos\u00e9 de deux succursales directes et de nombreux revendeurs agr\u00e9\u00e9s.<\/p>\n","protected":false},"excerpt":{"rendered":"<p>RUPES S.p.A. est une entreprise familiale fond\u00e9e \u00e0 Milan, en Italie, en 1947. Notre histoire est faite de r\u00e9alisations, de d\u00e9fis, d&rsquo;id\u00e9es et de succ\u00e8s internationaux. L&rsquo;engagement constant dans la <\/p>\n","protected":false},"author":1,"featured_media":0,"parent":0,"menu_order":0,"comment_status":"closed","ping_status":"closed","template":"","meta":{"_acf_changed":false,"footnotes":""},"class_list":["post-1001402307","page","type-page","status-publish","hentry"],"acf":{"scegliSlider":"default","video":"","gallery":false,"full_page":false,"php_code":"","addVideoSlider":false,"buttons":false},"_links":{"self":[{"href":"https:\/\/www.rupes.com\/fr\/wp-json\/wp\/v2\/pages\/1001402307","targetHints":{"allow":["GET"]}}],"collection":[{"href":"https:\/\/www.rupes.com\/fr\/wp-json\/wp\/v2\/pages"}],"about":[{"href":"https:\/\/www.rupes.com\/fr\/wp-json\/wp\/v2\/types\/page"}],"author":[{"embeddable":true,"href":"https:\/\/www.rupes.com\/fr\/wp-json\/wp\/v2\/users\/1"}],"replies":[{"embeddable":true,"href":"https:\/\/www.rupes.com\/fr\/wp-json\/wp\/v2\/comments?post=1001402307"}],"version-history":[{"count":3,"href":"https:\/\/www.rupes.com\/fr\/wp-json\/wp\/v2\/pages\/1001402307\/revisions"}],"predecessor-version":[{"id":1001402796,"href":"https:\/\/www.rupes.com\/fr\/wp-json\/wp\/v2\/pages\/1001402307\/revisions\/1001402796"}],"wp:attachment":[{"href":"https:\/\/www.rupes.com\/fr\/wp-json\/wp\/v2\/media?parent=1001402307"}],"curies":[{"name":"wp","href":"https:\/\/api.w.org\/{rel}","templated":true}]}}