{"id":1001386067,"date":"2019-05-29T10:34:36","date_gmt":"2019-05-29T08:34:36","guid":{"rendered":"https:\/\/www.rupes.com\/?page_id=1001386067"},"modified":"2019-05-29T10:58:37","modified_gmt":"2019-05-29T08:58:37","slug":"conception-3d","status":"publish","type":"page","link":"https:\/\/www.rupes.com\/fr\/systeme-daspiration\/conception-3d\/","title":{"rendered":"CONCEPTION 3D"},"content":{"rendered":"<h2><em>3D<\/em> DESIGN<\/h2>\n<p>RUPES met \u00e0 la disposition de ses clients son <strong>savoir-faire<\/strong> et sa <strong>grande exp\u00e9rience<\/strong> dans le secteur pour <strong>concevoir et mettre en \u0153uvre<\/strong> des solutions <strong>sur mesure<\/strong> r\u00e9pondant parfaitement \u00e0 leurs besoins et \u00e0 leurs exigences.  <\/p>\n<p>Gr\u00e2ce au support technique 3D, il est possible de dimensionner correctement le syst\u00e8me, en garantissant <strong>d\u2019excellentes performances<\/strong> d\u2019aspiration pour chaque poste de travail.   <\/p>\n<p>Les rendus 3D et les dessins techniques, d\u00e9velopp\u00e9s par les <strong>ing\u00e9nieurs sp\u00e9cialis\u00e9s<\/strong> dans le domaine, permettent de montrer en avant-premi\u00e8re au client final comment le projet sera r\u00e9alis\u00e9 dans le futur.<\/p>\n<p>&nbsp;<\/p>\n<p><img decoding=\"async\" class=\"aligncenter\" src=\"https:\/\/www.rupes.com\/wp-content\/uploads\/2019\/05\/project-150x150.png\" alt=\"\" width=\"100\" height=\"100\" \/><\/p>\n<hr \/>\n<p>&nbsp;<\/p>\n<h3 style=\"text-align: center;\">Automotive<\/h3>\n<p><img decoding=\"async\" class=\"aligncenter\" src=\"https:\/\/www.rupes.com\/wp-content\/uploads\/2019\/05\/ico_automotive-150x150.png\" alt=\"\" width=\"50\" height=\"50\" \/><\/p>\n<p><img fetchpriority=\"high\" decoding=\"async\" class=\"aligncenter size-full\" src=\"https:\/\/www.rupes.com\/wp-content\/uploads\/2019\/05\/rendering_automotive.jpg\" alt=\"\" width=\"1600\" height=\"776\" \/><\/p>\n<p>&nbsp;<\/p>\n<h3 style=\"text-align: center;\">Industry<\/h3>\n<p><img loading=\"lazy\" decoding=\"async\" class=\"aligncenter\" src=\"https:\/\/www.rupes.com\/wp-content\/uploads\/2019\/05\/ico_industry-150x150.png\" alt=\"\" width=\"50\" height=\"50\" \/><\/p>\n<p><img loading=\"lazy\" decoding=\"async\" class=\"aligncenter size-full\" src=\"https:\/\/www.rupes.com\/wp-content\/uploads\/2019\/05\/rendering_industry.jpg\" alt=\"\" width=\"1600\" height=\"776\" \/><\/p>\n<p>&nbsp;<\/p>\n<h3 style=\"text-align: center;\">Aerospace<\/h3>\n<p><img loading=\"lazy\" decoding=\"async\" class=\"aligncenter\" src=\"https:\/\/www.rupes.com\/wp-content\/uploads\/2019\/05\/ico_aerospace-150x150.png\" alt=\"\" width=\"52\" height=\"52\" \/><\/p>\n<p><img loading=\"lazy\" decoding=\"async\" class=\"aligncenter size-full\" src=\"https:\/\/www.rupes.com\/wp-content\/uploads\/2019\/05\/rendering_aerospece.jpg\" alt=\"\" width=\"1600\" height=\"776\" \/><\/p>\n<p>&nbsp;<\/p>\n<h3 style=\"text-align: center;\">Railway industry<\/h3>\n<p><img loading=\"lazy\" decoding=\"async\" class=\"aligncenter\" src=\"https:\/\/www.rupes.com\/wp-content\/uploads\/2019\/05\/ico_railways-150x150.png\" alt=\"\" width=\"50\" height=\"50\" \/><\/p>\n<p><img loading=\"lazy\" decoding=\"async\" class=\"aligncenter size-full\" src=\"https:\/\/www.rupes.com\/wp-content\/uploads\/2019\/05\/rendering_railways.jpg\" alt=\"\" width=\"1600\" height=\"776\" \/><\/p>\n<p>&nbsp;<\/p>\n<h3 style=\"text-align: center;\">Naval<\/h3>\n<p><img loading=\"lazy\" decoding=\"async\" class=\"aligncenter\" src=\"https:\/\/www.rupes.com\/wp-content\/uploads\/2019\/05\/ico_naval-150x150.png\" alt=\"\" width=\"50\" height=\"50\" \/><\/p>\n<p><img loading=\"lazy\" decoding=\"async\" class=\"aligncenter size-full\" src=\"https:\/\/www.rupes.com\/wp-content\/uploads\/2019\/05\/rendering_nautica.jpg\" alt=\"\" width=\"1600\" height=\"776\" \/><\/p>\n<p>&nbsp;<\/p>\n<h3 style=\"text-align: center;\">Carpentry<\/h3>\n<p><img loading=\"lazy\" decoding=\"async\" class=\"aligncenter\" src=\"https:\/\/www.rupes.com\/wp-content\/uploads\/2019\/05\/ico_wood-industry-150x150.png\" alt=\"\" width=\"50\" height=\"50\" \/><\/p>\n<p><img loading=\"lazy\" decoding=\"async\" class=\"aligncenter size-full\" src=\"https:\/\/www.rupes.com\/wp-content\/uploads\/2019\/05\/rendering_wood-industry.jpg\" alt=\"\" width=\"1600\" height=\"776\" \/><\/p>\n<p>&nbsp;<\/p>\n","protected":false},"excerpt":{"rendered":"<p>3D DESIGN RUPES met \u00e0 la disposition de ses clients son savoir-faire et sa grande exp\u00e9rience dans le secteur pour concevoir et mettre en \u0153uvre des solutions sur mesure r\u00e9pondant <\/p>\n","protected":false},"author":1,"featured_media":0,"parent":1001385987,"menu_order":0,"comment_status":"closed","ping_status":"closed","template":"page-dustextractionsystem.php","meta":{"_acf_changed":false,"footnotes":""},"class_list":["post-1001386067","page","type-page","status-publish","hentry"],"acf":{"scegliSlider":"default","addVideoSlider":false,"video":"","gallery":false,"full_page":false,"php_code":"","select_form":1001385778},"_links":{"self":[{"href":"https:\/\/www.rupes.com\/fr\/wp-json\/wp\/v2\/pages\/1001386067","targetHints":{"allow":["GET"]}}],"collection":[{"href":"https:\/\/www.rupes.com\/fr\/wp-json\/wp\/v2\/pages"}],"about":[{"href":"https:\/\/www.rupes.com\/fr\/wp-json\/wp\/v2\/types\/page"}],"author":[{"embeddable":true,"href":"https:\/\/www.rupes.com\/fr\/wp-json\/wp\/v2\/users\/1"}],"replies":[{"embeddable":true,"href":"https:\/\/www.rupes.com\/fr\/wp-json\/wp\/v2\/comments?post=1001386067"}],"version-history":[{"count":0,"href":"https:\/\/www.rupes.com\/fr\/wp-json\/wp\/v2\/pages\/1001386067\/revisions"}],"up":[{"embeddable":true,"href":"https:\/\/www.rupes.com\/fr\/wp-json\/wp\/v2\/pages\/1001385987"}],"wp:attachment":[{"href":"https:\/\/www.rupes.com\/fr\/wp-json\/wp\/v2\/media?parent=1001386067"}],"curies":[{"name":"wp","href":"https:\/\/api.w.org\/{rel}","templated":true}]}}