{"id":1001386058,"date":"2019-05-29T10:17:51","date_gmt":"2019-05-29T08:17:51","guid":{"rendered":"https:\/\/www.rupes.com\/?page_id=1001386058"},"modified":"2019-07-17T11:11:39","modified_gmt":"2019-07-17T09:11:39","slug":"technologie-intelligente","status":"publish","type":"page","link":"https:\/\/www.rupes.com\/fr\/systeme-daspiration\/technologie-intelligente\/","title":{"rendered":"TECHNOLOGIE INTELLIGENTE"},"content":{"rendered":"<h2><em>TECHNOLOGIE<\/em> INTELLIGENTE 4.0<\/h2>\n<p>&nbsp;<\/p>\n<p>Les nouvelles techniques de conception 4.0, avec des <strong>capteurs et des dispositifs intelligents<\/strong> interconnect\u00e9s et de dialogue pouvant \u00eatre g\u00e9r\u00e9s \u00e0 <strong>distance<\/strong>, ont permis le <strong>d\u00e9veloppement et la conception<\/strong> d\u2019un nouveau <strong>panneau de contr\u00f4le tactile<\/strong> de 15\u2019\u2019 pouces pour la gestion de l\u2019unit\u00e9 d\u2019aspiration.  <\/p>\n<p>Gr\u00e2ce \u00e0 cet appareil de <strong>derni\u00e8re g\u00e9n\u00e9ration<\/strong>, l\u2019unit\u00e9 d\u2019aspiration est <strong>surveill\u00e9e et contr\u00f4l\u00e9e<\/strong> en permanence \u00e0 <strong>distance<\/strong>, partout dans le monde, directement par nos <strong>ing\u00e9nieurs sp\u00e9cialis\u00e9s<\/strong> qui peuvent voir en <strong>temps r\u00e9el<\/strong> l\u2019\u00e9tat de fonctionnement de la machine, <strong>optimiser les performances d\u2019aspiration<\/strong> en fonction des besoins du client, <strong>planifier<\/strong> une <strong>maintenance planifi\u00e9e \u00e0 distance<\/strong> pour la <strong>pr\u00e9vention des dysfonctionnements<\/strong> et les r\u00e9soudre \u00e0 distance s\u2019ils se produisent. <\/p>\n<p><img decoding=\"async\" class=\" aligncenter\" src=\"http:\/\/rupes.local\/wp-content\/uploads\/2019\/05\/ico_innovazione.png\" alt=\"\" width=\"100\" height=\"100\" \/><\/p>\n<hr \/>\n<p>&nbsp;<\/p>\n<p style=\"text-align: center;\"><iframe src=\"https:\/\/www.youtube.com\/embed\/0yRFLwOGnow\" width=\"1200\" height=\"675\" frameborder=\"0\" allowfullscreen=\"allowfullscreen\"><\/iframe><\/p>\n","protected":false},"excerpt":{"rendered":"<p>TECHNOLOGIE INTELLIGENTE 4.0 &nbsp; Les nouvelles techniques de conception 4.0, avec des capteurs et des dispositifs intelligents interconnect\u00e9s et de dialogue pouvant \u00eatre g\u00e9r\u00e9s \u00e0 distance, ont permis le d\u00e9veloppement <\/p>\n","protected":false},"author":1,"featured_media":0,"parent":1001385987,"menu_order":0,"comment_status":"closed","ping_status":"closed","template":"page-dustextractionsystem.php","meta":{"_acf_changed":false,"footnotes":""},"class_list":["post-1001386058","page","type-page","status-publish","hentry"],"acf":{"scegliSlider":"default","addVideoSlider":false,"video":"","full_page":false,"php_code":"","select_form":1001385778,"gallery":false},"_links":{"self":[{"href":"https:\/\/www.rupes.com\/fr\/wp-json\/wp\/v2\/pages\/1001386058","targetHints":{"allow":["GET"]}}],"collection":[{"href":"https:\/\/www.rupes.com\/fr\/wp-json\/wp\/v2\/pages"}],"about":[{"href":"https:\/\/www.rupes.com\/fr\/wp-json\/wp\/v2\/types\/page"}],"author":[{"embeddable":true,"href":"https:\/\/www.rupes.com\/fr\/wp-json\/wp\/v2\/users\/1"}],"replies":[{"embeddable":true,"href":"https:\/\/www.rupes.com\/fr\/wp-json\/wp\/v2\/comments?post=1001386058"}],"version-history":[{"count":0,"href":"https:\/\/www.rupes.com\/fr\/wp-json\/wp\/v2\/pages\/1001386058\/revisions"}],"up":[{"embeddable":true,"href":"https:\/\/www.rupes.com\/fr\/wp-json\/wp\/v2\/pages\/1001385987"}],"wp:attachment":[{"href":"https:\/\/www.rupes.com\/fr\/wp-json\/wp\/v2\/media?parent=1001386058"}],"curies":[{"name":"wp","href":"https:\/\/api.w.org\/{rel}","templated":true}]}}