{"id":1001386048,"date":"2019-05-29T10:12:35","date_gmt":"2019-05-29T08:12:35","guid":{"rendered":"https:\/\/www.rupes.com\/?page_id=1001386048"},"modified":"2019-05-29T10:58:50","modified_gmt":"2019-05-29T08:58:50","slug":"securite-et-protection","status":"publish","type":"page","link":"https:\/\/www.rupes.com\/fr\/systeme-daspiration\/securite-et-protection\/","title":{"rendered":"S\u00c9CURIT\u00c9 ET PROTECTION"},"content":{"rendered":"<h2>S\u00c9CURIT\u00c9 ET <strong>PROTECTION<\/strong><\/h2>\n<p>&nbsp;<\/p>\n<p>Les micro-poussi\u00e8res g\u00e9n\u00e9r\u00e9es par les processus de polissage sont extr\u00eamement nocives si elles sont inhal\u00e9es par les travailleurs.  Le syst\u00e8me d\u2019aspiration centralis\u00e9e de poussi\u00e8re RUPES est le meilleur choix pour travailler de mani\u00e8re <strong>professionnelle et en toute s\u00e9curit\u00e9<\/strong>, en maintenant le lieu de travail propre et sain.<\/p>\n<p><img decoding=\"async\" class=\"aligncenter\" src=\"https:\/\/www.rupes.com\/wp-content\/uploads\/2019\/05\/ico_protezione-150x150.png\" alt=\"\" width=\"100\" height=\"100\" \/><\/p>\n<hr \/>\n<h3 style=\"text-align: center;\">SILENCE MAXIMUM<\/h3>\n<p style=\"text-align: center;\">L\u2019utilisation de mat\u00e9riaux <strong>insonorisants \u00e0 haute performance<\/strong> et de dispositifs permettant de <strong>r\u00e9duire l\u2019impact acoustique<\/strong> assurent un environnement de travail <strong>plus silencieux<\/strong>, synonyme de s\u00e9curit\u00e9 pour l\u2019op\u00e9rateur.<\/p>\n<p style=\"text-align: center;\"><img fetchpriority=\"high\" decoding=\"async\" class=\"aligncenter\" src=\"https:\/\/www.rupes.com\/wp-content\/uploads\/2019\/05\/sicurezza_img3-300x133.jpg\" alt=\"\" width=\"600\" height=\"265\" \/><br \/>\n<small>* les valeurs indiqu\u00e9es sont exprim\u00e9es en dB (A). Selon la norme EN 60704-3, au-del\u00e0 de ce seuil, l&rsquo;utilisation de syst\u00e8mes de protection de l&rsquo;ou\u00efe est obligatoire.<\/small><\/p>\n<h3><\/h3>\n<h3 style=\"text-align: center;\">DISPOSITIFS DE S\u00c9CURIT\u00c9 et PROTECTION<\/h3>\n<p style=\"text-align: center;\">\u00c0 l\u2019int\u00e9rieur de chaque unit\u00e9 d\u2019aspiration, on a des <strong>dispositifs de protection et de s\u00e9curit\u00e9<\/strong> qui surveillent en permanence la temp\u00e9rature\/le vide de fonctionnement <strong>afin de pr\u00e9venir les dysfonctionnements et les d\u00e9faillances<\/strong> du syst\u00e8me centralis\u00e9.  De cette mani\u00e8re, les <strong>co\u00fbts de maintenance<\/strong> de l\u2019unit\u00e9 d\u2019aspiration sont <strong>consid\u00e9rablement r\u00e9duits<\/strong>.<\/p>\n","protected":false},"excerpt":{"rendered":"<p>S\u00c9CURIT\u00c9 ET PROTECTION &nbsp; Les micro-poussi\u00e8res g\u00e9n\u00e9r\u00e9es par les processus de polissage sont extr\u00eamement nocives si elles sont inhal\u00e9es par les travailleurs. Le syst\u00e8me d\u2019aspiration centralis\u00e9e de poussi\u00e8re RUPES est <\/p>\n","protected":false},"author":1,"featured_media":0,"parent":1001385987,"menu_order":0,"comment_status":"closed","ping_status":"closed","template":"page-dustextractionsystem.php","meta":{"_acf_changed":false,"footnotes":""},"class_list":["post-1001386048","page","type-page","status-publish","hentry"],"acf":{"scegliSlider":"default","addVideoSlider":false,"video":"","gallery":false,"full_page":false,"php_code":"","select_form":1001385778},"_links":{"self":[{"href":"https:\/\/www.rupes.com\/fr\/wp-json\/wp\/v2\/pages\/1001386048","targetHints":{"allow":["GET"]}}],"collection":[{"href":"https:\/\/www.rupes.com\/fr\/wp-json\/wp\/v2\/pages"}],"about":[{"href":"https:\/\/www.rupes.com\/fr\/wp-json\/wp\/v2\/types\/page"}],"author":[{"embeddable":true,"href":"https:\/\/www.rupes.com\/fr\/wp-json\/wp\/v2\/users\/1"}],"replies":[{"embeddable":true,"href":"https:\/\/www.rupes.com\/fr\/wp-json\/wp\/v2\/comments?post=1001386048"}],"version-history":[{"count":0,"href":"https:\/\/www.rupes.com\/fr\/wp-json\/wp\/v2\/pages\/1001386048\/revisions"}],"up":[{"embeddable":true,"href":"https:\/\/www.rupes.com\/fr\/wp-json\/wp\/v2\/pages\/1001385987"}],"wp:attachment":[{"href":"https:\/\/www.rupes.com\/fr\/wp-json\/wp\/v2\/media?parent=1001386048"}],"curies":[{"name":"wp","href":"https:\/\/api.w.org\/{rel}","templated":true}]}}