{"id":1001386039,"date":"2019-05-29T09:44:44","date_gmt":"2019-05-29T07:44:44","guid":{"rendered":"https:\/\/www.rupes.com\/?page_id=1001386039"},"modified":"2019-05-29T10:58:55","modified_gmt":"2019-05-29T08:58:55","slug":"reduction-des-couts","status":"publish","type":"page","link":"https:\/\/www.rupes.com\/fr\/systeme-daspiration\/reduction-des-couts\/","title":{"rendered":"R\u00c9DUCTION DES CO\u00dbTS"},"content":{"rendered":"<h2>R\u00c9DUCTION DES <em>CO\u00dbTS<\/em><\/h2>\n<p>Le syst\u00e8me d\u2019aspiration centralis\u00e9e de poussi\u00e8re RUPES <strong>simplifie<\/strong> et <strong>acc\u00e9l\u00e8re<\/strong> le <strong>travail professionnel<\/strong> tout en <strong>r\u00e9duisant consid\u00e9rablement les co\u00fbts<\/strong> et le <strong>temps<\/strong> n\u00e9cessaires au cycle de production.  Gr\u00e2ce \u00e0 l\u2019utilisation du syst\u00e8me d\u2019aspiration centralis\u00e9e de poussi\u00e8re RUPES, on obtient une <strong>organisation<\/strong> du travail <strong>pratique et fonctionnelle<\/strong> dans de multiples applications industrielles.<\/p>\n<p><img decoding=\"async\" class=\"aligncenter\" src=\"https:\/\/www.rupes.com\/wp-content\/uploads\/2019\/05\/ico_risparmio-150x150.png\" alt=\"\" width=\"100\" height=\"100\" \/><\/p>\n<hr \/>\n<table style=\"border-spacing: 30px;\">\n<tbody>\n<tr>\n<td width=\"25%\"><img fetchpriority=\"high\" decoding=\"async\" class=\"aligncenter\" src=\"https:\/\/www.rupes.com\/wp-content\/uploads\/2019\/05\/foto3.jpg\" alt=\"\" width=\"500\" height=\"335\" \/><\/td>\n<td>\n<h3>\u00a0<strong>R\u00c9DUCTION DE LA MAINTENANCE DES OUTILS ET AUGMENTATION DE LEUR DUR\u00c9E<\/strong><\/h3>\n<p>Un outil connect\u00e9 \u00e0 un syst\u00e8me d\u2019aspiration centralis\u00e9e de poussi\u00e8re a une <strong>plus grande fiabilit\u00e9<\/strong> et <strong>dur\u00e9e de vie utile<\/strong> car la poussi\u00e8re g\u00e9n\u00e9r\u00e9e pendant le processus de pon\u00e7age est aspir\u00e9e imm\u00e9diatement, laissant ainsi l\u2019outil et ses pi\u00e8ces m\u00e9caniques parfaitement propres.<\/td>\n<\/tr>\n<\/tbody>\n<\/table>\n<table style=\"border-spacing: 30px;\">\n<tbody>\n<tr>\n<td>\n<h3><strong>R\u00c9DUCTION DE LA CONSOMMATION DES ABRASIFS<\/strong><\/h3>\n<p>Des \u00e9tudes techniques ont montr\u00e9 qu\u2019un outil connect\u00e9 \u00e0 un syst\u00e8me d\u2019aspiration centralis\u00e9e de poussi\u00e8re <strong>consommait environ 30% d\u2019abrasifs en moins<\/strong> qu\u2019un outil non connect\u00e9 \u00e0 un syst\u00e8me.  Un syst\u00e8me d\u2019aspiration centralis\u00e9e de poussi\u00e8re <strong>r\u00e9duit<\/strong> donc <strong>les co\u00fbts de production<\/strong> en utilisant moins de consommables.<\/td>\n<td width=\"25%\"><img decoding=\"async\" class=\"aligncenter\" src=\"https:\/\/www.rupes.com\/wp-content\/uploads\/2019\/05\/MP330-2.jpg\" alt=\"\" width=\"500\" height=\"336\" \/><\/td>\n<\/tr>\n<\/tbody>\n<\/table>\n","protected":false},"excerpt":{"rendered":"<p>R\u00c9DUCTION DES CO\u00dbTS Le syst\u00e8me d\u2019aspiration centralis\u00e9e de poussi\u00e8re RUPES simplifie et acc\u00e9l\u00e8re le travail professionnel tout en r\u00e9duisant consid\u00e9rablement les co\u00fbts et le temps n\u00e9cessaires au cycle de production. <\/p>\n","protected":false},"author":1,"featured_media":0,"parent":1001385987,"menu_order":0,"comment_status":"closed","ping_status":"closed","template":"page-dustextractionsystem.php","meta":{"_acf_changed":false,"footnotes":""},"class_list":["post-1001386039","page","type-page","status-publish","hentry"],"acf":{"scegliSlider":"default","addVideoSlider":false,"video":"","gallery":false,"full_page":false,"php_code":"","select_form":1001385778},"_links":{"self":[{"href":"https:\/\/www.rupes.com\/fr\/wp-json\/wp\/v2\/pages\/1001386039","targetHints":{"allow":["GET"]}}],"collection":[{"href":"https:\/\/www.rupes.com\/fr\/wp-json\/wp\/v2\/pages"}],"about":[{"href":"https:\/\/www.rupes.com\/fr\/wp-json\/wp\/v2\/types\/page"}],"author":[{"embeddable":true,"href":"https:\/\/www.rupes.com\/fr\/wp-json\/wp\/v2\/users\/1"}],"replies":[{"embeddable":true,"href":"https:\/\/www.rupes.com\/fr\/wp-json\/wp\/v2\/comments?post=1001386039"}],"version-history":[{"count":0,"href":"https:\/\/www.rupes.com\/fr\/wp-json\/wp\/v2\/pages\/1001386039\/revisions"}],"up":[{"embeddable":true,"href":"https:\/\/www.rupes.com\/fr\/wp-json\/wp\/v2\/pages\/1001385987"}],"wp:attachment":[{"href":"https:\/\/www.rupes.com\/fr\/wp-json\/wp\/v2\/media?parent=1001386039"}],"curies":[{"name":"wp","href":"https:\/\/api.w.org\/{rel}","templated":true}]}}